{"id":6746,"date":"2026-03-25T22:45:04","date_gmt":"2026-03-25T22:45:04","guid":{"rendered":"https:\/\/tecplan.com.es\/product\/conector-macho-sma-en-angulo\/"},"modified":"2026-03-30T20:04:54","modified_gmt":"2026-03-30T20:04:54","slug":"conector-macho-sma-en-angulo","status":"publish","type":"product","link":"https:\/\/tecplan.com.es\/en\/product\/conector-macho-sma-en-angulo\/","title":{"rendered":"Conector macho SMA en \u00e1ngulo"},"content":{"rendered":"<p style=\"text-align: justify;\">Conector SMA macho de crimpado en \u00e1ngulo recto para cable RG316.<\/p>\n<p style=\"text-align: justify;\">El conector coaxial SMA macho recto tiene una interfaz tipo RG316 y una impedancia de 50 ohmios. El conector utiliza blindaje, crimpado y soldadura de contactos como m\u00e9todo de conexi\u00f3n.<\/p>\n<ul>\n<li style=\"text-align: justify;\">Frecuencia: Generalmente efectivos para frecuencias de hasta 18 GHz, aunque algunas variantes pueden llegar m\u00e1s alto.<\/li>\n<li style=\"text-align: justify;\">Dise\u00f1o: Cuenta con un mecanismo de acoplamiento roscado para una conexi\u00f3n segura y estable.<\/li>\n<li style=\"text-align: justify;\">Componentes: La imagen muestra el conector principal y una f\u00e9rula de engaste (crimp) para fijarlo al cable coaxial.<\/li>\n<\/ul>\n<p><strong style=\"font-size: 19.2px; text-align: justify;\">DOWNLOADS<\/strong><\/p>\n<div class=\"mod_cont\">\n<ul>\n<li style=\"list-style-type: none;\">\n<ul style=\"text-align: justify;\">\n<li><a href=\"https:\/\/drive.google.com\/file\/d\/1cQfdDXVXuaCM89eJHz87alu_kmQVd5gG\/view?usp=sharing\">\u2192 Technical specifications<\/a><\/li>\n<\/ul>\n<\/li>\n<\/ul>\n<\/div>\n<p>&nbsp;<\/p>","protected":false},"excerpt":{"rendered":"<p style=\"text-align: justify;\"><strong>Conector macho SMA en \u00e1ngulo recto para cable RG316<\/strong><\/p>\n<p style=\"text-align: justify;\">Conector de RF coaxial SMA (SubMiniature version A) en \u00e1ngulo recto.<br \/>\nAplicaciones: Se utiliza com\u00fanmente en sistemas de microondas, antenas de telefon\u00eda m\u00f3vil, dispositivos Wi-Fi y equipos de prueba de radiofrecuencia.<\/p>\n<p><img decoding=\"async\" class=\"wp-image-1038 aligncenter\" src=\"https:\/\/tecplan.com.es\/wp-content\/uploads\/2025\/05\/summit-300x138.webp\" alt=\"\" width=\"197\" height=\"106\" \/><\/p>","protected":false},"featured_media":6688,"comment_status":"open","ping_status":"closed","template":"","meta":{"site-sidebar-layout":"default","site-content-layout":"","ast-site-content-layout":"default","site-content-style":"default","site-sidebar-style":"default","ast-global-header-display":"","ast-banner-title-visibility":"","ast-main-header-display":"","ast-hfb-above-header-display":"","ast-hfb-below-header-display":"","ast-hfb-mobile-header-display":"","site-post-title":"","ast-breadcrumbs-content":"","ast-featured-img":"","footer-sml-layout":"","ast-disable-related-posts":"","theme-transparent-header-meta":"default","adv-header-id-meta":"","stick-header-meta":"","header-above-stick-meta":"","header-main-stick-meta":"","header-below-stick-meta":"","astra-migrate-meta-layouts":"set","ast-page-background-enabled":"default","ast-page-background-meta":{"desktop":{"background-color":"var(--ast-global-color-5)","background-image":"","background-repeat":"repeat","background-position":"center center","background-size":"auto","background-attachment":"scroll","background-type":"","background-media":"","overlay-type":"","overlay-color":"","overlay-opacity":"","overlay-gradient":""},"tablet":{"background-color":"","background-image":"","background-repeat":"repeat","background-position":"center center","background-size":"auto","background-attachment":"scroll","background-type":"","background-media":"","overlay-type":"","overlay-color":"","overlay-opacity":"","overlay-gradient":""},"mobile":{"background-color":"","background-image":"","background-repeat":"repeat","background-position":"center center","background-size":"auto","background-attachment":"scroll","background-type":"","background-media":"","overlay-type":"","overlay-color":"","overlay-opacity":"","overlay-gradient":""}},"ast-content-background-meta":{"desktop":{"background-color":"var(--ast-global-color-4)","background-image":"","background-repeat":"repeat","background-position":"center center","background-size":"auto","background-attachment":"scroll","background-type":"","background-media":"","overlay-type":"","overlay-color":"","overlay-opacity":"","overlay-gradient":""},"tablet":{"background-color":"var(--ast-global-color-4)","background-image":"","background-repeat":"repeat","background-position":"center center","background-size":"auto","background-attachment":"scroll","background-type":"","background-media":"","overlay-type":"","overlay-color":"","overlay-opacity":"","overlay-gradient":""},"mobile":{"background-color":"var(--ast-global-color-4)","background-image":"","background-repeat":"repeat","background-position":"center center","background-size":"auto","background-attachment":"scroll","background-type":"","background-media":"","overlay-type":"","overlay-color":"","overlay-opacity":"","overlay-gradient":""}}},"product_brand":[234],"product_cat":[82,88,62,93,96,59,86,256,60,90],"product_tag":[207],"class_list":{"0":"post-6746","1":"product","2":"type-product","3":"status-publish","4":"has-post-thumbnail","6":"product_brand-summit","7":"product_cat-cobertura-celular","8":"product_cat-conectores-rfs","9":"product_cat-conectores","10":"product_cat-conectores-summit","11":"product_cat-networking","12":"product_cat-radio-comunicacion","13":"product_cat-rfs","14":"product_cat-summit-networking","15":"product_cat-summit","16":"product_cat-summit-cobertura-celular","17":"product_tag-summit","18":"desktop-align-left","19":"tablet-align-left","20":"mobile-align-left","22":"first","23":"instock","24":"shipping-taxable","25":"product-type-simple"},"yoast_head":"<!-- This site is optimized with the Yoast SEO plugin v25.3 - https:\/\/yoast.com\/wordpress\/plugins\/seo\/ -->\n<title>Conector macho SMA en \u00e1ngulo - Tecplan<\/title>\n<meta name=\"robots\" content=\"index, follow, max-snippet:-1, max-image-preview:large, max-video-preview:-1\" \/>\n<link rel=\"canonical\" href=\"https:\/\/tecplan.com.es\/en\/product\/conector-macho-sma-en-angulo\/\" \/>\n<meta property=\"og:locale\" content=\"en_US\" \/>\n<meta property=\"og:type\" content=\"article\" \/>\n<meta property=\"og:title\" content=\"Conector macho SMA en \u00e1ngulo - Tecplan\" \/>\n<meta property=\"og:description\" content=\"Conector macho SMA en \u00e1ngulo recto para cable RG316 Conector de RF coaxial SMA (SubMiniature version A) en \u00e1ngulo recto. Aplicaciones: Se utiliza com\u00fanmente en sistemas de microondas, antenas de telefon\u00eda m\u00f3vil, dispositivos Wi-Fi y equipos de prueba de radiofrecuencia.\" \/>\n<meta property=\"og:url\" content=\"https:\/\/tecplan.com.es\/en\/product\/conector-macho-sma-en-angulo\/\" \/>\n<meta property=\"og:site_name\" content=\"Tecplan\" \/>\n<meta property=\"article:modified_time\" content=\"2026-03-30T20:04:54+00:00\" \/>\n<meta property=\"og:image\" content=\"https:\/\/tecplan.com.es\/wp-content\/uploads\/2026\/03\/Conector-macho-SMA_1.jpg\" \/>\n\t<meta property=\"og:image:width\" content=\"1250\" \/>\n\t<meta property=\"og:image:height\" content=\"1250\" \/>\n\t<meta property=\"og:image:type\" content=\"image\/jpeg\" \/>\n<meta name=\"twitter:card\" content=\"summary_large_image\" \/>\n<meta name=\"twitter:label1\" content=\"Est. reading time\" \/>\n\t<meta name=\"twitter:data1\" content=\"1 minute\" \/>\n<script type=\"application\/ld+json\" class=\"yoast-schema-graph\">{\"@context\":\"https:\/\/schema.org\",\"@graph\":[{\"@type\":\"WebPage\",\"@id\":\"https:\/\/tecplan.com.es\/product\/conector-macho-sma-en-angulo\/\",\"url\":\"https:\/\/tecplan.com.es\/product\/conector-macho-sma-en-angulo\/\",\"name\":\"Conector macho SMA en \u00e1ngulo - Tecplan\",\"isPartOf\":{\"@id\":\"https:\/\/tecplan.com.es\/#website\"},\"primaryImageOfPage\":{\"@id\":\"https:\/\/tecplan.com.es\/product\/conector-macho-sma-en-angulo\/#primaryimage\"},\"image\":{\"@id\":\"https:\/\/tecplan.com.es\/product\/conector-macho-sma-en-angulo\/#primaryimage\"},\"thumbnailUrl\":\"https:\/\/tecplan.com.es\/wp-content\/uploads\/2026\/03\/Conector-macho-SMA_1.jpg\",\"datePublished\":\"2026-03-25T22:45:04+00:00\",\"dateModified\":\"2026-03-30T20:04:54+00:00\",\"breadcrumb\":{\"@id\":\"https:\/\/tecplan.com.es\/product\/conector-macho-sma-en-angulo\/#breadcrumb\"},\"inLanguage\":\"en-US\",\"potentialAction\":[{\"@type\":\"ReadAction\",\"target\":[\"https:\/\/tecplan.com.es\/product\/conector-macho-sma-en-angulo\/\"]}]},{\"@type\":\"ImageObject\",\"inLanguage\":\"en-US\",\"@id\":\"https:\/\/tecplan.com.es\/product\/conector-macho-sma-en-angulo\/#primaryimage\",\"url\":\"https:\/\/tecplan.com.es\/wp-content\/uploads\/2026\/03\/Conector-macho-SMA_1.jpg\",\"contentUrl\":\"https:\/\/tecplan.com.es\/wp-content\/uploads\/2026\/03\/Conector-macho-SMA_1.jpg\",\"width\":1250,\"height\":1250},{\"@type\":\"BreadcrumbList\",\"@id\":\"https:\/\/tecplan.com.es\/product\/conector-macho-sma-en-angulo\/#breadcrumb\",\"itemListElement\":[{\"@type\":\"ListItem\",\"position\":1,\"name\":\"Home\",\"item\":\"https:\/\/tecplan.com.es\/\"},{\"@type\":\"ListItem\",\"position\":2,\"name\":\"Shop\",\"item\":\"https:\/\/tecplan.com.es\/shop\/\"},{\"@type\":\"ListItem\",\"position\":3,\"name\":\"Conector macho SMA en \u00e1ngulo\"}]},{\"@type\":\"WebSite\",\"@id\":\"https:\/\/tecplan.com.es\/#website\",\"url\":\"https:\/\/tecplan.com.es\/\",\"name\":\"Tecplan\",\"description\":\"\",\"potentialAction\":[{\"@type\":\"SearchAction\",\"target\":{\"@type\":\"EntryPoint\",\"urlTemplate\":\"https:\/\/tecplan.com.es\/?s={search_term_string}\"},\"query-input\":{\"@type\":\"PropertyValueSpecification\",\"valueRequired\":true,\"valueName\":\"search_term_string\"}}],\"inLanguage\":\"en-US\"}]}<\/script>\n<!-- \/ Yoast SEO plugin. -->","yoast_head_json":{"title":"Conector macho SMA en \u00e1ngulo - Tecplan","robots":{"index":"index","follow":"follow","max-snippet":"max-snippet:-1","max-image-preview":"max-image-preview:large","max-video-preview":"max-video-preview:-1"},"canonical":"https:\/\/tecplan.com.es\/en\/product\/conector-macho-sma-en-angulo\/","og_locale":"en_US","og_type":"article","og_title":"Conector macho SMA en \u00e1ngulo - Tecplan","og_description":"Conector macho SMA en \u00e1ngulo recto para cable RG316 Conector de RF coaxial SMA (SubMiniature version A) en \u00e1ngulo recto. Aplicaciones: Se utiliza com\u00fanmente en sistemas de microondas, antenas de telefon\u00eda m\u00f3vil, dispositivos Wi-Fi y equipos de prueba de radiofrecuencia.","og_url":"https:\/\/tecplan.com.es\/en\/product\/conector-macho-sma-en-angulo\/","og_site_name":"Tecplan","article_modified_time":"2026-03-30T20:04:54+00:00","og_image":[{"width":1250,"height":1250,"url":"https:\/\/tecplan.com.es\/wp-content\/uploads\/2026\/03\/Conector-macho-SMA_1.jpg","type":"image\/jpeg"}],"twitter_card":"summary_large_image","twitter_misc":{"Est. reading time":"1 minute"},"schema":{"@context":"https:\/\/schema.org","@graph":[{"@type":"WebPage","@id":"https:\/\/tecplan.com.es\/product\/conector-macho-sma-en-angulo\/","url":"https:\/\/tecplan.com.es\/product\/conector-macho-sma-en-angulo\/","name":"Conector macho SMA en \u00e1ngulo - Tecplan","isPartOf":{"@id":"https:\/\/tecplan.com.es\/#website"},"primaryImageOfPage":{"@id":"https:\/\/tecplan.com.es\/product\/conector-macho-sma-en-angulo\/#primaryimage"},"image":{"@id":"https:\/\/tecplan.com.es\/product\/conector-macho-sma-en-angulo\/#primaryimage"},"thumbnailUrl":"https:\/\/tecplan.com.es\/wp-content\/uploads\/2026\/03\/Conector-macho-SMA_1.jpg","datePublished":"2026-03-25T22:45:04+00:00","dateModified":"2026-03-30T20:04:54+00:00","breadcrumb":{"@id":"https:\/\/tecplan.com.es\/product\/conector-macho-sma-en-angulo\/#breadcrumb"},"inLanguage":"en-US","potentialAction":[{"@type":"ReadAction","target":["https:\/\/tecplan.com.es\/product\/conector-macho-sma-en-angulo\/"]}]},{"@type":"ImageObject","inLanguage":"en-US","@id":"https:\/\/tecplan.com.es\/product\/conector-macho-sma-en-angulo\/#primaryimage","url":"https:\/\/tecplan.com.es\/wp-content\/uploads\/2026\/03\/Conector-macho-SMA_1.jpg","contentUrl":"https:\/\/tecplan.com.es\/wp-content\/uploads\/2026\/03\/Conector-macho-SMA_1.jpg","width":1250,"height":1250},{"@type":"BreadcrumbList","@id":"https:\/\/tecplan.com.es\/product\/conector-macho-sma-en-angulo\/#breadcrumb","itemListElement":[{"@type":"ListItem","position":1,"name":"Home","item":"https:\/\/tecplan.com.es\/"},{"@type":"ListItem","position":2,"name":"Shop","item":"https:\/\/tecplan.com.es\/shop\/"},{"@type":"ListItem","position":3,"name":"Conector macho SMA en \u00e1ngulo"}]},{"@type":"WebSite","@id":"https:\/\/tecplan.com.es\/#website","url":"https:\/\/tecplan.com.es\/","name":"Tecplan","description":"","potentialAction":[{"@type":"SearchAction","target":{"@type":"EntryPoint","urlTemplate":"https:\/\/tecplan.com.es\/?s={search_term_string}"},"query-input":{"@type":"PropertyValueSpecification","valueRequired":true,"valueName":"search_term_string"}}],"inLanguage":"en-US"}]}},"_links":{"self":[{"href":"https:\/\/tecplan.com.es\/en\/wp-json\/wp\/v2\/product\/6746","targetHints":{"allow":["GET"]}}],"collection":[{"href":"https:\/\/tecplan.com.es\/en\/wp-json\/wp\/v2\/product"}],"about":[{"href":"https:\/\/tecplan.com.es\/en\/wp-json\/wp\/v2\/types\/product"}],"replies":[{"embeddable":true,"href":"https:\/\/tecplan.com.es\/en\/wp-json\/wp\/v2\/comments?post=6746"}],"version-history":[{"count":3,"href":"https:\/\/tecplan.com.es\/en\/wp-json\/wp\/v2\/product\/6746\/revisions"}],"predecessor-version":[{"id":6894,"href":"https:\/\/tecplan.com.es\/en\/wp-json\/wp\/v2\/product\/6746\/revisions\/6894"}],"wp:featuredmedia":[{"embeddable":true,"href":"https:\/\/tecplan.com.es\/en\/wp-json\/wp\/v2\/media\/6688"}],"wp:attachment":[{"href":"https:\/\/tecplan.com.es\/en\/wp-json\/wp\/v2\/media?parent=6746"}],"wp:term":[{"taxonomy":"product_brand","embeddable":true,"href":"https:\/\/tecplan.com.es\/en\/wp-json\/wp\/v2\/product_brand?post=6746"},{"taxonomy":"product_cat","embeddable":true,"href":"https:\/\/tecplan.com.es\/en\/wp-json\/wp\/v2\/product_cat?post=6746"},{"taxonomy":"product_tag","embeddable":true,"href":"https:\/\/tecplan.com.es\/en\/wp-json\/wp\/v2\/product_tag?post=6746"}],"curies":[{"name":"wp","href":"https:\/\/api.w.org\/{rel}","templated":true}]}}