{"id":6374,"date":"2026-03-13T22:33:13","date_gmt":"2026-03-13T22:33:13","guid":{"rendered":"https:\/\/tecplan.com.es\/product\/protector-hembra-n-a-hembra-n\/"},"modified":"2026-03-27T20:57:24","modified_gmt":"2026-03-27T20:57:24","slug":"protector-hembra-n-a-hembra-n","status":"publish","type":"product","link":"https:\/\/tecplan.com.es\/en\/product\/protector-hembra-n-a-hembra-n\/","title":{"rendered":"Protector hembra N a hembra N"},"content":{"rendered":"<p style=\"text-align: justify;\">Los adaptadores de mamparo N hembra a N hembra est\u00e1n dise\u00f1ados para montarse a trav\u00e9s de una superficie y proporcionar una penetraci\u00f3n impermeable o alivio de tensi\u00f3n al interconectar dispositivos. Son ideales para montaje en paneles, carcasas o con placas de pared.<\/p>\n<ul>\n<li style=\"text-align: justify;\">Compatibilidad: Funciona en frecuencias de hasta 3 GHz y tiene una impedancia de 50 Ohm.<\/li>\n<li style=\"text-align: justify;\">Conectores: Cuenta con conectores tipo N (macho a hembra).<\/li>\n<li style=\"text-align: justify;\">Especificaciones: Incluye un tubo de gas de 90V para el manejo de sobretensiones.<\/li>\n<\/ul>\n<p><strong style=\"font-size: 19.2px; text-align: justify;\">DOWNLOADS<\/strong><\/p>\n<div class=\"mod_cont\">\n<ul>\n<li style=\"list-style-type: none;\">\n<ul style=\"text-align: justify;\">\n<li><a href=\"https:\/\/drive.google.com\/file\/d\/1WmV7FdZ6QMGosAMHJD1z_JJHbcwsktgE\/view?usp=sharing\">\u2192 Technical specifications\u00a0<\/a><\/li>\n<\/ul>\n<\/li>\n<\/ul>\n<\/div>","protected":false},"excerpt":{"rendered":"<p style=\"text-align: justify;\"><strong>Protector contra sobretensiones de mamparo hembra N a hembra N<\/strong><\/p>\n<p style=\"text-align: justify;\">Este dispositivo es un protector contra sobretensiones coaxial para rayos.<br \/>\nFunci\u00f3n: Protege equipos electr\u00f3nicos de picos de voltaje causados por rayos o problemas el\u00e9ctricos, derivando la energ\u00eda a tierra.<\/p>\n<p><img decoding=\"async\" class=\"wp-image-1038 aligncenter\" src=\"https:\/\/tecplan.com.es\/wp-content\/uploads\/2025\/05\/summit-300x138.webp\" alt=\"\" width=\"224\" height=\"109\" \/><\/p>","protected":false},"featured_media":6327,"comment_status":"open","ping_status":"closed","template":"","meta":{"site-sidebar-layout":"default","site-content-layout":"","ast-site-content-layout":"default","site-content-style":"default","site-sidebar-style":"default","ast-global-header-display":"","ast-banner-title-visibility":"","ast-main-header-display":"","ast-hfb-above-header-display":"","ast-hfb-below-header-display":"","ast-hfb-mobile-header-display":"","site-post-title":"","ast-breadcrumbs-content":"","ast-featured-img":"","footer-sml-layout":"","ast-disable-related-posts":"","theme-transparent-header-meta":"default","adv-header-id-meta":"","stick-header-meta":"","header-above-stick-meta":"","header-main-stick-meta":"","header-below-stick-meta":"","astra-migrate-meta-layouts":"set","ast-page-background-enabled":"default","ast-page-background-meta":{"desktop":{"background-color":"var(--ast-global-color-5)","background-image":"","background-repeat":"repeat","background-position":"center center","background-size":"auto","background-attachment":"scroll","background-type":"","background-media":"","overlay-type":"","overlay-color":"","overlay-opacity":"","overlay-gradient":""},"tablet":{"background-color":"","background-image":"","background-repeat":"repeat","background-position":"center center","background-size":"auto","background-attachment":"scroll","background-type":"","background-media":"","overlay-type":"","overlay-color":"","overlay-opacity":"","overlay-gradient":""},"mobile":{"background-color":"","background-image":"","background-repeat":"repeat","background-position":"center center","background-size":"auto","background-attachment":"scroll","background-type":"","background-media":"","overlay-type":"","overlay-color":"","overlay-opacity":"","overlay-gradient":""}},"ast-content-background-meta":{"desktop":{"background-color":"var(--ast-global-color-4)","background-image":"","background-repeat":"repeat","background-position":"center center","background-size":"auto","background-attachment":"scroll","background-type":"","background-media":"","overlay-type":"","overlay-color":"","overlay-opacity":"","overlay-gradient":""},"tablet":{"background-color":"var(--ast-global-color-4)","background-image":"","background-repeat":"repeat","background-position":"center center","background-size":"auto","background-attachment":"scroll","background-type":"","background-media":"","overlay-type":"","overlay-color":"","overlay-opacity":"","overlay-gradient":""},"mobile":{"background-color":"var(--ast-global-color-4)","background-image":"","background-repeat":"repeat","background-position":"center center","background-size":"auto","background-attachment":"scroll","background-type":"","background-media":"","overlay-type":"","overlay-color":"","overlay-opacity":"","overlay-gradient":""}}},"product_brand":[234],"product_cat":[63,82,93,96,59,60,256,90],"product_tag":[207],"class_list":{"0":"post-6374","1":"product","2":"type-product","3":"status-publish","4":"has-post-thumbnail","6":"product_brand-summit","7":"product_cat-cable-coaxial","8":"product_cat-cobertura-celular","9":"product_cat-conectores-summit","10":"product_cat-networking","11":"product_cat-radio-comunicacion","12":"product_cat-summit","13":"product_cat-summit-networking","14":"product_cat-summit-cobertura-celular","15":"product_tag-summit","16":"desktop-align-left","17":"tablet-align-left","18":"mobile-align-left","20":"first","21":"instock","22":"shipping-taxable","23":"product-type-simple"},"yoast_head":"<!-- This site is optimized with the Yoast SEO plugin v25.3 - https:\/\/yoast.com\/wordpress\/plugins\/seo\/ -->\n<title>Protector hembra N a hembra N - Tecplan<\/title>\n<meta name=\"robots\" content=\"index, follow, max-snippet:-1, max-image-preview:large, max-video-preview:-1\" \/>\n<link rel=\"canonical\" href=\"https:\/\/tecplan.com.es\/en\/product\/protector-hembra-n-a-hembra-n\/\" \/>\n<meta property=\"og:locale\" content=\"en_US\" \/>\n<meta property=\"og:type\" content=\"article\" \/>\n<meta property=\"og:title\" content=\"Protector hembra N a hembra N - Tecplan\" \/>\n<meta property=\"og:description\" content=\"Protector contra sobretensiones de mamparo hembra N a hembra N Este dispositivo es un protector contra sobretensiones coaxial para rayos. Funci\u00f3n: Protege equipos electr\u00f3nicos de picos de voltaje causados por rayos o problemas el\u00e9ctricos, derivando la energ\u00eda a tierra.\" \/>\n<meta property=\"og:url\" content=\"https:\/\/tecplan.com.es\/en\/product\/protector-hembra-n-a-hembra-n\/\" \/>\n<meta property=\"og:site_name\" content=\"Tecplan\" \/>\n<meta property=\"article:modified_time\" content=\"2026-03-27T20:57:24+00:00\" \/>\n<meta property=\"og:image\" content=\"https:\/\/tecplan.com.es\/wp-content\/uploads\/2026\/03\/Protector-hembra-N.jpg\" \/>\n\t<meta property=\"og:image:width\" content=\"1250\" \/>\n\t<meta property=\"og:image:height\" content=\"1250\" \/>\n\t<meta property=\"og:image:type\" content=\"image\/jpeg\" \/>\n<meta name=\"twitter:card\" content=\"summary_large_image\" \/>\n<meta name=\"twitter:label1\" content=\"Est. reading time\" \/>\n\t<meta name=\"twitter:data1\" content=\"1 minute\" \/>\n<script type=\"application\/ld+json\" class=\"yoast-schema-graph\">{\"@context\":\"https:\/\/schema.org\",\"@graph\":[{\"@type\":\"WebPage\",\"@id\":\"https:\/\/tecplan.com.es\/product\/protector-hembra-n-a-hembra-n\/\",\"url\":\"https:\/\/tecplan.com.es\/product\/protector-hembra-n-a-hembra-n\/\",\"name\":\"Protector hembra N a hembra N - Tecplan\",\"isPartOf\":{\"@id\":\"https:\/\/tecplan.com.es\/#website\"},\"primaryImageOfPage\":{\"@id\":\"https:\/\/tecplan.com.es\/product\/protector-hembra-n-a-hembra-n\/#primaryimage\"},\"image\":{\"@id\":\"https:\/\/tecplan.com.es\/product\/protector-hembra-n-a-hembra-n\/#primaryimage\"},\"thumbnailUrl\":\"https:\/\/tecplan.com.es\/wp-content\/uploads\/2026\/03\/Protector-hembra-N.jpg\",\"datePublished\":\"2026-03-13T22:33:13+00:00\",\"dateModified\":\"2026-03-27T20:57:24+00:00\",\"breadcrumb\":{\"@id\":\"https:\/\/tecplan.com.es\/product\/protector-hembra-n-a-hembra-n\/#breadcrumb\"},\"inLanguage\":\"en-US\",\"potentialAction\":[{\"@type\":\"ReadAction\",\"target\":[\"https:\/\/tecplan.com.es\/product\/protector-hembra-n-a-hembra-n\/\"]}]},{\"@type\":\"ImageObject\",\"inLanguage\":\"en-US\",\"@id\":\"https:\/\/tecplan.com.es\/product\/protector-hembra-n-a-hembra-n\/#primaryimage\",\"url\":\"https:\/\/tecplan.com.es\/wp-content\/uploads\/2026\/03\/Protector-hembra-N.jpg\",\"contentUrl\":\"https:\/\/tecplan.com.es\/wp-content\/uploads\/2026\/03\/Protector-hembra-N.jpg\",\"width\":1250,\"height\":1250},{\"@type\":\"BreadcrumbList\",\"@id\":\"https:\/\/tecplan.com.es\/product\/protector-hembra-n-a-hembra-n\/#breadcrumb\",\"itemListElement\":[{\"@type\":\"ListItem\",\"position\":1,\"name\":\"Home\",\"item\":\"https:\/\/tecplan.com.es\/\"},{\"@type\":\"ListItem\",\"position\":2,\"name\":\"Shop\",\"item\":\"https:\/\/tecplan.com.es\/shop\/\"},{\"@type\":\"ListItem\",\"position\":3,\"name\":\"Protector hembra N a hembra N\"}]},{\"@type\":\"WebSite\",\"@id\":\"https:\/\/tecplan.com.es\/#website\",\"url\":\"https:\/\/tecplan.com.es\/\",\"name\":\"Tecplan\",\"description\":\"\",\"potentialAction\":[{\"@type\":\"SearchAction\",\"target\":{\"@type\":\"EntryPoint\",\"urlTemplate\":\"https:\/\/tecplan.com.es\/?s={search_term_string}\"},\"query-input\":{\"@type\":\"PropertyValueSpecification\",\"valueRequired\":true,\"valueName\":\"search_term_string\"}}],\"inLanguage\":\"en-US\"}]}<\/script>\n<!-- \/ Yoast SEO plugin. -->","yoast_head_json":{"title":"Protector hembra N a hembra N - Tecplan","robots":{"index":"index","follow":"follow","max-snippet":"max-snippet:-1","max-image-preview":"max-image-preview:large","max-video-preview":"max-video-preview:-1"},"canonical":"https:\/\/tecplan.com.es\/en\/product\/protector-hembra-n-a-hembra-n\/","og_locale":"en_US","og_type":"article","og_title":"Protector hembra N a hembra N - Tecplan","og_description":"Protector contra sobretensiones de mamparo hembra N a hembra N Este dispositivo es un protector contra sobretensiones coaxial para rayos. Funci\u00f3n: Protege equipos electr\u00f3nicos de picos de voltaje causados por rayos o problemas el\u00e9ctricos, derivando la energ\u00eda a tierra.","og_url":"https:\/\/tecplan.com.es\/en\/product\/protector-hembra-n-a-hembra-n\/","og_site_name":"Tecplan","article_modified_time":"2026-03-27T20:57:24+00:00","og_image":[{"width":1250,"height":1250,"url":"https:\/\/tecplan.com.es\/wp-content\/uploads\/2026\/03\/Protector-hembra-N.jpg","type":"image\/jpeg"}],"twitter_card":"summary_large_image","twitter_misc":{"Est. reading time":"1 minute"},"schema":{"@context":"https:\/\/schema.org","@graph":[{"@type":"WebPage","@id":"https:\/\/tecplan.com.es\/product\/protector-hembra-n-a-hembra-n\/","url":"https:\/\/tecplan.com.es\/product\/protector-hembra-n-a-hembra-n\/","name":"Protector hembra N a hembra N - Tecplan","isPartOf":{"@id":"https:\/\/tecplan.com.es\/#website"},"primaryImageOfPage":{"@id":"https:\/\/tecplan.com.es\/product\/protector-hembra-n-a-hembra-n\/#primaryimage"},"image":{"@id":"https:\/\/tecplan.com.es\/product\/protector-hembra-n-a-hembra-n\/#primaryimage"},"thumbnailUrl":"https:\/\/tecplan.com.es\/wp-content\/uploads\/2026\/03\/Protector-hembra-N.jpg","datePublished":"2026-03-13T22:33:13+00:00","dateModified":"2026-03-27T20:57:24+00:00","breadcrumb":{"@id":"https:\/\/tecplan.com.es\/product\/protector-hembra-n-a-hembra-n\/#breadcrumb"},"inLanguage":"en-US","potentialAction":[{"@type":"ReadAction","target":["https:\/\/tecplan.com.es\/product\/protector-hembra-n-a-hembra-n\/"]}]},{"@type":"ImageObject","inLanguage":"en-US","@id":"https:\/\/tecplan.com.es\/product\/protector-hembra-n-a-hembra-n\/#primaryimage","url":"https:\/\/tecplan.com.es\/wp-content\/uploads\/2026\/03\/Protector-hembra-N.jpg","contentUrl":"https:\/\/tecplan.com.es\/wp-content\/uploads\/2026\/03\/Protector-hembra-N.jpg","width":1250,"height":1250},{"@type":"BreadcrumbList","@id":"https:\/\/tecplan.com.es\/product\/protector-hembra-n-a-hembra-n\/#breadcrumb","itemListElement":[{"@type":"ListItem","position":1,"name":"Home","item":"https:\/\/tecplan.com.es\/"},{"@type":"ListItem","position":2,"name":"Shop","item":"https:\/\/tecplan.com.es\/shop\/"},{"@type":"ListItem","position":3,"name":"Protector hembra N a hembra N"}]},{"@type":"WebSite","@id":"https:\/\/tecplan.com.es\/#website","url":"https:\/\/tecplan.com.es\/","name":"Tecplan","description":"","potentialAction":[{"@type":"SearchAction","target":{"@type":"EntryPoint","urlTemplate":"https:\/\/tecplan.com.es\/?s={search_term_string}"},"query-input":{"@type":"PropertyValueSpecification","valueRequired":true,"valueName":"search_term_string"}}],"inLanguage":"en-US"}]}},"_links":{"self":[{"href":"https:\/\/tecplan.com.es\/en\/wp-json\/wp\/v2\/product\/6374","targetHints":{"allow":["GET"]}}],"collection":[{"href":"https:\/\/tecplan.com.es\/en\/wp-json\/wp\/v2\/product"}],"about":[{"href":"https:\/\/tecplan.com.es\/en\/wp-json\/wp\/v2\/types\/product"}],"replies":[{"embeddable":true,"href":"https:\/\/tecplan.com.es\/en\/wp-json\/wp\/v2\/comments?post=6374"}],"version-history":[{"count":2,"href":"https:\/\/tecplan.com.es\/en\/wp-json\/wp\/v2\/product\/6374\/revisions"}],"predecessor-version":[{"id":6797,"href":"https:\/\/tecplan.com.es\/en\/wp-json\/wp\/v2\/product\/6374\/revisions\/6797"}],"wp:featuredmedia":[{"embeddable":true,"href":"https:\/\/tecplan.com.es\/en\/wp-json\/wp\/v2\/media\/6327"}],"wp:attachment":[{"href":"https:\/\/tecplan.com.es\/en\/wp-json\/wp\/v2\/media?parent=6374"}],"wp:term":[{"taxonomy":"product_brand","embeddable":true,"href":"https:\/\/tecplan.com.es\/en\/wp-json\/wp\/v2\/product_brand?post=6374"},{"taxonomy":"product_cat","embeddable":true,"href":"https:\/\/tecplan.com.es\/en\/wp-json\/wp\/v2\/product_cat?post=6374"},{"taxonomy":"product_tag","embeddable":true,"href":"https:\/\/tecplan.com.es\/en\/wp-json\/wp\/v2\/product_tag?post=6374"}],"curies":[{"name":"wp","href":"https:\/\/api.w.org\/{rel}","templated":true}]}}