{"id":6297,"date":"2026-03-09T22:50:48","date_gmt":"2026-03-09T22:50:48","guid":{"rendered":"https:\/\/tecplan.com.es\/product\/jumper-de-fibra-optica\/"},"modified":"2026-03-23T19:34:36","modified_gmt":"2026-03-23T19:34:36","slug":"jumper-de-fibra-optica","status":"publish","type":"product","link":"https:\/\/tecplan.com.es\/en\/product\/jumper-de-fibra-optica\/","title":{"rendered":"Jumper de fibra \u00f3ptica"},"content":{"rendered":"<p style=\"text-align: justify;\">El cable de fibra \u00f3ptica OS2 9\/125\u03bcm monomodo insensible a la curvatura tiene menos atenuaci\u00f3n cuando se dobla o se retuerce en comparaci\u00f3n con los cables de fibra \u00f3ptica tradicionales y esto har\u00e1 que la instalaci\u00f3n y el mantenimiento de los cables de fibra \u00f3ptica sean m\u00e1s eficientes. Tambi\u00e9n puede ahorrar m\u00e1s espacio para el cableado de alta densidad en los centros de datos, redes empresariales, sala de telecomunicaciones, granjas de servidores, redes de almacenamiento en la nube, y cualquier lugar donde se necesitan cables de fibra \u00f3ptica.<\/p>\n<p><strong style=\"font-size: 19.2px; text-align: justify;\">DOWNLOADS<\/strong><\/p>\n<div class=\"mod_cont\">\n<ul>\n<li style=\"list-style-type: none;\">\n<ul style=\"text-align: justify;\">\n<li><a href=\"https:\/\/drive.google.com\/file\/d\/1m62I9I5Sh6DuQ1RbH-XHfs26T4hTw0-H\/view?usp=sharing\">\u2192 Technical specifications in Spanish<\/a><\/li>\n<li><a href=\"https:\/\/drive.google.com\/file\/d\/1IeNEFrwmGvJaVB024CxHbVwSCP6zSYUE\/view?usp=sharing\">\u2192 Technical specifications in English<\/a><\/li>\n<\/ul>\n<\/li>\n<\/ul>\n<\/div>\n<p>&nbsp;<\/p>","protected":false},"excerpt":{"rendered":"<p style=\"text-align: justify;\"><strong>Jumper de fibra \u00f3ptica SC UPC a SC APC 1 metro<\/strong><\/p>\n<p style=\"text-align: justify;\">Este cable de fibra \u00f3ptica es ideal para conectar 1G \/10G \/ 25G \/ 40G \/ 100 G \/ 400G conexiones Ethernet. Puede transportar datos hasta 10km a 1310nm, o hasta 40km a 1550nm.<\/p>\n<p><img decoding=\"async\" class=\"wp-image-1038 aligncenter\" src=\"https:\/\/tecplan.com.es\/wp-content\/uploads\/2025\/05\/summit-300x138.webp\" alt=\"\" width=\"170\" height=\"89\" \/><\/p>","protected":false},"featured_media":6264,"comment_status":"open","ping_status":"closed","template":"","meta":{"site-sidebar-layout":"default","site-content-layout":"","ast-site-content-layout":"default","site-content-style":"default","site-sidebar-style":"default","ast-global-header-display":"","ast-banner-title-visibility":"","ast-main-header-display":"","ast-hfb-above-header-display":"","ast-hfb-below-header-display":"","ast-hfb-mobile-header-display":"","site-post-title":"","ast-breadcrumbs-content":"","ast-featured-img":"","footer-sml-layout":"","ast-disable-related-posts":"","theme-transparent-header-meta":"default","adv-header-id-meta":"","stick-header-meta":"","header-above-stick-meta":"","header-main-stick-meta":"","header-below-stick-meta":"","astra-migrate-meta-layouts":"set","ast-page-background-enabled":"default","ast-page-background-meta":{"desktop":{"background-color":"var(--ast-global-color-5)","background-image":"","background-repeat":"repeat","background-position":"center center","background-size":"auto","background-attachment":"scroll","background-type":"","background-media":"","overlay-type":"","overlay-color":"","overlay-opacity":"","overlay-gradient":""},"tablet":{"background-color":"","background-image":"","background-repeat":"repeat","background-position":"center center","background-size":"auto","background-attachment":"scroll","background-type":"","background-media":"","overlay-type":"","overlay-color":"","overlay-opacity":"","overlay-gradient":""},"mobile":{"background-color":"","background-image":"","background-repeat":"repeat","background-position":"center center","background-size":"auto","background-attachment":"scroll","background-type":"","background-media":"","overlay-type":"","overlay-color":"","overlay-opacity":"","overlay-gradient":""}},"ast-content-background-meta":{"desktop":{"background-color":"var(--ast-global-color-4)","background-image":"","background-repeat":"repeat","background-position":"center center","background-size":"auto","background-attachment":"scroll","background-type":"","background-media":"","overlay-type":"","overlay-color":"","overlay-opacity":"","overlay-gradient":""},"tablet":{"background-color":"var(--ast-global-color-4)","background-image":"","background-repeat":"repeat","background-position":"center center","background-size":"auto","background-attachment":"scroll","background-type":"","background-media":"","overlay-type":"","overlay-color":"","overlay-opacity":"","overlay-gradient":""},"mobile":{"background-color":"var(--ast-global-color-4)","background-image":"","background-repeat":"repeat","background-position":"center center","background-size":"auto","background-attachment":"scroll","background-type":"","background-media":"","overlay-type":"","overlay-color":"","overlay-opacity":"","overlay-gradient":""}}},"product_brand":[234],"product_cat":[63,94,82,96,59,60,256,90],"product_tag":[207],"class_list":{"0":"post-6297","1":"product","2":"type-product","3":"status-publish","4":"has-post-thumbnail","6":"product_brand-summit","7":"product_cat-cable-coaxial","8":"product_cat-cable-coaxial-summit","9":"product_cat-cobertura-celular","10":"product_cat-networking","11":"product_cat-radio-comunicacion","12":"product_cat-summit","13":"product_cat-summit-networking","14":"product_cat-summit-cobertura-celular","15":"product_tag-summit","16":"desktop-align-left","17":"tablet-align-left","18":"mobile-align-left","20":"first","21":"instock","22":"shipping-taxable","23":"product-type-simple"},"yoast_head":"<!-- This site is optimized with the Yoast SEO plugin v25.3 - https:\/\/yoast.com\/wordpress\/plugins\/seo\/ -->\n<title>Jumper de fibra \u00f3ptica - Tecplan<\/title>\n<meta name=\"robots\" content=\"index, follow, max-snippet:-1, max-image-preview:large, max-video-preview:-1\" \/>\n<link rel=\"canonical\" href=\"https:\/\/tecplan.com.es\/en\/product\/jumper-de-fibra-optica\/\" \/>\n<meta property=\"og:locale\" content=\"en_US\" \/>\n<meta property=\"og:type\" content=\"article\" \/>\n<meta property=\"og:title\" content=\"Jumper de fibra \u00f3ptica - Tecplan\" \/>\n<meta property=\"og:description\" content=\"Jumper de fibra \u00f3ptica SC UPC a SC APC 1 metro Este cable de fibra \u00f3ptica es ideal para conectar 1G \/10G \/ 25G \/ 40G \/ 100 G \/ 400G conexiones Ethernet. Puede transportar datos hasta 10km a 1310nm, o hasta 40km a 1550nm.\" \/>\n<meta property=\"og:url\" content=\"https:\/\/tecplan.com.es\/en\/product\/jumper-de-fibra-optica\/\" \/>\n<meta property=\"og:site_name\" content=\"Tecplan\" \/>\n<meta property=\"article:modified_time\" content=\"2026-03-23T19:34:36+00:00\" \/>\n<meta property=\"og:image\" content=\"https:\/\/tecplan.com.es\/wp-content\/uploads\/2026\/03\/jumper-de-fibra_1.jpg\" \/>\n\t<meta property=\"og:image:width\" content=\"1250\" \/>\n\t<meta property=\"og:image:height\" content=\"1250\" \/>\n\t<meta property=\"og:image:type\" content=\"image\/jpeg\" \/>\n<meta name=\"twitter:card\" content=\"summary_large_image\" \/>\n<meta name=\"twitter:label1\" content=\"Est. reading time\" \/>\n\t<meta name=\"twitter:data1\" content=\"1 minute\" \/>\n<script type=\"application\/ld+json\" class=\"yoast-schema-graph\">{\"@context\":\"https:\/\/schema.org\",\"@graph\":[{\"@type\":\"WebPage\",\"@id\":\"https:\/\/tecplan.com.es\/product\/jumper-de-fibra-optica\/\",\"url\":\"https:\/\/tecplan.com.es\/product\/jumper-de-fibra-optica\/\",\"name\":\"Jumper de fibra \u00f3ptica - Tecplan\",\"isPartOf\":{\"@id\":\"https:\/\/tecplan.com.es\/#website\"},\"primaryImageOfPage\":{\"@id\":\"https:\/\/tecplan.com.es\/product\/jumper-de-fibra-optica\/#primaryimage\"},\"image\":{\"@id\":\"https:\/\/tecplan.com.es\/product\/jumper-de-fibra-optica\/#primaryimage\"},\"thumbnailUrl\":\"https:\/\/tecplan.com.es\/wp-content\/uploads\/2026\/03\/jumper-de-fibra_1.jpg\",\"datePublished\":\"2026-03-09T22:50:48+00:00\",\"dateModified\":\"2026-03-23T19:34:36+00:00\",\"breadcrumb\":{\"@id\":\"https:\/\/tecplan.com.es\/product\/jumper-de-fibra-optica\/#breadcrumb\"},\"inLanguage\":\"en-US\",\"potentialAction\":[{\"@type\":\"ReadAction\",\"target\":[\"https:\/\/tecplan.com.es\/product\/jumper-de-fibra-optica\/\"]}]},{\"@type\":\"ImageObject\",\"inLanguage\":\"en-US\",\"@id\":\"https:\/\/tecplan.com.es\/product\/jumper-de-fibra-optica\/#primaryimage\",\"url\":\"https:\/\/tecplan.com.es\/wp-content\/uploads\/2026\/03\/jumper-de-fibra_1.jpg\",\"contentUrl\":\"https:\/\/tecplan.com.es\/wp-content\/uploads\/2026\/03\/jumper-de-fibra_1.jpg\",\"width\":1250,\"height\":1250},{\"@type\":\"BreadcrumbList\",\"@id\":\"https:\/\/tecplan.com.es\/product\/jumper-de-fibra-optica\/#breadcrumb\",\"itemListElement\":[{\"@type\":\"ListItem\",\"position\":1,\"name\":\"Home\",\"item\":\"https:\/\/tecplan.com.es\/\"},{\"@type\":\"ListItem\",\"position\":2,\"name\":\"Shop\",\"item\":\"https:\/\/tecplan.com.es\/shop\/\"},{\"@type\":\"ListItem\",\"position\":3,\"name\":\"Jumper de fibra \u00f3ptica\"}]},{\"@type\":\"WebSite\",\"@id\":\"https:\/\/tecplan.com.es\/#website\",\"url\":\"https:\/\/tecplan.com.es\/\",\"name\":\"Tecplan\",\"description\":\"\",\"potentialAction\":[{\"@type\":\"SearchAction\",\"target\":{\"@type\":\"EntryPoint\",\"urlTemplate\":\"https:\/\/tecplan.com.es\/?s={search_term_string}\"},\"query-input\":{\"@type\":\"PropertyValueSpecification\",\"valueRequired\":true,\"valueName\":\"search_term_string\"}}],\"inLanguage\":\"en-US\"}]}<\/script>\n<!-- \/ Yoast SEO plugin. -->","yoast_head_json":{"title":"Jumper de fibra \u00f3ptica - Tecplan","robots":{"index":"index","follow":"follow","max-snippet":"max-snippet:-1","max-image-preview":"max-image-preview:large","max-video-preview":"max-video-preview:-1"},"canonical":"https:\/\/tecplan.com.es\/en\/product\/jumper-de-fibra-optica\/","og_locale":"en_US","og_type":"article","og_title":"Jumper de fibra \u00f3ptica - Tecplan","og_description":"Jumper de fibra \u00f3ptica SC UPC a SC APC 1 metro Este cable de fibra \u00f3ptica es ideal para conectar 1G \/10G \/ 25G \/ 40G \/ 100 G \/ 400G conexiones Ethernet. Puede transportar datos hasta 10km a 1310nm, o hasta 40km a 1550nm.","og_url":"https:\/\/tecplan.com.es\/en\/product\/jumper-de-fibra-optica\/","og_site_name":"Tecplan","article_modified_time":"2026-03-23T19:34:36+00:00","og_image":[{"width":1250,"height":1250,"url":"https:\/\/tecplan.com.es\/wp-content\/uploads\/2026\/03\/jumper-de-fibra_1.jpg","type":"image\/jpeg"}],"twitter_card":"summary_large_image","twitter_misc":{"Est. reading time":"1 minute"},"schema":{"@context":"https:\/\/schema.org","@graph":[{"@type":"WebPage","@id":"https:\/\/tecplan.com.es\/product\/jumper-de-fibra-optica\/","url":"https:\/\/tecplan.com.es\/product\/jumper-de-fibra-optica\/","name":"Jumper de fibra \u00f3ptica - Tecplan","isPartOf":{"@id":"https:\/\/tecplan.com.es\/#website"},"primaryImageOfPage":{"@id":"https:\/\/tecplan.com.es\/product\/jumper-de-fibra-optica\/#primaryimage"},"image":{"@id":"https:\/\/tecplan.com.es\/product\/jumper-de-fibra-optica\/#primaryimage"},"thumbnailUrl":"https:\/\/tecplan.com.es\/wp-content\/uploads\/2026\/03\/jumper-de-fibra_1.jpg","datePublished":"2026-03-09T22:50:48+00:00","dateModified":"2026-03-23T19:34:36+00:00","breadcrumb":{"@id":"https:\/\/tecplan.com.es\/product\/jumper-de-fibra-optica\/#breadcrumb"},"inLanguage":"en-US","potentialAction":[{"@type":"ReadAction","target":["https:\/\/tecplan.com.es\/product\/jumper-de-fibra-optica\/"]}]},{"@type":"ImageObject","inLanguage":"en-US","@id":"https:\/\/tecplan.com.es\/product\/jumper-de-fibra-optica\/#primaryimage","url":"https:\/\/tecplan.com.es\/wp-content\/uploads\/2026\/03\/jumper-de-fibra_1.jpg","contentUrl":"https:\/\/tecplan.com.es\/wp-content\/uploads\/2026\/03\/jumper-de-fibra_1.jpg","width":1250,"height":1250},{"@type":"BreadcrumbList","@id":"https:\/\/tecplan.com.es\/product\/jumper-de-fibra-optica\/#breadcrumb","itemListElement":[{"@type":"ListItem","position":1,"name":"Home","item":"https:\/\/tecplan.com.es\/"},{"@type":"ListItem","position":2,"name":"Shop","item":"https:\/\/tecplan.com.es\/shop\/"},{"@type":"ListItem","position":3,"name":"Jumper de fibra \u00f3ptica"}]},{"@type":"WebSite","@id":"https:\/\/tecplan.com.es\/#website","url":"https:\/\/tecplan.com.es\/","name":"Tecplan","description":"","potentialAction":[{"@type":"SearchAction","target":{"@type":"EntryPoint","urlTemplate":"https:\/\/tecplan.com.es\/?s={search_term_string}"},"query-input":{"@type":"PropertyValueSpecification","valueRequired":true,"valueName":"search_term_string"}}],"inLanguage":"en-US"}]}},"_links":{"self":[{"href":"https:\/\/tecplan.com.es\/en\/wp-json\/wp\/v2\/product\/6297","targetHints":{"allow":["GET"]}}],"collection":[{"href":"https:\/\/tecplan.com.es\/en\/wp-json\/wp\/v2\/product"}],"about":[{"href":"https:\/\/tecplan.com.es\/en\/wp-json\/wp\/v2\/types\/product"}],"replies":[{"embeddable":true,"href":"https:\/\/tecplan.com.es\/en\/wp-json\/wp\/v2\/comments?post=6297"}],"version-history":[{"count":2,"href":"https:\/\/tecplan.com.es\/en\/wp-json\/wp\/v2\/product\/6297\/revisions"}],"predecessor-version":[{"id":6620,"href":"https:\/\/tecplan.com.es\/en\/wp-json\/wp\/v2\/product\/6297\/revisions\/6620"}],"wp:featuredmedia":[{"embeddable":true,"href":"https:\/\/tecplan.com.es\/en\/wp-json\/wp\/v2\/media\/6264"}],"wp:attachment":[{"href":"https:\/\/tecplan.com.es\/en\/wp-json\/wp\/v2\/media?parent=6297"}],"wp:term":[{"taxonomy":"product_brand","embeddable":true,"href":"https:\/\/tecplan.com.es\/en\/wp-json\/wp\/v2\/product_brand?post=6297"},{"taxonomy":"product_cat","embeddable":true,"href":"https:\/\/tecplan.com.es\/en\/wp-json\/wp\/v2\/product_cat?post=6297"},{"taxonomy":"product_tag","embeddable":true,"href":"https:\/\/tecplan.com.es\/en\/wp-json\/wp\/v2\/product_tag?post=6297"}],"curies":[{"name":"wp","href":"https:\/\/api.w.org\/{rel}","templated":true}]}}