{"id":6155,"date":"2026-03-04T23:06:44","date_gmt":"2026-03-04T23:06:44","guid":{"rendered":"https:\/\/tecplan.com.es\/product\/conector-de-crimpado-macho-bnc-5\/"},"modified":"2026-03-23T15:38:51","modified_gmt":"2026-03-23T15:38:51","slug":"conector-de-crimpado-macho-bnc-5","status":"publish","type":"product","link":"https:\/\/tecplan.com.es\/en\/product\/conector-de-crimpado-macho-bnc-5\/","title":{"rendered":"Conector de crimpado macho BNC"},"content":{"rendered":"<p style=\"text-align: justify;\">Este conector de crimpado BNC de 50 ohmios es un conector RF con bloqueo que se utiliza en muchos tipos de cable coaxial. Los conectores BNC se utilizan com\u00fanmente en equipos de prueba, avi\u00f3nica, interfaces digitales anal\u00f3gicas y seriales, as\u00ed como en se\u00f1ales de video. El conector de crimpado BNC requiere una herramienta de crimpado para su terminaci\u00f3n.<\/p>\n<ul>\n<li style=\"text-align: justify;\">Compatibilidad: Dise\u00f1ado frecuentemente para cable coaxial tipo RG174<\/li>\n<li style=\"text-align: justify;\">Mecanismo: Utiliza un anillo giratorio tipo bayoneta para asegurar una conexi\u00f3n r\u00e1pida y segura.<\/li>\n<li style=\"text-align: justify;\">Aplicaciones: Ideal para sistemas de CCTV, equipos de video e instrumentaci\u00f3n.<\/li>\n<\/ul>\n<p><strong style=\"font-size: 19.2px; text-align: justify;\">DOWNLOADS<\/strong><\/p>\n<div class=\"mod_cont\">\n<ul style=\"text-align: justify;\">\n<li style=\"list-style-type: none;\">\n<ul style=\"text-align: justify;\">\n<li><a href=\"https:\/\/drive.google.com\/file\/d\/1XOsrgv-ZXzLwuLEr33mmmx5eGjTixO7G\/view?usp=sharing\">\u2192 Technical specifications\u00a0<\/a><\/li>\n<\/ul>\n<\/li>\n<\/ul>\n<\/div>\n<p>&nbsp;<\/p>","protected":false},"excerpt":{"rendered":"<p><strong>Conector de crimpado macho BNC para cable RG174<\/strong><\/p>\n<p style=\"text-align: justify;\">Conector macho BNC, com\u00fanmente utilizado para cables coaxiales en aplicaciones de video y redes.<br \/>\nTipo: Conector BNC macho de crimpado (apretar) o engaste.<\/p>\n<p><img decoding=\"async\" class=\"wp-image-1038 aligncenter\" src=\"https:\/\/tecplan.com.es\/wp-content\/uploads\/2025\/05\/summit-300x138.webp\" alt=\"\" width=\"181\" height=\"88\" \/><\/p>","protected":false},"featured_media":6120,"comment_status":"open","ping_status":"closed","template":"","meta":{"site-sidebar-layout":"default","site-content-layout":"","ast-site-content-layout":"default","site-content-style":"default","site-sidebar-style":"default","ast-global-header-display":"","ast-banner-title-visibility":"","ast-main-header-display":"","ast-hfb-above-header-display":"","ast-hfb-below-header-display":"","ast-hfb-mobile-header-display":"","site-post-title":"","ast-breadcrumbs-content":"","ast-featured-img":"","footer-sml-layout":"","ast-disable-related-posts":"","theme-transparent-header-meta":"default","adv-header-id-meta":"","stick-header-meta":"","header-above-stick-meta":"","header-main-stick-meta":"","header-below-stick-meta":"","astra-migrate-meta-layouts":"set","ast-page-background-enabled":"default","ast-page-background-meta":{"desktop":{"background-color":"var(--ast-global-color-5)","background-image":"","background-repeat":"repeat","background-position":"center center","background-size":"auto","background-attachment":"scroll","background-type":"","background-media":"","overlay-type":"","overlay-color":"","overlay-opacity":"","overlay-gradient":""},"tablet":{"background-color":"","background-image":"","background-repeat":"repeat","background-position":"center center","background-size":"auto","background-attachment":"scroll","background-type":"","background-media":"","overlay-type":"","overlay-color":"","overlay-opacity":"","overlay-gradient":""},"mobile":{"background-color":"","background-image":"","background-repeat":"repeat","background-position":"center center","background-size":"auto","background-attachment":"scroll","background-type":"","background-media":"","overlay-type":"","overlay-color":"","overlay-opacity":"","overlay-gradient":""}},"ast-content-background-meta":{"desktop":{"background-color":"var(--ast-global-color-4)","background-image":"","background-repeat":"repeat","background-position":"center center","background-size":"auto","background-attachment":"scroll","background-type":"","background-media":"","overlay-type":"","overlay-color":"","overlay-opacity":"","overlay-gradient":""},"tablet":{"background-color":"var(--ast-global-color-4)","background-image":"","background-repeat":"repeat","background-position":"center center","background-size":"auto","background-attachment":"scroll","background-type":"","background-media":"","overlay-type":"","overlay-color":"","overlay-opacity":"","overlay-gradient":""},"mobile":{"background-color":"var(--ast-global-color-4)","background-image":"","background-repeat":"repeat","background-position":"center center","background-size":"auto","background-attachment":"scroll","background-type":"","background-media":"","overlay-type":"","overlay-color":"","overlay-opacity":"","overlay-gradient":""}}},"product_brand":[234],"product_cat":[82,88,62,93,96,91,59,86,256,60,90],"product_tag":[207],"class_list":{"0":"post-6155","1":"product","2":"type-product","3":"status-publish","4":"has-post-thumbnail","6":"product_brand-summit","7":"product_cat-cobertura-celular","8":"product_cat-conectores-rfs","9":"product_cat-conectores","10":"product_cat-conectores-summit","11":"product_cat-networking","12":"product_cat-otros-summit","13":"product_cat-radio-comunicacion","14":"product_cat-rfs","15":"product_cat-summit-networking","16":"product_cat-summit","17":"product_cat-summit-cobertura-celular","18":"product_tag-summit","19":"desktop-align-left","20":"tablet-align-left","21":"mobile-align-left","23":"first","24":"instock","25":"shipping-taxable","26":"product-type-simple"},"yoast_head":"<!-- This site is optimized with the Yoast SEO plugin v25.3 - https:\/\/yoast.com\/wordpress\/plugins\/seo\/ -->\n<title>Conector de crimpado macho BNC - Tecplan<\/title>\n<meta name=\"robots\" content=\"index, follow, max-snippet:-1, max-image-preview:large, max-video-preview:-1\" \/>\n<link rel=\"canonical\" href=\"https:\/\/tecplan.com.es\/en\/product\/conector-de-crimpado-macho-bnc-5\/\" \/>\n<meta property=\"og:locale\" content=\"en_US\" \/>\n<meta property=\"og:type\" content=\"article\" \/>\n<meta property=\"og:title\" content=\"Conector de crimpado macho BNC - Tecplan\" \/>\n<meta property=\"og:description\" content=\"Conector de crimpado macho BNC para cable RG174 Conector macho BNC, com\u00fanmente utilizado para cables coaxiales en aplicaciones de video y redes. Tipo: Conector BNC macho de crimpado (apretar) o engaste.\" \/>\n<meta property=\"og:url\" content=\"https:\/\/tecplan.com.es\/en\/product\/conector-de-crimpado-macho-bnc-5\/\" \/>\n<meta property=\"og:site_name\" content=\"Tecplan\" \/>\n<meta property=\"article:modified_time\" content=\"2026-03-23T15:38:51+00:00\" \/>\n<meta property=\"og:image\" content=\"https:\/\/tecplan.com.es\/wp-content\/uploads\/2026\/03\/Conector-para-RG174_.jpg\" \/>\n\t<meta property=\"og:image:width\" content=\"1250\" \/>\n\t<meta property=\"og:image:height\" content=\"1250\" \/>\n\t<meta property=\"og:image:type\" content=\"image\/jpeg\" \/>\n<meta name=\"twitter:card\" content=\"summary_large_image\" \/>\n<meta name=\"twitter:label1\" content=\"Est. reading time\" \/>\n\t<meta name=\"twitter:data1\" content=\"1 minute\" \/>\n<script type=\"application\/ld+json\" class=\"yoast-schema-graph\">{\"@context\":\"https:\/\/schema.org\",\"@graph\":[{\"@type\":\"WebPage\",\"@id\":\"https:\/\/tecplan.com.es\/product\/conector-de-crimpado-macho-bnc-5\/\",\"url\":\"https:\/\/tecplan.com.es\/product\/conector-de-crimpado-macho-bnc-5\/\",\"name\":\"Conector de crimpado macho BNC - Tecplan\",\"isPartOf\":{\"@id\":\"https:\/\/tecplan.com.es\/#website\"},\"primaryImageOfPage\":{\"@id\":\"https:\/\/tecplan.com.es\/product\/conector-de-crimpado-macho-bnc-5\/#primaryimage\"},\"image\":{\"@id\":\"https:\/\/tecplan.com.es\/product\/conector-de-crimpado-macho-bnc-5\/#primaryimage\"},\"thumbnailUrl\":\"https:\/\/tecplan.com.es\/wp-content\/uploads\/2026\/03\/Conector-para-RG174_.jpg\",\"datePublished\":\"2026-03-04T23:06:44+00:00\",\"dateModified\":\"2026-03-23T15:38:51+00:00\",\"breadcrumb\":{\"@id\":\"https:\/\/tecplan.com.es\/product\/conector-de-crimpado-macho-bnc-5\/#breadcrumb\"},\"inLanguage\":\"en-US\",\"potentialAction\":[{\"@type\":\"ReadAction\",\"target\":[\"https:\/\/tecplan.com.es\/product\/conector-de-crimpado-macho-bnc-5\/\"]}]},{\"@type\":\"ImageObject\",\"inLanguage\":\"en-US\",\"@id\":\"https:\/\/tecplan.com.es\/product\/conector-de-crimpado-macho-bnc-5\/#primaryimage\",\"url\":\"https:\/\/tecplan.com.es\/wp-content\/uploads\/2026\/03\/Conector-para-RG174_.jpg\",\"contentUrl\":\"https:\/\/tecplan.com.es\/wp-content\/uploads\/2026\/03\/Conector-para-RG174_.jpg\",\"width\":1250,\"height\":1250},{\"@type\":\"BreadcrumbList\",\"@id\":\"https:\/\/tecplan.com.es\/product\/conector-de-crimpado-macho-bnc-5\/#breadcrumb\",\"itemListElement\":[{\"@type\":\"ListItem\",\"position\":1,\"name\":\"Home\",\"item\":\"https:\/\/tecplan.com.es\/\"},{\"@type\":\"ListItem\",\"position\":2,\"name\":\"Shop\",\"item\":\"https:\/\/tecplan.com.es\/shop\/\"},{\"@type\":\"ListItem\",\"position\":3,\"name\":\"Conector de crimpado macho BNC\"}]},{\"@type\":\"WebSite\",\"@id\":\"https:\/\/tecplan.com.es\/#website\",\"url\":\"https:\/\/tecplan.com.es\/\",\"name\":\"Tecplan\",\"description\":\"\",\"potentialAction\":[{\"@type\":\"SearchAction\",\"target\":{\"@type\":\"EntryPoint\",\"urlTemplate\":\"https:\/\/tecplan.com.es\/?s={search_term_string}\"},\"query-input\":{\"@type\":\"PropertyValueSpecification\",\"valueRequired\":true,\"valueName\":\"search_term_string\"}}],\"inLanguage\":\"en-US\"}]}<\/script>\n<!-- \/ Yoast SEO plugin. -->","yoast_head_json":{"title":"Conector de crimpado macho BNC - Tecplan","robots":{"index":"index","follow":"follow","max-snippet":"max-snippet:-1","max-image-preview":"max-image-preview:large","max-video-preview":"max-video-preview:-1"},"canonical":"https:\/\/tecplan.com.es\/en\/product\/conector-de-crimpado-macho-bnc-5\/","og_locale":"en_US","og_type":"article","og_title":"Conector de crimpado macho BNC - Tecplan","og_description":"Conector de crimpado macho BNC para cable RG174 Conector macho BNC, com\u00fanmente utilizado para cables coaxiales en aplicaciones de video y redes. Tipo: Conector BNC macho de crimpado (apretar) o engaste.","og_url":"https:\/\/tecplan.com.es\/en\/product\/conector-de-crimpado-macho-bnc-5\/","og_site_name":"Tecplan","article_modified_time":"2026-03-23T15:38:51+00:00","og_image":[{"width":1250,"height":1250,"url":"https:\/\/tecplan.com.es\/wp-content\/uploads\/2026\/03\/Conector-para-RG174_.jpg","type":"image\/jpeg"}],"twitter_card":"summary_large_image","twitter_misc":{"Est. reading time":"1 minute"},"schema":{"@context":"https:\/\/schema.org","@graph":[{"@type":"WebPage","@id":"https:\/\/tecplan.com.es\/product\/conector-de-crimpado-macho-bnc-5\/","url":"https:\/\/tecplan.com.es\/product\/conector-de-crimpado-macho-bnc-5\/","name":"Conector de crimpado macho BNC - Tecplan","isPartOf":{"@id":"https:\/\/tecplan.com.es\/#website"},"primaryImageOfPage":{"@id":"https:\/\/tecplan.com.es\/product\/conector-de-crimpado-macho-bnc-5\/#primaryimage"},"image":{"@id":"https:\/\/tecplan.com.es\/product\/conector-de-crimpado-macho-bnc-5\/#primaryimage"},"thumbnailUrl":"https:\/\/tecplan.com.es\/wp-content\/uploads\/2026\/03\/Conector-para-RG174_.jpg","datePublished":"2026-03-04T23:06:44+00:00","dateModified":"2026-03-23T15:38:51+00:00","breadcrumb":{"@id":"https:\/\/tecplan.com.es\/product\/conector-de-crimpado-macho-bnc-5\/#breadcrumb"},"inLanguage":"en-US","potentialAction":[{"@type":"ReadAction","target":["https:\/\/tecplan.com.es\/product\/conector-de-crimpado-macho-bnc-5\/"]}]},{"@type":"ImageObject","inLanguage":"en-US","@id":"https:\/\/tecplan.com.es\/product\/conector-de-crimpado-macho-bnc-5\/#primaryimage","url":"https:\/\/tecplan.com.es\/wp-content\/uploads\/2026\/03\/Conector-para-RG174_.jpg","contentUrl":"https:\/\/tecplan.com.es\/wp-content\/uploads\/2026\/03\/Conector-para-RG174_.jpg","width":1250,"height":1250},{"@type":"BreadcrumbList","@id":"https:\/\/tecplan.com.es\/product\/conector-de-crimpado-macho-bnc-5\/#breadcrumb","itemListElement":[{"@type":"ListItem","position":1,"name":"Home","item":"https:\/\/tecplan.com.es\/"},{"@type":"ListItem","position":2,"name":"Shop","item":"https:\/\/tecplan.com.es\/shop\/"},{"@type":"ListItem","position":3,"name":"Conector de crimpado macho BNC"}]},{"@type":"WebSite","@id":"https:\/\/tecplan.com.es\/#website","url":"https:\/\/tecplan.com.es\/","name":"Tecplan","description":"","potentialAction":[{"@type":"SearchAction","target":{"@type":"EntryPoint","urlTemplate":"https:\/\/tecplan.com.es\/?s={search_term_string}"},"query-input":{"@type":"PropertyValueSpecification","valueRequired":true,"valueName":"search_term_string"}}],"inLanguage":"en-US"}]}},"_links":{"self":[{"href":"https:\/\/tecplan.com.es\/en\/wp-json\/wp\/v2\/product\/6155","targetHints":{"allow":["GET"]}}],"collection":[{"href":"https:\/\/tecplan.com.es\/en\/wp-json\/wp\/v2\/product"}],"about":[{"href":"https:\/\/tecplan.com.es\/en\/wp-json\/wp\/v2\/types\/product"}],"replies":[{"embeddable":true,"href":"https:\/\/tecplan.com.es\/en\/wp-json\/wp\/v2\/comments?post=6155"}],"version-history":[{"count":2,"href":"https:\/\/tecplan.com.es\/en\/wp-json\/wp\/v2\/product\/6155\/revisions"}],"predecessor-version":[{"id":6562,"href":"https:\/\/tecplan.com.es\/en\/wp-json\/wp\/v2\/product\/6155\/revisions\/6562"}],"wp:featuredmedia":[{"embeddable":true,"href":"https:\/\/tecplan.com.es\/en\/wp-json\/wp\/v2\/media\/6120"}],"wp:attachment":[{"href":"https:\/\/tecplan.com.es\/en\/wp-json\/wp\/v2\/media?parent=6155"}],"wp:term":[{"taxonomy":"product_brand","embeddable":true,"href":"https:\/\/tecplan.com.es\/en\/wp-json\/wp\/v2\/product_brand?post=6155"},{"taxonomy":"product_cat","embeddable":true,"href":"https:\/\/tecplan.com.es\/en\/wp-json\/wp\/v2\/product_cat?post=6155"},{"taxonomy":"product_tag","embeddable":true,"href":"https:\/\/tecplan.com.es\/en\/wp-json\/wp\/v2\/product_tag?post=6155"}],"curies":[{"name":"wp","href":"https:\/\/api.w.org\/{rel}","templated":true}]}}