{"id":6043,"date":"2026-03-02T22:56:13","date_gmt":"2026-03-02T22:56:13","guid":{"rendered":"https:\/\/tecplan.com.es\/product\/cable-coaxial-para-rg-174\/"},"modified":"2026-03-18T21:39:16","modified_gmt":"2026-03-18T21:39:16","slug":"cable-coaxial-para-rg-174","status":"publish","type":"product","link":"https:\/\/tecplan.com.es\/en\/product\/cable-coaxial-para-rg-174\/","title":{"rendered":"CABLE COAXIAL PARA  RG-174"},"content":{"rendered":"<p style=\"text-align: justify;\"><strong>Tipo de cable: RG-174; Longitud del cable: 30 cm; Conector 1: N Macho; Conector 2: BNC macho.<\/strong><\/p>\n<p style=\"text-align: justify;\">Cable de peso ligero, buena flexibilidad, resistencia a altas temperaturas, resistencia a la humedad, resistencia a la corrosi\u00f3n. Se usa para la interconexi\u00f3n entre equipos de telecomunicaciones y se usa ampliamente en aplicaciones inal\u00e1mbricas comerciales. Se puede usar directamente y puede mantener un buen efecto de protecci\u00f3n cuando se realizan conexiones subterr\u00e1neas complejas.<\/p>\n<p><strong style=\"font-size: 19.2px; text-align: justify;\">DOWNLOADS<\/strong><\/p>\n<div class=\"mod_cont\">\n<ul style=\"text-align: justify;\">\n<li><a href=\"https:\/\/drive.google.com\/file\/d\/1KILidrdNYj34pMYDcy-eGROC108VkgYd\/view?usp=sharing\">\u2192 Technical specifications in Spanish<\/a><\/li>\n<li><a href=\"https:\/\/drive.google.com\/file\/d\/1XjORKvDmVZamQF8tq5yMIdRz_lM3NJYB\/view?usp=sharing\">\u2192 Technical specifications in English<\/a><\/li>\n<\/ul>\n<\/div>\n<p>&nbsp;<\/p>","protected":false},"excerpt":{"rendered":"<p style=\"text-align: justify;\"><strong>CABLE COAXIAL RG-174 N MACHO A BNC MACHO 30CM<\/strong><\/p>\n<p style=\"text-align: justify;\">Este tipo de conector se puede usar en sistemas de antena, sistemas de comunicaci\u00f3n, sistemas de transmisi\u00f3n de audio y video, transmisi\u00f3n de se\u00f1ales de datos de seguridad, etc.<\/p>\n<p><img decoding=\"async\" class=\"wp-image-1038 aligncenter\" src=\"https:\/\/tecplan.com.es\/wp-content\/uploads\/2025\/05\/summit-300x138.webp\" alt=\"\" width=\"179\" height=\"92\" \/><\/p>","protected":false},"featured_media":6018,"comment_status":"open","ping_status":"closed","template":"","meta":{"site-sidebar-layout":"default","site-content-layout":"","ast-site-content-layout":"default","site-content-style":"default","site-sidebar-style":"default","ast-global-header-display":"","ast-banner-title-visibility":"","ast-main-header-display":"","ast-hfb-above-header-display":"","ast-hfb-below-header-display":"","ast-hfb-mobile-header-display":"","site-post-title":"","ast-breadcrumbs-content":"","ast-featured-img":"","footer-sml-layout":"","ast-disable-related-posts":"","theme-transparent-header-meta":"default","adv-header-id-meta":"","stick-header-meta":"","header-above-stick-meta":"","header-main-stick-meta":"","header-below-stick-meta":"","astra-migrate-meta-layouts":"set","ast-page-background-enabled":"default","ast-page-background-meta":{"desktop":{"background-color":"var(--ast-global-color-5)","background-image":"","background-repeat":"repeat","background-position":"center center","background-size":"auto","background-attachment":"scroll","background-type":"","background-media":"","overlay-type":"","overlay-color":"","overlay-opacity":"","overlay-gradient":""},"tablet":{"background-color":"","background-image":"","background-repeat":"repeat","background-position":"center center","background-size":"auto","background-attachment":"scroll","background-type":"","background-media":"","overlay-type":"","overlay-color":"","overlay-opacity":"","overlay-gradient":""},"mobile":{"background-color":"","background-image":"","background-repeat":"repeat","background-position":"center center","background-size":"auto","background-attachment":"scroll","background-type":"","background-media":"","overlay-type":"","overlay-color":"","overlay-opacity":"","overlay-gradient":""}},"ast-content-background-meta":{"desktop":{"background-color":"var(--ast-global-color-4)","background-image":"","background-repeat":"repeat","background-position":"center center","background-size":"auto","background-attachment":"scroll","background-type":"","background-media":"","overlay-type":"","overlay-color":"","overlay-opacity":"","overlay-gradient":""},"tablet":{"background-color":"var(--ast-global-color-4)","background-image":"","background-repeat":"repeat","background-position":"center center","background-size":"auto","background-attachment":"scroll","background-type":"","background-media":"","overlay-type":"","overlay-color":"","overlay-opacity":"","overlay-gradient":""},"mobile":{"background-color":"var(--ast-global-color-4)","background-image":"","background-repeat":"repeat","background-position":"center center","background-size":"auto","background-attachment":"scroll","background-type":"","background-media":"","overlay-type":"","overlay-color":"","overlay-opacity":"","overlay-gradient":""}}},"product_brand":[234],"product_cat":[63,94,82,62,93,96,59,256,90,60],"product_tag":[207],"class_list":{"0":"post-6043","1":"product","2":"type-product","3":"status-publish","4":"has-post-thumbnail","6":"product_brand-summit","7":"product_cat-cable-coaxial","8":"product_cat-cable-coaxial-summit","9":"product_cat-cobertura-celular","10":"product_cat-conectores","11":"product_cat-conectores-summit","12":"product_cat-networking","13":"product_cat-radio-comunicacion","14":"product_cat-summit-networking","15":"product_cat-summit-cobertura-celular","16":"product_cat-summit","17":"product_tag-summit","18":"desktop-align-left","19":"tablet-align-left","20":"mobile-align-left","22":"first","23":"instock","24":"shipping-taxable","25":"product-type-simple"},"yoast_head":"<!-- This site is optimized with the Yoast SEO plugin v25.3 - https:\/\/yoast.com\/wordpress\/plugins\/seo\/ -->\n<title>CABLE COAXIAL PARA RG-174 - Tecplan<\/title>\n<meta name=\"robots\" content=\"index, follow, max-snippet:-1, max-image-preview:large, max-video-preview:-1\" \/>\n<link rel=\"canonical\" href=\"https:\/\/tecplan.com.es\/en\/product\/cable-coaxial-para-rg-174\/\" \/>\n<meta property=\"og:locale\" content=\"en_US\" \/>\n<meta property=\"og:type\" content=\"article\" \/>\n<meta property=\"og:title\" content=\"CABLE COAXIAL PARA RG-174 - Tecplan\" \/>\n<meta property=\"og:description\" content=\"CABLE COAXIAL RG-174 N MACHO A BNC MACHO 30CM Este tipo de conector se puede usar en sistemas de antena, sistemas de comunicaci\u00f3n, sistemas de transmisi\u00f3n de audio y video, transmisi\u00f3n de se\u00f1ales de datos de seguridad, etc.\" \/>\n<meta property=\"og:url\" content=\"https:\/\/tecplan.com.es\/en\/product\/cable-coaxial-para-rg-174\/\" \/>\n<meta property=\"og:site_name\" content=\"Tecplan\" \/>\n<meta property=\"article:modified_time\" content=\"2026-03-18T21:39:16+00:00\" \/>\n<meta property=\"og:image\" content=\"https:\/\/tecplan.com.es\/wp-content\/uploads\/2026\/03\/Coaxial-RG-174_-1.jpg\" \/>\n\t<meta property=\"og:image:width\" content=\"1250\" \/>\n\t<meta property=\"og:image:height\" content=\"1250\" \/>\n\t<meta property=\"og:image:type\" content=\"image\/jpeg\" \/>\n<meta name=\"twitter:card\" content=\"summary_large_image\" \/>\n<meta name=\"twitter:label1\" content=\"Est. reading time\" \/>\n\t<meta name=\"twitter:data1\" content=\"1 minute\" \/>\n<script type=\"application\/ld+json\" class=\"yoast-schema-graph\">{\"@context\":\"https:\/\/schema.org\",\"@graph\":[{\"@type\":\"WebPage\",\"@id\":\"https:\/\/tecplan.com.es\/product\/cable-coaxial-para-rg-174\/\",\"url\":\"https:\/\/tecplan.com.es\/product\/cable-coaxial-para-rg-174\/\",\"name\":\"CABLE COAXIAL PARA RG-174 - Tecplan\",\"isPartOf\":{\"@id\":\"https:\/\/tecplan.com.es\/#website\"},\"primaryImageOfPage\":{\"@id\":\"https:\/\/tecplan.com.es\/product\/cable-coaxial-para-rg-174\/#primaryimage\"},\"image\":{\"@id\":\"https:\/\/tecplan.com.es\/product\/cable-coaxial-para-rg-174\/#primaryimage\"},\"thumbnailUrl\":\"https:\/\/tecplan.com.es\/wp-content\/uploads\/2026\/03\/Coaxial-RG-174_-1.jpg\",\"datePublished\":\"2026-03-02T22:56:13+00:00\",\"dateModified\":\"2026-03-18T21:39:16+00:00\",\"breadcrumb\":{\"@id\":\"https:\/\/tecplan.com.es\/product\/cable-coaxial-para-rg-174\/#breadcrumb\"},\"inLanguage\":\"en-US\",\"potentialAction\":[{\"@type\":\"ReadAction\",\"target\":[\"https:\/\/tecplan.com.es\/product\/cable-coaxial-para-rg-174\/\"]}]},{\"@type\":\"ImageObject\",\"inLanguage\":\"en-US\",\"@id\":\"https:\/\/tecplan.com.es\/product\/cable-coaxial-para-rg-174\/#primaryimage\",\"url\":\"https:\/\/tecplan.com.es\/wp-content\/uploads\/2026\/03\/Coaxial-RG-174_-1.jpg\",\"contentUrl\":\"https:\/\/tecplan.com.es\/wp-content\/uploads\/2026\/03\/Coaxial-RG-174_-1.jpg\",\"width\":1250,\"height\":1250},{\"@type\":\"BreadcrumbList\",\"@id\":\"https:\/\/tecplan.com.es\/product\/cable-coaxial-para-rg-174\/#breadcrumb\",\"itemListElement\":[{\"@type\":\"ListItem\",\"position\":1,\"name\":\"Home\",\"item\":\"https:\/\/tecplan.com.es\/\"},{\"@type\":\"ListItem\",\"position\":2,\"name\":\"Shop\",\"item\":\"https:\/\/tecplan.com.es\/shop\/\"},{\"@type\":\"ListItem\",\"position\":3,\"name\":\"CABLE COAXIAL PARA RG-174\"}]},{\"@type\":\"WebSite\",\"@id\":\"https:\/\/tecplan.com.es\/#website\",\"url\":\"https:\/\/tecplan.com.es\/\",\"name\":\"Tecplan\",\"description\":\"\",\"potentialAction\":[{\"@type\":\"SearchAction\",\"target\":{\"@type\":\"EntryPoint\",\"urlTemplate\":\"https:\/\/tecplan.com.es\/?s={search_term_string}\"},\"query-input\":{\"@type\":\"PropertyValueSpecification\",\"valueRequired\":true,\"valueName\":\"search_term_string\"}}],\"inLanguage\":\"en-US\"}]}<\/script>\n<!-- \/ Yoast SEO plugin. -->","yoast_head_json":{"title":"CABLE COAXIAL PARA RG-174 - Tecplan","robots":{"index":"index","follow":"follow","max-snippet":"max-snippet:-1","max-image-preview":"max-image-preview:large","max-video-preview":"max-video-preview:-1"},"canonical":"https:\/\/tecplan.com.es\/en\/product\/cable-coaxial-para-rg-174\/","og_locale":"en_US","og_type":"article","og_title":"CABLE COAXIAL PARA RG-174 - Tecplan","og_description":"CABLE COAXIAL RG-174 N MACHO A BNC MACHO 30CM Este tipo de conector se puede usar en sistemas de antena, sistemas de comunicaci\u00f3n, sistemas de transmisi\u00f3n de audio y video, transmisi\u00f3n de se\u00f1ales de datos de seguridad, etc.","og_url":"https:\/\/tecplan.com.es\/en\/product\/cable-coaxial-para-rg-174\/","og_site_name":"Tecplan","article_modified_time":"2026-03-18T21:39:16+00:00","og_image":[{"width":1250,"height":1250,"url":"https:\/\/tecplan.com.es\/wp-content\/uploads\/2026\/03\/Coaxial-RG-174_-1.jpg","type":"image\/jpeg"}],"twitter_card":"summary_large_image","twitter_misc":{"Est. reading time":"1 minute"},"schema":{"@context":"https:\/\/schema.org","@graph":[{"@type":"WebPage","@id":"https:\/\/tecplan.com.es\/product\/cable-coaxial-para-rg-174\/","url":"https:\/\/tecplan.com.es\/product\/cable-coaxial-para-rg-174\/","name":"CABLE COAXIAL PARA RG-174 - Tecplan","isPartOf":{"@id":"https:\/\/tecplan.com.es\/#website"},"primaryImageOfPage":{"@id":"https:\/\/tecplan.com.es\/product\/cable-coaxial-para-rg-174\/#primaryimage"},"image":{"@id":"https:\/\/tecplan.com.es\/product\/cable-coaxial-para-rg-174\/#primaryimage"},"thumbnailUrl":"https:\/\/tecplan.com.es\/wp-content\/uploads\/2026\/03\/Coaxial-RG-174_-1.jpg","datePublished":"2026-03-02T22:56:13+00:00","dateModified":"2026-03-18T21:39:16+00:00","breadcrumb":{"@id":"https:\/\/tecplan.com.es\/product\/cable-coaxial-para-rg-174\/#breadcrumb"},"inLanguage":"en-US","potentialAction":[{"@type":"ReadAction","target":["https:\/\/tecplan.com.es\/product\/cable-coaxial-para-rg-174\/"]}]},{"@type":"ImageObject","inLanguage":"en-US","@id":"https:\/\/tecplan.com.es\/product\/cable-coaxial-para-rg-174\/#primaryimage","url":"https:\/\/tecplan.com.es\/wp-content\/uploads\/2026\/03\/Coaxial-RG-174_-1.jpg","contentUrl":"https:\/\/tecplan.com.es\/wp-content\/uploads\/2026\/03\/Coaxial-RG-174_-1.jpg","width":1250,"height":1250},{"@type":"BreadcrumbList","@id":"https:\/\/tecplan.com.es\/product\/cable-coaxial-para-rg-174\/#breadcrumb","itemListElement":[{"@type":"ListItem","position":1,"name":"Home","item":"https:\/\/tecplan.com.es\/"},{"@type":"ListItem","position":2,"name":"Shop","item":"https:\/\/tecplan.com.es\/shop\/"},{"@type":"ListItem","position":3,"name":"CABLE COAXIAL PARA RG-174"}]},{"@type":"WebSite","@id":"https:\/\/tecplan.com.es\/#website","url":"https:\/\/tecplan.com.es\/","name":"Tecplan","description":"","potentialAction":[{"@type":"SearchAction","target":{"@type":"EntryPoint","urlTemplate":"https:\/\/tecplan.com.es\/?s={search_term_string}"},"query-input":{"@type":"PropertyValueSpecification","valueRequired":true,"valueName":"search_term_string"}}],"inLanguage":"en-US"}]}},"_links":{"self":[{"href":"https:\/\/tecplan.com.es\/en\/wp-json\/wp\/v2\/product\/6043","targetHints":{"allow":["GET"]}}],"collection":[{"href":"https:\/\/tecplan.com.es\/en\/wp-json\/wp\/v2\/product"}],"about":[{"href":"https:\/\/tecplan.com.es\/en\/wp-json\/wp\/v2\/types\/product"}],"replies":[{"embeddable":true,"href":"https:\/\/tecplan.com.es\/en\/wp-json\/wp\/v2\/comments?post=6043"}],"version-history":[{"count":2,"href":"https:\/\/tecplan.com.es\/en\/wp-json\/wp\/v2\/product\/6043\/revisions"}],"predecessor-version":[{"id":6428,"href":"https:\/\/tecplan.com.es\/en\/wp-json\/wp\/v2\/product\/6043\/revisions\/6428"}],"wp:featuredmedia":[{"embeddable":true,"href":"https:\/\/tecplan.com.es\/en\/wp-json\/wp\/v2\/media\/6018"}],"wp:attachment":[{"href":"https:\/\/tecplan.com.es\/en\/wp-json\/wp\/v2\/media?parent=6043"}],"wp:term":[{"taxonomy":"product_brand","embeddable":true,"href":"https:\/\/tecplan.com.es\/en\/wp-json\/wp\/v2\/product_brand?post=6043"},{"taxonomy":"product_cat","embeddable":true,"href":"https:\/\/tecplan.com.es\/en\/wp-json\/wp\/v2\/product_cat?post=6043"},{"taxonomy":"product_tag","embeddable":true,"href":"https:\/\/tecplan.com.es\/en\/wp-json\/wp\/v2\/product_tag?post=6043"}],"curies":[{"name":"wp","href":"https:\/\/api.w.org\/{rel}","templated":true}]}}