{"id":6042,"date":"2026-03-02T22:56:12","date_gmt":"2026-03-02T22:56:12","guid":{"rendered":"https:\/\/tecplan.com.es\/product\/bnc-de-polaridad-idoble-hembra\/"},"modified":"2026-03-18T21:26:34","modified_gmt":"2026-03-18T21:26:34","slug":"bnc-de-polaridad-idoble-hembra","status":"publish","type":"product","link":"https:\/\/tecplan.com.es\/en\/product\/bnc-de-polaridad-idoble-hembra\/","title":{"rendered":"BNC DE POLARIDAD IDOBLE HEMBRA"},"content":{"rendered":"<p style=\"text-align: justify;\">Este adaptador RF es un componente esencial para conectar diferentes tipos de equipos RF. Est\u00e1 dise\u00f1ado para convertir un tipo de conector RF en otro, lo que permite conectar f\u00e1cilmente dispositivos con diferentes tipos de conectores.<\/p>\n<p style=\"text-align: justify;\">Impedancia: Generalmente disponible en 50 (Omega ) o 75 (Omega ) para aplicaciones de video y radiofrecuencia.\u00a0 Material: N\u00edquel para mayor durabilidad.\u00a0 Uso com\u00fan: Conexi\u00f3n directa en sistemas de CCTV anal\u00f3gico o instrumentos de medici\u00f3n<\/p>\n<p><strong style=\"font-size: 19.2px; text-align: justify;\">DOWNLOADS<\/strong><\/p>\n<div class=\"mod_cont\">\n<ul style=\"text-align: justify;\">\n<li><a href=\"https:\/\/drive.google.com\/file\/d\/1_eWbhMR_PQLVHhLKiw9aYPFd5-5fLrS_\/view?usp=sharing\">\u2192 Technical specifications<\/a><\/li>\n<\/ul>\n<\/div>","protected":false},"excerpt":{"rendered":"<p><strong>CONECTORES BNC DE POLARIDAD INVERSA DOBLE HEMBRA<\/strong><\/p>\n<ul>\n<li>Adaptador coaxial BNC hembra a hembra, dise\u00f1ado para unir dos conectores BNC macho.<\/li>\n<li>Tipo de conector: BNC (Bayonet Neill-Concelman) de montaje en panel.<\/li>\n<\/ul>\n<p><img decoding=\"async\" class=\"wp-image-1038 aligncenter\" src=\"https:\/\/tecplan.com.es\/wp-content\/uploads\/2025\/05\/summit-300x138.webp\" alt=\"\" width=\"170\" height=\"100\" \/><\/p>","protected":false},"featured_media":6015,"comment_status":"open","ping_status":"closed","template":"","meta":{"site-sidebar-layout":"default","site-content-layout":"","ast-site-content-layout":"default","site-content-style":"default","site-sidebar-style":"default","ast-global-header-display":"","ast-banner-title-visibility":"","ast-main-header-display":"","ast-hfb-above-header-display":"","ast-hfb-below-header-display":"","ast-hfb-mobile-header-display":"","site-post-title":"","ast-breadcrumbs-content":"","ast-featured-img":"","footer-sml-layout":"","ast-disable-related-posts":"","theme-transparent-header-meta":"default","adv-header-id-meta":"","stick-header-meta":"","header-above-stick-meta":"","header-main-stick-meta":"","header-below-stick-meta":"","astra-migrate-meta-layouts":"set","ast-page-background-enabled":"default","ast-page-background-meta":{"desktop":{"background-color":"var(--ast-global-color-5)","background-image":"","background-repeat":"repeat","background-position":"center center","background-size":"auto","background-attachment":"scroll","background-type":"","background-media":"","overlay-type":"","overlay-color":"","overlay-opacity":"","overlay-gradient":""},"tablet":{"background-color":"","background-image":"","background-repeat":"repeat","background-position":"center center","background-size":"auto","background-attachment":"scroll","background-type":"","background-media":"","overlay-type":"","overlay-color":"","overlay-opacity":"","overlay-gradient":""},"mobile":{"background-color":"","background-image":"","background-repeat":"repeat","background-position":"center center","background-size":"auto","background-attachment":"scroll","background-type":"","background-media":"","overlay-type":"","overlay-color":"","overlay-opacity":"","overlay-gradient":""}},"ast-content-background-meta":{"desktop":{"background-color":"var(--ast-global-color-4)","background-image":"","background-repeat":"repeat","background-position":"center center","background-size":"auto","background-attachment":"scroll","background-type":"","background-media":"","overlay-type":"","overlay-color":"","overlay-opacity":"","overlay-gradient":""},"tablet":{"background-color":"var(--ast-global-color-4)","background-image":"","background-repeat":"repeat","background-position":"center center","background-size":"auto","background-attachment":"scroll","background-type":"","background-media":"","overlay-type":"","overlay-color":"","overlay-opacity":"","overlay-gradient":""},"mobile":{"background-color":"var(--ast-global-color-4)","background-image":"","background-repeat":"repeat","background-position":"center center","background-size":"auto","background-attachment":"scroll","background-type":"","background-media":"","overlay-type":"","overlay-color":"","overlay-opacity":"","overlay-gradient":""}}},"product_brand":[234],"product_cat":[82,62,93,96,59,60,256,90],"product_tag":[207],"class_list":{"0":"post-6042","1":"product","2":"type-product","3":"status-publish","4":"has-post-thumbnail","6":"product_brand-summit","7":"product_cat-cobertura-celular","8":"product_cat-conectores","9":"product_cat-conectores-summit","10":"product_cat-networking","11":"product_cat-radio-comunicacion","12":"product_cat-summit","13":"product_cat-summit-networking","14":"product_cat-summit-cobertura-celular","15":"product_tag-summit","16":"desktop-align-left","17":"tablet-align-left","18":"mobile-align-left","20":"first","21":"instock","22":"shipping-taxable","23":"product-type-simple"},"yoast_head":"<!-- This site is optimized with the Yoast SEO plugin v25.3 - https:\/\/yoast.com\/wordpress\/plugins\/seo\/ -->\n<title>BNC DE POLARIDAD IDOBLE HEMBRA - Tecplan<\/title>\n<meta name=\"robots\" content=\"index, follow, max-snippet:-1, max-image-preview:large, max-video-preview:-1\" \/>\n<link rel=\"canonical\" href=\"https:\/\/tecplan.com.es\/en\/product\/bnc-de-polaridad-idoble-hembra\/\" \/>\n<meta property=\"og:locale\" content=\"en_US\" \/>\n<meta property=\"og:type\" content=\"article\" \/>\n<meta property=\"og:title\" content=\"BNC DE POLARIDAD IDOBLE HEMBRA - Tecplan\" \/>\n<meta property=\"og:description\" content=\"CONECTORES BNC DE POLARIDAD INVERSA DOBLE HEMBRA   Adaptador coaxial BNC hembra a hembra, dise\u00f1ado para unir dos conectores BNC macho.  Tipo de conector: BNC (Bayonet Neill-Concelman) de montaje en panel.\" \/>\n<meta property=\"og:url\" content=\"https:\/\/tecplan.com.es\/en\/product\/bnc-de-polaridad-idoble-hembra\/\" \/>\n<meta property=\"og:site_name\" content=\"Tecplan\" \/>\n<meta property=\"article:modified_time\" content=\"2026-03-18T21:26:34+00:00\" \/>\n<meta property=\"og:image\" content=\"https:\/\/tecplan.com.es\/wp-content\/uploads\/2026\/03\/BNC-REVERSE_1.jpg\" \/>\n\t<meta property=\"og:image:width\" content=\"1250\" \/>\n\t<meta property=\"og:image:height\" content=\"1250\" \/>\n\t<meta property=\"og:image:type\" content=\"image\/jpeg\" \/>\n<meta name=\"twitter:card\" content=\"summary_large_image\" \/>\n<meta name=\"twitter:label1\" content=\"Est. reading time\" \/>\n\t<meta name=\"twitter:data1\" content=\"1 minute\" \/>\n<script type=\"application\/ld+json\" class=\"yoast-schema-graph\">{\"@context\":\"https:\/\/schema.org\",\"@graph\":[{\"@type\":\"WebPage\",\"@id\":\"https:\/\/tecplan.com.es\/product\/bnc-de-polaridad-idoble-hembra\/\",\"url\":\"https:\/\/tecplan.com.es\/product\/bnc-de-polaridad-idoble-hembra\/\",\"name\":\"BNC DE POLARIDAD IDOBLE HEMBRA - Tecplan\",\"isPartOf\":{\"@id\":\"https:\/\/tecplan.com.es\/#website\"},\"primaryImageOfPage\":{\"@id\":\"https:\/\/tecplan.com.es\/product\/bnc-de-polaridad-idoble-hembra\/#primaryimage\"},\"image\":{\"@id\":\"https:\/\/tecplan.com.es\/product\/bnc-de-polaridad-idoble-hembra\/#primaryimage\"},\"thumbnailUrl\":\"https:\/\/tecplan.com.es\/wp-content\/uploads\/2026\/03\/BNC-REVERSE_1.jpg\",\"datePublished\":\"2026-03-02T22:56:12+00:00\",\"dateModified\":\"2026-03-18T21:26:34+00:00\",\"breadcrumb\":{\"@id\":\"https:\/\/tecplan.com.es\/product\/bnc-de-polaridad-idoble-hembra\/#breadcrumb\"},\"inLanguage\":\"en-US\",\"potentialAction\":[{\"@type\":\"ReadAction\",\"target\":[\"https:\/\/tecplan.com.es\/product\/bnc-de-polaridad-idoble-hembra\/\"]}]},{\"@type\":\"ImageObject\",\"inLanguage\":\"en-US\",\"@id\":\"https:\/\/tecplan.com.es\/product\/bnc-de-polaridad-idoble-hembra\/#primaryimage\",\"url\":\"https:\/\/tecplan.com.es\/wp-content\/uploads\/2026\/03\/BNC-REVERSE_1.jpg\",\"contentUrl\":\"https:\/\/tecplan.com.es\/wp-content\/uploads\/2026\/03\/BNC-REVERSE_1.jpg\",\"width\":1250,\"height\":1250},{\"@type\":\"BreadcrumbList\",\"@id\":\"https:\/\/tecplan.com.es\/product\/bnc-de-polaridad-idoble-hembra\/#breadcrumb\",\"itemListElement\":[{\"@type\":\"ListItem\",\"position\":1,\"name\":\"Home\",\"item\":\"https:\/\/tecplan.com.es\/\"},{\"@type\":\"ListItem\",\"position\":2,\"name\":\"Shop\",\"item\":\"https:\/\/tecplan.com.es\/shop\/\"},{\"@type\":\"ListItem\",\"position\":3,\"name\":\"BNC DE POLARIDAD IDOBLE HEMBRA\"}]},{\"@type\":\"WebSite\",\"@id\":\"https:\/\/tecplan.com.es\/#website\",\"url\":\"https:\/\/tecplan.com.es\/\",\"name\":\"Tecplan\",\"description\":\"\",\"potentialAction\":[{\"@type\":\"SearchAction\",\"target\":{\"@type\":\"EntryPoint\",\"urlTemplate\":\"https:\/\/tecplan.com.es\/?s={search_term_string}\"},\"query-input\":{\"@type\":\"PropertyValueSpecification\",\"valueRequired\":true,\"valueName\":\"search_term_string\"}}],\"inLanguage\":\"en-US\"}]}<\/script>\n<!-- \/ Yoast SEO plugin. -->","yoast_head_json":{"title":"BNC DE POLARIDAD IDOBLE HEMBRA - Tecplan","robots":{"index":"index","follow":"follow","max-snippet":"max-snippet:-1","max-image-preview":"max-image-preview:large","max-video-preview":"max-video-preview:-1"},"canonical":"https:\/\/tecplan.com.es\/en\/product\/bnc-de-polaridad-idoble-hembra\/","og_locale":"en_US","og_type":"article","og_title":"BNC DE POLARIDAD IDOBLE HEMBRA - Tecplan","og_description":"CONECTORES BNC DE POLARIDAD INVERSA DOBLE HEMBRA   Adaptador coaxial BNC hembra a hembra, dise\u00f1ado para unir dos conectores BNC macho.  Tipo de conector: BNC (Bayonet Neill-Concelman) de montaje en panel.","og_url":"https:\/\/tecplan.com.es\/en\/product\/bnc-de-polaridad-idoble-hembra\/","og_site_name":"Tecplan","article_modified_time":"2026-03-18T21:26:34+00:00","og_image":[{"width":1250,"height":1250,"url":"https:\/\/tecplan.com.es\/wp-content\/uploads\/2026\/03\/BNC-REVERSE_1.jpg","type":"image\/jpeg"}],"twitter_card":"summary_large_image","twitter_misc":{"Est. reading time":"1 minute"},"schema":{"@context":"https:\/\/schema.org","@graph":[{"@type":"WebPage","@id":"https:\/\/tecplan.com.es\/product\/bnc-de-polaridad-idoble-hembra\/","url":"https:\/\/tecplan.com.es\/product\/bnc-de-polaridad-idoble-hembra\/","name":"BNC DE POLARIDAD IDOBLE HEMBRA - Tecplan","isPartOf":{"@id":"https:\/\/tecplan.com.es\/#website"},"primaryImageOfPage":{"@id":"https:\/\/tecplan.com.es\/product\/bnc-de-polaridad-idoble-hembra\/#primaryimage"},"image":{"@id":"https:\/\/tecplan.com.es\/product\/bnc-de-polaridad-idoble-hembra\/#primaryimage"},"thumbnailUrl":"https:\/\/tecplan.com.es\/wp-content\/uploads\/2026\/03\/BNC-REVERSE_1.jpg","datePublished":"2026-03-02T22:56:12+00:00","dateModified":"2026-03-18T21:26:34+00:00","breadcrumb":{"@id":"https:\/\/tecplan.com.es\/product\/bnc-de-polaridad-idoble-hembra\/#breadcrumb"},"inLanguage":"en-US","potentialAction":[{"@type":"ReadAction","target":["https:\/\/tecplan.com.es\/product\/bnc-de-polaridad-idoble-hembra\/"]}]},{"@type":"ImageObject","inLanguage":"en-US","@id":"https:\/\/tecplan.com.es\/product\/bnc-de-polaridad-idoble-hembra\/#primaryimage","url":"https:\/\/tecplan.com.es\/wp-content\/uploads\/2026\/03\/BNC-REVERSE_1.jpg","contentUrl":"https:\/\/tecplan.com.es\/wp-content\/uploads\/2026\/03\/BNC-REVERSE_1.jpg","width":1250,"height":1250},{"@type":"BreadcrumbList","@id":"https:\/\/tecplan.com.es\/product\/bnc-de-polaridad-idoble-hembra\/#breadcrumb","itemListElement":[{"@type":"ListItem","position":1,"name":"Home","item":"https:\/\/tecplan.com.es\/"},{"@type":"ListItem","position":2,"name":"Shop","item":"https:\/\/tecplan.com.es\/shop\/"},{"@type":"ListItem","position":3,"name":"BNC DE POLARIDAD IDOBLE HEMBRA"}]},{"@type":"WebSite","@id":"https:\/\/tecplan.com.es\/#website","url":"https:\/\/tecplan.com.es\/","name":"Tecplan","description":"","potentialAction":[{"@type":"SearchAction","target":{"@type":"EntryPoint","urlTemplate":"https:\/\/tecplan.com.es\/?s={search_term_string}"},"query-input":{"@type":"PropertyValueSpecification","valueRequired":true,"valueName":"search_term_string"}}],"inLanguage":"en-US"}]}},"_links":{"self":[{"href":"https:\/\/tecplan.com.es\/en\/wp-json\/wp\/v2\/product\/6042","targetHints":{"allow":["GET"]}}],"collection":[{"href":"https:\/\/tecplan.com.es\/en\/wp-json\/wp\/v2\/product"}],"about":[{"href":"https:\/\/tecplan.com.es\/en\/wp-json\/wp\/v2\/types\/product"}],"replies":[{"embeddable":true,"href":"https:\/\/tecplan.com.es\/en\/wp-json\/wp\/v2\/comments?post=6042"}],"version-history":[{"count":2,"href":"https:\/\/tecplan.com.es\/en\/wp-json\/wp\/v2\/product\/6042\/revisions"}],"predecessor-version":[{"id":6424,"href":"https:\/\/tecplan.com.es\/en\/wp-json\/wp\/v2\/product\/6042\/revisions\/6424"}],"wp:featuredmedia":[{"embeddable":true,"href":"https:\/\/tecplan.com.es\/en\/wp-json\/wp\/v2\/media\/6015"}],"wp:attachment":[{"href":"https:\/\/tecplan.com.es\/en\/wp-json\/wp\/v2\/media?parent=6042"}],"wp:term":[{"taxonomy":"product_brand","embeddable":true,"href":"https:\/\/tecplan.com.es\/en\/wp-json\/wp\/v2\/product_brand?post=6042"},{"taxonomy":"product_cat","embeddable":true,"href":"https:\/\/tecplan.com.es\/en\/wp-json\/wp\/v2\/product_cat?post=6042"},{"taxonomy":"product_tag","embeddable":true,"href":"https:\/\/tecplan.com.es\/en\/wp-json\/wp\/v2\/product_tag?post=6042"}],"curies":[{"name":"wp","href":"https:\/\/api.w.org\/{rel}","templated":true}]}}