{"id":5658,"date":"2026-02-13T22:23:02","date_gmt":"2026-02-13T22:23:02","guid":{"rendered":"https:\/\/tecplan.com.es\/product\/conector-n-macho-para-cable-de-1-2\/"},"modified":"2026-02-18T17:31:30","modified_gmt":"2026-02-18T17:31:30","slug":"conector-n-macho-para-cable-de-1-2","status":"publish","type":"product","link":"https:\/\/tecplan.com.es\/en\/product\/conector-n-macho-para-cable-de-1-2\/","title":{"rendered":"Conector N macho para cable de 1\/2\u201d"},"content":{"rendered":"<p style=\"text-align: justify;\">Conector N macho para cable coaxial SF de 1\/2&#8243;. Conector de alto rendimiento dise\u00f1ado para cables de cobre corrugado, espec\u00edficamente para proporcionar una interfaz conector-cable de la m\u00e1s alta calidad, a la vez que simplifica y agiliza la conexi\u00f3n.<\/p>\n<ul>\n<li style=\"text-align: justify;\">Aplicaci\u00f3n: Ideal para aplicaciones de alta frecuencia y comunicaciones inal\u00e1mbricas.<\/li>\n<li style=\"text-align: justify;\">Compatibilidad: Dise\u00f1ado com\u00fanmente para cables coaxiales de tama\u00f1o mediano.<\/li>\n<li style=\"text-align: justify;\">Aplicaci\u00f3n: Ideal para aplicaciones de alta frecuencia y comunicaciones inal\u00e1mbricas.<\/li>\n<li style=\"text-align: justify;\">Compatibilidad: Dise\u00f1ado com\u00fanmente para cables coaxiales de tama\u00f1o mediano.<\/li>\n<\/ul>\n<p><strong style=\"font-size: 19.2px; text-align: justify;\">DOWNLOADS<\/strong><\/p>\n<div class=\"mod_cont\">\n<ul style=\"text-align: justify;\">\n<li><a href=\"https:\/\/drive.google.com\/file\/d\/1LgN34gDX6qHvKbQPVymR8JdhRPOV2g2q\/view?usp=sharing\">\u2192 Technical specifications<\/a><\/li>\n<\/ul>\n<\/div>\n<p>&nbsp;<\/p>","protected":false},"excerpt":{"rendered":"<p style=\"text-align: justify;\">Conector N macho para cable coaxial SF de 1\/2\u201d<\/p>\n<ul>\n<li style=\"text-align: justify;\">conector de RF tipo N macho utilizado para unir cables coaxiales.<\/li>\n<li style=\"text-align: justify;\">Tipo: Conector de radiofrecuencia (RF) roscado y resistente a la intemperie.<\/li>\n<\/ul>\n<p><img decoding=\"async\" class=\"wp-image-1038 aligncenter\" src=\"https:\/\/tecplan.com.es\/wp-content\/uploads\/2025\/05\/summit-300x138.webp\" alt=\"\" width=\"211\" height=\"97\" srcset=\"https:\/\/tecplan.com.es\/wp-content\/uploads\/2025\/05\/summit-300x138.webp 300w, https:\/\/tecplan.com.es\/wp-content\/uploads\/2025\/05\/summit-600x275.webp 600w, https:\/\/tecplan.com.es\/wp-content\/uploads\/2025\/05\/summit-768x353.webp 768w, https:\/\/tecplan.com.es\/wp-content\/uploads\/2025\/05\/summit-18x8.webp 18w, https:\/\/tecplan.com.es\/wp-content\/uploads\/2025\/05\/summit.webp 1013w\" sizes=\"(max-width: 211px) 100vw, 211px\" \/><\/p>","protected":false},"featured_media":5601,"comment_status":"open","ping_status":"closed","template":"","meta":{"site-sidebar-layout":"default","site-content-layout":"","ast-site-content-layout":"default","site-content-style":"default","site-sidebar-style":"default","ast-global-header-display":"","ast-banner-title-visibility":"","ast-main-header-display":"","ast-hfb-above-header-display":"","ast-hfb-below-header-display":"","ast-hfb-mobile-header-display":"","site-post-title":"","ast-breadcrumbs-content":"","ast-featured-img":"","footer-sml-layout":"","ast-disable-related-posts":"","theme-transparent-header-meta":"default","adv-header-id-meta":"","stick-header-meta":"","header-above-stick-meta":"","header-main-stick-meta":"","header-below-stick-meta":"","astra-migrate-meta-layouts":"set","ast-page-background-enabled":"default","ast-page-background-meta":{"desktop":{"background-color":"var(--ast-global-color-5)","background-image":"","background-repeat":"repeat","background-position":"center center","background-size":"auto","background-attachment":"scroll","background-type":"","background-media":"","overlay-type":"","overlay-color":"","overlay-opacity":"","overlay-gradient":""},"tablet":{"background-color":"","background-image":"","background-repeat":"repeat","background-position":"center center","background-size":"auto","background-attachment":"scroll","background-type":"","background-media":"","overlay-type":"","overlay-color":"","overlay-opacity":"","overlay-gradient":""},"mobile":{"background-color":"","background-image":"","background-repeat":"repeat","background-position":"center center","background-size":"auto","background-attachment":"scroll","background-type":"","background-media":"","overlay-type":"","overlay-color":"","overlay-opacity":"","overlay-gradient":""}},"ast-content-background-meta":{"desktop":{"background-color":"var(--ast-global-color-4)","background-image":"","background-repeat":"repeat","background-position":"center center","background-size":"auto","background-attachment":"scroll","background-type":"","background-media":"","overlay-type":"","overlay-color":"","overlay-opacity":"","overlay-gradient":""},"tablet":{"background-color":"var(--ast-global-color-4)","background-image":"","background-repeat":"repeat","background-position":"center center","background-size":"auto","background-attachment":"scroll","background-type":"","background-media":"","overlay-type":"","overlay-color":"","overlay-opacity":"","overlay-gradient":""},"mobile":{"background-color":"var(--ast-global-color-4)","background-image":"","background-repeat":"repeat","background-position":"center center","background-size":"auto","background-attachment":"scroll","background-type":"","background-media":"","overlay-type":"","overlay-color":"","overlay-opacity":"","overlay-gradient":""}}},"product_brand":[234],"product_cat":[82,62,88,93,96,59,90,60,256],"product_tag":[207],"class_list":{"0":"post-5658","1":"product","2":"type-product","3":"status-publish","4":"has-post-thumbnail","6":"product_brand-summit","7":"product_cat-cobertura-celular","8":"product_cat-conectores","9":"product_cat-conectores-rfs","10":"product_cat-conectores-summit","11":"product_cat-networking","12":"product_cat-radio-comunicacion","13":"product_cat-summit-cobertura-celular","14":"product_cat-summit","15":"product_cat-summit-networking","16":"product_tag-summit","17":"desktop-align-left","18":"tablet-align-left","19":"mobile-align-left","21":"first","22":"instock","23":"shipping-taxable","24":"product-type-simple"},"yoast_head":"<!-- This site is optimized with the Yoast SEO plugin v25.3 - https:\/\/yoast.com\/wordpress\/plugins\/seo\/ -->\n<title>Conector N macho para cable de 1\/2\u201d - Tecplan<\/title>\n<meta name=\"robots\" content=\"index, follow, max-snippet:-1, max-image-preview:large, max-video-preview:-1\" \/>\n<link rel=\"canonical\" href=\"https:\/\/tecplan.com.es\/en\/product\/conector-n-macho-para-cable-de-1-2\/\" \/>\n<meta property=\"og:locale\" content=\"en_US\" \/>\n<meta property=\"og:type\" content=\"article\" \/>\n<meta property=\"og:title\" content=\"Conector N macho para cable de 1\/2\u201d - Tecplan\" \/>\n<meta property=\"og:description\" content=\"Conector N macho para cable coaxial SF de 1\/2\u201d    conector de RF tipo N macho utilizado para unir cables coaxiales.  Tipo: Conector de radiofrecuencia (RF) roscado y resistente a la intemperie.\" \/>\n<meta property=\"og:url\" content=\"https:\/\/tecplan.com.es\/en\/product\/conector-n-macho-para-cable-de-1-2\/\" \/>\n<meta property=\"og:site_name\" content=\"Tecplan\" \/>\n<meta property=\"article:modified_time\" content=\"2026-02-18T17:31:30+00:00\" \/>\n<meta property=\"og:image\" content=\"https:\/\/tecplan.com.es\/wp-content\/uploads\/2026\/02\/N-mal_1.jpg\" \/>\n\t<meta property=\"og:image:width\" content=\"1250\" \/>\n\t<meta property=\"og:image:height\" content=\"1250\" \/>\n\t<meta property=\"og:image:type\" content=\"image\/jpeg\" \/>\n<meta name=\"twitter:card\" content=\"summary_large_image\" \/>\n<meta name=\"twitter:label1\" content=\"Est. reading time\" \/>\n\t<meta name=\"twitter:data1\" content=\"1 minute\" \/>\n<script type=\"application\/ld+json\" class=\"yoast-schema-graph\">{\"@context\":\"https:\/\/schema.org\",\"@graph\":[{\"@type\":\"WebPage\",\"@id\":\"https:\/\/tecplan.com.es\/product\/conector-n-macho-para-cable-de-1-2\/\",\"url\":\"https:\/\/tecplan.com.es\/product\/conector-n-macho-para-cable-de-1-2\/\",\"name\":\"Conector N macho para cable de 1\/2\u201d - Tecplan\",\"isPartOf\":{\"@id\":\"https:\/\/tecplan.com.es\/#website\"},\"primaryImageOfPage\":{\"@id\":\"https:\/\/tecplan.com.es\/product\/conector-n-macho-para-cable-de-1-2\/#primaryimage\"},\"image\":{\"@id\":\"https:\/\/tecplan.com.es\/product\/conector-n-macho-para-cable-de-1-2\/#primaryimage\"},\"thumbnailUrl\":\"https:\/\/tecplan.com.es\/wp-content\/uploads\/2026\/02\/N-mal_1.jpg\",\"datePublished\":\"2026-02-13T22:23:02+00:00\",\"dateModified\":\"2026-02-18T17:31:30+00:00\",\"breadcrumb\":{\"@id\":\"https:\/\/tecplan.com.es\/product\/conector-n-macho-para-cable-de-1-2\/#breadcrumb\"},\"inLanguage\":\"en-US\",\"potentialAction\":[{\"@type\":\"ReadAction\",\"target\":[\"https:\/\/tecplan.com.es\/product\/conector-n-macho-para-cable-de-1-2\/\"]}]},{\"@type\":\"ImageObject\",\"inLanguage\":\"en-US\",\"@id\":\"https:\/\/tecplan.com.es\/product\/conector-n-macho-para-cable-de-1-2\/#primaryimage\",\"url\":\"https:\/\/tecplan.com.es\/wp-content\/uploads\/2026\/02\/N-mal_1.jpg\",\"contentUrl\":\"https:\/\/tecplan.com.es\/wp-content\/uploads\/2026\/02\/N-mal_1.jpg\",\"width\":1250,\"height\":1250},{\"@type\":\"BreadcrumbList\",\"@id\":\"https:\/\/tecplan.com.es\/product\/conector-n-macho-para-cable-de-1-2\/#breadcrumb\",\"itemListElement\":[{\"@type\":\"ListItem\",\"position\":1,\"name\":\"Home\",\"item\":\"https:\/\/tecplan.com.es\/\"},{\"@type\":\"ListItem\",\"position\":2,\"name\":\"Shop\",\"item\":\"https:\/\/tecplan.com.es\/shop\/\"},{\"@type\":\"ListItem\",\"position\":3,\"name\":\"Conector N macho para cable de 1\/2\u201d\"}]},{\"@type\":\"WebSite\",\"@id\":\"https:\/\/tecplan.com.es\/#website\",\"url\":\"https:\/\/tecplan.com.es\/\",\"name\":\"Tecplan\",\"description\":\"\",\"potentialAction\":[{\"@type\":\"SearchAction\",\"target\":{\"@type\":\"EntryPoint\",\"urlTemplate\":\"https:\/\/tecplan.com.es\/?s={search_term_string}\"},\"query-input\":{\"@type\":\"PropertyValueSpecification\",\"valueRequired\":true,\"valueName\":\"search_term_string\"}}],\"inLanguage\":\"en-US\"}]}<\/script>\n<!-- \/ Yoast SEO plugin. -->","yoast_head_json":{"title":"Conector N macho para cable de 1\/2\u201d - Tecplan","robots":{"index":"index","follow":"follow","max-snippet":"max-snippet:-1","max-image-preview":"max-image-preview:large","max-video-preview":"max-video-preview:-1"},"canonical":"https:\/\/tecplan.com.es\/en\/product\/conector-n-macho-para-cable-de-1-2\/","og_locale":"en_US","og_type":"article","og_title":"Conector N macho para cable de 1\/2\u201d - Tecplan","og_description":"Conector N macho para cable coaxial SF de 1\/2\u201d    conector de RF tipo N macho utilizado para unir cables coaxiales.  Tipo: Conector de radiofrecuencia (RF) roscado y resistente a la intemperie.","og_url":"https:\/\/tecplan.com.es\/en\/product\/conector-n-macho-para-cable-de-1-2\/","og_site_name":"Tecplan","article_modified_time":"2026-02-18T17:31:30+00:00","og_image":[{"width":1250,"height":1250,"url":"https:\/\/tecplan.com.es\/wp-content\/uploads\/2026\/02\/N-mal_1.jpg","type":"image\/jpeg"}],"twitter_card":"summary_large_image","twitter_misc":{"Est. reading time":"1 minute"},"schema":{"@context":"https:\/\/schema.org","@graph":[{"@type":"WebPage","@id":"https:\/\/tecplan.com.es\/product\/conector-n-macho-para-cable-de-1-2\/","url":"https:\/\/tecplan.com.es\/product\/conector-n-macho-para-cable-de-1-2\/","name":"Conector N macho para cable de 1\/2\u201d - Tecplan","isPartOf":{"@id":"https:\/\/tecplan.com.es\/#website"},"primaryImageOfPage":{"@id":"https:\/\/tecplan.com.es\/product\/conector-n-macho-para-cable-de-1-2\/#primaryimage"},"image":{"@id":"https:\/\/tecplan.com.es\/product\/conector-n-macho-para-cable-de-1-2\/#primaryimage"},"thumbnailUrl":"https:\/\/tecplan.com.es\/wp-content\/uploads\/2026\/02\/N-mal_1.jpg","datePublished":"2026-02-13T22:23:02+00:00","dateModified":"2026-02-18T17:31:30+00:00","breadcrumb":{"@id":"https:\/\/tecplan.com.es\/product\/conector-n-macho-para-cable-de-1-2\/#breadcrumb"},"inLanguage":"en-US","potentialAction":[{"@type":"ReadAction","target":["https:\/\/tecplan.com.es\/product\/conector-n-macho-para-cable-de-1-2\/"]}]},{"@type":"ImageObject","inLanguage":"en-US","@id":"https:\/\/tecplan.com.es\/product\/conector-n-macho-para-cable-de-1-2\/#primaryimage","url":"https:\/\/tecplan.com.es\/wp-content\/uploads\/2026\/02\/N-mal_1.jpg","contentUrl":"https:\/\/tecplan.com.es\/wp-content\/uploads\/2026\/02\/N-mal_1.jpg","width":1250,"height":1250},{"@type":"BreadcrumbList","@id":"https:\/\/tecplan.com.es\/product\/conector-n-macho-para-cable-de-1-2\/#breadcrumb","itemListElement":[{"@type":"ListItem","position":1,"name":"Home","item":"https:\/\/tecplan.com.es\/"},{"@type":"ListItem","position":2,"name":"Shop","item":"https:\/\/tecplan.com.es\/shop\/"},{"@type":"ListItem","position":3,"name":"Conector N macho para cable de 1\/2\u201d"}]},{"@type":"WebSite","@id":"https:\/\/tecplan.com.es\/#website","url":"https:\/\/tecplan.com.es\/","name":"Tecplan","description":"","potentialAction":[{"@type":"SearchAction","target":{"@type":"EntryPoint","urlTemplate":"https:\/\/tecplan.com.es\/?s={search_term_string}"},"query-input":{"@type":"PropertyValueSpecification","valueRequired":true,"valueName":"search_term_string"}}],"inLanguage":"en-US"}]}},"_links":{"self":[{"href":"https:\/\/tecplan.com.es\/en\/wp-json\/wp\/v2\/product\/5658","targetHints":{"allow":["GET"]}}],"collection":[{"href":"https:\/\/tecplan.com.es\/en\/wp-json\/wp\/v2\/product"}],"about":[{"href":"https:\/\/tecplan.com.es\/en\/wp-json\/wp\/v2\/types\/product"}],"replies":[{"embeddable":true,"href":"https:\/\/tecplan.com.es\/en\/wp-json\/wp\/v2\/comments?post=5658"}],"version-history":[{"count":2,"href":"https:\/\/tecplan.com.es\/en\/wp-json\/wp\/v2\/product\/5658\/revisions"}],"predecessor-version":[{"id":5771,"href":"https:\/\/tecplan.com.es\/en\/wp-json\/wp\/v2\/product\/5658\/revisions\/5771"}],"wp:featuredmedia":[{"embeddable":true,"href":"https:\/\/tecplan.com.es\/en\/wp-json\/wp\/v2\/media\/5601"}],"wp:attachment":[{"href":"https:\/\/tecplan.com.es\/en\/wp-json\/wp\/v2\/media?parent=5658"}],"wp:term":[{"taxonomy":"product_brand","embeddable":true,"href":"https:\/\/tecplan.com.es\/en\/wp-json\/wp\/v2\/product_brand?post=5658"},{"taxonomy":"product_cat","embeddable":true,"href":"https:\/\/tecplan.com.es\/en\/wp-json\/wp\/v2\/product_cat?post=5658"},{"taxonomy":"product_tag","embeddable":true,"href":"https:\/\/tecplan.com.es\/en\/wp-json\/wp\/v2\/product_tag?post=5658"}],"curies":[{"name":"wp","href":"https:\/\/api.w.org\/{rel}","templated":true}]}}