{"id":5539,"date":"2026-02-06T21:59:38","date_gmt":"2026-02-06T21:59:38","guid":{"rendered":"https:\/\/tecplan.com.es\/product\/unidad-de-red-optica-sm8546m\/"},"modified":"2026-02-17T19:47:24","modified_gmt":"2026-02-17T19:47:24","slug":"unidad-de-red-optica-sm8546m","status":"publish","type":"product","link":"https:\/\/tecplan.com.es\/en\/product\/unidad-de-red-optica-sm8546m\/","title":{"rendered":"Unidad de red \u00f3ptica SM8546M"},"content":{"rendered":"<p style=\"text-align: justify;\"><strong>Unidad de red \u00f3ptica (ONU) SM8546M XPON ONU<\/strong><\/p>\n<p style=\"text-align: justify;\">La unidad de red \u00f3ptica (ONU) es un dispositivo del lado del usuario en la red PON, que proporciona a los usuarios servicios de acceso para datos y otros servicios. La funci\u00f3n principal del dispositivo ONU es recibir se\u00f1ales \u00f3pticas en la direcci\u00f3n descendente y convertirlas en mensajes Ethernet para ser transmitidos a los usuarios, y convertir los mensajes Ethernet recibidos del equipo o la red del usuario en se\u00f1ales \u00f3pticas en la direcci\u00f3n ascendente y transmitirlos a la red de capa superior a trav\u00e9s de la red PON. Red PON a la red de capa superior.<\/p>\n<p><strong style=\"font-size: 19.2px; text-align: justify;\">DOWNLOADS<\/strong><\/p>\n<div class=\"mod_cont\">\n<ul style=\"text-align: justify;\">\n<li><a href=\"https:\/\/drive.google.com\/file\/d\/1bIa7jEnUKkcJqFD19pSOBDZlnrJYUZ94\/view?usp=sharing\">\u2192 Technical specifications in Spanish<\/a><\/li>\n<li><a href=\"https:\/\/drive.google.com\/file\/d\/1qdpKrGwdYS-9Zo6HfRgvnhoMKgCfJrMc\/view?usp=sharing\">\u2192 Technical specifications in English<\/a><\/li>\n<\/ul>\n<\/div>\n<p>&nbsp;<\/p>","protected":false},"excerpt":{"rendered":"<p style=\"text-align: justify;\">La serie SM8546M proporciona puertos Ethernet de 1 Gigabit y 300 Gigabit, WIFI4, una interfaz VOIP, una interfaz USB.<\/p>\n<p><img decoding=\"async\" class=\"wp-image-1038 aligncenter\" src=\"https:\/\/tecplan.com.es\/wp-content\/uploads\/2025\/05\/summit-300x138.webp\" alt=\"\" width=\"166\" height=\"60\" \/><\/p>","protected":false},"featured_media":5504,"comment_status":"open","ping_status":"closed","template":"","meta":{"site-sidebar-layout":"default","site-content-layout":"","ast-site-content-layout":"default","site-content-style":"default","site-sidebar-style":"default","ast-global-header-display":"","ast-banner-title-visibility":"","ast-main-header-display":"","ast-hfb-above-header-display":"","ast-hfb-below-header-display":"","ast-hfb-mobile-header-display":"","site-post-title":"","ast-breadcrumbs-content":"","ast-featured-img":"","footer-sml-layout":"","ast-disable-related-posts":"","theme-transparent-header-meta":"default","adv-header-id-meta":"","stick-header-meta":"","header-above-stick-meta":"","header-main-stick-meta":"","header-below-stick-meta":"","astra-migrate-meta-layouts":"set","ast-page-background-enabled":"default","ast-page-background-meta":{"desktop":{"background-color":"var(--ast-global-color-5)","background-image":"","background-repeat":"repeat","background-position":"center center","background-size":"auto","background-attachment":"scroll","background-type":"","background-media":"","overlay-type":"","overlay-color":"","overlay-opacity":"","overlay-gradient":""},"tablet":{"background-color":"","background-image":"","background-repeat":"repeat","background-position":"center center","background-size":"auto","background-attachment":"scroll","background-type":"","background-media":"","overlay-type":"","overlay-color":"","overlay-opacity":"","overlay-gradient":""},"mobile":{"background-color":"","background-image":"","background-repeat":"repeat","background-position":"center center","background-size":"auto","background-attachment":"scroll","background-type":"","background-media":"","overlay-type":"","overlay-color":"","overlay-opacity":"","overlay-gradient":""}},"ast-content-background-meta":{"desktop":{"background-color":"var(--ast-global-color-4)","background-image":"","background-repeat":"repeat","background-position":"center center","background-size":"auto","background-attachment":"scroll","background-type":"","background-media":"","overlay-type":"","overlay-color":"","overlay-opacity":"","overlay-gradient":""},"tablet":{"background-color":"var(--ast-global-color-4)","background-image":"","background-repeat":"repeat","background-position":"center center","background-size":"auto","background-attachment":"scroll","background-type":"","background-media":"","overlay-type":"","overlay-color":"","overlay-opacity":"","overlay-gradient":""},"mobile":{"background-color":"var(--ast-global-color-4)","background-image":"","background-repeat":"repeat","background-position":"center center","background-size":"auto","background-attachment":"scroll","background-type":"","background-media":"","overlay-type":"","overlay-color":"","overlay-opacity":"","overlay-gradient":""}}},"product_brand":[234],"product_cat":[62,93,96,59,60,256,90],"product_tag":[207],"class_list":{"0":"post-5539","1":"product","2":"type-product","3":"status-publish","4":"has-post-thumbnail","6":"product_brand-summit","7":"product_cat-conectores","8":"product_cat-conectores-summit","9":"product_cat-networking","10":"product_cat-radio-comunicacion","11":"product_cat-summit","12":"product_cat-summit-networking","13":"product_cat-summit-cobertura-celular","14":"product_tag-summit","15":"desktop-align-left","16":"tablet-align-left","17":"mobile-align-left","19":"first","20":"instock","21":"shipping-taxable","22":"product-type-simple"},"yoast_head":"<!-- This site is optimized with the Yoast SEO plugin v25.3 - https:\/\/yoast.com\/wordpress\/plugins\/seo\/ -->\n<title>Unidad de red \u00f3ptica SM8546M - Tecplan<\/title>\n<meta name=\"robots\" content=\"index, follow, max-snippet:-1, max-image-preview:large, max-video-preview:-1\" \/>\n<link rel=\"canonical\" href=\"https:\/\/tecplan.com.es\/en\/product\/unidad-de-red-optica-sm8546m\/\" \/>\n<meta property=\"og:locale\" content=\"en_US\" \/>\n<meta property=\"og:type\" content=\"article\" \/>\n<meta property=\"og:title\" content=\"Unidad de red \u00f3ptica SM8546M - Tecplan\" \/>\n<meta property=\"og:description\" content=\"La serie SM8546M proporciona puertos Ethernet de 1 Gigabit y 300 Gigabit, WIFI4, una interfaz VOIP, una interfaz USB.\" \/>\n<meta property=\"og:url\" content=\"https:\/\/tecplan.com.es\/en\/product\/unidad-de-red-optica-sm8546m\/\" \/>\n<meta property=\"og:site_name\" content=\"Tecplan\" \/>\n<meta property=\"article:modified_time\" content=\"2026-02-17T19:47:24+00:00\" \/>\n<meta property=\"og:image\" content=\"https:\/\/tecplan.com.es\/wp-content\/uploads\/2026\/02\/SM8546M-RED_1.jpg\" \/>\n\t<meta property=\"og:image:width\" content=\"1250\" \/>\n\t<meta property=\"og:image:height\" content=\"1250\" \/>\n\t<meta property=\"og:image:type\" content=\"image\/jpeg\" \/>\n<meta name=\"twitter:card\" content=\"summary_large_image\" \/>\n<meta name=\"twitter:label1\" content=\"Est. reading time\" \/>\n\t<meta name=\"twitter:data1\" content=\"1 minute\" \/>\n<script type=\"application\/ld+json\" class=\"yoast-schema-graph\">{\"@context\":\"https:\/\/schema.org\",\"@graph\":[{\"@type\":\"WebPage\",\"@id\":\"https:\/\/tecplan.com.es\/product\/unidad-de-red-optica-sm8546m\/\",\"url\":\"https:\/\/tecplan.com.es\/product\/unidad-de-red-optica-sm8546m\/\",\"name\":\"Unidad de red \u00f3ptica SM8546M - Tecplan\",\"isPartOf\":{\"@id\":\"https:\/\/tecplan.com.es\/#website\"},\"primaryImageOfPage\":{\"@id\":\"https:\/\/tecplan.com.es\/product\/unidad-de-red-optica-sm8546m\/#primaryimage\"},\"image\":{\"@id\":\"https:\/\/tecplan.com.es\/product\/unidad-de-red-optica-sm8546m\/#primaryimage\"},\"thumbnailUrl\":\"https:\/\/tecplan.com.es\/wp-content\/uploads\/2026\/02\/SM8546M-RED_1.jpg\",\"datePublished\":\"2026-02-06T21:59:38+00:00\",\"dateModified\":\"2026-02-17T19:47:24+00:00\",\"breadcrumb\":{\"@id\":\"https:\/\/tecplan.com.es\/product\/unidad-de-red-optica-sm8546m\/#breadcrumb\"},\"inLanguage\":\"en-US\",\"potentialAction\":[{\"@type\":\"ReadAction\",\"target\":[\"https:\/\/tecplan.com.es\/product\/unidad-de-red-optica-sm8546m\/\"]}]},{\"@type\":\"ImageObject\",\"inLanguage\":\"en-US\",\"@id\":\"https:\/\/tecplan.com.es\/product\/unidad-de-red-optica-sm8546m\/#primaryimage\",\"url\":\"https:\/\/tecplan.com.es\/wp-content\/uploads\/2026\/02\/SM8546M-RED_1.jpg\",\"contentUrl\":\"https:\/\/tecplan.com.es\/wp-content\/uploads\/2026\/02\/SM8546M-RED_1.jpg\",\"width\":1250,\"height\":1250},{\"@type\":\"BreadcrumbList\",\"@id\":\"https:\/\/tecplan.com.es\/product\/unidad-de-red-optica-sm8546m\/#breadcrumb\",\"itemListElement\":[{\"@type\":\"ListItem\",\"position\":1,\"name\":\"Home\",\"item\":\"https:\/\/tecplan.com.es\/\"},{\"@type\":\"ListItem\",\"position\":2,\"name\":\"Shop\",\"item\":\"https:\/\/tecplan.com.es\/shop\/\"},{\"@type\":\"ListItem\",\"position\":3,\"name\":\"Unidad de red \u00f3ptica SM8546M\"}]},{\"@type\":\"WebSite\",\"@id\":\"https:\/\/tecplan.com.es\/#website\",\"url\":\"https:\/\/tecplan.com.es\/\",\"name\":\"Tecplan\",\"description\":\"\",\"potentialAction\":[{\"@type\":\"SearchAction\",\"target\":{\"@type\":\"EntryPoint\",\"urlTemplate\":\"https:\/\/tecplan.com.es\/?s={search_term_string}\"},\"query-input\":{\"@type\":\"PropertyValueSpecification\",\"valueRequired\":true,\"valueName\":\"search_term_string\"}}],\"inLanguage\":\"en-US\"}]}<\/script>\n<!-- \/ Yoast SEO plugin. -->","yoast_head_json":{"title":"Unidad de red \u00f3ptica SM8546M - Tecplan","robots":{"index":"index","follow":"follow","max-snippet":"max-snippet:-1","max-image-preview":"max-image-preview:large","max-video-preview":"max-video-preview:-1"},"canonical":"https:\/\/tecplan.com.es\/en\/product\/unidad-de-red-optica-sm8546m\/","og_locale":"en_US","og_type":"article","og_title":"Unidad de red \u00f3ptica SM8546M - Tecplan","og_description":"La serie SM8546M proporciona puertos Ethernet de 1 Gigabit y 300 Gigabit, WIFI4, una interfaz VOIP, una interfaz USB.","og_url":"https:\/\/tecplan.com.es\/en\/product\/unidad-de-red-optica-sm8546m\/","og_site_name":"Tecplan","article_modified_time":"2026-02-17T19:47:24+00:00","og_image":[{"width":1250,"height":1250,"url":"https:\/\/tecplan.com.es\/wp-content\/uploads\/2026\/02\/SM8546M-RED_1.jpg","type":"image\/jpeg"}],"twitter_card":"summary_large_image","twitter_misc":{"Est. reading time":"1 minute"},"schema":{"@context":"https:\/\/schema.org","@graph":[{"@type":"WebPage","@id":"https:\/\/tecplan.com.es\/product\/unidad-de-red-optica-sm8546m\/","url":"https:\/\/tecplan.com.es\/product\/unidad-de-red-optica-sm8546m\/","name":"Unidad de red \u00f3ptica SM8546M - Tecplan","isPartOf":{"@id":"https:\/\/tecplan.com.es\/#website"},"primaryImageOfPage":{"@id":"https:\/\/tecplan.com.es\/product\/unidad-de-red-optica-sm8546m\/#primaryimage"},"image":{"@id":"https:\/\/tecplan.com.es\/product\/unidad-de-red-optica-sm8546m\/#primaryimage"},"thumbnailUrl":"https:\/\/tecplan.com.es\/wp-content\/uploads\/2026\/02\/SM8546M-RED_1.jpg","datePublished":"2026-02-06T21:59:38+00:00","dateModified":"2026-02-17T19:47:24+00:00","breadcrumb":{"@id":"https:\/\/tecplan.com.es\/product\/unidad-de-red-optica-sm8546m\/#breadcrumb"},"inLanguage":"en-US","potentialAction":[{"@type":"ReadAction","target":["https:\/\/tecplan.com.es\/product\/unidad-de-red-optica-sm8546m\/"]}]},{"@type":"ImageObject","inLanguage":"en-US","@id":"https:\/\/tecplan.com.es\/product\/unidad-de-red-optica-sm8546m\/#primaryimage","url":"https:\/\/tecplan.com.es\/wp-content\/uploads\/2026\/02\/SM8546M-RED_1.jpg","contentUrl":"https:\/\/tecplan.com.es\/wp-content\/uploads\/2026\/02\/SM8546M-RED_1.jpg","width":1250,"height":1250},{"@type":"BreadcrumbList","@id":"https:\/\/tecplan.com.es\/product\/unidad-de-red-optica-sm8546m\/#breadcrumb","itemListElement":[{"@type":"ListItem","position":1,"name":"Home","item":"https:\/\/tecplan.com.es\/"},{"@type":"ListItem","position":2,"name":"Shop","item":"https:\/\/tecplan.com.es\/shop\/"},{"@type":"ListItem","position":3,"name":"Unidad de red \u00f3ptica SM8546M"}]},{"@type":"WebSite","@id":"https:\/\/tecplan.com.es\/#website","url":"https:\/\/tecplan.com.es\/","name":"Tecplan","description":"","potentialAction":[{"@type":"SearchAction","target":{"@type":"EntryPoint","urlTemplate":"https:\/\/tecplan.com.es\/?s={search_term_string}"},"query-input":{"@type":"PropertyValueSpecification","valueRequired":true,"valueName":"search_term_string"}}],"inLanguage":"en-US"}]}},"_links":{"self":[{"href":"https:\/\/tecplan.com.es\/en\/wp-json\/wp\/v2\/product\/5539","targetHints":{"allow":["GET"]}}],"collection":[{"href":"https:\/\/tecplan.com.es\/en\/wp-json\/wp\/v2\/product"}],"about":[{"href":"https:\/\/tecplan.com.es\/en\/wp-json\/wp\/v2\/types\/product"}],"replies":[{"embeddable":true,"href":"https:\/\/tecplan.com.es\/en\/wp-json\/wp\/v2\/comments?post=5539"}],"version-history":[{"count":3,"href":"https:\/\/tecplan.com.es\/en\/wp-json\/wp\/v2\/product\/5539\/revisions"}],"predecessor-version":[{"id":5720,"href":"https:\/\/tecplan.com.es\/en\/wp-json\/wp\/v2\/product\/5539\/revisions\/5720"}],"wp:featuredmedia":[{"embeddable":true,"href":"https:\/\/tecplan.com.es\/en\/wp-json\/wp\/v2\/media\/5504"}],"wp:attachment":[{"href":"https:\/\/tecplan.com.es\/en\/wp-json\/wp\/v2\/media?parent=5539"}],"wp:term":[{"taxonomy":"product_brand","embeddable":true,"href":"https:\/\/tecplan.com.es\/en\/wp-json\/wp\/v2\/product_brand?post=5539"},{"taxonomy":"product_cat","embeddable":true,"href":"https:\/\/tecplan.com.es\/en\/wp-json\/wp\/v2\/product_cat?post=5539"},{"taxonomy":"product_tag","embeddable":true,"href":"https:\/\/tecplan.com.es\/en\/wp-json\/wp\/v2\/product_tag?post=5539"}],"curies":[{"name":"wp","href":"https:\/\/api.w.org\/{rel}","templated":true}]}}