{"id":5538,"date":"2026-02-06T21:59:38","date_gmt":"2026-02-06T21:59:38","guid":{"rendered":"https:\/\/tecplan.com.es\/product\/analizador-digital-sm2048\/"},"modified":"2026-02-18T21:21:05","modified_gmt":"2026-02-18T21:21:05","slug":"analizador-digital-sm2048","status":"publish","type":"product","link":"https:\/\/tecplan.com.es\/en\/product\/analizador-digital-sm2048\/","title":{"rendered":"Analizador Digital  SM2048"},"content":{"rendered":"<p style=\"text-align: justify;\"><strong>Analizador de transmisi\u00f3n digital Modelo SM2048<\/strong><\/p>\n<p style=\"text-align: justify;\">El DTA-SM2048\/C realiza an\u00e1lisis de se\u00f1alizaci\u00f3n enmarcados y no enmarcados, y coloca e inserta datos de N*64 Kbps o n*56 Kbps en cualquier intervalo de tiempo. El analizador DTA-SM2048\/C tambi\u00e9n proporciona una variedad de estados de l\u00ednea E1, pruebas de rendimiento de transmisi\u00f3n (BERT) y monitoreo. En la l\u00ednea E1, el DTA-SM2048\/C se puede utilizar como generador o receptor.<\/p>\n<p style=\"text-align: justify;\">Configuraci\u00f3n del c\u00f3digo LoopBack y Detecci\u00f3n: Banda ENTRADA, Banda Salida y Histograma UIT-T V.54 BERT<\/p>\n<ul>\n<li style=\"text-align: justify;\">An\u00e1lisis<\/li>\n<li style=\"text-align: justify;\">C\u00f3digos de bucle de control DSO (opcional): PUNTA, LSC, LBE, FEV<\/li>\n<li style=\"text-align: justify;\">Pantalla LCD grande: 32 caracteres<\/li>\n<li style=\"text-align: justify;\">L\u00edneas, modo Texto\/Gr\u00e1fico<\/li>\n<li style=\"text-align: justify;\">Imprimir mediante impresora paralela puerto\/impresi\u00f3n a trav\u00e9s de la serie RS-232<\/li>\n<li style=\"text-align: justify;\">Puerto (opci\u00f3n)<\/li>\n<li style=\"text-align: justify;\">Almacenamiento en memoria interna de la prueba.<\/li>\n<li style=\"text-align: justify;\">Resultado.\/Visualizaci\u00f3n directa en la pantalla LCD<\/li>\n<li style=\"text-align: justify;\">Informe de resultados<\/li>\n<li style=\"text-align: justify;\">Port\u00e1til para uso en campo<\/li>\n<li style=\"text-align: justify;\">Actualizable para funciones avanzadas<\/li>\n<li style=\"text-align: justify;\">Recargable<\/li>\n<\/ul>\n<p style=\"text-align: justify;\">ES Los cables de fibra \u00f3ptica multimodo OM3 50\/125 cumplen con la norma ISO\/IEC 11801. Se utilizan en redes de 10 Gbps para satisfacer la creciente demanda de altas velocidades de datos.<\/p>\n<p><strong style=\"font-size: 19.2px; text-align: justify;\">DOWNLOADS<\/strong><\/p>\n<div class=\"mod_cont\">\n<ul style=\"text-align: justify;\">\n<li><a href=\"https:\/\/drive.google.com\/file\/d\/1gVqbiwucFVlJDkGcd7xSXbyUS5It2NJ_\/view?usp=sharing\">\u2192 Technical specifications<\/a><\/li>\n<\/ul>\n<\/div>\n<p>&nbsp;<\/p>","protected":false},"excerpt":{"rendered":"<p style=\"text-align: justify;\">El analizador de la serie SM2048 es un instrumento de medici\u00f3n PCM E1 compacto, con pantalla LCD en color, interfaz gr\u00e1fica de usuario y tama\u00f1o de subnota, dise\u00f1ado para uso en campo en an\u00e1lisis y mantenimiento de l\u00edneas E1 (2,048 Mbps).<\/p>\n<p><img decoding=\"async\" class=\"wp-image-1038 aligncenter\" src=\"https:\/\/tecplan.com.es\/wp-content\/uploads\/2025\/05\/summit-300x138.webp\" alt=\"\" width=\"191\" height=\"86\" \/><\/p>","protected":false},"featured_media":5502,"comment_status":"open","ping_status":"closed","template":"","meta":{"site-sidebar-layout":"default","site-content-layout":"","ast-site-content-layout":"default","site-content-style":"default","site-sidebar-style":"default","ast-global-header-display":"","ast-banner-title-visibility":"","ast-main-header-display":"","ast-hfb-above-header-display":"","ast-hfb-below-header-display":"","ast-hfb-mobile-header-display":"","site-post-title":"","ast-breadcrumbs-content":"","ast-featured-img":"","footer-sml-layout":"","ast-disable-related-posts":"","theme-transparent-header-meta":"default","adv-header-id-meta":"","stick-header-meta":"","header-above-stick-meta":"","header-main-stick-meta":"","header-below-stick-meta":"","astra-migrate-meta-layouts":"set","ast-page-background-enabled":"default","ast-page-background-meta":{"desktop":{"background-color":"var(--ast-global-color-5)","background-image":"","background-repeat":"repeat","background-position":"center center","background-size":"auto","background-attachment":"scroll","background-type":"","background-media":"","overlay-type":"","overlay-color":"","overlay-opacity":"","overlay-gradient":""},"tablet":{"background-color":"","background-image":"","background-repeat":"repeat","background-position":"center center","background-size":"auto","background-attachment":"scroll","background-type":"","background-media":"","overlay-type":"","overlay-color":"","overlay-opacity":"","overlay-gradient":""},"mobile":{"background-color":"","background-image":"","background-repeat":"repeat","background-position":"center center","background-size":"auto","background-attachment":"scroll","background-type":"","background-media":"","overlay-type":"","overlay-color":"","overlay-opacity":"","overlay-gradient":""}},"ast-content-background-meta":{"desktop":{"background-color":"var(--ast-global-color-4)","background-image":"","background-repeat":"repeat","background-position":"center center","background-size":"auto","background-attachment":"scroll","background-type":"","background-media":"","overlay-type":"","overlay-color":"","overlay-opacity":"","overlay-gradient":""},"tablet":{"background-color":"var(--ast-global-color-4)","background-image":"","background-repeat":"repeat","background-position":"center center","background-size":"auto","background-attachment":"scroll","background-type":"","background-media":"","overlay-type":"","overlay-color":"","overlay-opacity":"","overlay-gradient":""},"mobile":{"background-color":"var(--ast-global-color-4)","background-image":"","background-repeat":"repeat","background-position":"center center","background-size":"auto","background-attachment":"scroll","background-type":"","background-media":"","overlay-type":"","overlay-color":"","overlay-opacity":"","overlay-gradient":""}}},"product_brand":[234],"product_cat":[82,96,91,59,60,256,90],"product_tag":[207],"class_list":{"0":"post-5538","1":"product","2":"type-product","3":"status-publish","4":"has-post-thumbnail","6":"product_brand-summit","7":"product_cat-cobertura-celular","8":"product_cat-networking","9":"product_cat-otros-summit","10":"product_cat-radio-comunicacion","11":"product_cat-summit","12":"product_cat-summit-networking","13":"product_cat-summit-cobertura-celular","14":"product_tag-summit","15":"desktop-align-left","16":"tablet-align-left","17":"mobile-align-left","19":"first","20":"instock","21":"shipping-taxable","22":"product-type-simple"},"yoast_head":"<!-- This site is optimized with the Yoast SEO plugin v25.3 - https:\/\/yoast.com\/wordpress\/plugins\/seo\/ -->\n<title>Analizador Digital SM2048 - Tecplan<\/title>\n<meta name=\"robots\" content=\"index, follow, max-snippet:-1, max-image-preview:large, max-video-preview:-1\" \/>\n<link rel=\"canonical\" href=\"https:\/\/tecplan.com.es\/en\/product\/analizador-digital-sm2048\/\" \/>\n<meta property=\"og:locale\" content=\"en_US\" \/>\n<meta property=\"og:type\" content=\"article\" \/>\n<meta property=\"og:title\" content=\"Analizador Digital SM2048 - Tecplan\" \/>\n<meta property=\"og:description\" content=\"El analizador de la serie SM2048 es un instrumento de medici\u00f3n PCM E1 compacto, con pantalla LCD en color, interfaz gr\u00e1fica de usuario y tama\u00f1o de subnota, dise\u00f1ado para uso en campo en an\u00e1lisis y mantenimiento de l\u00edneas E1 (2,048 Mbps).\" \/>\n<meta property=\"og:url\" content=\"https:\/\/tecplan.com.es\/en\/product\/analizador-digital-sm2048\/\" \/>\n<meta property=\"og:site_name\" content=\"Tecplan\" \/>\n<meta property=\"article:modified_time\" content=\"2026-02-18T21:21:05+00:00\" \/>\n<meta property=\"og:image\" content=\"https:\/\/tecplan.com.es\/wp-content\/uploads\/2026\/02\/Analizador-SM2048_01.jpg\" \/>\n\t<meta property=\"og:image:width\" content=\"1250\" \/>\n\t<meta property=\"og:image:height\" content=\"1250\" \/>\n\t<meta property=\"og:image:type\" content=\"image\/jpeg\" \/>\n<meta name=\"twitter:card\" content=\"summary_large_image\" \/>\n<meta name=\"twitter:label1\" content=\"Est. reading time\" \/>\n\t<meta name=\"twitter:data1\" content=\"2 minutes\" \/>\n<script type=\"application\/ld+json\" class=\"yoast-schema-graph\">{\"@context\":\"https:\/\/schema.org\",\"@graph\":[{\"@type\":\"WebPage\",\"@id\":\"https:\/\/tecplan.com.es\/product\/analizador-digital-sm2048\/\",\"url\":\"https:\/\/tecplan.com.es\/product\/analizador-digital-sm2048\/\",\"name\":\"Analizador Digital SM2048 - Tecplan\",\"isPartOf\":{\"@id\":\"https:\/\/tecplan.com.es\/#website\"},\"primaryImageOfPage\":{\"@id\":\"https:\/\/tecplan.com.es\/product\/analizador-digital-sm2048\/#primaryimage\"},\"image\":{\"@id\":\"https:\/\/tecplan.com.es\/product\/analizador-digital-sm2048\/#primaryimage\"},\"thumbnailUrl\":\"https:\/\/tecplan.com.es\/wp-content\/uploads\/2026\/02\/Analizador-SM2048_01.jpg\",\"datePublished\":\"2026-02-06T21:59:38+00:00\",\"dateModified\":\"2026-02-18T21:21:05+00:00\",\"breadcrumb\":{\"@id\":\"https:\/\/tecplan.com.es\/product\/analizador-digital-sm2048\/#breadcrumb\"},\"inLanguage\":\"en-US\",\"potentialAction\":[{\"@type\":\"ReadAction\",\"target\":[\"https:\/\/tecplan.com.es\/product\/analizador-digital-sm2048\/\"]}]},{\"@type\":\"ImageObject\",\"inLanguage\":\"en-US\",\"@id\":\"https:\/\/tecplan.com.es\/product\/analizador-digital-sm2048\/#primaryimage\",\"url\":\"https:\/\/tecplan.com.es\/wp-content\/uploads\/2026\/02\/Analizador-SM2048_01.jpg\",\"contentUrl\":\"https:\/\/tecplan.com.es\/wp-content\/uploads\/2026\/02\/Analizador-SM2048_01.jpg\",\"width\":1250,\"height\":1250},{\"@type\":\"BreadcrumbList\",\"@id\":\"https:\/\/tecplan.com.es\/product\/analizador-digital-sm2048\/#breadcrumb\",\"itemListElement\":[{\"@type\":\"ListItem\",\"position\":1,\"name\":\"Home\",\"item\":\"https:\/\/tecplan.com.es\/\"},{\"@type\":\"ListItem\",\"position\":2,\"name\":\"Shop\",\"item\":\"https:\/\/tecplan.com.es\/shop\/\"},{\"@type\":\"ListItem\",\"position\":3,\"name\":\"Analizador Digital SM2048\"}]},{\"@type\":\"WebSite\",\"@id\":\"https:\/\/tecplan.com.es\/#website\",\"url\":\"https:\/\/tecplan.com.es\/\",\"name\":\"Tecplan\",\"description\":\"\",\"potentialAction\":[{\"@type\":\"SearchAction\",\"target\":{\"@type\":\"EntryPoint\",\"urlTemplate\":\"https:\/\/tecplan.com.es\/?s={search_term_string}\"},\"query-input\":{\"@type\":\"PropertyValueSpecification\",\"valueRequired\":true,\"valueName\":\"search_term_string\"}}],\"inLanguage\":\"en-US\"}]}<\/script>\n<!-- \/ Yoast SEO plugin. -->","yoast_head_json":{"title":"Analizador Digital SM2048 - Tecplan","robots":{"index":"index","follow":"follow","max-snippet":"max-snippet:-1","max-image-preview":"max-image-preview:large","max-video-preview":"max-video-preview:-1"},"canonical":"https:\/\/tecplan.com.es\/en\/product\/analizador-digital-sm2048\/","og_locale":"en_US","og_type":"article","og_title":"Analizador Digital SM2048 - Tecplan","og_description":"El analizador de la serie SM2048 es un instrumento de medici\u00f3n PCM E1 compacto, con pantalla LCD en color, interfaz gr\u00e1fica de usuario y tama\u00f1o de subnota, dise\u00f1ado para uso en campo en an\u00e1lisis y mantenimiento de l\u00edneas E1 (2,048 Mbps).","og_url":"https:\/\/tecplan.com.es\/en\/product\/analizador-digital-sm2048\/","og_site_name":"Tecplan","article_modified_time":"2026-02-18T21:21:05+00:00","og_image":[{"width":1250,"height":1250,"url":"https:\/\/tecplan.com.es\/wp-content\/uploads\/2026\/02\/Analizador-SM2048_01.jpg","type":"image\/jpeg"}],"twitter_card":"summary_large_image","twitter_misc":{"Est. reading time":"2 minutes"},"schema":{"@context":"https:\/\/schema.org","@graph":[{"@type":"WebPage","@id":"https:\/\/tecplan.com.es\/product\/analizador-digital-sm2048\/","url":"https:\/\/tecplan.com.es\/product\/analizador-digital-sm2048\/","name":"Analizador Digital SM2048 - Tecplan","isPartOf":{"@id":"https:\/\/tecplan.com.es\/#website"},"primaryImageOfPage":{"@id":"https:\/\/tecplan.com.es\/product\/analizador-digital-sm2048\/#primaryimage"},"image":{"@id":"https:\/\/tecplan.com.es\/product\/analizador-digital-sm2048\/#primaryimage"},"thumbnailUrl":"https:\/\/tecplan.com.es\/wp-content\/uploads\/2026\/02\/Analizador-SM2048_01.jpg","datePublished":"2026-02-06T21:59:38+00:00","dateModified":"2026-02-18T21:21:05+00:00","breadcrumb":{"@id":"https:\/\/tecplan.com.es\/product\/analizador-digital-sm2048\/#breadcrumb"},"inLanguage":"en-US","potentialAction":[{"@type":"ReadAction","target":["https:\/\/tecplan.com.es\/product\/analizador-digital-sm2048\/"]}]},{"@type":"ImageObject","inLanguage":"en-US","@id":"https:\/\/tecplan.com.es\/product\/analizador-digital-sm2048\/#primaryimage","url":"https:\/\/tecplan.com.es\/wp-content\/uploads\/2026\/02\/Analizador-SM2048_01.jpg","contentUrl":"https:\/\/tecplan.com.es\/wp-content\/uploads\/2026\/02\/Analizador-SM2048_01.jpg","width":1250,"height":1250},{"@type":"BreadcrumbList","@id":"https:\/\/tecplan.com.es\/product\/analizador-digital-sm2048\/#breadcrumb","itemListElement":[{"@type":"ListItem","position":1,"name":"Home","item":"https:\/\/tecplan.com.es\/"},{"@type":"ListItem","position":2,"name":"Shop","item":"https:\/\/tecplan.com.es\/shop\/"},{"@type":"ListItem","position":3,"name":"Analizador Digital SM2048"}]},{"@type":"WebSite","@id":"https:\/\/tecplan.com.es\/#website","url":"https:\/\/tecplan.com.es\/","name":"Tecplan","description":"","potentialAction":[{"@type":"SearchAction","target":{"@type":"EntryPoint","urlTemplate":"https:\/\/tecplan.com.es\/?s={search_term_string}"},"query-input":{"@type":"PropertyValueSpecification","valueRequired":true,"valueName":"search_term_string"}}],"inLanguage":"en-US"}]}},"_links":{"self":[{"href":"https:\/\/tecplan.com.es\/en\/wp-json\/wp\/v2\/product\/5538","targetHints":{"allow":["GET"]}}],"collection":[{"href":"https:\/\/tecplan.com.es\/en\/wp-json\/wp\/v2\/product"}],"about":[{"href":"https:\/\/tecplan.com.es\/en\/wp-json\/wp\/v2\/types\/product"}],"replies":[{"embeddable":true,"href":"https:\/\/tecplan.com.es\/en\/wp-json\/wp\/v2\/comments?post=5538"}],"version-history":[{"count":2,"href":"https:\/\/tecplan.com.es\/en\/wp-json\/wp\/v2\/product\/5538\/revisions"}],"predecessor-version":[{"id":5828,"href":"https:\/\/tecplan.com.es\/en\/wp-json\/wp\/v2\/product\/5538\/revisions\/5828"}],"wp:featuredmedia":[{"embeddable":true,"href":"https:\/\/tecplan.com.es\/en\/wp-json\/wp\/v2\/media\/5502"}],"wp:attachment":[{"href":"https:\/\/tecplan.com.es\/en\/wp-json\/wp\/v2\/media?parent=5538"}],"wp:term":[{"taxonomy":"product_brand","embeddable":true,"href":"https:\/\/tecplan.com.es\/en\/wp-json\/wp\/v2\/product_brand?post=5538"},{"taxonomy":"product_cat","embeddable":true,"href":"https:\/\/tecplan.com.es\/en\/wp-json\/wp\/v2\/product_cat?post=5538"},{"taxonomy":"product_tag","embeddable":true,"href":"https:\/\/tecplan.com.es\/en\/wp-json\/wp\/v2\/product_tag?post=5538"}],"curies":[{"name":"wp","href":"https:\/\/api.w.org\/{rel}","templated":true}]}}