{"id":5533,"date":"2026-02-06T21:59:38","date_gmt":"2026-02-06T21:59:38","guid":{"rendered":"https:\/\/tecplan.com.es\/product\/empalmadora-de-fibra-optica-cv023\/"},"modified":"2026-02-17T20:10:42","modified_gmt":"2026-02-17T20:10:42","slug":"empalmadora-de-fibra-optica-cv023","status":"publish","type":"product","link":"https:\/\/tecplan.com.es\/en\/product\/empalmadora-de-fibra-optica-cv023\/","title":{"rendered":"Empalmadora de fibra \u00f3ptica CV023"},"content":{"rendered":"<p style=\"text-align: justify;\"><strong>Cerradora de empalme de cable para fibra \u00f3ptica CV023<\/strong><\/p>\n<p style=\"text-align: justify;\">Es resistente al agua y al polvo, y es apto para aplicaciones exteriores en antenas suspendidas, postes, paredes, conductos y enterradas.<\/p>\n<ul>\n<li style=\"text-align: justify;\">Material: Cuerpo exterior de PP+UV de alto impacto, bandeja de empalme interior de ABS.<\/li>\n<li style=\"text-align: justify;\">Estructura de sellado: Sellado termorretr\u00e1ctil.<\/li>\n<li style=\"text-align: justify;\">Est\u00e1ndar IP: IP68 a prueba de agua y polvo, con v\u00e1lvula de presi\u00f3n.<\/li>\n<li style=\"text-align: justify;\">Puertos para cables: 1 puerto ovalado de 69 x 40 mm y 4 puertos redondos de 25 mm de di\u00e1metro.<\/li>\n<li style=\"text-align: justify;\">Cantidad de bandejas de empalme: M\u00e1x. 6 bandejas de empalme OST-016, cada una con capacidad para 24 fibras.<\/li>\n<li style=\"text-align: justify;\">Capacidad: M\u00e1x. 144 fibras.<\/li>\n<li style=\"text-align: justify;\">Rendimiento el\u00e9ctrico: Con dispositivo de puesta a tierra.<\/li>\n<\/ul>\n<p><strong style=\"font-size: 19.2px; text-align: justify;\">DOWNLOADS<\/strong><\/p>\n<div class=\"mod_cont\">\n<ul style=\"text-align: justify;\">\n<li><a href=\"https:\/\/drive.google.com\/file\/d\/1bJqgADqwqGGwJqbsbUFbJkorQDGWyaeT\/view?usp=sharing\">\u2192 Technical specifications<\/a><\/li>\n<\/ul>\n<\/div>\n<p>&nbsp;<\/p>","protected":false},"excerpt":{"rendered":"<p style=\"text-align: justify;\">El CV023 es una caja de empalme de fibra \u00f3ptica tipo domo que se utiliza para empalmar, unir y proteger cables de fibra \u00f3ptica.<\/p>\n<p><img decoding=\"async\" class=\"wp-image-1038 aligncenter\" src=\"https:\/\/tecplan.com.es\/wp-content\/uploads\/2025\/05\/summit-300x138.webp\" alt=\"\" width=\"152\" height=\"68\" \/><\/p>\n<p>&nbsp;<\/p>","protected":false},"featured_media":5484,"comment_status":"open","ping_status":"closed","template":"","meta":{"site-sidebar-layout":"default","site-content-layout":"","ast-site-content-layout":"default","site-content-style":"default","site-sidebar-style":"default","ast-global-header-display":"","ast-banner-title-visibility":"","ast-main-header-display":"","ast-hfb-above-header-display":"","ast-hfb-below-header-display":"","ast-hfb-mobile-header-display":"","site-post-title":"","ast-breadcrumbs-content":"","ast-featured-img":"","footer-sml-layout":"","ast-disable-related-posts":"","theme-transparent-header-meta":"default","adv-header-id-meta":"","stick-header-meta":"","header-above-stick-meta":"","header-main-stick-meta":"","header-below-stick-meta":"","astra-migrate-meta-layouts":"set","ast-page-background-enabled":"default","ast-page-background-meta":{"desktop":{"background-color":"var(--ast-global-color-5)","background-image":"","background-repeat":"repeat","background-position":"center center","background-size":"auto","background-attachment":"scroll","background-type":"","background-media":"","overlay-type":"","overlay-color":"","overlay-opacity":"","overlay-gradient":""},"tablet":{"background-color":"","background-image":"","background-repeat":"repeat","background-position":"center center","background-size":"auto","background-attachment":"scroll","background-type":"","background-media":"","overlay-type":"","overlay-color":"","overlay-opacity":"","overlay-gradient":""},"mobile":{"background-color":"","background-image":"","background-repeat":"repeat","background-position":"center center","background-size":"auto","background-attachment":"scroll","background-type":"","background-media":"","overlay-type":"","overlay-color":"","overlay-opacity":"","overlay-gradient":""}},"ast-content-background-meta":{"desktop":{"background-color":"var(--ast-global-color-4)","background-image":"","background-repeat":"repeat","background-position":"center center","background-size":"auto","background-attachment":"scroll","background-type":"","background-media":"","overlay-type":"","overlay-color":"","overlay-opacity":"","overlay-gradient":""},"tablet":{"background-color":"var(--ast-global-color-4)","background-image":"","background-repeat":"repeat","background-position":"center center","background-size":"auto","background-attachment":"scroll","background-type":"","background-media":"","overlay-type":"","overlay-color":"","overlay-opacity":"","overlay-gradient":""},"mobile":{"background-color":"var(--ast-global-color-4)","background-image":"","background-repeat":"repeat","background-position":"center center","background-size":"auto","background-attachment":"scroll","background-type":"","background-media":"","overlay-type":"","overlay-color":"","overlay-opacity":"","overlay-gradient":""}}},"product_brand":[234],"product_cat":[96,91,59,60,256],"product_tag":[207],"class_list":{"0":"post-5533","1":"product","2":"type-product","3":"status-publish","4":"has-post-thumbnail","6":"product_brand-summit","7":"product_cat-networking","8":"product_cat-otros-summit","9":"product_cat-radio-comunicacion","10":"product_cat-summit","11":"product_cat-summit-networking","12":"product_tag-summit","13":"desktop-align-left","14":"tablet-align-left","15":"mobile-align-left","17":"first","18":"instock","19":"shipping-taxable","20":"product-type-simple"},"yoast_head":"<!-- This site is optimized with the Yoast SEO plugin v25.3 - https:\/\/yoast.com\/wordpress\/plugins\/seo\/ -->\n<title>Empalmadora de fibra \u00f3ptica CV023 - Tecplan<\/title>\n<meta name=\"robots\" content=\"index, follow, max-snippet:-1, max-image-preview:large, max-video-preview:-1\" \/>\n<link rel=\"canonical\" href=\"https:\/\/tecplan.com.es\/en\/product\/empalmadora-de-fibra-optica-cv023\/\" \/>\n<meta property=\"og:locale\" content=\"en_US\" \/>\n<meta property=\"og:type\" content=\"article\" \/>\n<meta property=\"og:title\" content=\"Empalmadora de fibra \u00f3ptica CV023 - Tecplan\" \/>\n<meta property=\"og:description\" content=\"El CV023 es una caja de empalme de fibra \u00f3ptica tipo domo que se utiliza para empalmar, unir y proteger cables de fibra \u00f3ptica.   &nbsp;\" \/>\n<meta property=\"og:url\" content=\"https:\/\/tecplan.com.es\/en\/product\/empalmadora-de-fibra-optica-cv023\/\" \/>\n<meta property=\"og:site_name\" content=\"Tecplan\" \/>\n<meta property=\"article:modified_time\" content=\"2026-02-17T20:10:42+00:00\" \/>\n<meta property=\"og:image\" content=\"https:\/\/tecplan.com.es\/wp-content\/uploads\/2026\/02\/CLOSURE-CV023_0-1.jpg\" \/>\n\t<meta property=\"og:image:width\" content=\"1250\" \/>\n\t<meta property=\"og:image:height\" content=\"1250\" \/>\n\t<meta property=\"og:image:type\" content=\"image\/jpeg\" \/>\n<meta name=\"twitter:card\" content=\"summary_large_image\" \/>\n<meta name=\"twitter:label1\" content=\"Est. reading time\" \/>\n\t<meta name=\"twitter:data1\" content=\"1 minute\" \/>\n<script type=\"application\/ld+json\" class=\"yoast-schema-graph\">{\"@context\":\"https:\/\/schema.org\",\"@graph\":[{\"@type\":\"WebPage\",\"@id\":\"https:\/\/tecplan.com.es\/product\/empalmadora-de-fibra-optica-cv023\/\",\"url\":\"https:\/\/tecplan.com.es\/product\/empalmadora-de-fibra-optica-cv023\/\",\"name\":\"Empalmadora de fibra \u00f3ptica CV023 - Tecplan\",\"isPartOf\":{\"@id\":\"https:\/\/tecplan.com.es\/#website\"},\"primaryImageOfPage\":{\"@id\":\"https:\/\/tecplan.com.es\/product\/empalmadora-de-fibra-optica-cv023\/#primaryimage\"},\"image\":{\"@id\":\"https:\/\/tecplan.com.es\/product\/empalmadora-de-fibra-optica-cv023\/#primaryimage\"},\"thumbnailUrl\":\"https:\/\/tecplan.com.es\/wp-content\/uploads\/2026\/02\/CLOSURE-CV023_0-1.jpg\",\"datePublished\":\"2026-02-06T21:59:38+00:00\",\"dateModified\":\"2026-02-17T20:10:42+00:00\",\"breadcrumb\":{\"@id\":\"https:\/\/tecplan.com.es\/product\/empalmadora-de-fibra-optica-cv023\/#breadcrumb\"},\"inLanguage\":\"en-US\",\"potentialAction\":[{\"@type\":\"ReadAction\",\"target\":[\"https:\/\/tecplan.com.es\/product\/empalmadora-de-fibra-optica-cv023\/\"]}]},{\"@type\":\"ImageObject\",\"inLanguage\":\"en-US\",\"@id\":\"https:\/\/tecplan.com.es\/product\/empalmadora-de-fibra-optica-cv023\/#primaryimage\",\"url\":\"https:\/\/tecplan.com.es\/wp-content\/uploads\/2026\/02\/CLOSURE-CV023_0-1.jpg\",\"contentUrl\":\"https:\/\/tecplan.com.es\/wp-content\/uploads\/2026\/02\/CLOSURE-CV023_0-1.jpg\",\"width\":1250,\"height\":1250},{\"@type\":\"BreadcrumbList\",\"@id\":\"https:\/\/tecplan.com.es\/product\/empalmadora-de-fibra-optica-cv023\/#breadcrumb\",\"itemListElement\":[{\"@type\":\"ListItem\",\"position\":1,\"name\":\"Home\",\"item\":\"https:\/\/tecplan.com.es\/\"},{\"@type\":\"ListItem\",\"position\":2,\"name\":\"Shop\",\"item\":\"https:\/\/tecplan.com.es\/shop\/\"},{\"@type\":\"ListItem\",\"position\":3,\"name\":\"Empalmadora de fibra \u00f3ptica CV023\"}]},{\"@type\":\"WebSite\",\"@id\":\"https:\/\/tecplan.com.es\/#website\",\"url\":\"https:\/\/tecplan.com.es\/\",\"name\":\"Tecplan\",\"description\":\"\",\"potentialAction\":[{\"@type\":\"SearchAction\",\"target\":{\"@type\":\"EntryPoint\",\"urlTemplate\":\"https:\/\/tecplan.com.es\/?s={search_term_string}\"},\"query-input\":{\"@type\":\"PropertyValueSpecification\",\"valueRequired\":true,\"valueName\":\"search_term_string\"}}],\"inLanguage\":\"en-US\"}]}<\/script>\n<!-- \/ Yoast SEO plugin. -->","yoast_head_json":{"title":"Empalmadora de fibra \u00f3ptica CV023 - Tecplan","robots":{"index":"index","follow":"follow","max-snippet":"max-snippet:-1","max-image-preview":"max-image-preview:large","max-video-preview":"max-video-preview:-1"},"canonical":"https:\/\/tecplan.com.es\/en\/product\/empalmadora-de-fibra-optica-cv023\/","og_locale":"en_US","og_type":"article","og_title":"Empalmadora de fibra \u00f3ptica CV023 - Tecplan","og_description":"El CV023 es una caja de empalme de fibra \u00f3ptica tipo domo que se utiliza para empalmar, unir y proteger cables de fibra \u00f3ptica.   &nbsp;","og_url":"https:\/\/tecplan.com.es\/en\/product\/empalmadora-de-fibra-optica-cv023\/","og_site_name":"Tecplan","article_modified_time":"2026-02-17T20:10:42+00:00","og_image":[{"width":1250,"height":1250,"url":"https:\/\/tecplan.com.es\/wp-content\/uploads\/2026\/02\/CLOSURE-CV023_0-1.jpg","type":"image\/jpeg"}],"twitter_card":"summary_large_image","twitter_misc":{"Est. reading time":"1 minute"},"schema":{"@context":"https:\/\/schema.org","@graph":[{"@type":"WebPage","@id":"https:\/\/tecplan.com.es\/product\/empalmadora-de-fibra-optica-cv023\/","url":"https:\/\/tecplan.com.es\/product\/empalmadora-de-fibra-optica-cv023\/","name":"Empalmadora de fibra \u00f3ptica CV023 - Tecplan","isPartOf":{"@id":"https:\/\/tecplan.com.es\/#website"},"primaryImageOfPage":{"@id":"https:\/\/tecplan.com.es\/product\/empalmadora-de-fibra-optica-cv023\/#primaryimage"},"image":{"@id":"https:\/\/tecplan.com.es\/product\/empalmadora-de-fibra-optica-cv023\/#primaryimage"},"thumbnailUrl":"https:\/\/tecplan.com.es\/wp-content\/uploads\/2026\/02\/CLOSURE-CV023_0-1.jpg","datePublished":"2026-02-06T21:59:38+00:00","dateModified":"2026-02-17T20:10:42+00:00","breadcrumb":{"@id":"https:\/\/tecplan.com.es\/product\/empalmadora-de-fibra-optica-cv023\/#breadcrumb"},"inLanguage":"en-US","potentialAction":[{"@type":"ReadAction","target":["https:\/\/tecplan.com.es\/product\/empalmadora-de-fibra-optica-cv023\/"]}]},{"@type":"ImageObject","inLanguage":"en-US","@id":"https:\/\/tecplan.com.es\/product\/empalmadora-de-fibra-optica-cv023\/#primaryimage","url":"https:\/\/tecplan.com.es\/wp-content\/uploads\/2026\/02\/CLOSURE-CV023_0-1.jpg","contentUrl":"https:\/\/tecplan.com.es\/wp-content\/uploads\/2026\/02\/CLOSURE-CV023_0-1.jpg","width":1250,"height":1250},{"@type":"BreadcrumbList","@id":"https:\/\/tecplan.com.es\/product\/empalmadora-de-fibra-optica-cv023\/#breadcrumb","itemListElement":[{"@type":"ListItem","position":1,"name":"Home","item":"https:\/\/tecplan.com.es\/"},{"@type":"ListItem","position":2,"name":"Shop","item":"https:\/\/tecplan.com.es\/shop\/"},{"@type":"ListItem","position":3,"name":"Empalmadora de fibra \u00f3ptica CV023"}]},{"@type":"WebSite","@id":"https:\/\/tecplan.com.es\/#website","url":"https:\/\/tecplan.com.es\/","name":"Tecplan","description":"","potentialAction":[{"@type":"SearchAction","target":{"@type":"EntryPoint","urlTemplate":"https:\/\/tecplan.com.es\/?s={search_term_string}"},"query-input":{"@type":"PropertyValueSpecification","valueRequired":true,"valueName":"search_term_string"}}],"inLanguage":"en-US"}]}},"_links":{"self":[{"href":"https:\/\/tecplan.com.es\/en\/wp-json\/wp\/v2\/product\/5533","targetHints":{"allow":["GET"]}}],"collection":[{"href":"https:\/\/tecplan.com.es\/en\/wp-json\/wp\/v2\/product"}],"about":[{"href":"https:\/\/tecplan.com.es\/en\/wp-json\/wp\/v2\/types\/product"}],"replies":[{"embeddable":true,"href":"https:\/\/tecplan.com.es\/en\/wp-json\/wp\/v2\/comments?post=5533"}],"version-history":[{"count":2,"href":"https:\/\/tecplan.com.es\/en\/wp-json\/wp\/v2\/product\/5533\/revisions"}],"predecessor-version":[{"id":5728,"href":"https:\/\/tecplan.com.es\/en\/wp-json\/wp\/v2\/product\/5533\/revisions\/5728"}],"wp:featuredmedia":[{"embeddable":true,"href":"https:\/\/tecplan.com.es\/en\/wp-json\/wp\/v2\/media\/5484"}],"wp:attachment":[{"href":"https:\/\/tecplan.com.es\/en\/wp-json\/wp\/v2\/media?parent=5533"}],"wp:term":[{"taxonomy":"product_brand","embeddable":true,"href":"https:\/\/tecplan.com.es\/en\/wp-json\/wp\/v2\/product_brand?post=5533"},{"taxonomy":"product_cat","embeddable":true,"href":"https:\/\/tecplan.com.es\/en\/wp-json\/wp\/v2\/product_cat?post=5533"},{"taxonomy":"product_tag","embeddable":true,"href":"https:\/\/tecplan.com.es\/en\/wp-json\/wp\/v2\/product_tag?post=5533"}],"curies":[{"name":"wp","href":"https:\/\/api.w.org\/{rel}","templated":true}]}}