{"id":5531,"date":"2026-02-06T21:59:37","date_gmt":"2026-02-06T21:59:37","guid":{"rendered":"https:\/\/tecplan.com.es\/product\/panel-de-conexion-de-fibra-optica\/"},"modified":"2026-02-17T22:09:18","modified_gmt":"2026-02-17T22:09:18","slug":"panel-de-conexion-de-fibra-optica","status":"publish","type":"product","link":"https:\/\/tecplan.com.es\/en\/product\/panel-de-conexion-de-fibra-optica\/","title":{"rendered":"Panel de conexi\u00f3n de fibra \u00f3ptica"},"content":{"rendered":"<p><strong>Panel de conexi\u00f3n de fibra \u00f3ptica deslizable ODF-RS48<\/strong><\/p>\n<p>Cuenta con herrajes deslizantes met\u00e1licos con funci\u00f3n de autobloqueo que evitan que el caj\u00f3n se caiga al moverlo.<\/p>\n<ul>\n<li>Tama\u00f1o est\u00e1ndar, peso ligero y estructura razonable<\/li>\n<li>Caj\u00f3n deslizable para facilitar la gesti\u00f3n de cables<\/li>\n<li>Panel de conexi\u00f3n adaptador FC, SC, ST, LC&#8230; opcional<\/li>\n<li>Dise\u00f1o de panel de acceso frontal para una f\u00e1cil operaci\u00f3n<\/li>\n<li>Apto para gabinetes de distribuci\u00f3n \u00f3ptica est\u00e1ndar de 19&#8243;<\/li>\n<li>Capacidad m\u00e1xima: 48 fibras<\/li>\n<li>4 puertos de entrada de cable de fibra en la parte trasera. Color blanco o negro<\/li>\n<\/ul>\n<p><strong style=\"font-size: 19.2px; text-align: justify;\">DOWNLOADS<\/strong><\/p>\n<div class=\"mod_cont\">\n<ul style=\"text-align: justify;\">\n<li>\u2192\u00a0 <a href=\"https:\/\/drive.google.com\/file\/d\/1CZxPMdW7umAqu6eFh8O65tKxX-f5rhhL\/view?usp=sharing\">Technical sheet<\/a><\/li>\n<\/ul>\n<\/div>\n<p>&nbsp;<\/p>","protected":false},"excerpt":{"rendered":"<p style=\"text-align: justify;\">El ODF-RS48 es un panel de conexi\u00f3n de fibra \u00f3ptica para montaje en rack de 19\u00bb, fabricado en acero laminado en fr\u00edo, con bandeja de empalme de pl\u00e1stico en su interior, ideal para la distribuci\u00f3n de cables pigtail, cinta y mazos.<\/p>\n<p><img decoding=\"async\" class=\"wp-image-1038 aligncenter\" src=\"https:\/\/tecplan.com.es\/wp-content\/uploads\/2025\/05\/summit-300x138.webp\" alt=\"\" width=\"164\" height=\"68\" \/><\/p>","protected":false},"featured_media":5480,"comment_status":"open","ping_status":"closed","template":"","meta":{"site-sidebar-layout":"default","site-content-layout":"","ast-site-content-layout":"default","site-content-style":"default","site-sidebar-style":"default","ast-global-header-display":"","ast-banner-title-visibility":"","ast-main-header-display":"","ast-hfb-above-header-display":"","ast-hfb-below-header-display":"","ast-hfb-mobile-header-display":"","site-post-title":"","ast-breadcrumbs-content":"","ast-featured-img":"","footer-sml-layout":"","ast-disable-related-posts":"","theme-transparent-header-meta":"default","adv-header-id-meta":"","stick-header-meta":"","header-above-stick-meta":"","header-main-stick-meta":"","header-below-stick-meta":"","astra-migrate-meta-layouts":"set","ast-page-background-enabled":"default","ast-page-background-meta":{"desktop":{"background-color":"var(--ast-global-color-5)","background-image":"","background-repeat":"repeat","background-position":"center center","background-size":"auto","background-attachment":"scroll","background-type":"","background-media":"","overlay-type":"","overlay-color":"","overlay-opacity":"","overlay-gradient":""},"tablet":{"background-color":"","background-image":"","background-repeat":"repeat","background-position":"center center","background-size":"auto","background-attachment":"scroll","background-type":"","background-media":"","overlay-type":"","overlay-color":"","overlay-opacity":"","overlay-gradient":""},"mobile":{"background-color":"","background-image":"","background-repeat":"repeat","background-position":"center center","background-size":"auto","background-attachment":"scroll","background-type":"","background-media":"","overlay-type":"","overlay-color":"","overlay-opacity":"","overlay-gradient":""}},"ast-content-background-meta":{"desktop":{"background-color":"var(--ast-global-color-4)","background-image":"","background-repeat":"repeat","background-position":"center center","background-size":"auto","background-attachment":"scroll","background-type":"","background-media":"","overlay-type":"","overlay-color":"","overlay-opacity":"","overlay-gradient":""},"tablet":{"background-color":"var(--ast-global-color-4)","background-image":"","background-repeat":"repeat","background-position":"center center","background-size":"auto","background-attachment":"scroll","background-type":"","background-media":"","overlay-type":"","overlay-color":"","overlay-opacity":"","overlay-gradient":""},"mobile":{"background-color":"var(--ast-global-color-4)","background-image":"","background-repeat":"repeat","background-position":"center center","background-size":"auto","background-attachment":"scroll","background-type":"","background-media":"","overlay-type":"","overlay-color":"","overlay-opacity":"","overlay-gradient":""}}},"product_brand":[234],"product_cat":[62,59,60,256],"product_tag":[207],"class_list":{"0":"post-5531","1":"product","2":"type-product","3":"status-publish","4":"has-post-thumbnail","6":"product_brand-summit","7":"product_cat-conectores","8":"product_cat-radio-comunicacion","9":"product_cat-summit","10":"product_cat-summit-networking","11":"product_tag-summit","12":"desktop-align-left","13":"tablet-align-left","14":"mobile-align-left","16":"first","17":"instock","18":"shipping-taxable","19":"product-type-simple"},"yoast_head":"<!-- This site is optimized with the Yoast SEO plugin v25.3 - https:\/\/yoast.com\/wordpress\/plugins\/seo\/ -->\n<title>Panel de conexi\u00f3n de fibra \u00f3ptica - Tecplan<\/title>\n<meta name=\"robots\" content=\"index, follow, max-snippet:-1, max-image-preview:large, max-video-preview:-1\" \/>\n<link rel=\"canonical\" href=\"https:\/\/tecplan.com.es\/en\/product\/panel-de-conexion-de-fibra-optica\/\" \/>\n<meta property=\"og:locale\" content=\"en_US\" \/>\n<meta property=\"og:type\" content=\"article\" \/>\n<meta property=\"og:title\" content=\"Panel de conexi\u00f3n de fibra \u00f3ptica - Tecplan\" \/>\n<meta property=\"og:description\" content=\"El ODF-RS48 es un panel de conexi\u00f3n de fibra \u00f3ptica para montaje en rack de 19&#039;&#039;, fabricado en acero laminado en fr\u00edo, con bandeja de empalme de pl\u00e1stico en su interior, ideal para la distribuci\u00f3n de cables pigtail, cinta y mazos.\" \/>\n<meta property=\"og:url\" content=\"https:\/\/tecplan.com.es\/en\/product\/panel-de-conexion-de-fibra-optica\/\" \/>\n<meta property=\"og:site_name\" content=\"Tecplan\" \/>\n<meta property=\"article:modified_time\" content=\"2026-02-17T22:09:18+00:00\" \/>\n<meta property=\"og:image\" content=\"https:\/\/tecplan.com.es\/wp-content\/uploads\/2026\/02\/Pnel-fibra-Op_01.jpg\" \/>\n\t<meta property=\"og:image:width\" content=\"1250\" \/>\n\t<meta property=\"og:image:height\" content=\"1250\" \/>\n\t<meta property=\"og:image:type\" content=\"image\/jpeg\" \/>\n<meta name=\"twitter:card\" content=\"summary_large_image\" \/>\n<meta name=\"twitter:label1\" content=\"Est. reading time\" \/>\n\t<meta name=\"twitter:data1\" content=\"1 minute\" \/>\n<script type=\"application\/ld+json\" class=\"yoast-schema-graph\">{\"@context\":\"https:\/\/schema.org\",\"@graph\":[{\"@type\":\"WebPage\",\"@id\":\"https:\/\/tecplan.com.es\/product\/panel-de-conexion-de-fibra-optica\/\",\"url\":\"https:\/\/tecplan.com.es\/product\/panel-de-conexion-de-fibra-optica\/\",\"name\":\"Panel de conexi\u00f3n de fibra \u00f3ptica - Tecplan\",\"isPartOf\":{\"@id\":\"https:\/\/tecplan.com.es\/#website\"},\"primaryImageOfPage\":{\"@id\":\"https:\/\/tecplan.com.es\/product\/panel-de-conexion-de-fibra-optica\/#primaryimage\"},\"image\":{\"@id\":\"https:\/\/tecplan.com.es\/product\/panel-de-conexion-de-fibra-optica\/#primaryimage\"},\"thumbnailUrl\":\"https:\/\/tecplan.com.es\/wp-content\/uploads\/2026\/02\/Pnel-fibra-Op_01.jpg\",\"datePublished\":\"2026-02-06T21:59:37+00:00\",\"dateModified\":\"2026-02-17T22:09:18+00:00\",\"breadcrumb\":{\"@id\":\"https:\/\/tecplan.com.es\/product\/panel-de-conexion-de-fibra-optica\/#breadcrumb\"},\"inLanguage\":\"en-US\",\"potentialAction\":[{\"@type\":\"ReadAction\",\"target\":[\"https:\/\/tecplan.com.es\/product\/panel-de-conexion-de-fibra-optica\/\"]}]},{\"@type\":\"ImageObject\",\"inLanguage\":\"en-US\",\"@id\":\"https:\/\/tecplan.com.es\/product\/panel-de-conexion-de-fibra-optica\/#primaryimage\",\"url\":\"https:\/\/tecplan.com.es\/wp-content\/uploads\/2026\/02\/Pnel-fibra-Op_01.jpg\",\"contentUrl\":\"https:\/\/tecplan.com.es\/wp-content\/uploads\/2026\/02\/Pnel-fibra-Op_01.jpg\",\"width\":1250,\"height\":1250},{\"@type\":\"BreadcrumbList\",\"@id\":\"https:\/\/tecplan.com.es\/product\/panel-de-conexion-de-fibra-optica\/#breadcrumb\",\"itemListElement\":[{\"@type\":\"ListItem\",\"position\":1,\"name\":\"Home\",\"item\":\"https:\/\/tecplan.com.es\/\"},{\"@type\":\"ListItem\",\"position\":2,\"name\":\"Shop\",\"item\":\"https:\/\/tecplan.com.es\/shop\/\"},{\"@type\":\"ListItem\",\"position\":3,\"name\":\"Panel de conexi\u00f3n de fibra \u00f3ptica\"}]},{\"@type\":\"WebSite\",\"@id\":\"https:\/\/tecplan.com.es\/#website\",\"url\":\"https:\/\/tecplan.com.es\/\",\"name\":\"Tecplan\",\"description\":\"\",\"potentialAction\":[{\"@type\":\"SearchAction\",\"target\":{\"@type\":\"EntryPoint\",\"urlTemplate\":\"https:\/\/tecplan.com.es\/?s={search_term_string}\"},\"query-input\":{\"@type\":\"PropertyValueSpecification\",\"valueRequired\":true,\"valueName\":\"search_term_string\"}}],\"inLanguage\":\"en-US\"}]}<\/script>\n<!-- \/ Yoast SEO plugin. -->","yoast_head_json":{"title":"Panel de conexi\u00f3n de fibra \u00f3ptica - Tecplan","robots":{"index":"index","follow":"follow","max-snippet":"max-snippet:-1","max-image-preview":"max-image-preview:large","max-video-preview":"max-video-preview:-1"},"canonical":"https:\/\/tecplan.com.es\/en\/product\/panel-de-conexion-de-fibra-optica\/","og_locale":"en_US","og_type":"article","og_title":"Panel de conexi\u00f3n de fibra \u00f3ptica - Tecplan","og_description":"El ODF-RS48 es un panel de conexi\u00f3n de fibra \u00f3ptica para montaje en rack de 19'', fabricado en acero laminado en fr\u00edo, con bandeja de empalme de pl\u00e1stico en su interior, ideal para la distribuci\u00f3n de cables pigtail, cinta y mazos.","og_url":"https:\/\/tecplan.com.es\/en\/product\/panel-de-conexion-de-fibra-optica\/","og_site_name":"Tecplan","article_modified_time":"2026-02-17T22:09:18+00:00","og_image":[{"width":1250,"height":1250,"url":"https:\/\/tecplan.com.es\/wp-content\/uploads\/2026\/02\/Pnel-fibra-Op_01.jpg","type":"image\/jpeg"}],"twitter_card":"summary_large_image","twitter_misc":{"Est. reading time":"1 minute"},"schema":{"@context":"https:\/\/schema.org","@graph":[{"@type":"WebPage","@id":"https:\/\/tecplan.com.es\/product\/panel-de-conexion-de-fibra-optica\/","url":"https:\/\/tecplan.com.es\/product\/panel-de-conexion-de-fibra-optica\/","name":"Panel de conexi\u00f3n de fibra \u00f3ptica - Tecplan","isPartOf":{"@id":"https:\/\/tecplan.com.es\/#website"},"primaryImageOfPage":{"@id":"https:\/\/tecplan.com.es\/product\/panel-de-conexion-de-fibra-optica\/#primaryimage"},"image":{"@id":"https:\/\/tecplan.com.es\/product\/panel-de-conexion-de-fibra-optica\/#primaryimage"},"thumbnailUrl":"https:\/\/tecplan.com.es\/wp-content\/uploads\/2026\/02\/Pnel-fibra-Op_01.jpg","datePublished":"2026-02-06T21:59:37+00:00","dateModified":"2026-02-17T22:09:18+00:00","breadcrumb":{"@id":"https:\/\/tecplan.com.es\/product\/panel-de-conexion-de-fibra-optica\/#breadcrumb"},"inLanguage":"en-US","potentialAction":[{"@type":"ReadAction","target":["https:\/\/tecplan.com.es\/product\/panel-de-conexion-de-fibra-optica\/"]}]},{"@type":"ImageObject","inLanguage":"en-US","@id":"https:\/\/tecplan.com.es\/product\/panel-de-conexion-de-fibra-optica\/#primaryimage","url":"https:\/\/tecplan.com.es\/wp-content\/uploads\/2026\/02\/Pnel-fibra-Op_01.jpg","contentUrl":"https:\/\/tecplan.com.es\/wp-content\/uploads\/2026\/02\/Pnel-fibra-Op_01.jpg","width":1250,"height":1250},{"@type":"BreadcrumbList","@id":"https:\/\/tecplan.com.es\/product\/panel-de-conexion-de-fibra-optica\/#breadcrumb","itemListElement":[{"@type":"ListItem","position":1,"name":"Home","item":"https:\/\/tecplan.com.es\/"},{"@type":"ListItem","position":2,"name":"Shop","item":"https:\/\/tecplan.com.es\/shop\/"},{"@type":"ListItem","position":3,"name":"Panel de conexi\u00f3n de fibra \u00f3ptica"}]},{"@type":"WebSite","@id":"https:\/\/tecplan.com.es\/#website","url":"https:\/\/tecplan.com.es\/","name":"Tecplan","description":"","potentialAction":[{"@type":"SearchAction","target":{"@type":"EntryPoint","urlTemplate":"https:\/\/tecplan.com.es\/?s={search_term_string}"},"query-input":{"@type":"PropertyValueSpecification","valueRequired":true,"valueName":"search_term_string"}}],"inLanguage":"en-US"}]}},"_links":{"self":[{"href":"https:\/\/tecplan.com.es\/en\/wp-json\/wp\/v2\/product\/5531","targetHints":{"allow":["GET"]}}],"collection":[{"href":"https:\/\/tecplan.com.es\/en\/wp-json\/wp\/v2\/product"}],"about":[{"href":"https:\/\/tecplan.com.es\/en\/wp-json\/wp\/v2\/types\/product"}],"replies":[{"embeddable":true,"href":"https:\/\/tecplan.com.es\/en\/wp-json\/wp\/v2\/comments?post=5531"}],"version-history":[{"count":3,"href":"https:\/\/tecplan.com.es\/en\/wp-json\/wp\/v2\/product\/5531\/revisions"}],"predecessor-version":[{"id":5709,"href":"https:\/\/tecplan.com.es\/en\/wp-json\/wp\/v2\/product\/5531\/revisions\/5709"}],"wp:featuredmedia":[{"embeddable":true,"href":"https:\/\/tecplan.com.es\/en\/wp-json\/wp\/v2\/media\/5480"}],"wp:attachment":[{"href":"https:\/\/tecplan.com.es\/en\/wp-json\/wp\/v2\/media?parent=5531"}],"wp:term":[{"taxonomy":"product_brand","embeddable":true,"href":"https:\/\/tecplan.com.es\/en\/wp-json\/wp\/v2\/product_brand?post=5531"},{"taxonomy":"product_cat","embeddable":true,"href":"https:\/\/tecplan.com.es\/en\/wp-json\/wp\/v2\/product_cat?post=5531"},{"taxonomy":"product_tag","embeddable":true,"href":"https:\/\/tecplan.com.es\/en\/wp-json\/wp\/v2\/product_tag?post=5531"}],"curies":[{"name":"wp","href":"https:\/\/api.w.org\/{rel}","templated":true}]}}