{"id":5419,"date":"2026-02-03T20:54:56","date_gmt":"2026-02-03T20:54:56","guid":{"rendered":"https:\/\/tecplan.com.es\/?post_type=product&#038;p=5419"},"modified":"2026-02-03T22:09:34","modified_gmt":"2026-02-03T22:09:34","slug":"ck-11l-s-luz-dual-tipo-a","status":"publish","type":"product","link":"https:\/\/tecplan.com.es\/en\/product\/ck-11l-s-luz-dual-tipo-a\/","title":{"rendered":"CK-11L-S Luz dual tipo A"},"content":{"rendered":"<p><strong>CK-11L-S (Principal\/Secundario) Luz de obstrucci\u00f3n dual de baja intensidad tipo A<\/strong><\/p>\n<p style=\"text-align: justify;\">Ampliamente utilizado en diversas \u00e1reas de la Fuerza A\u00e9rea, aeropuertos civiles y espacios a\u00e9reos libres de obst\u00e1culos, helipuertos, torres de hierro, chimeneas, puertos, plantas de energ\u00eda e\u00f3lica, puentes y edificios urbanos de gran altura donde se requiere alerta a\u00e9rea. Generalmente se utiliza por debajo de los 45 m.<\/p>\n<p><strong style=\"font-size: 19.2px; text-align: justify;\">DOWNLOADS<\/strong><\/p>\n<div class=\"mod_cont\">\n<ul style=\"text-align: justify;\">\n<li><a href=\"https:\/\/drive.google.com\/file\/d\/1SWihIaPZPCtuh9GLfa2UMmZnrOvGMkUp\/view?usp=sharing\">\u2192 Technical specifications<\/a><\/li>\n<\/ul>\n<\/div>","protected":false},"excerpt":{"rendered":"<p style=\"text-align: justify;\">La pantalla de la l\u00e1mpara est\u00e1 hecha de policarbonato con protecci\u00f3n UV, lo que le confiere una alta eficiencia de transmisi\u00f3n de luz de hasta el 92 %, una alta resistencia a los impactos y una excelente adaptabilidad a entornos hostiles.<\/p>\n<p><img decoding=\"async\" class=\"aligncenter\" src=\"https:\/\/tecplan.com.es\/wp-content\/uploads\/2025\/05\/baner_infraestructura-01.png\" width=\"125\" height=\"5\" \/><\/p>","protected":false},"featured_media":5420,"comment_status":"open","ping_status":"closed","template":"","meta":{"site-sidebar-layout":"default","site-content-layout":"","ast-site-content-layout":"default","site-content-style":"default","site-sidebar-style":"default","ast-global-header-display":"","ast-banner-title-visibility":"","ast-main-header-display":"","ast-hfb-above-header-display":"","ast-hfb-below-header-display":"","ast-hfb-mobile-header-display":"","site-post-title":"","ast-breadcrumbs-content":"","ast-featured-img":"","footer-sml-layout":"","ast-disable-related-posts":"","theme-transparent-header-meta":"default","adv-header-id-meta":"","stick-header-meta":"","header-above-stick-meta":"","header-main-stick-meta":"","header-below-stick-meta":"","astra-migrate-meta-layouts":"set","ast-page-background-enabled":"default","ast-page-background-meta":{"desktop":{"background-color":"var(--ast-global-color-5)","background-image":"","background-repeat":"repeat","background-position":"center center","background-size":"auto","background-attachment":"scroll","background-type":"","background-media":"","overlay-type":"","overlay-color":"","overlay-opacity":"","overlay-gradient":""},"tablet":{"background-color":"","background-image":"","background-repeat":"repeat","background-position":"center center","background-size":"auto","background-attachment":"scroll","background-type":"","background-media":"","overlay-type":"","overlay-color":"","overlay-opacity":"","overlay-gradient":""},"mobile":{"background-color":"","background-image":"","background-repeat":"repeat","background-position":"center center","background-size":"auto","background-attachment":"scroll","background-type":"","background-media":"","overlay-type":"","overlay-color":"","overlay-opacity":"","overlay-gradient":""}},"ast-content-background-meta":{"desktop":{"background-color":"var(--ast-global-color-4)","background-image":"","background-repeat":"repeat","background-position":"center center","background-size":"auto","background-attachment":"scroll","background-type":"","background-media":"","overlay-type":"","overlay-color":"","overlay-opacity":"","overlay-gradient":""},"tablet":{"background-color":"var(--ast-global-color-4)","background-image":"","background-repeat":"repeat","background-position":"center center","background-size":"auto","background-attachment":"scroll","background-type":"","background-media":"","overlay-type":"","overlay-color":"","overlay-opacity":"","overlay-gradient":""},"mobile":{"background-color":"var(--ast-global-color-4)","background-image":"","background-repeat":"repeat","background-position":"center center","background-size":"auto","background-attachment":"scroll","background-type":"","background-media":"","overlay-type":"","overlay-color":"","overlay-opacity":"","overlay-gradient":""}}},"product_brand":[288],"product_cat":[185,186],"product_tag":[227],"class_list":{"0":"post-5419","1":"product","2":"type-product","3":"status-publish","4":"has-post-thumbnail","6":"product_brand-ledtop","7":"product_cat-infraestructura","8":"product_cat-ledtop","9":"product_tag-ledtop","10":"desktop-align-left","11":"tablet-align-left","12":"mobile-align-left","14":"first","15":"instock","16":"shipping-taxable","17":"product-type-simple"},"yoast_head":"<!-- This site is optimized with the Yoast SEO plugin v25.3 - https:\/\/yoast.com\/wordpress\/plugins\/seo\/ -->\n<title>CK-11L-S Luz dual tipo A - Tecplan<\/title>\n<meta name=\"robots\" content=\"index, follow, max-snippet:-1, max-image-preview:large, max-video-preview:-1\" \/>\n<link rel=\"canonical\" href=\"https:\/\/tecplan.com.es\/en\/product\/ck-11l-s-luz-dual-tipo-a\/\" \/>\n<meta property=\"og:locale\" content=\"en_US\" \/>\n<meta property=\"og:type\" content=\"article\" \/>\n<meta property=\"og:title\" content=\"CK-11L-S Luz dual tipo A - Tecplan\" \/>\n<meta property=\"og:description\" content=\"La pantalla de la l\u00e1mpara est\u00e1 hecha de policarbonato con protecci\u00f3n UV, lo que le confiere una alta eficiencia de transmisi\u00f3n de luz de hasta el 92 %, una alta resistencia a los impactos y una excelente adaptabilidad a entornos hostiles.\" \/>\n<meta property=\"og:url\" content=\"https:\/\/tecplan.com.es\/en\/product\/ck-11l-s-luz-dual-tipo-a\/\" \/>\n<meta property=\"og:site_name\" content=\"Tecplan\" \/>\n<meta property=\"article:modified_time\" content=\"2026-02-03T22:09:34+00:00\" \/>\n<meta property=\"og:image\" content=\"https:\/\/tecplan.com.es\/wp-content\/uploads\/2026\/02\/images.jpg\" \/>\n\t<meta property=\"og:image:width\" content=\"259\" \/>\n\t<meta property=\"og:image:height\" content=\"194\" \/>\n\t<meta property=\"og:image:type\" content=\"image\/jpeg\" \/>\n<meta name=\"twitter:card\" content=\"summary_large_image\" \/>\n<meta name=\"twitter:label1\" content=\"Est. reading time\" \/>\n\t<meta name=\"twitter:data1\" content=\"1 minute\" \/>\n<script type=\"application\/ld+json\" class=\"yoast-schema-graph\">{\"@context\":\"https:\/\/schema.org\",\"@graph\":[{\"@type\":\"WebPage\",\"@id\":\"https:\/\/tecplan.com.es\/product\/ck-11l-s-luz-dual-tipo-a\/\",\"url\":\"https:\/\/tecplan.com.es\/product\/ck-11l-s-luz-dual-tipo-a\/\",\"name\":\"CK-11L-S Luz dual tipo A - Tecplan\",\"isPartOf\":{\"@id\":\"https:\/\/tecplan.com.es\/#website\"},\"primaryImageOfPage\":{\"@id\":\"https:\/\/tecplan.com.es\/product\/ck-11l-s-luz-dual-tipo-a\/#primaryimage\"},\"image\":{\"@id\":\"https:\/\/tecplan.com.es\/product\/ck-11l-s-luz-dual-tipo-a\/#primaryimage\"},\"thumbnailUrl\":\"https:\/\/tecplan.com.es\/wp-content\/uploads\/2026\/02\/images.jpg\",\"datePublished\":\"2026-02-03T20:54:56+00:00\",\"dateModified\":\"2026-02-03T22:09:34+00:00\",\"breadcrumb\":{\"@id\":\"https:\/\/tecplan.com.es\/product\/ck-11l-s-luz-dual-tipo-a\/#breadcrumb\"},\"inLanguage\":\"en-US\",\"potentialAction\":[{\"@type\":\"ReadAction\",\"target\":[\"https:\/\/tecplan.com.es\/product\/ck-11l-s-luz-dual-tipo-a\/\"]}]},{\"@type\":\"ImageObject\",\"inLanguage\":\"en-US\",\"@id\":\"https:\/\/tecplan.com.es\/product\/ck-11l-s-luz-dual-tipo-a\/#primaryimage\",\"url\":\"https:\/\/tecplan.com.es\/wp-content\/uploads\/2026\/02\/images.jpg\",\"contentUrl\":\"https:\/\/tecplan.com.es\/wp-content\/uploads\/2026\/02\/images.jpg\",\"width\":259,\"height\":194},{\"@type\":\"BreadcrumbList\",\"@id\":\"https:\/\/tecplan.com.es\/product\/ck-11l-s-luz-dual-tipo-a\/#breadcrumb\",\"itemListElement\":[{\"@type\":\"ListItem\",\"position\":1,\"name\":\"Home\",\"item\":\"https:\/\/tecplan.com.es\/\"},{\"@type\":\"ListItem\",\"position\":2,\"name\":\"Shop\",\"item\":\"https:\/\/tecplan.com.es\/shop\/\"},{\"@type\":\"ListItem\",\"position\":3,\"name\":\"CK-11L-S Luz dual tipo A\"}]},{\"@type\":\"WebSite\",\"@id\":\"https:\/\/tecplan.com.es\/#website\",\"url\":\"https:\/\/tecplan.com.es\/\",\"name\":\"Tecplan\",\"description\":\"\",\"potentialAction\":[{\"@type\":\"SearchAction\",\"target\":{\"@type\":\"EntryPoint\",\"urlTemplate\":\"https:\/\/tecplan.com.es\/?s={search_term_string}\"},\"query-input\":{\"@type\":\"PropertyValueSpecification\",\"valueRequired\":true,\"valueName\":\"search_term_string\"}}],\"inLanguage\":\"en-US\"}]}<\/script>\n<!-- \/ Yoast SEO plugin. -->","yoast_head_json":{"title":"CK-11L-S Luz dual tipo A - Tecplan","robots":{"index":"index","follow":"follow","max-snippet":"max-snippet:-1","max-image-preview":"max-image-preview:large","max-video-preview":"max-video-preview:-1"},"canonical":"https:\/\/tecplan.com.es\/en\/product\/ck-11l-s-luz-dual-tipo-a\/","og_locale":"en_US","og_type":"article","og_title":"CK-11L-S Luz dual tipo A - Tecplan","og_description":"La pantalla de la l\u00e1mpara est\u00e1 hecha de policarbonato con protecci\u00f3n UV, lo que le confiere una alta eficiencia de transmisi\u00f3n de luz de hasta el 92 %, una alta resistencia a los impactos y una excelente adaptabilidad a entornos hostiles.","og_url":"https:\/\/tecplan.com.es\/en\/product\/ck-11l-s-luz-dual-tipo-a\/","og_site_name":"Tecplan","article_modified_time":"2026-02-03T22:09:34+00:00","og_image":[{"width":259,"height":194,"url":"https:\/\/tecplan.com.es\/wp-content\/uploads\/2026\/02\/images.jpg","type":"image\/jpeg"}],"twitter_card":"summary_large_image","twitter_misc":{"Est. reading time":"1 minute"},"schema":{"@context":"https:\/\/schema.org","@graph":[{"@type":"WebPage","@id":"https:\/\/tecplan.com.es\/product\/ck-11l-s-luz-dual-tipo-a\/","url":"https:\/\/tecplan.com.es\/product\/ck-11l-s-luz-dual-tipo-a\/","name":"CK-11L-S Luz dual tipo A - Tecplan","isPartOf":{"@id":"https:\/\/tecplan.com.es\/#website"},"primaryImageOfPage":{"@id":"https:\/\/tecplan.com.es\/product\/ck-11l-s-luz-dual-tipo-a\/#primaryimage"},"image":{"@id":"https:\/\/tecplan.com.es\/product\/ck-11l-s-luz-dual-tipo-a\/#primaryimage"},"thumbnailUrl":"https:\/\/tecplan.com.es\/wp-content\/uploads\/2026\/02\/images.jpg","datePublished":"2026-02-03T20:54:56+00:00","dateModified":"2026-02-03T22:09:34+00:00","breadcrumb":{"@id":"https:\/\/tecplan.com.es\/product\/ck-11l-s-luz-dual-tipo-a\/#breadcrumb"},"inLanguage":"en-US","potentialAction":[{"@type":"ReadAction","target":["https:\/\/tecplan.com.es\/product\/ck-11l-s-luz-dual-tipo-a\/"]}]},{"@type":"ImageObject","inLanguage":"en-US","@id":"https:\/\/tecplan.com.es\/product\/ck-11l-s-luz-dual-tipo-a\/#primaryimage","url":"https:\/\/tecplan.com.es\/wp-content\/uploads\/2026\/02\/images.jpg","contentUrl":"https:\/\/tecplan.com.es\/wp-content\/uploads\/2026\/02\/images.jpg","width":259,"height":194},{"@type":"BreadcrumbList","@id":"https:\/\/tecplan.com.es\/product\/ck-11l-s-luz-dual-tipo-a\/#breadcrumb","itemListElement":[{"@type":"ListItem","position":1,"name":"Home","item":"https:\/\/tecplan.com.es\/"},{"@type":"ListItem","position":2,"name":"Shop","item":"https:\/\/tecplan.com.es\/shop\/"},{"@type":"ListItem","position":3,"name":"CK-11L-S Luz dual tipo A"}]},{"@type":"WebSite","@id":"https:\/\/tecplan.com.es\/#website","url":"https:\/\/tecplan.com.es\/","name":"Tecplan","description":"","potentialAction":[{"@type":"SearchAction","target":{"@type":"EntryPoint","urlTemplate":"https:\/\/tecplan.com.es\/?s={search_term_string}"},"query-input":{"@type":"PropertyValueSpecification","valueRequired":true,"valueName":"search_term_string"}}],"inLanguage":"en-US"}]}},"_links":{"self":[{"href":"https:\/\/tecplan.com.es\/en\/wp-json\/wp\/v2\/product\/5419","targetHints":{"allow":["GET"]}}],"collection":[{"href":"https:\/\/tecplan.com.es\/en\/wp-json\/wp\/v2\/product"}],"about":[{"href":"https:\/\/tecplan.com.es\/en\/wp-json\/wp\/v2\/types\/product"}],"replies":[{"embeddable":true,"href":"https:\/\/tecplan.com.es\/en\/wp-json\/wp\/v2\/comments?post=5419"}],"version-history":[{"count":3,"href":"https:\/\/tecplan.com.es\/en\/wp-json\/wp\/v2\/product\/5419\/revisions"}],"predecessor-version":[{"id":5423,"href":"https:\/\/tecplan.com.es\/en\/wp-json\/wp\/v2\/product\/5419\/revisions\/5423"}],"wp:featuredmedia":[{"embeddable":true,"href":"https:\/\/tecplan.com.es\/en\/wp-json\/wp\/v2\/media\/5420"}],"wp:attachment":[{"href":"https:\/\/tecplan.com.es\/en\/wp-json\/wp\/v2\/media?parent=5419"}],"wp:term":[{"taxonomy":"product_brand","embeddable":true,"href":"https:\/\/tecplan.com.es\/en\/wp-json\/wp\/v2\/product_brand?post=5419"},{"taxonomy":"product_cat","embeddable":true,"href":"https:\/\/tecplan.com.es\/en\/wp-json\/wp\/v2\/product_cat?post=5419"},{"taxonomy":"product_tag","embeddable":true,"href":"https:\/\/tecplan.com.es\/en\/wp-json\/wp\/v2\/product_tag?post=5419"}],"curies":[{"name":"wp","href":"https:\/\/api.w.org\/{rel}","templated":true}]}}