{"id":5405,"date":"2026-02-02T22:39:22","date_gmt":"2026-02-02T22:39:22","guid":{"rendered":"https:\/\/tecplan.com.es\/?post_type=product&#038;p=5405"},"modified":"2026-02-02T22:46:46","modified_gmt":"2026-02-02T22:46:46","slug":"ic-a220-transceptor-vhf-banda-aerea-2","status":"publish","type":"product","link":"https:\/\/tecplan.com.es\/en\/product\/ic-a220-transceptor-vhf-banda-aerea-2\/","title":{"rendered":"IC-A220 TRANSCEPTOR VHF BANDA A\u00c9REA"},"content":{"rendered":"<h3 class=\"headline3 title\">Funci\u00f3n de silenciamiento autom\u00e1tico<\/h3>\n<div class=\"mod_cont\">\n<p>La sensibilidad del silenciador se ajusta autom\u00e1ticamente de acuerdo con el nivel de ruido para eliminar el molesto ruido de fondo y las se\u00f1ales no deseadas.<\/p>\n<\/div>\n<h3 class=\"headline3 title\">Ajuste r\u00e1pido del silenciamiento<\/h3>\n<div class=\"mod_cont\">\n<p>El silenciamiento autom\u00e1tico y manual, incluido el nivel de silenciamiento, se puede ajustar r\u00e1pidamente con la perilla de volumen. La funci\u00f3n de prueba de silenciamiento abre temporalmente el silenciador y le permite monitorear las se\u00f1ales<\/p>\n<\/div>\n<h3 class=\"headline3 title\">Funci\u00f3n de memoria GPS<\/h3>\n<div class=\"mod_cont\">\n<p>Cuando se conecta a un receptor GPS externo* equipado con una base de datos de frecuencia de aeropuertos, los datos de frecuencia, como los aeropuertos cercanos, se pueden transferir y poner a disposici\u00f3n en el IC-A220.<\/p>\n<p>* Pregunte a su distribuidor por los detalles disponibles del receptor GPS.<\/p>\n<\/div>\n<h3 class=\"headline3 title\">Fuente de alimentaci\u00f3n opcional PS-80 para tierra<\/h3>\n<div class=\"mod_cont\">\n<p>Cuando se combina con el IC-A220, la fuente de alimentaci\u00f3n PS-80 opcional proporciona una c\u00f3moda operaci\u00f3n de estaci\u00f3n base en tierra. La PS-80 incluye altavoz incorporado y micr\u00f3fono de mano HM-176.<\/p>\n<\/div>\n<h3 class=\"headline3 title\">Atenuador autom\u00e1tico<\/h3>\n<div class=\"mod_cont\">\n<p>La funci\u00f3n de atenuaci\u00f3n autom\u00e1tica establece el brillo de la retroiluminaci\u00f3n de la pantalla y de las teclas. El sensor de luz de alta sensibilidad del ICA220\u2019 cubre un amplio rango de iluminaci\u00f3n.<\/p>\n<\/div>\n<h3 class=\"headline3 title\">Control de atenuaci\u00f3n externa<\/h3>\n<div class=\"mod_cont\">\n<p>Al conectarse a un sistema de control de atenuaci\u00f3n externo en la aeronave, la funci\u00f3n de atenuaci\u00f3n del ICA220\u2019 se puede vincular con el nivel de atenuaci\u00f3n de la aeronave.<\/p>\n<\/div>\n<h3 class=\"headline3 title\">Funci\u00f3n de intercomunicaci\u00f3n<\/h3>\n<div class=\"mod_cont\">\n<p>El IC-A220 tiene una funci\u00f3n de intercomunicador activada por voz incorporada que permite al piloto hablar con el copiloto a trav\u00e9s de los auriculares. El IC-A220 tiene funciones ajustables de nivel de audio y control de silenciamiento.<\/p>\n<\/div>\n<h3 class=\"headline3 title\">Capacidad de control remoto<\/h3>\n<div class=\"mod_cont\">\n<p>Puede controlar de forma remota los interruptores FLIP-FLOP (intercambio de frecuencia), intercomunicador y recuperaci\u00f3n a trav\u00e9s del conector del panel trasero<\/p>\n<\/div>\n<h3 class=\"headline3 title\">Espaciado de canales de 8,33 kHz<\/h3>\n<div class=\"mod_cont\">\n<p>El IC-A220 permite cambiar entre pasos de frecuencia de 8,33 kHz y 25 kHz en el modo men\u00fa.<\/p>\n<p>* Puede estar prohibido el uso de un espaciado de canales de 8,33 kHz seg\u00fan el pa\u00eds.<\/p>\n<\/div>\n<h3 class=\"headline3 title\">Canales de memoria<\/h3>\n<div class=\"mod_cont\">\n<p>El IC-A220 tiene 20 canales de memoria y 20 canales de memoria hist\u00f3rica respectivamente. Los canales de memoria utilizados a menudo se pueden recuperar instant\u00e1neamente. Los canales de memoria grupal est\u00e1n organizados en 10 canales de memoria por cinco grupos (50 canales en total). La funci\u00f3n de escaneo del canal meteorol\u00f3gico busca se\u00f1ales del canal meteorol\u00f3gico.<\/p>\n<\/div>\n<h3 class=\"headline3 title\">Otras caracter\u00edsticas<\/h3>\n<div class=\"mod_cont\">\n<ul class=\"disc\">\n<li>Funciones de reloj dual y reloj prioritario<\/li>\n<li>Acceso con un solo toque a la frecuencia de emergencia de 121,5 MHz<\/li>\n<li>Funci\u00f3n de tono lateral para monitorear tu voz con auriculares<\/li>\n<li>La funci\u00f3n ANL (limitador autom\u00e1tico de ruido) reduce el ruido de tipo pulso<\/li>\n<li>Capacidad de control remoto<\/li>\n<li>Capacidad de programaci\u00f3n de PC<\/li>\n<li>Bloqueo de dial y bloqueo de panel<\/li>\n<li>Time-out-timer<\/li>\n<li>Conector D-SUB de 25 pines y pines de enchufe compatibles con MIL-Spec M39029\/63-368<\/li>\n<li>Se puede instalar una altura delgada de 33 mm (1,3 pulgadas) en un espacio de panel limitado<\/li>\n<li>Dos tipos de modo de men\u00fa: men\u00fa de configuraci\u00f3n y men\u00fa de configuraci\u00f3n<\/li>\n<li>Compatibles con sistemas el\u00e9ctricos de 13,8 V y 27,5 V<\/li>\n<\/ul>\n<\/div>\n<h2 class=\"headline3 title\">General<\/h2>\n<div class=\"mod_cont\">\n<div class=\"table_wrap border scroll-hint\">\n<table>\n<tbody>\n<tr>\n<th rowspan=\"3\">Rango de frecuencia<\/th>\n<th rowspan=\"2\">TX\/RX<\/th>\n<th>Espaciado de 8,33 kHz<\/th>\n<td>118.000\u2013136.992 MHz<\/td>\n<\/tr>\n<tr>\n<th>Espaciado de 25 kHz<\/th>\n<td>118.000\u2013136.975 MHz<\/td>\n<\/tr>\n<tr>\n<th>RX<\/th>\n<th>Canal meteorol\u00f3gico<\/th>\n<td>161,650\u2013163,275 MHz<\/td>\n<\/tr>\n<tr>\n<th colspan=\"3\">Espaciado de frecuencia<\/th>\n<td>8,33 kHz \/ 25 kHz<\/td>\n<\/tr>\n<tr>\n<th colspan=\"3\">Modo<\/th>\n<td>AM (6K00A3E, 5K60A3E)<\/td>\n<\/tr>\n<tr>\n<th colspan=\"3\">Estabilidad de frecuencia<\/th>\n<td>\u00b15 ppm<\/td>\n<\/tr>\n<tr>\n<th colspan=\"3\">Temperatura de funcionamiento<\/th>\n<td>\u201320 \u030aC a +55 \u030aC; \u20134 \u030aF a +131 \u030aF<\/td>\n<\/tr>\n<tr>\n<th colspan=\"3\">Impedancia de la antena<\/th>\n<td>50 \u03a9<\/td>\n<\/tr>\n<tr>\n<th colspan=\"3\">N\u00famero de canales de memoria<\/th>\n<td>20 regulares, 50 de memoria grupal, 10 GPS, 20 de historia, 10 de clima<\/td>\n<\/tr>\n<tr>\n<th colspan=\"3\">Requisito de suministro de energ\u00eda<\/th>\n<td>13,8 V\/27,5 V CC (Tierra negativa)<\/td>\n<\/tr>\n<tr>\n<th colspan=\"3\">Dimensiones (W \u00d7 H \u00d7 D,<br \/>\nProyecciones no incluidas)<\/th>\n<td>160 \u00d7 34 \u00d7 271 mm;<br \/>\n6,3 \u00d7 1,34 \u00d7 10,67 pulgadas<\/td>\n<\/tr>\n<tr>\n<th colspan=\"3\">Peso (aproximadamente)<\/th>\n<td>1,0 kg; 2,2 lb<\/td>\n<\/tr>\n<\/tbody>\n<\/table>\n<h3 class=\"scroll-hint-icon-wrap\" data-target=\"scrollable-icon\"><span style=\"font-size: 27.2px;\">Transmisor<\/span><\/h3>\n<\/div>\n<\/div>\n<div class=\"mod_cont\">\n<div class=\"table_wrap border scroll-hint\">\n<table>\n<tbody>\n<tr>\n<th colspan=\"2\">Potencia de salida<\/th>\n<td>8 W (Potencia del portador)<\/td>\n<\/tr>\n<tr>\n<th colspan=\"2\">Emisi\u00f3n espuria<\/th>\n<td>\u201360 dBc<\/td>\n<\/tr>\n<tr>\n<th colspan=\"2\">Limitaci\u00f3n de modulaci\u00f3n<\/th>\n<td>70% (M\u00e1ximo 98%)<\/td>\n<\/tr>\n<tr>\n<th colspan=\"2\">Impedancia del micr\u00f3fono<\/th>\n<td>600\u03a9<\/td>\n<\/tr>\n<\/tbody>\n<\/table>\n<h3 class=\"scroll-hint-icon-wrap\" data-target=\"scrollable-icon\"><span style=\"font-size: 27.2px;\">Receptor<\/span><\/h3>\n<\/div>\n<\/div>\n<div class=\"mod_cont\">\n<div class=\"table_wrap border scroll-hint\">\n<table>\n<tbody>\n<tr>\n<th colspan=\"2\">Frecuencias intermedias<\/th>\n<td>38,85 MHz\/450 kHz (1o\/2o)<\/td>\n<\/tr>\n<tr>\n<th rowspan=\"2\" width=\"126\">Sensibilidad<\/th>\n<th width=\"166\">AM (6 dB S\/N)<\/th>\n<td>Menos de 2 \u03bcV<\/td>\n<\/tr>\n<tr>\n<th>FM (12 dB SINAD)<\/th>\n<td>Menos de 1,4 \u03bcV<\/td>\n<\/tr>\n<tr>\n<th rowspan=\"2\">Selectividad<\/th>\n<th>Espaciado de 25 kHz<\/th>\n<td>\u00b13 kHz\/\u00b122 kHz (6 dB\/60 dB)<\/td>\n<\/tr>\n<tr>\n<th>Espaciado de 8,33 kHz<\/th>\n<td>\u00b12,778 kHz\/\u00b17,37 kHz (6 dB\/60 dB)<\/td>\n<\/tr>\n<tr>\n<th colspan=\"2\">Respuesta espuria<\/th>\n<td>M\u00e1s de 74 dB\u03bc<\/td>\n<\/tr>\n<tr>\n<th rowspan=\"2\">Potencia de salida de audio<\/th>\n<th>SP externo<\/th>\n<td>5 W con una carga de 4 \u03a9<\/td>\n<\/tr>\n<tr>\n<th>Auriculares<\/th>\n<td>60 mW con una carga de 500 \u03a9<\/td>\n<\/tr>\n<\/tbody>\n<\/table>\n<\/div>\n<\/div>\n<p><strong style=\"font-size: 19.2px; text-align: justify;\">DOWNLOADS<\/strong><\/p>\n<div class=\"mod_cont\">\n<ul style=\"text-align: justify;\">\n<li>\u2192\u00a0 <a href=\"https:\/\/drive.google.com\/file\/d\/1HdTPQCSUDobgF1qNMQ5B9_6h9lWEDFZ3\/view?usp=sharing\">Ficha t\u00e9cnica Espa\u00f1ol<\/a><\/li>\n<li><a href=\"https:\/\/drive.google.com\/file\/d\/1T9WU_mGTaXbRP4Qp2zvhZg1a0CWeRaZW\/view?usp=sharing\">\u2192\u00a0 Ficha t\u00e9cnica Ingles<\/a><\/li>\n<\/ul>\n<\/div>","protected":false},"excerpt":{"rendered":"<p><strong><span class=\"icom_font\">IC-<\/span>A220 TRANSCEPTOR DE BANDA DE AIRE VHF<\/strong><\/p>\n<ul>\n<li class=\"catch_copy\">La innovaci\u00f3n en su m\u00e1xima expresi\u00f3n.<\/li>\n<li class=\"catch_copy\">Pantalla OLED de f\u00e1cil instalaci\u00f3n<\/li>\n<\/ul>\n<p><img decoding=\"async\" class=\"wp-image-5336 aligncenter\" src=\"https:\/\/tecplan.com.es\/wp-content\/uploads\/2026\/01\/logo-_-Icom-300x146.png\" alt=\"\" width=\"142\" height=\"73\" \/><\/p>","protected":false},"featured_media":5407,"comment_status":"open","ping_status":"closed","template":"","meta":{"site-sidebar-layout":"default","site-content-layout":"","ast-site-content-layout":"default","site-content-style":"default","site-sidebar-style":"default","ast-global-header-display":"","ast-banner-title-visibility":"","ast-main-header-display":"","ast-hfb-above-header-display":"","ast-hfb-below-header-display":"","ast-hfb-mobile-header-display":"","site-post-title":"","ast-breadcrumbs-content":"","ast-featured-img":"","footer-sml-layout":"","ast-disable-related-posts":"","theme-transparent-header-meta":"default","adv-header-id-meta":"","stick-header-meta":"","header-above-stick-meta":"","header-main-stick-meta":"","header-below-stick-meta":"","astra-migrate-meta-layouts":"set","ast-page-background-enabled":"default","ast-page-background-meta":{"desktop":{"background-color":"var(--ast-global-color-5)","background-image":"","background-repeat":"repeat","background-position":"center center","background-size":"auto","background-attachment":"scroll","background-type":"","background-media":"","overlay-type":"","overlay-color":"","overlay-opacity":"","overlay-gradient":""},"tablet":{"background-color":"","background-image":"","background-repeat":"repeat","background-position":"center center","background-size":"auto","background-attachment":"scroll","background-type":"","background-media":"","overlay-type":"","overlay-color":"","overlay-opacity":"","overlay-gradient":""},"mobile":{"background-color":"","background-image":"","background-repeat":"repeat","background-position":"center center","background-size":"auto","background-attachment":"scroll","background-type":"","background-media":"","overlay-type":"","overlay-color":"","overlay-opacity":"","overlay-gradient":""}},"ast-content-background-meta":{"desktop":{"background-color":"var(--ast-global-color-4)","background-image":"","background-repeat":"repeat","background-position":"center center","background-size":"auto","background-attachment":"scroll","background-type":"","background-media":"","overlay-type":"","overlay-color":"","overlay-opacity":"","overlay-gradient":""},"tablet":{"background-color":"var(--ast-global-color-4)","background-image":"","background-repeat":"repeat","background-position":"center center","background-size":"auto","background-attachment":"scroll","background-type":"","background-media":"","overlay-type":"","overlay-color":"","overlay-opacity":"","overlay-gradient":""},"mobile":{"background-color":"var(--ast-global-color-4)","background-image":"","background-repeat":"repeat","background-position":"center center","background-size":"auto","background-attachment":"scroll","background-type":"","background-media":"","overlay-type":"","overlay-color":"","overlay-opacity":"","overlay-gradient":""}}},"product_brand":[254],"product_cat":[73,59],"product_tag":[204],"class_list":{"0":"post-5405","1":"product","2":"type-product","3":"status-publish","4":"has-post-thumbnail","6":"product_brand-icom","7":"product_cat-icom","8":"product_cat-radio-comunicacion","9":"product_tag-icom","10":"desktop-align-left","11":"tablet-align-left","12":"mobile-align-left","14":"first","15":"instock","16":"shipping-taxable","17":"product-type-simple"},"yoast_head":"<!-- This site is optimized with the Yoast SEO plugin v25.3 - https:\/\/yoast.com\/wordpress\/plugins\/seo\/ -->\n<title>IC-A220 TRANSCEPTOR VHF BANDA A\u00c9REA - Tecplan<\/title>\n<meta name=\"robots\" content=\"index, follow, max-snippet:-1, max-image-preview:large, max-video-preview:-1\" \/>\n<link rel=\"canonical\" href=\"https:\/\/tecplan.com.es\/en\/product\/ic-a220-transceptor-vhf-banda-aerea-2\/\" \/>\n<meta property=\"og:locale\" content=\"en_US\" \/>\n<meta property=\"og:type\" content=\"article\" \/>\n<meta property=\"og:title\" content=\"IC-A220 TRANSCEPTOR VHF BANDA A\u00c9REA - Tecplan\" \/>\n<meta property=\"og:description\" content=\"IC-A220 TRANSCEPTOR DE BANDA DE AIRE VHF   La innovaci\u00f3n en su m\u00e1xima expresi\u00f3n.  Pantalla OLED de f\u00e1cil instalaci\u00f3n\" \/>\n<meta property=\"og:url\" content=\"https:\/\/tecplan.com.es\/en\/product\/ic-a220-transceptor-vhf-banda-aerea-2\/\" \/>\n<meta property=\"og:site_name\" content=\"Tecplan\" \/>\n<meta property=\"article:modified_time\" content=\"2026-02-02T22:46:46+00:00\" \/>\n<meta property=\"og:image\" content=\"https:\/\/tecplan.com.es\/wp-content\/uploads\/2026\/02\/IC-A220-2.png\" \/>\n\t<meta property=\"og:image:width\" content=\"1500\" \/>\n\t<meta property=\"og:image:height\" content=\"1500\" \/>\n\t<meta property=\"og:image:type\" content=\"image\/png\" \/>\n<meta name=\"twitter:card\" content=\"summary_large_image\" \/>\n<meta name=\"twitter:label1\" content=\"Est. reading time\" \/>\n\t<meta name=\"twitter:data1\" content=\"4 minutes\" \/>\n<script type=\"application\/ld+json\" class=\"yoast-schema-graph\">{\"@context\":\"https:\/\/schema.org\",\"@graph\":[{\"@type\":\"WebPage\",\"@id\":\"https:\/\/tecplan.com.es\/product\/ic-a220-transceptor-vhf-banda-aerea-2\/\",\"url\":\"https:\/\/tecplan.com.es\/product\/ic-a220-transceptor-vhf-banda-aerea-2\/\",\"name\":\"IC-A220 TRANSCEPTOR VHF BANDA A\u00c9REA - Tecplan\",\"isPartOf\":{\"@id\":\"https:\/\/tecplan.com.es\/#website\"},\"primaryImageOfPage\":{\"@id\":\"https:\/\/tecplan.com.es\/product\/ic-a220-transceptor-vhf-banda-aerea-2\/#primaryimage\"},\"image\":{\"@id\":\"https:\/\/tecplan.com.es\/product\/ic-a220-transceptor-vhf-banda-aerea-2\/#primaryimage\"},\"thumbnailUrl\":\"https:\/\/tecplan.com.es\/wp-content\/uploads\/2026\/02\/IC-A220-2.png\",\"datePublished\":\"2026-02-02T22:39:22+00:00\",\"dateModified\":\"2026-02-02T22:46:46+00:00\",\"breadcrumb\":{\"@id\":\"https:\/\/tecplan.com.es\/product\/ic-a220-transceptor-vhf-banda-aerea-2\/#breadcrumb\"},\"inLanguage\":\"en-US\",\"potentialAction\":[{\"@type\":\"ReadAction\",\"target\":[\"https:\/\/tecplan.com.es\/product\/ic-a220-transceptor-vhf-banda-aerea-2\/\"]}]},{\"@type\":\"ImageObject\",\"inLanguage\":\"en-US\",\"@id\":\"https:\/\/tecplan.com.es\/product\/ic-a220-transceptor-vhf-banda-aerea-2\/#primaryimage\",\"url\":\"https:\/\/tecplan.com.es\/wp-content\/uploads\/2026\/02\/IC-A220-2.png\",\"contentUrl\":\"https:\/\/tecplan.com.es\/wp-content\/uploads\/2026\/02\/IC-A220-2.png\",\"width\":1500,\"height\":1500},{\"@type\":\"BreadcrumbList\",\"@id\":\"https:\/\/tecplan.com.es\/product\/ic-a220-transceptor-vhf-banda-aerea-2\/#breadcrumb\",\"itemListElement\":[{\"@type\":\"ListItem\",\"position\":1,\"name\":\"Home\",\"item\":\"https:\/\/tecplan.com.es\/\"},{\"@type\":\"ListItem\",\"position\":2,\"name\":\"Shop\",\"item\":\"https:\/\/tecplan.com.es\/shop\/\"},{\"@type\":\"ListItem\",\"position\":3,\"name\":\"IC-A220 TRANSCEPTOR VHF BANDA A\u00c9REA\"}]},{\"@type\":\"WebSite\",\"@id\":\"https:\/\/tecplan.com.es\/#website\",\"url\":\"https:\/\/tecplan.com.es\/\",\"name\":\"Tecplan\",\"description\":\"\",\"potentialAction\":[{\"@type\":\"SearchAction\",\"target\":{\"@type\":\"EntryPoint\",\"urlTemplate\":\"https:\/\/tecplan.com.es\/?s={search_term_string}\"},\"query-input\":{\"@type\":\"PropertyValueSpecification\",\"valueRequired\":true,\"valueName\":\"search_term_string\"}}],\"inLanguage\":\"en-US\"}]}<\/script>\n<!-- \/ Yoast SEO plugin. -->","yoast_head_json":{"title":"IC-A220 TRANSCEPTOR VHF BANDA A\u00c9REA - Tecplan","robots":{"index":"index","follow":"follow","max-snippet":"max-snippet:-1","max-image-preview":"max-image-preview:large","max-video-preview":"max-video-preview:-1"},"canonical":"https:\/\/tecplan.com.es\/en\/product\/ic-a220-transceptor-vhf-banda-aerea-2\/","og_locale":"en_US","og_type":"article","og_title":"IC-A220 TRANSCEPTOR VHF BANDA A\u00c9REA - Tecplan","og_description":"IC-A220 TRANSCEPTOR DE BANDA DE AIRE VHF   La innovaci\u00f3n en su m\u00e1xima expresi\u00f3n.  Pantalla OLED de f\u00e1cil instalaci\u00f3n","og_url":"https:\/\/tecplan.com.es\/en\/product\/ic-a220-transceptor-vhf-banda-aerea-2\/","og_site_name":"Tecplan","article_modified_time":"2026-02-02T22:46:46+00:00","og_image":[{"width":1500,"height":1500,"url":"https:\/\/tecplan.com.es\/wp-content\/uploads\/2026\/02\/IC-A220-2.png","type":"image\/png"}],"twitter_card":"summary_large_image","twitter_misc":{"Est. reading time":"4 minutes"},"schema":{"@context":"https:\/\/schema.org","@graph":[{"@type":"WebPage","@id":"https:\/\/tecplan.com.es\/product\/ic-a220-transceptor-vhf-banda-aerea-2\/","url":"https:\/\/tecplan.com.es\/product\/ic-a220-transceptor-vhf-banda-aerea-2\/","name":"IC-A220 TRANSCEPTOR VHF BANDA A\u00c9REA - Tecplan","isPartOf":{"@id":"https:\/\/tecplan.com.es\/#website"},"primaryImageOfPage":{"@id":"https:\/\/tecplan.com.es\/product\/ic-a220-transceptor-vhf-banda-aerea-2\/#primaryimage"},"image":{"@id":"https:\/\/tecplan.com.es\/product\/ic-a220-transceptor-vhf-banda-aerea-2\/#primaryimage"},"thumbnailUrl":"https:\/\/tecplan.com.es\/wp-content\/uploads\/2026\/02\/IC-A220-2.png","datePublished":"2026-02-02T22:39:22+00:00","dateModified":"2026-02-02T22:46:46+00:00","breadcrumb":{"@id":"https:\/\/tecplan.com.es\/product\/ic-a220-transceptor-vhf-banda-aerea-2\/#breadcrumb"},"inLanguage":"en-US","potentialAction":[{"@type":"ReadAction","target":["https:\/\/tecplan.com.es\/product\/ic-a220-transceptor-vhf-banda-aerea-2\/"]}]},{"@type":"ImageObject","inLanguage":"en-US","@id":"https:\/\/tecplan.com.es\/product\/ic-a220-transceptor-vhf-banda-aerea-2\/#primaryimage","url":"https:\/\/tecplan.com.es\/wp-content\/uploads\/2026\/02\/IC-A220-2.png","contentUrl":"https:\/\/tecplan.com.es\/wp-content\/uploads\/2026\/02\/IC-A220-2.png","width":1500,"height":1500},{"@type":"BreadcrumbList","@id":"https:\/\/tecplan.com.es\/product\/ic-a220-transceptor-vhf-banda-aerea-2\/#breadcrumb","itemListElement":[{"@type":"ListItem","position":1,"name":"Home","item":"https:\/\/tecplan.com.es\/"},{"@type":"ListItem","position":2,"name":"Shop","item":"https:\/\/tecplan.com.es\/shop\/"},{"@type":"ListItem","position":3,"name":"IC-A220 TRANSCEPTOR VHF BANDA A\u00c9REA"}]},{"@type":"WebSite","@id":"https:\/\/tecplan.com.es\/#website","url":"https:\/\/tecplan.com.es\/","name":"Tecplan","description":"","potentialAction":[{"@type":"SearchAction","target":{"@type":"EntryPoint","urlTemplate":"https:\/\/tecplan.com.es\/?s={search_term_string}"},"query-input":{"@type":"PropertyValueSpecification","valueRequired":true,"valueName":"search_term_string"}}],"inLanguage":"en-US"}]}},"_links":{"self":[{"href":"https:\/\/tecplan.com.es\/en\/wp-json\/wp\/v2\/product\/5405","targetHints":{"allow":["GET"]}}],"collection":[{"href":"https:\/\/tecplan.com.es\/en\/wp-json\/wp\/v2\/product"}],"about":[{"href":"https:\/\/tecplan.com.es\/en\/wp-json\/wp\/v2\/types\/product"}],"replies":[{"embeddable":true,"href":"https:\/\/tecplan.com.es\/en\/wp-json\/wp\/v2\/comments?post=5405"}],"version-history":[{"count":3,"href":"https:\/\/tecplan.com.es\/en\/wp-json\/wp\/v2\/product\/5405\/revisions"}],"predecessor-version":[{"id":5410,"href":"https:\/\/tecplan.com.es\/en\/wp-json\/wp\/v2\/product\/5405\/revisions\/5410"}],"wp:featuredmedia":[{"embeddable":true,"href":"https:\/\/tecplan.com.es\/en\/wp-json\/wp\/v2\/media\/5407"}],"wp:attachment":[{"href":"https:\/\/tecplan.com.es\/en\/wp-json\/wp\/v2\/media?parent=5405"}],"wp:term":[{"taxonomy":"product_brand","embeddable":true,"href":"https:\/\/tecplan.com.es\/en\/wp-json\/wp\/v2\/product_brand?post=5405"},{"taxonomy":"product_cat","embeddable":true,"href":"https:\/\/tecplan.com.es\/en\/wp-json\/wp\/v2\/product_cat?post=5405"},{"taxonomy":"product_tag","embeddable":true,"href":"https:\/\/tecplan.com.es\/en\/wp-json\/wp\/v2\/product_tag?post=5405"}],"curies":[{"name":"wp","href":"https:\/\/api.w.org\/{rel}","templated":true}]}}