{"id":5399,"date":"2026-02-02T22:18:22","date_gmt":"2026-02-02T22:18:22","guid":{"rendered":"https:\/\/tecplan.com.es\/?post_type=product&#038;p=5399"},"modified":"2026-02-02T22:26:52","modified_gmt":"2026-02-02T22:26:52","slug":"ic-a120-radio-transceptor-banda-aerea-vhf","status":"publish","type":"product","link":"https:\/\/tecplan.com.es\/en\/product\/ic-a120-radio-transceptor-banda-aerea-vhf\/","title":{"rendered":"IC-A120 Radio TRANSCEPTOR BANDA A\u00c9REA VHF\u00a0"},"content":{"rendered":"<div>\n<p style=\"text-align: justify;\">El\u00a0<strong>transceptor de banda a\u00e9rea VHF Icom IC-A120<\/strong> es la columna vertebral de las comunicaciones para las operaciones de vuelo, el control del tr\u00e1fico a\u00e9reo y los equipos de mantenimiento de la aviaci\u00f3n. Esta radio de comunicaci\u00f3n de aeronaves cuenta con tecnolog\u00eda\u00a0<strong>de cancelaci\u00f3n activa de ruido<\/strong>\u00a0, que elimina el ruido del motor y la interferencia de fondo para lograr transmisiones n\u00edtidas.<\/p>\n<\/div>\n<div style=\"text-align: justify;\"><strong>Funciones de doble vigilancia y rastreo de micr\u00f3fono colgado<\/strong><br \/>\nLa funci\u00f3n de doble vigilancia comprueba los canales prioritario y de operaci\u00f3n alternativamente. La funci\u00f3n de rastreo de micr\u00f3fono colgado inicia el rastreo autom\u00e1ticamente cuando el micr\u00f3fono de mano se engancha al soporte del micr\u00f3fono. Cuando descuelgue el micr\u00f3fono, el rastreo se para en el canal prioritario o el canal mostrado (de acuerdo con la programaci\u00f3n previa).<\/div>\n<div style=\"text-align: justify;\"><\/div>\n<div style=\"text-align: justify;\"><strong>Funci\u00f3n de Tono Lateral<\/strong><br \/>\nCuando utilice micro-auriculares de otros fabricantes con el adaptador de microauricular OPC-871A opcional, la funci\u00f3n de Tono Lateral le permite monitorizar su<br \/>\npropia voz transmitida a trav\u00e9s del micro-auricular conectado. Incluso cuando utilice un micr\u00f3fono de mano, su voz se puede monitorizar desde el micro-auricular.<\/div>\n<div style=\"text-align: justify;\"><\/div>\n<div style=\"text-align: justify;\"><strong>Micro-altavoz opcional, HM-217<\/strong><br \/>\nEscuche el audio recibido a trav\u00e9s del altavoz incorporado en el HM-217. Desde el panel frontal micro-altavoz puede acceder a los botones de subir\/bajar y dos botones programables (P1\/P2) que pueden ser usados como atajos para activar las funciones m\u00e1s frecuentes.<\/div>\n<div style=\"text-align: justify;\"><\/div>\n<div id=\"subtitulo\" style=\"text-align: justify;\">Radio m\u00f3vil de banda a\u00e9rea de alto rendimiento con cancelador activo de ruido y conectividad inal\u00e1mbrica Bluetooth\u00ae<\/div>\n<div id=\"caracteristicas\" style=\"text-align: justify;\">\n<ul>\n<li>200 canales de memoria con nombres de 12 car\u00e1cteres.<\/li>\n<li>Construcci\u00f3n resistente al agua equivalente al IP54.<\/li>\n<li>Potencia de salida: 36W (PEP)<\/li>\n<li>Espaciado de canal: 8,33KHz\/25 KHz<\/li>\n<li>Pantalla de matriz de puntos.<\/li>\n<li>Funciones de rastreo de micr\u00f3fono colgado y doble vigilancia.<\/li>\n<li>Funci\u00f3n tono lateral<\/li>\n<li>Micro-altavoz opcional, HM-217<\/li>\n<li>Comandos CI-V para control externo<\/li>\n<\/ul>\n<p><strong style=\"font-size: 19.2px; text-align: justify;\">DOWNLOADS<\/strong><\/p>\n<\/div>\n<ul style=\"text-align: justify;\">\n<li>\u2192\u00a0 <a href=\"https:\/\/drive.google.com\/file\/d\/1dZjmbhx0VGSF9Opygsils8cA5D_bSyn-\/view?usp=sharing\">Ficha t\u00e9cnica Espa\u00f1ol<\/a><\/li>\n<li><a href=\"https:\/\/drive.google.com\/file\/d\/19YCvDNAvyVTbsWseNNMx3q6vqk55Qy2K\/view?usp=sharing\">\u2192\u00a0 Ficha t\u00e9cnica Ingles<\/a><\/li>\n<\/ul>\n<p style=\"text-align: justify;\">","protected":false},"excerpt":{"rendered":"<p style=\"text-align: justify;\"><strong>Se presenta el A120 Airband Mobile de Icom dos<\/strong><\/p>\n<p style=\"text-align: justify;\">El m\u00f3vil de banda a\u00e9rea A120 de Icom introduce dos nuevas caracter\u00edsticas:<\/p>\n<ul style=\"text-align: justify;\">\n<li>Cancelaci\u00f3n activa de ruido (ANC) y capacidades Bluetooth\u00ae.<\/li>\n<li>El nuevo CNA incorporado reduce el ruido de fondo y es eficaz es entornos nuevas caracter\u00edsticas:<\/li>\n<li>Ruido Activo: Cancelaci\u00f3n (ANC) y Bluetooth\u00ae capacidades.<\/li>\n<\/ul>\n<p><img decoding=\"async\" class=\"wp-image-5336 aligncenter\" src=\"https:\/\/tecplan.com.es\/wp-content\/uploads\/2026\/01\/logo-_-Icom-300x146.png\" alt=\"\" width=\"153\" height=\"66\" \/><\/p>","protected":false},"featured_media":5401,"comment_status":"open","ping_status":"closed","template":"","meta":{"site-sidebar-layout":"default","site-content-layout":"","ast-site-content-layout":"default","site-content-style":"default","site-sidebar-style":"default","ast-global-header-display":"","ast-banner-title-visibility":"","ast-main-header-display":"","ast-hfb-above-header-display":"","ast-hfb-below-header-display":"","ast-hfb-mobile-header-display":"","site-post-title":"","ast-breadcrumbs-content":"","ast-featured-img":"","footer-sml-layout":"","ast-disable-related-posts":"","theme-transparent-header-meta":"default","adv-header-id-meta":"","stick-header-meta":"","header-above-stick-meta":"","header-main-stick-meta":"","header-below-stick-meta":"","astra-migrate-meta-layouts":"set","ast-page-background-enabled":"default","ast-page-background-meta":{"desktop":{"background-color":"var(--ast-global-color-5)","background-image":"","background-repeat":"repeat","background-position":"center center","background-size":"auto","background-attachment":"scroll","background-type":"","background-media":"","overlay-type":"","overlay-color":"","overlay-opacity":"","overlay-gradient":""},"tablet":{"background-color":"","background-image":"","background-repeat":"repeat","background-position":"center center","background-size":"auto","background-attachment":"scroll","background-type":"","background-media":"","overlay-type":"","overlay-color":"","overlay-opacity":"","overlay-gradient":""},"mobile":{"background-color":"","background-image":"","background-repeat":"repeat","background-position":"center center","background-size":"auto","background-attachment":"scroll","background-type":"","background-media":"","overlay-type":"","overlay-color":"","overlay-opacity":"","overlay-gradient":""}},"ast-content-background-meta":{"desktop":{"background-color":"var(--ast-global-color-4)","background-image":"","background-repeat":"repeat","background-position":"center center","background-size":"auto","background-attachment":"scroll","background-type":"","background-media":"","overlay-type":"","overlay-color":"","overlay-opacity":"","overlay-gradient":""},"tablet":{"background-color":"var(--ast-global-color-4)","background-image":"","background-repeat":"repeat","background-position":"center center","background-size":"auto","background-attachment":"scroll","background-type":"","background-media":"","overlay-type":"","overlay-color":"","overlay-opacity":"","overlay-gradient":""},"mobile":{"background-color":"var(--ast-global-color-4)","background-image":"","background-repeat":"repeat","background-position":"center center","background-size":"auto","background-attachment":"scroll","background-type":"","background-media":"","overlay-type":"","overlay-color":"","overlay-opacity":"","overlay-gradient":""}}},"product_brand":[254],"product_cat":[73,59,76],"product_tag":[204],"class_list":{"0":"post-5399","1":"product","2":"type-product","3":"status-publish","4":"has-post-thumbnail","6":"product_brand-icom","7":"product_cat-icom","8":"product_cat-radio-comunicacion","9":"product_cat-radios-bases-icom","10":"product_tag-icom","11":"desktop-align-left","12":"tablet-align-left","13":"mobile-align-left","15":"first","16":"instock","17":"shipping-taxable","18":"product-type-simple"},"yoast_head":"<!-- This site is optimized with the Yoast SEO plugin v25.3 - https:\/\/yoast.com\/wordpress\/plugins\/seo\/ -->\n<title>IC-A120 Radio TRANSCEPTOR BANDA A\u00c9REA VHF\u00a0 - Tecplan<\/title>\n<meta name=\"robots\" content=\"index, follow, max-snippet:-1, max-image-preview:large, max-video-preview:-1\" \/>\n<link rel=\"canonical\" href=\"https:\/\/tecplan.com.es\/en\/product\/ic-a120-radio-transceptor-banda-aerea-vhf\/\" \/>\n<meta property=\"og:locale\" content=\"en_US\" \/>\n<meta property=\"og:type\" content=\"article\" \/>\n<meta property=\"og:title\" content=\"IC-A120 Radio TRANSCEPTOR BANDA A\u00c9REA VHF\u00a0 - Tecplan\" \/>\n<meta property=\"og:description\" content=\"Se presenta el A120 Airband Mobile de Icom dos El m\u00f3vil de banda a\u00e9rea A120 de Icom introduce dos nuevas caracter\u00edsticas:    Cancelaci\u00f3n activa de ruido (ANC) y capacidades Bluetooth\u00ae.  El nuevo CNA incorporado reduce el ruido de fondo y es eficaz es entornos nuevas caracter\u00edsticas:  Ruido Activo: Cancelaci\u00f3n (ANC) y Bluetooth\u00ae capacidades.\" \/>\n<meta property=\"og:url\" content=\"https:\/\/tecplan.com.es\/en\/product\/ic-a120-radio-transceptor-banda-aerea-vhf\/\" \/>\n<meta property=\"og:site_name\" content=\"Tecplan\" \/>\n<meta property=\"article:modified_time\" content=\"2026-02-02T22:26:52+00:00\" \/>\n<meta property=\"og:image\" content=\"https:\/\/tecplan.com.es\/wp-content\/uploads\/2026\/02\/IC-A120-1.webp\" \/>\n\t<meta property=\"og:image:width\" content=\"679\" \/>\n\t<meta property=\"og:image:height\" content=\"679\" \/>\n\t<meta property=\"og:image:type\" content=\"image\/webp\" \/>\n<meta name=\"twitter:card\" content=\"summary_large_image\" \/>\n<meta name=\"twitter:label1\" content=\"Est. reading time\" \/>\n\t<meta name=\"twitter:data1\" content=\"2 minutes\" \/>\n<script type=\"application\/ld+json\" class=\"yoast-schema-graph\">{\"@context\":\"https:\/\/schema.org\",\"@graph\":[{\"@type\":\"WebPage\",\"@id\":\"https:\/\/tecplan.com.es\/product\/ic-a120-radio-transceptor-banda-aerea-vhf\/\",\"url\":\"https:\/\/tecplan.com.es\/product\/ic-a120-radio-transceptor-banda-aerea-vhf\/\",\"name\":\"IC-A120 Radio TRANSCEPTOR BANDA A\u00c9REA VHF\u00a0 - Tecplan\",\"isPartOf\":{\"@id\":\"https:\/\/tecplan.com.es\/#website\"},\"primaryImageOfPage\":{\"@id\":\"https:\/\/tecplan.com.es\/product\/ic-a120-radio-transceptor-banda-aerea-vhf\/#primaryimage\"},\"image\":{\"@id\":\"https:\/\/tecplan.com.es\/product\/ic-a120-radio-transceptor-banda-aerea-vhf\/#primaryimage\"},\"thumbnailUrl\":\"https:\/\/tecplan.com.es\/wp-content\/uploads\/2026\/02\/IC-A120-1.webp\",\"datePublished\":\"2026-02-02T22:18:22+00:00\",\"dateModified\":\"2026-02-02T22:26:52+00:00\",\"breadcrumb\":{\"@id\":\"https:\/\/tecplan.com.es\/product\/ic-a120-radio-transceptor-banda-aerea-vhf\/#breadcrumb\"},\"inLanguage\":\"en-US\",\"potentialAction\":[{\"@type\":\"ReadAction\",\"target\":[\"https:\/\/tecplan.com.es\/product\/ic-a120-radio-transceptor-banda-aerea-vhf\/\"]}]},{\"@type\":\"ImageObject\",\"inLanguage\":\"en-US\",\"@id\":\"https:\/\/tecplan.com.es\/product\/ic-a120-radio-transceptor-banda-aerea-vhf\/#primaryimage\",\"url\":\"https:\/\/tecplan.com.es\/wp-content\/uploads\/2026\/02\/IC-A120-1.webp\",\"contentUrl\":\"https:\/\/tecplan.com.es\/wp-content\/uploads\/2026\/02\/IC-A120-1.webp\",\"width\":679,\"height\":679},{\"@type\":\"BreadcrumbList\",\"@id\":\"https:\/\/tecplan.com.es\/product\/ic-a120-radio-transceptor-banda-aerea-vhf\/#breadcrumb\",\"itemListElement\":[{\"@type\":\"ListItem\",\"position\":1,\"name\":\"Home\",\"item\":\"https:\/\/tecplan.com.es\/\"},{\"@type\":\"ListItem\",\"position\":2,\"name\":\"Shop\",\"item\":\"https:\/\/tecplan.com.es\/shop\/\"},{\"@type\":\"ListItem\",\"position\":3,\"name\":\"IC-A120 Radio TRANSCEPTOR BANDA A\u00c9REA VHF\u00a0\"}]},{\"@type\":\"WebSite\",\"@id\":\"https:\/\/tecplan.com.es\/#website\",\"url\":\"https:\/\/tecplan.com.es\/\",\"name\":\"Tecplan\",\"description\":\"\",\"potentialAction\":[{\"@type\":\"SearchAction\",\"target\":{\"@type\":\"EntryPoint\",\"urlTemplate\":\"https:\/\/tecplan.com.es\/?s={search_term_string}\"},\"query-input\":{\"@type\":\"PropertyValueSpecification\",\"valueRequired\":true,\"valueName\":\"search_term_string\"}}],\"inLanguage\":\"en-US\"}]}<\/script>\n<!-- \/ Yoast SEO plugin. -->","yoast_head_json":{"title":"IC-A120 Radio TRANSCEPTOR BANDA A\u00c9REA VHF\u00a0 - Tecplan","robots":{"index":"index","follow":"follow","max-snippet":"max-snippet:-1","max-image-preview":"max-image-preview:large","max-video-preview":"max-video-preview:-1"},"canonical":"https:\/\/tecplan.com.es\/en\/product\/ic-a120-radio-transceptor-banda-aerea-vhf\/","og_locale":"en_US","og_type":"article","og_title":"IC-A120 Radio TRANSCEPTOR BANDA A\u00c9REA VHF\u00a0 - Tecplan","og_description":"Se presenta el A120 Airband Mobile de Icom dos El m\u00f3vil de banda a\u00e9rea A120 de Icom introduce dos nuevas caracter\u00edsticas:    Cancelaci\u00f3n activa de ruido (ANC) y capacidades Bluetooth\u00ae.  El nuevo CNA incorporado reduce el ruido de fondo y es eficaz es entornos nuevas caracter\u00edsticas:  Ruido Activo: Cancelaci\u00f3n (ANC) y Bluetooth\u00ae capacidades.","og_url":"https:\/\/tecplan.com.es\/en\/product\/ic-a120-radio-transceptor-banda-aerea-vhf\/","og_site_name":"Tecplan","article_modified_time":"2026-02-02T22:26:52+00:00","og_image":[{"width":679,"height":679,"url":"https:\/\/tecplan.com.es\/wp-content\/uploads\/2026\/02\/IC-A120-1.webp","type":"image\/webp"}],"twitter_card":"summary_large_image","twitter_misc":{"Est. reading time":"2 minutes"},"schema":{"@context":"https:\/\/schema.org","@graph":[{"@type":"WebPage","@id":"https:\/\/tecplan.com.es\/product\/ic-a120-radio-transceptor-banda-aerea-vhf\/","url":"https:\/\/tecplan.com.es\/product\/ic-a120-radio-transceptor-banda-aerea-vhf\/","name":"IC-A120 Radio TRANSCEPTOR BANDA A\u00c9REA VHF\u00a0 - Tecplan","isPartOf":{"@id":"https:\/\/tecplan.com.es\/#website"},"primaryImageOfPage":{"@id":"https:\/\/tecplan.com.es\/product\/ic-a120-radio-transceptor-banda-aerea-vhf\/#primaryimage"},"image":{"@id":"https:\/\/tecplan.com.es\/product\/ic-a120-radio-transceptor-banda-aerea-vhf\/#primaryimage"},"thumbnailUrl":"https:\/\/tecplan.com.es\/wp-content\/uploads\/2026\/02\/IC-A120-1.webp","datePublished":"2026-02-02T22:18:22+00:00","dateModified":"2026-02-02T22:26:52+00:00","breadcrumb":{"@id":"https:\/\/tecplan.com.es\/product\/ic-a120-radio-transceptor-banda-aerea-vhf\/#breadcrumb"},"inLanguage":"en-US","potentialAction":[{"@type":"ReadAction","target":["https:\/\/tecplan.com.es\/product\/ic-a120-radio-transceptor-banda-aerea-vhf\/"]}]},{"@type":"ImageObject","inLanguage":"en-US","@id":"https:\/\/tecplan.com.es\/product\/ic-a120-radio-transceptor-banda-aerea-vhf\/#primaryimage","url":"https:\/\/tecplan.com.es\/wp-content\/uploads\/2026\/02\/IC-A120-1.webp","contentUrl":"https:\/\/tecplan.com.es\/wp-content\/uploads\/2026\/02\/IC-A120-1.webp","width":679,"height":679},{"@type":"BreadcrumbList","@id":"https:\/\/tecplan.com.es\/product\/ic-a120-radio-transceptor-banda-aerea-vhf\/#breadcrumb","itemListElement":[{"@type":"ListItem","position":1,"name":"Home","item":"https:\/\/tecplan.com.es\/"},{"@type":"ListItem","position":2,"name":"Shop","item":"https:\/\/tecplan.com.es\/shop\/"},{"@type":"ListItem","position":3,"name":"IC-A120 Radio TRANSCEPTOR BANDA A\u00c9REA VHF\u00a0"}]},{"@type":"WebSite","@id":"https:\/\/tecplan.com.es\/#website","url":"https:\/\/tecplan.com.es\/","name":"Tecplan","description":"","potentialAction":[{"@type":"SearchAction","target":{"@type":"EntryPoint","urlTemplate":"https:\/\/tecplan.com.es\/?s={search_term_string}"},"query-input":{"@type":"PropertyValueSpecification","valueRequired":true,"valueName":"search_term_string"}}],"inLanguage":"en-US"}]}},"_links":{"self":[{"href":"https:\/\/tecplan.com.es\/en\/wp-json\/wp\/v2\/product\/5399","targetHints":{"allow":["GET"]}}],"collection":[{"href":"https:\/\/tecplan.com.es\/en\/wp-json\/wp\/v2\/product"}],"about":[{"href":"https:\/\/tecplan.com.es\/en\/wp-json\/wp\/v2\/types\/product"}],"replies":[{"embeddable":true,"href":"https:\/\/tecplan.com.es\/en\/wp-json\/wp\/v2\/comments?post=5399"}],"version-history":[{"count":3,"href":"https:\/\/tecplan.com.es\/en\/wp-json\/wp\/v2\/product\/5399\/revisions"}],"predecessor-version":[{"id":5403,"href":"https:\/\/tecplan.com.es\/en\/wp-json\/wp\/v2\/product\/5399\/revisions\/5403"}],"wp:featuredmedia":[{"embeddable":true,"href":"https:\/\/tecplan.com.es\/en\/wp-json\/wp\/v2\/media\/5401"}],"wp:attachment":[{"href":"https:\/\/tecplan.com.es\/en\/wp-json\/wp\/v2\/media?parent=5399"}],"wp:term":[{"taxonomy":"product_brand","embeddable":true,"href":"https:\/\/tecplan.com.es\/en\/wp-json\/wp\/v2\/product_brand?post=5399"},{"taxonomy":"product_cat","embeddable":true,"href":"https:\/\/tecplan.com.es\/en\/wp-json\/wp\/v2\/product_cat?post=5399"},{"taxonomy":"product_tag","embeddable":true,"href":"https:\/\/tecplan.com.es\/en\/wp-json\/wp\/v2\/product_tag?post=5399"}],"curies":[{"name":"wp","href":"https:\/\/api.w.org\/{rel}","templated":true}]}}