{"id":5394,"date":"2026-02-02T21:40:49","date_gmt":"2026-02-02T21:40:49","guid":{"rendered":"https:\/\/tecplan.com.es\/?post_type=product&#038;p=5394"},"modified":"2026-02-02T21:40:49","modified_gmt":"2026-02-02T21:40:49","slug":"ic-a25n-radio-de-banda-aerea-vhf","status":"publish","type":"product","link":"https:\/\/tecplan.com.es\/en\/product\/ic-a25n-radio-de-banda-aerea-vhf\/","title":{"rendered":"IC-A25N Radio de banda a\u00e9rea VHF"},"content":{"rendered":"<p style=\"text-align: justify;\"><strong>IC-A25N<\/strong><br \/>\nTRANSCEPTORES DE BANDA A\u00c9REA VHF VHF AIR BAND TRANSCEIVERS<\/p>\n<p style=\"text-align: justify;\">Radio de banda a\u00e9rea potente de 6 W (PEP) con GPS y Bluetooth integrados Powerful 6W Airband Radio (PEP) with built-in GPS and Bluetooth.<\/p>\n<p style=\"text-align: justify;\">La serie A25 es una potente radio port\u00e1til de banda a\u00e9rea con 6 vatios de potencia y clasificaci\u00f3n de impermeabilidad IP57: \u00a1ni el mal tiempo puede con estas radios! Incluye una bater\u00eda de iones de litio de 2350 mAh que proporciona una larga duraci\u00f3n. Su interfaz intuitiva con pantalla LCD de 2,3&#8243; facilita la programaci\u00f3n y el funcionamiento en vuelo. La versi\u00f3n A25N NAV\/COM incluye Bluetooth\u00ae, GPS y navegaci\u00f3n VOR integrados. Potencia y clasificaci\u00f3n de resistencia al agua IP57; el clima no puede detener a estas radios. La radio port\u00e1til incluye bater\u00eda de iones de litio de 2350 mAh, que proporciona un tiempo de funcionamiento prolongado. La interfaz es f\u00e1cil de usar con pantalla LCD de 2,3\u201d se combinan para proporcionar una programaci\u00f3n y un funcionamiento en vuelo sin estr\u00e9s. La versi\u00f3n A25N<br \/>\nNAV\/COM incluye Bluetooth\u00ae, GPS y navegaci\u00f3n VOR integrados.<\/p>\n<h2 class=\"headline3 title\">General<\/h2>\n<div class=\"mod_cont\">\n<div class=\"table_wrap border scroll-hint\">\n<table>\n<tbody>\n<tr>\n<th colspan=\"2\"><\/th>\n<th>IC-A25N<\/th>\n<th>IC-A25C<\/th>\n<\/tr>\n<tr>\n<th colspan=\"2\">NAV and COM<\/th>\n<td>NAV and COM channels<\/td>\n<td>COM channels<\/td>\n<\/tr>\n<tr>\n<th rowspan=\"3\">Frequency range<\/th>\n<th>TX<\/th>\n<td>118.000\u2013136.992 MHz<\/td>\n<td>118.000\u2013136.992 MHz<\/td>\n<\/tr>\n<tr>\n<th>RX<\/th>\n<td>108.000\u2013136.992 MHz<\/td>\n<td>118.000\u2013136.992 MHz<\/td>\n<\/tr>\n<tr>\n<th>RX (Weather)<\/th>\n<td>161.650\u2013163.275 MHz<\/td>\n<td>161.650\u2013163.275 MHz<\/td>\n<\/tr>\n<tr>\n<th colspan=\"2\">Number of memory channels<\/th>\n<td colspan=\"2\">300 channels\/15 groups<\/td>\n<\/tr>\n<tr>\n<th colspan=\"2\">Channel spacing<\/th>\n<td colspan=\"2\">25\/8.33 kHz<\/td>\n<\/tr>\n<tr>\n<th colspan=\"2\">Type of emission<\/th>\n<td colspan=\"2\">6K00A3E, 5K60A3E, 16K0G3E (Weather)<\/td>\n<\/tr>\n<tr>\n<th colspan=\"2\">Power supply requirement<\/th>\n<td colspan=\"2\">7.2 V DC (BP-288), 11.0 V DC (External DC Jack)<\/td>\n<\/tr>\n<tr>\n<th rowspan=\"2\">Current drain (approximately)<\/th>\n<th>Tx High<\/th>\n<td colspan=\"2\">Less than 1.8 A<\/td>\n<\/tr>\n<tr>\n<th>Rx Max. audio\/Stand-by<\/th>\n<td colspan=\"2\">Less than 500 mA<br \/>\n90 mA typ. (GPS, Bluetooth, Light: OFF)<\/td>\n<\/tr>\n<tr>\n<th colspan=\"2\">Antenna impedance<\/th>\n<td colspan=\"2\">50 \u03a9<\/td>\n<\/tr>\n<tr>\n<th colspan=\"2\">Operating temperature range<\/th>\n<td colspan=\"2\"><span>\u221210 \u00b0C a +60 \u00b0C;<\/span><br \/>\n<span>\u221214 \u00b0F a +140 \u00b0F<\/span><\/td>\n<\/tr>\n<tr>\n<th colspan=\"2\"><span>Dimensiones (W \u00d7 H \u00d7 D;)<\/span><br \/>\n<span>(Proyecciones no incluidas)<\/span><\/th>\n<td colspan=\"2\"><span>58,9 \u00d7 148,4 \u00d7 31,8 mm;<\/span><br \/>\n<span>2,3 \u00d7 5,8 \u00d7 1,3 pulgadas<\/span><\/td>\n<\/tr>\n<tr>\n<th colspan=\"2\"><span>Peso (aproximadamente)<\/span><\/th>\n<td colspan=\"2\"><span>340 g; 12,0 oz (con BP-288)<\/span><\/td>\n<\/tr>\n<\/tbody>\n<\/table>\n<\/div>\n<\/div>\n<h2 class=\"headline3 title\"><span>Transmisor<\/span><\/h2>\n<div class=\"mod_cont\">\n<div class=\"table_wrap border scroll-hint\">\n<table>\n<tbody>\n<tr>\n<th><\/th>\n<th><span>IC-A25N<\/span><\/th>\n<th><span>IC-A25C<\/span><\/th>\n<\/tr>\n<tr>\n<th><span>Potencia de salida (a 7,2 V CC)<\/span><\/th>\n<td colspan=\"2\"><span>6,0\/1,8 W t\u00edpico (PEP\/portador)<\/span><\/td>\n<\/tr>\n<tr>\n<th><span>Distorsi\u00f3n arm\u00f3nica de audio<\/span><\/th>\n<td colspan=\"2\"><span>Menos del 10% (con una modulaci\u00f3n del 60%)<\/span><\/td>\n<\/tr>\n<tr>\n<th><span>Relaci\u00f3n de zumbido y ruido<\/span><\/th>\n<td colspan=\"2\"><span>M\u00e1s de 35 dB<\/span><\/td>\n<\/tr>\n<tr>\n<th><span>Emisiones espurias<\/span><\/th>\n<td colspan=\"2\"><span>M\u00e1s de 46 dB<\/span><br \/>\n<span>(Excepto frecuencia de operaci\u00f3n \u00b162,5 kHz en espaciado de canal de 25 kHz)<\/span><br \/>\n<span>(Excepto frecuencia de operaci\u00f3n \u00b120,825 kHz en espaciado de canal de 8,33 kHz)<\/span><\/td>\n<\/tr>\n<tr>\n<th><span>Estabilidad de frecuencia<\/span><\/th>\n<td colspan=\"2\"><span>\u00b10,4 kHz<\/span><\/td>\n<\/tr>\n<\/tbody>\n<\/table>\n<\/div>\n<\/div>\n<p>&nbsp;<\/p>\n<h5 style=\"text-align: justify;\"><span style=\"text-decoration: underline;\"><strong>DOWNLOADS<\/strong><\/span><\/h5>\n<ul style=\"text-align: justify;\">\n<li>\u2192\u00a0 <a href=\"https:\/\/drive.google.com\/file\/d\/1oVhOAuvFUG2lxFymDiHtlhtSWts1ApRy\/view?usp=sharing\">Ficha t\u00e9cnica Espa\u00f1ol<\/a><\/li>\n<li><a href=\"https:\/\/drive.google.com\/file\/d\/1DoOljEhRg2DXsOYNYBoxPWjZNMUONgj6\/view?usp=sharing\">\u2192\u00a0 Ficha t\u00e9cnica Ingles<\/a><\/li>\n<\/ul>","protected":false},"excerpt":{"rendered":"<div class=\"mod_cont\">\n<div class=\"img_col img_right sp1 img_top img_width\">\n<div class=\"img no_border\"><\/div>\n<\/div>\n<\/div>\n<div class=\"mod_cont\">\n<div class=\"img_col img_right sp1 img_top img_width\">\n<ul>\n<li style=\"text-align: justify;\">GPS incorporado con Waypoint NAV simplificado<\/li>\n<li style=\"text-align: justify;\">Planes de vuelo con aplicaci\u00f3n iOS\u2122<\/li>\n<li style=\"text-align: justify;\">Funciones de navegaci\u00f3n VOR<\/li>\n<li style=\"text-align: justify;\">Funci\u00f3n de b\u00fasqueda cerca de la estaci\u00f3n<\/li>\n<li style=\"text-align: justify;\">Salida de RF de alta potencia l\u00edder en la clase<\/li>\n<li style=\"text-align: justify;\">Interfaz f\u00e1cil de usar<\/li>\n<li style=\"text-align: justify;\">Pantalla LCD grande de alta visibilidad de 2,3 pulgadas<\/li>\n<li style=\"text-align: justify;\">Recordatorio del canal \u00abFlip-Flop\u00bb<\/li>\n<li style=\"text-align: justify;\">Bluetooth incorporado\u00ae<\/li>\n<\/ul>\n<p><img decoding=\"async\" class=\"wp-image-5336 aligncenter\" src=\"https:\/\/tecplan.com.es\/wp-content\/uploads\/2026\/01\/logo-_-Icom-300x146.png\" alt=\"\" width=\"139\" height=\"67\" srcset=\"https:\/\/tecplan.com.es\/wp-content\/uploads\/2026\/01\/logo-_-Icom-300x146.png 300w, https:\/\/tecplan.com.es\/wp-content\/uploads\/2026\/01\/logo-_-Icom-18x9.png 18w, https:\/\/tecplan.com.es\/wp-content\/uploads\/2026\/01\/logo-_-Icom-600x292.png 600w, https:\/\/tecplan.com.es\/wp-content\/uploads\/2026\/01\/logo-_-Icom.png 741w\" sizes=\"(max-width: 139px) 100vw, 139px\" \/><\/p>\n<\/div>\n<\/div>\n<div class=\"mod_cont\">\n<p style=\"text-align: justify;\">\n<\/div>","protected":false},"featured_media":5396,"comment_status":"open","ping_status":"closed","template":"","meta":{"site-sidebar-layout":"default","site-content-layout":"","ast-site-content-layout":"default","site-content-style":"default","site-sidebar-style":"default","ast-global-header-display":"","ast-banner-title-visibility":"","ast-main-header-display":"","ast-hfb-above-header-display":"","ast-hfb-below-header-display":"","ast-hfb-mobile-header-display":"","site-post-title":"","ast-breadcrumbs-content":"","ast-featured-img":"","footer-sml-layout":"","ast-disable-related-posts":"","theme-transparent-header-meta":"default","adv-header-id-meta":"","stick-header-meta":"","header-above-stick-meta":"","header-main-stick-meta":"","header-below-stick-meta":"","astra-migrate-meta-layouts":"set","ast-page-background-enabled":"default","ast-page-background-meta":{"desktop":{"background-color":"var(--ast-global-color-5)","background-image":"","background-repeat":"repeat","background-position":"center center","background-size":"auto","background-attachment":"scroll","background-type":"","background-media":"","overlay-type":"","overlay-color":"","overlay-opacity":"","overlay-gradient":""},"tablet":{"background-color":"","background-image":"","background-repeat":"repeat","background-position":"center center","background-size":"auto","background-attachment":"scroll","background-type":"","background-media":"","overlay-type":"","overlay-color":"","overlay-opacity":"","overlay-gradient":""},"mobile":{"background-color":"","background-image":"","background-repeat":"repeat","background-position":"center center","background-size":"auto","background-attachment":"scroll","background-type":"","background-media":"","overlay-type":"","overlay-color":"","overlay-opacity":"","overlay-gradient":""}},"ast-content-background-meta":{"desktop":{"background-color":"var(--ast-global-color-4)","background-image":"","background-repeat":"repeat","background-position":"center center","background-size":"auto","background-attachment":"scroll","background-type":"","background-media":"","overlay-type":"","overlay-color":"","overlay-opacity":"","overlay-gradient":""},"tablet":{"background-color":"var(--ast-global-color-4)","background-image":"","background-repeat":"repeat","background-position":"center center","background-size":"auto","background-attachment":"scroll","background-type":"","background-media":"","overlay-type":"","overlay-color":"","overlay-opacity":"","overlay-gradient":""},"mobile":{"background-color":"var(--ast-global-color-4)","background-image":"","background-repeat":"repeat","background-position":"center center","background-size":"auto","background-attachment":"scroll","background-type":"","background-media":"","overlay-type":"","overlay-color":"","overlay-opacity":"","overlay-gradient":""}}},"product_brand":[254],"product_cat":[73,59,77],"product_tag":[204],"class_list":{"0":"post-5394","1":"product","2":"type-product","3":"status-publish","4":"has-post-thumbnail","6":"product_brand-icom","7":"product_cat-icom","8":"product_cat-radio-comunicacion","9":"product_cat-radios-portatiles-icom","10":"product_tag-icom","11":"desktop-align-left","12":"tablet-align-left","13":"mobile-align-left","15":"first","16":"instock","17":"shipping-taxable","18":"product-type-simple"},"yoast_head":"<!-- This site is optimized with the Yoast SEO plugin v25.3 - https:\/\/yoast.com\/wordpress\/plugins\/seo\/ -->\n<title>IC-A25N Radio de banda a\u00e9rea VHF - Tecplan<\/title>\n<meta name=\"robots\" content=\"index, follow, max-snippet:-1, max-image-preview:large, max-video-preview:-1\" \/>\n<link rel=\"canonical\" href=\"https:\/\/tecplan.com.es\/en\/product\/ic-a25n-radio-de-banda-aerea-vhf\/\" \/>\n<meta property=\"og:locale\" content=\"en_US\" \/>\n<meta property=\"og:type\" content=\"article\" \/>\n<meta property=\"og:title\" content=\"IC-A25N Radio de banda a\u00e9rea VHF - Tecplan\" \/>\n<meta property=\"og:description\" content=\"GPS incorporado con Waypoint NAV simplificado  Planes de vuelo con aplicaci\u00f3n iOS\u2122  Funciones de navegaci\u00f3n VOR  Funci\u00f3n de b\u00fasqueda cerca de la estaci\u00f3n  Salida de RF de alta potencia l\u00edder en la clase  Interfaz f\u00e1cil de usar  Pantalla LCD grande de alta visibilidad de 2,3 pulgadas  Recordatorio del canal &quot;Flip-Flop&quot;  Bluetooth incorporado\u00ae\" \/>\n<meta property=\"og:url\" content=\"https:\/\/tecplan.com.es\/en\/product\/ic-a25n-radio-de-banda-aerea-vhf\/\" \/>\n<meta property=\"og:site_name\" content=\"Tecplan\" \/>\n<meta property=\"og:image\" content=\"https:\/\/tecplan.com.es\/wp-content\/uploads\/2026\/02\/IC-A25N-2.png\" \/>\n\t<meta property=\"og:image:width\" content=\"453\" \/>\n\t<meta property=\"og:image:height\" content=\"840\" \/>\n\t<meta property=\"og:image:type\" content=\"image\/png\" \/>\n<meta name=\"twitter:card\" content=\"summary_large_image\" \/>\n<meta name=\"twitter:label1\" content=\"Est. reading time\" \/>\n\t<meta name=\"twitter:data1\" content=\"2 minutes\" \/>\n<script type=\"application\/ld+json\" class=\"yoast-schema-graph\">{\"@context\":\"https:\/\/schema.org\",\"@graph\":[{\"@type\":\"WebPage\",\"@id\":\"https:\/\/tecplan.com.es\/product\/ic-a25n-radio-de-banda-aerea-vhf\/\",\"url\":\"https:\/\/tecplan.com.es\/product\/ic-a25n-radio-de-banda-aerea-vhf\/\",\"name\":\"IC-A25N Radio de banda a\u00e9rea VHF - Tecplan\",\"isPartOf\":{\"@id\":\"https:\/\/tecplan.com.es\/#website\"},\"primaryImageOfPage\":{\"@id\":\"https:\/\/tecplan.com.es\/product\/ic-a25n-radio-de-banda-aerea-vhf\/#primaryimage\"},\"image\":{\"@id\":\"https:\/\/tecplan.com.es\/product\/ic-a25n-radio-de-banda-aerea-vhf\/#primaryimage\"},\"thumbnailUrl\":\"https:\/\/tecplan.com.es\/wp-content\/uploads\/2026\/02\/IC-A25N-2.png\",\"datePublished\":\"2026-02-02T21:40:49+00:00\",\"breadcrumb\":{\"@id\":\"https:\/\/tecplan.com.es\/product\/ic-a25n-radio-de-banda-aerea-vhf\/#breadcrumb\"},\"inLanguage\":\"en-US\",\"potentialAction\":[{\"@type\":\"ReadAction\",\"target\":[\"https:\/\/tecplan.com.es\/product\/ic-a25n-radio-de-banda-aerea-vhf\/\"]}]},{\"@type\":\"ImageObject\",\"inLanguage\":\"en-US\",\"@id\":\"https:\/\/tecplan.com.es\/product\/ic-a25n-radio-de-banda-aerea-vhf\/#primaryimage\",\"url\":\"https:\/\/tecplan.com.es\/wp-content\/uploads\/2026\/02\/IC-A25N-2.png\",\"contentUrl\":\"https:\/\/tecplan.com.es\/wp-content\/uploads\/2026\/02\/IC-A25N-2.png\",\"width\":453,\"height\":840},{\"@type\":\"BreadcrumbList\",\"@id\":\"https:\/\/tecplan.com.es\/product\/ic-a25n-radio-de-banda-aerea-vhf\/#breadcrumb\",\"itemListElement\":[{\"@type\":\"ListItem\",\"position\":1,\"name\":\"Home\",\"item\":\"https:\/\/tecplan.com.es\/\"},{\"@type\":\"ListItem\",\"position\":2,\"name\":\"Shop\",\"item\":\"https:\/\/tecplan.com.es\/shop\/\"},{\"@type\":\"ListItem\",\"position\":3,\"name\":\"IC-A25N Radio de banda a\u00e9rea VHF\"}]},{\"@type\":\"WebSite\",\"@id\":\"https:\/\/tecplan.com.es\/#website\",\"url\":\"https:\/\/tecplan.com.es\/\",\"name\":\"Tecplan\",\"description\":\"\",\"potentialAction\":[{\"@type\":\"SearchAction\",\"target\":{\"@type\":\"EntryPoint\",\"urlTemplate\":\"https:\/\/tecplan.com.es\/?s={search_term_string}\"},\"query-input\":{\"@type\":\"PropertyValueSpecification\",\"valueRequired\":true,\"valueName\":\"search_term_string\"}}],\"inLanguage\":\"en-US\"}]}<\/script>\n<!-- \/ Yoast SEO plugin. -->","yoast_head_json":{"title":"IC-A25N Radio de banda a\u00e9rea VHF - Tecplan","robots":{"index":"index","follow":"follow","max-snippet":"max-snippet:-1","max-image-preview":"max-image-preview:large","max-video-preview":"max-video-preview:-1"},"canonical":"https:\/\/tecplan.com.es\/en\/product\/ic-a25n-radio-de-banda-aerea-vhf\/","og_locale":"en_US","og_type":"article","og_title":"IC-A25N Radio de banda a\u00e9rea VHF - Tecplan","og_description":"GPS incorporado con Waypoint NAV simplificado  Planes de vuelo con aplicaci\u00f3n iOS\u2122  Funciones de navegaci\u00f3n VOR  Funci\u00f3n de b\u00fasqueda cerca de la estaci\u00f3n  Salida de RF de alta potencia l\u00edder en la clase  Interfaz f\u00e1cil de usar  Pantalla LCD grande de alta visibilidad de 2,3 pulgadas  Recordatorio del canal \"Flip-Flop\"  Bluetooth incorporado\u00ae","og_url":"https:\/\/tecplan.com.es\/en\/product\/ic-a25n-radio-de-banda-aerea-vhf\/","og_site_name":"Tecplan","og_image":[{"width":453,"height":840,"url":"https:\/\/tecplan.com.es\/wp-content\/uploads\/2026\/02\/IC-A25N-2.png","type":"image\/png"}],"twitter_card":"summary_large_image","twitter_misc":{"Est. reading time":"2 minutes"},"schema":{"@context":"https:\/\/schema.org","@graph":[{"@type":"WebPage","@id":"https:\/\/tecplan.com.es\/product\/ic-a25n-radio-de-banda-aerea-vhf\/","url":"https:\/\/tecplan.com.es\/product\/ic-a25n-radio-de-banda-aerea-vhf\/","name":"IC-A25N Radio de banda a\u00e9rea VHF - Tecplan","isPartOf":{"@id":"https:\/\/tecplan.com.es\/#website"},"primaryImageOfPage":{"@id":"https:\/\/tecplan.com.es\/product\/ic-a25n-radio-de-banda-aerea-vhf\/#primaryimage"},"image":{"@id":"https:\/\/tecplan.com.es\/product\/ic-a25n-radio-de-banda-aerea-vhf\/#primaryimage"},"thumbnailUrl":"https:\/\/tecplan.com.es\/wp-content\/uploads\/2026\/02\/IC-A25N-2.png","datePublished":"2026-02-02T21:40:49+00:00","breadcrumb":{"@id":"https:\/\/tecplan.com.es\/product\/ic-a25n-radio-de-banda-aerea-vhf\/#breadcrumb"},"inLanguage":"en-US","potentialAction":[{"@type":"ReadAction","target":["https:\/\/tecplan.com.es\/product\/ic-a25n-radio-de-banda-aerea-vhf\/"]}]},{"@type":"ImageObject","inLanguage":"en-US","@id":"https:\/\/tecplan.com.es\/product\/ic-a25n-radio-de-banda-aerea-vhf\/#primaryimage","url":"https:\/\/tecplan.com.es\/wp-content\/uploads\/2026\/02\/IC-A25N-2.png","contentUrl":"https:\/\/tecplan.com.es\/wp-content\/uploads\/2026\/02\/IC-A25N-2.png","width":453,"height":840},{"@type":"BreadcrumbList","@id":"https:\/\/tecplan.com.es\/product\/ic-a25n-radio-de-banda-aerea-vhf\/#breadcrumb","itemListElement":[{"@type":"ListItem","position":1,"name":"Home","item":"https:\/\/tecplan.com.es\/"},{"@type":"ListItem","position":2,"name":"Shop","item":"https:\/\/tecplan.com.es\/shop\/"},{"@type":"ListItem","position":3,"name":"IC-A25N Radio de banda a\u00e9rea VHF"}]},{"@type":"WebSite","@id":"https:\/\/tecplan.com.es\/#website","url":"https:\/\/tecplan.com.es\/","name":"Tecplan","description":"","potentialAction":[{"@type":"SearchAction","target":{"@type":"EntryPoint","urlTemplate":"https:\/\/tecplan.com.es\/?s={search_term_string}"},"query-input":{"@type":"PropertyValueSpecification","valueRequired":true,"valueName":"search_term_string"}}],"inLanguage":"en-US"}]}},"_links":{"self":[{"href":"https:\/\/tecplan.com.es\/en\/wp-json\/wp\/v2\/product\/5394","targetHints":{"allow":["GET"]}}],"collection":[{"href":"https:\/\/tecplan.com.es\/en\/wp-json\/wp\/v2\/product"}],"about":[{"href":"https:\/\/tecplan.com.es\/en\/wp-json\/wp\/v2\/types\/product"}],"replies":[{"embeddable":true,"href":"https:\/\/tecplan.com.es\/en\/wp-json\/wp\/v2\/comments?post=5394"}],"version-history":[{"count":2,"href":"https:\/\/tecplan.com.es\/en\/wp-json\/wp\/v2\/product\/5394\/revisions"}],"predecessor-version":[{"id":5398,"href":"https:\/\/tecplan.com.es\/en\/wp-json\/wp\/v2\/product\/5394\/revisions\/5398"}],"wp:featuredmedia":[{"embeddable":true,"href":"https:\/\/tecplan.com.es\/en\/wp-json\/wp\/v2\/media\/5396"}],"wp:attachment":[{"href":"https:\/\/tecplan.com.es\/en\/wp-json\/wp\/v2\/media?parent=5394"}],"wp:term":[{"taxonomy":"product_brand","embeddable":true,"href":"https:\/\/tecplan.com.es\/en\/wp-json\/wp\/v2\/product_brand?post=5394"},{"taxonomy":"product_cat","embeddable":true,"href":"https:\/\/tecplan.com.es\/en\/wp-json\/wp\/v2\/product_cat?post=5394"},{"taxonomy":"product_tag","embeddable":true,"href":"https:\/\/tecplan.com.es\/en\/wp-json\/wp\/v2\/product_tag?post=5394"}],"curies":[{"name":"wp","href":"https:\/\/api.w.org\/{rel}","templated":true}]}}