{"id":5388,"date":"2026-02-02T21:18:33","date_gmt":"2026-02-02T21:18:33","guid":{"rendered":"https:\/\/tecplan.com.es\/?post_type=product&#038;p=5388"},"modified":"2026-02-02T21:18:33","modified_gmt":"2026-02-02T21:18:33","slug":"radio-ic-a16-de-banda-vhf","status":"publish","type":"product","link":"https:\/\/tecplan.com.es\/en\/product\/radio-ic-a16-de-banda-vhf\/","title":{"rendered":"Radio IC-A16 de banda VHF"},"content":{"rendered":"<p style=\"text-align: justify;\"><strong>TRANSCEPTOR DE BANDA A\u00c9REA VHF IC-A16<\/strong><\/p>\n<p style=\"text-align: justify;\">Radio tierra-aire de 8,33\/25 kHz con audio potente de 1500 mW, l\u00edder en su clase<br \/>\nAlto volumen, duradero y f\u00e1cil de usar<\/p>\n<p style=\"text-align: justify;\">El A16 es el compa\u00f1ero de vuelo ideal para el piloto en pr\u00e1cticas. Esta radio pr\u00e1cticamente se amortiza, ya que ahorra horas de motor y combustible durante las comunicaciones previas al vuelo con la torre. Los usuarios aprecian su dise\u00f1o compacto e impermeable, que permite operarlo con una sola mano para trabajar en la pista de vuelo, como respaldo en cualquier aeronave o para el personal de tierra. Su bater\u00eda de iones de litio de 2400 mAh dura m\u00e1s de 17 horas e incluye un pr\u00e1ctico cargador r\u00e1pido.<\/p>\n<table>\n<tbody>\n<tr>\n<th colspan=\"3\">Frequency range<\/th>\n<td>TX: 118.000\u2013136.99166 MHz<br \/>\nRX: 108.000\u2013136.99166 MHz<br \/>\nRX (Weather): 161.650\u2013163.275 MHz<\/td>\n<\/tr>\n<tr>\n<th colspan=\"3\">Number of memory channels<\/th>\n<td>200 channels<\/td>\n<\/tr>\n<tr>\n<th colspan=\"3\">Channel spacing<\/th>\n<td>8.33 kHz\/25 kHz<\/td>\n<\/tr>\n<tr>\n<th colspan=\"3\">Type of emission<\/th>\n<td>6K00A3E, 5K60A3E, 16K0G3E (Weather)<\/td>\n<\/tr>\n<tr>\n<th colspan=\"3\">Power supply requirement<\/th>\n<td>7.2 V DC<\/td>\n<\/tr>\n<tr>\n<th rowspan=\"3\" width=\"120\">Current drain (approximate)<\/th>\n<th colspan=\"2\">TX High<\/th>\n<td>1.8 A<\/td>\n<\/tr>\n<tr>\n<th rowspan=\"2\">RX<\/th>\n<th>Stand-by<\/th>\n<td>65 mA typical<\/td>\n<\/tr>\n<tr>\n<th nowrap=\"nowrap\">Max. audio<\/th>\n<td>650 mA<\/td>\n<\/tr>\n<tr>\n<th colspan=\"3\">Antenna impedance<\/th>\n<td>50 \u03a9 (BNC type antenna connector)<\/td>\n<\/tr>\n<tr>\n<th colspan=\"3\">Operating temperature range<\/th>\n<td>\u201310\u02daC to +60\u02daC, 14\u02daF to +140\u02daF<\/td>\n<\/tr>\n<tr>\n<th colspan=\"3\">Dimensions (W\u00d7H\u00d7D)<br \/>\n(Projections not included)<\/th>\n<td>52.2 \u00d7 111.8 \u00d7 34.1 mm,<br \/>\n2.1 \u00d7 4.4 \u00d7 1.3 in (with BP-280)<\/td>\n<\/tr>\n<tr>\n<th colspan=\"3\">Weight (approximate)<\/th>\n<td>257 g, 9.1 oz (with BP-280)<\/td>\n<\/tr>\n<\/tbody>\n<\/table>\n<h2 class=\"headline3 title\">Transmitter<\/h2>\n<p>&nbsp;<\/p>\n<table>\n<tbody>\n<tr>\n<th colspan=\"2\">Output power (at 7.2 V DC)<\/th>\n<td>6.0 W (PEP), 1.8 W (carrier)<\/td>\n<\/tr>\n<tr>\n<th colspan=\"2\">Audio harmonic distortion<\/th>\n<td>Less than 10% (at 60% modulation)<\/td>\n<\/tr>\n<tr>\n<th colspan=\"2\">Spurious emissions<\/th>\n<td>More than 46 dB*<\/td>\n<\/tr>\n<tr>\n<th colspan=\"2\">Frequency stability<\/th>\n<td>\u00b10.4 kHz<\/td>\n<\/tr>\n<\/tbody>\n<\/table>\n<ul>\n<li style=\"text-align: justify;\"><span style=\"text-decoration: underline;\"><strong>DOWNLOADS<\/strong><\/span><\/li>\n<li>\u2192\u00a0 <a href=\"https:\/\/drive.google.com\/file\/d\/1X1Fd8DNitmn-JW6rcmJsYC6Pz-dH8Ogy\/view?usp=sharing\">Ficha t\u00e9cnica Espa\u00f1ol<\/a><\/li>\n<li><a href=\"https:\/\/drive.google.com\/file\/d\/1c6jS8rLGHXG5pMq9uqlM-CFczlV09SfK\/view?usp=sharing\">\u2192\u00a0 Ficha t\u00e9cnica Ingles<\/a><\/li>\n<\/ul>","protected":false},"excerpt":{"rendered":"<ul>\n<li>Water and dust resistant with IP57 rating<\/li>\n<li>2350mAh battery, BP-288 included<br \/>\nBattery case BP-289 included (depending on version)<\/li>\n<li>BNC antenna<\/li>\n<li>121.5MHz emergency key<\/li>\n<li>NOAA weather channels (IC-A25N\/C)<\/li>\n<\/ul>\n<p><img decoding=\"async\" class=\"wp-image-5336 aligncenter\" src=\"https:\/\/tecplan.com.es\/wp-content\/uploads\/2026\/01\/logo-_-Icom-300x146.png\" alt=\"\" width=\"125\" height=\"56\" \/><\/p>","protected":false},"featured_media":5390,"comment_status":"open","ping_status":"closed","template":"","meta":{"site-sidebar-layout":"default","site-content-layout":"","ast-site-content-layout":"default","site-content-style":"default","site-sidebar-style":"default","ast-global-header-display":"","ast-banner-title-visibility":"","ast-main-header-display":"","ast-hfb-above-header-display":"","ast-hfb-below-header-display":"","ast-hfb-mobile-header-display":"","site-post-title":"","ast-breadcrumbs-content":"","ast-featured-img":"","footer-sml-layout":"","ast-disable-related-posts":"","theme-transparent-header-meta":"default","adv-header-id-meta":"","stick-header-meta":"","header-above-stick-meta":"","header-main-stick-meta":"","header-below-stick-meta":"","astra-migrate-meta-layouts":"set","ast-page-background-enabled":"default","ast-page-background-meta":{"desktop":{"background-color":"var(--ast-global-color-5)","background-image":"","background-repeat":"repeat","background-position":"center center","background-size":"auto","background-attachment":"scroll","background-type":"","background-media":"","overlay-type":"","overlay-color":"","overlay-opacity":"","overlay-gradient":""},"tablet":{"background-color":"","background-image":"","background-repeat":"repeat","background-position":"center center","background-size":"auto","background-attachment":"scroll","background-type":"","background-media":"","overlay-type":"","overlay-color":"","overlay-opacity":"","overlay-gradient":""},"mobile":{"background-color":"","background-image":"","background-repeat":"repeat","background-position":"center center","background-size":"auto","background-attachment":"scroll","background-type":"","background-media":"","overlay-type":"","overlay-color":"","overlay-opacity":"","overlay-gradient":""}},"ast-content-background-meta":{"desktop":{"background-color":"var(--ast-global-color-4)","background-image":"","background-repeat":"repeat","background-position":"center center","background-size":"auto","background-attachment":"scroll","background-type":"","background-media":"","overlay-type":"","overlay-color":"","overlay-opacity":"","overlay-gradient":""},"tablet":{"background-color":"var(--ast-global-color-4)","background-image":"","background-repeat":"repeat","background-position":"center center","background-size":"auto","background-attachment":"scroll","background-type":"","background-media":"","overlay-type":"","overlay-color":"","overlay-opacity":"","overlay-gradient":""},"mobile":{"background-color":"var(--ast-global-color-4)","background-image":"","background-repeat":"repeat","background-position":"center center","background-size":"auto","background-attachment":"scroll","background-type":"","background-media":"","overlay-type":"","overlay-color":"","overlay-opacity":"","overlay-gradient":""}}},"product_brand":[254],"product_cat":[73,59,77],"product_tag":[204],"class_list":{"0":"post-5388","1":"product","2":"type-product","3":"status-publish","4":"has-post-thumbnail","6":"product_brand-icom","7":"product_cat-icom","8":"product_cat-radio-comunicacion","9":"product_cat-radios-portatiles-icom","10":"product_tag-icom","11":"desktop-align-left","12":"tablet-align-left","13":"mobile-align-left","15":"first","16":"instock","17":"shipping-taxable","18":"product-type-simple"},"yoast_head":"<!-- This site is optimized with the Yoast SEO plugin v25.3 - https:\/\/yoast.com\/wordpress\/plugins\/seo\/ -->\n<title>Radio IC-A16 de banda VHF - Tecplan<\/title>\n<meta name=\"robots\" content=\"index, follow, max-snippet:-1, max-image-preview:large, max-video-preview:-1\" \/>\n<link rel=\"canonical\" href=\"https:\/\/tecplan.com.es\/en\/product\/radio-ic-a16-de-banda-vhf\/\" \/>\n<meta property=\"og:locale\" content=\"en_US\" \/>\n<meta property=\"og:type\" content=\"article\" \/>\n<meta property=\"og:title\" content=\"Radio IC-A16 de banda VHF - Tecplan\" \/>\n<meta property=\"og:description\" content=\"Water and dust resistant with IP57 rating  2350mAh battery, BP-288 included Battery case BP-289 included (depending on version)  BNC antenna  121.5MHz emergency key  NOAA weather channels (IC-A25N\/C)\" \/>\n<meta property=\"og:url\" content=\"https:\/\/tecplan.com.es\/en\/product\/radio-ic-a16-de-banda-vhf\/\" \/>\n<meta property=\"og:site_name\" content=\"Tecplan\" \/>\n<meta property=\"og:image\" content=\"https:\/\/tecplan.com.es\/wp-content\/uploads\/2026\/02\/20191224101614_74033.png\" \/>\n\t<meta property=\"og:image:width\" content=\"1500\" \/>\n\t<meta property=\"og:image:height\" content=\"1500\" \/>\n\t<meta property=\"og:image:type\" content=\"image\/png\" \/>\n<meta name=\"twitter:card\" content=\"summary_large_image\" \/>\n<meta name=\"twitter:label1\" content=\"Est. reading time\" \/>\n\t<meta name=\"twitter:data1\" content=\"2 minutes\" \/>\n<script type=\"application\/ld+json\" class=\"yoast-schema-graph\">{\"@context\":\"https:\/\/schema.org\",\"@graph\":[{\"@type\":\"WebPage\",\"@id\":\"https:\/\/tecplan.com.es\/product\/radio-ic-a16-de-banda-vhf\/\",\"url\":\"https:\/\/tecplan.com.es\/product\/radio-ic-a16-de-banda-vhf\/\",\"name\":\"Radio IC-A16 de banda VHF - Tecplan\",\"isPartOf\":{\"@id\":\"https:\/\/tecplan.com.es\/#website\"},\"primaryImageOfPage\":{\"@id\":\"https:\/\/tecplan.com.es\/product\/radio-ic-a16-de-banda-vhf\/#primaryimage\"},\"image\":{\"@id\":\"https:\/\/tecplan.com.es\/product\/radio-ic-a16-de-banda-vhf\/#primaryimage\"},\"thumbnailUrl\":\"https:\/\/tecplan.com.es\/wp-content\/uploads\/2026\/02\/20191224101614_74033.png\",\"datePublished\":\"2026-02-02T21:18:33+00:00\",\"breadcrumb\":{\"@id\":\"https:\/\/tecplan.com.es\/product\/radio-ic-a16-de-banda-vhf\/#breadcrumb\"},\"inLanguage\":\"en-US\",\"potentialAction\":[{\"@type\":\"ReadAction\",\"target\":[\"https:\/\/tecplan.com.es\/product\/radio-ic-a16-de-banda-vhf\/\"]}]},{\"@type\":\"ImageObject\",\"inLanguage\":\"en-US\",\"@id\":\"https:\/\/tecplan.com.es\/product\/radio-ic-a16-de-banda-vhf\/#primaryimage\",\"url\":\"https:\/\/tecplan.com.es\/wp-content\/uploads\/2026\/02\/20191224101614_74033.png\",\"contentUrl\":\"https:\/\/tecplan.com.es\/wp-content\/uploads\/2026\/02\/20191224101614_74033.png\",\"width\":1500,\"height\":1500},{\"@type\":\"BreadcrumbList\",\"@id\":\"https:\/\/tecplan.com.es\/product\/radio-ic-a16-de-banda-vhf\/#breadcrumb\",\"itemListElement\":[{\"@type\":\"ListItem\",\"position\":1,\"name\":\"Home\",\"item\":\"https:\/\/tecplan.com.es\/\"},{\"@type\":\"ListItem\",\"position\":2,\"name\":\"Shop\",\"item\":\"https:\/\/tecplan.com.es\/shop\/\"},{\"@type\":\"ListItem\",\"position\":3,\"name\":\"Radio IC-A16 de banda VHF\"}]},{\"@type\":\"WebSite\",\"@id\":\"https:\/\/tecplan.com.es\/#website\",\"url\":\"https:\/\/tecplan.com.es\/\",\"name\":\"Tecplan\",\"description\":\"\",\"potentialAction\":[{\"@type\":\"SearchAction\",\"target\":{\"@type\":\"EntryPoint\",\"urlTemplate\":\"https:\/\/tecplan.com.es\/?s={search_term_string}\"},\"query-input\":{\"@type\":\"PropertyValueSpecification\",\"valueRequired\":true,\"valueName\":\"search_term_string\"}}],\"inLanguage\":\"en-US\"}]}<\/script>\n<!-- \/ Yoast SEO plugin. -->","yoast_head_json":{"title":"Radio IC-A16 de banda VHF - Tecplan","robots":{"index":"index","follow":"follow","max-snippet":"max-snippet:-1","max-image-preview":"max-image-preview:large","max-video-preview":"max-video-preview:-1"},"canonical":"https:\/\/tecplan.com.es\/en\/product\/radio-ic-a16-de-banda-vhf\/","og_locale":"en_US","og_type":"article","og_title":"Radio IC-A16 de banda VHF - Tecplan","og_description":"Water and dust resistant with IP57 rating  2350mAh battery, BP-288 included Battery case BP-289 included (depending on version)  BNC antenna  121.5MHz emergency key  NOAA weather channels (IC-A25N\/C)","og_url":"https:\/\/tecplan.com.es\/en\/product\/radio-ic-a16-de-banda-vhf\/","og_site_name":"Tecplan","og_image":[{"width":1500,"height":1500,"url":"https:\/\/tecplan.com.es\/wp-content\/uploads\/2026\/02\/20191224101614_74033.png","type":"image\/png"}],"twitter_card":"summary_large_image","twitter_misc":{"Est. reading time":"2 minutes"},"schema":{"@context":"https:\/\/schema.org","@graph":[{"@type":"WebPage","@id":"https:\/\/tecplan.com.es\/product\/radio-ic-a16-de-banda-vhf\/","url":"https:\/\/tecplan.com.es\/product\/radio-ic-a16-de-banda-vhf\/","name":"Radio IC-A16 de banda VHF - Tecplan","isPartOf":{"@id":"https:\/\/tecplan.com.es\/#website"},"primaryImageOfPage":{"@id":"https:\/\/tecplan.com.es\/product\/radio-ic-a16-de-banda-vhf\/#primaryimage"},"image":{"@id":"https:\/\/tecplan.com.es\/product\/radio-ic-a16-de-banda-vhf\/#primaryimage"},"thumbnailUrl":"https:\/\/tecplan.com.es\/wp-content\/uploads\/2026\/02\/20191224101614_74033.png","datePublished":"2026-02-02T21:18:33+00:00","breadcrumb":{"@id":"https:\/\/tecplan.com.es\/product\/radio-ic-a16-de-banda-vhf\/#breadcrumb"},"inLanguage":"en-US","potentialAction":[{"@type":"ReadAction","target":["https:\/\/tecplan.com.es\/product\/radio-ic-a16-de-banda-vhf\/"]}]},{"@type":"ImageObject","inLanguage":"en-US","@id":"https:\/\/tecplan.com.es\/product\/radio-ic-a16-de-banda-vhf\/#primaryimage","url":"https:\/\/tecplan.com.es\/wp-content\/uploads\/2026\/02\/20191224101614_74033.png","contentUrl":"https:\/\/tecplan.com.es\/wp-content\/uploads\/2026\/02\/20191224101614_74033.png","width":1500,"height":1500},{"@type":"BreadcrumbList","@id":"https:\/\/tecplan.com.es\/product\/radio-ic-a16-de-banda-vhf\/#breadcrumb","itemListElement":[{"@type":"ListItem","position":1,"name":"Home","item":"https:\/\/tecplan.com.es\/"},{"@type":"ListItem","position":2,"name":"Shop","item":"https:\/\/tecplan.com.es\/shop\/"},{"@type":"ListItem","position":3,"name":"Radio IC-A16 de banda VHF"}]},{"@type":"WebSite","@id":"https:\/\/tecplan.com.es\/#website","url":"https:\/\/tecplan.com.es\/","name":"Tecplan","description":"","potentialAction":[{"@type":"SearchAction","target":{"@type":"EntryPoint","urlTemplate":"https:\/\/tecplan.com.es\/?s={search_term_string}"},"query-input":{"@type":"PropertyValueSpecification","valueRequired":true,"valueName":"search_term_string"}}],"inLanguage":"en-US"}]}},"_links":{"self":[{"href":"https:\/\/tecplan.com.es\/en\/wp-json\/wp\/v2\/product\/5388","targetHints":{"allow":["GET"]}}],"collection":[{"href":"https:\/\/tecplan.com.es\/en\/wp-json\/wp\/v2\/product"}],"about":[{"href":"https:\/\/tecplan.com.es\/en\/wp-json\/wp\/v2\/types\/product"}],"replies":[{"embeddable":true,"href":"https:\/\/tecplan.com.es\/en\/wp-json\/wp\/v2\/comments?post=5388"}],"version-history":[{"count":1,"href":"https:\/\/tecplan.com.es\/en\/wp-json\/wp\/v2\/product\/5388\/revisions"}],"predecessor-version":[{"id":5393,"href":"https:\/\/tecplan.com.es\/en\/wp-json\/wp\/v2\/product\/5388\/revisions\/5393"}],"wp:featuredmedia":[{"embeddable":true,"href":"https:\/\/tecplan.com.es\/en\/wp-json\/wp\/v2\/media\/5390"}],"wp:attachment":[{"href":"https:\/\/tecplan.com.es\/en\/wp-json\/wp\/v2\/media?parent=5388"}],"wp:term":[{"taxonomy":"product_brand","embeddable":true,"href":"https:\/\/tecplan.com.es\/en\/wp-json\/wp\/v2\/product_brand?post=5388"},{"taxonomy":"product_cat","embeddable":true,"href":"https:\/\/tecplan.com.es\/en\/wp-json\/wp\/v2\/product_cat?post=5388"},{"taxonomy":"product_tag","embeddable":true,"href":"https:\/\/tecplan.com.es\/en\/wp-json\/wp\/v2\/product_tag?post=5388"}],"curies":[{"name":"wp","href":"https:\/\/api.w.org\/{rel}","templated":true}]}}