{"id":5334,"date":"2026-01-21T20:43:32","date_gmt":"2026-01-21T20:43:32","guid":{"rendered":"https:\/\/tecplan.com.es\/?post_type=product&#038;p=5334"},"modified":"2026-01-21T20:43:32","modified_gmt":"2026-01-21T20:43:32","slug":"transceptor-hf-icom-ic-78","status":"publish","type":"product","link":"https:\/\/tecplan.com.es\/en\/product\/transceptor-hf-icom-ic-78\/","title":{"rendered":"Transceptor HF ICOM IC-78"},"content":{"rendered":"<p style=\"text-align: justify;\">El IC-78 es un transceptor de HF de alto rendimiento. Sus innovadoras caracter\u00edsticas tales como sus 99 canales, su alta relaci\u00f3n Portadora\/Ruido (C\/N), entrada directa a los canales, capacidades de comunicaci\u00f3n de datos y m\u00e1s, ofrecen f\u00e1cil operaci\u00f3n para todos. Todas estas caracter\u00edsticas se ofrecen dentro de un empaque compacto y reforzado muy adecuado para utilizarse dentro de una estaci\u00f3n de base o dentro de un veh\u00edculo, como usted lo prefiera.<\/p>\n<p style=\"text-align: justify;\"><b>CHARACTERISTICS<\/b><\/p>\n<p style=\"text-align: justify;\"><b>Construcci\u00f3n duradera y poderosa<\/b><\/p>\n<p style=\"text-align: justify;\">El IC-78 ofrece una poderosa salida de potencia de 100 W, para darle la potencia que usted requiere en sus comunicaciones y as\u00ed poder llegar hasta a los lugares m\u00e1s distantes. Su construcci\u00f3n de una sola pieza, en aluminio fundido, combinada con un gran disipador de calor, ayuda a conservar baja la temperatura interna y asegura que la operaci\u00f3n sea estable durante grandes ciclos de servicio.<\/p>\n<p style=\"text-align: justify;\"><b>Operaci\u00f3n sencilla<\/b><\/p>\n<p style=\"text-align: justify;\">El IC-78 est\u00e1 equipado con una gran pantalla LCD f\u00e1cil de leer. Cuenta con un n\u00famero m\u00ednimo de interruptores y controles para seleccionar funciones. Las teclas acceden a las funciones directamente, sin necesidad de una tecla de funci\u00f3n aparte. Usted puede acceder a su frecuencia*\u00a0o n\u00famero de canal de memoria directamente desde el teclado de 10 teclas.<\/p>\n<p style=\"text-align: justify;\"><b>Funcionamiento<\/b><b>\u00a0b\u00e1sico superior<\/b><\/p>\n<p style=\"text-align: justify;\">Para el primer mezclador de recepci\u00f3n, se utiliza un sistema de cuatro elementos, que ofrece IMD de recepci\u00f3n superior, especialmente desde dentro de la banda, cerca de las se\u00f1ales de interferencia. Tambi\u00e9n tiene incorporado un sistema de buen dise\u00f1o de doble conversi\u00f3n que ayuda a minimizar las respuestas de imagen y espurias logrando una mejor fidelidad de se\u00f1al. Se adopt\u00f3 un circuito PLL novedoso para mejorar las caracter\u00edsticas de la relaci\u00f3n Portadora\/Ruido (C\/N). La combinaci\u00f3n del mezclador del sistema de cuatro elementos y un nuevo circuito PLL permite un funcionamiento b\u00e1sico superior.<\/p>\n<p style=\"text-align: justify;\"><b>Altavoz de gran sonoridad montado al frente<\/b><\/p>\n<p style=\"text-align: justify;\">Con el altavoz de frente al operador, es posible escuchar claramente los sonidos de audio sin ning\u00fan impedimento durante la operaci\u00f3n. Ya no es necesario subir el volumen manualmente para intentar capturar sonidos de audio.<\/p>\n<p style=\"text-align: justify;\"><b>Alta estabilidad de\u00a0<\/b><b>frecuencia<\/b><\/p>\n<p style=\"text-align: justify;\">Cuando la UNIDAD CRISTAL DE ALTA ESTABILIDAD CR-338 opcional est\u00e1 instalada, permite la operaci\u00f3n extremadamente estable de \u00b10.5 ppm.<\/p>\n<p style=\"text-align: justify;\"><b>Selecci\u00f3n flexible del filtro<\/b><\/p>\n<p style=\"text-align: justify;\">Se puede instalar un filtro IF opcional en el transceptor, ofreciendo 5 anchos de paso de banda a elegir en modo SSB, CW o RTTY.<\/p>\n<p style=\"text-align: justify;\"><b>Modo de operaci\u00f3n VFO*<\/b><\/p>\n<p style=\"text-align: justify;\">Para operaci\u00f3n de frecuencia continua, est\u00e1 disponible la capacidad de modo de operaci\u00f3n VFO*. Es conveniente utilizarla al buscar se\u00f1ales alrededor de las frecuencias programadas, tales como emisiones en onda corta, etc.<\/p>\n<h5 style=\"text-align: justify;\"><span style=\"text-decoration: underline;\"><strong>DOWNLOADS<\/strong><\/span><\/h5>\n<ul style=\"text-align: justify;\">\n<li>\u2192\u00a0 <a href=\"https:\/\/drive.google.com\/file\/d\/1Law9-J6CXYBeRDraG4vKmUT21mn2bpIG\/view?usp=sharing\">Ficha t\u00e9cnica Espa\u00f1ol<\/a><\/li>\n<li><a href=\"https:\/\/drive.google.com\/file\/d\/19YCvDNAvyVTbsWseNNMx3q6vqk55Qy2K\/view?usp=sharing\">\u2192\u00a0 Ficha t\u00e9cnica Ingles<\/a><\/li>\n<\/ul>","protected":false},"excerpt":{"rendered":"<p style=\"text-align: justify;\"><span class=\"svelte-1fz0gqk\">El\u00a0<\/span><strong class=\"svelte-1fz0gqk\"><span class=\"svelte-1fz0gqk\">Transceptor HF ICOM IC-78<\/span><\/strong> <strong class=\"svelte-1fz0gqk\"><span class=\"svelte-1fz0gqk\">\u00a0es <\/span><\/strong><span class=\"svelte-1fz0gqk\">un <\/span><strong class=\"svelte-1fz0gqk\"><span class=\"svelte-1fz0gqk\">transceptor de banda de HF (30 kHz a 30 MHz)<\/span><\/strong><span class=\"svelte-1fz0gqk\">\u00a0dise\u00f1ado para comunicaciones directas entre estaciones, ya sea en modo base o m\u00f3vil.<\/span><\/p>\n<p><img decoding=\"async\" class=\"wp-image-5336 aligncenter\" src=\"https:\/\/tecplan.com.es\/wp-content\/uploads\/2026\/01\/logo-_-Icom-300x146.png\" alt=\"\" width=\"146\" height=\"58\" \/><\/p>","protected":false},"featured_media":5335,"comment_status":"open","ping_status":"closed","template":"","meta":{"site-sidebar-layout":"default","site-content-layout":"","ast-site-content-layout":"default","site-content-style":"default","site-sidebar-style":"default","ast-global-header-display":"","ast-banner-title-visibility":"","ast-main-header-display":"","ast-hfb-above-header-display":"","ast-hfb-below-header-display":"","ast-hfb-mobile-header-display":"","site-post-title":"","ast-breadcrumbs-content":"","ast-featured-img":"","footer-sml-layout":"","ast-disable-related-posts":"","theme-transparent-header-meta":"default","adv-header-id-meta":"","stick-header-meta":"","header-above-stick-meta":"","header-main-stick-meta":"","header-below-stick-meta":"","astra-migrate-meta-layouts":"set","ast-page-background-enabled":"default","ast-page-background-meta":{"desktop":{"background-color":"var(--ast-global-color-5)","background-image":"","background-repeat":"repeat","background-position":"center center","background-size":"auto","background-attachment":"scroll","background-type":"","background-media":"","overlay-type":"","overlay-color":"","overlay-opacity":"","overlay-gradient":""},"tablet":{"background-color":"","background-image":"","background-repeat":"repeat","background-position":"center center","background-size":"auto","background-attachment":"scroll","background-type":"","background-media":"","overlay-type":"","overlay-color":"","overlay-opacity":"","overlay-gradient":""},"mobile":{"background-color":"","background-image":"","background-repeat":"repeat","background-position":"center center","background-size":"auto","background-attachment":"scroll","background-type":"","background-media":"","overlay-type":"","overlay-color":"","overlay-opacity":"","overlay-gradient":""}},"ast-content-background-meta":{"desktop":{"background-color":"var(--ast-global-color-4)","background-image":"","background-repeat":"repeat","background-position":"center center","background-size":"auto","background-attachment":"scroll","background-type":"","background-media":"","overlay-type":"","overlay-color":"","overlay-opacity":"","overlay-gradient":""},"tablet":{"background-color":"var(--ast-global-color-4)","background-image":"","background-repeat":"repeat","background-position":"center center","background-size":"auto","background-attachment":"scroll","background-type":"","background-media":"","overlay-type":"","overlay-color":"","overlay-opacity":"","overlay-gradient":""},"mobile":{"background-color":"var(--ast-global-color-4)","background-image":"","background-repeat":"repeat","background-position":"center center","background-size":"auto","background-attachment":"scroll","background-type":"","background-media":"","overlay-type":"","overlay-color":"","overlay-opacity":"","overlay-gradient":""}}},"product_brand":[254],"product_cat":[73,59,76],"product_tag":[204],"class_list":{"0":"post-5334","1":"product","2":"type-product","3":"status-publish","4":"has-post-thumbnail","6":"product_brand-icom","7":"product_cat-icom","8":"product_cat-radio-comunicacion","9":"product_cat-radios-bases-icom","10":"product_tag-icom","11":"desktop-align-left","12":"tablet-align-left","13":"mobile-align-left","15":"first","16":"instock","17":"shipping-taxable","18":"product-type-simple"},"yoast_head":"<!-- This site is optimized with the Yoast SEO plugin v25.3 - https:\/\/yoast.com\/wordpress\/plugins\/seo\/ -->\n<title>Transceptor HF ICOM IC-78 - Tecplan<\/title>\n<meta name=\"robots\" content=\"index, follow, max-snippet:-1, max-image-preview:large, max-video-preview:-1\" \/>\n<link rel=\"canonical\" href=\"https:\/\/tecplan.com.es\/en\/product\/transceptor-hf-icom-ic-78\/\" \/>\n<meta property=\"og:locale\" content=\"en_US\" \/>\n<meta property=\"og:type\" content=\"article\" \/>\n<meta property=\"og:title\" content=\"Transceptor HF ICOM IC-78 - Tecplan\" \/>\n<meta property=\"og:description\" content=\"El\u00a0Transceptor HF ICOM IC-78 \u00a0es un transceptor de banda de HF (30 kHz a 30 MHz)\u00a0dise\u00f1ado para comunicaciones directas entre estaciones, ya sea en modo base o m\u00f3vil.\" \/>\n<meta property=\"og:url\" content=\"https:\/\/tecplan.com.es\/en\/product\/transceptor-hf-icom-ic-78\/\" \/>\n<meta property=\"og:site_name\" content=\"Tecplan\" \/>\n<meta property=\"og:image\" content=\"https:\/\/tecplan.com.es\/wp-content\/uploads\/2026\/01\/IC-78_1.jpg\" \/>\n\t<meta property=\"og:image:width\" content=\"1250\" \/>\n\t<meta property=\"og:image:height\" content=\"1250\" \/>\n\t<meta property=\"og:image:type\" content=\"image\/jpeg\" \/>\n<meta name=\"twitter:card\" content=\"summary_large_image\" \/>\n<meta name=\"twitter:label1\" content=\"Est. reading time\" \/>\n\t<meta name=\"twitter:data1\" content=\"3 minutes\" \/>\n<script type=\"application\/ld+json\" class=\"yoast-schema-graph\">{\"@context\":\"https:\/\/schema.org\",\"@graph\":[{\"@type\":\"WebPage\",\"@id\":\"https:\/\/tecplan.com.es\/product\/transceptor-hf-icom-ic-78\/\",\"url\":\"https:\/\/tecplan.com.es\/product\/transceptor-hf-icom-ic-78\/\",\"name\":\"Transceptor HF ICOM IC-78 - Tecplan\",\"isPartOf\":{\"@id\":\"https:\/\/tecplan.com.es\/#website\"},\"primaryImageOfPage\":{\"@id\":\"https:\/\/tecplan.com.es\/product\/transceptor-hf-icom-ic-78\/#primaryimage\"},\"image\":{\"@id\":\"https:\/\/tecplan.com.es\/product\/transceptor-hf-icom-ic-78\/#primaryimage\"},\"thumbnailUrl\":\"https:\/\/tecplan.com.es\/wp-content\/uploads\/2026\/01\/IC-78_1.jpg\",\"datePublished\":\"2026-01-21T20:43:32+00:00\",\"breadcrumb\":{\"@id\":\"https:\/\/tecplan.com.es\/product\/transceptor-hf-icom-ic-78\/#breadcrumb\"},\"inLanguage\":\"en-US\",\"potentialAction\":[{\"@type\":\"ReadAction\",\"target\":[\"https:\/\/tecplan.com.es\/product\/transceptor-hf-icom-ic-78\/\"]}]},{\"@type\":\"ImageObject\",\"inLanguage\":\"en-US\",\"@id\":\"https:\/\/tecplan.com.es\/product\/transceptor-hf-icom-ic-78\/#primaryimage\",\"url\":\"https:\/\/tecplan.com.es\/wp-content\/uploads\/2026\/01\/IC-78_1.jpg\",\"contentUrl\":\"https:\/\/tecplan.com.es\/wp-content\/uploads\/2026\/01\/IC-78_1.jpg\",\"width\":1250,\"height\":1250},{\"@type\":\"BreadcrumbList\",\"@id\":\"https:\/\/tecplan.com.es\/product\/transceptor-hf-icom-ic-78\/#breadcrumb\",\"itemListElement\":[{\"@type\":\"ListItem\",\"position\":1,\"name\":\"Home\",\"item\":\"https:\/\/tecplan.com.es\/\"},{\"@type\":\"ListItem\",\"position\":2,\"name\":\"Shop\",\"item\":\"https:\/\/tecplan.com.es\/shop\/\"},{\"@type\":\"ListItem\",\"position\":3,\"name\":\"Transceptor HF ICOM IC-78\"}]},{\"@type\":\"WebSite\",\"@id\":\"https:\/\/tecplan.com.es\/#website\",\"url\":\"https:\/\/tecplan.com.es\/\",\"name\":\"Tecplan\",\"description\":\"\",\"potentialAction\":[{\"@type\":\"SearchAction\",\"target\":{\"@type\":\"EntryPoint\",\"urlTemplate\":\"https:\/\/tecplan.com.es\/?s={search_term_string}\"},\"query-input\":{\"@type\":\"PropertyValueSpecification\",\"valueRequired\":true,\"valueName\":\"search_term_string\"}}],\"inLanguage\":\"en-US\"}]}<\/script>\n<!-- \/ Yoast SEO plugin. -->","yoast_head_json":{"title":"Transceptor HF ICOM IC-78 - Tecplan","robots":{"index":"index","follow":"follow","max-snippet":"max-snippet:-1","max-image-preview":"max-image-preview:large","max-video-preview":"max-video-preview:-1"},"canonical":"https:\/\/tecplan.com.es\/en\/product\/transceptor-hf-icom-ic-78\/","og_locale":"en_US","og_type":"article","og_title":"Transceptor HF ICOM IC-78 - Tecplan","og_description":"El\u00a0Transceptor HF ICOM IC-78 \u00a0es un transceptor de banda de HF (30 kHz a 30 MHz)\u00a0dise\u00f1ado para comunicaciones directas entre estaciones, ya sea en modo base o m\u00f3vil.","og_url":"https:\/\/tecplan.com.es\/en\/product\/transceptor-hf-icom-ic-78\/","og_site_name":"Tecplan","og_image":[{"width":1250,"height":1250,"url":"https:\/\/tecplan.com.es\/wp-content\/uploads\/2026\/01\/IC-78_1.jpg","type":"image\/jpeg"}],"twitter_card":"summary_large_image","twitter_misc":{"Est. reading time":"3 minutes"},"schema":{"@context":"https:\/\/schema.org","@graph":[{"@type":"WebPage","@id":"https:\/\/tecplan.com.es\/product\/transceptor-hf-icom-ic-78\/","url":"https:\/\/tecplan.com.es\/product\/transceptor-hf-icom-ic-78\/","name":"Transceptor HF ICOM IC-78 - Tecplan","isPartOf":{"@id":"https:\/\/tecplan.com.es\/#website"},"primaryImageOfPage":{"@id":"https:\/\/tecplan.com.es\/product\/transceptor-hf-icom-ic-78\/#primaryimage"},"image":{"@id":"https:\/\/tecplan.com.es\/product\/transceptor-hf-icom-ic-78\/#primaryimage"},"thumbnailUrl":"https:\/\/tecplan.com.es\/wp-content\/uploads\/2026\/01\/IC-78_1.jpg","datePublished":"2026-01-21T20:43:32+00:00","breadcrumb":{"@id":"https:\/\/tecplan.com.es\/product\/transceptor-hf-icom-ic-78\/#breadcrumb"},"inLanguage":"en-US","potentialAction":[{"@type":"ReadAction","target":["https:\/\/tecplan.com.es\/product\/transceptor-hf-icom-ic-78\/"]}]},{"@type":"ImageObject","inLanguage":"en-US","@id":"https:\/\/tecplan.com.es\/product\/transceptor-hf-icom-ic-78\/#primaryimage","url":"https:\/\/tecplan.com.es\/wp-content\/uploads\/2026\/01\/IC-78_1.jpg","contentUrl":"https:\/\/tecplan.com.es\/wp-content\/uploads\/2026\/01\/IC-78_1.jpg","width":1250,"height":1250},{"@type":"BreadcrumbList","@id":"https:\/\/tecplan.com.es\/product\/transceptor-hf-icom-ic-78\/#breadcrumb","itemListElement":[{"@type":"ListItem","position":1,"name":"Home","item":"https:\/\/tecplan.com.es\/"},{"@type":"ListItem","position":2,"name":"Shop","item":"https:\/\/tecplan.com.es\/shop\/"},{"@type":"ListItem","position":3,"name":"Transceptor HF ICOM IC-78"}]},{"@type":"WebSite","@id":"https:\/\/tecplan.com.es\/#website","url":"https:\/\/tecplan.com.es\/","name":"Tecplan","description":"","potentialAction":[{"@type":"SearchAction","target":{"@type":"EntryPoint","urlTemplate":"https:\/\/tecplan.com.es\/?s={search_term_string}"},"query-input":{"@type":"PropertyValueSpecification","valueRequired":true,"valueName":"search_term_string"}}],"inLanguage":"en-US"}]}},"_links":{"self":[{"href":"https:\/\/tecplan.com.es\/en\/wp-json\/wp\/v2\/product\/5334","targetHints":{"allow":["GET"]}}],"collection":[{"href":"https:\/\/tecplan.com.es\/en\/wp-json\/wp\/v2\/product"}],"about":[{"href":"https:\/\/tecplan.com.es\/en\/wp-json\/wp\/v2\/types\/product"}],"replies":[{"embeddable":true,"href":"https:\/\/tecplan.com.es\/en\/wp-json\/wp\/v2\/comments?post=5334"}],"version-history":[{"count":2,"href":"https:\/\/tecplan.com.es\/en\/wp-json\/wp\/v2\/product\/5334\/revisions"}],"predecessor-version":[{"id":5342,"href":"https:\/\/tecplan.com.es\/en\/wp-json\/wp\/v2\/product\/5334\/revisions\/5342"}],"wp:featuredmedia":[{"embeddable":true,"href":"https:\/\/tecplan.com.es\/en\/wp-json\/wp\/v2\/media\/5335"}],"wp:attachment":[{"href":"https:\/\/tecplan.com.es\/en\/wp-json\/wp\/v2\/media?parent=5334"}],"wp:term":[{"taxonomy":"product_brand","embeddable":true,"href":"https:\/\/tecplan.com.es\/en\/wp-json\/wp\/v2\/product_brand?post=5334"},{"taxonomy":"product_cat","embeddable":true,"href":"https:\/\/tecplan.com.es\/en\/wp-json\/wp\/v2\/product_cat?post=5334"},{"taxonomy":"product_tag","embeddable":true,"href":"https:\/\/tecplan.com.es\/en\/wp-json\/wp\/v2\/product_tag?post=5334"}],"curies":[{"name":"wp","href":"https:\/\/api.w.org\/{rel}","templated":true}]}}