{"id":5327,"date":"2026-01-21T19:55:00","date_gmt":"2026-01-21T19:55:00","guid":{"rendered":"https:\/\/tecplan.com.es\/?post_type=product&#038;p=5327"},"modified":"2026-01-21T19:55:45","modified_gmt":"2026-01-21T19:55:45","slug":"montana-gpsmap-67i","status":"publish","type":"product","link":"https:\/\/tecplan.com.es\/en\/product\/montana-gpsmap-67i\/","title":{"rendered":"Montana GPSMAP 67i"},"content":{"rendered":"<p style=\"text-align: justify;\"><strong>Dispositivo de mano GPS con tecnolog\u00eda de comunicaci\u00f3n por sat\u00e9lite inReach<\/strong><br \/>\nDedica m\u00e1s tiempo a la aventura con este dispositivo de mano GPS y de comunicaci\u00f3n por sat\u00e9lite de alta calidad y resistente. Disfruta de la tecnolog\u00eda inReach\u00ae, que permite la mensajer\u00eda bidireccional, las alertas SOS interactivas y el uso compartido de ubicaciones, adem\u00e1s de mapas para que no pierdas el rumbo.<\/p>\n<p><strong>Caracter\u00edsticas<\/strong><\/p>\n<ul>\n<li>Compatibilidad con GNSS multibanda<\/li>\n<li>Censores ABC<\/li>\n<li>Im\u00e1genes por sat\u00e9lite<\/li>\n<li>Mapas topo preinstalados<\/li>\n<li>Autonom\u00eda de la bater\u00eda<\/li>\n<li>Mensajes bidireccionales<\/li>\n<li>Interactive SOS alerts<\/li>\n<\/ul>\n<h5 style=\"text-align: justify;\"><span style=\"text-decoration: underline;\"><strong>DOWNLOADS<\/strong><\/span><\/h5>\n<ul style=\"text-align: justify;\">\n<li>\u2192\u00a0 <a href=\"https:\/\/drive.google.com\/file\/d\/1XzHPeQMHydTZ2xNrdoNhlzIPsuNdTc1Q\/view?usp=sharing\">Technical sheet<\/a><\/li>\n<\/ul>","protected":false},"excerpt":{"rendered":"<p style=\"text-align: justify;\">El Garmin GPSMAP 67i es un robusto dispositivo GPS de mano con tecnolog\u00eda inReach para comunicaci\u00f3n satelital bidireccional (mensajes, alertas SOS interactivas), que no requiere celular para estas funciones, adem\u00e1s de mapas precargados (TopoActive) y soporte para mapas premium, ofreciendo alta precisi\u00f3n gracias al multibanda y multiGNSS, bater\u00eda de larga duraci\u00f3n, y una pantalla a color resistente, ideal para exploradores que buscan conectividad y navegaci\u00f3n fiable en zonas remotas.<\/p>\n<p><img decoding=\"async\" class=\"wp-image-2118 aligncenter\" src=\"https:\/\/tecplan.com.es\/wp-content\/uploads\/2025\/07\/garmin-2-logo-e1751925774362-300x117.png\" alt=\"\" width=\"123\" height=\"50\" \/><\/p>","protected":false},"featured_media":5328,"comment_status":"open","ping_status":"closed","template":"","meta":{"site-sidebar-layout":"default","site-content-layout":"","ast-site-content-layout":"default","site-content-style":"default","site-sidebar-style":"default","ast-global-header-display":"","ast-banner-title-visibility":"","ast-main-header-display":"","ast-hfb-above-header-display":"","ast-hfb-below-header-display":"","ast-hfb-mobile-header-display":"","site-post-title":"","ast-breadcrumbs-content":"","ast-featured-img":"","footer-sml-layout":"","ast-disable-related-posts":"","theme-transparent-header-meta":"default","adv-header-id-meta":"","stick-header-meta":"","header-above-stick-meta":"","header-main-stick-meta":"","header-below-stick-meta":"","astra-migrate-meta-layouts":"set","ast-page-background-enabled":"default","ast-page-background-meta":{"desktop":{"background-color":"var(--ast-global-color-5)","background-image":"","background-repeat":"repeat","background-position":"center center","background-size":"auto","background-attachment":"scroll","background-type":"","background-media":"","overlay-type":"","overlay-color":"","overlay-opacity":"","overlay-gradient":""},"tablet":{"background-color":"","background-image":"","background-repeat":"repeat","background-position":"center center","background-size":"auto","background-attachment":"scroll","background-type":"","background-media":"","overlay-type":"","overlay-color":"","overlay-opacity":"","overlay-gradient":""},"mobile":{"background-color":"","background-image":"","background-repeat":"repeat","background-position":"center center","background-size":"auto","background-attachment":"scroll","background-type":"","background-media":"","overlay-type":"","overlay-color":"","overlay-opacity":"","overlay-gradient":""}},"ast-content-background-meta":{"desktop":{"background-color":"var(--ast-global-color-4)","background-image":"","background-repeat":"repeat","background-position":"center center","background-size":"auto","background-attachment":"scroll","background-type":"","background-media":"","overlay-type":"","overlay-color":"","overlay-opacity":"","overlay-gradient":""},"tablet":{"background-color":"var(--ast-global-color-4)","background-image":"","background-repeat":"repeat","background-position":"center center","background-size":"auto","background-attachment":"scroll","background-type":"","background-media":"","overlay-type":"","overlay-color":"","overlay-opacity":"","overlay-gradient":""},"mobile":{"background-color":"var(--ast-global-color-4)","background-image":"","background-repeat":"repeat","background-position":"center center","background-size":"auto","background-attachment":"scroll","background-type":"","background-media":"","overlay-type":"","overlay-color":"","overlay-opacity":"","overlay-gradient":""}}},"product_brand":[241],"product_cat":[36,53,56],"product_tag":[198],"class_list":{"0":"post-5327","1":"product","2":"type-product","3":"status-publish","4":"has-post-thumbnail","6":"product_brand-garmin","7":"product_cat-comunicacion-satelital","8":"product_cat-garmin","9":"product_cat-gps-portatil","10":"product_tag-garmin","11":"desktop-align-left","12":"tablet-align-left","13":"mobile-align-left","15":"first","16":"instock","17":"shipping-taxable","18":"product-type-simple"},"yoast_head":"<!-- This site is optimized with the Yoast SEO plugin v25.3 - https:\/\/yoast.com\/wordpress\/plugins\/seo\/ -->\n<title>Montana GPSMAP 67i - Tecplan<\/title>\n<meta name=\"robots\" content=\"index, follow, max-snippet:-1, max-image-preview:large, max-video-preview:-1\" \/>\n<link rel=\"canonical\" href=\"https:\/\/tecplan.com.es\/en\/product\/montana-gpsmap-67i\/\" \/>\n<meta property=\"og:locale\" content=\"en_US\" \/>\n<meta property=\"og:type\" content=\"article\" \/>\n<meta property=\"og:title\" content=\"Montana GPSMAP 67i - Tecplan\" \/>\n<meta property=\"og:description\" content=\"El Garmin GPSMAP 67i es un robusto dispositivo GPS de mano con tecnolog\u00eda inReach para comunicaci\u00f3n satelital bidireccional (mensajes, alertas SOS interactivas), que no requiere celular para estas funciones, adem\u00e1s de mapas precargados (TopoActive) y soporte para mapas premium, ofreciendo alta precisi\u00f3n gracias al multibanda y multiGNSS, bater\u00eda de larga duraci\u00f3n, y una pantalla a color resistente, ideal para exploradores que buscan conectividad y navegaci\u00f3n fiable en zonas remotas.\" \/>\n<meta property=\"og:url\" content=\"https:\/\/tecplan.com.es\/en\/product\/montana-gpsmap-67i\/\" \/>\n<meta property=\"og:site_name\" content=\"Tecplan\" \/>\n<meta property=\"article:modified_time\" content=\"2026-01-21T19:55:45+00:00\" \/>\n<meta property=\"og:image\" content=\"https:\/\/tecplan.com.es\/wp-content\/uploads\/2026\/01\/67i_1.jpg\" \/>\n\t<meta property=\"og:image:width\" content=\"1250\" \/>\n\t<meta property=\"og:image:height\" content=\"1250\" \/>\n\t<meta property=\"og:image:type\" content=\"image\/jpeg\" \/>\n<meta name=\"twitter:card\" content=\"summary_large_image\" \/>\n<meta name=\"twitter:label1\" content=\"Est. reading time\" \/>\n\t<meta name=\"twitter:data1\" content=\"1 minute\" \/>\n<script type=\"application\/ld+json\" class=\"yoast-schema-graph\">{\"@context\":\"https:\/\/schema.org\",\"@graph\":[{\"@type\":\"WebPage\",\"@id\":\"https:\/\/tecplan.com.es\/product\/montana-gpsmap-67i\/\",\"url\":\"https:\/\/tecplan.com.es\/product\/montana-gpsmap-67i\/\",\"name\":\"Montana GPSMAP 67i - Tecplan\",\"isPartOf\":{\"@id\":\"https:\/\/tecplan.com.es\/#website\"},\"primaryImageOfPage\":{\"@id\":\"https:\/\/tecplan.com.es\/product\/montana-gpsmap-67i\/#primaryimage\"},\"image\":{\"@id\":\"https:\/\/tecplan.com.es\/product\/montana-gpsmap-67i\/#primaryimage\"},\"thumbnailUrl\":\"https:\/\/tecplan.com.es\/wp-content\/uploads\/2026\/01\/67i_1.jpg\",\"datePublished\":\"2026-01-21T19:55:00+00:00\",\"dateModified\":\"2026-01-21T19:55:45+00:00\",\"breadcrumb\":{\"@id\":\"https:\/\/tecplan.com.es\/product\/montana-gpsmap-67i\/#breadcrumb\"},\"inLanguage\":\"en-US\",\"potentialAction\":[{\"@type\":\"ReadAction\",\"target\":[\"https:\/\/tecplan.com.es\/product\/montana-gpsmap-67i\/\"]}]},{\"@type\":\"ImageObject\",\"inLanguage\":\"en-US\",\"@id\":\"https:\/\/tecplan.com.es\/product\/montana-gpsmap-67i\/#primaryimage\",\"url\":\"https:\/\/tecplan.com.es\/wp-content\/uploads\/2026\/01\/67i_1.jpg\",\"contentUrl\":\"https:\/\/tecplan.com.es\/wp-content\/uploads\/2026\/01\/67i_1.jpg\",\"width\":1250,\"height\":1250},{\"@type\":\"BreadcrumbList\",\"@id\":\"https:\/\/tecplan.com.es\/product\/montana-gpsmap-67i\/#breadcrumb\",\"itemListElement\":[{\"@type\":\"ListItem\",\"position\":1,\"name\":\"Home\",\"item\":\"https:\/\/tecplan.com.es\/\"},{\"@type\":\"ListItem\",\"position\":2,\"name\":\"Shop\",\"item\":\"https:\/\/tecplan.com.es\/shop\/\"},{\"@type\":\"ListItem\",\"position\":3,\"name\":\"Montana GPSMAP 67i\"}]},{\"@type\":\"WebSite\",\"@id\":\"https:\/\/tecplan.com.es\/#website\",\"url\":\"https:\/\/tecplan.com.es\/\",\"name\":\"Tecplan\",\"description\":\"\",\"potentialAction\":[{\"@type\":\"SearchAction\",\"target\":{\"@type\":\"EntryPoint\",\"urlTemplate\":\"https:\/\/tecplan.com.es\/?s={search_term_string}\"},\"query-input\":{\"@type\":\"PropertyValueSpecification\",\"valueRequired\":true,\"valueName\":\"search_term_string\"}}],\"inLanguage\":\"en-US\"}]}<\/script>\n<!-- \/ Yoast SEO plugin. -->","yoast_head_json":{"title":"Montana GPSMAP 67i - Tecplan","robots":{"index":"index","follow":"follow","max-snippet":"max-snippet:-1","max-image-preview":"max-image-preview:large","max-video-preview":"max-video-preview:-1"},"canonical":"https:\/\/tecplan.com.es\/en\/product\/montana-gpsmap-67i\/","og_locale":"en_US","og_type":"article","og_title":"Montana GPSMAP 67i - Tecplan","og_description":"El Garmin GPSMAP 67i es un robusto dispositivo GPS de mano con tecnolog\u00eda inReach para comunicaci\u00f3n satelital bidireccional (mensajes, alertas SOS interactivas), que no requiere celular para estas funciones, adem\u00e1s de mapas precargados (TopoActive) y soporte para mapas premium, ofreciendo alta precisi\u00f3n gracias al multibanda y multiGNSS, bater\u00eda de larga duraci\u00f3n, y una pantalla a color resistente, ideal para exploradores que buscan conectividad y navegaci\u00f3n fiable en zonas remotas.","og_url":"https:\/\/tecplan.com.es\/en\/product\/montana-gpsmap-67i\/","og_site_name":"Tecplan","article_modified_time":"2026-01-21T19:55:45+00:00","og_image":[{"width":1250,"height":1250,"url":"https:\/\/tecplan.com.es\/wp-content\/uploads\/2026\/01\/67i_1.jpg","type":"image\/jpeg"}],"twitter_card":"summary_large_image","twitter_misc":{"Est. reading time":"1 minute"},"schema":{"@context":"https:\/\/schema.org","@graph":[{"@type":"WebPage","@id":"https:\/\/tecplan.com.es\/product\/montana-gpsmap-67i\/","url":"https:\/\/tecplan.com.es\/product\/montana-gpsmap-67i\/","name":"Montana GPSMAP 67i - Tecplan","isPartOf":{"@id":"https:\/\/tecplan.com.es\/#website"},"primaryImageOfPage":{"@id":"https:\/\/tecplan.com.es\/product\/montana-gpsmap-67i\/#primaryimage"},"image":{"@id":"https:\/\/tecplan.com.es\/product\/montana-gpsmap-67i\/#primaryimage"},"thumbnailUrl":"https:\/\/tecplan.com.es\/wp-content\/uploads\/2026\/01\/67i_1.jpg","datePublished":"2026-01-21T19:55:00+00:00","dateModified":"2026-01-21T19:55:45+00:00","breadcrumb":{"@id":"https:\/\/tecplan.com.es\/product\/montana-gpsmap-67i\/#breadcrumb"},"inLanguage":"en-US","potentialAction":[{"@type":"ReadAction","target":["https:\/\/tecplan.com.es\/product\/montana-gpsmap-67i\/"]}]},{"@type":"ImageObject","inLanguage":"en-US","@id":"https:\/\/tecplan.com.es\/product\/montana-gpsmap-67i\/#primaryimage","url":"https:\/\/tecplan.com.es\/wp-content\/uploads\/2026\/01\/67i_1.jpg","contentUrl":"https:\/\/tecplan.com.es\/wp-content\/uploads\/2026\/01\/67i_1.jpg","width":1250,"height":1250},{"@type":"BreadcrumbList","@id":"https:\/\/tecplan.com.es\/product\/montana-gpsmap-67i\/#breadcrumb","itemListElement":[{"@type":"ListItem","position":1,"name":"Home","item":"https:\/\/tecplan.com.es\/"},{"@type":"ListItem","position":2,"name":"Shop","item":"https:\/\/tecplan.com.es\/shop\/"},{"@type":"ListItem","position":3,"name":"Montana GPSMAP 67i"}]},{"@type":"WebSite","@id":"https:\/\/tecplan.com.es\/#website","url":"https:\/\/tecplan.com.es\/","name":"Tecplan","description":"","potentialAction":[{"@type":"SearchAction","target":{"@type":"EntryPoint","urlTemplate":"https:\/\/tecplan.com.es\/?s={search_term_string}"},"query-input":{"@type":"PropertyValueSpecification","valueRequired":true,"valueName":"search_term_string"}}],"inLanguage":"en-US"}]}},"_links":{"self":[{"href":"https:\/\/tecplan.com.es\/en\/wp-json\/wp\/v2\/product\/5327","targetHints":{"allow":["GET"]}}],"collection":[{"href":"https:\/\/tecplan.com.es\/en\/wp-json\/wp\/v2\/product"}],"about":[{"href":"https:\/\/tecplan.com.es\/en\/wp-json\/wp\/v2\/types\/product"}],"replies":[{"embeddable":true,"href":"https:\/\/tecplan.com.es\/en\/wp-json\/wp\/v2\/comments?post=5327"}],"version-history":[{"count":2,"href":"https:\/\/tecplan.com.es\/en\/wp-json\/wp\/v2\/product\/5327\/revisions"}],"predecessor-version":[{"id":5333,"href":"https:\/\/tecplan.com.es\/en\/wp-json\/wp\/v2\/product\/5327\/revisions\/5333"}],"wp:featuredmedia":[{"embeddable":true,"href":"https:\/\/tecplan.com.es\/en\/wp-json\/wp\/v2\/media\/5328"}],"wp:attachment":[{"href":"https:\/\/tecplan.com.es\/en\/wp-json\/wp\/v2\/media?parent=5327"}],"wp:term":[{"taxonomy":"product_brand","embeddable":true,"href":"https:\/\/tecplan.com.es\/en\/wp-json\/wp\/v2\/product_brand?post=5327"},{"taxonomy":"product_cat","embeddable":true,"href":"https:\/\/tecplan.com.es\/en\/wp-json\/wp\/v2\/product_cat?post=5327"},{"taxonomy":"product_tag","embeddable":true,"href":"https:\/\/tecplan.com.es\/en\/wp-json\/wp\/v2\/product_tag?post=5327"}],"curies":[{"name":"wp","href":"https:\/\/api.w.org\/{rel}","templated":true}]}}