{"id":5229,"date":"2026-01-20T19:45:56","date_gmt":"2026-01-20T19:45:56","guid":{"rendered":"https:\/\/tecplan.com.es\/product\/antena-satelital-starlink\/"},"modified":"2026-01-20T23:29:20","modified_gmt":"2026-01-20T23:29:20","slug":"antena-satelital-starlink","status":"publish","type":"product","link":"https:\/\/tecplan.com.es\/en\/product\/antena-satelital-starlink\/","title":{"rendered":"ANTENA SATELITAL STARLINK"},"content":{"rendered":"<p style=\"text-align: justify;\"><strong>Starlink Antena parab\u00f3lica port\u00e1til \u2013 Estandar con tecnolog\u00eda de matriz de fase avanzada<\/strong><\/p>\n<p style=\"text-align: justify;\"><strong>Tecnolog\u00eda Satelital Avanzada:<\/strong> Desbloquea el potencial del Internet satelital con el Starlink V4 Port\u00e1til. Con la \u00faltima tecnolog\u00eda Starlink Gen 4, ofrece Internet confiable y de alta velocidad incluso en las zonas m\u00e1s remotas, ideal para viajes en autocaravana.<\/p>\n<p style=\"text-align: justify;\"><strong>Conectividad vers\u00e1til:<\/strong> mant\u00e9ngase conectado con las vers\u00e1tiles opciones de conectividad del Starlink V4 Portable. Ya sea que necesites un router inal\u00e1mbrico, un combo de router y m\u00f3dem, o un router para juegos, este dispositivo se adapta a tus necesidades para una experiencia en l\u00ednea sin problemas.<\/p>\n<p style=\"text-align: justify;\"><strong>Transmisi\u00f3n de alta velocidad:<\/strong> Experimente una transmisi\u00f3n de alta velocidad sin precedentes con el Starlink V4 Portable. Este potente enrutador de Internet garantiza una transmisi\u00f3n fluida y sin interrupciones, incluso desde ubicaciones remotas, convirti\u00e9ndolo en tu compa\u00f1ero ideal de Internet para RV.<\/p>\n<p style=\"text-align: justify;\"><strong>Configuraci\u00f3n e instalaci\u00f3n f\u00e1ciles:<\/strong> Simplifica tu configuraci\u00f3n de Internet con la Starlink V4 Port\u00e1til. El kit de montaje Starlink incluido y el sat\u00e9lite Starlink hacen que la instalaci\u00f3n sea muy f\u00e1cil, lo que garantiza que pueda disfrutar de Internet de alta velocidad dondequiera que est\u00e9.<\/p>\n<p style=\"text-align: justify;\"><strong>Compacto y port\u00e1til:<\/strong> Dise\u00f1ado para la vida en movimiento, el Starlink V4 port\u00e1til ofrece una soluci\u00f3n compacta y apta para viajes. Es el mejor router de viaje para un acceso a Internet sin complicaciones dondequiera que te lleven tus aventuras.<\/p>","protected":false},"excerpt":{"rendered":"<p style=\"text-align: justify;\"><strong>STARLINK &#8211; ANTENA SATELITAL ESTANDAR<\/strong><br \/>\nExperimenta la revoluci\u00f3n en conectividad con el Kit est\u00e1ndar de internet satelital Starlink de SpaceX. Con alta velocidad y baja latencia, Starlink proporciona un acceso confiable a internet en \u00e1reas remotas, superando limitaciones anteriores. Adem\u00e1s, con su resistencia al clima, redefine la conectividad global al llevar internet a lugares inexplorados, ofreciendo una experiencia sin precedentes.<\/p>\n<p><img decoding=\"async\" class=\"wp-image-5303 aligncenter\" src=\"https:\/\/tecplan.com.es\/wp-content\/uploads\/2026\/01\/Starlink_Logo.svg-300x152.png\" alt=\"\" width=\"123\" height=\"86\" \/><\/p>","protected":false},"featured_media":5218,"comment_status":"open","ping_status":"closed","template":"","meta":{"site-sidebar-layout":"default","site-content-layout":"","ast-site-content-layout":"default","site-content-style":"default","site-sidebar-style":"default","ast-global-header-display":"","ast-banner-title-visibility":"","ast-main-header-display":"","ast-hfb-above-header-display":"","ast-hfb-below-header-display":"","ast-hfb-mobile-header-display":"","site-post-title":"","ast-breadcrumbs-content":"","ast-featured-img":"","footer-sml-layout":"","ast-disable-related-posts":"","theme-transparent-header-meta":"default","adv-header-id-meta":"","stick-header-meta":"","header-above-stick-meta":"","header-main-stick-meta":"","header-below-stick-meta":"","astra-migrate-meta-layouts":"set","ast-page-background-enabled":"default","ast-page-background-meta":{"desktop":{"background-color":"var(--ast-global-color-5)","background-image":"","background-repeat":"repeat","background-position":"center center","background-size":"auto","background-attachment":"scroll","background-type":"","background-media":"","overlay-type":"","overlay-color":"","overlay-opacity":"","overlay-gradient":""},"tablet":{"background-color":"","background-image":"","background-repeat":"repeat","background-position":"center center","background-size":"auto","background-attachment":"scroll","background-type":"","background-media":"","overlay-type":"","overlay-color":"","overlay-opacity":"","overlay-gradient":""},"mobile":{"background-color":"","background-image":"","background-repeat":"repeat","background-position":"center center","background-size":"auto","background-attachment":"scroll","background-type":"","background-media":"","overlay-type":"","overlay-color":"","overlay-opacity":"","overlay-gradient":""}},"ast-content-background-meta":{"desktop":{"background-color":"var(--ast-global-color-4)","background-image":"","background-repeat":"repeat","background-position":"center center","background-size":"auto","background-attachment":"scroll","background-type":"","background-media":"","overlay-type":"","overlay-color":"","overlay-opacity":"","overlay-gradient":""},"tablet":{"background-color":"var(--ast-global-color-4)","background-image":"","background-repeat":"repeat","background-position":"center center","background-size":"auto","background-attachment":"scroll","background-type":"","background-media":"","overlay-type":"","overlay-color":"","overlay-opacity":"","overlay-gradient":""},"mobile":{"background-color":"var(--ast-global-color-4)","background-image":"","background-repeat":"repeat","background-position":"center center","background-size":"auto","background-attachment":"scroll","background-type":"","background-media":"","overlay-type":"","overlay-color":"","overlay-opacity":"","overlay-gradient":""}}},"product_brand":[193],"product_cat":[52,36,48],"product_tag":[201],"class_list":{"0":"post-5229","1":"product","2":"type-product","3":"status-publish","4":"has-post-thumbnail","6":"product_brand-starlink","7":"product_cat-antena-satelital","8":"product_cat-comunicacion-satelital","9":"product_cat-starlink","10":"product_tag-starlink","11":"desktop-align-left","12":"tablet-align-left","13":"mobile-align-left","15":"first","16":"instock","17":"shipping-taxable","18":"product-type-simple"},"yoast_head":"<!-- This site is optimized with the Yoast SEO plugin v25.3 - https:\/\/yoast.com\/wordpress\/plugins\/seo\/ -->\n<title>ANTENA SATELITAL STARLINK - Tecplan<\/title>\n<meta name=\"robots\" content=\"index, follow, max-snippet:-1, max-image-preview:large, max-video-preview:-1\" \/>\n<link rel=\"canonical\" href=\"https:\/\/tecplan.com.es\/en\/product\/antena-satelital-starlink\/\" \/>\n<meta property=\"og:locale\" content=\"en_US\" \/>\n<meta property=\"og:type\" content=\"article\" \/>\n<meta property=\"og:title\" content=\"ANTENA SATELITAL STARLINK - Tecplan\" \/>\n<meta property=\"og:description\" content=\"STARLINK - ANTENA SATELITAL ESTANDAR Experimenta la revoluci\u00f3n en conectividad con el Kit est\u00e1ndar de internet satelital Starlink de SpaceX. Con alta velocidad y baja latencia, Starlink proporciona un acceso confiable a internet en \u00e1reas remotas, superando limitaciones anteriores. Adem\u00e1s, con su resistencia al clima, redefine la conectividad global al llevar internet a lugares inexplorados, ofreciendo una experiencia sin precedentes.\" \/>\n<meta property=\"og:url\" content=\"https:\/\/tecplan.com.es\/en\/product\/antena-satelital-starlink\/\" \/>\n<meta property=\"og:site_name\" content=\"Tecplan\" \/>\n<meta property=\"article:modified_time\" content=\"2026-01-20T23:29:20+00:00\" \/>\n<meta property=\"og:image\" content=\"https:\/\/tecplan.com.es\/wp-content\/uploads\/2026\/01\/Starlink-01.jpg\" \/>\n\t<meta property=\"og:image:width\" content=\"1250\" \/>\n\t<meta property=\"og:image:height\" content=\"1250\" \/>\n\t<meta property=\"og:image:type\" content=\"image\/jpeg\" \/>\n<meta name=\"twitter:card\" content=\"summary_large_image\" \/>\n<meta name=\"twitter:label1\" content=\"Est. reading time\" \/>\n\t<meta name=\"twitter:data1\" content=\"2 minutes\" \/>\n<script type=\"application\/ld+json\" class=\"yoast-schema-graph\">{\"@context\":\"https:\/\/schema.org\",\"@graph\":[{\"@type\":\"WebPage\",\"@id\":\"https:\/\/tecplan.com.es\/product\/antena-satelital-starlink\/\",\"url\":\"https:\/\/tecplan.com.es\/product\/antena-satelital-starlink\/\",\"name\":\"ANTENA SATELITAL STARLINK - Tecplan\",\"isPartOf\":{\"@id\":\"https:\/\/tecplan.com.es\/#website\"},\"primaryImageOfPage\":{\"@id\":\"https:\/\/tecplan.com.es\/product\/antena-satelital-starlink\/#primaryimage\"},\"image\":{\"@id\":\"https:\/\/tecplan.com.es\/product\/antena-satelital-starlink\/#primaryimage\"},\"thumbnailUrl\":\"https:\/\/tecplan.com.es\/wp-content\/uploads\/2026\/01\/Starlink-01.jpg\",\"datePublished\":\"2026-01-20T19:45:56+00:00\",\"dateModified\":\"2026-01-20T23:29:20+00:00\",\"breadcrumb\":{\"@id\":\"https:\/\/tecplan.com.es\/product\/antena-satelital-starlink\/#breadcrumb\"},\"inLanguage\":\"en-US\",\"potentialAction\":[{\"@type\":\"ReadAction\",\"target\":[\"https:\/\/tecplan.com.es\/product\/antena-satelital-starlink\/\"]}]},{\"@type\":\"ImageObject\",\"inLanguage\":\"en-US\",\"@id\":\"https:\/\/tecplan.com.es\/product\/antena-satelital-starlink\/#primaryimage\",\"url\":\"https:\/\/tecplan.com.es\/wp-content\/uploads\/2026\/01\/Starlink-01.jpg\",\"contentUrl\":\"https:\/\/tecplan.com.es\/wp-content\/uploads\/2026\/01\/Starlink-01.jpg\",\"width\":1250,\"height\":1250},{\"@type\":\"BreadcrumbList\",\"@id\":\"https:\/\/tecplan.com.es\/product\/antena-satelital-starlink\/#breadcrumb\",\"itemListElement\":[{\"@type\":\"ListItem\",\"position\":1,\"name\":\"Home\",\"item\":\"https:\/\/tecplan.com.es\/\"},{\"@type\":\"ListItem\",\"position\":2,\"name\":\"Shop\",\"item\":\"https:\/\/tecplan.com.es\/shop\/\"},{\"@type\":\"ListItem\",\"position\":3,\"name\":\"ANTENA SATELITAL STARLINK\"}]},{\"@type\":\"WebSite\",\"@id\":\"https:\/\/tecplan.com.es\/#website\",\"url\":\"https:\/\/tecplan.com.es\/\",\"name\":\"Tecplan\",\"description\":\"\",\"potentialAction\":[{\"@type\":\"SearchAction\",\"target\":{\"@type\":\"EntryPoint\",\"urlTemplate\":\"https:\/\/tecplan.com.es\/?s={search_term_string}\"},\"query-input\":{\"@type\":\"PropertyValueSpecification\",\"valueRequired\":true,\"valueName\":\"search_term_string\"}}],\"inLanguage\":\"en-US\"}]}<\/script>\n<!-- \/ Yoast SEO plugin. -->","yoast_head_json":{"title":"ANTENA SATELITAL STARLINK - Tecplan","robots":{"index":"index","follow":"follow","max-snippet":"max-snippet:-1","max-image-preview":"max-image-preview:large","max-video-preview":"max-video-preview:-1"},"canonical":"https:\/\/tecplan.com.es\/en\/product\/antena-satelital-starlink\/","og_locale":"en_US","og_type":"article","og_title":"ANTENA SATELITAL STARLINK - Tecplan","og_description":"STARLINK - ANTENA SATELITAL ESTANDAR Experimenta la revoluci\u00f3n en conectividad con el Kit est\u00e1ndar de internet satelital Starlink de SpaceX. Con alta velocidad y baja latencia, Starlink proporciona un acceso confiable a internet en \u00e1reas remotas, superando limitaciones anteriores. Adem\u00e1s, con su resistencia al clima, redefine la conectividad global al llevar internet a lugares inexplorados, ofreciendo una experiencia sin precedentes.","og_url":"https:\/\/tecplan.com.es\/en\/product\/antena-satelital-starlink\/","og_site_name":"Tecplan","article_modified_time":"2026-01-20T23:29:20+00:00","og_image":[{"width":1250,"height":1250,"url":"https:\/\/tecplan.com.es\/wp-content\/uploads\/2026\/01\/Starlink-01.jpg","type":"image\/jpeg"}],"twitter_card":"summary_large_image","twitter_misc":{"Est. reading time":"2 minutes"},"schema":{"@context":"https:\/\/schema.org","@graph":[{"@type":"WebPage","@id":"https:\/\/tecplan.com.es\/product\/antena-satelital-starlink\/","url":"https:\/\/tecplan.com.es\/product\/antena-satelital-starlink\/","name":"ANTENA SATELITAL STARLINK - Tecplan","isPartOf":{"@id":"https:\/\/tecplan.com.es\/#website"},"primaryImageOfPage":{"@id":"https:\/\/tecplan.com.es\/product\/antena-satelital-starlink\/#primaryimage"},"image":{"@id":"https:\/\/tecplan.com.es\/product\/antena-satelital-starlink\/#primaryimage"},"thumbnailUrl":"https:\/\/tecplan.com.es\/wp-content\/uploads\/2026\/01\/Starlink-01.jpg","datePublished":"2026-01-20T19:45:56+00:00","dateModified":"2026-01-20T23:29:20+00:00","breadcrumb":{"@id":"https:\/\/tecplan.com.es\/product\/antena-satelital-starlink\/#breadcrumb"},"inLanguage":"en-US","potentialAction":[{"@type":"ReadAction","target":["https:\/\/tecplan.com.es\/product\/antena-satelital-starlink\/"]}]},{"@type":"ImageObject","inLanguage":"en-US","@id":"https:\/\/tecplan.com.es\/product\/antena-satelital-starlink\/#primaryimage","url":"https:\/\/tecplan.com.es\/wp-content\/uploads\/2026\/01\/Starlink-01.jpg","contentUrl":"https:\/\/tecplan.com.es\/wp-content\/uploads\/2026\/01\/Starlink-01.jpg","width":1250,"height":1250},{"@type":"BreadcrumbList","@id":"https:\/\/tecplan.com.es\/product\/antena-satelital-starlink\/#breadcrumb","itemListElement":[{"@type":"ListItem","position":1,"name":"Home","item":"https:\/\/tecplan.com.es\/"},{"@type":"ListItem","position":2,"name":"Shop","item":"https:\/\/tecplan.com.es\/shop\/"},{"@type":"ListItem","position":3,"name":"ANTENA SATELITAL STARLINK"}]},{"@type":"WebSite","@id":"https:\/\/tecplan.com.es\/#website","url":"https:\/\/tecplan.com.es\/","name":"Tecplan","description":"","potentialAction":[{"@type":"SearchAction","target":{"@type":"EntryPoint","urlTemplate":"https:\/\/tecplan.com.es\/?s={search_term_string}"},"query-input":{"@type":"PropertyValueSpecification","valueRequired":true,"valueName":"search_term_string"}}],"inLanguage":"en-US"}]}},"_links":{"self":[{"href":"https:\/\/tecplan.com.es\/en\/wp-json\/wp\/v2\/product\/5229","targetHints":{"allow":["GET"]}}],"collection":[{"href":"https:\/\/tecplan.com.es\/en\/wp-json\/wp\/v2\/product"}],"about":[{"href":"https:\/\/tecplan.com.es\/en\/wp-json\/wp\/v2\/types\/product"}],"replies":[{"embeddable":true,"href":"https:\/\/tecplan.com.es\/en\/wp-json\/wp\/v2\/comments?post=5229"}],"version-history":[{"count":2,"href":"https:\/\/tecplan.com.es\/en\/wp-json\/wp\/v2\/product\/5229\/revisions"}],"predecessor-version":[{"id":5302,"href":"https:\/\/tecplan.com.es\/en\/wp-json\/wp\/v2\/product\/5229\/revisions\/5302"}],"wp:featuredmedia":[{"embeddable":true,"href":"https:\/\/tecplan.com.es\/en\/wp-json\/wp\/v2\/media\/5218"}],"wp:attachment":[{"href":"https:\/\/tecplan.com.es\/en\/wp-json\/wp\/v2\/media?parent=5229"}],"wp:term":[{"taxonomy":"product_brand","embeddable":true,"href":"https:\/\/tecplan.com.es\/en\/wp-json\/wp\/v2\/product_brand?post=5229"},{"taxonomy":"product_cat","embeddable":true,"href":"https:\/\/tecplan.com.es\/en\/wp-json\/wp\/v2\/product_cat?post=5229"},{"taxonomy":"product_tag","embeddable":true,"href":"https:\/\/tecplan.com.es\/en\/wp-json\/wp\/v2\/product_tag?post=5229"}],"curies":[{"name":"wp","href":"https:\/\/api.w.org\/{rel}","templated":true}]}}