{"id":5228,"date":"2026-01-20T19:45:56","date_gmt":"2026-01-20T19:45:56","guid":{"rendered":"https:\/\/tecplan.com.es\/product\/impresora-portatil-tm-p20ii-2\/"},"modified":"2026-01-20T23:33:30","modified_gmt":"2026-01-20T23:33:30","slug":"impresora-portatil-tm-p20ii-2","status":"publish","type":"product","link":"https:\/\/tecplan.com.es\/en\/product\/impresora-portatil-tm-p20ii-2\/","title":{"rendered":"Impresora Port\u00e1til  TM-P20II 2&#8243;"},"content":{"rendered":"<p style=\"text-align: justify;\"><strong>Impresora Inal\u00e1mbrica y Port\u00e1til de Recibos Mobilink TM-P20II 2&#8243;<\/strong><\/p>\n<p style=\"text-align: justify;\"><strong>La impresora de recibos port\u00e1til, inal\u00e1mbrica, ultracompacta y liviana de 2&#8243;<\/strong><\/p>\n<p style=\"text-align: justify;\">La impresora de recibos port\u00e1til inal\u00e1mbrica Mobilink\u2122 P20II de 2&#8243; ofrece las caracter\u00edsticas que necesita para imprimir sus recibos en cualquier momento desde casi cualquier lugar. Nuestra impresora port\u00e1til m\u00e1s liviana, la compacta P20II combina calidad, potencia y conectividad, generando impresiones n\u00edtidas de 2 pulgadas a un excelente precio y con gran velocidad. El tama\u00f1o peque\u00f1o de esta impresora hace que sea f\u00e1cil de transportar; adem\u00e1s, su dise\u00f1o moderno y elegante combina a la perfecci\u00f3n el estilo y la funcionalidad para adaptarse a su negocio. Adem\u00e1s, ayuda a reducir los costos con el modo de ahorro de papel, que permite que la impresora disminuya la cantidad de papel utilizado. La robusta P20II puede soportar condiciones adversas: su carcasa con clasificaci\u00f3n IP54 es resistente al agua y al polvo. Tambi\u00e9n resiste un uso riguroso, con una clasificaci\u00f3n de ca\u00edda de 2,1 metros. La P20II cuenta con una bater\u00eda de larga duraci\u00f3n de hasta 27 horas con una carga completa1, as\u00ed como un tiempo de carga r\u00e1pido, alcanzando la carga completa en tan solo 3 horas2 (el cargador se vende por separado).<\/p>\n<p style=\"text-align: justify;\">La P20II viene con conectividad inal\u00e1mbrica vers\u00e1til (Wi-Fi\u00ae 5 o Bluetooth\u00ae 5.0), lo que le brinda la movilidad para imprimir desde pr\u00e1cticamente cualquier dispositivo o red. Con la P20II, obtenga impresiones de alta calidad sobre la marcha, incluso en entornos exigentes.<\/p>\n<ul>\n<li style=\"text-align: justify;\">Port\u00e1til y liviano: ultracompacto, f\u00e1cil de usar para los usuarios (clip para cintur\u00f3n incluido); ayuda a prevenir la fatiga de transporte<\/li>\n<li style=\"text-align: justify;\">Dise\u00f1o robusto: la carcasa con clasificaci\u00f3n IP54 es resistente al agua y al polvo; resiste un uso riguroso, con una clasificaci\u00f3n de ca\u00edda de 2,1 metros<\/li>\n<li style=\"text-align: justify;\">Bater\u00eda de larga duraci\u00f3n: hasta 27 horas con una carga completa1 (bater\u00eda y cable USB-C incluidos)<\/li>\n<li style=\"text-align: justify;\">Capacidad de carga r\u00e1pida de la bater\u00eda: carga completamente en tan solo 3 horas2 (el cargador se vende por separado)<\/li>\n<li style=\"text-align: justify;\">Conectividad vers\u00e1til: opciones de conectividad inal\u00e1mbrica (Wi-Fi 5 o Bluetooth 5.0) para proporcionar conexiones a una amplia variedad de dispositivos y redes<\/li>\n<li style=\"text-align: justify;\">Calidad de impresi\u00f3n excepcional y con velocidad ultrarr\u00e1pida: produzca r\u00e1pidamente textos, c\u00f3digos de barras y logotipos claros y n\u00edtidos a una velocidad de hasta 100 mm\/s<\/li>\n<li style=\"text-align: justify;\">Dise\u00f1o moderno: dise\u00f1o elegante adecuado para complementar su negocio<\/li>\n<li style=\"text-align: justify;\">Mejore su impresi\u00f3n con accesorios: elija entre una amplia gama de accesorios opcionales, como cargador de bater\u00eda individual o cu\u00e1druple, bater\u00eda de repuesto, correa para el cintur\u00f3n, correa para el hombro y estuche de transporte blando (cada uno se vende por separado)<\/li>\n<li style=\"text-align: justify;\">Modo de ahorro de papel: ayuda a reducir los costos al disminuir el uso de papel<\/li>\n<li style=\"text-align: justify;\">Vers\u00e1til capacidad de carga de bater\u00eda: funciona con cargadores de bater\u00eda Epson\u00ae, dispositivos de carga USB-C de terceros y dispositivos de carga inal\u00e1mbricos de terceros3 (cada uno se vende por separado).<\/li>\n<\/ul>\n<h5 style=\"text-align: justify;\"><span style=\"text-decoration: underline;\"><strong>DOWNLOADS<\/strong><\/span><\/h5>\n<ul style=\"text-align: justify;\">\n<li>\u2192\u00a0 <a href=\"https:\/\/drive.google.com\/file\/d\/18xx9c2XGvMIhlQaTcMoRs7xZzFnjw9b9\/view?usp=sharing\">Technical sheet<\/a><\/li>\n<\/ul>","protected":false},"excerpt":{"rendered":"<p style=\"text-align: justify;\"><strong>Impresora Inal\u00e1mbrica Port\u00e1til Mobilink TM-P20II 2&#8243;<\/strong><\/p>\n<p style=\"text-align: justify;\">Impresora de recibos port\u00e1til inal\u00e1mbrica Mobilink\u2122 P20II de 2&#8243; ofrece imprimir sus recibos en cualquier momento desde casi cualquier lugar. Nuestra impresora port\u00e1til m\u00e1s liviana y compacta combina calidad, potencia y conectividad, generando impresiones n\u00edtidas de 2 pulgadas a un excelente precio y con gran velocidad.<\/p>\n<p><img decoding=\"async\" class=\"wp-image-5292 aligncenter\" src=\"https:\/\/tecplan.com.es\/wp-content\/uploads\/2026\/01\/Logo-Epson-300x74.png\" alt=\"\" width=\"163\" height=\"41\" srcset=\"https:\/\/tecplan.com.es\/wp-content\/uploads\/2026\/01\/Logo-Epson-300x74.png 300w, https:\/\/tecplan.com.es\/wp-content\/uploads\/2026\/01\/Logo-Epson-1024x254.png 1024w, https:\/\/tecplan.com.es\/wp-content\/uploads\/2026\/01\/Logo-Epson-768x191.png 768w, https:\/\/tecplan.com.es\/wp-content\/uploads\/2026\/01\/Logo-Epson-1536x381.png 1536w, https:\/\/tecplan.com.es\/wp-content\/uploads\/2026\/01\/Logo-Epson-2048x508.png 2048w, https:\/\/tecplan.com.es\/wp-content\/uploads\/2026\/01\/Logo-Epson-18x4.png 18w, https:\/\/tecplan.com.es\/wp-content\/uploads\/2026\/01\/Logo-Epson-600x149.png 600w\" sizes=\"(max-width: 163px) 100vw, 163px\" \/><\/p>","protected":false},"featured_media":5213,"comment_status":"open","ping_status":"closed","template":"","meta":{"site-sidebar-layout":"default","site-content-layout":"","ast-site-content-layout":"default","site-content-style":"default","site-sidebar-style":"default","ast-global-header-display":"","ast-banner-title-visibility":"","ast-main-header-display":"","ast-hfb-above-header-display":"","ast-hfb-below-header-display":"","ast-hfb-mobile-header-display":"","site-post-title":"","ast-breadcrumbs-content":"","ast-featured-img":"","footer-sml-layout":"","ast-disable-related-posts":"","theme-transparent-header-meta":"default","adv-header-id-meta":"","stick-header-meta":"","header-above-stick-meta":"","header-main-stick-meta":"","header-below-stick-meta":"","astra-migrate-meta-layouts":"set","ast-page-background-enabled":"default","ast-page-background-meta":{"desktop":{"background-color":"var(--ast-global-color-5)","background-image":"","background-repeat":"repeat","background-position":"center center","background-size":"auto","background-attachment":"scroll","background-type":"","background-media":"","overlay-type":"","overlay-color":"","overlay-opacity":"","overlay-gradient":""},"tablet":{"background-color":"","background-image":"","background-repeat":"repeat","background-position":"center center","background-size":"auto","background-attachment":"scroll","background-type":"","background-media":"","overlay-type":"","overlay-color":"","overlay-opacity":"","overlay-gradient":""},"mobile":{"background-color":"","background-image":"","background-repeat":"repeat","background-position":"center center","background-size":"auto","background-attachment":"scroll","background-type":"","background-media":"","overlay-type":"","overlay-color":"","overlay-opacity":"","overlay-gradient":""}},"ast-content-background-meta":{"desktop":{"background-color":"var(--ast-global-color-4)","background-image":"","background-repeat":"repeat","background-position":"center center","background-size":"auto","background-attachment":"scroll","background-type":"","background-media":"","overlay-type":"","overlay-color":"","overlay-opacity":"","overlay-gradient":""},"tablet":{"background-color":"var(--ast-global-color-4)","background-image":"","background-repeat":"repeat","background-position":"center center","background-size":"auto","background-attachment":"scroll","background-type":"","background-media":"","overlay-type":"","overlay-color":"","overlay-opacity":"","overlay-gradient":""},"mobile":{"background-color":"var(--ast-global-color-4)","background-image":"","background-repeat":"repeat","background-position":"center center","background-size":"auto","background-attachment":"scroll","background-type":"","background-media":"","overlay-type":"","overlay-color":"","overlay-opacity":"","overlay-gradient":""}}},"product_brand":[343],"product_cat":[161,194,162],"product_tag":[224],"class_list":{"0":"post-5228","1":"product","2":"type-product","3":"status-publish","4":"has-post-thumbnail","6":"product_brand-epson","7":"product_cat-epson","8":"product_cat-hardware","9":"product_cat-impresoras-epson","10":"product_tag-epson","11":"desktop-align-left","12":"tablet-align-left","13":"mobile-align-left","15":"first","16":"instock","17":"shipping-taxable","18":"product-type-simple"},"yoast_head":"<!-- This site is optimized with the Yoast SEO plugin v25.3 - https:\/\/yoast.com\/wordpress\/plugins\/seo\/ -->\n<title>Impresora Port\u00e1til TM-P20II 2&quot; - Tecplan<\/title>\n<meta name=\"robots\" content=\"index, follow, max-snippet:-1, max-image-preview:large, max-video-preview:-1\" \/>\n<link rel=\"canonical\" href=\"https:\/\/tecplan.com.es\/en\/product\/impresora-portatil-tm-p20ii-2\/\" \/>\n<meta property=\"og:locale\" content=\"en_US\" \/>\n<meta property=\"og:type\" content=\"article\" \/>\n<meta property=\"og:title\" content=\"Impresora Port\u00e1til TM-P20II 2&quot; - Tecplan\" \/>\n<meta property=\"og:description\" content=\"Impresora Inal\u00e1mbrica Port\u00e1til Mobilink TM-P20II 2&quot; Impresora de recibos port\u00e1til inal\u00e1mbrica Mobilink\u2122 P20II de 2&quot; ofrece imprimir sus recibos en cualquier momento desde casi cualquier lugar. Nuestra impresora port\u00e1til m\u00e1s liviana y compacta combina calidad, potencia y conectividad, generando impresiones n\u00edtidas de 2 pulgadas a un excelente precio y con gran velocidad.\" \/>\n<meta property=\"og:url\" content=\"https:\/\/tecplan.com.es\/en\/product\/impresora-portatil-tm-p20ii-2\/\" \/>\n<meta property=\"og:site_name\" content=\"Tecplan\" \/>\n<meta property=\"article:modified_time\" content=\"2026-01-20T23:33:30+00:00\" \/>\n<meta property=\"og:image\" content=\"https:\/\/tecplan.com.es\/wp-content\/uploads\/2026\/01\/TM-P20II_left_690x460.jpg\" \/>\n\t<meta property=\"og:image:width\" content=\"300\" \/>\n\t<meta property=\"og:image:height\" content=\"200\" \/>\n\t<meta property=\"og:image:type\" content=\"image\/jpeg\" \/>\n<meta name=\"twitter:card\" content=\"summary_large_image\" \/>\n<meta name=\"twitter:label1\" content=\"Est. reading time\" \/>\n\t<meta name=\"twitter:data1\" content=\"3 minutes\" \/>\n<script type=\"application\/ld+json\" class=\"yoast-schema-graph\">{\"@context\":\"https:\/\/schema.org\",\"@graph\":[{\"@type\":\"WebPage\",\"@id\":\"https:\/\/tecplan.com.es\/product\/impresora-portatil-tm-p20ii-2\/\",\"url\":\"https:\/\/tecplan.com.es\/product\/impresora-portatil-tm-p20ii-2\/\",\"name\":\"Impresora Port\u00e1til TM-P20II 2\\\" - Tecplan\",\"isPartOf\":{\"@id\":\"https:\/\/tecplan.com.es\/#website\"},\"primaryImageOfPage\":{\"@id\":\"https:\/\/tecplan.com.es\/product\/impresora-portatil-tm-p20ii-2\/#primaryimage\"},\"image\":{\"@id\":\"https:\/\/tecplan.com.es\/product\/impresora-portatil-tm-p20ii-2\/#primaryimage\"},\"thumbnailUrl\":\"https:\/\/tecplan.com.es\/wp-content\/uploads\/2026\/01\/TM-P20II_left_690x460.jpg\",\"datePublished\":\"2026-01-20T19:45:56+00:00\",\"dateModified\":\"2026-01-20T23:33:30+00:00\",\"breadcrumb\":{\"@id\":\"https:\/\/tecplan.com.es\/product\/impresora-portatil-tm-p20ii-2\/#breadcrumb\"},\"inLanguage\":\"en-US\",\"potentialAction\":[{\"@type\":\"ReadAction\",\"target\":[\"https:\/\/tecplan.com.es\/product\/impresora-portatil-tm-p20ii-2\/\"]}]},{\"@type\":\"ImageObject\",\"inLanguage\":\"en-US\",\"@id\":\"https:\/\/tecplan.com.es\/product\/impresora-portatil-tm-p20ii-2\/#primaryimage\",\"url\":\"https:\/\/tecplan.com.es\/wp-content\/uploads\/2026\/01\/TM-P20II_left_690x460.jpg\",\"contentUrl\":\"https:\/\/tecplan.com.es\/wp-content\/uploads\/2026\/01\/TM-P20II_left_690x460.jpg\",\"width\":300,\"height\":200},{\"@type\":\"BreadcrumbList\",\"@id\":\"https:\/\/tecplan.com.es\/product\/impresora-portatil-tm-p20ii-2\/#breadcrumb\",\"itemListElement\":[{\"@type\":\"ListItem\",\"position\":1,\"name\":\"Home\",\"item\":\"https:\/\/tecplan.com.es\/\"},{\"@type\":\"ListItem\",\"position\":2,\"name\":\"Shop\",\"item\":\"https:\/\/tecplan.com.es\/shop\/\"},{\"@type\":\"ListItem\",\"position\":3,\"name\":\"Impresora Port\u00e1til TM-P20II 2&#8243;\"}]},{\"@type\":\"WebSite\",\"@id\":\"https:\/\/tecplan.com.es\/#website\",\"url\":\"https:\/\/tecplan.com.es\/\",\"name\":\"Tecplan\",\"description\":\"\",\"potentialAction\":[{\"@type\":\"SearchAction\",\"target\":{\"@type\":\"EntryPoint\",\"urlTemplate\":\"https:\/\/tecplan.com.es\/?s={search_term_string}\"},\"query-input\":{\"@type\":\"PropertyValueSpecification\",\"valueRequired\":true,\"valueName\":\"search_term_string\"}}],\"inLanguage\":\"en-US\"}]}<\/script>\n<!-- \/ Yoast SEO plugin. -->","yoast_head_json":{"title":"Impresora Port\u00e1til TM-P20II 2\" - Tecplan","robots":{"index":"index","follow":"follow","max-snippet":"max-snippet:-1","max-image-preview":"max-image-preview:large","max-video-preview":"max-video-preview:-1"},"canonical":"https:\/\/tecplan.com.es\/en\/product\/impresora-portatil-tm-p20ii-2\/","og_locale":"en_US","og_type":"article","og_title":"Impresora Port\u00e1til TM-P20II 2\" - Tecplan","og_description":"Impresora Inal\u00e1mbrica Port\u00e1til Mobilink TM-P20II 2\" Impresora de recibos port\u00e1til inal\u00e1mbrica Mobilink\u2122 P20II de 2\" ofrece imprimir sus recibos en cualquier momento desde casi cualquier lugar. Nuestra impresora port\u00e1til m\u00e1s liviana y compacta combina calidad, potencia y conectividad, generando impresiones n\u00edtidas de 2 pulgadas a un excelente precio y con gran velocidad.","og_url":"https:\/\/tecplan.com.es\/en\/product\/impresora-portatil-tm-p20ii-2\/","og_site_name":"Tecplan","article_modified_time":"2026-01-20T23:33:30+00:00","og_image":[{"width":300,"height":200,"url":"https:\/\/tecplan.com.es\/wp-content\/uploads\/2026\/01\/TM-P20II_left_690x460.jpg","type":"image\/jpeg"}],"twitter_card":"summary_large_image","twitter_misc":{"Est. reading time":"3 minutes"},"schema":{"@context":"https:\/\/schema.org","@graph":[{"@type":"WebPage","@id":"https:\/\/tecplan.com.es\/product\/impresora-portatil-tm-p20ii-2\/","url":"https:\/\/tecplan.com.es\/product\/impresora-portatil-tm-p20ii-2\/","name":"Impresora Port\u00e1til TM-P20II 2\" - Tecplan","isPartOf":{"@id":"https:\/\/tecplan.com.es\/#website"},"primaryImageOfPage":{"@id":"https:\/\/tecplan.com.es\/product\/impresora-portatil-tm-p20ii-2\/#primaryimage"},"image":{"@id":"https:\/\/tecplan.com.es\/product\/impresora-portatil-tm-p20ii-2\/#primaryimage"},"thumbnailUrl":"https:\/\/tecplan.com.es\/wp-content\/uploads\/2026\/01\/TM-P20II_left_690x460.jpg","datePublished":"2026-01-20T19:45:56+00:00","dateModified":"2026-01-20T23:33:30+00:00","breadcrumb":{"@id":"https:\/\/tecplan.com.es\/product\/impresora-portatil-tm-p20ii-2\/#breadcrumb"},"inLanguage":"en-US","potentialAction":[{"@type":"ReadAction","target":["https:\/\/tecplan.com.es\/product\/impresora-portatil-tm-p20ii-2\/"]}]},{"@type":"ImageObject","inLanguage":"en-US","@id":"https:\/\/tecplan.com.es\/product\/impresora-portatil-tm-p20ii-2\/#primaryimage","url":"https:\/\/tecplan.com.es\/wp-content\/uploads\/2026\/01\/TM-P20II_left_690x460.jpg","contentUrl":"https:\/\/tecplan.com.es\/wp-content\/uploads\/2026\/01\/TM-P20II_left_690x460.jpg","width":300,"height":200},{"@type":"BreadcrumbList","@id":"https:\/\/tecplan.com.es\/product\/impresora-portatil-tm-p20ii-2\/#breadcrumb","itemListElement":[{"@type":"ListItem","position":1,"name":"Home","item":"https:\/\/tecplan.com.es\/"},{"@type":"ListItem","position":2,"name":"Shop","item":"https:\/\/tecplan.com.es\/shop\/"},{"@type":"ListItem","position":3,"name":"Impresora Port\u00e1til TM-P20II 2&#8243;"}]},{"@type":"WebSite","@id":"https:\/\/tecplan.com.es\/#website","url":"https:\/\/tecplan.com.es\/","name":"Tecplan","description":"","potentialAction":[{"@type":"SearchAction","target":{"@type":"EntryPoint","urlTemplate":"https:\/\/tecplan.com.es\/?s={search_term_string}"},"query-input":{"@type":"PropertyValueSpecification","valueRequired":true,"valueName":"search_term_string"}}],"inLanguage":"en-US"}]}},"_links":{"self":[{"href":"https:\/\/tecplan.com.es\/en\/wp-json\/wp\/v2\/product\/5228","targetHints":{"allow":["GET"]}}],"collection":[{"href":"https:\/\/tecplan.com.es\/en\/wp-json\/wp\/v2\/product"}],"about":[{"href":"https:\/\/tecplan.com.es\/en\/wp-json\/wp\/v2\/types\/product"}],"replies":[{"embeddable":true,"href":"https:\/\/tecplan.com.es\/en\/wp-json\/wp\/v2\/comments?post=5228"}],"version-history":[{"count":2,"href":"https:\/\/tecplan.com.es\/en\/wp-json\/wp\/v2\/product\/5228\/revisions"}],"predecessor-version":[{"id":5305,"href":"https:\/\/tecplan.com.es\/en\/wp-json\/wp\/v2\/product\/5228\/revisions\/5305"}],"wp:featuredmedia":[{"embeddable":true,"href":"https:\/\/tecplan.com.es\/en\/wp-json\/wp\/v2\/media\/5213"}],"wp:attachment":[{"href":"https:\/\/tecplan.com.es\/en\/wp-json\/wp\/v2\/media?parent=5228"}],"wp:term":[{"taxonomy":"product_brand","embeddable":true,"href":"https:\/\/tecplan.com.es\/en\/wp-json\/wp\/v2\/product_brand?post=5228"},{"taxonomy":"product_cat","embeddable":true,"href":"https:\/\/tecplan.com.es\/en\/wp-json\/wp\/v2\/product_cat?post=5228"},{"taxonomy":"product_tag","embeddable":true,"href":"https:\/\/tecplan.com.es\/en\/wp-json\/wp\/v2\/product_tag?post=5228"}],"curies":[{"name":"wp","href":"https:\/\/api.w.org\/{rel}","templated":true}]}}