{"id":5227,"date":"2026-01-20T19:45:56","date_gmt":"2026-01-20T19:45:56","guid":{"rendered":"https:\/\/tecplan.com.es\/product\/impresor-epson-tm-t20iii\/"},"modified":"2026-01-20T23:37:04","modified_gmt":"2026-01-20T23:37:04","slug":"impresor-epson-tm-t20iii","status":"publish","type":"product","link":"https:\/\/tecplan.com.es\/en\/product\/impresor-epson-tm-t20iii\/","title":{"rendered":"Impresor EPSON TM-T20III"},"content":{"rendered":"<p style=\"text-align: justify;\"><strong>Impresora T\u00e9rmica Epson TM-T20III para recibos de puntos de venta<\/strong><\/p>\n<p style=\"text-align: justify;\"><strong>La soluci\u00f3n econ\u00f3mica, eficiente e ideal para el comercio de las peque\u00f1as y medianas empresas<\/strong><\/p>\n<p style=\"text-align: justify;\">La impresora t\u00e9rmica TM-T20III imprime textos y gr\u00e1ficos en recibos a velocidades de hasta 250 mm\/s, as\u00ed como logotipos, cupones y c\u00f3digos de barras de forma n\u00edtida.<\/p>\n<p style=\"text-align: justify;\">Aprovecha las caracter\u00edsticas que facilitan su uso, como la carga r\u00e1pida de papel, el cortador autom\u00e1tico y los indicadores LED. Con las opciones para reducir el consumo de papel en un 30%, y un promedio de fiabilidad que esperas de una impresora Epson.<\/p>\n<p style=\"text-align: justify;\">La impresora Epson TM-T20III Serial\/USB es una soluci\u00f3n t\u00e9rmica econ\u00f3mica y fiable para Punto de Venta (TPV) que imprime recibos a alta velocidad (250 mm\/s) con corte autom\u00e1tico y funciones de ahorro de papel, ideal para comercio y hosteler\u00eda, ofreciendo conectividad vers\u00e1til (puerto USB de serie y puerto serial intercambiable) y f\u00e1cil instalaci\u00f3n en mesa o pared, siendo un modelo robusto para impresi\u00f3n r\u00e1pida de tickets, facturas y c\u00f3digos de barras.<\/p>\n<p><strong>Caracter\u00edsticas Principales:<\/strong><\/p>\n<ul>\n<li style=\"text-align: justify;\">Conectividad: Incluye puerto USB de f\u00e1brica y un puerto serial RS-232 intercambiable, con opciones para Ethernet en otros modelos.<\/li>\n<li style=\"text-align: justify;\">Velocidad: Hasta 250 mm\/s, agilizando el servicio al cliente.<\/li>\n<li style=\"text-align: justify;\">Ahorro de Papel: Funci\u00f3n de reducci\u00f3n autom\u00e1tica para ahorrar hasta un 30% de papel.<\/li>\n<li style=\"text-align: justify;\">Fiabilidad: Mecanismo duradero con vida \u00fatil de hasta 15 millones de l\u00edneas y 360,000 horas MTBF (Mean Time Between Failures).<\/li>\n<li style=\"text-align: justify;\">Facilidad de Uso: Carga de papel r\u00e1pida, cortador autom\u00e1tico y f\u00e1cil instalaci\u00f3n (mesa o pared).<\/li>\n<li style=\"text-align: justify;\">Impresi\u00f3n: Ideal para recibos, logotipos, cupones y c\u00f3digos de barras, usando rollos de 80mm o 58mm (con gu\u00eda).<\/li>\n<li style=\"text-align: justify;\">Software: Compatible con software TPV y soporta mPOS\/Tablets con ePOS SDK.<\/li>\n<\/ul>\n<h5 style=\"text-align: justify;\"><span style=\"text-decoration: underline;\"><strong>DOWNLOADS<\/strong><\/span><\/h5>\n<ul style=\"text-align: justify;\">\n<li>\u2192\u00a0 <a href=\"https:\/\/drive.google.com\/file\/d\/1vn09qqI5eo7OBMNMXvPnAIJz1bKDo9gk\/view?usp=sharing\">Technical sheet<\/a><\/li>\n<\/ul>","protected":false},"excerpt":{"rendered":"<p style=\"text-align: justify;\"><strong>Impresor EPSON TM-T20III Serial\/USB<\/strong><\/p>\n<p style=\"text-align: justify;\">Impresi\u00f3n T\u00e9rmica \/ Velocidad 250 mm\/seg \/ Tama\u00f1o caracteres(ancho x alto): 1.25mm x 3.00mm (48 columnas) 0.88mm x 2.13mm (64 columnas) \/ Interfases Serial y USB \/ Rollo de papel: 80mm \/ Adaptador de energ\u00eda inclu\u00eddo.<\/p>\n<p><img decoding=\"async\" class=\"wp-image-5292 aligncenter\" src=\"https:\/\/tecplan.com.es\/wp-content\/uploads\/2026\/01\/Logo-Epson-300x74.png\" alt=\"\" width=\"98\" height=\"41\" \/><\/p>","protected":false},"featured_media":5212,"comment_status":"open","ping_status":"closed","template":"","meta":{"site-sidebar-layout":"default","site-content-layout":"","ast-site-content-layout":"default","site-content-style":"default","site-sidebar-style":"default","ast-global-header-display":"","ast-banner-title-visibility":"","ast-main-header-display":"","ast-hfb-above-header-display":"","ast-hfb-below-header-display":"","ast-hfb-mobile-header-display":"","site-post-title":"","ast-breadcrumbs-content":"","ast-featured-img":"","footer-sml-layout":"","ast-disable-related-posts":"","theme-transparent-header-meta":"default","adv-header-id-meta":"","stick-header-meta":"","header-above-stick-meta":"","header-main-stick-meta":"","header-below-stick-meta":"","astra-migrate-meta-layouts":"set","ast-page-background-enabled":"default","ast-page-background-meta":{"desktop":{"background-color":"var(--ast-global-color-5)","background-image":"","background-repeat":"repeat","background-position":"center center","background-size":"auto","background-attachment":"scroll","background-type":"","background-media":"","overlay-type":"","overlay-color":"","overlay-opacity":"","overlay-gradient":""},"tablet":{"background-color":"","background-image":"","background-repeat":"repeat","background-position":"center center","background-size":"auto","background-attachment":"scroll","background-type":"","background-media":"","overlay-type":"","overlay-color":"","overlay-opacity":"","overlay-gradient":""},"mobile":{"background-color":"","background-image":"","background-repeat":"repeat","background-position":"center center","background-size":"auto","background-attachment":"scroll","background-type":"","background-media":"","overlay-type":"","overlay-color":"","overlay-opacity":"","overlay-gradient":""}},"ast-content-background-meta":{"desktop":{"background-color":"var(--ast-global-color-4)","background-image":"","background-repeat":"repeat","background-position":"center center","background-size":"auto","background-attachment":"scroll","background-type":"","background-media":"","overlay-type":"","overlay-color":"","overlay-opacity":"","overlay-gradient":""},"tablet":{"background-color":"var(--ast-global-color-4)","background-image":"","background-repeat":"repeat","background-position":"center center","background-size":"auto","background-attachment":"scroll","background-type":"","background-media":"","overlay-type":"","overlay-color":"","overlay-opacity":"","overlay-gradient":""},"mobile":{"background-color":"var(--ast-global-color-4)","background-image":"","background-repeat":"repeat","background-position":"center center","background-size":"auto","background-attachment":"scroll","background-type":"","background-media":"","overlay-type":"","overlay-color":"","overlay-opacity":"","overlay-gradient":""}}},"product_brand":[343],"product_cat":[161,194,162],"product_tag":[224],"class_list":{"0":"post-5227","1":"product","2":"type-product","3":"status-publish","4":"has-post-thumbnail","6":"product_brand-epson","7":"product_cat-epson","8":"product_cat-hardware","9":"product_cat-impresoras-epson","10":"product_tag-epson","11":"desktop-align-left","12":"tablet-align-left","13":"mobile-align-left","15":"first","16":"instock","17":"shipping-taxable","18":"product-type-simple"},"yoast_head":"<!-- This site is optimized with the Yoast SEO plugin v25.3 - https:\/\/yoast.com\/wordpress\/plugins\/seo\/ -->\n<title>Impresor EPSON TM-T20III - Tecplan<\/title>\n<meta name=\"robots\" content=\"index, follow, max-snippet:-1, max-image-preview:large, max-video-preview:-1\" \/>\n<link rel=\"canonical\" href=\"https:\/\/tecplan.com.es\/en\/product\/impresor-epson-tm-t20iii\/\" \/>\n<meta property=\"og:locale\" content=\"en_US\" \/>\n<meta property=\"og:type\" content=\"article\" \/>\n<meta property=\"og:title\" content=\"Impresor EPSON TM-T20III - Tecplan\" \/>\n<meta property=\"og:description\" content=\"Impresor EPSON TM-T20III Serial\/USB Impresi\u00f3n T\u00e9rmica \/ Velocidad 250 mm\/seg \/ Tama\u00f1o caracteres(ancho x alto): 1.25mm x 3.00mm (48 columnas) 0.88mm x 2.13mm (64 columnas) \/ Interfases Serial y USB \/ Rollo de papel: 80mm \/ Adaptador de energ\u00eda inclu\u00eddo.\" \/>\n<meta property=\"og:url\" content=\"https:\/\/tecplan.com.es\/en\/product\/impresor-epson-tm-t20iii\/\" \/>\n<meta property=\"og:site_name\" content=\"Tecplan\" \/>\n<meta property=\"article:modified_time\" content=\"2026-01-20T23:37:04+00:00\" \/>\n<meta property=\"og:image\" content=\"https:\/\/tecplan.com.es\/wp-content\/uploads\/2026\/01\/Printer-TM-T20III-5.jpg\" \/>\n\t<meta property=\"og:image:width\" content=\"690\" \/>\n\t<meta property=\"og:image:height\" content=\"460\" \/>\n\t<meta property=\"og:image:type\" content=\"image\/jpeg\" \/>\n<meta name=\"twitter:card\" content=\"summary_large_image\" \/>\n<meta name=\"twitter:label1\" content=\"Est. reading time\" \/>\n\t<meta name=\"twitter:data1\" content=\"2 minutes\" \/>\n<script type=\"application\/ld+json\" class=\"yoast-schema-graph\">{\"@context\":\"https:\/\/schema.org\",\"@graph\":[{\"@type\":\"WebPage\",\"@id\":\"https:\/\/tecplan.com.es\/product\/impresor-epson-tm-t20iii\/\",\"url\":\"https:\/\/tecplan.com.es\/product\/impresor-epson-tm-t20iii\/\",\"name\":\"Impresor EPSON TM-T20III - Tecplan\",\"isPartOf\":{\"@id\":\"https:\/\/tecplan.com.es\/#website\"},\"primaryImageOfPage\":{\"@id\":\"https:\/\/tecplan.com.es\/product\/impresor-epson-tm-t20iii\/#primaryimage\"},\"image\":{\"@id\":\"https:\/\/tecplan.com.es\/product\/impresor-epson-tm-t20iii\/#primaryimage\"},\"thumbnailUrl\":\"https:\/\/tecplan.com.es\/wp-content\/uploads\/2026\/01\/Printer-TM-T20III-5.jpg\",\"datePublished\":\"2026-01-20T19:45:56+00:00\",\"dateModified\":\"2026-01-20T23:37:04+00:00\",\"breadcrumb\":{\"@id\":\"https:\/\/tecplan.com.es\/product\/impresor-epson-tm-t20iii\/#breadcrumb\"},\"inLanguage\":\"en-US\",\"potentialAction\":[{\"@type\":\"ReadAction\",\"target\":[\"https:\/\/tecplan.com.es\/product\/impresor-epson-tm-t20iii\/\"]}]},{\"@type\":\"ImageObject\",\"inLanguage\":\"en-US\",\"@id\":\"https:\/\/tecplan.com.es\/product\/impresor-epson-tm-t20iii\/#primaryimage\",\"url\":\"https:\/\/tecplan.com.es\/wp-content\/uploads\/2026\/01\/Printer-TM-T20III-5.jpg\",\"contentUrl\":\"https:\/\/tecplan.com.es\/wp-content\/uploads\/2026\/01\/Printer-TM-T20III-5.jpg\",\"width\":690,\"height\":460},{\"@type\":\"BreadcrumbList\",\"@id\":\"https:\/\/tecplan.com.es\/product\/impresor-epson-tm-t20iii\/#breadcrumb\",\"itemListElement\":[{\"@type\":\"ListItem\",\"position\":1,\"name\":\"Home\",\"item\":\"https:\/\/tecplan.com.es\/\"},{\"@type\":\"ListItem\",\"position\":2,\"name\":\"Shop\",\"item\":\"https:\/\/tecplan.com.es\/shop\/\"},{\"@type\":\"ListItem\",\"position\":3,\"name\":\"Impresor EPSON TM-T20III\"}]},{\"@type\":\"WebSite\",\"@id\":\"https:\/\/tecplan.com.es\/#website\",\"url\":\"https:\/\/tecplan.com.es\/\",\"name\":\"Tecplan\",\"description\":\"\",\"potentialAction\":[{\"@type\":\"SearchAction\",\"target\":{\"@type\":\"EntryPoint\",\"urlTemplate\":\"https:\/\/tecplan.com.es\/?s={search_term_string}\"},\"query-input\":{\"@type\":\"PropertyValueSpecification\",\"valueRequired\":true,\"valueName\":\"search_term_string\"}}],\"inLanguage\":\"en-US\"}]}<\/script>\n<!-- \/ Yoast SEO plugin. -->","yoast_head_json":{"title":"Impresor EPSON TM-T20III - Tecplan","robots":{"index":"index","follow":"follow","max-snippet":"max-snippet:-1","max-image-preview":"max-image-preview:large","max-video-preview":"max-video-preview:-1"},"canonical":"https:\/\/tecplan.com.es\/en\/product\/impresor-epson-tm-t20iii\/","og_locale":"en_US","og_type":"article","og_title":"Impresor EPSON TM-T20III - Tecplan","og_description":"Impresor EPSON TM-T20III Serial\/USB Impresi\u00f3n T\u00e9rmica \/ Velocidad 250 mm\/seg \/ Tama\u00f1o caracteres(ancho x alto): 1.25mm x 3.00mm (48 columnas) 0.88mm x 2.13mm (64 columnas) \/ Interfases Serial y USB \/ Rollo de papel: 80mm \/ Adaptador de energ\u00eda inclu\u00eddo.","og_url":"https:\/\/tecplan.com.es\/en\/product\/impresor-epson-tm-t20iii\/","og_site_name":"Tecplan","article_modified_time":"2026-01-20T23:37:04+00:00","og_image":[{"width":690,"height":460,"url":"https:\/\/tecplan.com.es\/wp-content\/uploads\/2026\/01\/Printer-TM-T20III-5.jpg","type":"image\/jpeg"}],"twitter_card":"summary_large_image","twitter_misc":{"Est. reading time":"2 minutes"},"schema":{"@context":"https:\/\/schema.org","@graph":[{"@type":"WebPage","@id":"https:\/\/tecplan.com.es\/product\/impresor-epson-tm-t20iii\/","url":"https:\/\/tecplan.com.es\/product\/impresor-epson-tm-t20iii\/","name":"Impresor EPSON TM-T20III - Tecplan","isPartOf":{"@id":"https:\/\/tecplan.com.es\/#website"},"primaryImageOfPage":{"@id":"https:\/\/tecplan.com.es\/product\/impresor-epson-tm-t20iii\/#primaryimage"},"image":{"@id":"https:\/\/tecplan.com.es\/product\/impresor-epson-tm-t20iii\/#primaryimage"},"thumbnailUrl":"https:\/\/tecplan.com.es\/wp-content\/uploads\/2026\/01\/Printer-TM-T20III-5.jpg","datePublished":"2026-01-20T19:45:56+00:00","dateModified":"2026-01-20T23:37:04+00:00","breadcrumb":{"@id":"https:\/\/tecplan.com.es\/product\/impresor-epson-tm-t20iii\/#breadcrumb"},"inLanguage":"en-US","potentialAction":[{"@type":"ReadAction","target":["https:\/\/tecplan.com.es\/product\/impresor-epson-tm-t20iii\/"]}]},{"@type":"ImageObject","inLanguage":"en-US","@id":"https:\/\/tecplan.com.es\/product\/impresor-epson-tm-t20iii\/#primaryimage","url":"https:\/\/tecplan.com.es\/wp-content\/uploads\/2026\/01\/Printer-TM-T20III-5.jpg","contentUrl":"https:\/\/tecplan.com.es\/wp-content\/uploads\/2026\/01\/Printer-TM-T20III-5.jpg","width":690,"height":460},{"@type":"BreadcrumbList","@id":"https:\/\/tecplan.com.es\/product\/impresor-epson-tm-t20iii\/#breadcrumb","itemListElement":[{"@type":"ListItem","position":1,"name":"Home","item":"https:\/\/tecplan.com.es\/"},{"@type":"ListItem","position":2,"name":"Shop","item":"https:\/\/tecplan.com.es\/shop\/"},{"@type":"ListItem","position":3,"name":"Impresor EPSON TM-T20III"}]},{"@type":"WebSite","@id":"https:\/\/tecplan.com.es\/#website","url":"https:\/\/tecplan.com.es\/","name":"Tecplan","description":"","potentialAction":[{"@type":"SearchAction","target":{"@type":"EntryPoint","urlTemplate":"https:\/\/tecplan.com.es\/?s={search_term_string}"},"query-input":{"@type":"PropertyValueSpecification","valueRequired":true,"valueName":"search_term_string"}}],"inLanguage":"en-US"}]}},"_links":{"self":[{"href":"https:\/\/tecplan.com.es\/en\/wp-json\/wp\/v2\/product\/5227","targetHints":{"allow":["GET"]}}],"collection":[{"href":"https:\/\/tecplan.com.es\/en\/wp-json\/wp\/v2\/product"}],"about":[{"href":"https:\/\/tecplan.com.es\/en\/wp-json\/wp\/v2\/types\/product"}],"replies":[{"embeddable":true,"href":"https:\/\/tecplan.com.es\/en\/wp-json\/wp\/v2\/comments?post=5227"}],"version-history":[{"count":2,"href":"https:\/\/tecplan.com.es\/en\/wp-json\/wp\/v2\/product\/5227\/revisions"}],"predecessor-version":[{"id":5307,"href":"https:\/\/tecplan.com.es\/en\/wp-json\/wp\/v2\/product\/5227\/revisions\/5307"}],"wp:featuredmedia":[{"embeddable":true,"href":"https:\/\/tecplan.com.es\/en\/wp-json\/wp\/v2\/media\/5212"}],"wp:attachment":[{"href":"https:\/\/tecplan.com.es\/en\/wp-json\/wp\/v2\/media?parent=5227"}],"wp:term":[{"taxonomy":"product_brand","embeddable":true,"href":"https:\/\/tecplan.com.es\/en\/wp-json\/wp\/v2\/product_brand?post=5227"},{"taxonomy":"product_cat","embeddable":true,"href":"https:\/\/tecplan.com.es\/en\/wp-json\/wp\/v2\/product_cat?post=5227"},{"taxonomy":"product_tag","embeddable":true,"href":"https:\/\/tecplan.com.es\/en\/wp-json\/wp\/v2\/product_tag?post=5227"}],"curies":[{"name":"wp","href":"https:\/\/api.w.org\/{rel}","templated":true}]}}