{"id":5226,"date":"2026-01-20T19:45:56","date_gmt":"2026-01-20T19:45:56","guid":{"rendered":"https:\/\/tecplan.com.es\/product\/impresora-multifuncional-l3250\/"},"modified":"2026-01-21T15:27:02","modified_gmt":"2026-01-21T15:27:02","slug":"impresora-multifuncional-l3250","status":"publish","type":"product","link":"https:\/\/tecplan.com.es\/en\/product\/impresora-multifuncional-l3250\/","title":{"rendered":"Impresora Multifuncional L3250"},"content":{"rendered":"<p style=\"text-align: justify;\"><strong>Impresora multifuncional 3 en 1 Epson EcoTank L3250 con impresi\u00f3n 100% sin cartuchos<\/strong><\/p>\n<p style=\"text-align: justify;\">La Impresora multifuncional 3 en 1 Epson EcoTank L3250 ofrece a las familias, estudiantes y profesionales un costo de impresi\u00f3n ultra bajo, que te permite imprimir hasta 4.500 p\u00e1ginas en negro o 7.500 p\u00e1ginas a color5 con cada juego de botellas de repuesto. La EcoTank L3250 ofrece total confiabilidad gracias a la tecnolog\u00eda Heat-Free de Epson, adem\u00e1s de una experiencia de recarga f\u00e1cil, limpia y sin errores con la tecnolog\u00eda EcoFitTM. Dise\u00f1ado para integrarse en su estilo de vida, est\u00e1 completamente conectado con WiFi, WiFi Direct\u00ae y capacidades de impresi\u00f3n m\u00f3vil a trav\u00e9s de la nueva e intuitiva aplicaci\u00f3n Epson Smart Panel y cuenta con un dise\u00f1o de tanque frontal s\u00faper compacto que ocupa poco espacio y permite verificar f\u00e1cilmente los niveles de tinta. Con una garant\u00eda limitada y extendida hasta de 2 a\u00f1os4, Epson te respalda totalmente para que pueda imprimir sin cartuchos y sin preocupaciones.<\/p>\n<p><strong>Descripci\u00f3n del Producto<\/strong><\/p>\n<ul>\n<li style=\"text-align: justify;\">Incluye 1 botella de Tinta Negra para hasta 4,000 p\u00e1ginas<\/li>\n<li style=\"text-align: justify;\">Wi-Fi 802.11b\/g\/n<\/li>\n<li style=\"text-align: justify;\">Incluye 1 botella de Tinta Cyan, 1 de Amarillo y 1 de Magenta (n\u00famero de p\u00e1ginas var\u00eda seg\u00fan cobertura)<\/li>\n<li style=\"text-align: justify;\">Tecnolog\u00eda de Impresi\u00f3n EPSON Micropiezo punto variable a 4 Colores (CMYK)<\/li>\n<li style=\"text-align: justify;\">Velocidad de Impresi\u00f3n de hasta 33 ppm en texto negro y 15 ppm en texto color<\/li>\n<li style=\"text-align: justify;\">Bandeja de entrada: 100 hojas<\/li>\n<li style=\"text-align: justify;\">Interface USB 2.0<\/li>\n<li style=\"text-align: justify;\">Cable USB inclu\u00eddo<\/li>\n<li style=\"text-align: justify;\">Scanner a color de cama plana<\/li>\n<li style=\"text-align: justify;\">Resoluci\u00f3n de Scanner Hardware: 1200 x 2400 dpi<\/li>\n<li style=\"text-align: justify;\">Volumen de p\u00e1ginas mensual recomendado: 1,250 p\u00e1gs.<\/li>\n<\/ul>\n<p><strong>Imprimir:<\/strong><\/p>\n<ul>\n<li style=\"text-align: justify;\">Tecnolog\u00eda de Impresi\u00f3n:<\/li>\n<li style=\"text-align: justify;\">Inyecci\u00f3n de tinta Heat-FreeTM Micro Piezo de 4 colores (CMYK)<\/li>\n<li style=\"text-align: justify;\">Resoluci\u00f3n M\u00e1xima de Impresi\u00f3n:<\/li>\n<li style=\"text-align: justify;\">Hasta 5.760 dpi x 1.440 dpi<\/li>\n<li style=\"text-align: justify;\">Velocidad de Impresi\u00f3n ISO:<\/li>\n<li style=\"text-align: justify;\">Negro 10 ppm y color 5 ppm (A4\/carta)\u00b2<\/li>\n<li style=\"text-align: justify;\">Velocidad de Impresi\u00f3n:<\/li>\n<li style=\"text-align: justify;\">Negro 33 ppm y color 15 ppm (borrador, A4\/carta)\u00b9<\/li>\n<\/ul>\n<p><strong>General:<\/strong><\/p>\n<ul>\n<li style=\"text-align: justify;\">Sistemas de Operaci\u00f3n: Windows Vista\u00ae \/ 7 \/ 8 \/ 8.1 \/ 10 o m\u00e1s reciente (32bit, 64bit)<\/li>\n<li style=\"text-align: justify;\">Windows Server\u00ae 2003 (SP2) or later<\/li>\n<li style=\"text-align: justify;\">Mac OS X 10.5.8 o m\u00e1s reciente, Mac OS 11 o m\u00e1s reciente<\/li>\n<li style=\"text-align: justify;\">Dimensiones: Abierto: 37.5 cm x 57.8 cm x 25.3 cm Cerrado: 37.5 cm x 34.7 cm x 17.9 cm<\/li>\n<li style=\"text-align: justify;\">Peso: 3,9 kg<\/li>\n<li style=\"text-align: justify;\">M\u00e1ximo Tama\u00f1o de Copia: A4\/carta &#8211; 1.200 dpi x 2.400 dpi<\/li>\n<\/ul>\n<h5 style=\"text-align: justify;\"><span style=\"text-decoration: underline;\"><strong>DOWNLOADS<\/strong><\/span><\/h5>\n<ul style=\"text-align: justify;\">\n<li>\u2192\u00a0 <a href=\"https:\/\/drive.google.com\/file\/d\/1Q9H_KnrY9X1lFp4LYUHoklnsmTfKDuA3\/view?usp=sharing\">Technical sheet<\/a><\/li>\n<\/ul>","protected":false},"excerpt":{"rendered":"<p style=\"text-align: justify;\"><strong>Impresora Multifuncional Inal\u00e1mbrica EcoTank L3250<\/strong><\/p>\n<p style=\"text-align: justify;\">Impresora multifuncional 3 en 1 Epson EcoTank L3250 ofrece a las familias, estudiantes y profesionales un costo de impresi\u00f3n ultra bajo, que te permite imprimir hasta 4.500 p\u00e1gina en negro o 7.500 p\u00e1ginas a color con cada juego de botellas de repuesto. La EcoTank L3250 ofrece total confiabilidad, recarga f\u00e1cil, limpia.<\/p>\n<p><img decoding=\"async\" class=\"wp-image-5292 aligncenter\" src=\"https:\/\/tecplan.com.es\/wp-content\/uploads\/2026\/01\/Logo-Epson-300x74.png\" alt=\"\" width=\"121\" height=\"21\" \/><\/p>","protected":false},"featured_media":5207,"comment_status":"open","ping_status":"closed","template":"","meta":{"site-sidebar-layout":"default","site-content-layout":"","ast-site-content-layout":"default","site-content-style":"default","site-sidebar-style":"default","ast-global-header-display":"","ast-banner-title-visibility":"","ast-main-header-display":"","ast-hfb-above-header-display":"","ast-hfb-below-header-display":"","ast-hfb-mobile-header-display":"","site-post-title":"","ast-breadcrumbs-content":"","ast-featured-img":"","footer-sml-layout":"","ast-disable-related-posts":"","theme-transparent-header-meta":"default","adv-header-id-meta":"","stick-header-meta":"","header-above-stick-meta":"","header-main-stick-meta":"","header-below-stick-meta":"","astra-migrate-meta-layouts":"set","ast-page-background-enabled":"default","ast-page-background-meta":{"desktop":{"background-color":"var(--ast-global-color-5)","background-image":"","background-repeat":"repeat","background-position":"center center","background-size":"auto","background-attachment":"scroll","background-type":"","background-media":"","overlay-type":"","overlay-color":"","overlay-opacity":"","overlay-gradient":""},"tablet":{"background-color":"","background-image":"","background-repeat":"repeat","background-position":"center center","background-size":"auto","background-attachment":"scroll","background-type":"","background-media":"","overlay-type":"","overlay-color":"","overlay-opacity":"","overlay-gradient":""},"mobile":{"background-color":"","background-image":"","background-repeat":"repeat","background-position":"center center","background-size":"auto","background-attachment":"scroll","background-type":"","background-media":"","overlay-type":"","overlay-color":"","overlay-opacity":"","overlay-gradient":""}},"ast-content-background-meta":{"desktop":{"background-color":"var(--ast-global-color-4)","background-image":"","background-repeat":"repeat","background-position":"center center","background-size":"auto","background-attachment":"scroll","background-type":"","background-media":"","overlay-type":"","overlay-color":"","overlay-opacity":"","overlay-gradient":""},"tablet":{"background-color":"var(--ast-global-color-4)","background-image":"","background-repeat":"repeat","background-position":"center center","background-size":"auto","background-attachment":"scroll","background-type":"","background-media":"","overlay-type":"","overlay-color":"","overlay-opacity":"","overlay-gradient":""},"mobile":{"background-color":"var(--ast-global-color-4)","background-image":"","background-repeat":"repeat","background-position":"center center","background-size":"auto","background-attachment":"scroll","background-type":"","background-media":"","overlay-type":"","overlay-color":"","overlay-opacity":"","overlay-gradient":""}}},"product_brand":[343],"product_cat":[161,194,162],"product_tag":[224],"class_list":{"0":"post-5226","1":"product","2":"type-product","3":"status-publish","4":"has-post-thumbnail","6":"product_brand-epson","7":"product_cat-epson","8":"product_cat-hardware","9":"product_cat-impresoras-epson","10":"product_tag-epson","11":"desktop-align-left","12":"tablet-align-left","13":"mobile-align-left","15":"first","16":"instock","17":"shipping-taxable","18":"product-type-simple"},"yoast_head":"<!-- This site is optimized with the Yoast SEO plugin v25.3 - https:\/\/yoast.com\/wordpress\/plugins\/seo\/ -->\n<title>Impresora Multifuncional L3250 - Tecplan<\/title>\n<meta name=\"robots\" content=\"index, follow, max-snippet:-1, max-image-preview:large, max-video-preview:-1\" \/>\n<link rel=\"canonical\" href=\"https:\/\/tecplan.com.es\/en\/product\/impresora-multifuncional-l3250\/\" \/>\n<meta property=\"og:locale\" content=\"en_US\" \/>\n<meta property=\"og:type\" content=\"article\" \/>\n<meta property=\"og:title\" content=\"Impresora Multifuncional L3250 - Tecplan\" \/>\n<meta property=\"og:description\" content=\"Impresora Multifuncional Inal\u00e1mbrica EcoTank L3250 Impresora multifuncional 3 en 1 Epson EcoTank L3250 ofrece a las familias, estudiantes y profesionales un costo de impresi\u00f3n ultra bajo, que te permite imprimir hasta 4.500 p\u00e1gina en negro o 7.500 p\u00e1ginas a color con cada juego de botellas de repuesto. La EcoTank L3250 ofrece total confiabilidad, recarga f\u00e1cil, limpia.\" \/>\n<meta property=\"og:url\" content=\"https:\/\/tecplan.com.es\/en\/product\/impresora-multifuncional-l3250\/\" \/>\n<meta property=\"og:site_name\" content=\"Tecplan\" \/>\n<meta property=\"article:modified_time\" content=\"2026-01-21T15:27:02+00:00\" \/>\n<meta property=\"og:image\" content=\"https:\/\/tecplan.com.es\/wp-content\/uploads\/2026\/01\/L3250.jpg\" \/>\n\t<meta property=\"og:image:width\" content=\"800\" \/>\n\t<meta property=\"og:image:height\" content=\"800\" \/>\n\t<meta property=\"og:image:type\" content=\"image\/jpeg\" \/>\n<meta name=\"twitter:card\" content=\"summary_large_image\" \/>\n<meta name=\"twitter:label1\" content=\"Est. reading time\" \/>\n\t<meta name=\"twitter:data1\" content=\"2 minutes\" \/>\n<script type=\"application\/ld+json\" class=\"yoast-schema-graph\">{\"@context\":\"https:\/\/schema.org\",\"@graph\":[{\"@type\":\"WebPage\",\"@id\":\"https:\/\/tecplan.com.es\/product\/impresora-multifuncional-l3250\/\",\"url\":\"https:\/\/tecplan.com.es\/product\/impresora-multifuncional-l3250\/\",\"name\":\"Impresora Multifuncional L3250 - Tecplan\",\"isPartOf\":{\"@id\":\"https:\/\/tecplan.com.es\/#website\"},\"primaryImageOfPage\":{\"@id\":\"https:\/\/tecplan.com.es\/product\/impresora-multifuncional-l3250\/#primaryimage\"},\"image\":{\"@id\":\"https:\/\/tecplan.com.es\/product\/impresora-multifuncional-l3250\/#primaryimage\"},\"thumbnailUrl\":\"https:\/\/tecplan.com.es\/wp-content\/uploads\/2026\/01\/L3250.jpg\",\"datePublished\":\"2026-01-20T19:45:56+00:00\",\"dateModified\":\"2026-01-21T15:27:02+00:00\",\"breadcrumb\":{\"@id\":\"https:\/\/tecplan.com.es\/product\/impresora-multifuncional-l3250\/#breadcrumb\"},\"inLanguage\":\"en-US\",\"potentialAction\":[{\"@type\":\"ReadAction\",\"target\":[\"https:\/\/tecplan.com.es\/product\/impresora-multifuncional-l3250\/\"]}]},{\"@type\":\"ImageObject\",\"inLanguage\":\"en-US\",\"@id\":\"https:\/\/tecplan.com.es\/product\/impresora-multifuncional-l3250\/#primaryimage\",\"url\":\"https:\/\/tecplan.com.es\/wp-content\/uploads\/2026\/01\/L3250.jpg\",\"contentUrl\":\"https:\/\/tecplan.com.es\/wp-content\/uploads\/2026\/01\/L3250.jpg\",\"width\":800,\"height\":800},{\"@type\":\"BreadcrumbList\",\"@id\":\"https:\/\/tecplan.com.es\/product\/impresora-multifuncional-l3250\/#breadcrumb\",\"itemListElement\":[{\"@type\":\"ListItem\",\"position\":1,\"name\":\"Home\",\"item\":\"https:\/\/tecplan.com.es\/\"},{\"@type\":\"ListItem\",\"position\":2,\"name\":\"Shop\",\"item\":\"https:\/\/tecplan.com.es\/shop\/\"},{\"@type\":\"ListItem\",\"position\":3,\"name\":\"Impresora Multifuncional L3250\"}]},{\"@type\":\"WebSite\",\"@id\":\"https:\/\/tecplan.com.es\/#website\",\"url\":\"https:\/\/tecplan.com.es\/\",\"name\":\"Tecplan\",\"description\":\"\",\"potentialAction\":[{\"@type\":\"SearchAction\",\"target\":{\"@type\":\"EntryPoint\",\"urlTemplate\":\"https:\/\/tecplan.com.es\/?s={search_term_string}\"},\"query-input\":{\"@type\":\"PropertyValueSpecification\",\"valueRequired\":true,\"valueName\":\"search_term_string\"}}],\"inLanguage\":\"en-US\"}]}<\/script>\n<!-- \/ Yoast SEO plugin. -->","yoast_head_json":{"title":"Impresora Multifuncional L3250 - Tecplan","robots":{"index":"index","follow":"follow","max-snippet":"max-snippet:-1","max-image-preview":"max-image-preview:large","max-video-preview":"max-video-preview:-1"},"canonical":"https:\/\/tecplan.com.es\/en\/product\/impresora-multifuncional-l3250\/","og_locale":"en_US","og_type":"article","og_title":"Impresora Multifuncional L3250 - Tecplan","og_description":"Impresora Multifuncional Inal\u00e1mbrica EcoTank L3250 Impresora multifuncional 3 en 1 Epson EcoTank L3250 ofrece a las familias, estudiantes y profesionales un costo de impresi\u00f3n ultra bajo, que te permite imprimir hasta 4.500 p\u00e1gina en negro o 7.500 p\u00e1ginas a color con cada juego de botellas de repuesto. La EcoTank L3250 ofrece total confiabilidad, recarga f\u00e1cil, limpia.","og_url":"https:\/\/tecplan.com.es\/en\/product\/impresora-multifuncional-l3250\/","og_site_name":"Tecplan","article_modified_time":"2026-01-21T15:27:02+00:00","og_image":[{"width":800,"height":800,"url":"https:\/\/tecplan.com.es\/wp-content\/uploads\/2026\/01\/L3250.jpg","type":"image\/jpeg"}],"twitter_card":"summary_large_image","twitter_misc":{"Est. reading time":"2 minutes"},"schema":{"@context":"https:\/\/schema.org","@graph":[{"@type":"WebPage","@id":"https:\/\/tecplan.com.es\/product\/impresora-multifuncional-l3250\/","url":"https:\/\/tecplan.com.es\/product\/impresora-multifuncional-l3250\/","name":"Impresora Multifuncional L3250 - Tecplan","isPartOf":{"@id":"https:\/\/tecplan.com.es\/#website"},"primaryImageOfPage":{"@id":"https:\/\/tecplan.com.es\/product\/impresora-multifuncional-l3250\/#primaryimage"},"image":{"@id":"https:\/\/tecplan.com.es\/product\/impresora-multifuncional-l3250\/#primaryimage"},"thumbnailUrl":"https:\/\/tecplan.com.es\/wp-content\/uploads\/2026\/01\/L3250.jpg","datePublished":"2026-01-20T19:45:56+00:00","dateModified":"2026-01-21T15:27:02+00:00","breadcrumb":{"@id":"https:\/\/tecplan.com.es\/product\/impresora-multifuncional-l3250\/#breadcrumb"},"inLanguage":"en-US","potentialAction":[{"@type":"ReadAction","target":["https:\/\/tecplan.com.es\/product\/impresora-multifuncional-l3250\/"]}]},{"@type":"ImageObject","inLanguage":"en-US","@id":"https:\/\/tecplan.com.es\/product\/impresora-multifuncional-l3250\/#primaryimage","url":"https:\/\/tecplan.com.es\/wp-content\/uploads\/2026\/01\/L3250.jpg","contentUrl":"https:\/\/tecplan.com.es\/wp-content\/uploads\/2026\/01\/L3250.jpg","width":800,"height":800},{"@type":"BreadcrumbList","@id":"https:\/\/tecplan.com.es\/product\/impresora-multifuncional-l3250\/#breadcrumb","itemListElement":[{"@type":"ListItem","position":1,"name":"Home","item":"https:\/\/tecplan.com.es\/"},{"@type":"ListItem","position":2,"name":"Shop","item":"https:\/\/tecplan.com.es\/shop\/"},{"@type":"ListItem","position":3,"name":"Impresora Multifuncional L3250"}]},{"@type":"WebSite","@id":"https:\/\/tecplan.com.es\/#website","url":"https:\/\/tecplan.com.es\/","name":"Tecplan","description":"","potentialAction":[{"@type":"SearchAction","target":{"@type":"EntryPoint","urlTemplate":"https:\/\/tecplan.com.es\/?s={search_term_string}"},"query-input":{"@type":"PropertyValueSpecification","valueRequired":true,"valueName":"search_term_string"}}],"inLanguage":"en-US"}]}},"_links":{"self":[{"href":"https:\/\/tecplan.com.es\/en\/wp-json\/wp\/v2\/product\/5226","targetHints":{"allow":["GET"]}}],"collection":[{"href":"https:\/\/tecplan.com.es\/en\/wp-json\/wp\/v2\/product"}],"about":[{"href":"https:\/\/tecplan.com.es\/en\/wp-json\/wp\/v2\/types\/product"}],"replies":[{"embeddable":true,"href":"https:\/\/tecplan.com.es\/en\/wp-json\/wp\/v2\/comments?post=5226"}],"version-history":[{"count":4,"href":"https:\/\/tecplan.com.es\/en\/wp-json\/wp\/v2\/product\/5226\/revisions"}],"predecessor-version":[{"id":5314,"href":"https:\/\/tecplan.com.es\/en\/wp-json\/wp\/v2\/product\/5226\/revisions\/5314"}],"wp:featuredmedia":[{"embeddable":true,"href":"https:\/\/tecplan.com.es\/en\/wp-json\/wp\/v2\/media\/5207"}],"wp:attachment":[{"href":"https:\/\/tecplan.com.es\/en\/wp-json\/wp\/v2\/media?parent=5226"}],"wp:term":[{"taxonomy":"product_brand","embeddable":true,"href":"https:\/\/tecplan.com.es\/en\/wp-json\/wp\/v2\/product_brand?post=5226"},{"taxonomy":"product_cat","embeddable":true,"href":"https:\/\/tecplan.com.es\/en\/wp-json\/wp\/v2\/product_cat?post=5226"},{"taxonomy":"product_tag","embeddable":true,"href":"https:\/\/tecplan.com.es\/en\/wp-json\/wp\/v2\/product_tag?post=5226"}],"curies":[{"name":"wp","href":"https:\/\/api.w.org\/{rel}","templated":true}]}}