{"id":5225,"date":"2026-01-20T19:45:56","date_gmt":"2026-01-20T19:45:56","guid":{"rendered":"https:\/\/tecplan.com.es\/product\/impresora-multifuncional-l6490\/"},"modified":"2026-01-20T23:45:46","modified_gmt":"2026-01-20T23:45:46","slug":"impresora-multifuncional-l6490","status":"publish","type":"product","link":"https:\/\/tecplan.com.es\/en\/product\/impresora-multifuncional-l6490\/","title":{"rendered":"Impresora Multifuncional L6490"},"content":{"rendered":"<p style=\"text-align: justify;\"><strong>Impresora Multifuncional Inal\u00e1mbrica EcoTank L6490<\/strong><\/p>\n<p style=\"text-align: justify;\">Multifuncional A4 perfecta para el ambiente de Home Office y grupos de trabajo peque\u00f1os<\/p>\n<ul>\n<li style=\"text-align: justify;\">La impresora multifuncional EcoTank L6490 tiene un dise\u00f1o compacto para impresiones r\u00e1pidas y a bajo costo con menos intervenciones y tiempo de inactividad.<\/li>\n<li style=\"text-align: justify;\">Cuenta con capacidad de hasta 250 hojas en las dos bandejas frontales con botellas de reemplazo de tinta que permiten imprimir hasta 7.500 p\u00e1ginas ISO (negro) y hasta 6.000<\/li>\n<li style=\"text-align: justify;\">p\u00e1ginas ISO (color). La L6490 tiene un ciclo de trabajo mensual de hasta 1.500 p\u00e1ginas al mes y un ciclo de trabajo m\u00e1ximo de hasta 20.000 p\u00e1ginas al mes.<\/li>\n<li style=\"text-align: justify;\">Velocidad de impresi\u00f3n: hasta 37\/23 ppm\u2020 (negro\/color) 17\/9,5 ISO ppm (negro\/color): salida r\u00e1pida de la primera hoja\u2020<\/li>\n<li style=\"text-align: justify;\">Ahorre y maximice la productividad: con botellas de tinta de reemplazo a bajo costo de hasta 7.500 p\u00e1ginas en negro\/6.000 en color1 maximice su tiempo de actividad.<\/li>\n<li style=\"text-align: justify;\">Dise\u00f1o compacto y elegante: dise\u00f1o compacto y botellas EcoFit\u2122, sistema inteligente de botellas codificadas y con llenado autom\u00e1tico para no generar derrames.<\/li>\n<li style=\"text-align: justify;\">Alta calidad de impresi\u00f3n: tintas DURABrite\u00ae Ultra ET de pigmento para obtener textos n\u00edtidos y gr\u00e1ficos vibrantes tanto en blanco y negro como en color.<\/li>\n<li style=\"text-align: justify;\">Gran versatilidad de funciones: con capacidad de fax, ADF, impresi\u00f3n autom\u00e1tica a doble cara, bandeja de papel de 250 hojas, pantalla t\u00e1ctil a color de 2,4\u201d, Ethernet y dise\u00f1o de salida boca abajo para mayor productividad y privacidad.<\/li>\n<li style=\"text-align: justify;\">Conectividad a la red segura y sencilla: funciones de seguridad integradas de Epson para proteger sus datos. Con\u00e9ctese con Wi-Fi\u00ae3, Wi-Fi Direct\u00ae e impresi\u00f3n activada por voz5.<\/li>\n<\/ul>\n<h5 style=\"text-align: justify;\"><span style=\"text-decoration: underline;\"><strong>DOWNLOADS<\/strong><\/span><\/h5>\n<ul style=\"text-align: justify;\">\n<li>\u2192\u00a0 <a href=\"https:\/\/drive.google.com\/file\/d\/1q_N01jHR58auWUUYPHy32zHt0Bjl3Tci\/view?usp=sharing\">Technical sheet<\/a><\/li>\n<\/ul>","protected":false},"excerpt":{"rendered":"<p style=\"text-align: justify;\"><strong>Impresora Multifuncional Inal\u00e1mbrica EcoTank L6490<\/strong><\/p>\n<p style=\"text-align: justify;\">La impresora multifuncional EcoTank L6490 tiene un dise\u00f1o compacto para impresiones r\u00e1pidas y a bajo costo con menos intervenciones y tiempo de inactividad. Cuenta con capacidad de hasta 250 hojas permite imprimir hasta 7.500 p\u00e1ginas ISO (negro) y hasta 6.000 p\u00e1g. ISO (color) y un ciclo mensual de 1.500 p\u00e1g. al mes.<\/p>\n<p>https:\/\/epson.co.cr\/Para-el-trabajo\/Impresoras\/Inyecci%C3%B3n-de-Tinta\/Impresora-Multifuncional-Inal%C3%A1mbrica-EcoTank-L6490\/p\/C11CJ88301<\/p>","protected":false},"featured_media":5196,"comment_status":"open","ping_status":"closed","template":"","meta":{"site-sidebar-layout":"default","site-content-layout":"","ast-site-content-layout":"default","site-content-style":"default","site-sidebar-style":"default","ast-global-header-display":"","ast-banner-title-visibility":"","ast-main-header-display":"","ast-hfb-above-header-display":"","ast-hfb-below-header-display":"","ast-hfb-mobile-header-display":"","site-post-title":"","ast-breadcrumbs-content":"","ast-featured-img":"","footer-sml-layout":"","ast-disable-related-posts":"","theme-transparent-header-meta":"default","adv-header-id-meta":"","stick-header-meta":"","header-above-stick-meta":"","header-main-stick-meta":"","header-below-stick-meta":"","astra-migrate-meta-layouts":"set","ast-page-background-enabled":"default","ast-page-background-meta":{"desktop":{"background-color":"var(--ast-global-color-5)","background-image":"","background-repeat":"repeat","background-position":"center center","background-size":"auto","background-attachment":"scroll","background-type":"","background-media":"","overlay-type":"","overlay-color":"","overlay-opacity":"","overlay-gradient":""},"tablet":{"background-color":"","background-image":"","background-repeat":"repeat","background-position":"center center","background-size":"auto","background-attachment":"scroll","background-type":"","background-media":"","overlay-type":"","overlay-color":"","overlay-opacity":"","overlay-gradient":""},"mobile":{"background-color":"","background-image":"","background-repeat":"repeat","background-position":"center center","background-size":"auto","background-attachment":"scroll","background-type":"","background-media":"","overlay-type":"","overlay-color":"","overlay-opacity":"","overlay-gradient":""}},"ast-content-background-meta":{"desktop":{"background-color":"var(--ast-global-color-4)","background-image":"","background-repeat":"repeat","background-position":"center center","background-size":"auto","background-attachment":"scroll","background-type":"","background-media":"","overlay-type":"","overlay-color":"","overlay-opacity":"","overlay-gradient":""},"tablet":{"background-color":"var(--ast-global-color-4)","background-image":"","background-repeat":"repeat","background-position":"center center","background-size":"auto","background-attachment":"scroll","background-type":"","background-media":"","overlay-type":"","overlay-color":"","overlay-opacity":"","overlay-gradient":""},"mobile":{"background-color":"var(--ast-global-color-4)","background-image":"","background-repeat":"repeat","background-position":"center center","background-size":"auto","background-attachment":"scroll","background-type":"","background-media":"","overlay-type":"","overlay-color":"","overlay-opacity":"","overlay-gradient":""}}},"product_brand":[343],"product_cat":[161,194,162],"product_tag":[224],"class_list":{"0":"post-5225","1":"product","2":"type-product","3":"status-publish","4":"has-post-thumbnail","6":"product_brand-epson","7":"product_cat-epson","8":"product_cat-hardware","9":"product_cat-impresoras-epson","10":"product_tag-epson","11":"desktop-align-left","12":"tablet-align-left","13":"mobile-align-left","15":"first","16":"instock","17":"shipping-taxable","18":"product-type-simple"},"yoast_head":"<!-- This site is optimized with the Yoast SEO plugin v25.3 - https:\/\/yoast.com\/wordpress\/plugins\/seo\/ -->\n<title>Impresora Multifuncional L6490 - Tecplan<\/title>\n<meta name=\"robots\" content=\"index, follow, max-snippet:-1, max-image-preview:large, max-video-preview:-1\" \/>\n<link rel=\"canonical\" href=\"https:\/\/tecplan.com.es\/en\/product\/impresora-multifuncional-l6490\/\" \/>\n<meta property=\"og:locale\" content=\"en_US\" \/>\n<meta property=\"og:type\" content=\"article\" \/>\n<meta property=\"og:title\" content=\"Impresora Multifuncional L6490 - Tecplan\" \/>\n<meta property=\"og:description\" content=\"Impresora Multifuncional Inal\u00e1mbrica EcoTank L6490 La impresora multifuncional EcoTank L6490 tiene un dise\u00f1o compacto para impresiones r\u00e1pidas y a bajo costo con menos intervenciones y tiempo de inactividad. Cuenta con capacidad de hasta 250 hojas permite imprimir hasta 7.500 p\u00e1ginas ISO (negro) y hasta 6.000 p\u00e1g. ISO (color) y un ciclo mensual de 1.500 p\u00e1g. al mes. https:\/\/epson.co.cr\/Para-el-trabajo\/Impresoras\/Inyecci%C3%B3n-de-Tinta\/Impresora-Multifuncional-Inal%C3%A1mbrica-EcoTank-L6490\/p\/C11CJ88301\" \/>\n<meta property=\"og:url\" content=\"https:\/\/tecplan.com.es\/en\/product\/impresora-multifuncional-l6490\/\" \/>\n<meta property=\"og:site_name\" content=\"Tecplan\" \/>\n<meta property=\"article:modified_time\" content=\"2026-01-20T23:45:46+00:00\" \/>\n<meta property=\"og:image\" content=\"https:\/\/tecplan.com.es\/wp-content\/uploads\/2026\/01\/Printer-L6490-1.jpg\" \/>\n\t<meta property=\"og:image:width\" content=\"1200\" \/>\n\t<meta property=\"og:image:height\" content=\"1215\" \/>\n\t<meta property=\"og:image:type\" content=\"image\/jpeg\" \/>\n<meta name=\"twitter:card\" content=\"summary_large_image\" \/>\n<meta name=\"twitter:label1\" content=\"Est. reading time\" \/>\n\t<meta name=\"twitter:data1\" content=\"2 minutes\" \/>\n<script type=\"application\/ld+json\" class=\"yoast-schema-graph\">{\"@context\":\"https:\/\/schema.org\",\"@graph\":[{\"@type\":\"WebPage\",\"@id\":\"https:\/\/tecplan.com.es\/product\/impresora-multifuncional-l6490\/\",\"url\":\"https:\/\/tecplan.com.es\/product\/impresora-multifuncional-l6490\/\",\"name\":\"Impresora Multifuncional L6490 - Tecplan\",\"isPartOf\":{\"@id\":\"https:\/\/tecplan.com.es\/#website\"},\"primaryImageOfPage\":{\"@id\":\"https:\/\/tecplan.com.es\/product\/impresora-multifuncional-l6490\/#primaryimage\"},\"image\":{\"@id\":\"https:\/\/tecplan.com.es\/product\/impresora-multifuncional-l6490\/#primaryimage\"},\"thumbnailUrl\":\"https:\/\/tecplan.com.es\/wp-content\/uploads\/2026\/01\/Printer-L6490-1.jpg\",\"datePublished\":\"2026-01-20T19:45:56+00:00\",\"dateModified\":\"2026-01-20T23:45:46+00:00\",\"breadcrumb\":{\"@id\":\"https:\/\/tecplan.com.es\/product\/impresora-multifuncional-l6490\/#breadcrumb\"},\"inLanguage\":\"en-US\",\"potentialAction\":[{\"@type\":\"ReadAction\",\"target\":[\"https:\/\/tecplan.com.es\/product\/impresora-multifuncional-l6490\/\"]}]},{\"@type\":\"ImageObject\",\"inLanguage\":\"en-US\",\"@id\":\"https:\/\/tecplan.com.es\/product\/impresora-multifuncional-l6490\/#primaryimage\",\"url\":\"https:\/\/tecplan.com.es\/wp-content\/uploads\/2026\/01\/Printer-L6490-1.jpg\",\"contentUrl\":\"https:\/\/tecplan.com.es\/wp-content\/uploads\/2026\/01\/Printer-L6490-1.jpg\",\"width\":1200,\"height\":1215},{\"@type\":\"BreadcrumbList\",\"@id\":\"https:\/\/tecplan.com.es\/product\/impresora-multifuncional-l6490\/#breadcrumb\",\"itemListElement\":[{\"@type\":\"ListItem\",\"position\":1,\"name\":\"Home\",\"item\":\"https:\/\/tecplan.com.es\/\"},{\"@type\":\"ListItem\",\"position\":2,\"name\":\"Shop\",\"item\":\"https:\/\/tecplan.com.es\/shop\/\"},{\"@type\":\"ListItem\",\"position\":3,\"name\":\"Impresora Multifuncional L6490\"}]},{\"@type\":\"WebSite\",\"@id\":\"https:\/\/tecplan.com.es\/#website\",\"url\":\"https:\/\/tecplan.com.es\/\",\"name\":\"Tecplan\",\"description\":\"\",\"potentialAction\":[{\"@type\":\"SearchAction\",\"target\":{\"@type\":\"EntryPoint\",\"urlTemplate\":\"https:\/\/tecplan.com.es\/?s={search_term_string}\"},\"query-input\":{\"@type\":\"PropertyValueSpecification\",\"valueRequired\":true,\"valueName\":\"search_term_string\"}}],\"inLanguage\":\"en-US\"}]}<\/script>\n<!-- \/ Yoast SEO plugin. -->","yoast_head_json":{"title":"Impresora Multifuncional L6490 - Tecplan","robots":{"index":"index","follow":"follow","max-snippet":"max-snippet:-1","max-image-preview":"max-image-preview:large","max-video-preview":"max-video-preview:-1"},"canonical":"https:\/\/tecplan.com.es\/en\/product\/impresora-multifuncional-l6490\/","og_locale":"en_US","og_type":"article","og_title":"Impresora Multifuncional L6490 - Tecplan","og_description":"Impresora Multifuncional Inal\u00e1mbrica EcoTank L6490 La impresora multifuncional EcoTank L6490 tiene un dise\u00f1o compacto para impresiones r\u00e1pidas y a bajo costo con menos intervenciones y tiempo de inactividad. Cuenta con capacidad de hasta 250 hojas permite imprimir hasta 7.500 p\u00e1ginas ISO (negro) y hasta 6.000 p\u00e1g. ISO (color) y un ciclo mensual de 1.500 p\u00e1g. al mes. https:\/\/epson.co.cr\/Para-el-trabajo\/Impresoras\/Inyecci%C3%B3n-de-Tinta\/Impresora-Multifuncional-Inal%C3%A1mbrica-EcoTank-L6490\/p\/C11CJ88301","og_url":"https:\/\/tecplan.com.es\/en\/product\/impresora-multifuncional-l6490\/","og_site_name":"Tecplan","article_modified_time":"2026-01-20T23:45:46+00:00","og_image":[{"width":1200,"height":1215,"url":"https:\/\/tecplan.com.es\/wp-content\/uploads\/2026\/01\/Printer-L6490-1.jpg","type":"image\/jpeg"}],"twitter_card":"summary_large_image","twitter_misc":{"Est. reading time":"2 minutes"},"schema":{"@context":"https:\/\/schema.org","@graph":[{"@type":"WebPage","@id":"https:\/\/tecplan.com.es\/product\/impresora-multifuncional-l6490\/","url":"https:\/\/tecplan.com.es\/product\/impresora-multifuncional-l6490\/","name":"Impresora Multifuncional L6490 - Tecplan","isPartOf":{"@id":"https:\/\/tecplan.com.es\/#website"},"primaryImageOfPage":{"@id":"https:\/\/tecplan.com.es\/product\/impresora-multifuncional-l6490\/#primaryimage"},"image":{"@id":"https:\/\/tecplan.com.es\/product\/impresora-multifuncional-l6490\/#primaryimage"},"thumbnailUrl":"https:\/\/tecplan.com.es\/wp-content\/uploads\/2026\/01\/Printer-L6490-1.jpg","datePublished":"2026-01-20T19:45:56+00:00","dateModified":"2026-01-20T23:45:46+00:00","breadcrumb":{"@id":"https:\/\/tecplan.com.es\/product\/impresora-multifuncional-l6490\/#breadcrumb"},"inLanguage":"en-US","potentialAction":[{"@type":"ReadAction","target":["https:\/\/tecplan.com.es\/product\/impresora-multifuncional-l6490\/"]}]},{"@type":"ImageObject","inLanguage":"en-US","@id":"https:\/\/tecplan.com.es\/product\/impresora-multifuncional-l6490\/#primaryimage","url":"https:\/\/tecplan.com.es\/wp-content\/uploads\/2026\/01\/Printer-L6490-1.jpg","contentUrl":"https:\/\/tecplan.com.es\/wp-content\/uploads\/2026\/01\/Printer-L6490-1.jpg","width":1200,"height":1215},{"@type":"BreadcrumbList","@id":"https:\/\/tecplan.com.es\/product\/impresora-multifuncional-l6490\/#breadcrumb","itemListElement":[{"@type":"ListItem","position":1,"name":"Home","item":"https:\/\/tecplan.com.es\/"},{"@type":"ListItem","position":2,"name":"Shop","item":"https:\/\/tecplan.com.es\/shop\/"},{"@type":"ListItem","position":3,"name":"Impresora Multifuncional L6490"}]},{"@type":"WebSite","@id":"https:\/\/tecplan.com.es\/#website","url":"https:\/\/tecplan.com.es\/","name":"Tecplan","description":"","potentialAction":[{"@type":"SearchAction","target":{"@type":"EntryPoint","urlTemplate":"https:\/\/tecplan.com.es\/?s={search_term_string}"},"query-input":{"@type":"PropertyValueSpecification","valueRequired":true,"valueName":"search_term_string"}}],"inLanguage":"en-US"}]}},"_links":{"self":[{"href":"https:\/\/tecplan.com.es\/en\/wp-json\/wp\/v2\/product\/5225","targetHints":{"allow":["GET"]}}],"collection":[{"href":"https:\/\/tecplan.com.es\/en\/wp-json\/wp\/v2\/product"}],"about":[{"href":"https:\/\/tecplan.com.es\/en\/wp-json\/wp\/v2\/types\/product"}],"replies":[{"embeddable":true,"href":"https:\/\/tecplan.com.es\/en\/wp-json\/wp\/v2\/comments?post=5225"}],"version-history":[{"count":2,"href":"https:\/\/tecplan.com.es\/en\/wp-json\/wp\/v2\/product\/5225\/revisions"}],"predecessor-version":[{"id":5312,"href":"https:\/\/tecplan.com.es\/en\/wp-json\/wp\/v2\/product\/5225\/revisions\/5312"}],"wp:featuredmedia":[{"embeddable":true,"href":"https:\/\/tecplan.com.es\/en\/wp-json\/wp\/v2\/media\/5196"}],"wp:attachment":[{"href":"https:\/\/tecplan.com.es\/en\/wp-json\/wp\/v2\/media?parent=5225"}],"wp:term":[{"taxonomy":"product_brand","embeddable":true,"href":"https:\/\/tecplan.com.es\/en\/wp-json\/wp\/v2\/product_brand?post=5225"},{"taxonomy":"product_cat","embeddable":true,"href":"https:\/\/tecplan.com.es\/en\/wp-json\/wp\/v2\/product_cat?post=5225"},{"taxonomy":"product_tag","embeddable":true,"href":"https:\/\/tecplan.com.es\/en\/wp-json\/wp\/v2\/product_tag?post=5225"}],"curies":[{"name":"wp","href":"https:\/\/api.w.org\/{rel}","templated":true}]}}