{"id":5224,"date":"2026-01-20T19:45:55","date_gmt":"2026-01-20T19:45:55","guid":{"rendered":"https:\/\/tecplan.com.es\/product\/impresora-epson-pro-wf-c579r\/"},"modified":"2026-01-20T23:08:45","modified_gmt":"2026-01-20T23:08:45","slug":"impresora-epson-pro-wf-c579r","status":"publish","type":"product","link":"https:\/\/tecplan.com.es\/en\/product\/impresora-epson-pro-wf-c579r\/","title":{"rendered":"Impresora Epson Pro WF-C579R"},"content":{"rendered":"<p style=\"text-align: justify;\"><strong>Impresora Epson WF-C579R<\/strong><\/p>\n<p><strong>Caracter\u00edsticas principales<\/strong><\/p>\n<ul>\n<li style=\"text-align: justify;\">Cuida su presupuesto \u2013bajos costos de impresi\u00f3n a color.<\/li>\n<li style=\"text-align: justify;\">Sistema de tinta de alta capacidad: el sistema de bolsas de tinta reemplazable le permite imprimir hasta 50.000 p\u00e1ginas ISO (negro)\/20.000 p\u00e1ginas ISO (color), sin cambiar las bolsas de tinta y de manera f\u00e1cil por medio de la bandeja de papel frontal.<\/li>\n<li style=\"text-align: justify;\">Soluciones para gesti\u00f3n: Epson Open Platform permite una integraci\u00f3n perfecta con soluciones como Epson Print Admin, Equitrac y otras soluciones empresariales. Compatible con otras aplicaciones de Epson como Epson Device<\/li>\n<li style=\"text-align: justify;\">Admin y Document Capture Pro.<\/li>\n<li style=\"text-align: justify;\">Ahorra energ\u00eda: bajo consumo de energ\u00eda.<\/li>\n<li style=\"text-align: justify;\">Rendimiento m\u00e1s all\u00e1 del l\u00e1ser: impresi\u00f3n a color de alta productividad con la tecnolog\u00eda PrecisionCore\u00ae.<\/li>\n<li style=\"text-align: justify;\">Impresiones r\u00e1pidas; sin tiempo de calentamiento: 24 ppm en ISO (negro \/color)\u2020 una r\u00e1pida impresi\u00f3n de la primera p\u00e1gina. Alimentador autom\u00e1tico de 50 p\u00e1ginas, impresi\u00f3n a doble cara, copiado, escaneo y env\u00edo de fax.<\/li>\n<li style=\"text-align: justify;\">Compacta para mejorar la productividad: dise\u00f1o compacto gracias al sistema de bolsas de tinta reemplazables (RIPS) para una estaci\u00f3n de trabajo eficiente y optimizada.<\/li>\n<li style=\"text-align: justify;\">Minimiza las intervenciones: menos partes para reemplazar se traducen en menos intervenciones.<\/li>\n<li style=\"text-align: justify;\">Interfaz f\u00e1cil de usar: la pantalla LCD t\u00e1ctil de 4,3&#8243; ofrece una interfaz limpia y f\u00e1cil de usar con menos botones f\u00edsicos.<\/li>\n<li style=\"text-align: justify;\">Alta capacidad de papel (con bandeja opcional): capacidad de papel de hasta 1.330 p\u00e1ginas con las bandejas opcionales.<\/li>\n<\/ul>\n<h5 style=\"text-align: justify;\"><span style=\"text-decoration: underline;\"><strong>DOWNLOADS<\/strong><\/span><\/h5>\n<ul style=\"text-align: justify;\">\n<li>\u2192\u00a0 <a href=\"https:\/\/drive.google.com\/file\/d\/17Jc7v-dbF1ikQcgUIPW1aa4T8LQeL6hd\/view?usp=sharing\">Technical sheet<\/a><\/li>\n<\/ul>\n<div class=\"ast-oembed-container\" style=\"height: 100%;\"><iframe title=\"Impresoras Epson WorkForce Pro WF-C579R\" width=\"500\" height=\"281\" src=\"https:\/\/www.youtube.com\/embed\/9YOFn7Vanuw?start=2&#038;feature=oembed\" frameborder=\"0\" allow=\"accelerometer; autoplay; clipboard-write; encrypted-media; gyroscope; picture-in-picture; web-share\" referrerpolicy=\"strict-origin-when-cross-origin\" allowfullscreen><\/iframe><\/div>","protected":false},"excerpt":{"rendered":"<p style=\"text-align: justify;\"><strong>Impresora Epson WorkForce Pro WF-C579R<\/strong><\/p>\n<p style=\"text-align: justify;\">Impresora multifuncional de alta calidad. Con tecnolog\u00eda de inyecci\u00f3n de tinta PrecisionCore\u00ae, cuenta con la nueva generaci\u00f3n de Sistema de Bolsa de Tintas Reemplazables (RIPS) con capacidad para imprimir hasta 50.000 p\u00e1ginas ISO en color negro \/ 20.000.<\/p>\n<p><img decoding=\"async\" class=\"wp-image-5292 aligncenter\" src=\"https:\/\/tecplan.com.es\/wp-content\/uploads\/2026\/01\/Logo-Epson-300x74.png\" alt=\"\" width=\"128\" height=\"27\" \/><\/p>","protected":false},"featured_media":5195,"comment_status":"open","ping_status":"closed","template":"","meta":{"site-sidebar-layout":"default","site-content-layout":"","ast-site-content-layout":"default","site-content-style":"default","site-sidebar-style":"default","ast-global-header-display":"","ast-banner-title-visibility":"","ast-main-header-display":"","ast-hfb-above-header-display":"","ast-hfb-below-header-display":"","ast-hfb-mobile-header-display":"","site-post-title":"","ast-breadcrumbs-content":"","ast-featured-img":"","footer-sml-layout":"","ast-disable-related-posts":"","theme-transparent-header-meta":"default","adv-header-id-meta":"","stick-header-meta":"","header-above-stick-meta":"","header-main-stick-meta":"","header-below-stick-meta":"","astra-migrate-meta-layouts":"set","ast-page-background-enabled":"default","ast-page-background-meta":{"desktop":{"background-color":"var(--ast-global-color-5)","background-image":"","background-repeat":"repeat","background-position":"center center","background-size":"auto","background-attachment":"scroll","background-type":"","background-media":"","overlay-type":"","overlay-color":"","overlay-opacity":"","overlay-gradient":""},"tablet":{"background-color":"","background-image":"","background-repeat":"repeat","background-position":"center center","background-size":"auto","background-attachment":"scroll","background-type":"","background-media":"","overlay-type":"","overlay-color":"","overlay-opacity":"","overlay-gradient":""},"mobile":{"background-color":"","background-image":"","background-repeat":"repeat","background-position":"center center","background-size":"auto","background-attachment":"scroll","background-type":"","background-media":"","overlay-type":"","overlay-color":"","overlay-opacity":"","overlay-gradient":""}},"ast-content-background-meta":{"desktop":{"background-color":"var(--ast-global-color-4)","background-image":"","background-repeat":"repeat","background-position":"center center","background-size":"auto","background-attachment":"scroll","background-type":"","background-media":"","overlay-type":"","overlay-color":"","overlay-opacity":"","overlay-gradient":""},"tablet":{"background-color":"var(--ast-global-color-4)","background-image":"","background-repeat":"repeat","background-position":"center center","background-size":"auto","background-attachment":"scroll","background-type":"","background-media":"","overlay-type":"","overlay-color":"","overlay-opacity":"","overlay-gradient":""},"mobile":{"background-color":"var(--ast-global-color-4)","background-image":"","background-repeat":"repeat","background-position":"center center","background-size":"auto","background-attachment":"scroll","background-type":"","background-media":"","overlay-type":"","overlay-color":"","overlay-opacity":"","overlay-gradient":""}}},"product_brand":[343],"product_cat":[161,194,162],"product_tag":[224],"class_list":{"0":"post-5224","1":"product","2":"type-product","3":"status-publish","4":"has-post-thumbnail","6":"product_brand-epson","7":"product_cat-epson","8":"product_cat-hardware","9":"product_cat-impresoras-epson","10":"product_tag-epson","11":"desktop-align-left","12":"tablet-align-left","13":"mobile-align-left","15":"first","16":"instock","17":"shipping-taxable","18":"product-type-simple"},"yoast_head":"<!-- This site is optimized with the Yoast SEO plugin v25.3 - https:\/\/yoast.com\/wordpress\/plugins\/seo\/ -->\n<title>Impresora Epson Pro WF-C579R - Tecplan<\/title>\n<meta name=\"robots\" content=\"index, follow, max-snippet:-1, max-image-preview:large, max-video-preview:-1\" \/>\n<link rel=\"canonical\" href=\"https:\/\/tecplan.com.es\/en\/product\/impresora-epson-pro-wf-c579r\/\" \/>\n<meta property=\"og:locale\" content=\"en_US\" \/>\n<meta property=\"og:type\" content=\"article\" \/>\n<meta property=\"og:title\" content=\"Impresora Epson Pro WF-C579R - Tecplan\" \/>\n<meta property=\"og:description\" content=\"Impresora Epson WorkForce Pro WF-C579R Impresora multifuncional de alta calidad. Con tecnolog\u00eda de inyecci\u00f3n de tinta PrecisionCore\u00ae, cuenta con la nueva generaci\u00f3n de Sistema de Bolsa de Tintas Reemplazables (RIPS) con capacidad para imprimir hasta 50.000 p\u00e1ginas ISO en color negro \/ 20.000.\" \/>\n<meta property=\"og:url\" content=\"https:\/\/tecplan.com.es\/en\/product\/impresora-epson-pro-wf-c579r\/\" \/>\n<meta property=\"og:site_name\" content=\"Tecplan\" \/>\n<meta property=\"article:modified_time\" content=\"2026-01-20T23:08:45+00:00\" \/>\n<meta property=\"og:image\" content=\"https:\/\/tecplan.com.es\/wp-content\/uploads\/2026\/01\/WorkForce_Pro_WF-C579R_1-1.jpg\" \/>\n\t<meta property=\"og:image:width\" content=\"690\" \/>\n\t<meta property=\"og:image:height\" content=\"460\" \/>\n\t<meta property=\"og:image:type\" content=\"image\/jpeg\" \/>\n<meta name=\"twitter:card\" content=\"summary_large_image\" \/>\n<meta name=\"twitter:label1\" content=\"Est. reading time\" \/>\n\t<meta name=\"twitter:data1\" content=\"2 minutes\" \/>\n<script type=\"application\/ld+json\" class=\"yoast-schema-graph\">{\"@context\":\"https:\/\/schema.org\",\"@graph\":[{\"@type\":\"WebPage\",\"@id\":\"https:\/\/tecplan.com.es\/product\/impresora-epson-pro-wf-c579r\/\",\"url\":\"https:\/\/tecplan.com.es\/product\/impresora-epson-pro-wf-c579r\/\",\"name\":\"Impresora Epson Pro WF-C579R - Tecplan\",\"isPartOf\":{\"@id\":\"https:\/\/tecplan.com.es\/#website\"},\"primaryImageOfPage\":{\"@id\":\"https:\/\/tecplan.com.es\/product\/impresora-epson-pro-wf-c579r\/#primaryimage\"},\"image\":{\"@id\":\"https:\/\/tecplan.com.es\/product\/impresora-epson-pro-wf-c579r\/#primaryimage\"},\"thumbnailUrl\":\"https:\/\/tecplan.com.es\/wp-content\/uploads\/2026\/01\/WorkForce_Pro_WF-C579R_1-1.jpg\",\"datePublished\":\"2026-01-20T19:45:55+00:00\",\"dateModified\":\"2026-01-20T23:08:45+00:00\",\"breadcrumb\":{\"@id\":\"https:\/\/tecplan.com.es\/product\/impresora-epson-pro-wf-c579r\/#breadcrumb\"},\"inLanguage\":\"en-US\",\"potentialAction\":[{\"@type\":\"ReadAction\",\"target\":[\"https:\/\/tecplan.com.es\/product\/impresora-epson-pro-wf-c579r\/\"]}]},{\"@type\":\"ImageObject\",\"inLanguage\":\"en-US\",\"@id\":\"https:\/\/tecplan.com.es\/product\/impresora-epson-pro-wf-c579r\/#primaryimage\",\"url\":\"https:\/\/tecplan.com.es\/wp-content\/uploads\/2026\/01\/WorkForce_Pro_WF-C579R_1-1.jpg\",\"contentUrl\":\"https:\/\/tecplan.com.es\/wp-content\/uploads\/2026\/01\/WorkForce_Pro_WF-C579R_1-1.jpg\",\"width\":690,\"height\":460},{\"@type\":\"BreadcrumbList\",\"@id\":\"https:\/\/tecplan.com.es\/product\/impresora-epson-pro-wf-c579r\/#breadcrumb\",\"itemListElement\":[{\"@type\":\"ListItem\",\"position\":1,\"name\":\"Home\",\"item\":\"https:\/\/tecplan.com.es\/\"},{\"@type\":\"ListItem\",\"position\":2,\"name\":\"Shop\",\"item\":\"https:\/\/tecplan.com.es\/shop\/\"},{\"@type\":\"ListItem\",\"position\":3,\"name\":\"Impresora Epson Pro WF-C579R\"}]},{\"@type\":\"WebSite\",\"@id\":\"https:\/\/tecplan.com.es\/#website\",\"url\":\"https:\/\/tecplan.com.es\/\",\"name\":\"Tecplan\",\"description\":\"\",\"potentialAction\":[{\"@type\":\"SearchAction\",\"target\":{\"@type\":\"EntryPoint\",\"urlTemplate\":\"https:\/\/tecplan.com.es\/?s={search_term_string}\"},\"query-input\":{\"@type\":\"PropertyValueSpecification\",\"valueRequired\":true,\"valueName\":\"search_term_string\"}}],\"inLanguage\":\"en-US\"}]}<\/script>\n<!-- \/ Yoast SEO plugin. -->","yoast_head_json":{"title":"Impresora Epson Pro WF-C579R - Tecplan","robots":{"index":"index","follow":"follow","max-snippet":"max-snippet:-1","max-image-preview":"max-image-preview:large","max-video-preview":"max-video-preview:-1"},"canonical":"https:\/\/tecplan.com.es\/en\/product\/impresora-epson-pro-wf-c579r\/","og_locale":"en_US","og_type":"article","og_title":"Impresora Epson Pro WF-C579R - Tecplan","og_description":"Impresora Epson WorkForce Pro WF-C579R Impresora multifuncional de alta calidad. Con tecnolog\u00eda de inyecci\u00f3n de tinta PrecisionCore\u00ae, cuenta con la nueva generaci\u00f3n de Sistema de Bolsa de Tintas Reemplazables (RIPS) con capacidad para imprimir hasta 50.000 p\u00e1ginas ISO en color negro \/ 20.000.","og_url":"https:\/\/tecplan.com.es\/en\/product\/impresora-epson-pro-wf-c579r\/","og_site_name":"Tecplan","article_modified_time":"2026-01-20T23:08:45+00:00","og_image":[{"width":690,"height":460,"url":"https:\/\/tecplan.com.es\/wp-content\/uploads\/2026\/01\/WorkForce_Pro_WF-C579R_1-1.jpg","type":"image\/jpeg"}],"twitter_card":"summary_large_image","twitter_misc":{"Est. reading time":"2 minutes"},"schema":{"@context":"https:\/\/schema.org","@graph":[{"@type":"WebPage","@id":"https:\/\/tecplan.com.es\/product\/impresora-epson-pro-wf-c579r\/","url":"https:\/\/tecplan.com.es\/product\/impresora-epson-pro-wf-c579r\/","name":"Impresora Epson Pro WF-C579R - Tecplan","isPartOf":{"@id":"https:\/\/tecplan.com.es\/#website"},"primaryImageOfPage":{"@id":"https:\/\/tecplan.com.es\/product\/impresora-epson-pro-wf-c579r\/#primaryimage"},"image":{"@id":"https:\/\/tecplan.com.es\/product\/impresora-epson-pro-wf-c579r\/#primaryimage"},"thumbnailUrl":"https:\/\/tecplan.com.es\/wp-content\/uploads\/2026\/01\/WorkForce_Pro_WF-C579R_1-1.jpg","datePublished":"2026-01-20T19:45:55+00:00","dateModified":"2026-01-20T23:08:45+00:00","breadcrumb":{"@id":"https:\/\/tecplan.com.es\/product\/impresora-epson-pro-wf-c579r\/#breadcrumb"},"inLanguage":"en-US","potentialAction":[{"@type":"ReadAction","target":["https:\/\/tecplan.com.es\/product\/impresora-epson-pro-wf-c579r\/"]}]},{"@type":"ImageObject","inLanguage":"en-US","@id":"https:\/\/tecplan.com.es\/product\/impresora-epson-pro-wf-c579r\/#primaryimage","url":"https:\/\/tecplan.com.es\/wp-content\/uploads\/2026\/01\/WorkForce_Pro_WF-C579R_1-1.jpg","contentUrl":"https:\/\/tecplan.com.es\/wp-content\/uploads\/2026\/01\/WorkForce_Pro_WF-C579R_1-1.jpg","width":690,"height":460},{"@type":"BreadcrumbList","@id":"https:\/\/tecplan.com.es\/product\/impresora-epson-pro-wf-c579r\/#breadcrumb","itemListElement":[{"@type":"ListItem","position":1,"name":"Home","item":"https:\/\/tecplan.com.es\/"},{"@type":"ListItem","position":2,"name":"Shop","item":"https:\/\/tecplan.com.es\/shop\/"},{"@type":"ListItem","position":3,"name":"Impresora Epson Pro WF-C579R"}]},{"@type":"WebSite","@id":"https:\/\/tecplan.com.es\/#website","url":"https:\/\/tecplan.com.es\/","name":"Tecplan","description":"","potentialAction":[{"@type":"SearchAction","target":{"@type":"EntryPoint","urlTemplate":"https:\/\/tecplan.com.es\/?s={search_term_string}"},"query-input":{"@type":"PropertyValueSpecification","valueRequired":true,"valueName":"search_term_string"}}],"inLanguage":"en-US"}]}},"_links":{"self":[{"href":"https:\/\/tecplan.com.es\/en\/wp-json\/wp\/v2\/product\/5224","targetHints":{"allow":["GET"]}}],"collection":[{"href":"https:\/\/tecplan.com.es\/en\/wp-json\/wp\/v2\/product"}],"about":[{"href":"https:\/\/tecplan.com.es\/en\/wp-json\/wp\/v2\/types\/product"}],"replies":[{"embeddable":true,"href":"https:\/\/tecplan.com.es\/en\/wp-json\/wp\/v2\/comments?post=5224"}],"version-history":[{"count":3,"href":"https:\/\/tecplan.com.es\/en\/wp-json\/wp\/v2\/product\/5224\/revisions"}],"predecessor-version":[{"id":5290,"href":"https:\/\/tecplan.com.es\/en\/wp-json\/wp\/v2\/product\/5224\/revisions\/5290"}],"wp:featuredmedia":[{"embeddable":true,"href":"https:\/\/tecplan.com.es\/en\/wp-json\/wp\/v2\/media\/5195"}],"wp:attachment":[{"href":"https:\/\/tecplan.com.es\/en\/wp-json\/wp\/v2\/media?parent=5224"}],"wp:term":[{"taxonomy":"product_brand","embeddable":true,"href":"https:\/\/tecplan.com.es\/en\/wp-json\/wp\/v2\/product_brand?post=5224"},{"taxonomy":"product_cat","embeddable":true,"href":"https:\/\/tecplan.com.es\/en\/wp-json\/wp\/v2\/product_cat?post=5224"},{"taxonomy":"product_tag","embeddable":true,"href":"https:\/\/tecplan.com.es\/en\/wp-json\/wp\/v2\/product_tag?post=5224"}],"curies":[{"name":"wp","href":"https:\/\/api.w.org\/{rel}","templated":true}]}}