{"id":5223,"date":"2026-01-20T19:45:55","date_gmt":"2026-01-20T19:45:55","guid":{"rendered":"https:\/\/tecplan.com.es\/product\/impresora-epson-am-c4000-color\/"},"modified":"2026-01-20T23:17:15","modified_gmt":"2026-01-20T23:17:15","slug":"impresora-epson-am-c4000-color","status":"publish","type":"product","link":"https:\/\/tecplan.com.es\/en\/product\/impresora-epson-am-c4000-color\/","title":{"rendered":"Impresora EPSON AM-C4000 Color"},"content":{"rendered":"<p style=\"text-align: justify;\"><strong>Impresoras Empresariales Epson WorkForce<\/strong><\/p>\n<p style=\"text-align: justify;\">La WorkForce Enterprise AM-C4000 combina un rendimiento ultrarr\u00e1pido con un bajo consumo energ\u00e9tico. Con un dise\u00f1o orientado a la oficina moderna, de tama\u00f1o compacto y sistema modular, podr\u00e1s implementar tu dispositivo de la forma que mejor se adapte a tus necesidades. Su innovadora tecnolog\u00eda permite adem\u00e1s una instalaci\u00f3n y un mantenimiento f\u00e1ciles y sin esfuerzo.<\/p>\n<p style=\"text-align: justify;\"><strong>La revolucionaria impresora multifuncional a color con tecnolog\u00eda PrecisionCore Heat-Free\u00ae<\/strong><\/p>\n<p style=\"text-align: justify;\">La impresora multifuncional a color WorkForce Enterprise AM-C4000 mantiene la productividad alta, con una velocidad de impresi\u00f3n de 40 ppm ISO\u2020 y una r\u00e1pida salida de la primera p\u00e1gina. Impulsado por la revolucionaria tecnolog\u00eda PrecisionCore Heat-Free, est\u00e1 dise\u00f1ada para brindar una confiabilidad notable y una calidad de imagen excepcional, junto con un conjunto completo de caracter\u00edsticas avanzadas de seguridad. La AM-C4000, un caballo de batalla compacto y eficiente de inyecci\u00f3n de tinta, utiliza la menor cantidad de espacio en el piso1 y presenta el consumo de energ\u00eda m\u00e1s bajo2 en su clase, hasta un 45% menos que las impresoras l\u00e1ser a color2. Adem\u00e1s, es compatible con pr\u00e1cticas soluciones de gesti\u00f3n de impresi\u00f3n. Con su capacidad para imprimir desde dispositivos m\u00f3viles Android\u2122 e iOS\u00ae3, y un volumen de impresi\u00f3n mensual recomendado (MPV) de 6.000 a 60.000 p\u00e1ginas, esta impresora multifuncional de alta productividad tiene las capacidades que grandes grupos de trabajo y departamentos necesitan para mantener el negocio en movimiento.<\/p>\n<ul>\n<li style=\"text-align: justify;\">M\u00e9todo de impresi\u00f3n Cabezal de impresi\u00f3n PrecisionCore\u2122 Micro TFP<\/li>\n<li style=\"text-align: justify;\">Configuraci\u00f3n inyectores 7.230 Inyectores negro, 7.230 Inyectores por color<\/li>\n<li style=\"text-align: justify;\">Tama\u00f1o m\u00e1ximo gota 3,8 pl, Con tecnolog\u00eda de gotas de tinta de tama\u00f1o variable<\/li>\n<li style=\"text-align: justify;\">Tecnolog\u00eda de tinta DURABrite\u2122 Pro<\/li>\n<\/ul>\n<p><strong>Categor\u00eda<\/strong><\/p>\n<ul>\n<li style=\"text-align: justify;\">Office Workgroup, Office Departmental<\/li>\n<li style=\"text-align: justify;\">Multifunci\u00f3n Impresi\u00f3n, Escanear, Copia Impresi\u00f3n<\/li>\n<li style=\"text-align: justify;\">Number of colours 4 colores<\/li>\n<li style=\"text-align: justify;\">Tiempo de salida de primera p\u00e1gina<\/li>\n<li style=\"text-align: justify;\">Monocromo6 segundos, Color6 segundos<\/li>\n<li style=\"text-align: justify;\">Velocidad de impresi\u00f3n ISO\/IEC 24734 40 p\u00e1ginas\/minuto Monocromo, 40 p\u00e1ginas\/minuto Color 23 p\u00e1ginas\/minuto Monocromo, 23 p\u00e1ginas\/minuto Color<\/li>\n<li style=\"text-align: justify;\">Velocidad de impresi\u00f3n en d\u00faplex ISO\/IEC 24734 (A3) 11 p\u00e1ginas A4\/min. Monocromo, 11 p\u00e1ginas A4\/min. Color<\/li>\n<li style=\"text-align: justify;\">Resoluci\u00f3n de impresi\u00f3n 600 x 2.400 ppp<\/li>\n<li style=\"text-align: justify;\">Ciclo de trabajo 384.000 p\u00e1ginas mensuales<\/li>\n<\/ul>\n<p><strong>CICLO DE CARGA DE TRABAJO RECOMENDADO<\/strong><\/p>\n<ul>\n<li style=\"text-align: justify;\">4.100 &#8211; 60.000 p\u00e1ginas mensuales<\/li>\n<li style=\"text-align: justify;\">Colores<\/li>\n<li style=\"text-align: justify;\">Negro [Pigment], Cian [Pigment], Amarillo [Pigment], Magenta [Pigment]<\/li>\n<li style=\"text-align: justify;\">Fuente de impresi\u00f3n<\/li>\n<li style=\"text-align: justify;\">PC, MAC, Cloud, Direct USB, Mobile Device (WiFi Direct)<\/li>\n<\/ul>\n<p><strong>Escaneado<\/strong><\/p>\n<ul>\n<li style=\"text-align: justify;\">Escaneado a doble cara S\u00cd<\/li>\n<li style=\"text-align: justify;\">Velocidad de escaneado<\/li>\n<li style=\"text-align: justify;\">60 ipm ( Monocromo, Una sola cara, ADF ) * Scanning in accordance with ISO\/IEC 17991; 60 ipm ( Color, Una sola cara, ADF ) * Scanning in accordance with ISO\/IEC 17991; 120<\/li>\n<li style=\"text-align: justify;\">ipm ( Monocromo, Doble cara, ADF ) * Scanning in accordance with ISO\/IEC 17991; 120 ipm ( Color, Doble cara, ADF ) * Scanning in accordance with ISO\/IEC 17991; 0,4<\/li>\n<li style=\"text-align: justify;\">milisegundo\/l\u00ednea ( Color, 300 ppp, Plano ); 0,6 milisegundo\/l\u00ednea ( Color, 600 ppp, Plano );<\/li>\n<\/ul>\n<p><strong>Resoluci\u00f3n de escaneado<\/strong><\/p>\n<ul>\n<li style=\"text-align: justify;\">600 ppp x 1.200 ppp (horizontal \u00d7 vertical)<\/li>\n<li style=\"text-align: justify;\">Resoluci\u00f3n \u00f3ptica (ADF) 600 ppp x 600 ppp (horizontal \u00d7 vertical)<\/li>\n<\/ul>\n<p><strong>Integraci\u00f3n avanzada de documentos<\/strong><\/p>\n<ul>\n<li style=\"text-align: justify;\">Correo electr\u00f3nico, FTP, Carpetas de red, USB, Ordenador (Epson Document Capture Pro)<\/li>\n<li style=\"text-align: justify;\">Maximum scan size<\/li>\n<li style=\"text-align: justify;\">297 mm x 431 mm<\/li>\n<\/ul>\n<p><strong>Formatos de salida<\/strong><\/p>\n<ul>\n<li style=\"text-align: justify;\">BMP, JPEG, TIFF, TIFF m\u00faltiple, PDF, PDF con opci\u00f3n de b\u00fasqueda, PDF\/A, PNG, Secured PDF<\/li>\n<li style=\"text-align: justify;\">Tipo de esc\u00e1ner<\/li>\n<li style=\"text-align: justify;\">Sensor de imagen de contacto (CIS)<\/li>\n<\/ul>\n<p><strong>Fax<\/strong><\/p>\n<ul>\n<li style=\"text-align: justify;\">Tipo de fax Posibilidad de enviar directamente faxes en color o en blanco y negro<\/li>\n<li style=\"text-align: justify;\">Velocidad de transmisi\u00f3n del fax hasta 33,6 kbps \/ Aprox. 3 s por p\u00e1gina<\/li>\n<li style=\"text-align: justify;\">N\u00fameros de marcado r\u00e1pido del fax (m\u00e1x.) 2.000 nombres y n\u00fameros<\/li>\n<li style=\"text-align: justify;\">Memoria de p\u00e1ginas hasta 550 p\u00e1ginas\/6 MB (gr\u00e1fico ITU-T n.\u00ba 1)<\/li>\n<li style=\"text-align: justify;\">Funciones fax Enviar fax a trav\u00e9s del ordenador, Enviar fax a e-mail, Recibir y guardar, Marcaci\u00f3n autom\u00e1tica, Marcaci\u00f3n r\u00e1pida, Fax a carpeta, Libreta de direcciones, Fax<\/li>\n<\/ul>\n<h5 style=\"text-align: justify;\"><span style=\"text-decoration: underline;\"><strong>DOWNLOADS<\/strong><\/span><\/h5>\n<ul style=\"text-align: justify;\">\n<li>\u2192\u00a0 <a href=\"https:\/\/drive.google.com\/file\/d\/1QCGQzW3ZD8hTu28tmLTqMTSUaW60MFvK\/view?usp=sharing\">Technical sheet<\/a><\/li>\n<\/ul>","protected":false},"excerpt":{"rendered":"<p style=\"text-align: justify;\"><strong>Impresora WorkForce Enterprise AM-C4000 Color<\/strong><\/p>\n<p style=\"text-align: justify;\">Impresora (MFP:Imprimir | Copiar | Escanear | Fax) simple, confiable y de bajo consumo energ\u00e9tico. Tecnolog\u00eda PrecisionCore sin calor.40 ppm ISO\u2020 (negro\/color). Volumen de impresi\u00f3n mensual recomendado de 6.000 a 60.000 p\u00e1ginas.<\/p>\n<p><img decoding=\"async\" class=\"wp-image-5292 aligncenter\" src=\"https:\/\/tecplan.com.es\/wp-content\/uploads\/2026\/01\/Logo-Epson-300x74.png\" alt=\"\" width=\"139\" height=\"32\" \/><\/p>","protected":false},"featured_media":5193,"comment_status":"open","ping_status":"closed","template":"","meta":{"site-sidebar-layout":"default","site-content-layout":"","ast-site-content-layout":"default","site-content-style":"default","site-sidebar-style":"default","ast-global-header-display":"","ast-banner-title-visibility":"","ast-main-header-display":"","ast-hfb-above-header-display":"","ast-hfb-below-header-display":"","ast-hfb-mobile-header-display":"","site-post-title":"","ast-breadcrumbs-content":"","ast-featured-img":"","footer-sml-layout":"","ast-disable-related-posts":"","theme-transparent-header-meta":"default","adv-header-id-meta":"","stick-header-meta":"","header-above-stick-meta":"","header-main-stick-meta":"","header-below-stick-meta":"","astra-migrate-meta-layouts":"set","ast-page-background-enabled":"default","ast-page-background-meta":{"desktop":{"background-color":"var(--ast-global-color-5)","background-image":"","background-repeat":"repeat","background-position":"center center","background-size":"auto","background-attachment":"scroll","background-type":"","background-media":"","overlay-type":"","overlay-color":"","overlay-opacity":"","overlay-gradient":""},"tablet":{"background-color":"","background-image":"","background-repeat":"repeat","background-position":"center center","background-size":"auto","background-attachment":"scroll","background-type":"","background-media":"","overlay-type":"","overlay-color":"","overlay-opacity":"","overlay-gradient":""},"mobile":{"background-color":"","background-image":"","background-repeat":"repeat","background-position":"center center","background-size":"auto","background-attachment":"scroll","background-type":"","background-media":"","overlay-type":"","overlay-color":"","overlay-opacity":"","overlay-gradient":""}},"ast-content-background-meta":{"desktop":{"background-color":"var(--ast-global-color-4)","background-image":"","background-repeat":"repeat","background-position":"center center","background-size":"auto","background-attachment":"scroll","background-type":"","background-media":"","overlay-type":"","overlay-color":"","overlay-opacity":"","overlay-gradient":""},"tablet":{"background-color":"var(--ast-global-color-4)","background-image":"","background-repeat":"repeat","background-position":"center center","background-size":"auto","background-attachment":"scroll","background-type":"","background-media":"","overlay-type":"","overlay-color":"","overlay-opacity":"","overlay-gradient":""},"mobile":{"background-color":"var(--ast-global-color-4)","background-image":"","background-repeat":"repeat","background-position":"center center","background-size":"auto","background-attachment":"scroll","background-type":"","background-media":"","overlay-type":"","overlay-color":"","overlay-opacity":"","overlay-gradient":""}}},"product_brand":[343],"product_cat":[161,194,162],"product_tag":[224],"class_list":{"0":"post-5223","1":"product","2":"type-product","3":"status-publish","4":"has-post-thumbnail","6":"product_brand-epson","7":"product_cat-epson","8":"product_cat-hardware","9":"product_cat-impresoras-epson","10":"product_tag-epson","11":"desktop-align-left","12":"tablet-align-left","13":"mobile-align-left","15":"first","16":"instock","17":"shipping-taxable","18":"product-type-simple"},"yoast_head":"<!-- This site is optimized with the Yoast SEO plugin v25.3 - https:\/\/yoast.com\/wordpress\/plugins\/seo\/ -->\n<title>Impresora EPSON AM-C4000 Color - Tecplan<\/title>\n<meta name=\"robots\" content=\"index, follow, max-snippet:-1, max-image-preview:large, max-video-preview:-1\" \/>\n<link rel=\"canonical\" href=\"https:\/\/tecplan.com.es\/en\/product\/impresora-epson-am-c4000-color\/\" \/>\n<meta property=\"og:locale\" content=\"en_US\" \/>\n<meta property=\"og:type\" content=\"article\" \/>\n<meta property=\"og:title\" content=\"Impresora EPSON AM-C4000 Color - Tecplan\" \/>\n<meta property=\"og:description\" content=\"Impresora WorkForce Enterprise AM-C4000 Color Impresora (MFP:Imprimir | Copiar | Escanear | Fax) simple, confiable y de bajo consumo energ\u00e9tico. Tecnolog\u00eda PrecisionCore sin calor.40 ppm ISO\u2020 (negro\/color). Volumen de impresi\u00f3n mensual recomendado de 6.000 a 60.000 p\u00e1ginas.\" \/>\n<meta property=\"og:url\" content=\"https:\/\/tecplan.com.es\/en\/product\/impresora-epson-am-c4000-color\/\" \/>\n<meta property=\"og:site_name\" content=\"Tecplan\" \/>\n<meta property=\"article:modified_time\" content=\"2026-01-20T23:17:15+00:00\" \/>\n<meta property=\"og:image\" content=\"https:\/\/tecplan.com.es\/wp-content\/uploads\/2026\/01\/AM-C4000-printer-01.jpg\" \/>\n\t<meta property=\"og:image:width\" content=\"1250\" \/>\n\t<meta property=\"og:image:height\" content=\"1250\" \/>\n\t<meta property=\"og:image:type\" content=\"image\/jpeg\" \/>\n<meta name=\"twitter:card\" content=\"summary_large_image\" \/>\n<meta name=\"twitter:label1\" content=\"Est. reading time\" \/>\n\t<meta name=\"twitter:data1\" content=\"3 minutes\" \/>\n<script type=\"application\/ld+json\" class=\"yoast-schema-graph\">{\"@context\":\"https:\/\/schema.org\",\"@graph\":[{\"@type\":\"WebPage\",\"@id\":\"https:\/\/tecplan.com.es\/product\/impresora-epson-am-c4000-color\/\",\"url\":\"https:\/\/tecplan.com.es\/product\/impresora-epson-am-c4000-color\/\",\"name\":\"Impresora EPSON AM-C4000 Color - Tecplan\",\"isPartOf\":{\"@id\":\"https:\/\/tecplan.com.es\/#website\"},\"primaryImageOfPage\":{\"@id\":\"https:\/\/tecplan.com.es\/product\/impresora-epson-am-c4000-color\/#primaryimage\"},\"image\":{\"@id\":\"https:\/\/tecplan.com.es\/product\/impresora-epson-am-c4000-color\/#primaryimage\"},\"thumbnailUrl\":\"https:\/\/tecplan.com.es\/wp-content\/uploads\/2026\/01\/AM-C4000-printer-01.jpg\",\"datePublished\":\"2026-01-20T19:45:55+00:00\",\"dateModified\":\"2026-01-20T23:17:15+00:00\",\"breadcrumb\":{\"@id\":\"https:\/\/tecplan.com.es\/product\/impresora-epson-am-c4000-color\/#breadcrumb\"},\"inLanguage\":\"en-US\",\"potentialAction\":[{\"@type\":\"ReadAction\",\"target\":[\"https:\/\/tecplan.com.es\/product\/impresora-epson-am-c4000-color\/\"]}]},{\"@type\":\"ImageObject\",\"inLanguage\":\"en-US\",\"@id\":\"https:\/\/tecplan.com.es\/product\/impresora-epson-am-c4000-color\/#primaryimage\",\"url\":\"https:\/\/tecplan.com.es\/wp-content\/uploads\/2026\/01\/AM-C4000-printer-01.jpg\",\"contentUrl\":\"https:\/\/tecplan.com.es\/wp-content\/uploads\/2026\/01\/AM-C4000-printer-01.jpg\",\"width\":1250,\"height\":1250},{\"@type\":\"BreadcrumbList\",\"@id\":\"https:\/\/tecplan.com.es\/product\/impresora-epson-am-c4000-color\/#breadcrumb\",\"itemListElement\":[{\"@type\":\"ListItem\",\"position\":1,\"name\":\"Home\",\"item\":\"https:\/\/tecplan.com.es\/\"},{\"@type\":\"ListItem\",\"position\":2,\"name\":\"Shop\",\"item\":\"https:\/\/tecplan.com.es\/shop\/\"},{\"@type\":\"ListItem\",\"position\":3,\"name\":\"Impresora EPSON AM-C4000 Color\"}]},{\"@type\":\"WebSite\",\"@id\":\"https:\/\/tecplan.com.es\/#website\",\"url\":\"https:\/\/tecplan.com.es\/\",\"name\":\"Tecplan\",\"description\":\"\",\"potentialAction\":[{\"@type\":\"SearchAction\",\"target\":{\"@type\":\"EntryPoint\",\"urlTemplate\":\"https:\/\/tecplan.com.es\/?s={search_term_string}\"},\"query-input\":{\"@type\":\"PropertyValueSpecification\",\"valueRequired\":true,\"valueName\":\"search_term_string\"}}],\"inLanguage\":\"en-US\"}]}<\/script>\n<!-- \/ Yoast SEO plugin. -->","yoast_head_json":{"title":"Impresora EPSON AM-C4000 Color - Tecplan","robots":{"index":"index","follow":"follow","max-snippet":"max-snippet:-1","max-image-preview":"max-image-preview:large","max-video-preview":"max-video-preview:-1"},"canonical":"https:\/\/tecplan.com.es\/en\/product\/impresora-epson-am-c4000-color\/","og_locale":"en_US","og_type":"article","og_title":"Impresora EPSON AM-C4000 Color - Tecplan","og_description":"Impresora WorkForce Enterprise AM-C4000 Color Impresora (MFP:Imprimir | Copiar | Escanear | Fax) simple, confiable y de bajo consumo energ\u00e9tico. Tecnolog\u00eda PrecisionCore sin calor.40 ppm ISO\u2020 (negro\/color). Volumen de impresi\u00f3n mensual recomendado de 6.000 a 60.000 p\u00e1ginas.","og_url":"https:\/\/tecplan.com.es\/en\/product\/impresora-epson-am-c4000-color\/","og_site_name":"Tecplan","article_modified_time":"2026-01-20T23:17:15+00:00","og_image":[{"width":1250,"height":1250,"url":"https:\/\/tecplan.com.es\/wp-content\/uploads\/2026\/01\/AM-C4000-printer-01.jpg","type":"image\/jpeg"}],"twitter_card":"summary_large_image","twitter_misc":{"Est. reading time":"3 minutes"},"schema":{"@context":"https:\/\/schema.org","@graph":[{"@type":"WebPage","@id":"https:\/\/tecplan.com.es\/product\/impresora-epson-am-c4000-color\/","url":"https:\/\/tecplan.com.es\/product\/impresora-epson-am-c4000-color\/","name":"Impresora EPSON AM-C4000 Color - Tecplan","isPartOf":{"@id":"https:\/\/tecplan.com.es\/#website"},"primaryImageOfPage":{"@id":"https:\/\/tecplan.com.es\/product\/impresora-epson-am-c4000-color\/#primaryimage"},"image":{"@id":"https:\/\/tecplan.com.es\/product\/impresora-epson-am-c4000-color\/#primaryimage"},"thumbnailUrl":"https:\/\/tecplan.com.es\/wp-content\/uploads\/2026\/01\/AM-C4000-printer-01.jpg","datePublished":"2026-01-20T19:45:55+00:00","dateModified":"2026-01-20T23:17:15+00:00","breadcrumb":{"@id":"https:\/\/tecplan.com.es\/product\/impresora-epson-am-c4000-color\/#breadcrumb"},"inLanguage":"en-US","potentialAction":[{"@type":"ReadAction","target":["https:\/\/tecplan.com.es\/product\/impresora-epson-am-c4000-color\/"]}]},{"@type":"ImageObject","inLanguage":"en-US","@id":"https:\/\/tecplan.com.es\/product\/impresora-epson-am-c4000-color\/#primaryimage","url":"https:\/\/tecplan.com.es\/wp-content\/uploads\/2026\/01\/AM-C4000-printer-01.jpg","contentUrl":"https:\/\/tecplan.com.es\/wp-content\/uploads\/2026\/01\/AM-C4000-printer-01.jpg","width":1250,"height":1250},{"@type":"BreadcrumbList","@id":"https:\/\/tecplan.com.es\/product\/impresora-epson-am-c4000-color\/#breadcrumb","itemListElement":[{"@type":"ListItem","position":1,"name":"Home","item":"https:\/\/tecplan.com.es\/"},{"@type":"ListItem","position":2,"name":"Shop","item":"https:\/\/tecplan.com.es\/shop\/"},{"@type":"ListItem","position":3,"name":"Impresora EPSON AM-C4000 Color"}]},{"@type":"WebSite","@id":"https:\/\/tecplan.com.es\/#website","url":"https:\/\/tecplan.com.es\/","name":"Tecplan","description":"","potentialAction":[{"@type":"SearchAction","target":{"@type":"EntryPoint","urlTemplate":"https:\/\/tecplan.com.es\/?s={search_term_string}"},"query-input":{"@type":"PropertyValueSpecification","valueRequired":true,"valueName":"search_term_string"}}],"inLanguage":"en-US"}]}},"_links":{"self":[{"href":"https:\/\/tecplan.com.es\/en\/wp-json\/wp\/v2\/product\/5223","targetHints":{"allow":["GET"]}}],"collection":[{"href":"https:\/\/tecplan.com.es\/en\/wp-json\/wp\/v2\/product"}],"about":[{"href":"https:\/\/tecplan.com.es\/en\/wp-json\/wp\/v2\/types\/product"}],"replies":[{"embeddable":true,"href":"https:\/\/tecplan.com.es\/en\/wp-json\/wp\/v2\/comments?post=5223"}],"version-history":[{"count":2,"href":"https:\/\/tecplan.com.es\/en\/wp-json\/wp\/v2\/product\/5223\/revisions"}],"predecessor-version":[{"id":5294,"href":"https:\/\/tecplan.com.es\/en\/wp-json\/wp\/v2\/product\/5223\/revisions\/5294"}],"wp:featuredmedia":[{"embeddable":true,"href":"https:\/\/tecplan.com.es\/en\/wp-json\/wp\/v2\/media\/5193"}],"wp:attachment":[{"href":"https:\/\/tecplan.com.es\/en\/wp-json\/wp\/v2\/media?parent=5223"}],"wp:term":[{"taxonomy":"product_brand","embeddable":true,"href":"https:\/\/tecplan.com.es\/en\/wp-json\/wp\/v2\/product_brand?post=5223"},{"taxonomy":"product_cat","embeddable":true,"href":"https:\/\/tecplan.com.es\/en\/wp-json\/wp\/v2\/product_cat?post=5223"},{"taxonomy":"product_tag","embeddable":true,"href":"https:\/\/tecplan.com.es\/en\/wp-json\/wp\/v2\/product_tag?post=5223"}],"curies":[{"name":"wp","href":"https:\/\/api.w.org\/{rel}","templated":true}]}}