{"id":5222,"date":"2026-01-20T19:45:55","date_gmt":"2026-01-20T19:45:55","guid":{"rendered":"https:\/\/tecplan.com.es\/product\/rackstation-rs822-rs822rp\/"},"modified":"2026-01-20T23:20:14","modified_gmt":"2026-01-20T23:20:14","slug":"rackstation-rs822-rs822rp","status":"publish","type":"product","link":"https:\/\/tecplan.com.es\/en\/product\/rackstation-rs822-rs822rp\/","title":{"rendered":"RackStation RS822 + RS822RP"},"content":{"rendered":"<p style=\"text-align: justify;\"><strong>Synology RS822RP+ 2GB Servidor NAS Rack<\/strong><br \/>\nUna soluci\u00f3n de almacenamiento en borde todo en uno. El compacto Synology RackStation RS822+ de 4 bah\u00edas de 1U con su capacidad de expansi\u00f3n de almacenamiento y conectividad junto con el potente sistema operativo Synology DiskStation Manager (DSM) es una soluci\u00f3n de almacenamiento en el borde ideal para sucursales y peque\u00f1as y medianas empresas. El RS822+ viene con cuatro puertos Gigabit RJ-45 que se pueden unir con Link Aggregation para permitir la conmutaci\u00f3n por error de red autom\u00e1tica y el equilibrio de carga. Se pueden emparejar dos unidades RS822+ utilizando Synology High Availability para formar un cl\u00faster de servidores activo\/pasivo confiable, maximizando el tiempo de actividad del servicio.<\/p>\n<p style=\"text-align: justify;\"><strong>Sistema de almacenamiento compacto para montaje en rack de 1U<\/strong><br \/>\nSynology RackStation RS822+ y RS822RP+ son sistemas de montaje en rack de 4 bah\u00edas incluidos en un chasis compacto de 1U. Con el potente sistema operativo Synology DiskStation Manager (DSM), este vers\u00e1til sistema puede caber en una variedad de sistemas, incluyendo VMS de vigilancia, servicio de archivos y virtualizaci\u00f3n.<\/p>\n<p style=\"text-align: justify;\">Su peque\u00f1o tama\u00f1o, rendimiento estable y escalabilidad de almacenamiento lo hacen adecuado para peque\u00f1as y medianas empresas con necesidades de administraci\u00f3n de datos cada vez mayores.<\/p>\n<ul>\n<li style=\"text-align: justify;\">Almacenamiento vers\u00e1til para satisfacer tus necesidades<\/li>\n<li style=\"text-align: justify;\">Ajuste su infraestructura a medida que surjan necesidades m\u00e1s exigentes con la ranura de expansi\u00f3n PCIe Gen3 x8 integrada (enlace x4)<\/li>\n<li style=\"text-align: justify;\">Tarjeta adaptadora combinada SSD M.2 y 10GbE: Tarjeta adaptadora SSD E10M20-T1M.2: Tarjeta de interfaz de red M2D20\/M2D1825GbE: Tarjeta de interfaz de red E25G30-F210GbE: E10G21-F2\/E10G30-T2\/E10G18-T1<\/li>\n<\/ul>\n<p style=\"text-align: justify;\">RS822+\/RS822RP+ viene con cuatro puertos Gigabit RJ-45 que se pueden unir con Link Aggregation para permitir la conmutaci\u00f3n por error de red autom\u00e1tica y el equilibrio de carga. Para procesos de misi\u00f3n cr\u00edtica, se pueden emparejar dos RS822+\/RS822RP+ mediante Synology High Availability para formar un cl\u00faster de servidores activo\/pasivo confiable, maximizando el tiempo de actividad del servicio.<\/p>\n<ul>\n<li style=\"text-align: justify;\">Capacidad de almacenamiento digital 48 TB<\/li>\n<li style=\"text-align: justify;\">Interfaz Disco Duro Serial ATA-600<\/li>\n<li style=\"text-align: justify;\">Tecnolog\u00eda de conexi\u00f3n SATA<\/li>\n<li style=\"text-align: justify;\">Caracter\u00edsticas del producto Port\u00e1til<\/li>\n<li style=\"text-align: justify;\">Tama\u00f1o est\u00e1ndar del disco duro o de la bah\u00eda con la que el disco duro es compatible (en pulgadas) 3,5 Pulgadas<\/li>\n<li style=\"text-align: justify;\">Dispositivos compatibles Escritorio<\/li>\n<li style=\"text-align: justify;\">Velocidad Rotacional Disco Duro 7200<\/li>\n<li style=\"text-align: justify;\">Usos espec\u00edficos del producto Profesional<\/li>\n<li style=\"text-align: justify;\">Velocidad Grabaci\u00f3n 210 MB\/s<\/li>\n<li style=\"text-align: justify;\">Factor de forma DDR4<\/li>\n<li style=\"text-align: justify;\">Interfaz Hardware SATA 6.0 Gb\/s<\/li>\n<\/ul>","protected":false},"excerpt":{"rendered":"<p style=\"text-align: justify;\"><strong>Synology RackStation RS822+ \/ RS822RP+Paquete de 4 bah\u00edas de 48 TB con 4 unidades<\/strong><\/p>\n<p style=\"text-align: justify;\">Synology RackStation RS822+\/ RS822RP+ es un NAS montado en rack de 4 bah\u00edas alojado en un chasis 1U compacto. Es ideal para realizar copias de seguridad, compartir y sincronizar datos. Su tama\u00f1o peque\u00f1o, rendimiento estable, es adecuado para sucursales peque\u00f1as con necesidades de administraci\u00f3n de datos.<\/p>\n<p><img decoding=\"async\" class=\"wp-image-5278 aligncenter\" src=\"https:\/\/tecplan.com.es\/wp-content\/uploads\/2026\/01\/synology_logo_icon_249461-300x84.png\" alt=\"\" width=\"142\" height=\"31\" \/><\/p>","protected":false},"featured_media":5186,"comment_status":"open","ping_status":"closed","template":"","meta":{"site-sidebar-layout":"default","site-content-layout":"","ast-site-content-layout":"default","site-content-style":"default","site-sidebar-style":"default","ast-global-header-display":"","ast-banner-title-visibility":"","ast-main-header-display":"","ast-hfb-above-header-display":"","ast-hfb-below-header-display":"","ast-hfb-mobile-header-display":"","site-post-title":"","ast-breadcrumbs-content":"","ast-featured-img":"","footer-sml-layout":"","ast-disable-related-posts":"","theme-transparent-header-meta":"default","adv-header-id-meta":"","stick-header-meta":"","header-above-stick-meta":"","header-main-stick-meta":"","header-below-stick-meta":"","astra-migrate-meta-layouts":"set","ast-page-background-enabled":"default","ast-page-background-meta":{"desktop":{"background-color":"var(--ast-global-color-5)","background-image":"","background-repeat":"repeat","background-position":"center center","background-size":"auto","background-attachment":"scroll","background-type":"","background-media":"","overlay-type":"","overlay-color":"","overlay-opacity":"","overlay-gradient":""},"tablet":{"background-color":"","background-image":"","background-repeat":"repeat","background-position":"center center","background-size":"auto","background-attachment":"scroll","background-type":"","background-media":"","overlay-type":"","overlay-color":"","overlay-opacity":"","overlay-gradient":""},"mobile":{"background-color":"","background-image":"","background-repeat":"repeat","background-position":"center center","background-size":"auto","background-attachment":"scroll","background-type":"","background-media":"","overlay-type":"","overlay-color":"","overlay-opacity":"","overlay-gradient":""}},"ast-content-background-meta":{"desktop":{"background-color":"var(--ast-global-color-4)","background-image":"","background-repeat":"repeat","background-position":"center center","background-size":"auto","background-attachment":"scroll","background-type":"","background-media":"","overlay-type":"","overlay-color":"","overlay-opacity":"","overlay-gradient":""},"tablet":{"background-color":"var(--ast-global-color-4)","background-image":"","background-repeat":"repeat","background-position":"center center","background-size":"auto","background-attachment":"scroll","background-type":"","background-media":"","overlay-type":"","overlay-color":"","overlay-opacity":"","overlay-gradient":""},"mobile":{"background-color":"var(--ast-global-color-4)","background-image":"","background-repeat":"repeat","background-position":"center center","background-size":"auto","background-attachment":"scroll","background-type":"","background-media":"","overlay-type":"","overlay-color":"","overlay-opacity":"","overlay-gradient":""}}},"product_brand":[342],"product_cat":[194,166,165],"product_tag":[225],"class_list":{"0":"post-5222","1":"product","2":"type-product","3":"status-publish","4":"has-post-thumbnail","6":"product_brand-synology","7":"product_cat-hardware","8":"product_cat-servidores","9":"product_cat-synology","10":"product_tag-synology","11":"desktop-align-left","12":"tablet-align-left","13":"mobile-align-left","15":"first","16":"instock","17":"shipping-taxable","18":"product-type-simple"},"yoast_head":"<!-- This site is optimized with the Yoast SEO plugin v25.3 - https:\/\/yoast.com\/wordpress\/plugins\/seo\/ -->\n<title>RackStation RS822 + RS822RP - Tecplan<\/title>\n<meta name=\"robots\" content=\"index, follow, max-snippet:-1, max-image-preview:large, max-video-preview:-1\" \/>\n<link rel=\"canonical\" href=\"https:\/\/tecplan.com.es\/en\/product\/rackstation-rs822-rs822rp\/\" \/>\n<meta property=\"og:locale\" content=\"en_US\" \/>\n<meta property=\"og:type\" content=\"article\" \/>\n<meta property=\"og:title\" content=\"RackStation RS822 + RS822RP - Tecplan\" \/>\n<meta property=\"og:description\" content=\"Synology RackStation RS822+ \/ RS822RP+Paquete de 4 bah\u00edas de 48 TB con 4 unidades Synology RackStation RS822+\/ RS822RP+ es un NAS montado en rack de 4 bah\u00edas alojado en un chasis 1U compacto. Es ideal para realizar copias de seguridad, compartir y sincronizar datos. Su tama\u00f1o peque\u00f1o, rendimiento estable, es adecuado para sucursales peque\u00f1as con necesidades de administraci\u00f3n de datos.\" \/>\n<meta property=\"og:url\" content=\"https:\/\/tecplan.com.es\/en\/product\/rackstation-rs822-rs822rp\/\" \/>\n<meta property=\"og:site_name\" content=\"Tecplan\" \/>\n<meta property=\"article:modified_time\" content=\"2026-01-20T23:20:14+00:00\" \/>\n<meta property=\"og:image\" content=\"https:\/\/tecplan.com.es\/wp-content\/uploads\/2026\/01\/RS822_Rack-01.jpg\" \/>\n\t<meta property=\"og:image:width\" content=\"1250\" \/>\n\t<meta property=\"og:image:height\" content=\"1250\" \/>\n\t<meta property=\"og:image:type\" content=\"image\/jpeg\" \/>\n<meta name=\"twitter:card\" content=\"summary_large_image\" \/>\n<meta name=\"twitter:label1\" content=\"Est. reading time\" \/>\n\t<meta name=\"twitter:data1\" content=\"2 minutes\" \/>\n<script type=\"application\/ld+json\" class=\"yoast-schema-graph\">{\"@context\":\"https:\/\/schema.org\",\"@graph\":[{\"@type\":\"WebPage\",\"@id\":\"https:\/\/tecplan.com.es\/product\/rackstation-rs822-rs822rp\/\",\"url\":\"https:\/\/tecplan.com.es\/product\/rackstation-rs822-rs822rp\/\",\"name\":\"RackStation RS822 + RS822RP - Tecplan\",\"isPartOf\":{\"@id\":\"https:\/\/tecplan.com.es\/#website\"},\"primaryImageOfPage\":{\"@id\":\"https:\/\/tecplan.com.es\/product\/rackstation-rs822-rs822rp\/#primaryimage\"},\"image\":{\"@id\":\"https:\/\/tecplan.com.es\/product\/rackstation-rs822-rs822rp\/#primaryimage\"},\"thumbnailUrl\":\"https:\/\/tecplan.com.es\/wp-content\/uploads\/2026\/01\/RS822_Rack-01.jpg\",\"datePublished\":\"2026-01-20T19:45:55+00:00\",\"dateModified\":\"2026-01-20T23:20:14+00:00\",\"breadcrumb\":{\"@id\":\"https:\/\/tecplan.com.es\/product\/rackstation-rs822-rs822rp\/#breadcrumb\"},\"inLanguage\":\"en-US\",\"potentialAction\":[{\"@type\":\"ReadAction\",\"target\":[\"https:\/\/tecplan.com.es\/product\/rackstation-rs822-rs822rp\/\"]}]},{\"@type\":\"ImageObject\",\"inLanguage\":\"en-US\",\"@id\":\"https:\/\/tecplan.com.es\/product\/rackstation-rs822-rs822rp\/#primaryimage\",\"url\":\"https:\/\/tecplan.com.es\/wp-content\/uploads\/2026\/01\/RS822_Rack-01.jpg\",\"contentUrl\":\"https:\/\/tecplan.com.es\/wp-content\/uploads\/2026\/01\/RS822_Rack-01.jpg\",\"width\":1250,\"height\":1250},{\"@type\":\"BreadcrumbList\",\"@id\":\"https:\/\/tecplan.com.es\/product\/rackstation-rs822-rs822rp\/#breadcrumb\",\"itemListElement\":[{\"@type\":\"ListItem\",\"position\":1,\"name\":\"Home\",\"item\":\"https:\/\/tecplan.com.es\/\"},{\"@type\":\"ListItem\",\"position\":2,\"name\":\"Shop\",\"item\":\"https:\/\/tecplan.com.es\/shop\/\"},{\"@type\":\"ListItem\",\"position\":3,\"name\":\"RackStation RS822 + RS822RP\"}]},{\"@type\":\"WebSite\",\"@id\":\"https:\/\/tecplan.com.es\/#website\",\"url\":\"https:\/\/tecplan.com.es\/\",\"name\":\"Tecplan\",\"description\":\"\",\"potentialAction\":[{\"@type\":\"SearchAction\",\"target\":{\"@type\":\"EntryPoint\",\"urlTemplate\":\"https:\/\/tecplan.com.es\/?s={search_term_string}\"},\"query-input\":{\"@type\":\"PropertyValueSpecification\",\"valueRequired\":true,\"valueName\":\"search_term_string\"}}],\"inLanguage\":\"en-US\"}]}<\/script>\n<!-- \/ Yoast SEO plugin. -->","yoast_head_json":{"title":"RackStation RS822 + RS822RP - Tecplan","robots":{"index":"index","follow":"follow","max-snippet":"max-snippet:-1","max-image-preview":"max-image-preview:large","max-video-preview":"max-video-preview:-1"},"canonical":"https:\/\/tecplan.com.es\/en\/product\/rackstation-rs822-rs822rp\/","og_locale":"en_US","og_type":"article","og_title":"RackStation RS822 + RS822RP - Tecplan","og_description":"Synology RackStation RS822+ \/ RS822RP+Paquete de 4 bah\u00edas de 48 TB con 4 unidades Synology RackStation RS822+\/ RS822RP+ es un NAS montado en rack de 4 bah\u00edas alojado en un chasis 1U compacto. Es ideal para realizar copias de seguridad, compartir y sincronizar datos. Su tama\u00f1o peque\u00f1o, rendimiento estable, es adecuado para sucursales peque\u00f1as con necesidades de administraci\u00f3n de datos.","og_url":"https:\/\/tecplan.com.es\/en\/product\/rackstation-rs822-rs822rp\/","og_site_name":"Tecplan","article_modified_time":"2026-01-20T23:20:14+00:00","og_image":[{"width":1250,"height":1250,"url":"https:\/\/tecplan.com.es\/wp-content\/uploads\/2026\/01\/RS822_Rack-01.jpg","type":"image\/jpeg"}],"twitter_card":"summary_large_image","twitter_misc":{"Est. reading time":"2 minutes"},"schema":{"@context":"https:\/\/schema.org","@graph":[{"@type":"WebPage","@id":"https:\/\/tecplan.com.es\/product\/rackstation-rs822-rs822rp\/","url":"https:\/\/tecplan.com.es\/product\/rackstation-rs822-rs822rp\/","name":"RackStation RS822 + RS822RP - Tecplan","isPartOf":{"@id":"https:\/\/tecplan.com.es\/#website"},"primaryImageOfPage":{"@id":"https:\/\/tecplan.com.es\/product\/rackstation-rs822-rs822rp\/#primaryimage"},"image":{"@id":"https:\/\/tecplan.com.es\/product\/rackstation-rs822-rs822rp\/#primaryimage"},"thumbnailUrl":"https:\/\/tecplan.com.es\/wp-content\/uploads\/2026\/01\/RS822_Rack-01.jpg","datePublished":"2026-01-20T19:45:55+00:00","dateModified":"2026-01-20T23:20:14+00:00","breadcrumb":{"@id":"https:\/\/tecplan.com.es\/product\/rackstation-rs822-rs822rp\/#breadcrumb"},"inLanguage":"en-US","potentialAction":[{"@type":"ReadAction","target":["https:\/\/tecplan.com.es\/product\/rackstation-rs822-rs822rp\/"]}]},{"@type":"ImageObject","inLanguage":"en-US","@id":"https:\/\/tecplan.com.es\/product\/rackstation-rs822-rs822rp\/#primaryimage","url":"https:\/\/tecplan.com.es\/wp-content\/uploads\/2026\/01\/RS822_Rack-01.jpg","contentUrl":"https:\/\/tecplan.com.es\/wp-content\/uploads\/2026\/01\/RS822_Rack-01.jpg","width":1250,"height":1250},{"@type":"BreadcrumbList","@id":"https:\/\/tecplan.com.es\/product\/rackstation-rs822-rs822rp\/#breadcrumb","itemListElement":[{"@type":"ListItem","position":1,"name":"Home","item":"https:\/\/tecplan.com.es\/"},{"@type":"ListItem","position":2,"name":"Shop","item":"https:\/\/tecplan.com.es\/shop\/"},{"@type":"ListItem","position":3,"name":"RackStation RS822 + RS822RP"}]},{"@type":"WebSite","@id":"https:\/\/tecplan.com.es\/#website","url":"https:\/\/tecplan.com.es\/","name":"Tecplan","description":"","potentialAction":[{"@type":"SearchAction","target":{"@type":"EntryPoint","urlTemplate":"https:\/\/tecplan.com.es\/?s={search_term_string}"},"query-input":{"@type":"PropertyValueSpecification","valueRequired":true,"valueName":"search_term_string"}}],"inLanguage":"en-US"}]}},"_links":{"self":[{"href":"https:\/\/tecplan.com.es\/en\/wp-json\/wp\/v2\/product\/5222","targetHints":{"allow":["GET"]}}],"collection":[{"href":"https:\/\/tecplan.com.es\/en\/wp-json\/wp\/v2\/product"}],"about":[{"href":"https:\/\/tecplan.com.es\/en\/wp-json\/wp\/v2\/types\/product"}],"replies":[{"embeddable":true,"href":"https:\/\/tecplan.com.es\/en\/wp-json\/wp\/v2\/comments?post=5222"}],"version-history":[{"count":2,"href":"https:\/\/tecplan.com.es\/en\/wp-json\/wp\/v2\/product\/5222\/revisions"}],"predecessor-version":[{"id":5297,"href":"https:\/\/tecplan.com.es\/en\/wp-json\/wp\/v2\/product\/5222\/revisions\/5297"}],"wp:featuredmedia":[{"embeddable":true,"href":"https:\/\/tecplan.com.es\/en\/wp-json\/wp\/v2\/media\/5186"}],"wp:attachment":[{"href":"https:\/\/tecplan.com.es\/en\/wp-json\/wp\/v2\/media?parent=5222"}],"wp:term":[{"taxonomy":"product_brand","embeddable":true,"href":"https:\/\/tecplan.com.es\/en\/wp-json\/wp\/v2\/product_brand?post=5222"},{"taxonomy":"product_cat","embeddable":true,"href":"https:\/\/tecplan.com.es\/en\/wp-json\/wp\/v2\/product_cat?post=5222"},{"taxonomy":"product_tag","embeddable":true,"href":"https:\/\/tecplan.com.es\/en\/wp-json\/wp\/v2\/product_tag?post=5222"}],"curies":[{"name":"wp","href":"https:\/\/api.w.org\/{rel}","templated":true}]}}