{"id":5221,"date":"2026-01-20T19:45:55","date_gmt":"2026-01-20T19:45:55","guid":{"rendered":"https:\/\/tecplan.com.es\/product\/rackstation-rs3621xs\/"},"modified":"2026-01-20T23:22:32","modified_gmt":"2026-01-20T23:22:32","slug":"rackstation-rs3621xs","status":"publish","type":"product","link":"https:\/\/tecplan.com.es\/en\/product\/rackstation-rs3621xs\/","title":{"rendered":"RackStation  RS3621xs+"},"content":{"rendered":"<p style=\"text-align: justify;\"><strong>RackStation RS3621xs+ | 12 Bah\u00edas | Procesador Intel Xeon D-1541 8 N\u00facleos | 8 GB DDR4 ECC | Dual 10GbE | Alimentaci\u00f3n Redundante | Escalable a 36 Bah\u00edas<\/strong><\/p>\n<p style=\"text-align: justify;\"><strong>Almacenamiento en el que puede confiar<\/strong><br \/>\nEl RS3621xs+ mantiene sus datos protegidos mientras se centra en ofrecer los mejores resultados a sus clientes, incluso cuando se produce un desastre.<\/p>\n<p style=\"text-align: justify;\"><strong>Alimentaci\u00f3n redundante<\/strong><br \/>\nLas dos PSU proporcionan protecci\u00f3n contra fallos de PSU o extracci\u00f3n accidental del cable, mientras que los ventiladores intercambiables en caliente permiten su sustituci\u00f3n sin apagar el sistema.<\/p>\n<p style=\"text-align: justify;\"><strong>Maximice la disponibilidad del servicio<\/strong><br \/>\nSynology High Availability (SHA) empareja dos unidades id\u00e9nticas para crear un cl\u00faster activo-pasivo con conmutaci\u00f3n en menos de un minuto. M\u00e1s informaci\u00f3n<\/p>\n<p style=\"text-align: justify;\"><strong>Sistema de archivos de \u00faltima generaci\u00f3n<\/strong><br \/>\nBtrfs evita la corrupci\u00f3n de datos y reduce los gastos generales de mantenimiento con tecnolog\u00edas de almacenamiento avanzadas e instant\u00e1neas optimizadas. M\u00e1s informaci\u00f3n<\/p>\n<ul>\n<li style=\"text-align: justify;\">Procesador Intel Xeon de 8 n\u00facleos, 408,000 IOPS, 5,700 MB\/s de lectura secuencial, y expansi\u00f3n hasta 36 bah\u00edas con unidades RX1217.<\/li>\n<li style=\"text-align: justify;\">Tecnolog\u00edas como instant\u00e1neas, autocuraci\u00f3n de archivos, y soporte para RAID m\u00faltiple, respaldadas por el sistema de archivos Btrfs.<\/li>\n<li style=\"text-align: justify;\">Compatibilidad con VMware, Hyper-V, XenServer, y OpenStack, adem\u00e1s de soporte para hasta 16 m\u00e1quinas virtuales.<\/li>\n<li style=\"text-align: justify;\">Incluye Active Backup Suite para respaldo de PCs, servidores, VMs, y servicios en la nube como Google Workspace y Microsoft 365.<\/li>\n<li style=\"text-align: justify;\">Suite de colaboraci\u00f3n (Drive, MailPlus, Chat) y soporte para hasta 90 c\u00e1maras IP con Surveillance Station.<\/li>\n<\/ul>","protected":false},"excerpt":{"rendered":"<p style=\"text-align: justify;\"><strong>RackStation RS3621xs+<\/strong><\/p>\n<p style=\"text-align: justify;\">Synology RackStation RS3621xs+ es potente en almacenamiento 2U de 12 bah\u00edas con alimentaci\u00f3n redundante integrada. Ofrece un alto rendimiento y protecci\u00f3n de datos, su procesador de 8 n\u00facleos y sus dos puertos 10 GbE integrados permiten al gestionar cargas de trabajo m\u00e1s exigentes en entornos empresariales.<\/p>\n<p><img decoding=\"async\" class=\"wp-image-5278 aligncenter\" src=\"https:\/\/tecplan.com.es\/wp-content\/uploads\/2026\/01\/synology_logo_icon_249461-300x84.png\" alt=\"\" width=\"119\" height=\"53\" \/><\/p>","protected":false},"featured_media":5183,"comment_status":"open","ping_status":"closed","template":"","meta":{"site-sidebar-layout":"default","site-content-layout":"","ast-site-content-layout":"default","site-content-style":"default","site-sidebar-style":"default","ast-global-header-display":"","ast-banner-title-visibility":"","ast-main-header-display":"","ast-hfb-above-header-display":"","ast-hfb-below-header-display":"","ast-hfb-mobile-header-display":"","site-post-title":"","ast-breadcrumbs-content":"","ast-featured-img":"","footer-sml-layout":"","ast-disable-related-posts":"","theme-transparent-header-meta":"default","adv-header-id-meta":"","stick-header-meta":"","header-above-stick-meta":"","header-main-stick-meta":"","header-below-stick-meta":"","astra-migrate-meta-layouts":"set","ast-page-background-enabled":"default","ast-page-background-meta":{"desktop":{"background-color":"var(--ast-global-color-5)","background-image":"","background-repeat":"repeat","background-position":"center center","background-size":"auto","background-attachment":"scroll","background-type":"","background-media":"","overlay-type":"","overlay-color":"","overlay-opacity":"","overlay-gradient":""},"tablet":{"background-color":"","background-image":"","background-repeat":"repeat","background-position":"center center","background-size":"auto","background-attachment":"scroll","background-type":"","background-media":"","overlay-type":"","overlay-color":"","overlay-opacity":"","overlay-gradient":""},"mobile":{"background-color":"","background-image":"","background-repeat":"repeat","background-position":"center center","background-size":"auto","background-attachment":"scroll","background-type":"","background-media":"","overlay-type":"","overlay-color":"","overlay-opacity":"","overlay-gradient":""}},"ast-content-background-meta":{"desktop":{"background-color":"var(--ast-global-color-4)","background-image":"","background-repeat":"repeat","background-position":"center center","background-size":"auto","background-attachment":"scroll","background-type":"","background-media":"","overlay-type":"","overlay-color":"","overlay-opacity":"","overlay-gradient":""},"tablet":{"background-color":"var(--ast-global-color-4)","background-image":"","background-repeat":"repeat","background-position":"center center","background-size":"auto","background-attachment":"scroll","background-type":"","background-media":"","overlay-type":"","overlay-color":"","overlay-opacity":"","overlay-gradient":""},"mobile":{"background-color":"var(--ast-global-color-4)","background-image":"","background-repeat":"repeat","background-position":"center center","background-size":"auto","background-attachment":"scroll","background-type":"","background-media":"","overlay-type":"","overlay-color":"","overlay-opacity":"","overlay-gradient":""}}},"product_brand":[342],"product_cat":[194,166,165],"product_tag":[225],"class_list":{"0":"post-5221","1":"product","2":"type-product","3":"status-publish","4":"has-post-thumbnail","6":"product_brand-synology","7":"product_cat-hardware","8":"product_cat-servidores","9":"product_cat-synology","10":"product_tag-synology","11":"desktop-align-left","12":"tablet-align-left","13":"mobile-align-left","15":"first","16":"instock","17":"shipping-taxable","18":"product-type-simple"},"yoast_head":"<!-- This site is optimized with the Yoast SEO plugin v25.3 - https:\/\/yoast.com\/wordpress\/plugins\/seo\/ -->\n<title>RackStation RS3621xs+ - Tecplan<\/title>\n<meta name=\"robots\" content=\"index, follow, max-snippet:-1, max-image-preview:large, max-video-preview:-1\" \/>\n<link rel=\"canonical\" href=\"https:\/\/tecplan.com.es\/en\/product\/rackstation-rs3621xs\/\" \/>\n<meta property=\"og:locale\" content=\"en_US\" \/>\n<meta property=\"og:type\" content=\"article\" \/>\n<meta property=\"og:title\" content=\"RackStation RS3621xs+ - Tecplan\" \/>\n<meta property=\"og:description\" content=\"RackStation RS3621xs+ Synology RackStation RS3621xs+ es potente en almacenamiento 2U de 12 bah\u00edas con alimentaci\u00f3n redundante integrada. Ofrece un alto rendimiento y protecci\u00f3n de datos, su procesador de 8 n\u00facleos y sus dos puertos 10 GbE integrados permiten al gestionar cargas de trabajo m\u00e1s exigentes en entornos empresariales.\" \/>\n<meta property=\"og:url\" content=\"https:\/\/tecplan.com.es\/en\/product\/rackstation-rs3621xs\/\" \/>\n<meta property=\"og:site_name\" content=\"Tecplan\" \/>\n<meta property=\"article:modified_time\" content=\"2026-01-20T23:22:32+00:00\" \/>\n<meta property=\"og:image\" content=\"https:\/\/tecplan.com.es\/wp-content\/uploads\/2026\/01\/synology-rs362-3.jpg\" \/>\n\t<meta property=\"og:image:width\" content=\"800\" \/>\n\t<meta property=\"og:image:height\" content=\"800\" \/>\n\t<meta property=\"og:image:type\" content=\"image\/jpeg\" \/>\n<meta name=\"twitter:card\" content=\"summary_large_image\" \/>\n<meta name=\"twitter:label1\" content=\"Est. reading time\" \/>\n\t<meta name=\"twitter:data1\" content=\"2 minutes\" \/>\n<script type=\"application\/ld+json\" class=\"yoast-schema-graph\">{\"@context\":\"https:\/\/schema.org\",\"@graph\":[{\"@type\":\"WebPage\",\"@id\":\"https:\/\/tecplan.com.es\/product\/rackstation-rs3621xs\/\",\"url\":\"https:\/\/tecplan.com.es\/product\/rackstation-rs3621xs\/\",\"name\":\"RackStation RS3621xs+ - Tecplan\",\"isPartOf\":{\"@id\":\"https:\/\/tecplan.com.es\/#website\"},\"primaryImageOfPage\":{\"@id\":\"https:\/\/tecplan.com.es\/product\/rackstation-rs3621xs\/#primaryimage\"},\"image\":{\"@id\":\"https:\/\/tecplan.com.es\/product\/rackstation-rs3621xs\/#primaryimage\"},\"thumbnailUrl\":\"https:\/\/tecplan.com.es\/wp-content\/uploads\/2026\/01\/synology-rs362-3.jpg\",\"datePublished\":\"2026-01-20T19:45:55+00:00\",\"dateModified\":\"2026-01-20T23:22:32+00:00\",\"breadcrumb\":{\"@id\":\"https:\/\/tecplan.com.es\/product\/rackstation-rs3621xs\/#breadcrumb\"},\"inLanguage\":\"en-US\",\"potentialAction\":[{\"@type\":\"ReadAction\",\"target\":[\"https:\/\/tecplan.com.es\/product\/rackstation-rs3621xs\/\"]}]},{\"@type\":\"ImageObject\",\"inLanguage\":\"en-US\",\"@id\":\"https:\/\/tecplan.com.es\/product\/rackstation-rs3621xs\/#primaryimage\",\"url\":\"https:\/\/tecplan.com.es\/wp-content\/uploads\/2026\/01\/synology-rs362-3.jpg\",\"contentUrl\":\"https:\/\/tecplan.com.es\/wp-content\/uploads\/2026\/01\/synology-rs362-3.jpg\",\"width\":800,\"height\":800},{\"@type\":\"BreadcrumbList\",\"@id\":\"https:\/\/tecplan.com.es\/product\/rackstation-rs3621xs\/#breadcrumb\",\"itemListElement\":[{\"@type\":\"ListItem\",\"position\":1,\"name\":\"Home\",\"item\":\"https:\/\/tecplan.com.es\/\"},{\"@type\":\"ListItem\",\"position\":2,\"name\":\"Shop\",\"item\":\"https:\/\/tecplan.com.es\/shop\/\"},{\"@type\":\"ListItem\",\"position\":3,\"name\":\"RackStation RS3621xs+\"}]},{\"@type\":\"WebSite\",\"@id\":\"https:\/\/tecplan.com.es\/#website\",\"url\":\"https:\/\/tecplan.com.es\/\",\"name\":\"Tecplan\",\"description\":\"\",\"potentialAction\":[{\"@type\":\"SearchAction\",\"target\":{\"@type\":\"EntryPoint\",\"urlTemplate\":\"https:\/\/tecplan.com.es\/?s={search_term_string}\"},\"query-input\":{\"@type\":\"PropertyValueSpecification\",\"valueRequired\":true,\"valueName\":\"search_term_string\"}}],\"inLanguage\":\"en-US\"}]}<\/script>\n<!-- \/ Yoast SEO plugin. -->","yoast_head_json":{"title":"RackStation RS3621xs+ - Tecplan","robots":{"index":"index","follow":"follow","max-snippet":"max-snippet:-1","max-image-preview":"max-image-preview:large","max-video-preview":"max-video-preview:-1"},"canonical":"https:\/\/tecplan.com.es\/en\/product\/rackstation-rs3621xs\/","og_locale":"en_US","og_type":"article","og_title":"RackStation RS3621xs+ - Tecplan","og_description":"RackStation RS3621xs+ Synology RackStation RS3621xs+ es potente en almacenamiento 2U de 12 bah\u00edas con alimentaci\u00f3n redundante integrada. Ofrece un alto rendimiento y protecci\u00f3n de datos, su procesador de 8 n\u00facleos y sus dos puertos 10 GbE integrados permiten al gestionar cargas de trabajo m\u00e1s exigentes en entornos empresariales.","og_url":"https:\/\/tecplan.com.es\/en\/product\/rackstation-rs3621xs\/","og_site_name":"Tecplan","article_modified_time":"2026-01-20T23:22:32+00:00","og_image":[{"width":800,"height":800,"url":"https:\/\/tecplan.com.es\/wp-content\/uploads\/2026\/01\/synology-rs362-3.jpg","type":"image\/jpeg"}],"twitter_card":"summary_large_image","twitter_misc":{"Est. reading time":"2 minutes"},"schema":{"@context":"https:\/\/schema.org","@graph":[{"@type":"WebPage","@id":"https:\/\/tecplan.com.es\/product\/rackstation-rs3621xs\/","url":"https:\/\/tecplan.com.es\/product\/rackstation-rs3621xs\/","name":"RackStation RS3621xs+ - Tecplan","isPartOf":{"@id":"https:\/\/tecplan.com.es\/#website"},"primaryImageOfPage":{"@id":"https:\/\/tecplan.com.es\/product\/rackstation-rs3621xs\/#primaryimage"},"image":{"@id":"https:\/\/tecplan.com.es\/product\/rackstation-rs3621xs\/#primaryimage"},"thumbnailUrl":"https:\/\/tecplan.com.es\/wp-content\/uploads\/2026\/01\/synology-rs362-3.jpg","datePublished":"2026-01-20T19:45:55+00:00","dateModified":"2026-01-20T23:22:32+00:00","breadcrumb":{"@id":"https:\/\/tecplan.com.es\/product\/rackstation-rs3621xs\/#breadcrumb"},"inLanguage":"en-US","potentialAction":[{"@type":"ReadAction","target":["https:\/\/tecplan.com.es\/product\/rackstation-rs3621xs\/"]}]},{"@type":"ImageObject","inLanguage":"en-US","@id":"https:\/\/tecplan.com.es\/product\/rackstation-rs3621xs\/#primaryimage","url":"https:\/\/tecplan.com.es\/wp-content\/uploads\/2026\/01\/synology-rs362-3.jpg","contentUrl":"https:\/\/tecplan.com.es\/wp-content\/uploads\/2026\/01\/synology-rs362-3.jpg","width":800,"height":800},{"@type":"BreadcrumbList","@id":"https:\/\/tecplan.com.es\/product\/rackstation-rs3621xs\/#breadcrumb","itemListElement":[{"@type":"ListItem","position":1,"name":"Home","item":"https:\/\/tecplan.com.es\/"},{"@type":"ListItem","position":2,"name":"Shop","item":"https:\/\/tecplan.com.es\/shop\/"},{"@type":"ListItem","position":3,"name":"RackStation RS3621xs+"}]},{"@type":"WebSite","@id":"https:\/\/tecplan.com.es\/#website","url":"https:\/\/tecplan.com.es\/","name":"Tecplan","description":"","potentialAction":[{"@type":"SearchAction","target":{"@type":"EntryPoint","urlTemplate":"https:\/\/tecplan.com.es\/?s={search_term_string}"},"query-input":{"@type":"PropertyValueSpecification","valueRequired":true,"valueName":"search_term_string"}}],"inLanguage":"en-US"}]}},"_links":{"self":[{"href":"https:\/\/tecplan.com.es\/en\/wp-json\/wp\/v2\/product\/5221","targetHints":{"allow":["GET"]}}],"collection":[{"href":"https:\/\/tecplan.com.es\/en\/wp-json\/wp\/v2\/product"}],"about":[{"href":"https:\/\/tecplan.com.es\/en\/wp-json\/wp\/v2\/types\/product"}],"replies":[{"embeddable":true,"href":"https:\/\/tecplan.com.es\/en\/wp-json\/wp\/v2\/comments?post=5221"}],"version-history":[{"count":2,"href":"https:\/\/tecplan.com.es\/en\/wp-json\/wp\/v2\/product\/5221\/revisions"}],"predecessor-version":[{"id":5298,"href":"https:\/\/tecplan.com.es\/en\/wp-json\/wp\/v2\/product\/5221\/revisions\/5298"}],"wp:featuredmedia":[{"embeddable":true,"href":"https:\/\/tecplan.com.es\/en\/wp-json\/wp\/v2\/media\/5183"}],"wp:attachment":[{"href":"https:\/\/tecplan.com.es\/en\/wp-json\/wp\/v2\/media?parent=5221"}],"wp:term":[{"taxonomy":"product_brand","embeddable":true,"href":"https:\/\/tecplan.com.es\/en\/wp-json\/wp\/v2\/product_brand?post=5221"},{"taxonomy":"product_cat","embeddable":true,"href":"https:\/\/tecplan.com.es\/en\/wp-json\/wp\/v2\/product_cat?post=5221"},{"taxonomy":"product_tag","embeddable":true,"href":"https:\/\/tecplan.com.es\/en\/wp-json\/wp\/v2\/product_tag?post=5221"}],"curies":[{"name":"wp","href":"https:\/\/api.w.org\/{rel}","templated":true}]}}