{"id":5175,"date":"2026-01-16T22:44:39","date_gmt":"2026-01-16T22:44:39","guid":{"rendered":"https:\/\/tecplan.com.es\/product\/diskstation-ds620slimr\/"},"modified":"2026-01-20T22:46:48","modified_gmt":"2026-01-20T22:46:48","slug":"diskstation-ds620slimr","status":"publish","type":"product","link":"https:\/\/tecplan.com.es\/en\/product\/diskstation-ds620slimr\/","title":{"rendered":"DiskStation\u00ae DS620slimr"},"content":{"rendered":"<p><strong>DiskStation\u00ae DS620slim<\/strong><\/p>\n<p style=\"text-align: justify;\">El dise\u00f1o mini de 6 recept\u00e1culos hace que DS620slim sea cl\u00e1sico y permite ahorrar espacio de implementaci\u00f3n. Gracias a su compatibilidad con seis unidades de 2,5&#8243;, puede potenciar el<br \/>\nrendimiento de instalaci\u00f3n de unidades de estado s\u00f3lido.<\/p>\n<p style=\"text-align: justify;\"><strong>Mini servidor privado que combina rendimiento y estilo <\/strong><\/p>\n<p style=\"text-align: justify;\">Descubra el exclusivo y compacto DS620slim, listo para impulsar su productividad en el trabajo, y cuyo dise\u00f1o mini le permite integrarse armoniosamente en cualquier entorno laboral. Con el completo DiskStation Manager (DSM) a su disposici\u00f3n, DS620slim es un servidor de archivos ideal que ofrece sincronizaci\u00f3n de archivos sin interrupciones y una s\u00f3lida soluci\u00f3n de copia de seguridad, mientras protege de forma segura sus servicios cr\u00edticos. DS620slim cuenta con la garant\u00eda limitada de 2 a\u00f1os de Synology.<\/p>\n<p style=\"text-align: justify;\"><strong>Dise\u00f1o compacto: <\/strong>Dimensiones de 121 x 151 x 175 mm, flexible para que encaje en cualquier parte.<\/p>\n<p style=\"text-align: justify;\"><strong>Flexibilidad de RAID:<\/strong> Flexible en una variedad de configuraciones de RAID para conseguir una capacidad sin procesar m\u00e1xima de 30 TB o una mejor protecci\u00f3n de datos.<\/p>\n<h5 style=\"text-align: justify;\"><span style=\"text-decoration: underline;\"><strong>DOWNLOADS<\/strong><\/span><\/h5>\n<ul style=\"text-align: justify;\">\n<li>\u2192\u00a0 <a href=\"https:\/\/drive.google.com\/file\/d\/1A9SfZD9w1S5-0c1ZHnzIqub8O2-xQVze\/view?usp=sharing\">Technical sheet<\/a><\/li>\n<\/ul>","protected":false},"excerpt":{"rendered":"<p style=\"text-align: justify;\"><strong>DiskStation\u00ae DS620slimr\u00a0<\/strong><br \/>\nDS620slim es un NAS mini de 6 recept\u00e1culos con un dise\u00f1o de chasis elegante, que encaja a la perfecci\u00f3n en lugares de trabajo y apartamentos modernos. Compatible con tecnolog\u00eda de instant\u00e1neas casi inmediatas, DS620slim es una soluci\u00f3n integral de administraci\u00f3n de archivos que satisface la necesidad de protecci\u00f3n de datos avanzada de los profesionales.<\/p>\n<p><img decoding=\"async\" class=\"wp-image-5278 aligncenter\" src=\"https:\/\/tecplan.com.es\/wp-content\/uploads\/2026\/01\/synology_logo_icon_249461-300x84.png\" alt=\"\" width=\"132\" height=\"44\" \/><\/p>","protected":false},"featured_media":5149,"comment_status":"open","ping_status":"closed","template":"","meta":{"site-sidebar-layout":"default","site-content-layout":"","ast-site-content-layout":"default","site-content-style":"default","site-sidebar-style":"default","ast-global-header-display":"","ast-banner-title-visibility":"","ast-main-header-display":"","ast-hfb-above-header-display":"","ast-hfb-below-header-display":"","ast-hfb-mobile-header-display":"","site-post-title":"","ast-breadcrumbs-content":"","ast-featured-img":"","footer-sml-layout":"","ast-disable-related-posts":"","theme-transparent-header-meta":"default","adv-header-id-meta":"","stick-header-meta":"","header-above-stick-meta":"","header-main-stick-meta":"","header-below-stick-meta":"","astra-migrate-meta-layouts":"set","ast-page-background-enabled":"default","ast-page-background-meta":{"desktop":{"background-color":"var(--ast-global-color-5)","background-image":"","background-repeat":"repeat","background-position":"center center","background-size":"auto","background-attachment":"scroll","background-type":"","background-media":"","overlay-type":"","overlay-color":"","overlay-opacity":"","overlay-gradient":""},"tablet":{"background-color":"","background-image":"","background-repeat":"repeat","background-position":"center center","background-size":"auto","background-attachment":"scroll","background-type":"","background-media":"","overlay-type":"","overlay-color":"","overlay-opacity":"","overlay-gradient":""},"mobile":{"background-color":"","background-image":"","background-repeat":"repeat","background-position":"center center","background-size":"auto","background-attachment":"scroll","background-type":"","background-media":"","overlay-type":"","overlay-color":"","overlay-opacity":"","overlay-gradient":""}},"ast-content-background-meta":{"desktop":{"background-color":"var(--ast-global-color-4)","background-image":"","background-repeat":"repeat","background-position":"center center","background-size":"auto","background-attachment":"scroll","background-type":"","background-media":"","overlay-type":"","overlay-color":"","overlay-opacity":"","overlay-gradient":""},"tablet":{"background-color":"var(--ast-global-color-4)","background-image":"","background-repeat":"repeat","background-position":"center center","background-size":"auto","background-attachment":"scroll","background-type":"","background-media":"","overlay-type":"","overlay-color":"","overlay-opacity":"","overlay-gradient":""},"mobile":{"background-color":"var(--ast-global-color-4)","background-image":"","background-repeat":"repeat","background-position":"center center","background-size":"auto","background-attachment":"scroll","background-type":"","background-media":"","overlay-type":"","overlay-color":"","overlay-opacity":"","overlay-gradient":""}}},"product_brand":[342],"product_cat":[194,166,165],"product_tag":[225],"class_list":{"0":"post-5175","1":"product","2":"type-product","3":"status-publish","4":"has-post-thumbnail","6":"product_brand-synology","7":"product_cat-hardware","8":"product_cat-servidores","9":"product_cat-synology","10":"product_tag-synology","11":"desktop-align-left","12":"tablet-align-left","13":"mobile-align-left","15":"first","16":"instock","17":"shipping-taxable","18":"product-type-simple"},"yoast_head":"<!-- This site is optimized with the Yoast SEO plugin v25.3 - https:\/\/yoast.com\/wordpress\/plugins\/seo\/ -->\n<title>DiskStation\u00ae DS620slimr - Tecplan<\/title>\n<meta name=\"robots\" content=\"index, follow, max-snippet:-1, max-image-preview:large, max-video-preview:-1\" \/>\n<link rel=\"canonical\" href=\"https:\/\/tecplan.com.es\/en\/product\/diskstation-ds620slimr\/\" \/>\n<meta property=\"og:locale\" content=\"en_US\" \/>\n<meta property=\"og:type\" content=\"article\" \/>\n<meta property=\"og:title\" content=\"DiskStation\u00ae DS620slimr - Tecplan\" \/>\n<meta property=\"og:description\" content=\"DiskStation\u00ae DS620slimr\u00a0 DS620slim es un NAS mini de 6 recept\u00e1culos con un dise\u00f1o de chasis elegante, que encaja a la perfecci\u00f3n en lugares de trabajo y apartamentos modernos. Compatible con tecnolog\u00eda de instant\u00e1neas casi inmediatas, DS620slim es una soluci\u00f3n integral de administraci\u00f3n de archivos que satisface la necesidad de protecci\u00f3n de datos avanzada de los profesionales.\" \/>\n<meta property=\"og:url\" content=\"https:\/\/tecplan.com.es\/en\/product\/diskstation-ds620slimr\/\" \/>\n<meta property=\"og:site_name\" content=\"Tecplan\" \/>\n<meta property=\"article:modified_time\" content=\"2026-01-20T22:46:48+00:00\" \/>\n<meta property=\"og:image\" content=\"https:\/\/tecplan.com.es\/wp-content\/uploads\/2026\/01\/DS620slimr.jpg\" \/>\n\t<meta property=\"og:image:width\" content=\"1250\" \/>\n\t<meta property=\"og:image:height\" content=\"1250\" \/>\n\t<meta property=\"og:image:type\" content=\"image\/jpeg\" \/>\n<meta name=\"twitter:card\" content=\"summary_large_image\" \/>\n<meta name=\"twitter:label1\" content=\"Est. reading time\" \/>\n\t<meta name=\"twitter:data1\" content=\"1 minute\" \/>\n<script type=\"application\/ld+json\" class=\"yoast-schema-graph\">{\"@context\":\"https:\/\/schema.org\",\"@graph\":[{\"@type\":\"WebPage\",\"@id\":\"https:\/\/tecplan.com.es\/product\/diskstation-ds620slimr\/\",\"url\":\"https:\/\/tecplan.com.es\/product\/diskstation-ds620slimr\/\",\"name\":\"DiskStation\u00ae DS620slimr - Tecplan\",\"isPartOf\":{\"@id\":\"https:\/\/tecplan.com.es\/#website\"},\"primaryImageOfPage\":{\"@id\":\"https:\/\/tecplan.com.es\/product\/diskstation-ds620slimr\/#primaryimage\"},\"image\":{\"@id\":\"https:\/\/tecplan.com.es\/product\/diskstation-ds620slimr\/#primaryimage\"},\"thumbnailUrl\":\"https:\/\/tecplan.com.es\/wp-content\/uploads\/2026\/01\/DS620slimr.jpg\",\"datePublished\":\"2026-01-16T22:44:39+00:00\",\"dateModified\":\"2026-01-20T22:46:48+00:00\",\"breadcrumb\":{\"@id\":\"https:\/\/tecplan.com.es\/product\/diskstation-ds620slimr\/#breadcrumb\"},\"inLanguage\":\"en-US\",\"potentialAction\":[{\"@type\":\"ReadAction\",\"target\":[\"https:\/\/tecplan.com.es\/product\/diskstation-ds620slimr\/\"]}]},{\"@type\":\"ImageObject\",\"inLanguage\":\"en-US\",\"@id\":\"https:\/\/tecplan.com.es\/product\/diskstation-ds620slimr\/#primaryimage\",\"url\":\"https:\/\/tecplan.com.es\/wp-content\/uploads\/2026\/01\/DS620slimr.jpg\",\"contentUrl\":\"https:\/\/tecplan.com.es\/wp-content\/uploads\/2026\/01\/DS620slimr.jpg\",\"width\":1250,\"height\":1250},{\"@type\":\"BreadcrumbList\",\"@id\":\"https:\/\/tecplan.com.es\/product\/diskstation-ds620slimr\/#breadcrumb\",\"itemListElement\":[{\"@type\":\"ListItem\",\"position\":1,\"name\":\"Home\",\"item\":\"https:\/\/tecplan.com.es\/\"},{\"@type\":\"ListItem\",\"position\":2,\"name\":\"Shop\",\"item\":\"https:\/\/tecplan.com.es\/shop\/\"},{\"@type\":\"ListItem\",\"position\":3,\"name\":\"DiskStation\u00ae DS620slimr\"}]},{\"@type\":\"WebSite\",\"@id\":\"https:\/\/tecplan.com.es\/#website\",\"url\":\"https:\/\/tecplan.com.es\/\",\"name\":\"Tecplan\",\"description\":\"\",\"potentialAction\":[{\"@type\":\"SearchAction\",\"target\":{\"@type\":\"EntryPoint\",\"urlTemplate\":\"https:\/\/tecplan.com.es\/?s={search_term_string}\"},\"query-input\":{\"@type\":\"PropertyValueSpecification\",\"valueRequired\":true,\"valueName\":\"search_term_string\"}}],\"inLanguage\":\"en-US\"}]}<\/script>\n<!-- \/ Yoast SEO plugin. -->","yoast_head_json":{"title":"DiskStation\u00ae DS620slimr - Tecplan","robots":{"index":"index","follow":"follow","max-snippet":"max-snippet:-1","max-image-preview":"max-image-preview:large","max-video-preview":"max-video-preview:-1"},"canonical":"https:\/\/tecplan.com.es\/en\/product\/diskstation-ds620slimr\/","og_locale":"en_US","og_type":"article","og_title":"DiskStation\u00ae DS620slimr - Tecplan","og_description":"DiskStation\u00ae DS620slimr\u00a0 DS620slim es un NAS mini de 6 recept\u00e1culos con un dise\u00f1o de chasis elegante, que encaja a la perfecci\u00f3n en lugares de trabajo y apartamentos modernos. Compatible con tecnolog\u00eda de instant\u00e1neas casi inmediatas, DS620slim es una soluci\u00f3n integral de administraci\u00f3n de archivos que satisface la necesidad de protecci\u00f3n de datos avanzada de los profesionales.","og_url":"https:\/\/tecplan.com.es\/en\/product\/diskstation-ds620slimr\/","og_site_name":"Tecplan","article_modified_time":"2026-01-20T22:46:48+00:00","og_image":[{"width":1250,"height":1250,"url":"https:\/\/tecplan.com.es\/wp-content\/uploads\/2026\/01\/DS620slimr.jpg","type":"image\/jpeg"}],"twitter_card":"summary_large_image","twitter_misc":{"Est. reading time":"1 minute"},"schema":{"@context":"https:\/\/schema.org","@graph":[{"@type":"WebPage","@id":"https:\/\/tecplan.com.es\/product\/diskstation-ds620slimr\/","url":"https:\/\/tecplan.com.es\/product\/diskstation-ds620slimr\/","name":"DiskStation\u00ae DS620slimr - Tecplan","isPartOf":{"@id":"https:\/\/tecplan.com.es\/#website"},"primaryImageOfPage":{"@id":"https:\/\/tecplan.com.es\/product\/diskstation-ds620slimr\/#primaryimage"},"image":{"@id":"https:\/\/tecplan.com.es\/product\/diskstation-ds620slimr\/#primaryimage"},"thumbnailUrl":"https:\/\/tecplan.com.es\/wp-content\/uploads\/2026\/01\/DS620slimr.jpg","datePublished":"2026-01-16T22:44:39+00:00","dateModified":"2026-01-20T22:46:48+00:00","breadcrumb":{"@id":"https:\/\/tecplan.com.es\/product\/diskstation-ds620slimr\/#breadcrumb"},"inLanguage":"en-US","potentialAction":[{"@type":"ReadAction","target":["https:\/\/tecplan.com.es\/product\/diskstation-ds620slimr\/"]}]},{"@type":"ImageObject","inLanguage":"en-US","@id":"https:\/\/tecplan.com.es\/product\/diskstation-ds620slimr\/#primaryimage","url":"https:\/\/tecplan.com.es\/wp-content\/uploads\/2026\/01\/DS620slimr.jpg","contentUrl":"https:\/\/tecplan.com.es\/wp-content\/uploads\/2026\/01\/DS620slimr.jpg","width":1250,"height":1250},{"@type":"BreadcrumbList","@id":"https:\/\/tecplan.com.es\/product\/diskstation-ds620slimr\/#breadcrumb","itemListElement":[{"@type":"ListItem","position":1,"name":"Home","item":"https:\/\/tecplan.com.es\/"},{"@type":"ListItem","position":2,"name":"Shop","item":"https:\/\/tecplan.com.es\/shop\/"},{"@type":"ListItem","position":3,"name":"DiskStation\u00ae DS620slimr"}]},{"@type":"WebSite","@id":"https:\/\/tecplan.com.es\/#website","url":"https:\/\/tecplan.com.es\/","name":"Tecplan","description":"","potentialAction":[{"@type":"SearchAction","target":{"@type":"EntryPoint","urlTemplate":"https:\/\/tecplan.com.es\/?s={search_term_string}"},"query-input":{"@type":"PropertyValueSpecification","valueRequired":true,"valueName":"search_term_string"}}],"inLanguage":"en-US"}]}},"_links":{"self":[{"href":"https:\/\/tecplan.com.es\/en\/wp-json\/wp\/v2\/product\/5175","targetHints":{"allow":["GET"]}}],"collection":[{"href":"https:\/\/tecplan.com.es\/en\/wp-json\/wp\/v2\/product"}],"about":[{"href":"https:\/\/tecplan.com.es\/en\/wp-json\/wp\/v2\/types\/product"}],"replies":[{"embeddable":true,"href":"https:\/\/tecplan.com.es\/en\/wp-json\/wp\/v2\/comments?post=5175"}],"version-history":[{"count":3,"href":"https:\/\/tecplan.com.es\/en\/wp-json\/wp\/v2\/product\/5175\/revisions"}],"predecessor-version":[{"id":5283,"href":"https:\/\/tecplan.com.es\/en\/wp-json\/wp\/v2\/product\/5175\/revisions\/5283"}],"wp:featuredmedia":[{"embeddable":true,"href":"https:\/\/tecplan.com.es\/en\/wp-json\/wp\/v2\/media\/5149"}],"wp:attachment":[{"href":"https:\/\/tecplan.com.es\/en\/wp-json\/wp\/v2\/media?parent=5175"}],"wp:term":[{"taxonomy":"product_brand","embeddable":true,"href":"https:\/\/tecplan.com.es\/en\/wp-json\/wp\/v2\/product_brand?post=5175"},{"taxonomy":"product_cat","embeddable":true,"href":"https:\/\/tecplan.com.es\/en\/wp-json\/wp\/v2\/product_cat?post=5175"},{"taxonomy":"product_tag","embeddable":true,"href":"https:\/\/tecplan.com.es\/en\/wp-json\/wp\/v2\/product_tag?post=5175"}],"curies":[{"name":"wp","href":"https:\/\/api.w.org\/{rel}","templated":true}]}}