{"id":5174,"date":"2026-01-16T22:44:39","date_gmt":"2026-01-16T22:44:39","guid":{"rendered":"https:\/\/tecplan.com.es\/product\/rack-cabinet-2u-445x315-for\/"},"modified":"2026-01-20T22:52:51","modified_gmt":"2026-01-20T22:52:51","slug":"rack-cabinet-2u-445x315-for","status":"publish","type":"product","link":"https:\/\/tecplan.com.es\/en\/product\/rack-cabinet-2u-445x315-for\/","title":{"rendered":"RACK cabinet 2U 445&#215;315 for"},"content":{"rendered":"<p style=\"text-align: justify;\"><strong>Estante Cantilever 2U 445\u00d7315 para armario RACK, universal<\/strong><\/p>\n<p style=\"text-align: justify;\">Este estante de montaje frontal est\u00e1 dise\u00f1ado para armarios RACK de 450\u00f71000 mm de profundidad. Gracias a su estante, el armario RACK puede alojar dispositivos que no se alojan en un armario RACK de 19&#8243;.<\/p>\n<ul>\n<li style=\"text-align: justify;\">Dimensiones de montaje: 19&#8243; x 2U x 350 mm.<\/li>\n<li style=\"text-align: justify;\">Montaje frontal: incluye 4 tornillos M6 y tuercas enjauladas.<\/li>\n<li style=\"text-align: justify;\">Dimensiones: 483 x 87 x 350 [+\/-2 mm].<\/li>\n<li style=\"text-align: justify;\">Instalaci\u00f3n: RACK de 19&#8243;.<\/li>\n<li style=\"text-align: justify;\">Estante: 445 x 315 [mm].<\/li>\n<li style=\"text-align: justify;\">Material: acero laminado en fr\u00edo SPCC, 1,2 mm, RAL9004 (negro), metalizado.<\/li>\n<\/ul>\n<h5 style=\"text-align: justify;\"><span style=\"text-decoration: underline;\"><strong>DOWNLOADS<\/strong><\/span><\/h5>\n<ul style=\"text-align: justify;\">\n<li>\u2192\u00a0 <a href=\"https:\/\/drive.google.com\/file\/d\/1tSVprpDjEUdtuvEGZYUMhoBguLTapMPt\/view?usp=sharing\">Technical sheet<\/a><\/li>\n<\/ul>\n<p>&nbsp;<\/p>","protected":false},"excerpt":{"rendered":"<p style=\"text-align: justify;\"><strong>Cantilever shelf 2U 445&#215;315 for RACK cabinet<\/strong><\/p>\n<p style=\"text-align: justify;\">Cantilever shelf 2U 445&#215;315 for RACK cabinet, universal. El estante voladizo est\u00e1 dise\u00f1ado para un gabinete RACK de 450 x 1000 mm de profundidad. Gracias al estante, el gabinete RACK puede alojar dispositivos que no est\u00e1n alojados en un gabinete RACK de 19&#8243;. Dimensiones : Ancho Pr 1 1 =483, Alto=87, =350 [mm, +\/-2]<\/p>\n<p><img decoding=\"async\" class=\"wp-image-4906 aligncenter\" src=\"https:\/\/tecplan.com.es\/wp-content\/uploads\/2026\/01\/log-afirma-png-300x86.png\" alt=\"\" width=\"174\" height=\"50\" srcset=\"https:\/\/tecplan.com.es\/wp-content\/uploads\/2026\/01\/log-afirma-png-300x86.png 300w, https:\/\/tecplan.com.es\/wp-content\/uploads\/2026\/01\/log-afirma-png-1024x292.png 1024w, https:\/\/tecplan.com.es\/wp-content\/uploads\/2026\/01\/log-afirma-png-768x219.png 768w, https:\/\/tecplan.com.es\/wp-content\/uploads\/2026\/01\/log-afirma-png-1536x439.png 1536w, https:\/\/tecplan.com.es\/wp-content\/uploads\/2026\/01\/log-afirma-png-2048x585.png 2048w, https:\/\/tecplan.com.es\/wp-content\/uploads\/2026\/01\/log-afirma-png-18x5.png 18w, https:\/\/tecplan.com.es\/wp-content\/uploads\/2026\/01\/log-afirma-png-600x171.png 600w\" sizes=\"(max-width: 174px) 100vw, 174px\" \/><\/p>","protected":false},"featured_media":5148,"comment_status":"open","ping_status":"closed","template":"","meta":{"site-sidebar-layout":"default","site-content-layout":"","ast-site-content-layout":"default","site-content-style":"default","site-sidebar-style":"default","ast-global-header-display":"","ast-banner-title-visibility":"","ast-main-header-display":"","ast-hfb-above-header-display":"","ast-hfb-below-header-display":"","ast-hfb-mobile-header-display":"","site-post-title":"","ast-breadcrumbs-content":"","ast-featured-img":"","footer-sml-layout":"","ast-disable-related-posts":"","theme-transparent-header-meta":"default","adv-header-id-meta":"","stick-header-meta":"","header-above-stick-meta":"","header-main-stick-meta":"","header-below-stick-meta":"","astra-migrate-meta-layouts":"set","ast-page-background-enabled":"default","ast-page-background-meta":{"desktop":{"background-color":"var(--ast-global-color-5)","background-image":"","background-repeat":"repeat","background-position":"center center","background-size":"auto","background-attachment":"scroll","background-type":"","background-media":"","overlay-type":"","overlay-color":"","overlay-opacity":"","overlay-gradient":""},"tablet":{"background-color":"","background-image":"","background-repeat":"repeat","background-position":"center center","background-size":"auto","background-attachment":"scroll","background-type":"","background-media":"","overlay-type":"","overlay-color":"","overlay-opacity":"","overlay-gradient":""},"mobile":{"background-color":"","background-image":"","background-repeat":"repeat","background-position":"center center","background-size":"auto","background-attachment":"scroll","background-type":"","background-media":"","overlay-type":"","overlay-color":"","overlay-opacity":"","overlay-gradient":""}},"ast-content-background-meta":{"desktop":{"background-color":"var(--ast-global-color-4)","background-image":"","background-repeat":"repeat","background-position":"center center","background-size":"auto","background-attachment":"scroll","background-type":"","background-media":"","overlay-type":"","overlay-color":"","overlay-opacity":"","overlay-gradient":""},"tablet":{"background-color":"var(--ast-global-color-4)","background-image":"","background-repeat":"repeat","background-position":"center center","background-size":"auto","background-attachment":"scroll","background-type":"","background-media":"","overlay-type":"","overlay-color":"","overlay-opacity":"","overlay-gradient":""},"mobile":{"background-color":"var(--ast-global-color-4)","background-image":"","background-repeat":"repeat","background-position":"center center","background-size":"auto","background-attachment":"scroll","background-type":"","background-media":"","overlay-type":"","overlay-color":"","overlay-opacity":"","overlay-gradient":""}}},"product_brand":[331],"product_cat":[187,185],"product_tag":[228],"class_list":{"0":"post-5174","1":"product","2":"type-product","3":"status-publish","4":"has-post-thumbnail","6":"product_brand-afirma","7":"product_cat-afirma","8":"product_cat-infraestructura","9":"product_tag-afirma","10":"desktop-align-left","11":"tablet-align-left","12":"mobile-align-left","14":"first","15":"instock","16":"shipping-taxable","17":"product-type-simple"},"yoast_head":"<!-- This site is optimized with the Yoast SEO plugin v25.3 - https:\/\/yoast.com\/wordpress\/plugins\/seo\/ -->\n<title>RACK cabinet 2U 445x315 for - Tecplan<\/title>\n<meta name=\"robots\" content=\"index, follow, max-snippet:-1, max-image-preview:large, max-video-preview:-1\" \/>\n<link rel=\"canonical\" href=\"https:\/\/tecplan.com.es\/en\/product\/rack-cabinet-2u-445x315-for\/\" \/>\n<meta property=\"og:locale\" content=\"en_US\" \/>\n<meta property=\"og:type\" content=\"article\" \/>\n<meta property=\"og:title\" content=\"RACK cabinet 2U 445x315 for - Tecplan\" \/>\n<meta property=\"og:description\" content=\"Cantilever shelf 2U 445x315 for RACK cabinet Cantilever shelf 2U 445x315 for RACK cabinet, universal. El estante voladizo est\u00e1 dise\u00f1ado para un gabinete RACK de 450 x 1000 mm de profundidad. Gracias al estante, el gabinete RACK puede alojar dispositivos que no est\u00e1n alojados en un gabinete RACK de 19&quot;. Dimensiones : Ancho Pr 1 1 =483, Alto=87, =350 [mm, +\/-2]\" \/>\n<meta property=\"og:url\" content=\"https:\/\/tecplan.com.es\/en\/product\/rack-cabinet-2u-445x315-for\/\" \/>\n<meta property=\"og:site_name\" content=\"Tecplan\" \/>\n<meta property=\"article:modified_time\" content=\"2026-01-20T22:52:51+00:00\" \/>\n<meta property=\"og:image\" content=\"https:\/\/tecplan.com.es\/wp-content\/uploads\/2026\/01\/RACK-cabinet-2U.jpg\" \/>\n\t<meta property=\"og:image:width\" content=\"1250\" \/>\n\t<meta property=\"og:image:height\" content=\"1250\" \/>\n\t<meta property=\"og:image:type\" content=\"image\/jpeg\" \/>\n<meta name=\"twitter:card\" content=\"summary_large_image\" \/>\n<meta name=\"twitter:label1\" content=\"Est. reading time\" \/>\n\t<meta name=\"twitter:data1\" content=\"1 minute\" \/>\n<script type=\"application\/ld+json\" class=\"yoast-schema-graph\">{\"@context\":\"https:\/\/schema.org\",\"@graph\":[{\"@type\":\"WebPage\",\"@id\":\"https:\/\/tecplan.com.es\/product\/rack-cabinet-2u-445x315-for\/\",\"url\":\"https:\/\/tecplan.com.es\/product\/rack-cabinet-2u-445x315-for\/\",\"name\":\"RACK cabinet 2U 445x315 for - Tecplan\",\"isPartOf\":{\"@id\":\"https:\/\/tecplan.com.es\/#website\"},\"primaryImageOfPage\":{\"@id\":\"https:\/\/tecplan.com.es\/product\/rack-cabinet-2u-445x315-for\/#primaryimage\"},\"image\":{\"@id\":\"https:\/\/tecplan.com.es\/product\/rack-cabinet-2u-445x315-for\/#primaryimage\"},\"thumbnailUrl\":\"https:\/\/tecplan.com.es\/wp-content\/uploads\/2026\/01\/RACK-cabinet-2U.jpg\",\"datePublished\":\"2026-01-16T22:44:39+00:00\",\"dateModified\":\"2026-01-20T22:52:51+00:00\",\"breadcrumb\":{\"@id\":\"https:\/\/tecplan.com.es\/product\/rack-cabinet-2u-445x315-for\/#breadcrumb\"},\"inLanguage\":\"en-US\",\"potentialAction\":[{\"@type\":\"ReadAction\",\"target\":[\"https:\/\/tecplan.com.es\/product\/rack-cabinet-2u-445x315-for\/\"]}]},{\"@type\":\"ImageObject\",\"inLanguage\":\"en-US\",\"@id\":\"https:\/\/tecplan.com.es\/product\/rack-cabinet-2u-445x315-for\/#primaryimage\",\"url\":\"https:\/\/tecplan.com.es\/wp-content\/uploads\/2026\/01\/RACK-cabinet-2U.jpg\",\"contentUrl\":\"https:\/\/tecplan.com.es\/wp-content\/uploads\/2026\/01\/RACK-cabinet-2U.jpg\",\"width\":1250,\"height\":1250},{\"@type\":\"BreadcrumbList\",\"@id\":\"https:\/\/tecplan.com.es\/product\/rack-cabinet-2u-445x315-for\/#breadcrumb\",\"itemListElement\":[{\"@type\":\"ListItem\",\"position\":1,\"name\":\"Home\",\"item\":\"https:\/\/tecplan.com.es\/\"},{\"@type\":\"ListItem\",\"position\":2,\"name\":\"Shop\",\"item\":\"https:\/\/tecplan.com.es\/shop\/\"},{\"@type\":\"ListItem\",\"position\":3,\"name\":\"RACK cabinet 2U 445&#215;315 for\"}]},{\"@type\":\"WebSite\",\"@id\":\"https:\/\/tecplan.com.es\/#website\",\"url\":\"https:\/\/tecplan.com.es\/\",\"name\":\"Tecplan\",\"description\":\"\",\"potentialAction\":[{\"@type\":\"SearchAction\",\"target\":{\"@type\":\"EntryPoint\",\"urlTemplate\":\"https:\/\/tecplan.com.es\/?s={search_term_string}\"},\"query-input\":{\"@type\":\"PropertyValueSpecification\",\"valueRequired\":true,\"valueName\":\"search_term_string\"}}],\"inLanguage\":\"en-US\"}]}<\/script>\n<!-- \/ Yoast SEO plugin. -->","yoast_head_json":{"title":"RACK cabinet 2U 445x315 for - Tecplan","robots":{"index":"index","follow":"follow","max-snippet":"max-snippet:-1","max-image-preview":"max-image-preview:large","max-video-preview":"max-video-preview:-1"},"canonical":"https:\/\/tecplan.com.es\/en\/product\/rack-cabinet-2u-445x315-for\/","og_locale":"en_US","og_type":"article","og_title":"RACK cabinet 2U 445x315 for - Tecplan","og_description":"Cantilever shelf 2U 445x315 for RACK cabinet Cantilever shelf 2U 445x315 for RACK cabinet, universal. El estante voladizo est\u00e1 dise\u00f1ado para un gabinete RACK de 450 x 1000 mm de profundidad. Gracias al estante, el gabinete RACK puede alojar dispositivos que no est\u00e1n alojados en un gabinete RACK de 19\". Dimensiones : Ancho Pr 1 1 =483, Alto=87, =350 [mm, +\/-2]","og_url":"https:\/\/tecplan.com.es\/en\/product\/rack-cabinet-2u-445x315-for\/","og_site_name":"Tecplan","article_modified_time":"2026-01-20T22:52:51+00:00","og_image":[{"width":1250,"height":1250,"url":"https:\/\/tecplan.com.es\/wp-content\/uploads\/2026\/01\/RACK-cabinet-2U.jpg","type":"image\/jpeg"}],"twitter_card":"summary_large_image","twitter_misc":{"Est. reading time":"1 minute"},"schema":{"@context":"https:\/\/schema.org","@graph":[{"@type":"WebPage","@id":"https:\/\/tecplan.com.es\/product\/rack-cabinet-2u-445x315-for\/","url":"https:\/\/tecplan.com.es\/product\/rack-cabinet-2u-445x315-for\/","name":"RACK cabinet 2U 445x315 for - Tecplan","isPartOf":{"@id":"https:\/\/tecplan.com.es\/#website"},"primaryImageOfPage":{"@id":"https:\/\/tecplan.com.es\/product\/rack-cabinet-2u-445x315-for\/#primaryimage"},"image":{"@id":"https:\/\/tecplan.com.es\/product\/rack-cabinet-2u-445x315-for\/#primaryimage"},"thumbnailUrl":"https:\/\/tecplan.com.es\/wp-content\/uploads\/2026\/01\/RACK-cabinet-2U.jpg","datePublished":"2026-01-16T22:44:39+00:00","dateModified":"2026-01-20T22:52:51+00:00","breadcrumb":{"@id":"https:\/\/tecplan.com.es\/product\/rack-cabinet-2u-445x315-for\/#breadcrumb"},"inLanguage":"en-US","potentialAction":[{"@type":"ReadAction","target":["https:\/\/tecplan.com.es\/product\/rack-cabinet-2u-445x315-for\/"]}]},{"@type":"ImageObject","inLanguage":"en-US","@id":"https:\/\/tecplan.com.es\/product\/rack-cabinet-2u-445x315-for\/#primaryimage","url":"https:\/\/tecplan.com.es\/wp-content\/uploads\/2026\/01\/RACK-cabinet-2U.jpg","contentUrl":"https:\/\/tecplan.com.es\/wp-content\/uploads\/2026\/01\/RACK-cabinet-2U.jpg","width":1250,"height":1250},{"@type":"BreadcrumbList","@id":"https:\/\/tecplan.com.es\/product\/rack-cabinet-2u-445x315-for\/#breadcrumb","itemListElement":[{"@type":"ListItem","position":1,"name":"Home","item":"https:\/\/tecplan.com.es\/"},{"@type":"ListItem","position":2,"name":"Shop","item":"https:\/\/tecplan.com.es\/shop\/"},{"@type":"ListItem","position":3,"name":"RACK cabinet 2U 445&#215;315 for"}]},{"@type":"WebSite","@id":"https:\/\/tecplan.com.es\/#website","url":"https:\/\/tecplan.com.es\/","name":"Tecplan","description":"","potentialAction":[{"@type":"SearchAction","target":{"@type":"EntryPoint","urlTemplate":"https:\/\/tecplan.com.es\/?s={search_term_string}"},"query-input":{"@type":"PropertyValueSpecification","valueRequired":true,"valueName":"search_term_string"}}],"inLanguage":"en-US"}]}},"_links":{"self":[{"href":"https:\/\/tecplan.com.es\/en\/wp-json\/wp\/v2\/product\/5174","targetHints":{"allow":["GET"]}}],"collection":[{"href":"https:\/\/tecplan.com.es\/en\/wp-json\/wp\/v2\/product"}],"about":[{"href":"https:\/\/tecplan.com.es\/en\/wp-json\/wp\/v2\/types\/product"}],"replies":[{"embeddable":true,"href":"https:\/\/tecplan.com.es\/en\/wp-json\/wp\/v2\/comments?post=5174"}],"version-history":[{"count":2,"href":"https:\/\/tecplan.com.es\/en\/wp-json\/wp\/v2\/product\/5174\/revisions"}],"predecessor-version":[{"id":5285,"href":"https:\/\/tecplan.com.es\/en\/wp-json\/wp\/v2\/product\/5174\/revisions\/5285"}],"wp:featuredmedia":[{"embeddable":true,"href":"https:\/\/tecplan.com.es\/en\/wp-json\/wp\/v2\/media\/5148"}],"wp:attachment":[{"href":"https:\/\/tecplan.com.es\/en\/wp-json\/wp\/v2\/media?parent=5174"}],"wp:term":[{"taxonomy":"product_brand","embeddable":true,"href":"https:\/\/tecplan.com.es\/en\/wp-json\/wp\/v2\/product_brand?post=5174"},{"taxonomy":"product_cat","embeddable":true,"href":"https:\/\/tecplan.com.es\/en\/wp-json\/wp\/v2\/product_cat?post=5174"},{"taxonomy":"product_tag","embeddable":true,"href":"https:\/\/tecplan.com.es\/en\/wp-json\/wp\/v2\/product_tag?post=5174"}],"curies":[{"name":"wp","href":"https:\/\/api.w.org\/{rel}","templated":true}]}}