{"id":5173,"date":"2026-01-16T22:44:39","date_gmt":"2026-01-16T22:44:39","guid":{"rendered":"https:\/\/tecplan.com.es\/product\/6u-rack-cabinet\/"},"modified":"2026-01-20T22:56:31","modified_gmt":"2026-01-20T22:56:31","slug":"6u-rack-cabinet","status":"publish","type":"product","link":"https:\/\/tecplan.com.es\/en\/product\/6u-rack-cabinet\/","title":{"rendered":"6U RACK CABINET"},"content":{"rendered":"<p><strong>6U RACK cabinet, double section, wall mounted, welded 600&#215;600<\/strong><\/p>\n<ul>\n<li style=\"text-align: justify;\">El gabinete RACK de 19&#8243; permite integrar sistemas de CCTV, aire acondicionado, I&amp;HAS, RTV, LAN y otros en peque\u00f1as empresas o hogares. Est\u00e1 dise\u00f1ado para dispositivos fabricados en gabinetes est\u00e1ndar de 19&#8243;. Gracias a los gabinetes RACK, los dispositivos se instalan est\u00e9ticamente y est\u00e1n protegidos contra da\u00f1os mec\u00e1nicos.<\/li>\n<li style=\"text-align: justify;\">Dimensiones de montaje: 19&#8243; x 6U x 269 mm<\/li>\n<li style=\"text-align: justify;\">Dimensiones: 600 x 368 x 600 [+\/-2 mm]<\/li>\n<li style=\"text-align: justify;\">Secci\u00f3n frontal\/trasera: 450\/150 mm<\/li>\n<li style=\"text-align: justify;\">Tipo: Armarios de pared soldados de doble secci\u00f3n<\/li>\n<li style=\"text-align: justify;\">Cierre: Puerta frontal con cerradura (RAZ25, mismo c\u00f3digo)<\/li>\n<li style=\"text-align: justify;\">Puerta trasera con cerradura (RAZ-D, mismo c\u00f3digo)<\/li>\n<li style=\"text-align: justify;\">Panel lateral con sistema de clic (posibilidad de montaje con cerradura: RAZB16)<\/li>\n<li style=\"text-align: justify;\">Material: Acero laminado en fr\u00edo SPCC, 1,2 mm, 1,5 mm, RAL9004 (negro), metalizado<\/li>\n<li style=\"text-align: justify;\">Grado de protecci\u00f3n: EN60529 IP 20<br \/>\n<strong>Notas: Puerta intercambiable: derecha o izquierda<\/strong><\/li>\n<\/ul>\n<h5 style=\"text-align: justify;\"><span style=\"text-decoration: underline;\"><strong>DOWNLOADS<\/strong><\/span><\/h5>\n<ul style=\"text-align: justify;\">\n<li>\u2192\u00a0 <a href=\"https:\/\/drive.google.com\/file\/d\/1O84kjFX5Gk8WtX_RULt1w32ux7X1Gx-Y\/view?usp=sharing\">Technical sheet<\/a><\/li>\n<\/ul>","protected":false},"excerpt":{"rendered":"<p><strong>6U RACK cabinet, double section, wall mounted, welded 600&#215;600<\/strong><\/p>\n<p style=\"text-align: justify;\">El gabinete RACK 19\u201d permite integrar CCTV, AC, I&amp;HAS, RTV, LAN u otros sistemas en peque\u00f1as empresas o hogares. Est\u00e1 destinado a dispositivos fabricados en gabinetes del est\u00e1ndar de 19\u00bb. Gracias a gabinetes RACK, los dispositivos est\u00e1n montados est\u00e9ticamente y protegidos contra da\u00f1os mec\u00e1nicos.<\/p>\n<p><img decoding=\"async\" class=\"wp-image-4906 aligncenter\" src=\"https:\/\/tecplan.com.es\/wp-content\/uploads\/2026\/01\/log-afirma-png-300x86.png\" alt=\"\" width=\"165\" height=\"34\" \/><\/p>","protected":false},"featured_media":5140,"comment_status":"open","ping_status":"closed","template":"","meta":{"site-sidebar-layout":"default","site-content-layout":"","ast-site-content-layout":"default","site-content-style":"default","site-sidebar-style":"default","ast-global-header-display":"","ast-banner-title-visibility":"","ast-main-header-display":"","ast-hfb-above-header-display":"","ast-hfb-below-header-display":"","ast-hfb-mobile-header-display":"","site-post-title":"","ast-breadcrumbs-content":"","ast-featured-img":"","footer-sml-layout":"","ast-disable-related-posts":"","theme-transparent-header-meta":"default","adv-header-id-meta":"","stick-header-meta":"","header-above-stick-meta":"","header-main-stick-meta":"","header-below-stick-meta":"","astra-migrate-meta-layouts":"set","ast-page-background-enabled":"default","ast-page-background-meta":{"desktop":{"background-color":"var(--ast-global-color-5)","background-image":"","background-repeat":"repeat","background-position":"center center","background-size":"auto","background-attachment":"scroll","background-type":"","background-media":"","overlay-type":"","overlay-color":"","overlay-opacity":"","overlay-gradient":""},"tablet":{"background-color":"","background-image":"","background-repeat":"repeat","background-position":"center center","background-size":"auto","background-attachment":"scroll","background-type":"","background-media":"","overlay-type":"","overlay-color":"","overlay-opacity":"","overlay-gradient":""},"mobile":{"background-color":"","background-image":"","background-repeat":"repeat","background-position":"center center","background-size":"auto","background-attachment":"scroll","background-type":"","background-media":"","overlay-type":"","overlay-color":"","overlay-opacity":"","overlay-gradient":""}},"ast-content-background-meta":{"desktop":{"background-color":"var(--ast-global-color-4)","background-image":"","background-repeat":"repeat","background-position":"center center","background-size":"auto","background-attachment":"scroll","background-type":"","background-media":"","overlay-type":"","overlay-color":"","overlay-opacity":"","overlay-gradient":""},"tablet":{"background-color":"var(--ast-global-color-4)","background-image":"","background-repeat":"repeat","background-position":"center center","background-size":"auto","background-attachment":"scroll","background-type":"","background-media":"","overlay-type":"","overlay-color":"","overlay-opacity":"","overlay-gradient":""},"mobile":{"background-color":"var(--ast-global-color-4)","background-image":"","background-repeat":"repeat","background-position":"center center","background-size":"auto","background-attachment":"scroll","background-type":"","background-media":"","overlay-type":"","overlay-color":"","overlay-opacity":"","overlay-gradient":""}}},"product_brand":[331],"product_cat":[187,185],"product_tag":[228],"class_list":{"0":"post-5173","1":"product","2":"type-product","3":"status-publish","4":"has-post-thumbnail","6":"product_brand-afirma","7":"product_cat-afirma","8":"product_cat-infraestructura","9":"product_tag-afirma","10":"desktop-align-left","11":"tablet-align-left","12":"mobile-align-left","14":"first","15":"instock","16":"shipping-taxable","17":"product-type-simple"},"yoast_head":"<!-- This site is optimized with the Yoast SEO plugin v25.3 - https:\/\/yoast.com\/wordpress\/plugins\/seo\/ -->\n<title>6U RACK CABINET - Tecplan<\/title>\n<meta name=\"robots\" content=\"index, follow, max-snippet:-1, max-image-preview:large, max-video-preview:-1\" \/>\n<link rel=\"canonical\" href=\"https:\/\/tecplan.com.es\/en\/product\/6u-rack-cabinet\/\" \/>\n<meta property=\"og:locale\" content=\"en_US\" \/>\n<meta property=\"og:type\" content=\"article\" \/>\n<meta property=\"og:title\" content=\"6U RACK CABINET - Tecplan\" \/>\n<meta property=\"og:description\" content=\"6U RACK cabinet, double section, wall mounted, welded 600x600 El gabinete RACK 19\u201d permite integrar CCTV, AC, I&amp;HAS, RTV, LAN u otros sistemas en peque\u00f1as empresas o hogares. Est\u00e1 destinado a dispositivos fabricados en gabinetes del est\u00e1ndar de 19&#039;&#039;. Gracias a gabinetes RACK, los dispositivos est\u00e1n montados est\u00e9ticamente y protegidos contra da\u00f1os mec\u00e1nicos.\" \/>\n<meta property=\"og:url\" content=\"https:\/\/tecplan.com.es\/en\/product\/6u-rack-cabinet\/\" \/>\n<meta property=\"og:site_name\" content=\"Tecplan\" \/>\n<meta property=\"article:modified_time\" content=\"2026-01-20T22:56:31+00:00\" \/>\n<meta property=\"og:image\" content=\"https:\/\/tecplan.com.es\/wp-content\/uploads\/2026\/01\/6U-RACK-Cabint.jpg\" \/>\n\t<meta property=\"og:image:width\" content=\"1250\" \/>\n\t<meta property=\"og:image:height\" content=\"1250\" \/>\n\t<meta property=\"og:image:type\" content=\"image\/jpeg\" \/>\n<meta name=\"twitter:card\" content=\"summary_large_image\" \/>\n<meta name=\"twitter:label1\" content=\"Est. reading time\" \/>\n\t<meta name=\"twitter:data1\" content=\"1 minute\" \/>\n<script type=\"application\/ld+json\" class=\"yoast-schema-graph\">{\"@context\":\"https:\/\/schema.org\",\"@graph\":[{\"@type\":\"WebPage\",\"@id\":\"https:\/\/tecplan.com.es\/product\/6u-rack-cabinet\/\",\"url\":\"https:\/\/tecplan.com.es\/product\/6u-rack-cabinet\/\",\"name\":\"6U RACK CABINET - Tecplan\",\"isPartOf\":{\"@id\":\"https:\/\/tecplan.com.es\/#website\"},\"primaryImageOfPage\":{\"@id\":\"https:\/\/tecplan.com.es\/product\/6u-rack-cabinet\/#primaryimage\"},\"image\":{\"@id\":\"https:\/\/tecplan.com.es\/product\/6u-rack-cabinet\/#primaryimage\"},\"thumbnailUrl\":\"https:\/\/tecplan.com.es\/wp-content\/uploads\/2026\/01\/6U-RACK-Cabint.jpg\",\"datePublished\":\"2026-01-16T22:44:39+00:00\",\"dateModified\":\"2026-01-20T22:56:31+00:00\",\"breadcrumb\":{\"@id\":\"https:\/\/tecplan.com.es\/product\/6u-rack-cabinet\/#breadcrumb\"},\"inLanguage\":\"en-US\",\"potentialAction\":[{\"@type\":\"ReadAction\",\"target\":[\"https:\/\/tecplan.com.es\/product\/6u-rack-cabinet\/\"]}]},{\"@type\":\"ImageObject\",\"inLanguage\":\"en-US\",\"@id\":\"https:\/\/tecplan.com.es\/product\/6u-rack-cabinet\/#primaryimage\",\"url\":\"https:\/\/tecplan.com.es\/wp-content\/uploads\/2026\/01\/6U-RACK-Cabint.jpg\",\"contentUrl\":\"https:\/\/tecplan.com.es\/wp-content\/uploads\/2026\/01\/6U-RACK-Cabint.jpg\",\"width\":1250,\"height\":1250},{\"@type\":\"BreadcrumbList\",\"@id\":\"https:\/\/tecplan.com.es\/product\/6u-rack-cabinet\/#breadcrumb\",\"itemListElement\":[{\"@type\":\"ListItem\",\"position\":1,\"name\":\"Home\",\"item\":\"https:\/\/tecplan.com.es\/\"},{\"@type\":\"ListItem\",\"position\":2,\"name\":\"Shop\",\"item\":\"https:\/\/tecplan.com.es\/shop\/\"},{\"@type\":\"ListItem\",\"position\":3,\"name\":\"6U RACK CABINET\"}]},{\"@type\":\"WebSite\",\"@id\":\"https:\/\/tecplan.com.es\/#website\",\"url\":\"https:\/\/tecplan.com.es\/\",\"name\":\"Tecplan\",\"description\":\"\",\"potentialAction\":[{\"@type\":\"SearchAction\",\"target\":{\"@type\":\"EntryPoint\",\"urlTemplate\":\"https:\/\/tecplan.com.es\/?s={search_term_string}\"},\"query-input\":{\"@type\":\"PropertyValueSpecification\",\"valueRequired\":true,\"valueName\":\"search_term_string\"}}],\"inLanguage\":\"en-US\"}]}<\/script>\n<!-- \/ Yoast SEO plugin. -->","yoast_head_json":{"title":"6U RACK CABINET - Tecplan","robots":{"index":"index","follow":"follow","max-snippet":"max-snippet:-1","max-image-preview":"max-image-preview:large","max-video-preview":"max-video-preview:-1"},"canonical":"https:\/\/tecplan.com.es\/en\/product\/6u-rack-cabinet\/","og_locale":"en_US","og_type":"article","og_title":"6U RACK CABINET - Tecplan","og_description":"6U RACK cabinet, double section, wall mounted, welded 600x600 El gabinete RACK 19\u201d permite integrar CCTV, AC, I&amp;HAS, RTV, LAN u otros sistemas en peque\u00f1as empresas o hogares. Est\u00e1 destinado a dispositivos fabricados en gabinetes del est\u00e1ndar de 19''. Gracias a gabinetes RACK, los dispositivos est\u00e1n montados est\u00e9ticamente y protegidos contra da\u00f1os mec\u00e1nicos.","og_url":"https:\/\/tecplan.com.es\/en\/product\/6u-rack-cabinet\/","og_site_name":"Tecplan","article_modified_time":"2026-01-20T22:56:31+00:00","og_image":[{"width":1250,"height":1250,"url":"https:\/\/tecplan.com.es\/wp-content\/uploads\/2026\/01\/6U-RACK-Cabint.jpg","type":"image\/jpeg"}],"twitter_card":"summary_large_image","twitter_misc":{"Est. reading time":"1 minute"},"schema":{"@context":"https:\/\/schema.org","@graph":[{"@type":"WebPage","@id":"https:\/\/tecplan.com.es\/product\/6u-rack-cabinet\/","url":"https:\/\/tecplan.com.es\/product\/6u-rack-cabinet\/","name":"6U RACK CABINET - Tecplan","isPartOf":{"@id":"https:\/\/tecplan.com.es\/#website"},"primaryImageOfPage":{"@id":"https:\/\/tecplan.com.es\/product\/6u-rack-cabinet\/#primaryimage"},"image":{"@id":"https:\/\/tecplan.com.es\/product\/6u-rack-cabinet\/#primaryimage"},"thumbnailUrl":"https:\/\/tecplan.com.es\/wp-content\/uploads\/2026\/01\/6U-RACK-Cabint.jpg","datePublished":"2026-01-16T22:44:39+00:00","dateModified":"2026-01-20T22:56:31+00:00","breadcrumb":{"@id":"https:\/\/tecplan.com.es\/product\/6u-rack-cabinet\/#breadcrumb"},"inLanguage":"en-US","potentialAction":[{"@type":"ReadAction","target":["https:\/\/tecplan.com.es\/product\/6u-rack-cabinet\/"]}]},{"@type":"ImageObject","inLanguage":"en-US","@id":"https:\/\/tecplan.com.es\/product\/6u-rack-cabinet\/#primaryimage","url":"https:\/\/tecplan.com.es\/wp-content\/uploads\/2026\/01\/6U-RACK-Cabint.jpg","contentUrl":"https:\/\/tecplan.com.es\/wp-content\/uploads\/2026\/01\/6U-RACK-Cabint.jpg","width":1250,"height":1250},{"@type":"BreadcrumbList","@id":"https:\/\/tecplan.com.es\/product\/6u-rack-cabinet\/#breadcrumb","itemListElement":[{"@type":"ListItem","position":1,"name":"Home","item":"https:\/\/tecplan.com.es\/"},{"@type":"ListItem","position":2,"name":"Shop","item":"https:\/\/tecplan.com.es\/shop\/"},{"@type":"ListItem","position":3,"name":"6U RACK CABINET"}]},{"@type":"WebSite","@id":"https:\/\/tecplan.com.es\/#website","url":"https:\/\/tecplan.com.es\/","name":"Tecplan","description":"","potentialAction":[{"@type":"SearchAction","target":{"@type":"EntryPoint","urlTemplate":"https:\/\/tecplan.com.es\/?s={search_term_string}"},"query-input":{"@type":"PropertyValueSpecification","valueRequired":true,"valueName":"search_term_string"}}],"inLanguage":"en-US"}]}},"_links":{"self":[{"href":"https:\/\/tecplan.com.es\/en\/wp-json\/wp\/v2\/product\/5173","targetHints":{"allow":["GET"]}}],"collection":[{"href":"https:\/\/tecplan.com.es\/en\/wp-json\/wp\/v2\/product"}],"about":[{"href":"https:\/\/tecplan.com.es\/en\/wp-json\/wp\/v2\/types\/product"}],"replies":[{"embeddable":true,"href":"https:\/\/tecplan.com.es\/en\/wp-json\/wp\/v2\/comments?post=5173"}],"version-history":[{"count":2,"href":"https:\/\/tecplan.com.es\/en\/wp-json\/wp\/v2\/product\/5173\/revisions"}],"predecessor-version":[{"id":5286,"href":"https:\/\/tecplan.com.es\/en\/wp-json\/wp\/v2\/product\/5173\/revisions\/5286"}],"wp:featuredmedia":[{"embeddable":true,"href":"https:\/\/tecplan.com.es\/en\/wp-json\/wp\/v2\/media\/5140"}],"wp:attachment":[{"href":"https:\/\/tecplan.com.es\/en\/wp-json\/wp\/v2\/media?parent=5173"}],"wp:term":[{"taxonomy":"product_brand","embeddable":true,"href":"https:\/\/tecplan.com.es\/en\/wp-json\/wp\/v2\/product_brand?post=5173"},{"taxonomy":"product_cat","embeddable":true,"href":"https:\/\/tecplan.com.es\/en\/wp-json\/wp\/v2\/product_cat?post=5173"},{"taxonomy":"product_tag","embeddable":true,"href":"https:\/\/tecplan.com.es\/en\/wp-json\/wp\/v2\/product_tag?post=5173"}],"curies":[{"name":"wp","href":"https:\/\/api.w.org\/{rel}","templated":true}]}}