{"id":5170,"date":"2026-01-16T22:44:38","date_gmt":"2026-01-16T22:44:38","guid":{"rendered":"https:\/\/tecplan.com.es\/product\/42u-rack-cabinet-600x600\/"},"modified":"2026-01-20T21:05:29","modified_gmt":"2026-01-20T21:05:29","slug":"42u-rack-cabinet-600x600","status":"publish","type":"product","link":"https:\/\/tecplan.com.es\/en\/product\/42u-rack-cabinet-600x600\/","title":{"rendered":"42U RACK cabinet 600&#215;600"},"content":{"rendered":"<p style=\"text-align: justify;\"><strong>42U RACK cabinet, floor standing, ready-to-assemble 600&#215;600.<\/strong><\/p>\n<p style=\"text-align: justify;\">El gabinete RACK 19\u201d permite integrar sistemas de CCTV, AC, I&amp;HAS, RTV, LAN u otros en empresas medianas y grandes. Est\u00e1 destinado a dispositivos fabricados en gabinetes del est\u00e1ndar<br \/>\n19\u201d. Gracias a los gabinetes RACK, los dispositivos est\u00e1n montados est\u00e9ticamente y protegidos contra da\u00f1os mec\u00e1nicos.<\/p>\n<ul style=\"text-align: justify;\">\n<li style=\"text-align: justify;\">Dimensiones de montaje: An.=19&#8243;, Al.=42U, Pr.=360 mm<\/li>\n<li style=\"text-align: justify;\">Dimensiones externas: An.=600, Al.=2055, Pr.=600 [mm, +\/-2]<\/li>\n<li style=\"text-align: justify;\">Peso neto\/bruto: 85\/91 [kg]. Carga est\u00e1tica: 1000 kg (con pies niveladores).<\/li>\n<li style=\"text-align: justify;\">Uso: interior, IP20. Notas: &#8211; Disp. regulable<\/li>\n<\/ul>\n<h5 style=\"text-align: justify;\"><span style=\"text-decoration: underline;\"><strong>DOWNLOADS<\/strong><\/span><\/h5>\n<ul style=\"text-align: justify;\">\n<li style=\"text-align: justify;\">\u2192\u00a0 <a href=\"https:\/\/drive.google.com\/file\/d\/1uz7qDcrn3LijjRT_0XJMzFvLAB1tV6am\/view?usp=sharing\">Technical sheet<\/a><\/li>\n<\/ul>","protected":false},"excerpt":{"rendered":"<p style=\"text-align: justify;\"><strong>42U RACK cabinet, floor standing, 600&#215;600<\/strong><\/p>\n<p style=\"text-align: justify;\">En los entornos actuales de TI y redes, la organizaci\u00f3n eficiente de los equipos es crucial para lograr operaciones fluidas. El Gabinete de soporte para servidor de piso 42Ufrom STURDX est\u00e1 dise\u00f1ado para ofrecer funcionalidad, durabilidad y flexibilidad superiores, lo que lo convierte en una excelente opci\u00f3n para los profesionales de TI. Con su tama\u00f1o compacto de 600 mm x 600 mm (24&#8243; x 24&#8243;), este gabinete de servidor independiente se adapta perfectamente a configuraciones y centros de datos de tama\u00f1o peque\u00f1o a mediano.<\/p>\n<p><img decoding=\"async\" class=\"wp-image-4906 aligncenter\" src=\"https:\/\/tecplan.com.es\/wp-content\/uploads\/2026\/01\/log-afirma-png-300x86.png\" alt=\"\" width=\"189\" height=\"55\" srcset=\"https:\/\/tecplan.com.es\/wp-content\/uploads\/2026\/01\/log-afirma-png-300x86.png 300w, https:\/\/tecplan.com.es\/wp-content\/uploads\/2026\/01\/log-afirma-png-1024x292.png 1024w, https:\/\/tecplan.com.es\/wp-content\/uploads\/2026\/01\/log-afirma-png-768x219.png 768w, https:\/\/tecplan.com.es\/wp-content\/uploads\/2026\/01\/log-afirma-png-1536x439.png 1536w, https:\/\/tecplan.com.es\/wp-content\/uploads\/2026\/01\/log-afirma-png-2048x585.png 2048w, https:\/\/tecplan.com.es\/wp-content\/uploads\/2026\/01\/log-afirma-png-18x5.png 18w, https:\/\/tecplan.com.es\/wp-content\/uploads\/2026\/01\/log-afirma-png-600x171.png 600w\" sizes=\"(max-width: 189px) 100vw, 189px\" \/><\/p>","protected":false},"featured_media":5130,"comment_status":"open","ping_status":"closed","template":"","meta":{"site-sidebar-layout":"default","site-content-layout":"","ast-site-content-layout":"default","site-content-style":"default","site-sidebar-style":"default","ast-global-header-display":"","ast-banner-title-visibility":"","ast-main-header-display":"","ast-hfb-above-header-display":"","ast-hfb-below-header-display":"","ast-hfb-mobile-header-display":"","site-post-title":"","ast-breadcrumbs-content":"","ast-featured-img":"","footer-sml-layout":"","ast-disable-related-posts":"","theme-transparent-header-meta":"default","adv-header-id-meta":"","stick-header-meta":"","header-above-stick-meta":"","header-main-stick-meta":"","header-below-stick-meta":"","astra-migrate-meta-layouts":"set","ast-page-background-enabled":"default","ast-page-background-meta":{"desktop":{"background-color":"var(--ast-global-color-5)","background-image":"","background-repeat":"repeat","background-position":"center center","background-size":"auto","background-attachment":"scroll","background-type":"","background-media":"","overlay-type":"","overlay-color":"","overlay-opacity":"","overlay-gradient":""},"tablet":{"background-color":"","background-image":"","background-repeat":"repeat","background-position":"center center","background-size":"auto","background-attachment":"scroll","background-type":"","background-media":"","overlay-type":"","overlay-color":"","overlay-opacity":"","overlay-gradient":""},"mobile":{"background-color":"","background-image":"","background-repeat":"repeat","background-position":"center center","background-size":"auto","background-attachment":"scroll","background-type":"","background-media":"","overlay-type":"","overlay-color":"","overlay-opacity":"","overlay-gradient":""}},"ast-content-background-meta":{"desktop":{"background-color":"var(--ast-global-color-4)","background-image":"","background-repeat":"repeat","background-position":"center center","background-size":"auto","background-attachment":"scroll","background-type":"","background-media":"","overlay-type":"","overlay-color":"","overlay-opacity":"","overlay-gradient":""},"tablet":{"background-color":"var(--ast-global-color-4)","background-image":"","background-repeat":"repeat","background-position":"center center","background-size":"auto","background-attachment":"scroll","background-type":"","background-media":"","overlay-type":"","overlay-color":"","overlay-opacity":"","overlay-gradient":""},"mobile":{"background-color":"var(--ast-global-color-4)","background-image":"","background-repeat":"repeat","background-position":"center center","background-size":"auto","background-attachment":"scroll","background-type":"","background-media":"","overlay-type":"","overlay-color":"","overlay-opacity":"","overlay-gradient":""}}},"product_brand":[331],"product_cat":[187,185],"product_tag":[228],"class_list":{"0":"post-5170","1":"product","2":"type-product","3":"status-publish","4":"has-post-thumbnail","6":"product_brand-afirma","7":"product_cat-afirma","8":"product_cat-infraestructura","9":"product_tag-afirma","10":"desktop-align-left","11":"tablet-align-left","12":"mobile-align-left","14":"first","15":"instock","16":"shipping-taxable","17":"product-type-simple"},"yoast_head":"<!-- This site is optimized with the Yoast SEO plugin v25.3 - https:\/\/yoast.com\/wordpress\/plugins\/seo\/ -->\n<title>42U RACK cabinet 600x600 - Tecplan<\/title>\n<meta name=\"robots\" content=\"index, follow, max-snippet:-1, max-image-preview:large, max-video-preview:-1\" \/>\n<link rel=\"canonical\" href=\"https:\/\/tecplan.com.es\/en\/product\/42u-rack-cabinet-600x600\/\" \/>\n<meta property=\"og:locale\" content=\"en_US\" \/>\n<meta property=\"og:type\" content=\"article\" \/>\n<meta property=\"og:title\" content=\"42U RACK cabinet 600x600 - Tecplan\" \/>\n<meta property=\"og:description\" content=\"42U RACK cabinet, floor standing, 600x600 En los entornos actuales de TI y redes, la organizaci\u00f3n eficiente de los equipos es crucial para lograr operaciones fluidas. El Gabinete de soporte para servidor de piso 42Ufrom STURDX est\u00e1 dise\u00f1ado para ofrecer funcionalidad, durabilidad y flexibilidad superiores, lo que lo convierte en una excelente opci\u00f3n para los profesionales de TI. Con su tama\u00f1o compacto de 600 mm x 600 mm (24&quot; x 24&quot;), este gabinete de servidor independiente se adapta perfectamente a configuraciones y centros de datos de tama\u00f1o peque\u00f1o a mediano.\" \/>\n<meta property=\"og:url\" content=\"https:\/\/tecplan.com.es\/en\/product\/42u-rack-cabinet-600x600\/\" \/>\n<meta property=\"og:site_name\" content=\"Tecplan\" \/>\n<meta property=\"article:modified_time\" content=\"2026-01-20T21:05:29+00:00\" \/>\n<meta property=\"og:image\" content=\"https:\/\/tecplan.com.es\/wp-content\/uploads\/2026\/01\/42U-RACK_Mesa-de-trabajo-1.jpg\" \/>\n\t<meta property=\"og:image:width\" content=\"1250\" \/>\n\t<meta property=\"og:image:height\" content=\"1250\" \/>\n\t<meta property=\"og:image:type\" content=\"image\/jpeg\" \/>\n<meta name=\"twitter:card\" content=\"summary_large_image\" \/>\n<meta name=\"twitter:label1\" content=\"Est. reading time\" \/>\n\t<meta name=\"twitter:data1\" content=\"1 minute\" \/>\n<script type=\"application\/ld+json\" class=\"yoast-schema-graph\">{\"@context\":\"https:\/\/schema.org\",\"@graph\":[{\"@type\":\"WebPage\",\"@id\":\"https:\/\/tecplan.com.es\/product\/42u-rack-cabinet-600x600\/\",\"url\":\"https:\/\/tecplan.com.es\/product\/42u-rack-cabinet-600x600\/\",\"name\":\"42U RACK cabinet 600x600 - Tecplan\",\"isPartOf\":{\"@id\":\"https:\/\/tecplan.com.es\/#website\"},\"primaryImageOfPage\":{\"@id\":\"https:\/\/tecplan.com.es\/product\/42u-rack-cabinet-600x600\/#primaryimage\"},\"image\":{\"@id\":\"https:\/\/tecplan.com.es\/product\/42u-rack-cabinet-600x600\/#primaryimage\"},\"thumbnailUrl\":\"https:\/\/tecplan.com.es\/wp-content\/uploads\/2026\/01\/42U-RACK_Mesa-de-trabajo-1.jpg\",\"datePublished\":\"2026-01-16T22:44:38+00:00\",\"dateModified\":\"2026-01-20T21:05:29+00:00\",\"breadcrumb\":{\"@id\":\"https:\/\/tecplan.com.es\/product\/42u-rack-cabinet-600x600\/#breadcrumb\"},\"inLanguage\":\"en-US\",\"potentialAction\":[{\"@type\":\"ReadAction\",\"target\":[\"https:\/\/tecplan.com.es\/product\/42u-rack-cabinet-600x600\/\"]}]},{\"@type\":\"ImageObject\",\"inLanguage\":\"en-US\",\"@id\":\"https:\/\/tecplan.com.es\/product\/42u-rack-cabinet-600x600\/#primaryimage\",\"url\":\"https:\/\/tecplan.com.es\/wp-content\/uploads\/2026\/01\/42U-RACK_Mesa-de-trabajo-1.jpg\",\"contentUrl\":\"https:\/\/tecplan.com.es\/wp-content\/uploads\/2026\/01\/42U-RACK_Mesa-de-trabajo-1.jpg\",\"width\":1250,\"height\":1250},{\"@type\":\"BreadcrumbList\",\"@id\":\"https:\/\/tecplan.com.es\/product\/42u-rack-cabinet-600x600\/#breadcrumb\",\"itemListElement\":[{\"@type\":\"ListItem\",\"position\":1,\"name\":\"Home\",\"item\":\"https:\/\/tecplan.com.es\/\"},{\"@type\":\"ListItem\",\"position\":2,\"name\":\"Shop\",\"item\":\"https:\/\/tecplan.com.es\/shop\/\"},{\"@type\":\"ListItem\",\"position\":3,\"name\":\"42U RACK cabinet 600&#215;600\"}]},{\"@type\":\"WebSite\",\"@id\":\"https:\/\/tecplan.com.es\/#website\",\"url\":\"https:\/\/tecplan.com.es\/\",\"name\":\"Tecplan\",\"description\":\"\",\"potentialAction\":[{\"@type\":\"SearchAction\",\"target\":{\"@type\":\"EntryPoint\",\"urlTemplate\":\"https:\/\/tecplan.com.es\/?s={search_term_string}\"},\"query-input\":{\"@type\":\"PropertyValueSpecification\",\"valueRequired\":true,\"valueName\":\"search_term_string\"}}],\"inLanguage\":\"en-US\"}]}<\/script>\n<!-- \/ Yoast SEO plugin. -->","yoast_head_json":{"title":"42U RACK cabinet 600x600 - Tecplan","robots":{"index":"index","follow":"follow","max-snippet":"max-snippet:-1","max-image-preview":"max-image-preview:large","max-video-preview":"max-video-preview:-1"},"canonical":"https:\/\/tecplan.com.es\/en\/product\/42u-rack-cabinet-600x600\/","og_locale":"en_US","og_type":"article","og_title":"42U RACK cabinet 600x600 - Tecplan","og_description":"42U RACK cabinet, floor standing, 600x600 En los entornos actuales de TI y redes, la organizaci\u00f3n eficiente de los equipos es crucial para lograr operaciones fluidas. El Gabinete de soporte para servidor de piso 42Ufrom STURDX est\u00e1 dise\u00f1ado para ofrecer funcionalidad, durabilidad y flexibilidad superiores, lo que lo convierte en una excelente opci\u00f3n para los profesionales de TI. Con su tama\u00f1o compacto de 600 mm x 600 mm (24\" x 24\"), este gabinete de servidor independiente se adapta perfectamente a configuraciones y centros de datos de tama\u00f1o peque\u00f1o a mediano.","og_url":"https:\/\/tecplan.com.es\/en\/product\/42u-rack-cabinet-600x600\/","og_site_name":"Tecplan","article_modified_time":"2026-01-20T21:05:29+00:00","og_image":[{"width":1250,"height":1250,"url":"https:\/\/tecplan.com.es\/wp-content\/uploads\/2026\/01\/42U-RACK_Mesa-de-trabajo-1.jpg","type":"image\/jpeg"}],"twitter_card":"summary_large_image","twitter_misc":{"Est. reading time":"1 minute"},"schema":{"@context":"https:\/\/schema.org","@graph":[{"@type":"WebPage","@id":"https:\/\/tecplan.com.es\/product\/42u-rack-cabinet-600x600\/","url":"https:\/\/tecplan.com.es\/product\/42u-rack-cabinet-600x600\/","name":"42U RACK cabinet 600x600 - Tecplan","isPartOf":{"@id":"https:\/\/tecplan.com.es\/#website"},"primaryImageOfPage":{"@id":"https:\/\/tecplan.com.es\/product\/42u-rack-cabinet-600x600\/#primaryimage"},"image":{"@id":"https:\/\/tecplan.com.es\/product\/42u-rack-cabinet-600x600\/#primaryimage"},"thumbnailUrl":"https:\/\/tecplan.com.es\/wp-content\/uploads\/2026\/01\/42U-RACK_Mesa-de-trabajo-1.jpg","datePublished":"2026-01-16T22:44:38+00:00","dateModified":"2026-01-20T21:05:29+00:00","breadcrumb":{"@id":"https:\/\/tecplan.com.es\/product\/42u-rack-cabinet-600x600\/#breadcrumb"},"inLanguage":"en-US","potentialAction":[{"@type":"ReadAction","target":["https:\/\/tecplan.com.es\/product\/42u-rack-cabinet-600x600\/"]}]},{"@type":"ImageObject","inLanguage":"en-US","@id":"https:\/\/tecplan.com.es\/product\/42u-rack-cabinet-600x600\/#primaryimage","url":"https:\/\/tecplan.com.es\/wp-content\/uploads\/2026\/01\/42U-RACK_Mesa-de-trabajo-1.jpg","contentUrl":"https:\/\/tecplan.com.es\/wp-content\/uploads\/2026\/01\/42U-RACK_Mesa-de-trabajo-1.jpg","width":1250,"height":1250},{"@type":"BreadcrumbList","@id":"https:\/\/tecplan.com.es\/product\/42u-rack-cabinet-600x600\/#breadcrumb","itemListElement":[{"@type":"ListItem","position":1,"name":"Home","item":"https:\/\/tecplan.com.es\/"},{"@type":"ListItem","position":2,"name":"Shop","item":"https:\/\/tecplan.com.es\/shop\/"},{"@type":"ListItem","position":3,"name":"42U RACK cabinet 600&#215;600"}]},{"@type":"WebSite","@id":"https:\/\/tecplan.com.es\/#website","url":"https:\/\/tecplan.com.es\/","name":"Tecplan","description":"","potentialAction":[{"@type":"SearchAction","target":{"@type":"EntryPoint","urlTemplate":"https:\/\/tecplan.com.es\/?s={search_term_string}"},"query-input":{"@type":"PropertyValueSpecification","valueRequired":true,"valueName":"search_term_string"}}],"inLanguage":"en-US"}]}},"_links":{"self":[{"href":"https:\/\/tecplan.com.es\/en\/wp-json\/wp\/v2\/product\/5170","targetHints":{"allow":["GET"]}}],"collection":[{"href":"https:\/\/tecplan.com.es\/en\/wp-json\/wp\/v2\/product"}],"about":[{"href":"https:\/\/tecplan.com.es\/en\/wp-json\/wp\/v2\/types\/product"}],"replies":[{"embeddable":true,"href":"https:\/\/tecplan.com.es\/en\/wp-json\/wp\/v2\/comments?post=5170"}],"version-history":[{"count":3,"href":"https:\/\/tecplan.com.es\/en\/wp-json\/wp\/v2\/product\/5170\/revisions"}],"predecessor-version":[{"id":5242,"href":"https:\/\/tecplan.com.es\/en\/wp-json\/wp\/v2\/product\/5170\/revisions\/5242"}],"wp:featuredmedia":[{"embeddable":true,"href":"https:\/\/tecplan.com.es\/en\/wp-json\/wp\/v2\/media\/5130"}],"wp:attachment":[{"href":"https:\/\/tecplan.com.es\/en\/wp-json\/wp\/v2\/media?parent=5170"}],"wp:term":[{"taxonomy":"product_brand","embeddable":true,"href":"https:\/\/tecplan.com.es\/en\/wp-json\/wp\/v2\/product_brand?post=5170"},{"taxonomy":"product_cat","embeddable":true,"href":"https:\/\/tecplan.com.es\/en\/wp-json\/wp\/v2\/product_cat?post=5170"},{"taxonomy":"product_tag","embeddable":true,"href":"https:\/\/tecplan.com.es\/en\/wp-json\/wp\/v2\/product_tag?post=5170"}],"curies":[{"name":"wp","href":"https:\/\/api.w.org\/{rel}","templated":true}]}}