{"id":5166,"date":"2026-01-16T22:44:38","date_gmt":"2026-01-16T22:44:38","guid":{"rendered":"https:\/\/tecplan.com.es\/product\/switch-cbs250-24t-4g-smart\/"},"modified":"2026-01-20T21:55:11","modified_gmt":"2026-01-20T21:55:11","slug":"switch-cbs250-24t-4g-smart","status":"publish","type":"product","link":"https:\/\/tecplan.com.es\/en\/product\/switch-cbs250-24t-4g-smart\/","title":{"rendered":"SWITCH CBS250-24T-4G SMART"},"content":{"rendered":"<p style=\"text-align: justify;\"><strong>Cisco Business CBS250-24T-4G Smart Switch | 24 puertos GE | 4x1G SFP | &#8211; CBS250-24T-4G-NA (embalaje original de Cisco<\/strong><\/p>\n<p style=\"text-align: justify;\">Conectividad Gigabit de alta velocidad \u2013 El Cisco Business CBS250-24T-4G cuenta con 24 puertos Gigabit Ethernet y 4 enlaces ascendentes SFP 1G, lo que proporciona conexiones por cable r\u00e1pidas y confiables con capacidades de expansi\u00f3n de red perfectas.<\/p>\n<p style=\"text-align: justify;\">Caracter\u00edsticas de capa 2 y capa 3 administradas de forma inteligente \u2013 Admite VLAN, QoS, enrutamiento est\u00e1tico y protocolos de seguridad, lo que garantiza un rendimiento de red optimizado, priorizaci\u00f3n del tr\u00e1fico y protecci\u00f3n de datos mejorada para peque\u00f1as y medianas empresas.<\/p>\n<p style=\"text-align: justify;\">F\u00e1cil configuraci\u00f3n y administraci\u00f3n \u2013 Con una interfaz web intuitiva, este interruptor inteligente simplifica la configuraci\u00f3n, el monitoreo y la resoluci\u00f3n de problemas, lo que lo hace f\u00e1cil de usar incluso para usuarios no t\u00e9cnicos.<\/p>\n<p style=\"text-align: justify;\">Operaci\u00f3n silenciosa y energ\u00e9ticamente eficiente \u2013 Construido con tecnolog\u00eda de ahorro de energ\u00eda, el dise\u00f1o sin ventilador garantiza un funcionamiento silencioso, lo que lo hace ideal para entornos de oficina donde la reducci\u00f3n de ruido es esencial.<\/p>\n<p style=\"text-align: justify;\">Redes comerciales escalables y confiables \u2013 Dise\u00f1ado para empresas en crecimiento, este conmutador ofrece alto rendimiento, seguridad y escalabilidad, lo que garantiza una infraestructura de red estable y preparada para el futuro.<\/p>","protected":false},"excerpt":{"rendered":"<p style=\"text-align: justify;\"><strong>CBS250-24T-4G SMART SWITCH | 24 PUERTOS<\/strong><\/p>\n<ul>\n<li style=\"text-align: justify;\">Business CBS250-24T-4G Smart Switch | 24 puertos GE.<\/li>\n<li style=\"text-align: justify;\"><strong>PUERTOS DEL INTERRUPTOR:<\/strong> 24 puertos 10\/100\/1000 + 4 x 1GE.<\/li>\n<li style=\"text-align: justify;\">El panel intuitivo Cisco Business o la interfaz de usuario en caja simplifica las operaciones de red y automatiza la gesti\u00f3n del ciclo de vida. Flexible, seguro , Dise\u00f1o innovador.<\/li>\n<\/ul>\n<p><img decoding=\"async\" class=\"wp-image-5248 aligncenter\" src=\"https:\/\/tecplan.com.es\/wp-content\/uploads\/2026\/01\/1024px-Cisco_logo.svg-300x158.png\" alt=\"\" width=\"97\" height=\"50\" srcset=\"https:\/\/tecplan.com.es\/wp-content\/uploads\/2026\/01\/1024px-Cisco_logo.svg-300x158.png 300w, https:\/\/tecplan.com.es\/wp-content\/uploads\/2026\/01\/1024px-Cisco_logo.svg-768x405.png 768w, https:\/\/tecplan.com.es\/wp-content\/uploads\/2026\/01\/1024px-Cisco_logo.svg-18x9.png 18w, https:\/\/tecplan.com.es\/wp-content\/uploads\/2026\/01\/1024px-Cisco_logo.svg-600x316.png 600w, https:\/\/tecplan.com.es\/wp-content\/uploads\/2026\/01\/1024px-Cisco_logo.svg.png 1024w\" sizes=\"(max-width: 97px) 100vw, 97px\" \/><\/p>","protected":false},"featured_media":5259,"comment_status":"open","ping_status":"closed","template":"","meta":{"site-sidebar-layout":"default","site-content-layout":"","ast-site-content-layout":"default","site-content-style":"default","site-sidebar-style":"default","ast-global-header-display":"","ast-banner-title-visibility":"","ast-main-header-display":"","ast-hfb-above-header-display":"","ast-hfb-below-header-display":"","ast-hfb-mobile-header-display":"","site-post-title":"","ast-breadcrumbs-content":"","ast-featured-img":"","footer-sml-layout":"","ast-disable-related-posts":"","theme-transparent-header-meta":"default","adv-header-id-meta":"","stick-header-meta":"","header-above-stick-meta":"","header-main-stick-meta":"","header-below-stick-meta":"","astra-migrate-meta-layouts":"set","ast-page-background-enabled":"default","ast-page-background-meta":{"desktop":{"background-color":"var(--ast-global-color-5)","background-image":"","background-repeat":"repeat","background-position":"center center","background-size":"auto","background-attachment":"scroll","background-type":"","background-media":"","overlay-type":"","overlay-color":"","overlay-opacity":"","overlay-gradient":""},"tablet":{"background-color":"","background-image":"","background-repeat":"repeat","background-position":"center center","background-size":"auto","background-attachment":"scroll","background-type":"","background-media":"","overlay-type":"","overlay-color":"","overlay-opacity":"","overlay-gradient":""},"mobile":{"background-color":"","background-image":"","background-repeat":"repeat","background-position":"center center","background-size":"auto","background-attachment":"scroll","background-type":"","background-media":"","overlay-type":"","overlay-color":"","overlay-opacity":"","overlay-gradient":""}},"ast-content-background-meta":{"desktop":{"background-color":"var(--ast-global-color-4)","background-image":"","background-repeat":"repeat","background-position":"center center","background-size":"auto","background-attachment":"scroll","background-type":"","background-media":"","overlay-type":"","overlay-color":"","overlay-opacity":"","overlay-gradient":""},"tablet":{"background-color":"var(--ast-global-color-4)","background-image":"","background-repeat":"repeat","background-position":"center center","background-size":"auto","background-attachment":"scroll","background-type":"","background-media":"","overlay-type":"","overlay-color":"","overlay-opacity":"","overlay-gradient":""},"mobile":{"background-color":"var(--ast-global-color-4)","background-image":"","background-repeat":"repeat","background-position":"center center","background-size":"auto","background-attachment":"scroll","background-type":"","background-media":"","overlay-type":"","overlay-color":"","overlay-opacity":"","overlay-gradient":""}}},"product_brand":[339],"product_cat":[130,96,133],"product_tag":[211],"class_list":{"0":"post-5166","1":"product","2":"type-product","3":"status-publish","4":"has-post-thumbnail","6":"product_brand-cisco","7":"product_cat-cisco","8":"product_cat-networking","9":"product_cat-swicth","10":"product_tag-cisco","11":"desktop-align-left","12":"tablet-align-left","13":"mobile-align-left","15":"first","16":"instock","17":"shipping-taxable","18":"product-type-simple"},"yoast_head":"<!-- This site is optimized with the Yoast SEO plugin v25.3 - https:\/\/yoast.com\/wordpress\/plugins\/seo\/ -->\n<title>SWITCH CBS250-24T-4G SMART - Tecplan<\/title>\n<meta name=\"robots\" content=\"index, follow, max-snippet:-1, max-image-preview:large, max-video-preview:-1\" \/>\n<link rel=\"canonical\" href=\"https:\/\/tecplan.com.es\/en\/product\/switch-cbs250-24t-4g-smart\/\" \/>\n<meta property=\"og:locale\" content=\"en_US\" \/>\n<meta property=\"og:type\" content=\"article\" \/>\n<meta property=\"og:title\" content=\"SWITCH CBS250-24T-4G SMART - Tecplan\" \/>\n<meta property=\"og:description\" content=\"CBS250-24T-4G SMART SWITCH | 24 PUERTOS    Business CBS250-24T-4G Smart Switch | 24 puertos GE.  PUERTOS DEL INTERRUPTOR: 24 puertos 10\/100\/1000 + 4 x 1GE.  El panel intuitivo Cisco Business o la interfaz de usuario en caja simplifica las operaciones de red y automatiza la gesti\u00f3n del ciclo de vida. Flexible, seguro , Dise\u00f1o innovador.\" \/>\n<meta property=\"og:url\" content=\"https:\/\/tecplan.com.es\/en\/product\/switch-cbs250-24t-4g-smart\/\" \/>\n<meta property=\"og:site_name\" content=\"Tecplan\" \/>\n<meta property=\"article:modified_time\" content=\"2026-01-20T21:55:11+00:00\" \/>\n<meta property=\"og:image\" content=\"https:\/\/tecplan.com.es\/wp-content\/uploads\/2026\/01\/cisco-cbs220-4.jpg\" \/>\n\t<meta property=\"og:image:width\" content=\"679\" \/>\n\t<meta property=\"og:image:height\" content=\"176\" \/>\n\t<meta property=\"og:image:type\" content=\"image\/jpeg\" \/>\n<meta name=\"twitter:card\" content=\"summary_large_image\" \/>\n<meta name=\"twitter:label1\" content=\"Est. reading time\" \/>\n\t<meta name=\"twitter:data1\" content=\"2 minutes\" \/>\n<script type=\"application\/ld+json\" class=\"yoast-schema-graph\">{\"@context\":\"https:\/\/schema.org\",\"@graph\":[{\"@type\":\"WebPage\",\"@id\":\"https:\/\/tecplan.com.es\/product\/switch-cbs250-24t-4g-smart\/\",\"url\":\"https:\/\/tecplan.com.es\/product\/switch-cbs250-24t-4g-smart\/\",\"name\":\"SWITCH CBS250-24T-4G SMART - Tecplan\",\"isPartOf\":{\"@id\":\"https:\/\/tecplan.com.es\/#website\"},\"primaryImageOfPage\":{\"@id\":\"https:\/\/tecplan.com.es\/product\/switch-cbs250-24t-4g-smart\/#primaryimage\"},\"image\":{\"@id\":\"https:\/\/tecplan.com.es\/product\/switch-cbs250-24t-4g-smart\/#primaryimage\"},\"thumbnailUrl\":\"https:\/\/tecplan.com.es\/wp-content\/uploads\/2026\/01\/cisco-cbs220-4.jpg\",\"datePublished\":\"2026-01-16T22:44:38+00:00\",\"dateModified\":\"2026-01-20T21:55:11+00:00\",\"breadcrumb\":{\"@id\":\"https:\/\/tecplan.com.es\/product\/switch-cbs250-24t-4g-smart\/#breadcrumb\"},\"inLanguage\":\"en-US\",\"potentialAction\":[{\"@type\":\"ReadAction\",\"target\":[\"https:\/\/tecplan.com.es\/product\/switch-cbs250-24t-4g-smart\/\"]}]},{\"@type\":\"ImageObject\",\"inLanguage\":\"en-US\",\"@id\":\"https:\/\/tecplan.com.es\/product\/switch-cbs250-24t-4g-smart\/#primaryimage\",\"url\":\"https:\/\/tecplan.com.es\/wp-content\/uploads\/2026\/01\/cisco-cbs220-4.jpg\",\"contentUrl\":\"https:\/\/tecplan.com.es\/wp-content\/uploads\/2026\/01\/cisco-cbs220-4.jpg\",\"width\":679,\"height\":176},{\"@type\":\"BreadcrumbList\",\"@id\":\"https:\/\/tecplan.com.es\/product\/switch-cbs250-24t-4g-smart\/#breadcrumb\",\"itemListElement\":[{\"@type\":\"ListItem\",\"position\":1,\"name\":\"Home\",\"item\":\"https:\/\/tecplan.com.es\/\"},{\"@type\":\"ListItem\",\"position\":2,\"name\":\"Shop\",\"item\":\"https:\/\/tecplan.com.es\/shop\/\"},{\"@type\":\"ListItem\",\"position\":3,\"name\":\"SWITCH CBS250-24T-4G SMART\"}]},{\"@type\":\"WebSite\",\"@id\":\"https:\/\/tecplan.com.es\/#website\",\"url\":\"https:\/\/tecplan.com.es\/\",\"name\":\"Tecplan\",\"description\":\"\",\"potentialAction\":[{\"@type\":\"SearchAction\",\"target\":{\"@type\":\"EntryPoint\",\"urlTemplate\":\"https:\/\/tecplan.com.es\/?s={search_term_string}\"},\"query-input\":{\"@type\":\"PropertyValueSpecification\",\"valueRequired\":true,\"valueName\":\"search_term_string\"}}],\"inLanguage\":\"en-US\"}]}<\/script>\n<!-- \/ Yoast SEO plugin. -->","yoast_head_json":{"title":"SWITCH CBS250-24T-4G SMART - Tecplan","robots":{"index":"index","follow":"follow","max-snippet":"max-snippet:-1","max-image-preview":"max-image-preview:large","max-video-preview":"max-video-preview:-1"},"canonical":"https:\/\/tecplan.com.es\/en\/product\/switch-cbs250-24t-4g-smart\/","og_locale":"en_US","og_type":"article","og_title":"SWITCH CBS250-24T-4G SMART - Tecplan","og_description":"CBS250-24T-4G SMART SWITCH | 24 PUERTOS    Business CBS250-24T-4G Smart Switch | 24 puertos GE.  PUERTOS DEL INTERRUPTOR: 24 puertos 10\/100\/1000 + 4 x 1GE.  El panel intuitivo Cisco Business o la interfaz de usuario en caja simplifica las operaciones de red y automatiza la gesti\u00f3n del ciclo de vida. Flexible, seguro , Dise\u00f1o innovador.","og_url":"https:\/\/tecplan.com.es\/en\/product\/switch-cbs250-24t-4g-smart\/","og_site_name":"Tecplan","article_modified_time":"2026-01-20T21:55:11+00:00","og_image":[{"width":679,"height":176,"url":"https:\/\/tecplan.com.es\/wp-content\/uploads\/2026\/01\/cisco-cbs220-4.jpg","type":"image\/jpeg"}],"twitter_card":"summary_large_image","twitter_misc":{"Est. reading time":"2 minutes"},"schema":{"@context":"https:\/\/schema.org","@graph":[{"@type":"WebPage","@id":"https:\/\/tecplan.com.es\/product\/switch-cbs250-24t-4g-smart\/","url":"https:\/\/tecplan.com.es\/product\/switch-cbs250-24t-4g-smart\/","name":"SWITCH CBS250-24T-4G SMART - Tecplan","isPartOf":{"@id":"https:\/\/tecplan.com.es\/#website"},"primaryImageOfPage":{"@id":"https:\/\/tecplan.com.es\/product\/switch-cbs250-24t-4g-smart\/#primaryimage"},"image":{"@id":"https:\/\/tecplan.com.es\/product\/switch-cbs250-24t-4g-smart\/#primaryimage"},"thumbnailUrl":"https:\/\/tecplan.com.es\/wp-content\/uploads\/2026\/01\/cisco-cbs220-4.jpg","datePublished":"2026-01-16T22:44:38+00:00","dateModified":"2026-01-20T21:55:11+00:00","breadcrumb":{"@id":"https:\/\/tecplan.com.es\/product\/switch-cbs250-24t-4g-smart\/#breadcrumb"},"inLanguage":"en-US","potentialAction":[{"@type":"ReadAction","target":["https:\/\/tecplan.com.es\/product\/switch-cbs250-24t-4g-smart\/"]}]},{"@type":"ImageObject","inLanguage":"en-US","@id":"https:\/\/tecplan.com.es\/product\/switch-cbs250-24t-4g-smart\/#primaryimage","url":"https:\/\/tecplan.com.es\/wp-content\/uploads\/2026\/01\/cisco-cbs220-4.jpg","contentUrl":"https:\/\/tecplan.com.es\/wp-content\/uploads\/2026\/01\/cisco-cbs220-4.jpg","width":679,"height":176},{"@type":"BreadcrumbList","@id":"https:\/\/tecplan.com.es\/product\/switch-cbs250-24t-4g-smart\/#breadcrumb","itemListElement":[{"@type":"ListItem","position":1,"name":"Home","item":"https:\/\/tecplan.com.es\/"},{"@type":"ListItem","position":2,"name":"Shop","item":"https:\/\/tecplan.com.es\/shop\/"},{"@type":"ListItem","position":3,"name":"SWITCH CBS250-24T-4G SMART"}]},{"@type":"WebSite","@id":"https:\/\/tecplan.com.es\/#website","url":"https:\/\/tecplan.com.es\/","name":"Tecplan","description":"","potentialAction":[{"@type":"SearchAction","target":{"@type":"EntryPoint","urlTemplate":"https:\/\/tecplan.com.es\/?s={search_term_string}"},"query-input":{"@type":"PropertyValueSpecification","valueRequired":true,"valueName":"search_term_string"}}],"inLanguage":"en-US"}]}},"_links":{"self":[{"href":"https:\/\/tecplan.com.es\/en\/wp-json\/wp\/v2\/product\/5166","targetHints":{"allow":["GET"]}}],"collection":[{"href":"https:\/\/tecplan.com.es\/en\/wp-json\/wp\/v2\/product"}],"about":[{"href":"https:\/\/tecplan.com.es\/en\/wp-json\/wp\/v2\/types\/product"}],"replies":[{"embeddable":true,"href":"https:\/\/tecplan.com.es\/en\/wp-json\/wp\/v2\/comments?post=5166"}],"version-history":[{"count":2,"href":"https:\/\/tecplan.com.es\/en\/wp-json\/wp\/v2\/product\/5166\/revisions"}],"predecessor-version":[{"id":5252,"href":"https:\/\/tecplan.com.es\/en\/wp-json\/wp\/v2\/product\/5166\/revisions\/5252"}],"wp:featuredmedia":[{"embeddable":true,"href":"https:\/\/tecplan.com.es\/en\/wp-json\/wp\/v2\/media\/5259"}],"wp:attachment":[{"href":"https:\/\/tecplan.com.es\/en\/wp-json\/wp\/v2\/media?parent=5166"}],"wp:term":[{"taxonomy":"product_brand","embeddable":true,"href":"https:\/\/tecplan.com.es\/en\/wp-json\/wp\/v2\/product_brand?post=5166"},{"taxonomy":"product_cat","embeddable":true,"href":"https:\/\/tecplan.com.es\/en\/wp-json\/wp\/v2\/product_cat?post=5166"},{"taxonomy":"product_tag","embeddable":true,"href":"https:\/\/tecplan.com.es\/en\/wp-json\/wp\/v2\/product_tag?post=5166"}],"curies":[{"name":"wp","href":"https:\/\/api.w.org\/{rel}","templated":true}]}}