{"id":5163,"date":"2026-01-16T22:44:38","date_gmt":"2026-01-16T22:44:38","guid":{"rendered":"https:\/\/tecplan.com.es\/product\/interruptor-cbs220-48p-4x\/"},"modified":"2026-01-20T22:06:57","modified_gmt":"2026-01-20T22:06:57","slug":"interruptor-cbs220-48p-4x","status":"publish","type":"product","link":"https:\/\/tecplan.com.es\/en\/product\/interruptor-cbs220-48p-4x\/","title":{"rendered":"INTERRUPTOR CBS220-48P-4X"},"content":{"rendered":"<p style=\"text-align: justify;\"><strong>CISCO Interruptor inteligente dise\u00f1ado CBS220-48P-4X | 48 puertos GE | PoE | 4x10G SFP+ | Garant\u00eda limitada de hardware de 3 a\u00f1os (CBS220-48P-4X-NA)<\/strong><\/p>\n<ul>\n<li style=\"text-align: justify;\"><strong>PUERTOS DEL INTERRUPTOR:<\/strong> 48 puertos 10\/100\/1000 + 4 x 10G SFP+<\/li>\n<li style=\"text-align: justify;\"><strong>POWER-OVER-ETHERNET:<\/strong> 48 puertos PoE con un presupuesto de potencia total de 382 W, PoE, PoE+<\/li>\n<li style=\"text-align: justify;\"><strong>SIMPLE:<\/strong> La interfaz de usuario intuitiva en la caja, la aplicaci\u00f3n m\u00f3vil y el panel de control Cisco Business simplifica las operaciones de red y automatiza la gesti\u00f3n del ciclo de vida<\/li>\n<li style=\"text-align: justify;\"><strong>SEGURIDAD:<\/strong> Integrado con IEEE 802.1X para controlar el acceso a su red, la prevenci\u00f3n de ataques de denegaci\u00f3n de servicio (DoS) aumenta el tiempo de actividad de la red durante un ataque, mientras que las listas de control de acceso (ACL) protegen la red de usuarios no autorizados<\/li>\n<li style=\"text-align: justify;\"><strong>Dise\u00f1o innovador:<\/strong> dise\u00f1o elegante y compacto, ideal para la instalaci\u00f3n fuera del armario de cableado como tiendas minoristas, oficinas abiertas y aulas<\/li>\n<li style=\"text-align: justify;\"><strong>Eficiencia energ\u00e9tica:<\/strong> optimiza el uso de energ\u00eda para reducir los costos operativos. Cumple con IEEE802.3az Ethernet de eficiencia energ\u00e9tica. Sin ventilador en modelos seleccionados<\/li>\n<li style=\"text-align: justify;\"><strong>TRANQUILIDAD:<\/strong> Garant\u00eda limitada de hardware de 3 a\u00f1os con reemplazo de regreso a f\u00e1brica y soporte t\u00e9cnico de un a\u00f1o.<\/li>\n<\/ul>","protected":false},"excerpt":{"rendered":"<p style=\"text-align: justify;\"><strong>INTERRUPTOR CBS220-48P-4X | 48<\/strong><\/p>\n<ul>\n<li style=\"text-align: justify;\">PUERTOS DEL INTERRUPTOR: 48 puertos 10\/100\/1000 + 4 x 10G<\/li>\n<li style=\"text-align: justify;\">SFP+ POWER-OVER-ETHERNET: 48 puertos PoE con un presupuesto de potencia total de 382 W, PoE, PoE+, interfaz de usuario intuitiva en la caja, la aplicaci\u00f3n m\u00f3vil y el panel de control Cisco Business simplifica las operaciones de red su red.<\/li>\n<\/ul>\n<p><img decoding=\"async\" class=\"wp-image-5248 aligncenter\" src=\"https:\/\/tecplan.com.es\/wp-content\/uploads\/2026\/01\/1024px-Cisco_logo.svg-300x158.png\" alt=\"\" width=\"108\" height=\"50\" \/><\/p>","protected":false},"featured_media":5107,"comment_status":"open","ping_status":"closed","template":"","meta":{"site-sidebar-layout":"default","site-content-layout":"","ast-site-content-layout":"default","site-content-style":"default","site-sidebar-style":"default","ast-global-header-display":"","ast-banner-title-visibility":"","ast-main-header-display":"","ast-hfb-above-header-display":"","ast-hfb-below-header-display":"","ast-hfb-mobile-header-display":"","site-post-title":"","ast-breadcrumbs-content":"","ast-featured-img":"","footer-sml-layout":"","ast-disable-related-posts":"","theme-transparent-header-meta":"default","adv-header-id-meta":"","stick-header-meta":"","header-above-stick-meta":"","header-main-stick-meta":"","header-below-stick-meta":"","astra-migrate-meta-layouts":"set","ast-page-background-enabled":"default","ast-page-background-meta":{"desktop":{"background-color":"var(--ast-global-color-5)","background-image":"","background-repeat":"repeat","background-position":"center center","background-size":"auto","background-attachment":"scroll","background-type":"","background-media":"","overlay-type":"","overlay-color":"","overlay-opacity":"","overlay-gradient":""},"tablet":{"background-color":"","background-image":"","background-repeat":"repeat","background-position":"center center","background-size":"auto","background-attachment":"scroll","background-type":"","background-media":"","overlay-type":"","overlay-color":"","overlay-opacity":"","overlay-gradient":""},"mobile":{"background-color":"","background-image":"","background-repeat":"repeat","background-position":"center center","background-size":"auto","background-attachment":"scroll","background-type":"","background-media":"","overlay-type":"","overlay-color":"","overlay-opacity":"","overlay-gradient":""}},"ast-content-background-meta":{"desktop":{"background-color":"var(--ast-global-color-4)","background-image":"","background-repeat":"repeat","background-position":"center center","background-size":"auto","background-attachment":"scroll","background-type":"","background-media":"","overlay-type":"","overlay-color":"","overlay-opacity":"","overlay-gradient":""},"tablet":{"background-color":"var(--ast-global-color-4)","background-image":"","background-repeat":"repeat","background-position":"center center","background-size":"auto","background-attachment":"scroll","background-type":"","background-media":"","overlay-type":"","overlay-color":"","overlay-opacity":"","overlay-gradient":""},"mobile":{"background-color":"var(--ast-global-color-4)","background-image":"","background-repeat":"repeat","background-position":"center center","background-size":"auto","background-attachment":"scroll","background-type":"","background-media":"","overlay-type":"","overlay-color":"","overlay-opacity":"","overlay-gradient":""}}},"product_brand":[339],"product_cat":[130,96,133],"product_tag":[211],"class_list":{"0":"post-5163","1":"product","2":"type-product","3":"status-publish","4":"has-post-thumbnail","6":"product_brand-cisco","7":"product_cat-cisco","8":"product_cat-networking","9":"product_cat-swicth","10":"product_tag-cisco","11":"desktop-align-left","12":"tablet-align-left","13":"mobile-align-left","15":"first","16":"instock","17":"shipping-taxable","18":"product-type-simple"},"yoast_head":"<!-- This site is optimized with the Yoast SEO plugin v25.3 - https:\/\/yoast.com\/wordpress\/plugins\/seo\/ -->\n<title>INTERRUPTOR CBS220-48P-4X - Tecplan<\/title>\n<meta name=\"robots\" content=\"index, follow, max-snippet:-1, max-image-preview:large, max-video-preview:-1\" \/>\n<link rel=\"canonical\" href=\"https:\/\/tecplan.com.es\/en\/product\/interruptor-cbs220-48p-4x\/\" \/>\n<meta property=\"og:locale\" content=\"en_US\" \/>\n<meta property=\"og:type\" content=\"article\" \/>\n<meta property=\"og:title\" content=\"INTERRUPTOR CBS220-48P-4X - Tecplan\" \/>\n<meta property=\"og:description\" content=\"INTERRUPTOR CBS220-48P-4X | 48    PUERTOS DEL INTERRUPTOR: 48 puertos 10\/100\/1000 + 4 x 10G  SFP+ POWER-OVER-ETHERNET: 48 puertos PoE con un presupuesto de potencia total de 382 W, PoE, PoE+, interfaz de usuario intuitiva en la caja, la aplicaci\u00f3n m\u00f3vil y el panel de control Cisco Business simplifica las operaciones de red su red.\" \/>\n<meta property=\"og:url\" content=\"https:\/\/tecplan.com.es\/en\/product\/interruptor-cbs220-48p-4x\/\" \/>\n<meta property=\"og:site_name\" content=\"Tecplan\" \/>\n<meta property=\"article:modified_time\" content=\"2026-01-20T22:06:57+00:00\" \/>\n<meta property=\"og:image\" content=\"https:\/\/tecplan.com.es\/wp-content\/uploads\/2026\/01\/CBS220-48P.jpg\" \/>\n\t<meta property=\"og:image:width\" content=\"1250\" \/>\n\t<meta property=\"og:image:height\" content=\"1250\" \/>\n\t<meta property=\"og:image:type\" content=\"image\/jpeg\" \/>\n<meta name=\"twitter:card\" content=\"summary_large_image\" \/>\n<meta name=\"twitter:label1\" content=\"Est. reading time\" \/>\n\t<meta name=\"twitter:data1\" content=\"2 minutes\" \/>\n<script type=\"application\/ld+json\" class=\"yoast-schema-graph\">{\"@context\":\"https:\/\/schema.org\",\"@graph\":[{\"@type\":\"WebPage\",\"@id\":\"https:\/\/tecplan.com.es\/product\/interruptor-cbs220-48p-4x\/\",\"url\":\"https:\/\/tecplan.com.es\/product\/interruptor-cbs220-48p-4x\/\",\"name\":\"INTERRUPTOR CBS220-48P-4X - Tecplan\",\"isPartOf\":{\"@id\":\"https:\/\/tecplan.com.es\/#website\"},\"primaryImageOfPage\":{\"@id\":\"https:\/\/tecplan.com.es\/product\/interruptor-cbs220-48p-4x\/#primaryimage\"},\"image\":{\"@id\":\"https:\/\/tecplan.com.es\/product\/interruptor-cbs220-48p-4x\/#primaryimage\"},\"thumbnailUrl\":\"https:\/\/tecplan.com.es\/wp-content\/uploads\/2026\/01\/CBS220-48P.jpg\",\"datePublished\":\"2026-01-16T22:44:38+00:00\",\"dateModified\":\"2026-01-20T22:06:57+00:00\",\"breadcrumb\":{\"@id\":\"https:\/\/tecplan.com.es\/product\/interruptor-cbs220-48p-4x\/#breadcrumb\"},\"inLanguage\":\"en-US\",\"potentialAction\":[{\"@type\":\"ReadAction\",\"target\":[\"https:\/\/tecplan.com.es\/product\/interruptor-cbs220-48p-4x\/\"]}]},{\"@type\":\"ImageObject\",\"inLanguage\":\"en-US\",\"@id\":\"https:\/\/tecplan.com.es\/product\/interruptor-cbs220-48p-4x\/#primaryimage\",\"url\":\"https:\/\/tecplan.com.es\/wp-content\/uploads\/2026\/01\/CBS220-48P.jpg\",\"contentUrl\":\"https:\/\/tecplan.com.es\/wp-content\/uploads\/2026\/01\/CBS220-48P.jpg\",\"width\":1250,\"height\":1250},{\"@type\":\"BreadcrumbList\",\"@id\":\"https:\/\/tecplan.com.es\/product\/interruptor-cbs220-48p-4x\/#breadcrumb\",\"itemListElement\":[{\"@type\":\"ListItem\",\"position\":1,\"name\":\"Home\",\"item\":\"https:\/\/tecplan.com.es\/\"},{\"@type\":\"ListItem\",\"position\":2,\"name\":\"Shop\",\"item\":\"https:\/\/tecplan.com.es\/shop\/\"},{\"@type\":\"ListItem\",\"position\":3,\"name\":\"INTERRUPTOR CBS220-48P-4X\"}]},{\"@type\":\"WebSite\",\"@id\":\"https:\/\/tecplan.com.es\/#website\",\"url\":\"https:\/\/tecplan.com.es\/\",\"name\":\"Tecplan\",\"description\":\"\",\"potentialAction\":[{\"@type\":\"SearchAction\",\"target\":{\"@type\":\"EntryPoint\",\"urlTemplate\":\"https:\/\/tecplan.com.es\/?s={search_term_string}\"},\"query-input\":{\"@type\":\"PropertyValueSpecification\",\"valueRequired\":true,\"valueName\":\"search_term_string\"}}],\"inLanguage\":\"en-US\"}]}<\/script>\n<!-- \/ Yoast SEO plugin. -->","yoast_head_json":{"title":"INTERRUPTOR CBS220-48P-4X - Tecplan","robots":{"index":"index","follow":"follow","max-snippet":"max-snippet:-1","max-image-preview":"max-image-preview:large","max-video-preview":"max-video-preview:-1"},"canonical":"https:\/\/tecplan.com.es\/en\/product\/interruptor-cbs220-48p-4x\/","og_locale":"en_US","og_type":"article","og_title":"INTERRUPTOR CBS220-48P-4X - Tecplan","og_description":"INTERRUPTOR CBS220-48P-4X | 48    PUERTOS DEL INTERRUPTOR: 48 puertos 10\/100\/1000 + 4 x 10G  SFP+ POWER-OVER-ETHERNET: 48 puertos PoE con un presupuesto de potencia total de 382 W, PoE, PoE+, interfaz de usuario intuitiva en la caja, la aplicaci\u00f3n m\u00f3vil y el panel de control Cisco Business simplifica las operaciones de red su red.","og_url":"https:\/\/tecplan.com.es\/en\/product\/interruptor-cbs220-48p-4x\/","og_site_name":"Tecplan","article_modified_time":"2026-01-20T22:06:57+00:00","og_image":[{"width":1250,"height":1250,"url":"https:\/\/tecplan.com.es\/wp-content\/uploads\/2026\/01\/CBS220-48P.jpg","type":"image\/jpeg"}],"twitter_card":"summary_large_image","twitter_misc":{"Est. reading time":"2 minutes"},"schema":{"@context":"https:\/\/schema.org","@graph":[{"@type":"WebPage","@id":"https:\/\/tecplan.com.es\/product\/interruptor-cbs220-48p-4x\/","url":"https:\/\/tecplan.com.es\/product\/interruptor-cbs220-48p-4x\/","name":"INTERRUPTOR CBS220-48P-4X - Tecplan","isPartOf":{"@id":"https:\/\/tecplan.com.es\/#website"},"primaryImageOfPage":{"@id":"https:\/\/tecplan.com.es\/product\/interruptor-cbs220-48p-4x\/#primaryimage"},"image":{"@id":"https:\/\/tecplan.com.es\/product\/interruptor-cbs220-48p-4x\/#primaryimage"},"thumbnailUrl":"https:\/\/tecplan.com.es\/wp-content\/uploads\/2026\/01\/CBS220-48P.jpg","datePublished":"2026-01-16T22:44:38+00:00","dateModified":"2026-01-20T22:06:57+00:00","breadcrumb":{"@id":"https:\/\/tecplan.com.es\/product\/interruptor-cbs220-48p-4x\/#breadcrumb"},"inLanguage":"en-US","potentialAction":[{"@type":"ReadAction","target":["https:\/\/tecplan.com.es\/product\/interruptor-cbs220-48p-4x\/"]}]},{"@type":"ImageObject","inLanguage":"en-US","@id":"https:\/\/tecplan.com.es\/product\/interruptor-cbs220-48p-4x\/#primaryimage","url":"https:\/\/tecplan.com.es\/wp-content\/uploads\/2026\/01\/CBS220-48P.jpg","contentUrl":"https:\/\/tecplan.com.es\/wp-content\/uploads\/2026\/01\/CBS220-48P.jpg","width":1250,"height":1250},{"@type":"BreadcrumbList","@id":"https:\/\/tecplan.com.es\/product\/interruptor-cbs220-48p-4x\/#breadcrumb","itemListElement":[{"@type":"ListItem","position":1,"name":"Home","item":"https:\/\/tecplan.com.es\/"},{"@type":"ListItem","position":2,"name":"Shop","item":"https:\/\/tecplan.com.es\/shop\/"},{"@type":"ListItem","position":3,"name":"INTERRUPTOR CBS220-48P-4X"}]},{"@type":"WebSite","@id":"https:\/\/tecplan.com.es\/#website","url":"https:\/\/tecplan.com.es\/","name":"Tecplan","description":"","potentialAction":[{"@type":"SearchAction","target":{"@type":"EntryPoint","urlTemplate":"https:\/\/tecplan.com.es\/?s={search_term_string}"},"query-input":{"@type":"PropertyValueSpecification","valueRequired":true,"valueName":"search_term_string"}}],"inLanguage":"en-US"}]}},"_links":{"self":[{"href":"https:\/\/tecplan.com.es\/en\/wp-json\/wp\/v2\/product\/5163","targetHints":{"allow":["GET"]}}],"collection":[{"href":"https:\/\/tecplan.com.es\/en\/wp-json\/wp\/v2\/product"}],"about":[{"href":"https:\/\/tecplan.com.es\/en\/wp-json\/wp\/v2\/types\/product"}],"replies":[{"embeddable":true,"href":"https:\/\/tecplan.com.es\/en\/wp-json\/wp\/v2\/comments?post=5163"}],"version-history":[{"count":2,"href":"https:\/\/tecplan.com.es\/en\/wp-json\/wp\/v2\/product\/5163\/revisions"}],"predecessor-version":[{"id":5266,"href":"https:\/\/tecplan.com.es\/en\/wp-json\/wp\/v2\/product\/5163\/revisions\/5266"}],"wp:featuredmedia":[{"embeddable":true,"href":"https:\/\/tecplan.com.es\/en\/wp-json\/wp\/v2\/media\/5107"}],"wp:attachment":[{"href":"https:\/\/tecplan.com.es\/en\/wp-json\/wp\/v2\/media?parent=5163"}],"wp:term":[{"taxonomy":"product_brand","embeddable":true,"href":"https:\/\/tecplan.com.es\/en\/wp-json\/wp\/v2\/product_brand?post=5163"},{"taxonomy":"product_cat","embeddable":true,"href":"https:\/\/tecplan.com.es\/en\/wp-json\/wp\/v2\/product_cat?post=5163"},{"taxonomy":"product_tag","embeddable":true,"href":"https:\/\/tecplan.com.es\/en\/wp-json\/wp\/v2\/product_tag?post=5163"}],"curies":[{"name":"wp","href":"https:\/\/api.w.org\/{rel}","templated":true}]}}