{"id":5162,"date":"2026-01-16T22:44:38","date_gmt":"2026-01-16T22:44:38","guid":{"rendered":"https:\/\/tecplan.com.es\/product\/catalyst-9200-c9200l-48p-conmutador\/"},"modified":"2026-01-20T22:14:45","modified_gmt":"2026-01-20T22:14:45","slug":"catalyst-9200-c9200l-48p-conmutador","status":"publish","type":"product","link":"https:\/\/tecplan.com.es\/en\/product\/catalyst-9200-c9200l-48p-conmutador\/","title":{"rendered":"CATALYST 9200 C9200L 48P CONMUTADOR"},"content":{"rendered":"<p style=\"text-align: justify;\"><strong>Switch Cisco C9200L-48P-4G-E &#8211; Gigabit Ethernet &#8211; 48 puertos PoE+ &#8211; 4 Puertos Uplink &#8211; Gestionado<\/strong><\/p>\n<p style=\"text-align: justify;\">El Cisco Catalyst 9200L C9200L-48P es un conmutador de red de capa 3, ideal para la automatizaci\u00f3n y seguridad, que ofrece 48 puertos Gigabit PoE+ para alimentar dispositivos como tel\u00e9fonos IP y c\u00e1maras, adem\u00e1s de puertos de enlace ascendente (uplink) (t\u00edpicamente 4x 1G o 4x 10G SFP\/SFP+) para conectividad de alta velocidad, funcionando con el sistema operativo Cisco IOS XE y dise\u00f1ado para apilamiento, proporcionando resiliencia y simplicidad en redes empresariales.<\/p>\n<p style=\"text-align: justify;\"><strong>Mayor seguridad<\/strong><br \/>\nLos switches de la serie Catalyst 9200 proporcionan caracter\u00edsticas de seguridad que protegen la integridad del hardware, as\u00ed como el software y todos los datos que fluyen a trav\u00e9s del switch. Proporciona resiliencia que mantiene su negocio funcionando sin ning\u00fan tipo de problemas.<\/p>\n<p style=\"text-align: justify;\"><strong>Escalabilidad<\/strong><br \/>\nLos switches de la serie Catalyst 9200 est\u00e1n dise\u00f1ados para apilarse uno sobre otro, lo que permite llevar un manejo \u00fanico y llevar un control de hasta 384 puertos de acceso.<\/p>\n<p style=\"text-align: justify;\"><strong>Configuraci\u00f3n y automatizaci\u00f3n total<\/strong><br \/>\nEl software Cisco IOS XE es la mejor soluci\u00f3n para automatizaci\u00f3n de redes y abre nuevas oportunidades en la configuraci\u00f3n, operaci\u00f3n y monitoreo de las actividades dentro de la red.<\/p>\n<ul>\n<li style=\"text-align: justify;\">48 puertos con capacidad de alimentaci\u00f3n por ethernet plus (PoE+). &#8211; Eficiencia operativa con apilamiento posterior opcional, que admite un ancho de banda de hasta 80 Gbps.<\/li>\n<li style=\"text-align: justify;\">Downlink a trav\u00e9s de PoE+. &#8211; Mayor seguridad con encriptaci\u00f3n por AES-128 MACsec.<\/li>\n<li style=\"text-align: justify;\">Monitoreo de red avanzada usando Full Flexible NetFlow.<\/li>\n<\/ul>\n<p style=\"text-align: justify;\"><strong>Technical specifications<\/strong><\/p>\n<ul>\n<li style=\"text-align: justify;\">Software &#8211; Cisco IOS XE<\/li>\n<li style=\"text-align: justify;\">Aprovisionamiento autom\u00e1tico de dispositivos<\/li>\n<li style=\"text-align: justify;\">Configuraci\u00f3n por API<\/li>\n<li style=\"text-align: justify;\">SD-Access<\/li>\n<li style=\"text-align: justify;\">Full flexible netflow<\/li>\n<li style=\"text-align: justify;\">Puertos &#8211; 48 totalmente PoE+<\/li>\n<li style=\"text-align: justify;\">Redes virtuales &#8211; 1<\/li>\n<li style=\"text-align: justify;\">Banda ancha apilable &#8211; 80 Gbps<\/li>\n<li style=\"text-align: justify;\">Rutas IPv4 &#8211; 11,000 (8,000 directas y 3,000 indirectas)<\/li>\n<li style=\"text-align: justify;\">DRAM &#8211; 2 GB<\/li>\n<li style=\"text-align: justify;\">Memoria Flash &#8211; 4 GB<\/li>\n<li style=\"text-align: justify;\">Capacidad de switching &#8211; 104 Gbps<\/li>\n<li style=\"text-align: justify;\">Tasa de reenv\u00edo &#8211; 154.76 mpps<\/li>\n<li style=\"text-align: justify;\">Network Essentials &#8211; Cisco DNA Essentials<\/li>\n<li style=\"text-align: justify;\">Dimensiones &#8211; 1.73 x 17.5 x 11.3 pulgadas (4.4 x 44.5 x 28.8 cm.)<\/li>\n<li style=\"text-align: justify;\">Tiempo medio entre fallos &#8211; 347,760 horas<\/li>\n<li style=\"text-align: justify;\">Fuente de alimentaci\u00f3n &#8211; PWR-C5-1KWAC<\/li>\n<li style=\"text-align: justify;\">Voltaje y frecuencia &#8211; 100 a 240 VAC, 50 a 60 Hz<\/li>\n<li style=\"text-align: justify;\">Peso &#8211; 9.59 libras (4.35 kg)<\/li>\n<\/ul>","protected":false},"excerpt":{"rendered":"<p style=\"text-align: justify;\"><strong>Cisco Catalyst 9200L de 48 puertos PoE+, switch de datos 4x1G<\/strong><\/p>\n<p style=\"text-align: justify;\">Los switches de la serie Catalyst 9200 ayudan a los clientes a simplificar la complejidad, optimizar las tecnolog\u00edas de la informaci\u00f3n y reducir los costos de operaci\u00f3n al aprovechar la inteligencia y la automatizaci\u00f3n de Cisco. Con las mismas bases que los productos de la serie 9000, estos switches ofrecen mayor simplicidad y seguridad sin comprometer el desempe\u00f1o.<\/p>\n<p><img decoding=\"async\" class=\"wp-image-5248 aligncenter\" src=\"https:\/\/tecplan.com.es\/wp-content\/uploads\/2026\/01\/1024px-Cisco_logo.svg-300x158.png\" alt=\"\" width=\"82\" height=\"23\" \/><\/p>","protected":false},"featured_media":5105,"comment_status":"open","ping_status":"closed","template":"","meta":{"site-sidebar-layout":"default","site-content-layout":"","ast-site-content-layout":"default","site-content-style":"default","site-sidebar-style":"default","ast-global-header-display":"","ast-banner-title-visibility":"","ast-main-header-display":"","ast-hfb-above-header-display":"","ast-hfb-below-header-display":"","ast-hfb-mobile-header-display":"","site-post-title":"","ast-breadcrumbs-content":"","ast-featured-img":"","footer-sml-layout":"","ast-disable-related-posts":"","theme-transparent-header-meta":"default","adv-header-id-meta":"","stick-header-meta":"","header-above-stick-meta":"","header-main-stick-meta":"","header-below-stick-meta":"","astra-migrate-meta-layouts":"set","ast-page-background-enabled":"default","ast-page-background-meta":{"desktop":{"background-color":"var(--ast-global-color-5)","background-image":"","background-repeat":"repeat","background-position":"center center","background-size":"auto","background-attachment":"scroll","background-type":"","background-media":"","overlay-type":"","overlay-color":"","overlay-opacity":"","overlay-gradient":""},"tablet":{"background-color":"","background-image":"","background-repeat":"repeat","background-position":"center center","background-size":"auto","background-attachment":"scroll","background-type":"","background-media":"","overlay-type":"","overlay-color":"","overlay-opacity":"","overlay-gradient":""},"mobile":{"background-color":"","background-image":"","background-repeat":"repeat","background-position":"center center","background-size":"auto","background-attachment":"scroll","background-type":"","background-media":"","overlay-type":"","overlay-color":"","overlay-opacity":"","overlay-gradient":""}},"ast-content-background-meta":{"desktop":{"background-color":"var(--ast-global-color-4)","background-image":"","background-repeat":"repeat","background-position":"center center","background-size":"auto","background-attachment":"scroll","background-type":"","background-media":"","overlay-type":"","overlay-color":"","overlay-opacity":"","overlay-gradient":""},"tablet":{"background-color":"var(--ast-global-color-4)","background-image":"","background-repeat":"repeat","background-position":"center center","background-size":"auto","background-attachment":"scroll","background-type":"","background-media":"","overlay-type":"","overlay-color":"","overlay-opacity":"","overlay-gradient":""},"mobile":{"background-color":"var(--ast-global-color-4)","background-image":"","background-repeat":"repeat","background-position":"center center","background-size":"auto","background-attachment":"scroll","background-type":"","background-media":"","overlay-type":"","overlay-color":"","overlay-opacity":"","overlay-gradient":""}}},"product_brand":[339],"product_cat":[130,131],"product_tag":[211],"class_list":{"0":"post-5162","1":"product","2":"type-product","3":"status-publish","4":"has-post-thumbnail","6":"product_brand-cisco","7":"product_cat-cisco","8":"product_cat-router-cisco","9":"product_tag-cisco","10":"desktop-align-left","11":"tablet-align-left","12":"mobile-align-left","14":"first","15":"instock","16":"shipping-taxable","17":"product-type-simple"},"yoast_head":"<!-- This site is optimized with the Yoast SEO plugin v25.3 - https:\/\/yoast.com\/wordpress\/plugins\/seo\/ -->\n<title>CATALYST 9200 C9200L 48P CONMUTADOR - Tecplan<\/title>\n<meta name=\"robots\" content=\"index, follow, max-snippet:-1, max-image-preview:large, max-video-preview:-1\" \/>\n<link rel=\"canonical\" href=\"https:\/\/tecplan.com.es\/en\/product\/catalyst-9200-c9200l-48p-conmutador\/\" \/>\n<meta property=\"og:locale\" content=\"en_US\" \/>\n<meta property=\"og:type\" content=\"article\" \/>\n<meta property=\"og:title\" content=\"CATALYST 9200 C9200L 48P CONMUTADOR - Tecplan\" \/>\n<meta property=\"og:description\" content=\"Cisco Catalyst 9200L de 48 puertos PoE+, switch de datos 4x1G Los switches de la serie Catalyst 9200 ayudan a los clientes a simplificar la complejidad, optimizar las tecnolog\u00edas de la informaci\u00f3n y reducir los costos de operaci\u00f3n al aprovechar la inteligencia y la automatizaci\u00f3n de Cisco. Con las mismas bases que los productos de la serie 9000, estos switches ofrecen mayor simplicidad y seguridad sin comprometer el desempe\u00f1o.\" \/>\n<meta property=\"og:url\" content=\"https:\/\/tecplan.com.es\/en\/product\/catalyst-9200-c9200l-48p-conmutador\/\" \/>\n<meta property=\"og:site_name\" content=\"Tecplan\" \/>\n<meta property=\"article:modified_time\" content=\"2026-01-20T22:14:45+00:00\" \/>\n<meta property=\"og:image\" content=\"https:\/\/tecplan.com.es\/wp-content\/uploads\/2026\/01\/CISCO_C9200L-48P-4G.jpg\" \/>\n\t<meta property=\"og:image:width\" content=\"600\" \/>\n\t<meta property=\"og:image:height\" content=\"480\" \/>\n\t<meta property=\"og:image:type\" content=\"image\/jpeg\" \/>\n<meta name=\"twitter:card\" content=\"summary_large_image\" \/>\n<meta name=\"twitter:label1\" content=\"Est. reading time\" \/>\n\t<meta name=\"twitter:data1\" content=\"2 minutes\" \/>\n<script type=\"application\/ld+json\" class=\"yoast-schema-graph\">{\"@context\":\"https:\/\/schema.org\",\"@graph\":[{\"@type\":\"WebPage\",\"@id\":\"https:\/\/tecplan.com.es\/product\/catalyst-9200-c9200l-48p-conmutador\/\",\"url\":\"https:\/\/tecplan.com.es\/product\/catalyst-9200-c9200l-48p-conmutador\/\",\"name\":\"CATALYST 9200 C9200L 48P CONMUTADOR - Tecplan\",\"isPartOf\":{\"@id\":\"https:\/\/tecplan.com.es\/#website\"},\"primaryImageOfPage\":{\"@id\":\"https:\/\/tecplan.com.es\/product\/catalyst-9200-c9200l-48p-conmutador\/#primaryimage\"},\"image\":{\"@id\":\"https:\/\/tecplan.com.es\/product\/catalyst-9200-c9200l-48p-conmutador\/#primaryimage\"},\"thumbnailUrl\":\"https:\/\/tecplan.com.es\/wp-content\/uploads\/2026\/01\/CISCO_C9200L-48P-4G.jpg\",\"datePublished\":\"2026-01-16T22:44:38+00:00\",\"dateModified\":\"2026-01-20T22:14:45+00:00\",\"breadcrumb\":{\"@id\":\"https:\/\/tecplan.com.es\/product\/catalyst-9200-c9200l-48p-conmutador\/#breadcrumb\"},\"inLanguage\":\"en-US\",\"potentialAction\":[{\"@type\":\"ReadAction\",\"target\":[\"https:\/\/tecplan.com.es\/product\/catalyst-9200-c9200l-48p-conmutador\/\"]}]},{\"@type\":\"ImageObject\",\"inLanguage\":\"en-US\",\"@id\":\"https:\/\/tecplan.com.es\/product\/catalyst-9200-c9200l-48p-conmutador\/#primaryimage\",\"url\":\"https:\/\/tecplan.com.es\/wp-content\/uploads\/2026\/01\/CISCO_C9200L-48P-4G.jpg\",\"contentUrl\":\"https:\/\/tecplan.com.es\/wp-content\/uploads\/2026\/01\/CISCO_C9200L-48P-4G.jpg\",\"width\":600,\"height\":480},{\"@type\":\"BreadcrumbList\",\"@id\":\"https:\/\/tecplan.com.es\/product\/catalyst-9200-c9200l-48p-conmutador\/#breadcrumb\",\"itemListElement\":[{\"@type\":\"ListItem\",\"position\":1,\"name\":\"Home\",\"item\":\"https:\/\/tecplan.com.es\/\"},{\"@type\":\"ListItem\",\"position\":2,\"name\":\"Shop\",\"item\":\"https:\/\/tecplan.com.es\/shop\/\"},{\"@type\":\"ListItem\",\"position\":3,\"name\":\"CATALYST 9200 C9200L 48P CONMUTADOR\"}]},{\"@type\":\"WebSite\",\"@id\":\"https:\/\/tecplan.com.es\/#website\",\"url\":\"https:\/\/tecplan.com.es\/\",\"name\":\"Tecplan\",\"description\":\"\",\"potentialAction\":[{\"@type\":\"SearchAction\",\"target\":{\"@type\":\"EntryPoint\",\"urlTemplate\":\"https:\/\/tecplan.com.es\/?s={search_term_string}\"},\"query-input\":{\"@type\":\"PropertyValueSpecification\",\"valueRequired\":true,\"valueName\":\"search_term_string\"}}],\"inLanguage\":\"en-US\"}]}<\/script>\n<!-- \/ Yoast SEO plugin. -->","yoast_head_json":{"title":"CATALYST 9200 C9200L 48P CONMUTADOR - Tecplan","robots":{"index":"index","follow":"follow","max-snippet":"max-snippet:-1","max-image-preview":"max-image-preview:large","max-video-preview":"max-video-preview:-1"},"canonical":"https:\/\/tecplan.com.es\/en\/product\/catalyst-9200-c9200l-48p-conmutador\/","og_locale":"en_US","og_type":"article","og_title":"CATALYST 9200 C9200L 48P CONMUTADOR - Tecplan","og_description":"Cisco Catalyst 9200L de 48 puertos PoE+, switch de datos 4x1G Los switches de la serie Catalyst 9200 ayudan a los clientes a simplificar la complejidad, optimizar las tecnolog\u00edas de la informaci\u00f3n y reducir los costos de operaci\u00f3n al aprovechar la inteligencia y la automatizaci\u00f3n de Cisco. Con las mismas bases que los productos de la serie 9000, estos switches ofrecen mayor simplicidad y seguridad sin comprometer el desempe\u00f1o.","og_url":"https:\/\/tecplan.com.es\/en\/product\/catalyst-9200-c9200l-48p-conmutador\/","og_site_name":"Tecplan","article_modified_time":"2026-01-20T22:14:45+00:00","og_image":[{"width":600,"height":480,"url":"https:\/\/tecplan.com.es\/wp-content\/uploads\/2026\/01\/CISCO_C9200L-48P-4G.jpg","type":"image\/jpeg"}],"twitter_card":"summary_large_image","twitter_misc":{"Est. reading time":"2 minutes"},"schema":{"@context":"https:\/\/schema.org","@graph":[{"@type":"WebPage","@id":"https:\/\/tecplan.com.es\/product\/catalyst-9200-c9200l-48p-conmutador\/","url":"https:\/\/tecplan.com.es\/product\/catalyst-9200-c9200l-48p-conmutador\/","name":"CATALYST 9200 C9200L 48P CONMUTADOR - Tecplan","isPartOf":{"@id":"https:\/\/tecplan.com.es\/#website"},"primaryImageOfPage":{"@id":"https:\/\/tecplan.com.es\/product\/catalyst-9200-c9200l-48p-conmutador\/#primaryimage"},"image":{"@id":"https:\/\/tecplan.com.es\/product\/catalyst-9200-c9200l-48p-conmutador\/#primaryimage"},"thumbnailUrl":"https:\/\/tecplan.com.es\/wp-content\/uploads\/2026\/01\/CISCO_C9200L-48P-4G.jpg","datePublished":"2026-01-16T22:44:38+00:00","dateModified":"2026-01-20T22:14:45+00:00","breadcrumb":{"@id":"https:\/\/tecplan.com.es\/product\/catalyst-9200-c9200l-48p-conmutador\/#breadcrumb"},"inLanguage":"en-US","potentialAction":[{"@type":"ReadAction","target":["https:\/\/tecplan.com.es\/product\/catalyst-9200-c9200l-48p-conmutador\/"]}]},{"@type":"ImageObject","inLanguage":"en-US","@id":"https:\/\/tecplan.com.es\/product\/catalyst-9200-c9200l-48p-conmutador\/#primaryimage","url":"https:\/\/tecplan.com.es\/wp-content\/uploads\/2026\/01\/CISCO_C9200L-48P-4G.jpg","contentUrl":"https:\/\/tecplan.com.es\/wp-content\/uploads\/2026\/01\/CISCO_C9200L-48P-4G.jpg","width":600,"height":480},{"@type":"BreadcrumbList","@id":"https:\/\/tecplan.com.es\/product\/catalyst-9200-c9200l-48p-conmutador\/#breadcrumb","itemListElement":[{"@type":"ListItem","position":1,"name":"Home","item":"https:\/\/tecplan.com.es\/"},{"@type":"ListItem","position":2,"name":"Shop","item":"https:\/\/tecplan.com.es\/shop\/"},{"@type":"ListItem","position":3,"name":"CATALYST 9200 C9200L 48P CONMUTADOR"}]},{"@type":"WebSite","@id":"https:\/\/tecplan.com.es\/#website","url":"https:\/\/tecplan.com.es\/","name":"Tecplan","description":"","potentialAction":[{"@type":"SearchAction","target":{"@type":"EntryPoint","urlTemplate":"https:\/\/tecplan.com.es\/?s={search_term_string}"},"query-input":{"@type":"PropertyValueSpecification","valueRequired":true,"valueName":"search_term_string"}}],"inLanguage":"en-US"}]}},"_links":{"self":[{"href":"https:\/\/tecplan.com.es\/en\/wp-json\/wp\/v2\/product\/5162","targetHints":{"allow":["GET"]}}],"collection":[{"href":"https:\/\/tecplan.com.es\/en\/wp-json\/wp\/v2\/product"}],"about":[{"href":"https:\/\/tecplan.com.es\/en\/wp-json\/wp\/v2\/types\/product"}],"replies":[{"embeddable":true,"href":"https:\/\/tecplan.com.es\/en\/wp-json\/wp\/v2\/comments?post=5162"}],"version-history":[{"count":5,"href":"https:\/\/tecplan.com.es\/en\/wp-json\/wp\/v2\/product\/5162\/revisions"}],"predecessor-version":[{"id":5271,"href":"https:\/\/tecplan.com.es\/en\/wp-json\/wp\/v2\/product\/5162\/revisions\/5271"}],"wp:featuredmedia":[{"embeddable":true,"href":"https:\/\/tecplan.com.es\/en\/wp-json\/wp\/v2\/media\/5105"}],"wp:attachment":[{"href":"https:\/\/tecplan.com.es\/en\/wp-json\/wp\/v2\/media?parent=5162"}],"wp:term":[{"taxonomy":"product_brand","embeddable":true,"href":"https:\/\/tecplan.com.es\/en\/wp-json\/wp\/v2\/product_brand?post=5162"},{"taxonomy":"product_cat","embeddable":true,"href":"https:\/\/tecplan.com.es\/en\/wp-json\/wp\/v2\/product_cat?post=5162"},{"taxonomy":"product_tag","embeddable":true,"href":"https:\/\/tecplan.com.es\/en\/wp-json\/wp\/v2\/product_tag?post=5162"}],"curies":[{"name":"wp","href":"https:\/\/api.w.org\/{rel}","templated":true}]}}