{"id":5161,"date":"2026-01-16T22:44:38","date_gmt":"2026-01-16T22:44:38","guid":{"rendered":"https:\/\/tecplan.com.es\/product\/back-ups-be600m1-de-apc-600-va\/"},"modified":"2026-01-20T22:23:24","modified_gmt":"2026-01-20T22:23:24","slug":"back-ups-be600m1-de-apc-600-va","status":"publish","type":"product","link":"https:\/\/tecplan.com.es\/en\/product\/back-ups-be600m1-de-apc-600-va\/","title":{"rendered":"Back-UPS BE600M1 de APC, 600 VA"},"content":{"rendered":"<p style=\"text-align: justify;\"><strong>Unidad Back-UPS BE600M1 de APC, 600 VA, 120 V, 1 puerto USB para carga<\/strong><\/p>\n<ul>\n<li style=\"text-align: justify;\">Back-UPS BE600M1 de APC, 600 VA, 120 V,1 puerto de carga USB.<\/li>\n<li style=\"text-align: justify;\">El tama\u00f1o compacto se adapta a una variedad de entornos. La protecci\u00f3n de la l\u00ednea de datos garantiza una protecci\u00f3n completa de su equipo contra sobretensiones. Pantalla LED proporciona un estado f\u00e1cil de leer,1 puerto de carga inteligente USB.<\/li>\n<\/ul>\n<h5 style=\"text-align: justify;\"><span style=\"text-decoration: underline;\"><strong>DOWNLOADS<\/strong><\/span><\/h5>\n<ul style=\"text-align: justify;\">\n<li>\u2192\u00a0 <a href=\"https:\/\/drive.google.com\/file\/d\/1c5EPukYkqGxd2Ml2KY6RTZNur6gOO5Lv\/view?usp=sharing\">Technical sheet<\/a><\/li>\n<\/ul>","protected":false},"excerpt":{"rendered":"<p style=\"text-align: justify;\"><strong>Back-UPS BE600M1 de APC, 600 VA, 120 V, USB<\/strong><\/p>\n<ul>\n<li style=\"text-align: justify;\">El tama\u00f1o compacto se adapta a la instalaci\u00f3n en una variedad de entornos.<\/li>\n<li style=\"text-align: justify;\">La protecci\u00f3n de la l\u00ednea de datos garantiza una protecci\u00f3n completa de su equipo contra sobretensiones.<\/li>\n<li style=\"text-align: justify;\">La pantalla LED proporciona un estado f\u00e1cil de leer de las condiciones de energ\u00eda de la unidad y de la red p\u00fablica.<\/li>\n<li style=\"text-align: justify;\">1 puerto de carga inteligente USB.<\/li>\n<li style=\"text-align: justify;\">Las alarmas audibles notifican los cambios en la energ\u00eda de la red p\u00fablica y las condiciones de energ\u00eda del UPS.<\/li>\n<\/ul>\n<p><img decoding=\"async\" class=\"wp-image-5273 aligncenter\" src=\"https:\/\/tecplan.com.es\/wp-content\/uploads\/2026\/01\/APC-Emblem-300x88.jpg\" alt=\"\" width=\"103\" height=\"33\" \/><\/p>\n<p>&nbsp;<\/p>","protected":false},"featured_media":5101,"comment_status":"open","ping_status":"closed","template":"","meta":{"site-sidebar-layout":"default","site-content-layout":"","ast-site-content-layout":"default","site-content-style":"default","site-sidebar-style":"default","ast-global-header-display":"","ast-banner-title-visibility":"","ast-main-header-display":"","ast-hfb-above-header-display":"","ast-hfb-below-header-display":"","ast-hfb-mobile-header-display":"","site-post-title":"","ast-breadcrumbs-content":"","ast-featured-img":"","footer-sml-layout":"","ast-disable-related-posts":"","theme-transparent-header-meta":"default","adv-header-id-meta":"","stick-header-meta":"","header-above-stick-meta":"","header-main-stick-meta":"","header-below-stick-meta":"","astra-migrate-meta-layouts":"set","ast-page-background-enabled":"default","ast-page-background-meta":{"desktop":{"background-color":"var(--ast-global-color-5)","background-image":"","background-repeat":"repeat","background-position":"center center","background-size":"auto","background-attachment":"scroll","background-type":"","background-media":"","overlay-type":"","overlay-color":"","overlay-opacity":"","overlay-gradient":""},"tablet":{"background-color":"","background-image":"","background-repeat":"repeat","background-position":"center center","background-size":"auto","background-attachment":"scroll","background-type":"","background-media":"","overlay-type":"","overlay-color":"","overlay-opacity":"","overlay-gradient":""},"mobile":{"background-color":"","background-image":"","background-repeat":"repeat","background-position":"center center","background-size":"auto","background-attachment":"scroll","background-type":"","background-media":"","overlay-type":"","overlay-color":"","overlay-opacity":"","overlay-gradient":""}},"ast-content-background-meta":{"desktop":{"background-color":"var(--ast-global-color-4)","background-image":"","background-repeat":"repeat","background-position":"center center","background-size":"auto","background-attachment":"scroll","background-type":"","background-media":"","overlay-type":"","overlay-color":"","overlay-opacity":"","overlay-gradient":""},"tablet":{"background-color":"var(--ast-global-color-4)","background-image":"","background-repeat":"repeat","background-position":"center center","background-size":"auto","background-attachment":"scroll","background-type":"","background-media":"","overlay-type":"","overlay-color":"","overlay-opacity":"","overlay-gradient":""},"mobile":{"background-color":"var(--ast-global-color-4)","background-image":"","background-repeat":"repeat","background-position":"center center","background-size":"auto","background-attachment":"scroll","background-type":"","background-media":"","overlay-type":"","overlay-color":"","overlay-opacity":"","overlay-gradient":""}}},"product_brand":[340],"product_cat":[194,326],"product_tag":[341],"class_list":{"0":"post-5161","1":"product","2":"type-product","3":"status-publish","4":"has-post-thumbnail","6":"product_brand-apc","7":"product_cat-hardware","8":"product_cat-otros-hardware","9":"product_tag-apc","10":"desktop-align-left","11":"tablet-align-left","12":"mobile-align-left","14":"first","15":"instock","16":"shipping-taxable","17":"product-type-simple"},"yoast_head":"<!-- This site is optimized with the Yoast SEO plugin v25.3 - https:\/\/yoast.com\/wordpress\/plugins\/seo\/ -->\n<title>Back-UPS BE600M1 de APC, 600 VA - Tecplan<\/title>\n<meta name=\"robots\" content=\"index, follow, max-snippet:-1, max-image-preview:large, max-video-preview:-1\" \/>\n<link rel=\"canonical\" href=\"https:\/\/tecplan.com.es\/en\/product\/back-ups-be600m1-de-apc-600-va\/\" \/>\n<meta property=\"og:locale\" content=\"en_US\" \/>\n<meta property=\"og:type\" content=\"article\" \/>\n<meta property=\"og:title\" content=\"Back-UPS BE600M1 de APC, 600 VA - Tecplan\" \/>\n<meta property=\"og:description\" content=\"Back-UPS BE600M1 de APC, 600 VA, 120 V, USB    El tama\u00f1o compacto se adapta a la instalaci\u00f3n en una variedad de entornos.  La protecci\u00f3n de la l\u00ednea de datos garantiza una protecci\u00f3n completa de su equipo contra sobretensiones.  La pantalla LED proporciona un estado f\u00e1cil de leer de las condiciones de energ\u00eda de la unidad y de la red p\u00fablica.  1 puerto de carga inteligente USB.  Las alarmas audibles notifican los cambios en la energ\u00eda de la red p\u00fablica y las condiciones de energ\u00eda del UPS.    &nbsp;\" \/>\n<meta property=\"og:url\" content=\"https:\/\/tecplan.com.es\/en\/product\/back-ups-be600m1-de-apc-600-va\/\" \/>\n<meta property=\"og:site_name\" content=\"Tecplan\" \/>\n<meta property=\"article:modified_time\" content=\"2026-01-20T22:23:24+00:00\" \/>\n<meta property=\"og:image\" content=\"https:\/\/tecplan.com.es\/wp-content\/uploads\/2026\/01\/UPS-BE600M1.jpg\" \/>\n\t<meta property=\"og:image:width\" content=\"1250\" \/>\n\t<meta property=\"og:image:height\" content=\"1250\" \/>\n\t<meta property=\"og:image:type\" content=\"image\/jpeg\" \/>\n<meta name=\"twitter:card\" content=\"summary_large_image\" \/>\n<meta name=\"twitter:label1\" content=\"Est. reading time\" \/>\n\t<meta name=\"twitter:data1\" content=\"1 minute\" \/>\n<script type=\"application\/ld+json\" class=\"yoast-schema-graph\">{\"@context\":\"https:\/\/schema.org\",\"@graph\":[{\"@type\":\"WebPage\",\"@id\":\"https:\/\/tecplan.com.es\/product\/back-ups-be600m1-de-apc-600-va\/\",\"url\":\"https:\/\/tecplan.com.es\/product\/back-ups-be600m1-de-apc-600-va\/\",\"name\":\"Back-UPS BE600M1 de APC, 600 VA - Tecplan\",\"isPartOf\":{\"@id\":\"https:\/\/tecplan.com.es\/#website\"},\"primaryImageOfPage\":{\"@id\":\"https:\/\/tecplan.com.es\/product\/back-ups-be600m1-de-apc-600-va\/#primaryimage\"},\"image\":{\"@id\":\"https:\/\/tecplan.com.es\/product\/back-ups-be600m1-de-apc-600-va\/#primaryimage\"},\"thumbnailUrl\":\"https:\/\/tecplan.com.es\/wp-content\/uploads\/2026\/01\/UPS-BE600M1.jpg\",\"datePublished\":\"2026-01-16T22:44:38+00:00\",\"dateModified\":\"2026-01-20T22:23:24+00:00\",\"breadcrumb\":{\"@id\":\"https:\/\/tecplan.com.es\/product\/back-ups-be600m1-de-apc-600-va\/#breadcrumb\"},\"inLanguage\":\"en-US\",\"potentialAction\":[{\"@type\":\"ReadAction\",\"target\":[\"https:\/\/tecplan.com.es\/product\/back-ups-be600m1-de-apc-600-va\/\"]}]},{\"@type\":\"ImageObject\",\"inLanguage\":\"en-US\",\"@id\":\"https:\/\/tecplan.com.es\/product\/back-ups-be600m1-de-apc-600-va\/#primaryimage\",\"url\":\"https:\/\/tecplan.com.es\/wp-content\/uploads\/2026\/01\/UPS-BE600M1.jpg\",\"contentUrl\":\"https:\/\/tecplan.com.es\/wp-content\/uploads\/2026\/01\/UPS-BE600M1.jpg\",\"width\":1250,\"height\":1250},{\"@type\":\"BreadcrumbList\",\"@id\":\"https:\/\/tecplan.com.es\/product\/back-ups-be600m1-de-apc-600-va\/#breadcrumb\",\"itemListElement\":[{\"@type\":\"ListItem\",\"position\":1,\"name\":\"Home\",\"item\":\"https:\/\/tecplan.com.es\/\"},{\"@type\":\"ListItem\",\"position\":2,\"name\":\"Shop\",\"item\":\"https:\/\/tecplan.com.es\/shop\/\"},{\"@type\":\"ListItem\",\"position\":3,\"name\":\"Back-UPS BE600M1 de APC, 600 VA\"}]},{\"@type\":\"WebSite\",\"@id\":\"https:\/\/tecplan.com.es\/#website\",\"url\":\"https:\/\/tecplan.com.es\/\",\"name\":\"Tecplan\",\"description\":\"\",\"potentialAction\":[{\"@type\":\"SearchAction\",\"target\":{\"@type\":\"EntryPoint\",\"urlTemplate\":\"https:\/\/tecplan.com.es\/?s={search_term_string}\"},\"query-input\":{\"@type\":\"PropertyValueSpecification\",\"valueRequired\":true,\"valueName\":\"search_term_string\"}}],\"inLanguage\":\"en-US\"}]}<\/script>\n<!-- \/ Yoast SEO plugin. -->","yoast_head_json":{"title":"Back-UPS BE600M1 de APC, 600 VA - Tecplan","robots":{"index":"index","follow":"follow","max-snippet":"max-snippet:-1","max-image-preview":"max-image-preview:large","max-video-preview":"max-video-preview:-1"},"canonical":"https:\/\/tecplan.com.es\/en\/product\/back-ups-be600m1-de-apc-600-va\/","og_locale":"en_US","og_type":"article","og_title":"Back-UPS BE600M1 de APC, 600 VA - Tecplan","og_description":"Back-UPS BE600M1 de APC, 600 VA, 120 V, USB    El tama\u00f1o compacto se adapta a la instalaci\u00f3n en una variedad de entornos.  La protecci\u00f3n de la l\u00ednea de datos garantiza una protecci\u00f3n completa de su equipo contra sobretensiones.  La pantalla LED proporciona un estado f\u00e1cil de leer de las condiciones de energ\u00eda de la unidad y de la red p\u00fablica.  1 puerto de carga inteligente USB.  Las alarmas audibles notifican los cambios en la energ\u00eda de la red p\u00fablica y las condiciones de energ\u00eda del UPS.    &nbsp;","og_url":"https:\/\/tecplan.com.es\/en\/product\/back-ups-be600m1-de-apc-600-va\/","og_site_name":"Tecplan","article_modified_time":"2026-01-20T22:23:24+00:00","og_image":[{"width":1250,"height":1250,"url":"https:\/\/tecplan.com.es\/wp-content\/uploads\/2026\/01\/UPS-BE600M1.jpg","type":"image\/jpeg"}],"twitter_card":"summary_large_image","twitter_misc":{"Est. reading time":"1 minute"},"schema":{"@context":"https:\/\/schema.org","@graph":[{"@type":"WebPage","@id":"https:\/\/tecplan.com.es\/product\/back-ups-be600m1-de-apc-600-va\/","url":"https:\/\/tecplan.com.es\/product\/back-ups-be600m1-de-apc-600-va\/","name":"Back-UPS BE600M1 de APC, 600 VA - Tecplan","isPartOf":{"@id":"https:\/\/tecplan.com.es\/#website"},"primaryImageOfPage":{"@id":"https:\/\/tecplan.com.es\/product\/back-ups-be600m1-de-apc-600-va\/#primaryimage"},"image":{"@id":"https:\/\/tecplan.com.es\/product\/back-ups-be600m1-de-apc-600-va\/#primaryimage"},"thumbnailUrl":"https:\/\/tecplan.com.es\/wp-content\/uploads\/2026\/01\/UPS-BE600M1.jpg","datePublished":"2026-01-16T22:44:38+00:00","dateModified":"2026-01-20T22:23:24+00:00","breadcrumb":{"@id":"https:\/\/tecplan.com.es\/product\/back-ups-be600m1-de-apc-600-va\/#breadcrumb"},"inLanguage":"en-US","potentialAction":[{"@type":"ReadAction","target":["https:\/\/tecplan.com.es\/product\/back-ups-be600m1-de-apc-600-va\/"]}]},{"@type":"ImageObject","inLanguage":"en-US","@id":"https:\/\/tecplan.com.es\/product\/back-ups-be600m1-de-apc-600-va\/#primaryimage","url":"https:\/\/tecplan.com.es\/wp-content\/uploads\/2026\/01\/UPS-BE600M1.jpg","contentUrl":"https:\/\/tecplan.com.es\/wp-content\/uploads\/2026\/01\/UPS-BE600M1.jpg","width":1250,"height":1250},{"@type":"BreadcrumbList","@id":"https:\/\/tecplan.com.es\/product\/back-ups-be600m1-de-apc-600-va\/#breadcrumb","itemListElement":[{"@type":"ListItem","position":1,"name":"Home","item":"https:\/\/tecplan.com.es\/"},{"@type":"ListItem","position":2,"name":"Shop","item":"https:\/\/tecplan.com.es\/shop\/"},{"@type":"ListItem","position":3,"name":"Back-UPS BE600M1 de APC, 600 VA"}]},{"@type":"WebSite","@id":"https:\/\/tecplan.com.es\/#website","url":"https:\/\/tecplan.com.es\/","name":"Tecplan","description":"","potentialAction":[{"@type":"SearchAction","target":{"@type":"EntryPoint","urlTemplate":"https:\/\/tecplan.com.es\/?s={search_term_string}"},"query-input":{"@type":"PropertyValueSpecification","valueRequired":true,"valueName":"search_term_string"}}],"inLanguage":"en-US"}]}},"_links":{"self":[{"href":"https:\/\/tecplan.com.es\/en\/wp-json\/wp\/v2\/product\/5161","targetHints":{"allow":["GET"]}}],"collection":[{"href":"https:\/\/tecplan.com.es\/en\/wp-json\/wp\/v2\/product"}],"about":[{"href":"https:\/\/tecplan.com.es\/en\/wp-json\/wp\/v2\/types\/product"}],"replies":[{"embeddable":true,"href":"https:\/\/tecplan.com.es\/en\/wp-json\/wp\/v2\/comments?post=5161"}],"version-history":[{"count":2,"href":"https:\/\/tecplan.com.es\/en\/wp-json\/wp\/v2\/product\/5161\/revisions"}],"predecessor-version":[{"id":5272,"href":"https:\/\/tecplan.com.es\/en\/wp-json\/wp\/v2\/product\/5161\/revisions\/5272"}],"wp:featuredmedia":[{"embeddable":true,"href":"https:\/\/tecplan.com.es\/en\/wp-json\/wp\/v2\/media\/5101"}],"wp:attachment":[{"href":"https:\/\/tecplan.com.es\/en\/wp-json\/wp\/v2\/media?parent=5161"}],"wp:term":[{"taxonomy":"product_brand","embeddable":true,"href":"https:\/\/tecplan.com.es\/en\/wp-json\/wp\/v2\/product_brand?post=5161"},{"taxonomy":"product_cat","embeddable":true,"href":"https:\/\/tecplan.com.es\/en\/wp-json\/wp\/v2\/product_cat?post=5161"},{"taxonomy":"product_tag","embeddable":true,"href":"https:\/\/tecplan.com.es\/en\/wp-json\/wp\/v2\/product_tag?post=5161"}],"curies":[{"name":"wp","href":"https:\/\/api.w.org\/{rel}","templated":true}]}}