{"id":5159,"date":"2026-01-16T22:44:38","date_gmt":"2026-01-16T22:44:38","guid":{"rendered":"https:\/\/tecplan.com.es\/product\/unidad-back-ups-pro-br-1500-va\/"},"modified":"2026-01-16T22:44:38","modified_gmt":"2026-01-16T22:44:38","slug":"unidad-back-ups-pro-br-1500-va","status":"publish","type":"product","link":"https:\/\/tecplan.com.es\/en\/product\/unidad-back-ups-pro-br-1500-va\/","title":{"rendered":"Unidad Back UPS PRO BR 1500 VA"},"content":{"rendered":"<p>  Unidad Back UPS PRO BR 1500 VA, 10 tomas de salida, 2 puertos USB de carga, AVR, interfaz LCD, LAM<\/p>\n<p>Este APC Back-UPS Pro ofrece protecci\u00f3n de energ\u00eda premium para sistemas inform\u00e1ticos de alto rendimiento, enrutadores\/m\u00f3dems, dispositivos de almacenamiento externo, consolas de juegos y otros dispositivos electr\u00f3nicos en su hogar o negocio. El UPS de torre de 1500 VA tiene 10 salidas en total, 6 de las cuales son de respaldo de bater\u00eda y protecci\u00f3n contra sobretensiones, y 4 son solo protecci\u00f3n contra sobretensiones. Tiene una calificaci\u00f3n energ\u00e9tica de sobretensi\u00f3n de 1080 julios. Dispone de 2 puertos USB (Tipo A+C) para carga inteligente de dispositivos personales. Este SAI tiene 3 a\u00f1os de garant\u00eda y certificaci\u00f3n de producto CE. Es compatible con una bater\u00eda dedicada reemplazable por el usuario y el cartucho de bater\u00eda de reemplazo de APC ayuda a restaurar el rendimiento del UPS a las especificaciones originales.<\/p>","protected":false},"excerpt":{"rendered":"<p> Unidad Back UPS PRO BR 1500 VA, 10 tomas de salida, 2 puertos USB de carga, AVR, interfaz LCD, LAM<\/p>\n<p>AVR corrige las variaciones de voltaje para proporcionar energ\u00eda confiable<br \/>\nLa protecci\u00f3n de la l\u00ednea de datos garantiza una protecci\u00f3n completa de su equipo contra sobretensiones<br \/>\nLa pantalla LCD proporciona el estado clave del UPS de un vistazo con gr\u00e1ficos de barras de carga y bater\u00eda.<br \/>\n2 puertos de carga inteligentes USB<br \/>\nLas alarmas audibles notifican los cambios en la energ\u00eda de la red p\u00fablica y las condiciones de energ\u00eda del UPS.<\/p>\n<p>https:\/\/drive.google.com\/file\/d\/1YDRLNsGIxMZ3wOZHie-jo1B-DOshGVGd\/view?usp=sharing<\/p>","protected":false},"featured_media":5096,"comment_status":"open","ping_status":"closed","template":"","meta":{"site-sidebar-layout":"default","site-content-layout":"","ast-site-content-layout":"default","site-content-style":"default","site-sidebar-style":"default","ast-global-header-display":"","ast-banner-title-visibility":"","ast-main-header-display":"","ast-hfb-above-header-display":"","ast-hfb-below-header-display":"","ast-hfb-mobile-header-display":"","site-post-title":"","ast-breadcrumbs-content":"","ast-featured-img":"","footer-sml-layout":"","ast-disable-related-posts":"","theme-transparent-header-meta":"","adv-header-id-meta":"","stick-header-meta":"","header-above-stick-meta":"","header-main-stick-meta":"","header-below-stick-meta":"","astra-migrate-meta-layouts":"default","ast-page-background-enabled":"default","ast-page-background-meta":{"desktop":{"background-color":"var(--ast-global-color-5)","background-image":"","background-repeat":"repeat","background-position":"center center","background-size":"auto","background-attachment":"scroll","background-type":"","background-media":"","overlay-type":"","overlay-color":"","overlay-opacity":"","overlay-gradient":""},"tablet":{"background-color":"","background-image":"","background-repeat":"repeat","background-position":"center center","background-size":"auto","background-attachment":"scroll","background-type":"","background-media":"","overlay-type":"","overlay-color":"","overlay-opacity":"","overlay-gradient":""},"mobile":{"background-color":"","background-image":"","background-repeat":"repeat","background-position":"center center","background-size":"auto","background-attachment":"scroll","background-type":"","background-media":"","overlay-type":"","overlay-color":"","overlay-opacity":"","overlay-gradient":""}},"ast-content-background-meta":{"desktop":{"background-color":"var(--ast-global-color-4)","background-image":"","background-repeat":"repeat","background-position":"center center","background-size":"auto","background-attachment":"scroll","background-type":"","background-media":"","overlay-type":"","overlay-color":"","overlay-opacity":"","overlay-gradient":""},"tablet":{"background-color":"var(--ast-global-color-4)","background-image":"","background-repeat":"repeat","background-position":"center center","background-size":"auto","background-attachment":"scroll","background-type":"","background-media":"","overlay-type":"","overlay-color":"","overlay-opacity":"","overlay-gradient":""},"mobile":{"background-color":"var(--ast-global-color-4)","background-image":"","background-repeat":"repeat","background-position":"center center","background-size":"auto","background-attachment":"scroll","background-type":"","background-media":"","overlay-type":"","overlay-color":"","overlay-opacity":"","overlay-gradient":""}}},"product_brand":[],"product_cat":[35],"product_tag":[],"class_list":{"0":"post-5159","1":"product","2":"type-product","3":"status-publish","4":"has-post-thumbnail","6":"product_cat-uncategorized","7":"desktop-align-left","8":"tablet-align-left","9":"mobile-align-left","11":"first","12":"instock","13":"shipping-taxable","14":"product-type-simple"},"yoast_head":"<!-- This site is optimized with the Yoast SEO plugin v25.3 - https:\/\/yoast.com\/wordpress\/plugins\/seo\/ -->\n<title>Unidad Back UPS PRO BR 1500 VA - Tecplan<\/title>\n<meta name=\"robots\" content=\"index, follow, max-snippet:-1, max-image-preview:large, max-video-preview:-1\" \/>\n<link rel=\"canonical\" href=\"https:\/\/tecplan.com.es\/en\/product\/unidad-back-ups-pro-br-1500-va\/\" \/>\n<meta property=\"og:locale\" content=\"en_US\" \/>\n<meta property=\"og:type\" content=\"article\" \/>\n<meta property=\"og:title\" content=\"Unidad Back UPS PRO BR 1500 VA - Tecplan\" \/>\n<meta property=\"og:description\" content=\"Unidad Back UPS PRO BR 1500 VA, 10 tomas de salida, 2 puertos USB de carga, AVR, interfaz LCD, LAM AVR corrige las variaciones de voltaje para proporcionar energ\u00eda confiable La protecci\u00f3n de la l\u00ednea de datos garantiza una protecci\u00f3n completa de su equipo contra sobretensiones La pantalla LCD proporciona el estado clave del UPS de un vistazo con gr\u00e1ficos de barras de carga y bater\u00eda. 2 puertos de carga inteligentes USB Las alarmas audibles notifican los cambios en la energ\u00eda de la red p\u00fablica y las condiciones de energ\u00eda del UPS. https:\/\/drive.google.com\/file\/d\/1YDRLNsGIxMZ3wOZHie-jo1B-DOshGVGd\/view?usp=sharing\" \/>\n<meta property=\"og:url\" content=\"https:\/\/tecplan.com.es\/en\/product\/unidad-back-ups-pro-br-1500-va\/\" \/>\n<meta property=\"og:site_name\" content=\"Tecplan\" \/>\n<meta name=\"twitter:card\" content=\"summary_large_image\" \/>\n<meta name=\"twitter:label1\" content=\"Est. reading time\" \/>\n\t<meta name=\"twitter:data1\" content=\"1 minute\" \/>\n<script type=\"application\/ld+json\" class=\"yoast-schema-graph\">{\"@context\":\"https:\/\/schema.org\",\"@graph\":[{\"@type\":\"WebPage\",\"@id\":\"https:\/\/tecplan.com.es\/product\/unidad-back-ups-pro-br-1500-va\/\",\"url\":\"https:\/\/tecplan.com.es\/product\/unidad-back-ups-pro-br-1500-va\/\",\"name\":\"Unidad Back UPS PRO BR 1500 VA - Tecplan\",\"isPartOf\":{\"@id\":\"https:\/\/tecplan.com.es\/#website\"},\"primaryImageOfPage\":{\"@id\":\"https:\/\/tecplan.com.es\/product\/unidad-back-ups-pro-br-1500-va\/#primaryimage\"},\"image\":{\"@id\":\"https:\/\/tecplan.com.es\/product\/unidad-back-ups-pro-br-1500-va\/#primaryimage\"},\"thumbnailUrl\":\"https:\/\/tecplan.com.es\/wp-content\/uploads\/2026\/01\/Unidad-Back-UPS-PRO_01.jpg\",\"datePublished\":\"2026-01-16T22:44:38+00:00\",\"breadcrumb\":{\"@id\":\"https:\/\/tecplan.com.es\/product\/unidad-back-ups-pro-br-1500-va\/#breadcrumb\"},\"inLanguage\":\"en-US\",\"potentialAction\":[{\"@type\":\"ReadAction\",\"target\":[\"https:\/\/tecplan.com.es\/product\/unidad-back-ups-pro-br-1500-va\/\"]}]},{\"@type\":\"ImageObject\",\"inLanguage\":\"en-US\",\"@id\":\"https:\/\/tecplan.com.es\/product\/unidad-back-ups-pro-br-1500-va\/#primaryimage\",\"url\":\"https:\/\/tecplan.com.es\/wp-content\/uploads\/2026\/01\/Unidad-Back-UPS-PRO_01.jpg\",\"contentUrl\":\"https:\/\/tecplan.com.es\/wp-content\/uploads\/2026\/01\/Unidad-Back-UPS-PRO_01.jpg\",\"width\":1250,\"height\":1250},{\"@type\":\"BreadcrumbList\",\"@id\":\"https:\/\/tecplan.com.es\/product\/unidad-back-ups-pro-br-1500-va\/#breadcrumb\",\"itemListElement\":[{\"@type\":\"ListItem\",\"position\":1,\"name\":\"Home\",\"item\":\"https:\/\/tecplan.com.es\/\"},{\"@type\":\"ListItem\",\"position\":2,\"name\":\"Shop\",\"item\":\"https:\/\/tecplan.com.es\/shop\/\"},{\"@type\":\"ListItem\",\"position\":3,\"name\":\"Unidad Back UPS PRO BR 1500 VA\"}]},{\"@type\":\"WebSite\",\"@id\":\"https:\/\/tecplan.com.es\/#website\",\"url\":\"https:\/\/tecplan.com.es\/\",\"name\":\"Tecplan\",\"description\":\"\",\"potentialAction\":[{\"@type\":\"SearchAction\",\"target\":{\"@type\":\"EntryPoint\",\"urlTemplate\":\"https:\/\/tecplan.com.es\/?s={search_term_string}\"},\"query-input\":{\"@type\":\"PropertyValueSpecification\",\"valueRequired\":true,\"valueName\":\"search_term_string\"}}],\"inLanguage\":\"en-US\"}]}<\/script>\n<!-- \/ Yoast SEO plugin. -->","yoast_head_json":{"title":"Unidad Back UPS PRO BR 1500 VA - Tecplan","robots":{"index":"index","follow":"follow","max-snippet":"max-snippet:-1","max-image-preview":"max-image-preview:large","max-video-preview":"max-video-preview:-1"},"canonical":"https:\/\/tecplan.com.es\/en\/product\/unidad-back-ups-pro-br-1500-va\/","og_locale":"en_US","og_type":"article","og_title":"Unidad Back UPS PRO BR 1500 VA - Tecplan","og_description":"Unidad Back UPS PRO BR 1500 VA, 10 tomas de salida, 2 puertos USB de carga, AVR, interfaz LCD, LAM AVR corrige las variaciones de voltaje para proporcionar energ\u00eda confiable La protecci\u00f3n de la l\u00ednea de datos garantiza una protecci\u00f3n completa de su equipo contra sobretensiones La pantalla LCD proporciona el estado clave del UPS de un vistazo con gr\u00e1ficos de barras de carga y bater\u00eda. 2 puertos de carga inteligentes USB Las alarmas audibles notifican los cambios en la energ\u00eda de la red p\u00fablica y las condiciones de energ\u00eda del UPS. https:\/\/drive.google.com\/file\/d\/1YDRLNsGIxMZ3wOZHie-jo1B-DOshGVGd\/view?usp=sharing","og_url":"https:\/\/tecplan.com.es\/en\/product\/unidad-back-ups-pro-br-1500-va\/","og_site_name":"Tecplan","twitter_card":"summary_large_image","twitter_misc":{"Est. reading time":"1 minute"},"schema":{"@context":"https:\/\/schema.org","@graph":[{"@type":"WebPage","@id":"https:\/\/tecplan.com.es\/product\/unidad-back-ups-pro-br-1500-va\/","url":"https:\/\/tecplan.com.es\/product\/unidad-back-ups-pro-br-1500-va\/","name":"Unidad Back UPS PRO BR 1500 VA - Tecplan","isPartOf":{"@id":"https:\/\/tecplan.com.es\/#website"},"primaryImageOfPage":{"@id":"https:\/\/tecplan.com.es\/product\/unidad-back-ups-pro-br-1500-va\/#primaryimage"},"image":{"@id":"https:\/\/tecplan.com.es\/product\/unidad-back-ups-pro-br-1500-va\/#primaryimage"},"thumbnailUrl":"https:\/\/tecplan.com.es\/wp-content\/uploads\/2026\/01\/Unidad-Back-UPS-PRO_01.jpg","datePublished":"2026-01-16T22:44:38+00:00","breadcrumb":{"@id":"https:\/\/tecplan.com.es\/product\/unidad-back-ups-pro-br-1500-va\/#breadcrumb"},"inLanguage":"en-US","potentialAction":[{"@type":"ReadAction","target":["https:\/\/tecplan.com.es\/product\/unidad-back-ups-pro-br-1500-va\/"]}]},{"@type":"ImageObject","inLanguage":"en-US","@id":"https:\/\/tecplan.com.es\/product\/unidad-back-ups-pro-br-1500-va\/#primaryimage","url":"https:\/\/tecplan.com.es\/wp-content\/uploads\/2026\/01\/Unidad-Back-UPS-PRO_01.jpg","contentUrl":"https:\/\/tecplan.com.es\/wp-content\/uploads\/2026\/01\/Unidad-Back-UPS-PRO_01.jpg","width":1250,"height":1250},{"@type":"BreadcrumbList","@id":"https:\/\/tecplan.com.es\/product\/unidad-back-ups-pro-br-1500-va\/#breadcrumb","itemListElement":[{"@type":"ListItem","position":1,"name":"Home","item":"https:\/\/tecplan.com.es\/"},{"@type":"ListItem","position":2,"name":"Shop","item":"https:\/\/tecplan.com.es\/shop\/"},{"@type":"ListItem","position":3,"name":"Unidad Back UPS PRO BR 1500 VA"}]},{"@type":"WebSite","@id":"https:\/\/tecplan.com.es\/#website","url":"https:\/\/tecplan.com.es\/","name":"Tecplan","description":"","potentialAction":[{"@type":"SearchAction","target":{"@type":"EntryPoint","urlTemplate":"https:\/\/tecplan.com.es\/?s={search_term_string}"},"query-input":{"@type":"PropertyValueSpecification","valueRequired":true,"valueName":"search_term_string"}}],"inLanguage":"en-US"}]}},"_links":{"self":[{"href":"https:\/\/tecplan.com.es\/en\/wp-json\/wp\/v2\/product\/5159","targetHints":{"allow":["GET"]}}],"collection":[{"href":"https:\/\/tecplan.com.es\/en\/wp-json\/wp\/v2\/product"}],"about":[{"href":"https:\/\/tecplan.com.es\/en\/wp-json\/wp\/v2\/types\/product"}],"replies":[{"embeddable":true,"href":"https:\/\/tecplan.com.es\/en\/wp-json\/wp\/v2\/comments?post=5159"}],"version-history":[{"count":0,"href":"https:\/\/tecplan.com.es\/en\/wp-json\/wp\/v2\/product\/5159\/revisions"}],"wp:featuredmedia":[{"embeddable":true,"href":"https:\/\/tecplan.com.es\/en\/wp-json\/wp\/v2\/media\/5096"}],"wp:attachment":[{"href":"https:\/\/tecplan.com.es\/en\/wp-json\/wp\/v2\/media?parent=5159"}],"wp:term":[{"taxonomy":"product_brand","embeddable":true,"href":"https:\/\/tecplan.com.es\/en\/wp-json\/wp\/v2\/product_brand?post=5159"},{"taxonomy":"product_cat","embeddable":true,"href":"https:\/\/tecplan.com.es\/en\/wp-json\/wp\/v2\/product_cat?post=5159"},{"taxonomy":"product_tag","embeddable":true,"href":"https:\/\/tecplan.com.es\/en\/wp-json\/wp\/v2\/product_tag?post=5159"}],"curies":[{"name":"wp","href":"https:\/\/api.w.org\/{rel}","templated":true}]}}