{"id":5158,"date":"2026-01-16T22:44:38","date_gmt":"2026-01-16T22:44:38","guid":{"rendered":"https:\/\/tecplan.com.es\/product\/apc-easy-ups-on-line\/"},"modified":"2026-01-16T22:44:38","modified_gmt":"2026-01-16T22:44:38","slug":"apc-easy-ups-on-line","status":"publish","type":"product","link":"https:\/\/tecplan.com.es\/en\/product\/apc-easy-ups-on-line\/","title":{"rendered":"APC Easy UPS On-Line"},"content":{"rendered":"<p>  APC Easy UPS On-Line, 3kVA\/2700W, Torre, 230V, 6 salidas IEC C13 + 1 salida IEC C19, Ranura para tarjeta inteligente, LCD SNR SRV3KI-E<\/p>\n<p>APC Easy UPS On-Line, 3kVA, Tower, 120V, 4x 5-20R + 1x L6-30R<br \/>\nNEMA outlets, Intelligent Card Slot, LCD. UPS en l\u00ednea de doble<br \/>\nconversi\u00f3n y alta calidad dise\u00f1ado para necesidades esenciales<br \/>\nde protecci\u00f3n de energ\u00eda incluso en las condiciones de energ\u00eda<br \/>\nm\u00e1s inestables.<\/p>\n<p>Maximice la continuidad del negocio con el APC Easy UPS On-Line SRV3KI-E, dise\u00f1ado para brindar protecci\u00f3n esencial para dispositivos cr\u00edticos. Perfecto para profesionales de TI, ofrece doble conversi\u00f3n y potencia de onda sinusoidal pura, garantizando confiabilidad en cualquier situaci\u00f3n.<\/p>\n<p>Capacidad: 3kVA\/2700W<br \/>\nSalidas: 6x IEC C13, 1x IEC C19<br \/>\nDise\u00f1o: Torre<br \/>\nVoltaje: 230V<br \/>\nExpansi\u00f3n: Ranura de tarjeta inteligente para gesti\u00f3n de red<br \/>\nProtec\u021bie: Bypass autom\u00e1tico y manual<br \/>\nCompatibilidad: Bater\u00edas de repuesto APCRBCV205<\/p>","protected":false},"excerpt":{"rendered":"<p> APC Easy UPS On-Line, 3kVA, Tower<\/p>\n<p>UPS de torre de onda sinusoidal pura en l\u00ednea de doble conversi\u00f3n 3kVA\/2400W<br \/>\nAlta eficiencia operativa en modo ECO de ahorro de energ\u00eda<br \/>\nMayor duraci\u00f3n de la bater\u00eda con carga inteligente con compensaci\u00f3n de temperatura<br \/>\nInterfaz LCD f\u00e1cil de leer para informaci\u00f3n detallada y precisa sobre el estado del UPS<\/p>","protected":false},"featured_media":5094,"comment_status":"open","ping_status":"closed","template":"","meta":{"site-sidebar-layout":"default","site-content-layout":"","ast-site-content-layout":"default","site-content-style":"default","site-sidebar-style":"default","ast-global-header-display":"","ast-banner-title-visibility":"","ast-main-header-display":"","ast-hfb-above-header-display":"","ast-hfb-below-header-display":"","ast-hfb-mobile-header-display":"","site-post-title":"","ast-breadcrumbs-content":"","ast-featured-img":"","footer-sml-layout":"","ast-disable-related-posts":"","theme-transparent-header-meta":"","adv-header-id-meta":"","stick-header-meta":"","header-above-stick-meta":"","header-main-stick-meta":"","header-below-stick-meta":"","astra-migrate-meta-layouts":"default","ast-page-background-enabled":"default","ast-page-background-meta":{"desktop":{"background-color":"var(--ast-global-color-5)","background-image":"","background-repeat":"repeat","background-position":"center center","background-size":"auto","background-attachment":"scroll","background-type":"","background-media":"","overlay-type":"","overlay-color":"","overlay-opacity":"","overlay-gradient":""},"tablet":{"background-color":"","background-image":"","background-repeat":"repeat","background-position":"center center","background-size":"auto","background-attachment":"scroll","background-type":"","background-media":"","overlay-type":"","overlay-color":"","overlay-opacity":"","overlay-gradient":""},"mobile":{"background-color":"","background-image":"","background-repeat":"repeat","background-position":"center center","background-size":"auto","background-attachment":"scroll","background-type":"","background-media":"","overlay-type":"","overlay-color":"","overlay-opacity":"","overlay-gradient":""}},"ast-content-background-meta":{"desktop":{"background-color":"var(--ast-global-color-4)","background-image":"","background-repeat":"repeat","background-position":"center center","background-size":"auto","background-attachment":"scroll","background-type":"","background-media":"","overlay-type":"","overlay-color":"","overlay-opacity":"","overlay-gradient":""},"tablet":{"background-color":"var(--ast-global-color-4)","background-image":"","background-repeat":"repeat","background-position":"center center","background-size":"auto","background-attachment":"scroll","background-type":"","background-media":"","overlay-type":"","overlay-color":"","overlay-opacity":"","overlay-gradient":""},"mobile":{"background-color":"var(--ast-global-color-4)","background-image":"","background-repeat":"repeat","background-position":"center center","background-size":"auto","background-attachment":"scroll","background-type":"","background-media":"","overlay-type":"","overlay-color":"","overlay-opacity":"","overlay-gradient":""}}},"product_brand":[],"product_cat":[35],"product_tag":[],"class_list":{"0":"post-5158","1":"product","2":"type-product","3":"status-publish","4":"has-post-thumbnail","6":"product_cat-uncategorized","7":"desktop-align-left","8":"tablet-align-left","9":"mobile-align-left","11":"first","12":"instock","13":"shipping-taxable","14":"product-type-simple"},"yoast_head":"<!-- This site is optimized with the Yoast SEO plugin v25.3 - https:\/\/yoast.com\/wordpress\/plugins\/seo\/ -->\n<title>APC Easy UPS On-Line - Tecplan<\/title>\n<meta name=\"robots\" content=\"index, follow, max-snippet:-1, max-image-preview:large, max-video-preview:-1\" \/>\n<link rel=\"canonical\" href=\"https:\/\/tecplan.com.es\/en\/product\/apc-easy-ups-on-line\/\" \/>\n<meta property=\"og:locale\" content=\"en_US\" \/>\n<meta property=\"og:type\" content=\"article\" \/>\n<meta property=\"og:title\" content=\"APC Easy UPS On-Line - Tecplan\" \/>\n<meta property=\"og:description\" content=\"APC Easy UPS On-Line, 3kVA, Tower UPS de torre de onda sinusoidal pura en l\u00ednea de doble conversi\u00f3n 3kVA\/2400W Alta eficiencia operativa en modo ECO de ahorro de energ\u00eda Mayor duraci\u00f3n de la bater\u00eda con carga inteligente con compensaci\u00f3n de temperatura Interfaz LCD f\u00e1cil de leer para informaci\u00f3n detallada y precisa sobre el estado del UPS\" \/>\n<meta property=\"og:url\" content=\"https:\/\/tecplan.com.es\/en\/product\/apc-easy-ups-on-line\/\" \/>\n<meta property=\"og:site_name\" content=\"Tecplan\" \/>\n<meta name=\"twitter:card\" content=\"summary_large_image\" \/>\n<meta name=\"twitter:label1\" content=\"Est. reading time\" \/>\n\t<meta name=\"twitter:data1\" content=\"1 minute\" \/>\n<script type=\"application\/ld+json\" class=\"yoast-schema-graph\">{\"@context\":\"https:\/\/schema.org\",\"@graph\":[{\"@type\":\"WebPage\",\"@id\":\"https:\/\/tecplan.com.es\/product\/apc-easy-ups-on-line\/\",\"url\":\"https:\/\/tecplan.com.es\/product\/apc-easy-ups-on-line\/\",\"name\":\"APC Easy UPS On-Line - Tecplan\",\"isPartOf\":{\"@id\":\"https:\/\/tecplan.com.es\/#website\"},\"primaryImageOfPage\":{\"@id\":\"https:\/\/tecplan.com.es\/product\/apc-easy-ups-on-line\/#primaryimage\"},\"image\":{\"@id\":\"https:\/\/tecplan.com.es\/product\/apc-easy-ups-on-line\/#primaryimage\"},\"thumbnailUrl\":\"https:\/\/tecplan.com.es\/wp-content\/uploads\/2026\/01\/UPS-On-Line-02.jpg\",\"datePublished\":\"2026-01-16T22:44:38+00:00\",\"breadcrumb\":{\"@id\":\"https:\/\/tecplan.com.es\/product\/apc-easy-ups-on-line\/#breadcrumb\"},\"inLanguage\":\"en-US\",\"potentialAction\":[{\"@type\":\"ReadAction\",\"target\":[\"https:\/\/tecplan.com.es\/product\/apc-easy-ups-on-line\/\"]}]},{\"@type\":\"ImageObject\",\"inLanguage\":\"en-US\",\"@id\":\"https:\/\/tecplan.com.es\/product\/apc-easy-ups-on-line\/#primaryimage\",\"url\":\"https:\/\/tecplan.com.es\/wp-content\/uploads\/2026\/01\/UPS-On-Line-02.jpg\",\"contentUrl\":\"https:\/\/tecplan.com.es\/wp-content\/uploads\/2026\/01\/UPS-On-Line-02.jpg\",\"width\":1250,\"height\":1250},{\"@type\":\"BreadcrumbList\",\"@id\":\"https:\/\/tecplan.com.es\/product\/apc-easy-ups-on-line\/#breadcrumb\",\"itemListElement\":[{\"@type\":\"ListItem\",\"position\":1,\"name\":\"Home\",\"item\":\"https:\/\/tecplan.com.es\/\"},{\"@type\":\"ListItem\",\"position\":2,\"name\":\"Shop\",\"item\":\"https:\/\/tecplan.com.es\/shop\/\"},{\"@type\":\"ListItem\",\"position\":3,\"name\":\"APC Easy UPS On-Line\"}]},{\"@type\":\"WebSite\",\"@id\":\"https:\/\/tecplan.com.es\/#website\",\"url\":\"https:\/\/tecplan.com.es\/\",\"name\":\"Tecplan\",\"description\":\"\",\"potentialAction\":[{\"@type\":\"SearchAction\",\"target\":{\"@type\":\"EntryPoint\",\"urlTemplate\":\"https:\/\/tecplan.com.es\/?s={search_term_string}\"},\"query-input\":{\"@type\":\"PropertyValueSpecification\",\"valueRequired\":true,\"valueName\":\"search_term_string\"}}],\"inLanguage\":\"en-US\"}]}<\/script>\n<!-- \/ Yoast SEO plugin. -->","yoast_head_json":{"title":"APC Easy UPS On-Line - Tecplan","robots":{"index":"index","follow":"follow","max-snippet":"max-snippet:-1","max-image-preview":"max-image-preview:large","max-video-preview":"max-video-preview:-1"},"canonical":"https:\/\/tecplan.com.es\/en\/product\/apc-easy-ups-on-line\/","og_locale":"en_US","og_type":"article","og_title":"APC Easy UPS On-Line - Tecplan","og_description":"APC Easy UPS On-Line, 3kVA, Tower UPS de torre de onda sinusoidal pura en l\u00ednea de doble conversi\u00f3n 3kVA\/2400W Alta eficiencia operativa en modo ECO de ahorro de energ\u00eda Mayor duraci\u00f3n de la bater\u00eda con carga inteligente con compensaci\u00f3n de temperatura Interfaz LCD f\u00e1cil de leer para informaci\u00f3n detallada y precisa sobre el estado del UPS","og_url":"https:\/\/tecplan.com.es\/en\/product\/apc-easy-ups-on-line\/","og_site_name":"Tecplan","twitter_card":"summary_large_image","twitter_misc":{"Est. reading time":"1 minute"},"schema":{"@context":"https:\/\/schema.org","@graph":[{"@type":"WebPage","@id":"https:\/\/tecplan.com.es\/product\/apc-easy-ups-on-line\/","url":"https:\/\/tecplan.com.es\/product\/apc-easy-ups-on-line\/","name":"APC Easy UPS On-Line - Tecplan","isPartOf":{"@id":"https:\/\/tecplan.com.es\/#website"},"primaryImageOfPage":{"@id":"https:\/\/tecplan.com.es\/product\/apc-easy-ups-on-line\/#primaryimage"},"image":{"@id":"https:\/\/tecplan.com.es\/product\/apc-easy-ups-on-line\/#primaryimage"},"thumbnailUrl":"https:\/\/tecplan.com.es\/wp-content\/uploads\/2026\/01\/UPS-On-Line-02.jpg","datePublished":"2026-01-16T22:44:38+00:00","breadcrumb":{"@id":"https:\/\/tecplan.com.es\/product\/apc-easy-ups-on-line\/#breadcrumb"},"inLanguage":"en-US","potentialAction":[{"@type":"ReadAction","target":["https:\/\/tecplan.com.es\/product\/apc-easy-ups-on-line\/"]}]},{"@type":"ImageObject","inLanguage":"en-US","@id":"https:\/\/tecplan.com.es\/product\/apc-easy-ups-on-line\/#primaryimage","url":"https:\/\/tecplan.com.es\/wp-content\/uploads\/2026\/01\/UPS-On-Line-02.jpg","contentUrl":"https:\/\/tecplan.com.es\/wp-content\/uploads\/2026\/01\/UPS-On-Line-02.jpg","width":1250,"height":1250},{"@type":"BreadcrumbList","@id":"https:\/\/tecplan.com.es\/product\/apc-easy-ups-on-line\/#breadcrumb","itemListElement":[{"@type":"ListItem","position":1,"name":"Home","item":"https:\/\/tecplan.com.es\/"},{"@type":"ListItem","position":2,"name":"Shop","item":"https:\/\/tecplan.com.es\/shop\/"},{"@type":"ListItem","position":3,"name":"APC Easy UPS On-Line"}]},{"@type":"WebSite","@id":"https:\/\/tecplan.com.es\/#website","url":"https:\/\/tecplan.com.es\/","name":"Tecplan","description":"","potentialAction":[{"@type":"SearchAction","target":{"@type":"EntryPoint","urlTemplate":"https:\/\/tecplan.com.es\/?s={search_term_string}"},"query-input":{"@type":"PropertyValueSpecification","valueRequired":true,"valueName":"search_term_string"}}],"inLanguage":"en-US"}]}},"_links":{"self":[{"href":"https:\/\/tecplan.com.es\/en\/wp-json\/wp\/v2\/product\/5158","targetHints":{"allow":["GET"]}}],"collection":[{"href":"https:\/\/tecplan.com.es\/en\/wp-json\/wp\/v2\/product"}],"about":[{"href":"https:\/\/tecplan.com.es\/en\/wp-json\/wp\/v2\/types\/product"}],"replies":[{"embeddable":true,"href":"https:\/\/tecplan.com.es\/en\/wp-json\/wp\/v2\/comments?post=5158"}],"version-history":[{"count":0,"href":"https:\/\/tecplan.com.es\/en\/wp-json\/wp\/v2\/product\/5158\/revisions"}],"wp:featuredmedia":[{"embeddable":true,"href":"https:\/\/tecplan.com.es\/en\/wp-json\/wp\/v2\/media\/5094"}],"wp:attachment":[{"href":"https:\/\/tecplan.com.es\/en\/wp-json\/wp\/v2\/media?parent=5158"}],"wp:term":[{"taxonomy":"product_brand","embeddable":true,"href":"https:\/\/tecplan.com.es\/en\/wp-json\/wp\/v2\/product_brand?post=5158"},{"taxonomy":"product_cat","embeddable":true,"href":"https:\/\/tecplan.com.es\/en\/wp-json\/wp\/v2\/product_cat?post=5158"},{"taxonomy":"product_tag","embeddable":true,"href":"https:\/\/tecplan.com.es\/en\/wp-json\/wp\/v2\/product_tag?post=5158"}],"curies":[{"name":"wp","href":"https:\/\/api.w.org\/{rel}","templated":true}]}}