{"id":5154,"date":"2026-01-16T22:44:37","date_gmt":"2026-01-16T22:44:37","guid":{"rendered":"https:\/\/tecplan.com.es\/product\/el-fortiap-231f\/"},"modified":"2026-01-20T20:47:43","modified_gmt":"2026-01-20T20:47:43","slug":"el-fortiap-231f","status":"publish","type":"product","link":"https:\/\/tecplan.com.es\/en\/product\/el-fortiap-231f\/","title":{"rendered":"El FortiAP 231F"},"content":{"rendered":"<p><strong>Punto de acceso inal\u00e1mbrico FortiAP 231F<\/strong><\/p>\n<p style=\"text-align: justify;\">El FortiAP 231F Wi-Fi 6 Indoor AP de clase empresarial ofrece tres radios, as\u00ed como funciones como OFDMA y dos puertos Ethernet de 1 Gbps. El FortiAP 231F puede escanear 24\/7 en ambas bandas y proporciona acceso simult\u00e1neo a las bandas de 2,4 GHz y 5 GHz. La radio BLE integrada puede utilizarse para balizas y aplicaciones de localizaci\u00f3n.<\/p>\n<p style=\"text-align: justify;\">El FortiAP 231F puede gestionarse de forma gratuita y centralizada a trav\u00e9s del controlador WLAN integrado de cualquier FortiGate Firewall o a trav\u00e9s del portal de despliegue y gesti\u00f3n de FortiAP Cloud, tambi\u00e9n gratuito. Al integrar la funcionalidad de controlador inal\u00e1mbrico en el dispositivo FortiGate l\u00edder del mercado, el FortiAP 231F es perfecto para proteger el borde de su LAN desde el campus hasta las sucursales. Security Fabric de Fortinet facilita la gesti\u00f3n de la seguridad cableada e inal\u00e1mbrica desde una \u00fanica consola de gesti\u00f3n de cristal, protegiendo su red de las \u00faltimas amenazas de seguridad.<\/p>\n<p><strong>Gesti\u00f3n unificada<\/strong><\/p>\n<ul>\n<li style=\"text-align: justify;\">La consola de gesti\u00f3n unificada simplifica las operaciones y garantiza la coherencia en la aplicaci\u00f3n y el cumplimiento efectivos de las pol\u00edticas.<\/li>\n<li style=\"text-align: justify;\">Protecci\u00f3n de seguridad avanzada.<\/li>\n<li style=\"text-align: justify;\">Seguridad LAN inal\u00e1mbrica del l\u00edder en seguridad de redes. El cortafuegos integrado, el IPS, el control de aplicaciones y el filtrado web protegen la WLAN de las amenazas de seguridad m\u00e1s recientes.<\/li>\n<li style=\"text-align: justify;\">Seguridad Wi-Fi integrada.<\/li>\n<li style=\"text-align: justify;\">Protege la red de amenazas inal\u00e1mbricas avanzadas y cumple la normativa PCI DSS.<\/li>\n<\/ul>\n<p><strong>Despliegue<\/strong><\/p>\n<ul>\n<li>Los FortiAP permiten una vers\u00e1til elecci\u00f3n de topolog\u00edas de instalaci\u00f3n con opciones que se adaptan a cualquier negocio.<\/li>\n<\/ul>","protected":false},"excerpt":{"rendered":"<p style=\"text-align: justify;\">El FortiAP 231F es un punto de acceso Wi-Fi 6 de clase empresarial de Fortinet, dise\u00f1ado para entornos de peque\u00f1as y medianas empresas, ofreciendo alta velocidad con radios de 2.4 y 5 GHz, compatibilidad con MU-MIMO y OFDMA, puertos Ethernet Gigabit y gesti\u00f3n centralizada a trav\u00e9s de un FortiGate o FortiAP Cloud, integr\u00e1ndose en la Fortinet Security Fabric para seguridad unificada y an\u00e1lisis de presencia.<\/p>\n<p><img decoding=\"async\" class=\"wp-image-5231 aligncenter\" src=\"https:\/\/tecplan.com.es\/wp-content\/uploads\/2026\/01\/Fortinet-300x48.jpg\" alt=\"\" width=\"161\" height=\"29\" \/><\/p>","protected":false},"featured_media":5077,"comment_status":"open","ping_status":"closed","template":"","meta":{"site-sidebar-layout":"default","site-content-layout":"","ast-site-content-layout":"default","site-content-style":"default","site-sidebar-style":"default","ast-global-header-display":"","ast-banner-title-visibility":"","ast-main-header-display":"","ast-hfb-above-header-display":"","ast-hfb-below-header-display":"","ast-hfb-mobile-header-display":"","site-post-title":"","ast-breadcrumbs-content":"","ast-featured-img":"","footer-sml-layout":"","ast-disable-related-posts":"","theme-transparent-header-meta":"default","adv-header-id-meta":"","stick-header-meta":"","header-above-stick-meta":"","header-main-stick-meta":"","header-below-stick-meta":"","astra-migrate-meta-layouts":"set","ast-page-background-enabled":"default","ast-page-background-meta":{"desktop":{"background-color":"var(--ast-global-color-5)","background-image":"","background-repeat":"repeat","background-position":"center center","background-size":"auto","background-attachment":"scroll","background-type":"","background-media":"","overlay-type":"","overlay-color":"","overlay-opacity":"","overlay-gradient":""},"tablet":{"background-color":"","background-image":"","background-repeat":"repeat","background-position":"center center","background-size":"auto","background-attachment":"scroll","background-type":"","background-media":"","overlay-type":"","overlay-color":"","overlay-opacity":"","overlay-gradient":""},"mobile":{"background-color":"","background-image":"","background-repeat":"repeat","background-position":"center center","background-size":"auto","background-attachment":"scroll","background-type":"","background-media":"","overlay-type":"","overlay-color":"","overlay-opacity":"","overlay-gradient":""}},"ast-content-background-meta":{"desktop":{"background-color":"var(--ast-global-color-4)","background-image":"","background-repeat":"repeat","background-position":"center center","background-size":"auto","background-attachment":"scroll","background-type":"","background-media":"","overlay-type":"","overlay-color":"","overlay-opacity":"","overlay-gradient":""},"tablet":{"background-color":"var(--ast-global-color-4)","background-image":"","background-repeat":"repeat","background-position":"center center","background-size":"auto","background-attachment":"scroll","background-type":"","background-media":"","overlay-type":"","overlay-color":"","overlay-opacity":"","overlay-gradient":""},"mobile":{"background-color":"var(--ast-global-color-4)","background-image":"","background-repeat":"repeat","background-position":"center center","background-size":"auto","background-attachment":"scroll","background-type":"","background-media":"","overlay-type":"","overlay-color":"","overlay-opacity":"","overlay-gradient":""}}},"product_brand":[334],"product_cat":[157,96,158],"product_tag":[335],"class_list":{"0":"post-5154","1":"product","2":"type-product","3":"status-publish","4":"has-post-thumbnail","6":"product_brand-fortinet","7":"product_cat-fortinet","8":"product_cat-networking","9":"product_cat-switch-fortinet","10":"product_tag-fortinet","11":"desktop-align-left","12":"tablet-align-left","13":"mobile-align-left","15":"first","16":"instock","17":"shipping-taxable","18":"product-type-simple"},"yoast_head":"<!-- This site is optimized with the Yoast SEO plugin v25.3 - https:\/\/yoast.com\/wordpress\/plugins\/seo\/ -->\n<title>El FortiAP 231F - Tecplan<\/title>\n<meta name=\"robots\" content=\"index, follow, max-snippet:-1, max-image-preview:large, max-video-preview:-1\" \/>\n<link rel=\"canonical\" href=\"https:\/\/tecplan.com.es\/en\/product\/el-fortiap-231f\/\" \/>\n<meta property=\"og:locale\" content=\"en_US\" \/>\n<meta property=\"og:type\" content=\"article\" \/>\n<meta property=\"og:title\" content=\"El FortiAP 231F - Tecplan\" \/>\n<meta property=\"og:description\" content=\"El FortiAP 231F es un punto de acceso Wi-Fi 6 de clase empresarial de Fortinet, dise\u00f1ado para entornos de peque\u00f1as y medianas empresas, ofreciendo alta velocidad con radios de 2.4 y 5 GHz, compatibilidad con MU-MIMO y OFDMA, puertos Ethernet Gigabit y gesti\u00f3n centralizada a trav\u00e9s de un FortiGate o FortiAP Cloud, integr\u00e1ndose en la Fortinet Security Fabric para seguridad unificada y an\u00e1lisis de presencia.\" \/>\n<meta property=\"og:url\" content=\"https:\/\/tecplan.com.es\/en\/product\/el-fortiap-231f\/\" \/>\n<meta property=\"og:site_name\" content=\"Tecplan\" \/>\n<meta property=\"article:modified_time\" content=\"2026-01-20T20:47:43+00:00\" \/>\n<meta property=\"og:image\" content=\"https:\/\/tecplan.com.es\/wp-content\/uploads\/2026\/01\/FortiAP-231F.jpg\" \/>\n\t<meta property=\"og:image:width\" content=\"1250\" \/>\n\t<meta property=\"og:image:height\" content=\"1250\" \/>\n\t<meta property=\"og:image:type\" content=\"image\/jpeg\" \/>\n<meta name=\"twitter:card\" content=\"summary_large_image\" \/>\n<meta name=\"twitter:label1\" content=\"Est. reading time\" \/>\n\t<meta name=\"twitter:data1\" content=\"2 minutes\" \/>\n<script type=\"application\/ld+json\" class=\"yoast-schema-graph\">{\"@context\":\"https:\/\/schema.org\",\"@graph\":[{\"@type\":\"WebPage\",\"@id\":\"https:\/\/tecplan.com.es\/product\/el-fortiap-231f\/\",\"url\":\"https:\/\/tecplan.com.es\/product\/el-fortiap-231f\/\",\"name\":\"El FortiAP 231F - Tecplan\",\"isPartOf\":{\"@id\":\"https:\/\/tecplan.com.es\/#website\"},\"primaryImageOfPage\":{\"@id\":\"https:\/\/tecplan.com.es\/product\/el-fortiap-231f\/#primaryimage\"},\"image\":{\"@id\":\"https:\/\/tecplan.com.es\/product\/el-fortiap-231f\/#primaryimage\"},\"thumbnailUrl\":\"https:\/\/tecplan.com.es\/wp-content\/uploads\/2026\/01\/FortiAP-231F.jpg\",\"datePublished\":\"2026-01-16T22:44:37+00:00\",\"dateModified\":\"2026-01-20T20:47:43+00:00\",\"breadcrumb\":{\"@id\":\"https:\/\/tecplan.com.es\/product\/el-fortiap-231f\/#breadcrumb\"},\"inLanguage\":\"en-US\",\"potentialAction\":[{\"@type\":\"ReadAction\",\"target\":[\"https:\/\/tecplan.com.es\/product\/el-fortiap-231f\/\"]}]},{\"@type\":\"ImageObject\",\"inLanguage\":\"en-US\",\"@id\":\"https:\/\/tecplan.com.es\/product\/el-fortiap-231f\/#primaryimage\",\"url\":\"https:\/\/tecplan.com.es\/wp-content\/uploads\/2026\/01\/FortiAP-231F.jpg\",\"contentUrl\":\"https:\/\/tecplan.com.es\/wp-content\/uploads\/2026\/01\/FortiAP-231F.jpg\",\"width\":1250,\"height\":1250},{\"@type\":\"BreadcrumbList\",\"@id\":\"https:\/\/tecplan.com.es\/product\/el-fortiap-231f\/#breadcrumb\",\"itemListElement\":[{\"@type\":\"ListItem\",\"position\":1,\"name\":\"Home\",\"item\":\"https:\/\/tecplan.com.es\/\"},{\"@type\":\"ListItem\",\"position\":2,\"name\":\"Shop\",\"item\":\"https:\/\/tecplan.com.es\/shop\/\"},{\"@type\":\"ListItem\",\"position\":3,\"name\":\"El FortiAP 231F\"}]},{\"@type\":\"WebSite\",\"@id\":\"https:\/\/tecplan.com.es\/#website\",\"url\":\"https:\/\/tecplan.com.es\/\",\"name\":\"Tecplan\",\"description\":\"\",\"potentialAction\":[{\"@type\":\"SearchAction\",\"target\":{\"@type\":\"EntryPoint\",\"urlTemplate\":\"https:\/\/tecplan.com.es\/?s={search_term_string}\"},\"query-input\":{\"@type\":\"PropertyValueSpecification\",\"valueRequired\":true,\"valueName\":\"search_term_string\"}}],\"inLanguage\":\"en-US\"}]}<\/script>\n<!-- \/ Yoast SEO plugin. -->","yoast_head_json":{"title":"El FortiAP 231F - Tecplan","robots":{"index":"index","follow":"follow","max-snippet":"max-snippet:-1","max-image-preview":"max-image-preview:large","max-video-preview":"max-video-preview:-1"},"canonical":"https:\/\/tecplan.com.es\/en\/product\/el-fortiap-231f\/","og_locale":"en_US","og_type":"article","og_title":"El FortiAP 231F - Tecplan","og_description":"El FortiAP 231F es un punto de acceso Wi-Fi 6 de clase empresarial de Fortinet, dise\u00f1ado para entornos de peque\u00f1as y medianas empresas, ofreciendo alta velocidad con radios de 2.4 y 5 GHz, compatibilidad con MU-MIMO y OFDMA, puertos Ethernet Gigabit y gesti\u00f3n centralizada a trav\u00e9s de un FortiGate o FortiAP Cloud, integr\u00e1ndose en la Fortinet Security Fabric para seguridad unificada y an\u00e1lisis de presencia.","og_url":"https:\/\/tecplan.com.es\/en\/product\/el-fortiap-231f\/","og_site_name":"Tecplan","article_modified_time":"2026-01-20T20:47:43+00:00","og_image":[{"width":1250,"height":1250,"url":"https:\/\/tecplan.com.es\/wp-content\/uploads\/2026\/01\/FortiAP-231F.jpg","type":"image\/jpeg"}],"twitter_card":"summary_large_image","twitter_misc":{"Est. reading time":"2 minutes"},"schema":{"@context":"https:\/\/schema.org","@graph":[{"@type":"WebPage","@id":"https:\/\/tecplan.com.es\/product\/el-fortiap-231f\/","url":"https:\/\/tecplan.com.es\/product\/el-fortiap-231f\/","name":"El FortiAP 231F - Tecplan","isPartOf":{"@id":"https:\/\/tecplan.com.es\/#website"},"primaryImageOfPage":{"@id":"https:\/\/tecplan.com.es\/product\/el-fortiap-231f\/#primaryimage"},"image":{"@id":"https:\/\/tecplan.com.es\/product\/el-fortiap-231f\/#primaryimage"},"thumbnailUrl":"https:\/\/tecplan.com.es\/wp-content\/uploads\/2026\/01\/FortiAP-231F.jpg","datePublished":"2026-01-16T22:44:37+00:00","dateModified":"2026-01-20T20:47:43+00:00","breadcrumb":{"@id":"https:\/\/tecplan.com.es\/product\/el-fortiap-231f\/#breadcrumb"},"inLanguage":"en-US","potentialAction":[{"@type":"ReadAction","target":["https:\/\/tecplan.com.es\/product\/el-fortiap-231f\/"]}]},{"@type":"ImageObject","inLanguage":"en-US","@id":"https:\/\/tecplan.com.es\/product\/el-fortiap-231f\/#primaryimage","url":"https:\/\/tecplan.com.es\/wp-content\/uploads\/2026\/01\/FortiAP-231F.jpg","contentUrl":"https:\/\/tecplan.com.es\/wp-content\/uploads\/2026\/01\/FortiAP-231F.jpg","width":1250,"height":1250},{"@type":"BreadcrumbList","@id":"https:\/\/tecplan.com.es\/product\/el-fortiap-231f\/#breadcrumb","itemListElement":[{"@type":"ListItem","position":1,"name":"Home","item":"https:\/\/tecplan.com.es\/"},{"@type":"ListItem","position":2,"name":"Shop","item":"https:\/\/tecplan.com.es\/shop\/"},{"@type":"ListItem","position":3,"name":"El FortiAP 231F"}]},{"@type":"WebSite","@id":"https:\/\/tecplan.com.es\/#website","url":"https:\/\/tecplan.com.es\/","name":"Tecplan","description":"","potentialAction":[{"@type":"SearchAction","target":{"@type":"EntryPoint","urlTemplate":"https:\/\/tecplan.com.es\/?s={search_term_string}"},"query-input":{"@type":"PropertyValueSpecification","valueRequired":true,"valueName":"search_term_string"}}],"inLanguage":"en-US"}]}},"_links":{"self":[{"href":"https:\/\/tecplan.com.es\/en\/wp-json\/wp\/v2\/product\/5154","targetHints":{"allow":["GET"]}}],"collection":[{"href":"https:\/\/tecplan.com.es\/en\/wp-json\/wp\/v2\/product"}],"about":[{"href":"https:\/\/tecplan.com.es\/en\/wp-json\/wp\/v2\/types\/product"}],"replies":[{"embeddable":true,"href":"https:\/\/tecplan.com.es\/en\/wp-json\/wp\/v2\/comments?post=5154"}],"version-history":[{"count":2,"href":"https:\/\/tecplan.com.es\/en\/wp-json\/wp\/v2\/product\/5154\/revisions"}],"predecessor-version":[{"id":5236,"href":"https:\/\/tecplan.com.es\/en\/wp-json\/wp\/v2\/product\/5154\/revisions\/5236"}],"wp:featuredmedia":[{"embeddable":true,"href":"https:\/\/tecplan.com.es\/en\/wp-json\/wp\/v2\/media\/5077"}],"wp:attachment":[{"href":"https:\/\/tecplan.com.es\/en\/wp-json\/wp\/v2\/media?parent=5154"}],"wp:term":[{"taxonomy":"product_brand","embeddable":true,"href":"https:\/\/tecplan.com.es\/en\/wp-json\/wp\/v2\/product_brand?post=5154"},{"taxonomy":"product_cat","embeddable":true,"href":"https:\/\/tecplan.com.es\/en\/wp-json\/wp\/v2\/product_cat?post=5154"},{"taxonomy":"product_tag","embeddable":true,"href":"https:\/\/tecplan.com.es\/en\/wp-json\/wp\/v2\/product_tag?post=5154"}],"curies":[{"name":"wp","href":"https:\/\/api.w.org\/{rel}","templated":true}]}}