{"id":5153,"date":"2026-01-16T22:44:37","date_gmt":"2026-01-16T22:44:37","guid":{"rendered":"https:\/\/tecplan.com.es\/product\/fortiswitch-124e\/"},"modified":"2026-01-20T20:52:51","modified_gmt":"2026-01-20T20:52:51","slug":"fortiswitch-124e","status":"publish","type":"product","link":"https:\/\/tecplan.com.es\/en\/product\/fortiswitch-124e\/","title":{"rendered":"FortiSwitch 124E"},"content":{"rendered":"<p><strong>Fortinet FortiSwitch 124E-POE<\/strong><\/p>\n<p style=\"text-align: justify;\">El Fortinet FortiSwitch-124E-POE es un conmutador POE administrado de capa 2+ equipado con 24 puertos Gigabit Ethernet y 4 ranuras SFP, con 12 puertos POE con una capacidad de potencia m\u00e1xima de 185 W y control inteligente de la temperatura del ventilador para un funcionamiento eficiente.<\/p>\n<ul style=\"text-align: justify;\">\n<li style=\"text-align: justify;\">Soporte parcial de POE: 12 puertos POE con una potencia total de hasta 185 W, adecuados para configuraciones m\u00e1s peque\u00f1as que requieren dispositivos alimentados.<\/li>\n<li style=\"text-align: justify;\">Conectividad de fibra: 4 ranuras SFP para garantizar flexibilidad y conexiones de red de largo alcance.<\/li>\n<li style=\"text-align: justify;\">Enfriamiento eficiente: El control inteligente del ventilador ayuda a mantener temperaturas \u00f3ptimas, reduciendo el ruido y el consumo de energ\u00eda.<\/li>\n<li style=\"text-align: justify;\">Conectividad robusta: 24 puertos GE facilitan amplias conexiones de red y transferencias de datos de alta velocidad.<\/li>\n<li style=\"text-align: justify;\">Seguridad integrada: Integraci\u00f3n perfecta con dispositivos FortiGate para mejorar la seguridad y la gesti\u00f3n de la red.<\/li>\n<\/ul>\n<p style=\"text-align: justify;\"><strong>Interruptores de acceso seguro FortiSwitch<\/strong><\/p>\n<p style=\"text-align: justify;\">Los conmutadores FortiSwitch Secure Access ofrecen una soluci\u00f3n Ethernet segura, simple y escalable con excelente seguridad, rendimiento y capacidad de administraci\u00f3n para peque\u00f1as y medianas empresas, empresas distribuidas y sucursales conscientes de las amenazas. Estrechamente integrados en la plataforma de seguridad de red FortiGate\u00ae, los conmutadores FortiSwitch Secure Access se pueden administrar directamente desde la conocida interfaz FortiGate. Este \u00fanico panel de gesti\u00f3n de vidrio proporciona visibilidad y control completos de todos los usuarios y dispositivos de la red, independientemente de c\u00f3mo se conecten.<\/p>\n<p style=\"text-align: justify;\"><strong>Integraci\u00f3n de tejidos de seguridad<\/strong><br \/>\nReduce la complejidad y disminuye los costos de administraci\u00f3n con funciones de seguridad de red administradas a trav\u00e9s de una sola consola mediante FortiGate. Esta integraci\u00f3n permite que todos los usuarios se autentiquen en la misma base de datos de usuarios, independientemente de si se conectan a la red cableada o inal\u00e1mbrica, incluidos los usuarios invitados temporales.<\/p>\n<p style=\"text-align: justify;\">Adem\u00e1s, la misma pol\u00edtica de seguridad puede aplicarse a un usuario o dispositivo independientemente de c\u00f3mo o d\u00f3nde se conecte a la red.<\/p>\n<p style=\"text-align: justify;\"><strong>Simplifique la implementaci\u00f3n de la red<\/strong><br \/>\nLa capacidad Power over Ethernet (PoE) en algunos modelos permite una instalaci\u00f3n sencilla de puntos de acceso inal\u00e1mbricos y tel\u00e9fonos IP en la red.<\/p>\n<p><strong>Aspectos destacados<\/strong><\/p>\n<ul>\n<li style=\"text-align: justify;\">Interruptores de acceso seguro adecuados para instalaciones de cableado, armarios y escritorios<\/li>\n<li style=\"text-align: justify;\">Ideal para entornos de red convergentes; permite entregar voz, datos y tr\u00e1fico inal\u00e1mbrico a trav\u00e9s de una \u00fanica red<\/li>\n<li style=\"text-align: justify;\">Los dispositivos se identifican y los usuarios se autentican antes de que se les conceda acceso a la red<\/li>\n<li style=\"text-align: justify;\">Seguridad centralizada y gesti\u00f3n de acceso desde la interfaz FortiGate<\/li>\n<li style=\"text-align: justify;\">Hasta 48 puertos en un formato compacto de 1 RU<\/li>\n<li style=\"text-align: justify;\">Apilable hasta 300 interruptores por FortiGate seg\u00fan el modelo<\/li>\n<li style=\"text-align: justify;\">Admite conmutaci\u00f3n de velocidad por cable y modo de reenv\u00edo de almacenamiento y reenv\u00edo<\/li>\n<\/ul>","protected":false},"excerpt":{"rendered":"<p style=\"text-align: justify;\">Los conmutadores de acceso seguro FortiSwitch ofrecen una soluci\u00f3n Ethernet segura, sencilla y escalable con una seguridad, un rendimiento y una capacidad de gesti\u00f3n excepcionales para las peque\u00f1as y medianas empresas, las empresas distribuidas y las sucursales conscientes de las amenazas.<\/p>\n<p><img decoding=\"async\" class=\"wp-image-5231 aligncenter\" src=\"https:\/\/tecplan.com.es\/wp-content\/uploads\/2026\/01\/Fortinet-300x48.jpg\" alt=\"\" width=\"143\" height=\"30\" \/><\/p>","protected":false},"featured_media":5075,"comment_status":"open","ping_status":"closed","template":"","meta":{"site-sidebar-layout":"default","site-content-layout":"","ast-site-content-layout":"default","site-content-style":"default","site-sidebar-style":"default","ast-global-header-display":"","ast-banner-title-visibility":"","ast-main-header-display":"","ast-hfb-above-header-display":"","ast-hfb-below-header-display":"","ast-hfb-mobile-header-display":"","site-post-title":"","ast-breadcrumbs-content":"","ast-featured-img":"","footer-sml-layout":"","ast-disable-related-posts":"","theme-transparent-header-meta":"default","adv-header-id-meta":"","stick-header-meta":"","header-above-stick-meta":"","header-main-stick-meta":"","header-below-stick-meta":"","astra-migrate-meta-layouts":"set","ast-page-background-enabled":"default","ast-page-background-meta":{"desktop":{"background-color":"var(--ast-global-color-5)","background-image":"","background-repeat":"repeat","background-position":"center center","background-size":"auto","background-attachment":"scroll","background-type":"","background-media":"","overlay-type":"","overlay-color":"","overlay-opacity":"","overlay-gradient":""},"tablet":{"background-color":"","background-image":"","background-repeat":"repeat","background-position":"center center","background-size":"auto","background-attachment":"scroll","background-type":"","background-media":"","overlay-type":"","overlay-color":"","overlay-opacity":"","overlay-gradient":""},"mobile":{"background-color":"","background-image":"","background-repeat":"repeat","background-position":"center center","background-size":"auto","background-attachment":"scroll","background-type":"","background-media":"","overlay-type":"","overlay-color":"","overlay-opacity":"","overlay-gradient":""}},"ast-content-background-meta":{"desktop":{"background-color":"var(--ast-global-color-4)","background-image":"","background-repeat":"repeat","background-position":"center center","background-size":"auto","background-attachment":"scroll","background-type":"","background-media":"","overlay-type":"","overlay-color":"","overlay-opacity":"","overlay-gradient":""},"tablet":{"background-color":"var(--ast-global-color-4)","background-image":"","background-repeat":"repeat","background-position":"center center","background-size":"auto","background-attachment":"scroll","background-type":"","background-media":"","overlay-type":"","overlay-color":"","overlay-opacity":"","overlay-gradient":""},"mobile":{"background-color":"var(--ast-global-color-4)","background-image":"","background-repeat":"repeat","background-position":"center center","background-size":"auto","background-attachment":"scroll","background-type":"","background-media":"","overlay-type":"","overlay-color":"","overlay-opacity":"","overlay-gradient":""}}},"product_brand":[334],"product_cat":[157,96,158],"product_tag":[335],"class_list":{"0":"post-5153","1":"product","2":"type-product","3":"status-publish","4":"has-post-thumbnail","6":"product_brand-fortinet","7":"product_cat-fortinet","8":"product_cat-networking","9":"product_cat-switch-fortinet","10":"product_tag-fortinet","11":"desktop-align-left","12":"tablet-align-left","13":"mobile-align-left","15":"first","16":"instock","17":"shipping-taxable","18":"product-type-simple"},"yoast_head":"<!-- This site is optimized with the Yoast SEO plugin v25.3 - https:\/\/yoast.com\/wordpress\/plugins\/seo\/ -->\n<title>FortiSwitch 124E - Tecplan<\/title>\n<meta name=\"robots\" content=\"index, follow, max-snippet:-1, max-image-preview:large, max-video-preview:-1\" \/>\n<link rel=\"canonical\" href=\"https:\/\/tecplan.com.es\/en\/product\/fortiswitch-124e\/\" \/>\n<meta property=\"og:locale\" content=\"en_US\" \/>\n<meta property=\"og:type\" content=\"article\" \/>\n<meta property=\"og:title\" content=\"FortiSwitch 124E - Tecplan\" \/>\n<meta property=\"og:description\" content=\"Los conmutadores de acceso seguro FortiSwitch ofrecen una soluci\u00f3n Ethernet segura, sencilla y escalable con una seguridad, un rendimiento y una capacidad de gesti\u00f3n excepcionales para las peque\u00f1as y medianas empresas, las empresas distribuidas y las sucursales conscientes de las amenazas.\" \/>\n<meta property=\"og:url\" content=\"https:\/\/tecplan.com.es\/en\/product\/fortiswitch-124e\/\" \/>\n<meta property=\"og:site_name\" content=\"Tecplan\" \/>\n<meta property=\"article:modified_time\" content=\"2026-01-20T20:52:51+00:00\" \/>\n<meta property=\"og:image\" content=\"https:\/\/tecplan.com.es\/wp-content\/uploads\/2026\/01\/FortiSwitch-124E.jpg\" \/>\n\t<meta property=\"og:image:width\" content=\"1250\" \/>\n\t<meta property=\"og:image:height\" content=\"1250\" \/>\n\t<meta property=\"og:image:type\" content=\"image\/jpeg\" \/>\n<meta name=\"twitter:card\" content=\"summary_large_image\" \/>\n<meta name=\"twitter:label1\" content=\"Est. reading time\" \/>\n\t<meta name=\"twitter:data1\" content=\"3 minutes\" \/>\n<script type=\"application\/ld+json\" class=\"yoast-schema-graph\">{\"@context\":\"https:\/\/schema.org\",\"@graph\":[{\"@type\":\"WebPage\",\"@id\":\"https:\/\/tecplan.com.es\/product\/fortiswitch-124e\/\",\"url\":\"https:\/\/tecplan.com.es\/product\/fortiswitch-124e\/\",\"name\":\"FortiSwitch 124E - Tecplan\",\"isPartOf\":{\"@id\":\"https:\/\/tecplan.com.es\/#website\"},\"primaryImageOfPage\":{\"@id\":\"https:\/\/tecplan.com.es\/product\/fortiswitch-124e\/#primaryimage\"},\"image\":{\"@id\":\"https:\/\/tecplan.com.es\/product\/fortiswitch-124e\/#primaryimage\"},\"thumbnailUrl\":\"https:\/\/tecplan.com.es\/wp-content\/uploads\/2026\/01\/FortiSwitch-124E.jpg\",\"datePublished\":\"2026-01-16T22:44:37+00:00\",\"dateModified\":\"2026-01-20T20:52:51+00:00\",\"breadcrumb\":{\"@id\":\"https:\/\/tecplan.com.es\/product\/fortiswitch-124e\/#breadcrumb\"},\"inLanguage\":\"en-US\",\"potentialAction\":[{\"@type\":\"ReadAction\",\"target\":[\"https:\/\/tecplan.com.es\/product\/fortiswitch-124e\/\"]}]},{\"@type\":\"ImageObject\",\"inLanguage\":\"en-US\",\"@id\":\"https:\/\/tecplan.com.es\/product\/fortiswitch-124e\/#primaryimage\",\"url\":\"https:\/\/tecplan.com.es\/wp-content\/uploads\/2026\/01\/FortiSwitch-124E.jpg\",\"contentUrl\":\"https:\/\/tecplan.com.es\/wp-content\/uploads\/2026\/01\/FortiSwitch-124E.jpg\",\"width\":1250,\"height\":1250},{\"@type\":\"BreadcrumbList\",\"@id\":\"https:\/\/tecplan.com.es\/product\/fortiswitch-124e\/#breadcrumb\",\"itemListElement\":[{\"@type\":\"ListItem\",\"position\":1,\"name\":\"Home\",\"item\":\"https:\/\/tecplan.com.es\/\"},{\"@type\":\"ListItem\",\"position\":2,\"name\":\"Shop\",\"item\":\"https:\/\/tecplan.com.es\/shop\/\"},{\"@type\":\"ListItem\",\"position\":3,\"name\":\"FortiSwitch 124E\"}]},{\"@type\":\"WebSite\",\"@id\":\"https:\/\/tecplan.com.es\/#website\",\"url\":\"https:\/\/tecplan.com.es\/\",\"name\":\"Tecplan\",\"description\":\"\",\"potentialAction\":[{\"@type\":\"SearchAction\",\"target\":{\"@type\":\"EntryPoint\",\"urlTemplate\":\"https:\/\/tecplan.com.es\/?s={search_term_string}\"},\"query-input\":{\"@type\":\"PropertyValueSpecification\",\"valueRequired\":true,\"valueName\":\"search_term_string\"}}],\"inLanguage\":\"en-US\"}]}<\/script>\n<!-- \/ Yoast SEO plugin. -->","yoast_head_json":{"title":"FortiSwitch 124E - Tecplan","robots":{"index":"index","follow":"follow","max-snippet":"max-snippet:-1","max-image-preview":"max-image-preview:large","max-video-preview":"max-video-preview:-1"},"canonical":"https:\/\/tecplan.com.es\/en\/product\/fortiswitch-124e\/","og_locale":"en_US","og_type":"article","og_title":"FortiSwitch 124E - Tecplan","og_description":"Los conmutadores de acceso seguro FortiSwitch ofrecen una soluci\u00f3n Ethernet segura, sencilla y escalable con una seguridad, un rendimiento y una capacidad de gesti\u00f3n excepcionales para las peque\u00f1as y medianas empresas, las empresas distribuidas y las sucursales conscientes de las amenazas.","og_url":"https:\/\/tecplan.com.es\/en\/product\/fortiswitch-124e\/","og_site_name":"Tecplan","article_modified_time":"2026-01-20T20:52:51+00:00","og_image":[{"width":1250,"height":1250,"url":"https:\/\/tecplan.com.es\/wp-content\/uploads\/2026\/01\/FortiSwitch-124E.jpg","type":"image\/jpeg"}],"twitter_card":"summary_large_image","twitter_misc":{"Est. reading time":"3 minutes"},"schema":{"@context":"https:\/\/schema.org","@graph":[{"@type":"WebPage","@id":"https:\/\/tecplan.com.es\/product\/fortiswitch-124e\/","url":"https:\/\/tecplan.com.es\/product\/fortiswitch-124e\/","name":"FortiSwitch 124E - Tecplan","isPartOf":{"@id":"https:\/\/tecplan.com.es\/#website"},"primaryImageOfPage":{"@id":"https:\/\/tecplan.com.es\/product\/fortiswitch-124e\/#primaryimage"},"image":{"@id":"https:\/\/tecplan.com.es\/product\/fortiswitch-124e\/#primaryimage"},"thumbnailUrl":"https:\/\/tecplan.com.es\/wp-content\/uploads\/2026\/01\/FortiSwitch-124E.jpg","datePublished":"2026-01-16T22:44:37+00:00","dateModified":"2026-01-20T20:52:51+00:00","breadcrumb":{"@id":"https:\/\/tecplan.com.es\/product\/fortiswitch-124e\/#breadcrumb"},"inLanguage":"en-US","potentialAction":[{"@type":"ReadAction","target":["https:\/\/tecplan.com.es\/product\/fortiswitch-124e\/"]}]},{"@type":"ImageObject","inLanguage":"en-US","@id":"https:\/\/tecplan.com.es\/product\/fortiswitch-124e\/#primaryimage","url":"https:\/\/tecplan.com.es\/wp-content\/uploads\/2026\/01\/FortiSwitch-124E.jpg","contentUrl":"https:\/\/tecplan.com.es\/wp-content\/uploads\/2026\/01\/FortiSwitch-124E.jpg","width":1250,"height":1250},{"@type":"BreadcrumbList","@id":"https:\/\/tecplan.com.es\/product\/fortiswitch-124e\/#breadcrumb","itemListElement":[{"@type":"ListItem","position":1,"name":"Home","item":"https:\/\/tecplan.com.es\/"},{"@type":"ListItem","position":2,"name":"Shop","item":"https:\/\/tecplan.com.es\/shop\/"},{"@type":"ListItem","position":3,"name":"FortiSwitch 124E"}]},{"@type":"WebSite","@id":"https:\/\/tecplan.com.es\/#website","url":"https:\/\/tecplan.com.es\/","name":"Tecplan","description":"","potentialAction":[{"@type":"SearchAction","target":{"@type":"EntryPoint","urlTemplate":"https:\/\/tecplan.com.es\/?s={search_term_string}"},"query-input":{"@type":"PropertyValueSpecification","valueRequired":true,"valueName":"search_term_string"}}],"inLanguage":"en-US"}]}},"_links":{"self":[{"href":"https:\/\/tecplan.com.es\/en\/wp-json\/wp\/v2\/product\/5153","targetHints":{"allow":["GET"]}}],"collection":[{"href":"https:\/\/tecplan.com.es\/en\/wp-json\/wp\/v2\/product"}],"about":[{"href":"https:\/\/tecplan.com.es\/en\/wp-json\/wp\/v2\/types\/product"}],"replies":[{"embeddable":true,"href":"https:\/\/tecplan.com.es\/en\/wp-json\/wp\/v2\/comments?post=5153"}],"version-history":[{"count":3,"href":"https:\/\/tecplan.com.es\/en\/wp-json\/wp\/v2\/product\/5153\/revisions"}],"predecessor-version":[{"id":5239,"href":"https:\/\/tecplan.com.es\/en\/wp-json\/wp\/v2\/product\/5153\/revisions\/5239"}],"wp:featuredmedia":[{"embeddable":true,"href":"https:\/\/tecplan.com.es\/en\/wp-json\/wp\/v2\/media\/5075"}],"wp:attachment":[{"href":"https:\/\/tecplan.com.es\/en\/wp-json\/wp\/v2\/media?parent=5153"}],"wp:term":[{"taxonomy":"product_brand","embeddable":true,"href":"https:\/\/tecplan.com.es\/en\/wp-json\/wp\/v2\/product_brand?post=5153"},{"taxonomy":"product_cat","embeddable":true,"href":"https:\/\/tecplan.com.es\/en\/wp-json\/wp\/v2\/product_cat?post=5153"},{"taxonomy":"product_tag","embeddable":true,"href":"https:\/\/tecplan.com.es\/en\/wp-json\/wp\/v2\/product_tag?post=5153"}],"curies":[{"name":"wp","href":"https:\/\/api.w.org\/{rel}","templated":true}]}}