{"id":5031,"date":"2026-01-12T22:45:16","date_gmt":"2026-01-12T22:45:16","guid":{"rendered":"https:\/\/tecplan.com.es\/product\/fortinet-fortimanager\/"},"modified":"2026-01-14T21:51:23","modified_gmt":"2026-01-14T21:51:23","slug":"fortinet-fortimanager","status":"publish","type":"product","link":"https:\/\/tecplan.com.es\/en\/product\/fortinet-fortimanager\/","title":{"rendered":"Fortinet FortiManager"},"content":{"rendered":"<ul>\n<li style=\"text-align: justify;\">Una \u00fanica consola para administrar todos los conmutadores de firewalls Fortinet, infraestructura inal\u00e1mbrica y puntos finales.<\/li>\n<li style=\"text-align: justify;\">Cree y modifique r\u00e1pidamente pol\u00edticas\/objetos con un editor en vista consolidado, habilitado para arrastrar y soltar.<\/li>\n<li style=\"text-align: justify;\">Seguimiento detallado de revisiones y capacidades de auditor\u00eda exhaustivas.<\/li>\n<li style=\"text-align: justify;\">Administre dispositivos en un grupo de Security Fabric como si fueran un solo dispositivo y muestre la topolog\u00eda de Security Fabric.<\/li>\n<li style=\"text-align: justify;\">Dispositivo granular y administraci\u00f3n basada en roles para grandes empresas e implementaciones multi-tenencia.<\/li>\n<\/ul>\n<p style=\"text-align: justify;\"><strong>Descripci\u00f3n general de los servicios de soporte de FortiCare<\/strong><br \/>\nEn Fortinet, ponemos mucho cuidado en asegurarnos de que nuestros clientes est\u00e9n satisfechos con nuestros productos y soporte. Nuestras ofertas de soporte de FortiCare est\u00e1n dise\u00f1adas espec\u00edficamente para brindarle el soporte que necesita para todos los productos y servicios de Fortinet sin importar en qu\u00e9 parte del mundo se encuentre.<\/p>\n<p style=\"text-align: justify;\">Los servicios de soporte de FortiCare le brindan soporte global por producto. Al suscribirse a estos servicios, recibir\u00e1 una respuesta oportuna a cualquier problema t\u00e9cnico, as\u00ed como una visibilidad completa sobre el progreso de la resoluci\u00f3n de tickets.<\/p>\n<p style=\"text-align: justify;\">Todos los servicios de soporte de FortiCare incluyen actualizaciones de firmware, acceso al portal de soporte y recursos t\u00e9cnicos asociados, informes sobre incidentes t\u00e9cnicos (a trav\u00e9s de la web, chat y tel\u00e9fono), as\u00ed como una opci\u00f3n de devoluci\u00f3n de hardware.<\/p>\n<p style=\"text-align: justify;\">Servicio FortiCare 24 horas al d\u00eda, 7 d\u00edas a la semana<br \/>\nEl servicio FortiCare 24&#215;7 incluye acceso a soporte t\u00e9cnico las 365 horas del d\u00eda, los 24 d\u00edas de la semana, as\u00ed como un servicio avanzado de reemplazo por fallas de hardware. Este servicio brinda la garant\u00eda de cobertura las 24 horas del d\u00eda y respuesta r\u00e1pida para el reemplazo de hardware defectuoso.<\/p>","protected":false},"excerpt":{"rendered":"<p>Forti Manager &#8211; Soporte \u00a0a trav\u00e9s de portal web, chat online y tel\u00e9fono<\/p>\n<ul>\n<li style=\"text-align: justify;\">Acceso escrito r\u00e1pido y sencillo a solicitudes de soporte t\u00e9cnico Servicio avanzado de reemplazo por fallas de hardware<br \/>\n<img decoding=\"async\" class=\"wp-image-5051 aligncenter\" style=\"font-style: inherit; font-weight: inherit;\" src=\"https:\/\/tecplan.com.es\/wp-content\/uploads\/2026\/01\/fortinet-logo-rgb-black-red-png-1024x281-1-300x82.webp\" alt=\"\" width=\"217\" height=\"56\" \/><\/li>\n<\/ul>","protected":false},"featured_media":5010,"comment_status":"open","ping_status":"closed","template":"","meta":{"site-sidebar-layout":"default","site-content-layout":"","ast-site-content-layout":"default","site-content-style":"default","site-sidebar-style":"default","ast-global-header-display":"","ast-banner-title-visibility":"","ast-main-header-display":"","ast-hfb-above-header-display":"","ast-hfb-below-header-display":"","ast-hfb-mobile-header-display":"","site-post-title":"","ast-breadcrumbs-content":"","ast-featured-img":"","footer-sml-layout":"","ast-disable-related-posts":"","theme-transparent-header-meta":"default","adv-header-id-meta":"","stick-header-meta":"","header-above-stick-meta":"","header-main-stick-meta":"","header-below-stick-meta":"","astra-migrate-meta-layouts":"set","ast-page-background-enabled":"default","ast-page-background-meta":{"desktop":{"background-color":"var(--ast-global-color-5)","background-image":"","background-repeat":"repeat","background-position":"center center","background-size":"auto","background-attachment":"scroll","background-type":"","background-media":"","overlay-type":"","overlay-color":"","overlay-opacity":"","overlay-gradient":""},"tablet":{"background-color":"","background-image":"","background-repeat":"repeat","background-position":"center center","background-size":"auto","background-attachment":"scroll","background-type":"","background-media":"","overlay-type":"","overlay-color":"","overlay-opacity":"","overlay-gradient":""},"mobile":{"background-color":"","background-image":"","background-repeat":"repeat","background-position":"center center","background-size":"auto","background-attachment":"scroll","background-type":"","background-media":"","overlay-type":"","overlay-color":"","overlay-opacity":"","overlay-gradient":""}},"ast-content-background-meta":{"desktop":{"background-color":"var(--ast-global-color-4)","background-image":"","background-repeat":"repeat","background-position":"center center","background-size":"auto","background-attachment":"scroll","background-type":"","background-media":"","overlay-type":"","overlay-color":"","overlay-opacity":"","overlay-gradient":""},"tablet":{"background-color":"var(--ast-global-color-4)","background-image":"","background-repeat":"repeat","background-position":"center center","background-size":"auto","background-attachment":"scroll","background-type":"","background-media":"","overlay-type":"","overlay-color":"","overlay-opacity":"","overlay-gradient":""},"mobile":{"background-color":"var(--ast-global-color-4)","background-image":"","background-repeat":"repeat","background-position":"center center","background-size":"auto","background-attachment":"scroll","background-type":"","background-media":"","overlay-type":"","overlay-color":"","overlay-opacity":"","overlay-gradient":""}}},"product_brand":[334],"product_cat":[157,96,160],"product_tag":[335],"class_list":{"0":"post-5031","1":"product","2":"type-product","3":"status-publish","4":"has-post-thumbnail","6":"product_brand-fortinet","7":"product_cat-fortinet","8":"product_cat-networking","9":"product_cat-otros-fortinet","10":"product_tag-fortinet","11":"desktop-align-left","12":"tablet-align-left","13":"mobile-align-left","15":"first","16":"instock","17":"shipping-taxable","18":"product-type-simple"},"yoast_head":"<!-- This site is optimized with the Yoast SEO plugin v25.3 - https:\/\/yoast.com\/wordpress\/plugins\/seo\/ -->\n<title>Fortinet FortiManager - Tecplan<\/title>\n<meta name=\"robots\" content=\"index, follow, max-snippet:-1, max-image-preview:large, max-video-preview:-1\" \/>\n<link rel=\"canonical\" href=\"https:\/\/tecplan.com.es\/en\/product\/fortinet-fortimanager\/\" \/>\n<meta property=\"og:locale\" content=\"en_US\" \/>\n<meta property=\"og:type\" content=\"article\" \/>\n<meta property=\"og:title\" content=\"Fortinet FortiManager - Tecplan\" \/>\n<meta property=\"og:description\" content=\"Forti Manager - Soporte \u00a0a trav\u00e9s de portal web, chat online y tel\u00e9fono   Acceso escrito r\u00e1pido y sencillo a solicitudes de soporte t\u00e9cnico Servicio avanzado de reemplazo por fallas de hardware\" \/>\n<meta property=\"og:url\" content=\"https:\/\/tecplan.com.es\/en\/product\/fortinet-fortimanager\/\" \/>\n<meta property=\"og:site_name\" content=\"Tecplan\" \/>\n<meta property=\"article:modified_time\" content=\"2026-01-14T21:51:23+00:00\" \/>\n<meta property=\"og:image\" content=\"https:\/\/tecplan.com.es\/wp-content\/uploads\/2026\/01\/fortinet-digital-product.jpg\" \/>\n\t<meta property=\"og:image:width\" content=\"300\" \/>\n\t<meta property=\"og:image:height\" content=\"300\" \/>\n\t<meta property=\"og:image:type\" content=\"image\/jpeg\" \/>\n<meta name=\"twitter:card\" content=\"summary_large_image\" \/>\n<meta name=\"twitter:label1\" content=\"Est. reading time\" \/>\n\t<meta name=\"twitter:data1\" content=\"2 minutes\" \/>\n<script type=\"application\/ld+json\" class=\"yoast-schema-graph\">{\"@context\":\"https:\/\/schema.org\",\"@graph\":[{\"@type\":\"WebPage\",\"@id\":\"https:\/\/tecplan.com.es\/product\/fortinet-fortimanager\/\",\"url\":\"https:\/\/tecplan.com.es\/product\/fortinet-fortimanager\/\",\"name\":\"Fortinet FortiManager - Tecplan\",\"isPartOf\":{\"@id\":\"https:\/\/tecplan.com.es\/#website\"},\"primaryImageOfPage\":{\"@id\":\"https:\/\/tecplan.com.es\/product\/fortinet-fortimanager\/#primaryimage\"},\"image\":{\"@id\":\"https:\/\/tecplan.com.es\/product\/fortinet-fortimanager\/#primaryimage\"},\"thumbnailUrl\":\"https:\/\/tecplan.com.es\/wp-content\/uploads\/2026\/01\/fortinet-digital-product.jpg\",\"datePublished\":\"2026-01-12T22:45:16+00:00\",\"dateModified\":\"2026-01-14T21:51:23+00:00\",\"breadcrumb\":{\"@id\":\"https:\/\/tecplan.com.es\/product\/fortinet-fortimanager\/#breadcrumb\"},\"inLanguage\":\"en-US\",\"potentialAction\":[{\"@type\":\"ReadAction\",\"target\":[\"https:\/\/tecplan.com.es\/product\/fortinet-fortimanager\/\"]}]},{\"@type\":\"ImageObject\",\"inLanguage\":\"en-US\",\"@id\":\"https:\/\/tecplan.com.es\/product\/fortinet-fortimanager\/#primaryimage\",\"url\":\"https:\/\/tecplan.com.es\/wp-content\/uploads\/2026\/01\/fortinet-digital-product.jpg\",\"contentUrl\":\"https:\/\/tecplan.com.es\/wp-content\/uploads\/2026\/01\/fortinet-digital-product.jpg\",\"width\":300,\"height\":300},{\"@type\":\"BreadcrumbList\",\"@id\":\"https:\/\/tecplan.com.es\/product\/fortinet-fortimanager\/#breadcrumb\",\"itemListElement\":[{\"@type\":\"ListItem\",\"position\":1,\"name\":\"Home\",\"item\":\"https:\/\/tecplan.com.es\/\"},{\"@type\":\"ListItem\",\"position\":2,\"name\":\"Shop\",\"item\":\"https:\/\/tecplan.com.es\/shop\/\"},{\"@type\":\"ListItem\",\"position\":3,\"name\":\"Fortinet FortiManager\"}]},{\"@type\":\"WebSite\",\"@id\":\"https:\/\/tecplan.com.es\/#website\",\"url\":\"https:\/\/tecplan.com.es\/\",\"name\":\"Tecplan\",\"description\":\"\",\"potentialAction\":[{\"@type\":\"SearchAction\",\"target\":{\"@type\":\"EntryPoint\",\"urlTemplate\":\"https:\/\/tecplan.com.es\/?s={search_term_string}\"},\"query-input\":{\"@type\":\"PropertyValueSpecification\",\"valueRequired\":true,\"valueName\":\"search_term_string\"}}],\"inLanguage\":\"en-US\"}]}<\/script>\n<!-- \/ Yoast SEO plugin. -->","yoast_head_json":{"title":"Fortinet FortiManager - Tecplan","robots":{"index":"index","follow":"follow","max-snippet":"max-snippet:-1","max-image-preview":"max-image-preview:large","max-video-preview":"max-video-preview:-1"},"canonical":"https:\/\/tecplan.com.es\/en\/product\/fortinet-fortimanager\/","og_locale":"en_US","og_type":"article","og_title":"Fortinet FortiManager - Tecplan","og_description":"Forti Manager - Soporte \u00a0a trav\u00e9s de portal web, chat online y tel\u00e9fono   Acceso escrito r\u00e1pido y sencillo a solicitudes de soporte t\u00e9cnico Servicio avanzado de reemplazo por fallas de hardware","og_url":"https:\/\/tecplan.com.es\/en\/product\/fortinet-fortimanager\/","og_site_name":"Tecplan","article_modified_time":"2026-01-14T21:51:23+00:00","og_image":[{"width":300,"height":300,"url":"https:\/\/tecplan.com.es\/wp-content\/uploads\/2026\/01\/fortinet-digital-product.jpg","type":"image\/jpeg"}],"twitter_card":"summary_large_image","twitter_misc":{"Est. reading time":"2 minutes"},"schema":{"@context":"https:\/\/schema.org","@graph":[{"@type":"WebPage","@id":"https:\/\/tecplan.com.es\/product\/fortinet-fortimanager\/","url":"https:\/\/tecplan.com.es\/product\/fortinet-fortimanager\/","name":"Fortinet FortiManager - Tecplan","isPartOf":{"@id":"https:\/\/tecplan.com.es\/#website"},"primaryImageOfPage":{"@id":"https:\/\/tecplan.com.es\/product\/fortinet-fortimanager\/#primaryimage"},"image":{"@id":"https:\/\/tecplan.com.es\/product\/fortinet-fortimanager\/#primaryimage"},"thumbnailUrl":"https:\/\/tecplan.com.es\/wp-content\/uploads\/2026\/01\/fortinet-digital-product.jpg","datePublished":"2026-01-12T22:45:16+00:00","dateModified":"2026-01-14T21:51:23+00:00","breadcrumb":{"@id":"https:\/\/tecplan.com.es\/product\/fortinet-fortimanager\/#breadcrumb"},"inLanguage":"en-US","potentialAction":[{"@type":"ReadAction","target":["https:\/\/tecplan.com.es\/product\/fortinet-fortimanager\/"]}]},{"@type":"ImageObject","inLanguage":"en-US","@id":"https:\/\/tecplan.com.es\/product\/fortinet-fortimanager\/#primaryimage","url":"https:\/\/tecplan.com.es\/wp-content\/uploads\/2026\/01\/fortinet-digital-product.jpg","contentUrl":"https:\/\/tecplan.com.es\/wp-content\/uploads\/2026\/01\/fortinet-digital-product.jpg","width":300,"height":300},{"@type":"BreadcrumbList","@id":"https:\/\/tecplan.com.es\/product\/fortinet-fortimanager\/#breadcrumb","itemListElement":[{"@type":"ListItem","position":1,"name":"Home","item":"https:\/\/tecplan.com.es\/"},{"@type":"ListItem","position":2,"name":"Shop","item":"https:\/\/tecplan.com.es\/shop\/"},{"@type":"ListItem","position":3,"name":"Fortinet FortiManager"}]},{"@type":"WebSite","@id":"https:\/\/tecplan.com.es\/#website","url":"https:\/\/tecplan.com.es\/","name":"Tecplan","description":"","potentialAction":[{"@type":"SearchAction","target":{"@type":"EntryPoint","urlTemplate":"https:\/\/tecplan.com.es\/?s={search_term_string}"},"query-input":{"@type":"PropertyValueSpecification","valueRequired":true,"valueName":"search_term_string"}}],"inLanguage":"en-US"}]}},"_links":{"self":[{"href":"https:\/\/tecplan.com.es\/en\/wp-json\/wp\/v2\/product\/5031","targetHints":{"allow":["GET"]}}],"collection":[{"href":"https:\/\/tecplan.com.es\/en\/wp-json\/wp\/v2\/product"}],"about":[{"href":"https:\/\/tecplan.com.es\/en\/wp-json\/wp\/v2\/types\/product"}],"replies":[{"embeddable":true,"href":"https:\/\/tecplan.com.es\/en\/wp-json\/wp\/v2\/comments?post=5031"}],"version-history":[{"count":2,"href":"https:\/\/tecplan.com.es\/en\/wp-json\/wp\/v2\/product\/5031\/revisions"}],"predecessor-version":[{"id":5053,"href":"https:\/\/tecplan.com.es\/en\/wp-json\/wp\/v2\/product\/5031\/revisions\/5053"}],"wp:featuredmedia":[{"embeddable":true,"href":"https:\/\/tecplan.com.es\/en\/wp-json\/wp\/v2\/media\/5010"}],"wp:attachment":[{"href":"https:\/\/tecplan.com.es\/en\/wp-json\/wp\/v2\/media?parent=5031"}],"wp:term":[{"taxonomy":"product_brand","embeddable":true,"href":"https:\/\/tecplan.com.es\/en\/wp-json\/wp\/v2\/product_brand?post=5031"},{"taxonomy":"product_cat","embeddable":true,"href":"https:\/\/tecplan.com.es\/en\/wp-json\/wp\/v2\/product_cat?post=5031"},{"taxonomy":"product_tag","embeddable":true,"href":"https:\/\/tecplan.com.es\/en\/wp-json\/wp\/v2\/product_tag?post=5031"}],"curies":[{"name":"wp","href":"https:\/\/api.w.org\/{rel}","templated":true}]}}