{"id":5028,"date":"2026-01-12T22:45:16","date_gmt":"2026-01-12T22:45:16","guid":{"rendered":"https:\/\/tecplan.com.es\/product\/jabra-speak-750-ms-teams-usb-bt-link37\/"},"modified":"2026-01-14T22:08:13","modified_gmt":"2026-01-14T22:08:13","slug":"jabra-speak-750-ms-teams-usb-bt-link37","status":"publish","type":"product","link":"https:\/\/tecplan.com.es\/en\/product\/jabra-speak-750-ms-teams-usb-bt-link37\/","title":{"rendered":"Jabra Speak 750 MS Teams USB\/BT &amp; Link37"},"content":{"rendered":"<p style=\"text-align: justify;\">Audio pr\u00e9mium: con el altavoz port\u00e1til Bluetooth Jabra Speak 750, puedes escuchar y ser escuchado cuando importa; el audio d\u00faplex completo en este altavoz de conferencia Jabra permite que todos hablen y sean escuchados simult\u00e1neamente para menos interrupciones.<\/p>\n<p style=\"text-align: justify;\"><strong>CONFIGURACI\u00d3N F\u00c1CIL<\/strong> \u2013 Es f\u00e1cil conectar este altavoz con micr\u00f3fono Jabra a tu laptop, smartphone o tableta usando USB o Bluetooth; la configuraci\u00f3n r\u00e1pida conduce a una colaboraci\u00f3n instant\u00e1nea y menos tiempo perdido lidiando con problemas de altavoces de oficina<\/p>\n<p style=\"text-align: justify;\"><strong>COMPATIBILIDAD<\/strong> \u2013 Este altavoz de conferencia Bluetooth con micr\u00f3fono es compatible con todas las plataformas l\u00edderes de Comunicaciones Unificadas, incluyendo Skype for Business, y est\u00e1 optimizado para su uso con Microsoft Teams.<\/p>\n<p style=\"text-align: justify;\"><strong>IDEAL PARA COLABORACI\u00d3N REMOTA<\/strong> \u2013 Las conversaciones fluir\u00e1n tan naturalmente como lo hacen en persona con este altavoz USB con HD Voice\/Audio de banda ancha, lo que lo hace ideal para reuniones remotas; Comb\u00ednalo con el Jabra PanaCast para un sistema de videoconferencia superior.<\/p>\n<p style=\"text-align: justify;\">En la caja: 1 altavoz inal\u00e1mbrico Jabra Speak 750 Bluetooth para llamadas de conferencia, adaptador Link 370, bolsa suave, gu\u00eda de inicio r\u00e1pido, folletos de advertencia y garant\u00eda, color: negro. Garant\u00eda de 2 a\u00f1os incluida: se requiere registro.<\/p>\n<h5 style=\"text-align: justify;\"><span style=\"text-decoration: underline;\"><strong>DOWNLOADS<\/strong><\/span><\/h5>\n<ul style=\"text-align: justify;\">\n<li>\u2192\u00a0 <a href=\"https:\/\/drive.google.com\/file\/d\/1Ug0-kOZxV5Mqw_XHqBy9RdbBPHNLN7f4\/view?usp=sharing\">Technical sheet<\/a><\/li>\n<\/ul>","protected":false},"excerpt":{"rendered":"<p style=\"text-align: justify;\"><strong>Jabra Speak 750 MS &#8211; Altavoz inal\u00e1mbrico Bluetooth con adaptador USB Link 370 \u2013 Altavoz de conferencia port\u00e1til para reuniones en cualquier lugar con audio premium &#8211; Certificado para Microsoft Teams<\/strong><\/p>\n<ul>\n<li style=\"text-align: justify;\">Jabra Altavoz Bluetooth inal\u00e1mbrico Speak 750 MS con adaptador USB Link 370 \u2013 Altavoz de conferencia port\u00e1til. Audio pr\u00e9mium,<\/li>\n<li style=\"text-align: justify;\">F\u00e1cil de instalar, Compatibilidad con todas las plataformas, Ideal para llamadas de conferencia, adaptador Link 370, bolsa suave, gu\u00eda de inicio r\u00e1pido y garant\u00eda, color negro.<\/li>\n<\/ul>\n<p><img decoding=\"async\" class=\"wp-image-2820 aligncenter\" src=\"https:\/\/tecplan.com.es\/wp-content\/uploads\/2025\/09\/Jabra_Logo-300x102.png\" alt=\"\" width=\"149\" height=\"46\" \/><\/p>\n<p>&nbsp;<\/p>","protected":false},"featured_media":5000,"comment_status":"open","ping_status":"closed","template":"","meta":{"site-sidebar-layout":"default","site-content-layout":"","ast-site-content-layout":"default","site-content-style":"default","site-sidebar-style":"default","ast-global-header-display":"","ast-banner-title-visibility":"","ast-main-header-display":"","ast-hfb-above-header-display":"","ast-hfb-below-header-display":"","ast-hfb-mobile-header-display":"","site-post-title":"","ast-breadcrumbs-content":"","ast-featured-img":"","footer-sml-layout":"","ast-disable-related-posts":"","theme-transparent-header-meta":"default","adv-header-id-meta":"","stick-header-meta":"","header-above-stick-meta":"","header-main-stick-meta":"","header-below-stick-meta":"","astra-migrate-meta-layouts":"set","ast-page-background-enabled":"default","ast-page-background-meta":{"desktop":{"background-color":"var(--ast-global-color-5)","background-image":"","background-repeat":"repeat","background-position":"center center","background-size":"auto","background-attachment":"scroll","background-type":"","background-media":"","overlay-type":"","overlay-color":"","overlay-opacity":"","overlay-gradient":""},"tablet":{"background-color":"","background-image":"","background-repeat":"repeat","background-position":"center center","background-size":"auto","background-attachment":"scroll","background-type":"","background-media":"","overlay-type":"","overlay-color":"","overlay-opacity":"","overlay-gradient":""},"mobile":{"background-color":"","background-image":"","background-repeat":"repeat","background-position":"center center","background-size":"auto","background-attachment":"scroll","background-type":"","background-media":"","overlay-type":"","overlay-color":"","overlay-opacity":"","overlay-gradient":""}},"ast-content-background-meta":{"desktop":{"background-color":"var(--ast-global-color-4)","background-image":"","background-repeat":"repeat","background-position":"center center","background-size":"auto","background-attachment":"scroll","background-type":"","background-media":"","overlay-type":"","overlay-color":"","overlay-opacity":"","overlay-gradient":""},"tablet":{"background-color":"var(--ast-global-color-4)","background-image":"","background-repeat":"repeat","background-position":"center center","background-size":"auto","background-attachment":"scroll","background-type":"","background-media":"","overlay-type":"","overlay-color":"","overlay-opacity":"","overlay-gradient":""},"mobile":{"background-color":"var(--ast-global-color-4)","background-image":"","background-repeat":"repeat","background-position":"center center","background-size":"auto","background-attachment":"scroll","background-type":"","background-media":"","overlay-type":"","overlay-color":"","overlay-opacity":"","overlay-gradient":""}}},"product_brand":[263],"product_cat":[146,147,142],"product_tag":[222],"class_list":{"0":"post-5028","1":"product","2":"type-product","3":"status-publish","4":"has-post-thumbnail","6":"product_brand-jabra","7":"product_cat-jabra","8":"product_cat-otros-jabra","9":"product_cat-telefonia","10":"product_tag-jabra","11":"desktop-align-left","12":"tablet-align-left","13":"mobile-align-left","15":"first","16":"instock","17":"shipping-taxable","18":"product-type-simple"},"yoast_head":"<!-- This site is optimized with the Yoast SEO plugin v25.3 - https:\/\/yoast.com\/wordpress\/plugins\/seo\/ -->\n<title>Jabra Speak 750 MS Teams USB\/BT &amp; Link37 - Tecplan<\/title>\n<meta name=\"robots\" content=\"index, follow, max-snippet:-1, max-image-preview:large, max-video-preview:-1\" \/>\n<link rel=\"canonical\" href=\"https:\/\/tecplan.com.es\/en\/product\/jabra-speak-750-ms-teams-usb-bt-link37\/\" \/>\n<meta property=\"og:locale\" content=\"en_US\" \/>\n<meta property=\"og:type\" content=\"article\" \/>\n<meta property=\"og:title\" content=\"Jabra Speak 750 MS Teams USB\/BT &amp; Link37 - Tecplan\" \/>\n<meta property=\"og:description\" content=\"Jabra Speak 750 MS - Altavoz inal\u00e1mbrico Bluetooth con adaptador USB Link 370 \u2013 Altavoz de conferencia port\u00e1til para reuniones en cualquier lugar con audio premium - Certificado para Microsoft Teams    Jabra Altavoz Bluetooth inal\u00e1mbrico Speak 750 MS con adaptador USB Link 370 \u2013 Altavoz de conferencia port\u00e1til. Audio pr\u00e9mium,  F\u00e1cil de instalar, Compatibilidad con todas las plataformas, Ideal para llamadas de conferencia, adaptador Link 370, bolsa suave, gu\u00eda de inicio r\u00e1pido y garant\u00eda, color negro.    &nbsp;\" \/>\n<meta property=\"og:url\" content=\"https:\/\/tecplan.com.es\/en\/product\/jabra-speak-750-ms-teams-usb-bt-link37\/\" \/>\n<meta property=\"og:site_name\" content=\"Tecplan\" \/>\n<meta property=\"article:modified_time\" content=\"2026-01-14T22:08:13+00:00\" \/>\n<meta property=\"og:image\" content=\"https:\/\/tecplan.com.es\/wp-content\/uploads\/2026\/01\/speak-jabra-3.jpg\" \/>\n\t<meta property=\"og:image:width\" content=\"679\" \/>\n\t<meta property=\"og:image:height\" content=\"693\" \/>\n\t<meta property=\"og:image:type\" content=\"image\/jpeg\" \/>\n<meta name=\"twitter:card\" content=\"summary_large_image\" \/>\n<meta name=\"twitter:label1\" content=\"Est. reading time\" \/>\n\t<meta name=\"twitter:data1\" content=\"2 minutes\" \/>\n<script type=\"application\/ld+json\" class=\"yoast-schema-graph\">{\"@context\":\"https:\/\/schema.org\",\"@graph\":[{\"@type\":\"WebPage\",\"@id\":\"https:\/\/tecplan.com.es\/product\/jabra-speak-750-ms-teams-usb-bt-link37\/\",\"url\":\"https:\/\/tecplan.com.es\/product\/jabra-speak-750-ms-teams-usb-bt-link37\/\",\"name\":\"Jabra Speak 750 MS Teams USB\/BT & Link37 - Tecplan\",\"isPartOf\":{\"@id\":\"https:\/\/tecplan.com.es\/#website\"},\"primaryImageOfPage\":{\"@id\":\"https:\/\/tecplan.com.es\/product\/jabra-speak-750-ms-teams-usb-bt-link37\/#primaryimage\"},\"image\":{\"@id\":\"https:\/\/tecplan.com.es\/product\/jabra-speak-750-ms-teams-usb-bt-link37\/#primaryimage\"},\"thumbnailUrl\":\"https:\/\/tecplan.com.es\/wp-content\/uploads\/2026\/01\/speak-jabra-3.jpg\",\"datePublished\":\"2026-01-12T22:45:16+00:00\",\"dateModified\":\"2026-01-14T22:08:13+00:00\",\"breadcrumb\":{\"@id\":\"https:\/\/tecplan.com.es\/product\/jabra-speak-750-ms-teams-usb-bt-link37\/#breadcrumb\"},\"inLanguage\":\"en-US\",\"potentialAction\":[{\"@type\":\"ReadAction\",\"target\":[\"https:\/\/tecplan.com.es\/product\/jabra-speak-750-ms-teams-usb-bt-link37\/\"]}]},{\"@type\":\"ImageObject\",\"inLanguage\":\"en-US\",\"@id\":\"https:\/\/tecplan.com.es\/product\/jabra-speak-750-ms-teams-usb-bt-link37\/#primaryimage\",\"url\":\"https:\/\/tecplan.com.es\/wp-content\/uploads\/2026\/01\/speak-jabra-3.jpg\",\"contentUrl\":\"https:\/\/tecplan.com.es\/wp-content\/uploads\/2026\/01\/speak-jabra-3.jpg\",\"width\":679,\"height\":693},{\"@type\":\"BreadcrumbList\",\"@id\":\"https:\/\/tecplan.com.es\/product\/jabra-speak-750-ms-teams-usb-bt-link37\/#breadcrumb\",\"itemListElement\":[{\"@type\":\"ListItem\",\"position\":1,\"name\":\"Home\",\"item\":\"https:\/\/tecplan.com.es\/\"},{\"@type\":\"ListItem\",\"position\":2,\"name\":\"Shop\",\"item\":\"https:\/\/tecplan.com.es\/shop\/\"},{\"@type\":\"ListItem\",\"position\":3,\"name\":\"Jabra Speak 750 MS Teams USB\/BT &#038; Link37\"}]},{\"@type\":\"WebSite\",\"@id\":\"https:\/\/tecplan.com.es\/#website\",\"url\":\"https:\/\/tecplan.com.es\/\",\"name\":\"Tecplan\",\"description\":\"\",\"potentialAction\":[{\"@type\":\"SearchAction\",\"target\":{\"@type\":\"EntryPoint\",\"urlTemplate\":\"https:\/\/tecplan.com.es\/?s={search_term_string}\"},\"query-input\":{\"@type\":\"PropertyValueSpecification\",\"valueRequired\":true,\"valueName\":\"search_term_string\"}}],\"inLanguage\":\"en-US\"}]}<\/script>\n<!-- \/ Yoast SEO plugin. -->","yoast_head_json":{"title":"Jabra Speak 750 MS Teams USB\/BT & Link37 - Tecplan","robots":{"index":"index","follow":"follow","max-snippet":"max-snippet:-1","max-image-preview":"max-image-preview:large","max-video-preview":"max-video-preview:-1"},"canonical":"https:\/\/tecplan.com.es\/en\/product\/jabra-speak-750-ms-teams-usb-bt-link37\/","og_locale":"en_US","og_type":"article","og_title":"Jabra Speak 750 MS Teams USB\/BT & Link37 - Tecplan","og_description":"Jabra Speak 750 MS - Altavoz inal\u00e1mbrico Bluetooth con adaptador USB Link 370 \u2013 Altavoz de conferencia port\u00e1til para reuniones en cualquier lugar con audio premium - Certificado para Microsoft Teams    Jabra Altavoz Bluetooth inal\u00e1mbrico Speak 750 MS con adaptador USB Link 370 \u2013 Altavoz de conferencia port\u00e1til. Audio pr\u00e9mium,  F\u00e1cil de instalar, Compatibilidad con todas las plataformas, Ideal para llamadas de conferencia, adaptador Link 370, bolsa suave, gu\u00eda de inicio r\u00e1pido y garant\u00eda, color negro.    &nbsp;","og_url":"https:\/\/tecplan.com.es\/en\/product\/jabra-speak-750-ms-teams-usb-bt-link37\/","og_site_name":"Tecplan","article_modified_time":"2026-01-14T22:08:13+00:00","og_image":[{"width":679,"height":693,"url":"https:\/\/tecplan.com.es\/wp-content\/uploads\/2026\/01\/speak-jabra-3.jpg","type":"image\/jpeg"}],"twitter_card":"summary_large_image","twitter_misc":{"Est. reading time":"2 minutes"},"schema":{"@context":"https:\/\/schema.org","@graph":[{"@type":"WebPage","@id":"https:\/\/tecplan.com.es\/product\/jabra-speak-750-ms-teams-usb-bt-link37\/","url":"https:\/\/tecplan.com.es\/product\/jabra-speak-750-ms-teams-usb-bt-link37\/","name":"Jabra Speak 750 MS Teams USB\/BT & Link37 - Tecplan","isPartOf":{"@id":"https:\/\/tecplan.com.es\/#website"},"primaryImageOfPage":{"@id":"https:\/\/tecplan.com.es\/product\/jabra-speak-750-ms-teams-usb-bt-link37\/#primaryimage"},"image":{"@id":"https:\/\/tecplan.com.es\/product\/jabra-speak-750-ms-teams-usb-bt-link37\/#primaryimage"},"thumbnailUrl":"https:\/\/tecplan.com.es\/wp-content\/uploads\/2026\/01\/speak-jabra-3.jpg","datePublished":"2026-01-12T22:45:16+00:00","dateModified":"2026-01-14T22:08:13+00:00","breadcrumb":{"@id":"https:\/\/tecplan.com.es\/product\/jabra-speak-750-ms-teams-usb-bt-link37\/#breadcrumb"},"inLanguage":"en-US","potentialAction":[{"@type":"ReadAction","target":["https:\/\/tecplan.com.es\/product\/jabra-speak-750-ms-teams-usb-bt-link37\/"]}]},{"@type":"ImageObject","inLanguage":"en-US","@id":"https:\/\/tecplan.com.es\/product\/jabra-speak-750-ms-teams-usb-bt-link37\/#primaryimage","url":"https:\/\/tecplan.com.es\/wp-content\/uploads\/2026\/01\/speak-jabra-3.jpg","contentUrl":"https:\/\/tecplan.com.es\/wp-content\/uploads\/2026\/01\/speak-jabra-3.jpg","width":679,"height":693},{"@type":"BreadcrumbList","@id":"https:\/\/tecplan.com.es\/product\/jabra-speak-750-ms-teams-usb-bt-link37\/#breadcrumb","itemListElement":[{"@type":"ListItem","position":1,"name":"Home","item":"https:\/\/tecplan.com.es\/"},{"@type":"ListItem","position":2,"name":"Shop","item":"https:\/\/tecplan.com.es\/shop\/"},{"@type":"ListItem","position":3,"name":"Jabra Speak 750 MS Teams USB\/BT &#038; Link37"}]},{"@type":"WebSite","@id":"https:\/\/tecplan.com.es\/#website","url":"https:\/\/tecplan.com.es\/","name":"Tecplan","description":"","potentialAction":[{"@type":"SearchAction","target":{"@type":"EntryPoint","urlTemplate":"https:\/\/tecplan.com.es\/?s={search_term_string}"},"query-input":{"@type":"PropertyValueSpecification","valueRequired":true,"valueName":"search_term_string"}}],"inLanguage":"en-US"}]}},"_links":{"self":[{"href":"https:\/\/tecplan.com.es\/en\/wp-json\/wp\/v2\/product\/5028","targetHints":{"allow":["GET"]}}],"collection":[{"href":"https:\/\/tecplan.com.es\/en\/wp-json\/wp\/v2\/product"}],"about":[{"href":"https:\/\/tecplan.com.es\/en\/wp-json\/wp\/v2\/types\/product"}],"replies":[{"embeddable":true,"href":"https:\/\/tecplan.com.es\/en\/wp-json\/wp\/v2\/comments?post=5028"}],"version-history":[{"count":3,"href":"https:\/\/tecplan.com.es\/en\/wp-json\/wp\/v2\/product\/5028\/revisions"}],"predecessor-version":[{"id":5060,"href":"https:\/\/tecplan.com.es\/en\/wp-json\/wp\/v2\/product\/5028\/revisions\/5060"}],"wp:featuredmedia":[{"embeddable":true,"href":"https:\/\/tecplan.com.es\/en\/wp-json\/wp\/v2\/media\/5000"}],"wp:attachment":[{"href":"https:\/\/tecplan.com.es\/en\/wp-json\/wp\/v2\/media?parent=5028"}],"wp:term":[{"taxonomy":"product_brand","embeddable":true,"href":"https:\/\/tecplan.com.es\/en\/wp-json\/wp\/v2\/product_brand?post=5028"},{"taxonomy":"product_cat","embeddable":true,"href":"https:\/\/tecplan.com.es\/en\/wp-json\/wp\/v2\/product_cat?post=5028"},{"taxonomy":"product_tag","embeddable":true,"href":"https:\/\/tecplan.com.es\/en\/wp-json\/wp\/v2\/product_tag?post=5028"}],"curies":[{"name":"wp","href":"https:\/\/api.w.org\/{rel}","templated":true}]}}