{"id":5027,"date":"2026-01-12T22:45:16","date_gmt":"2026-01-12T22:45:16","guid":{"rendered":"https:\/\/tecplan.com.es\/product\/evolve-65-duo-se-ms-inalambrico\/"},"modified":"2026-01-14T22:11:21","modified_gmt":"2026-01-14T22:11:21","slug":"evolve-65-duo-se-ms-inalambrico","status":"publish","type":"product","link":"https:\/\/tecplan.com.es\/en\/product\/evolve-65-duo-se-ms-inalambrico\/","title":{"rendered":"Evolve 65 Duo SE MORE WIRELESS"},"content":{"rendered":"<p style=\"text-align: justify;\">Los Jabra EVOLVE 65 MS est\u00e9reo con Bluetooth y tecnolog\u00eda NFC son auriculares profesionales dise\u00f1ados para mejorar la concentraci\u00f3n y las conversaciones. La tecnolog\u00eda de cancelaci\u00f3n de ruido le da tranquilidad para trabajar en una oficina di\u00e1fana y ruidosa, al crear una zona de concentraci\u00f3n a su alrededor que le permitir\u00e1 centrarse en el trabajo. Los auriculares est\u00e1n fabricados para asegurar elegancia y confort, con sus almohadillas de polipiel para las orejas y est\u00e1n espec\u00edficamente dise\u00f1ados para reducir el ruido de la oficina.<\/p>\n<ul>\n<li style=\"text-align: justify;\">Auricular Banda ancha<\/li>\n<li style=\"text-align: justify;\">Ancho de banda del altavoz, modo M\u00fasica HiFi<\/li>\n<li style=\"text-align: justify;\">Ancho de banda del altavoz, modo Conversaci\u00f3n Banda ancha<\/li>\n<li style=\"text-align: justify;\">micr\u00f3fono Banda ancha<\/li>\n<li style=\"text-align: justify;\">Certificaciones Sellos de regulaci\u00f3n: CE, FCC ID, IC ID KCC, RCM, NCC, TELEC, SRRC<\/li>\n<li style=\"text-align: justify;\">Certificaciones industriales: Microsoft Teams, Avaya, Cisco, Alcatel Lucent y Astra<\/li>\n<li style=\"text-align: justify;\">Tiempo de conversaci\u00f3n Hasta 14 horas<\/li>\n<li style=\"text-align: justify;\">Tiempo de espera Hasta 15 d\u00edas<\/li>\n<li style=\"text-align: justify;\">Bater\u00eda incluida S\u00ed<\/li>\n<li style=\"text-align: justify;\">Tiempo de carga M\u00e1x. 120 minutos<\/li>\n<li style=\"text-align: justify;\">Conectividad<\/li>\n<li style=\"text-align: justify;\">Conexi\u00f3n (mini jack, USB, etc.) USB\/Bluetooth<\/li>\n<li style=\"text-align: justify;\">Dispositivo Bluetooth S\u00ed<\/li>\n<li style=\"text-align: justify;\">Alcance Hasta 30 m (100 pies)<\/li>\n<li style=\"text-align: justify;\">Perfiles Bluetooth compatibles A2DP (v1.2), perfil manos libres (v1.6), perfil auricular (v1.2), AGHFP (v1.6)<\/li>\n<li style=\"text-align: justify;\">Tecnolog\u00eda inal\u00e1mbrica Bluetooth Bluetooth 4.0<\/li>\n<li style=\"text-align: justify;\">Seguridad Sincronizaci\u00f3n, autenticaci\u00f3n y encriptaci\u00f3n (est\u00e1ndar Bluetooth)<\/li>\n<li style=\"text-align: justify;\">Dispositivos sincronizados Hasta 8 dispositivos, 2 conexiones activas en stand by por Bluetooth<\/li>\n<\/ul>","protected":false},"excerpt":{"rendered":"<p style=\"text-align: justify;\">Auricular inal\u00e1mbrico para PC, m\u00f3vil y tablet, puede conectar 2 dispositivos simult\u00e1neamente. Micr\u00f3fono unidireccional con supresi\u00f3n de ruido. Alcance: hasta 30 metros. Duraci\u00f3n de la bater\u00eda: 12 horas en conversaci\u00f3n. Conectividad: Bluetooth (dongle USB), Certificaci\u00f3n Microsoft Teams.<\/p>\n<p><img decoding=\"async\" class=\"wp-image-2820 aligncenter\" src=\"https:\/\/tecplan.com.es\/wp-content\/uploads\/2025\/09\/Jabra_Logo-300x102.png\" alt=\"\" width=\"139\" height=\"55\" \/><\/p>","protected":false},"featured_media":4994,"comment_status":"open","ping_status":"closed","template":"","meta":{"site-sidebar-layout":"default","site-content-layout":"","ast-site-content-layout":"default","site-content-style":"default","site-sidebar-style":"default","ast-global-header-display":"","ast-banner-title-visibility":"","ast-main-header-display":"","ast-hfb-above-header-display":"","ast-hfb-below-header-display":"","ast-hfb-mobile-header-display":"","site-post-title":"","ast-breadcrumbs-content":"","ast-featured-img":"","footer-sml-layout":"","ast-disable-related-posts":"","theme-transparent-header-meta":"default","adv-header-id-meta":"","stick-header-meta":"","header-above-stick-meta":"","header-main-stick-meta":"","header-below-stick-meta":"","astra-migrate-meta-layouts":"set","ast-page-background-enabled":"default","ast-page-background-meta":{"desktop":{"background-color":"var(--ast-global-color-5)","background-image":"","background-repeat":"repeat","background-position":"center center","background-size":"auto","background-attachment":"scroll","background-type":"","background-media":"","overlay-type":"","overlay-color":"","overlay-opacity":"","overlay-gradient":""},"tablet":{"background-color":"","background-image":"","background-repeat":"repeat","background-position":"center center","background-size":"auto","background-attachment":"scroll","background-type":"","background-media":"","overlay-type":"","overlay-color":"","overlay-opacity":"","overlay-gradient":""},"mobile":{"background-color":"","background-image":"","background-repeat":"repeat","background-position":"center center","background-size":"auto","background-attachment":"scroll","background-type":"","background-media":"","overlay-type":"","overlay-color":"","overlay-opacity":"","overlay-gradient":""}},"ast-content-background-meta":{"desktop":{"background-color":"var(--ast-global-color-4)","background-image":"","background-repeat":"repeat","background-position":"center center","background-size":"auto","background-attachment":"scroll","background-type":"","background-media":"","overlay-type":"","overlay-color":"","overlay-opacity":"","overlay-gradient":""},"tablet":{"background-color":"var(--ast-global-color-4)","background-image":"","background-repeat":"repeat","background-position":"center center","background-size":"auto","background-attachment":"scroll","background-type":"","background-media":"","overlay-type":"","overlay-color":"","overlay-opacity":"","overlay-gradient":""},"mobile":{"background-color":"var(--ast-global-color-4)","background-image":"","background-repeat":"repeat","background-position":"center center","background-size":"auto","background-attachment":"scroll","background-type":"","background-media":"","overlay-type":"","overlay-color":"","overlay-opacity":"","overlay-gradient":""}}},"product_brand":[263],"product_cat":[148,146,142],"product_tag":[222],"class_list":{"0":"post-5027","1":"product","2":"type-product","3":"status-publish","4":"has-post-thumbnail","6":"product_brand-jabra","7":"product_cat-headset-jabra","8":"product_cat-jabra","9":"product_cat-telefonia","10":"product_tag-jabra","11":"desktop-align-left","12":"tablet-align-left","13":"mobile-align-left","15":"first","16":"instock","17":"shipping-taxable","18":"product-type-simple"},"yoast_head":"<!-- This site is optimized with the Yoast SEO plugin v25.3 - https:\/\/yoast.com\/wordpress\/plugins\/seo\/ -->\n<title>Evolve 65 Duo SE MS INALAMBRICO - Tecplan<\/title>\n<meta name=\"robots\" content=\"index, follow, max-snippet:-1, max-image-preview:large, max-video-preview:-1\" \/>\n<link rel=\"canonical\" href=\"https:\/\/tecplan.com.es\/en\/product\/evolve-65-duo-se-ms-inalambrico\/\" \/>\n<meta property=\"og:locale\" content=\"en_US\" \/>\n<meta property=\"og:type\" content=\"article\" \/>\n<meta property=\"og:title\" content=\"Evolve 65 Duo SE MS INALAMBRICO - Tecplan\" \/>\n<meta property=\"og:description\" content=\"Auricular inal\u00e1mbrico para PC, m\u00f3vil y tablet, puede conectar 2 dispositivos simult\u00e1neamente. Micr\u00f3fono unidireccional con supresi\u00f3n de ruido. Alcance: hasta 30 metros. Duraci\u00f3n de la bater\u00eda: 12 horas en conversaci\u00f3n. Conectividad: Bluetooth (dongle USB), Certificaci\u00f3n Microsoft Teams.\" \/>\n<meta property=\"og:url\" content=\"https:\/\/tecplan.com.es\/en\/product\/evolve-65-duo-se-ms-inalambrico\/\" \/>\n<meta property=\"og:site_name\" content=\"Tecplan\" \/>\n<meta property=\"article:modified_time\" content=\"2026-01-14T22:11:21+00:00\" \/>\n<meta property=\"og:image\" content=\"https:\/\/tecplan.com.es\/wp-content\/uploads\/2026\/01\/Jabra-Evolve-65-1.png\" \/>\n\t<meta property=\"og:image:width\" content=\"600\" \/>\n\t<meta property=\"og:image:height\" content=\"600\" \/>\n\t<meta property=\"og:image:type\" content=\"image\/png\" \/>\n<meta name=\"twitter:card\" content=\"summary_large_image\" \/>\n<meta name=\"twitter:label1\" content=\"Est. reading time\" \/>\n\t<meta name=\"twitter:data1\" content=\"2 minutes\" \/>\n<script type=\"application\/ld+json\" class=\"yoast-schema-graph\">{\"@context\":\"https:\/\/schema.org\",\"@graph\":[{\"@type\":\"WebPage\",\"@id\":\"https:\/\/tecplan.com.es\/product\/evolve-65-duo-se-ms-inalambrico\/\",\"url\":\"https:\/\/tecplan.com.es\/product\/evolve-65-duo-se-ms-inalambrico\/\",\"name\":\"Evolve 65 Duo SE MS INALAMBRICO - Tecplan\",\"isPartOf\":{\"@id\":\"https:\/\/tecplan.com.es\/#website\"},\"primaryImageOfPage\":{\"@id\":\"https:\/\/tecplan.com.es\/product\/evolve-65-duo-se-ms-inalambrico\/#primaryimage\"},\"image\":{\"@id\":\"https:\/\/tecplan.com.es\/product\/evolve-65-duo-se-ms-inalambrico\/#primaryimage\"},\"thumbnailUrl\":\"https:\/\/tecplan.com.es\/wp-content\/uploads\/2026\/01\/Jabra-Evolve-65-1.png\",\"datePublished\":\"2026-01-12T22:45:16+00:00\",\"dateModified\":\"2026-01-14T22:11:21+00:00\",\"breadcrumb\":{\"@id\":\"https:\/\/tecplan.com.es\/product\/evolve-65-duo-se-ms-inalambrico\/#breadcrumb\"},\"inLanguage\":\"en-US\",\"potentialAction\":[{\"@type\":\"ReadAction\",\"target\":[\"https:\/\/tecplan.com.es\/product\/evolve-65-duo-se-ms-inalambrico\/\"]}]},{\"@type\":\"ImageObject\",\"inLanguage\":\"en-US\",\"@id\":\"https:\/\/tecplan.com.es\/product\/evolve-65-duo-se-ms-inalambrico\/#primaryimage\",\"url\":\"https:\/\/tecplan.com.es\/wp-content\/uploads\/2026\/01\/Jabra-Evolve-65-1.png\",\"contentUrl\":\"https:\/\/tecplan.com.es\/wp-content\/uploads\/2026\/01\/Jabra-Evolve-65-1.png\",\"width\":600,\"height\":600},{\"@type\":\"BreadcrumbList\",\"@id\":\"https:\/\/tecplan.com.es\/product\/evolve-65-duo-se-ms-inalambrico\/#breadcrumb\",\"itemListElement\":[{\"@type\":\"ListItem\",\"position\":1,\"name\":\"Home\",\"item\":\"https:\/\/tecplan.com.es\/\"},{\"@type\":\"ListItem\",\"position\":2,\"name\":\"Shop\",\"item\":\"https:\/\/tecplan.com.es\/shop\/\"},{\"@type\":\"ListItem\",\"position\":3,\"name\":\"Evolve 65 Duo SE MS INALAMBRICO\"}]},{\"@type\":\"WebSite\",\"@id\":\"https:\/\/tecplan.com.es\/#website\",\"url\":\"https:\/\/tecplan.com.es\/\",\"name\":\"Tecplan\",\"description\":\"\",\"potentialAction\":[{\"@type\":\"SearchAction\",\"target\":{\"@type\":\"EntryPoint\",\"urlTemplate\":\"https:\/\/tecplan.com.es\/?s={search_term_string}\"},\"query-input\":{\"@type\":\"PropertyValueSpecification\",\"valueRequired\":true,\"valueName\":\"search_term_string\"}}],\"inLanguage\":\"en-US\"}]}<\/script>\n<!-- \/ Yoast SEO plugin. -->","yoast_head_json":{"title":"Evolve 65 Duo SE MS INALAMBRICO - Tecplan","robots":{"index":"index","follow":"follow","max-snippet":"max-snippet:-1","max-image-preview":"max-image-preview:large","max-video-preview":"max-video-preview:-1"},"canonical":"https:\/\/tecplan.com.es\/en\/product\/evolve-65-duo-se-ms-inalambrico\/","og_locale":"en_US","og_type":"article","og_title":"Evolve 65 Duo SE MS INALAMBRICO - Tecplan","og_description":"Auricular inal\u00e1mbrico para PC, m\u00f3vil y tablet, puede conectar 2 dispositivos simult\u00e1neamente. Micr\u00f3fono unidireccional con supresi\u00f3n de ruido. Alcance: hasta 30 metros. Duraci\u00f3n de la bater\u00eda: 12 horas en conversaci\u00f3n. Conectividad: Bluetooth (dongle USB), Certificaci\u00f3n Microsoft Teams.","og_url":"https:\/\/tecplan.com.es\/en\/product\/evolve-65-duo-se-ms-inalambrico\/","og_site_name":"Tecplan","article_modified_time":"2026-01-14T22:11:21+00:00","og_image":[{"width":600,"height":600,"url":"https:\/\/tecplan.com.es\/wp-content\/uploads\/2026\/01\/Jabra-Evolve-65-1.png","type":"image\/png"}],"twitter_card":"summary_large_image","twitter_misc":{"Est. reading time":"2 minutes"},"schema":{"@context":"https:\/\/schema.org","@graph":[{"@type":"WebPage","@id":"https:\/\/tecplan.com.es\/product\/evolve-65-duo-se-ms-inalambrico\/","url":"https:\/\/tecplan.com.es\/product\/evolve-65-duo-se-ms-inalambrico\/","name":"Evolve 65 Duo SE MS INALAMBRICO - Tecplan","isPartOf":{"@id":"https:\/\/tecplan.com.es\/#website"},"primaryImageOfPage":{"@id":"https:\/\/tecplan.com.es\/product\/evolve-65-duo-se-ms-inalambrico\/#primaryimage"},"image":{"@id":"https:\/\/tecplan.com.es\/product\/evolve-65-duo-se-ms-inalambrico\/#primaryimage"},"thumbnailUrl":"https:\/\/tecplan.com.es\/wp-content\/uploads\/2026\/01\/Jabra-Evolve-65-1.png","datePublished":"2026-01-12T22:45:16+00:00","dateModified":"2026-01-14T22:11:21+00:00","breadcrumb":{"@id":"https:\/\/tecplan.com.es\/product\/evolve-65-duo-se-ms-inalambrico\/#breadcrumb"},"inLanguage":"en-US","potentialAction":[{"@type":"ReadAction","target":["https:\/\/tecplan.com.es\/product\/evolve-65-duo-se-ms-inalambrico\/"]}]},{"@type":"ImageObject","inLanguage":"en-US","@id":"https:\/\/tecplan.com.es\/product\/evolve-65-duo-se-ms-inalambrico\/#primaryimage","url":"https:\/\/tecplan.com.es\/wp-content\/uploads\/2026\/01\/Jabra-Evolve-65-1.png","contentUrl":"https:\/\/tecplan.com.es\/wp-content\/uploads\/2026\/01\/Jabra-Evolve-65-1.png","width":600,"height":600},{"@type":"BreadcrumbList","@id":"https:\/\/tecplan.com.es\/product\/evolve-65-duo-se-ms-inalambrico\/#breadcrumb","itemListElement":[{"@type":"ListItem","position":1,"name":"Home","item":"https:\/\/tecplan.com.es\/"},{"@type":"ListItem","position":2,"name":"Shop","item":"https:\/\/tecplan.com.es\/shop\/"},{"@type":"ListItem","position":3,"name":"Evolve 65 Duo SE MS INALAMBRICO"}]},{"@type":"WebSite","@id":"https:\/\/tecplan.com.es\/#website","url":"https:\/\/tecplan.com.es\/","name":"Tecplan","description":"","potentialAction":[{"@type":"SearchAction","target":{"@type":"EntryPoint","urlTemplate":"https:\/\/tecplan.com.es\/?s={search_term_string}"},"query-input":{"@type":"PropertyValueSpecification","valueRequired":true,"valueName":"search_term_string"}}],"inLanguage":"en-US"}]}},"_links":{"self":[{"href":"https:\/\/tecplan.com.es\/en\/wp-json\/wp\/v2\/product\/5027","targetHints":{"allow":["GET"]}}],"collection":[{"href":"https:\/\/tecplan.com.es\/en\/wp-json\/wp\/v2\/product"}],"about":[{"href":"https:\/\/tecplan.com.es\/en\/wp-json\/wp\/v2\/types\/product"}],"replies":[{"embeddable":true,"href":"https:\/\/tecplan.com.es\/en\/wp-json\/wp\/v2\/comments?post=5027"}],"version-history":[{"count":2,"href":"https:\/\/tecplan.com.es\/en\/wp-json\/wp\/v2\/product\/5027\/revisions"}],"predecessor-version":[{"id":5062,"href":"https:\/\/tecplan.com.es\/en\/wp-json\/wp\/v2\/product\/5027\/revisions\/5062"}],"wp:featuredmedia":[{"embeddable":true,"href":"https:\/\/tecplan.com.es\/en\/wp-json\/wp\/v2\/media\/4994"}],"wp:attachment":[{"href":"https:\/\/tecplan.com.es\/en\/wp-json\/wp\/v2\/media?parent=5027"}],"wp:term":[{"taxonomy":"product_brand","embeddable":true,"href":"https:\/\/tecplan.com.es\/en\/wp-json\/wp\/v2\/product_brand?post=5027"},{"taxonomy":"product_cat","embeddable":true,"href":"https:\/\/tecplan.com.es\/en\/wp-json\/wp\/v2\/product_cat?post=5027"},{"taxonomy":"product_tag","embeddable":true,"href":"https:\/\/tecplan.com.es\/en\/wp-json\/wp\/v2\/product_tag?post=5027"}],"curies":[{"name":"wp","href":"https:\/\/api.w.org\/{rel}","templated":true}]}}