{"id":5024,"date":"2026-01-12T22:45:16","date_gmt":"2026-01-12T22:45:16","guid":{"rendered":"https:\/\/tecplan.com.es\/product\/windows-server-2022\/"},"modified":"2026-01-14T22:26:32","modified_gmt":"2026-01-14T22:26:32","slug":"windows-server-2022","status":"publish","type":"product","link":"https:\/\/tecplan.com.es\/en\/product\/windows-server-2022\/","title":{"rendered":"WINDOWS SERVER 2022"},"content":{"rendered":"<p>Windows Server 2022 Standard es la versi\u00f3n est\u00e1ndar del sistema operativo de servidor de Microsoft, enfocado en ofrecer seguridad multicapa (incluyendo n\u00facleo protegido), capacidades h\u00edbridas para conectarse a Azure, y una plataforma flexible para aplicaciones modernas (contenedores y microservicios). Se basa en Windows Server 2019, a\u00f1ade virtualizaci\u00f3n anidada para AMD y mejora la gesti\u00f3n con Windows Admin Center, ideal para empresas que buscan eficiencia y escala en su infraestructura de TI.<\/p>\n<p><strong>Key Features<\/strong><\/p>\n<ul>\n<li style=\"text-align: justify;\">Seguridad: Incluye protecci\u00f3n del sistema con Secured-core (protecci\u00f3n de hardware, firmware y OS), Windows Defender System Guard, y cifrado avanzado<\/li>\n<li style=\"text-align: justify;\">(SMB AES 256) para conexiones seguras (HTTPS).<\/li>\n<li style=\"text-align: justify;\">H\u00edbrido con Azure: Facilita la conexi\u00f3n a servicios de Azure para entornos h\u00edbridos y mejora la gesti\u00f3n con Windows Admin Center.<\/li>\n<li style=\"text-align: justify;\">Plataforma de Aplicaciones: Soporta contenedores y microservicios, con im\u00e1genes m\u00e1s peque\u00f1as y una implementaci\u00f3n de pol\u00edticas de red simplificada.<\/li>\n<li style=\"text-align: justify;\">Virtualizaci\u00f3n: A\u00f1ade soporte para virtualizaci\u00f3n anidada en procesadores AMD, ampliando opciones de hardware.<\/li>\n<li style=\"text-align: justify;\">Versi\u00f3n LTSC: Es una versi\u00f3n de mantenimiento a largo plazo (LTSC) que recibe actualizaciones de seguridad y calidad continuas.<\/li>\n<\/ul>","protected":false},"excerpt":{"rendered":"<p><strong>WINDOWS SERVER 2022 STANDARD<\/strong><\/p>\n<p style=\"text-align: justify;\">Windows Server 2022 presenta la seguridad multicapa avanzada, las capacidades h\u00edbridas con Azure y una plataforma de aplicaci\u00f3n flexible. Como parte de esta versi\u00f3n, estamos incorporando capacidades de n\u00facleo protegido para ayudar a proteger el hardware, el firmware y las funciones de Windows Server OS.<\/p>","protected":false},"featured_media":4991,"comment_status":"open","ping_status":"closed","template":"","meta":{"site-sidebar-layout":"default","site-content-layout":"","ast-site-content-layout":"default","site-content-style":"default","site-sidebar-style":"default","ast-global-header-display":"","ast-banner-title-visibility":"","ast-main-header-display":"","ast-hfb-above-header-display":"","ast-hfb-below-header-display":"","ast-hfb-mobile-header-display":"","site-post-title":"","ast-breadcrumbs-content":"","ast-featured-img":"","footer-sml-layout":"","ast-disable-related-posts":"","theme-transparent-header-meta":"default","adv-header-id-meta":"","stick-header-meta":"","header-above-stick-meta":"","header-main-stick-meta":"","header-below-stick-meta":"","astra-migrate-meta-layouts":"set","ast-page-background-enabled":"default","ast-page-background-meta":{"desktop":{"background-color":"var(--ast-global-color-5)","background-image":"","background-repeat":"repeat","background-position":"center center","background-size":"auto","background-attachment":"scroll","background-type":"","background-media":"","overlay-type":"","overlay-color":"","overlay-opacity":"","overlay-gradient":""},"tablet":{"background-color":"","background-image":"","background-repeat":"repeat","background-position":"center center","background-size":"auto","background-attachment":"scroll","background-type":"","background-media":"","overlay-type":"","overlay-color":"","overlay-opacity":"","overlay-gradient":""},"mobile":{"background-color":"","background-image":"","background-repeat":"repeat","background-position":"center center","background-size":"auto","background-attachment":"scroll","background-type":"","background-media":"","overlay-type":"","overlay-color":"","overlay-opacity":"","overlay-gradient":""}},"ast-content-background-meta":{"desktop":{"background-color":"var(--ast-global-color-4)","background-image":"","background-repeat":"repeat","background-position":"center center","background-size":"auto","background-attachment":"scroll","background-type":"","background-media":"","overlay-type":"","overlay-color":"","overlay-opacity":"","overlay-gradient":""},"tablet":{"background-color":"var(--ast-global-color-4)","background-image":"","background-repeat":"repeat","background-position":"center center","background-size":"auto","background-attachment":"scroll","background-type":"","background-media":"","overlay-type":"","overlay-color":"","overlay-opacity":"","overlay-gradient":""},"mobile":{"background-color":"var(--ast-global-color-4)","background-image":"","background-repeat":"repeat","background-position":"center center","background-size":"auto","background-attachment":"scroll","background-type":"","background-media":"","overlay-type":"","overlay-color":"","overlay-opacity":"","overlay-gradient":""}}},"product_brand":[336],"product_cat":[194,172,171],"product_tag":[337],"class_list":{"0":"post-5024","1":"product","2":"type-product","3":"status-publish","4":"has-post-thumbnail","6":"product_brand-microsoft","7":"product_cat-hardware","8":"product_cat-licencias","9":"product_cat-software","10":"product_tag-microsoft","11":"desktop-align-left","12":"tablet-align-left","13":"mobile-align-left","15":"first","16":"instock","17":"shipping-taxable","18":"product-type-simple"},"yoast_head":"<!-- This site is optimized with the Yoast SEO plugin v25.3 - https:\/\/yoast.com\/wordpress\/plugins\/seo\/ -->\n<title>WINDOWS SERVER 2022 - Tecplan<\/title>\n<meta name=\"robots\" content=\"index, follow, max-snippet:-1, max-image-preview:large, max-video-preview:-1\" \/>\n<link rel=\"canonical\" href=\"https:\/\/tecplan.com.es\/en\/product\/windows-server-2022\/\" \/>\n<meta property=\"og:locale\" content=\"en_US\" \/>\n<meta property=\"og:type\" content=\"article\" \/>\n<meta property=\"og:title\" content=\"WINDOWS SERVER 2022 - Tecplan\" \/>\n<meta property=\"og:description\" content=\"WINDOWS SERVER 2022 STANDARD Windows Server 2022 presenta la seguridad multicapa avanzada, las capacidades h\u00edbridas con Azure y una plataforma de aplicaci\u00f3n flexible. Como parte de esta versi\u00f3n, estamos incorporando capacidades de n\u00facleo protegido para ayudar a proteger el hardware, el firmware y las funciones de Windows Server OS.\" \/>\n<meta property=\"og:url\" content=\"https:\/\/tecplan.com.es\/en\/product\/windows-server-2022\/\" \/>\n<meta property=\"og:site_name\" content=\"Tecplan\" \/>\n<meta property=\"article:modified_time\" content=\"2026-01-14T22:26:32+00:00\" \/>\n<meta property=\"og:image\" content=\"https:\/\/tecplan.com.es\/wp-content\/uploads\/2026\/01\/microsoft-windows-server-2022-standard-1-1.png\" \/>\n\t<meta property=\"og:image:width\" content=\"1000\" \/>\n\t<meta property=\"og:image:height\" content=\"1000\" \/>\n\t<meta property=\"og:image:type\" content=\"image\/png\" \/>\n<meta name=\"twitter:card\" content=\"summary_large_image\" \/>\n<meta name=\"twitter:label1\" content=\"Est. reading time\" \/>\n\t<meta name=\"twitter:data1\" content=\"1 minute\" \/>\n<script type=\"application\/ld+json\" class=\"yoast-schema-graph\">{\"@context\":\"https:\/\/schema.org\",\"@graph\":[{\"@type\":\"WebPage\",\"@id\":\"https:\/\/tecplan.com.es\/product\/windows-server-2022\/\",\"url\":\"https:\/\/tecplan.com.es\/product\/windows-server-2022\/\",\"name\":\"WINDOWS SERVER 2022 - Tecplan\",\"isPartOf\":{\"@id\":\"https:\/\/tecplan.com.es\/#website\"},\"primaryImageOfPage\":{\"@id\":\"https:\/\/tecplan.com.es\/product\/windows-server-2022\/#primaryimage\"},\"image\":{\"@id\":\"https:\/\/tecplan.com.es\/product\/windows-server-2022\/#primaryimage\"},\"thumbnailUrl\":\"https:\/\/tecplan.com.es\/wp-content\/uploads\/2026\/01\/microsoft-windows-server-2022-standard-1-1.png\",\"datePublished\":\"2026-01-12T22:45:16+00:00\",\"dateModified\":\"2026-01-14T22:26:32+00:00\",\"breadcrumb\":{\"@id\":\"https:\/\/tecplan.com.es\/product\/windows-server-2022\/#breadcrumb\"},\"inLanguage\":\"en-US\",\"potentialAction\":[{\"@type\":\"ReadAction\",\"target\":[\"https:\/\/tecplan.com.es\/product\/windows-server-2022\/\"]}]},{\"@type\":\"ImageObject\",\"inLanguage\":\"en-US\",\"@id\":\"https:\/\/tecplan.com.es\/product\/windows-server-2022\/#primaryimage\",\"url\":\"https:\/\/tecplan.com.es\/wp-content\/uploads\/2026\/01\/microsoft-windows-server-2022-standard-1-1.png\",\"contentUrl\":\"https:\/\/tecplan.com.es\/wp-content\/uploads\/2026\/01\/microsoft-windows-server-2022-standard-1-1.png\",\"width\":1000,\"height\":1000},{\"@type\":\"BreadcrumbList\",\"@id\":\"https:\/\/tecplan.com.es\/product\/windows-server-2022\/#breadcrumb\",\"itemListElement\":[{\"@type\":\"ListItem\",\"position\":1,\"name\":\"Home\",\"item\":\"https:\/\/tecplan.com.es\/\"},{\"@type\":\"ListItem\",\"position\":2,\"name\":\"Shop\",\"item\":\"https:\/\/tecplan.com.es\/shop\/\"},{\"@type\":\"ListItem\",\"position\":3,\"name\":\"WINDOWS SERVER 2022\"}]},{\"@type\":\"WebSite\",\"@id\":\"https:\/\/tecplan.com.es\/#website\",\"url\":\"https:\/\/tecplan.com.es\/\",\"name\":\"Tecplan\",\"description\":\"\",\"potentialAction\":[{\"@type\":\"SearchAction\",\"target\":{\"@type\":\"EntryPoint\",\"urlTemplate\":\"https:\/\/tecplan.com.es\/?s={search_term_string}\"},\"query-input\":{\"@type\":\"PropertyValueSpecification\",\"valueRequired\":true,\"valueName\":\"search_term_string\"}}],\"inLanguage\":\"en-US\"}]}<\/script>\n<!-- \/ Yoast SEO plugin. -->","yoast_head_json":{"title":"WINDOWS SERVER 2022 - Tecplan","robots":{"index":"index","follow":"follow","max-snippet":"max-snippet:-1","max-image-preview":"max-image-preview:large","max-video-preview":"max-video-preview:-1"},"canonical":"https:\/\/tecplan.com.es\/en\/product\/windows-server-2022\/","og_locale":"en_US","og_type":"article","og_title":"WINDOWS SERVER 2022 - Tecplan","og_description":"WINDOWS SERVER 2022 STANDARD Windows Server 2022 presenta la seguridad multicapa avanzada, las capacidades h\u00edbridas con Azure y una plataforma de aplicaci\u00f3n flexible. Como parte de esta versi\u00f3n, estamos incorporando capacidades de n\u00facleo protegido para ayudar a proteger el hardware, el firmware y las funciones de Windows Server OS.","og_url":"https:\/\/tecplan.com.es\/en\/product\/windows-server-2022\/","og_site_name":"Tecplan","article_modified_time":"2026-01-14T22:26:32+00:00","og_image":[{"width":1000,"height":1000,"url":"https:\/\/tecplan.com.es\/wp-content\/uploads\/2026\/01\/microsoft-windows-server-2022-standard-1-1.png","type":"image\/png"}],"twitter_card":"summary_large_image","twitter_misc":{"Est. reading time":"1 minute"},"schema":{"@context":"https:\/\/schema.org","@graph":[{"@type":"WebPage","@id":"https:\/\/tecplan.com.es\/product\/windows-server-2022\/","url":"https:\/\/tecplan.com.es\/product\/windows-server-2022\/","name":"WINDOWS SERVER 2022 - Tecplan","isPartOf":{"@id":"https:\/\/tecplan.com.es\/#website"},"primaryImageOfPage":{"@id":"https:\/\/tecplan.com.es\/product\/windows-server-2022\/#primaryimage"},"image":{"@id":"https:\/\/tecplan.com.es\/product\/windows-server-2022\/#primaryimage"},"thumbnailUrl":"https:\/\/tecplan.com.es\/wp-content\/uploads\/2026\/01\/microsoft-windows-server-2022-standard-1-1.png","datePublished":"2026-01-12T22:45:16+00:00","dateModified":"2026-01-14T22:26:32+00:00","breadcrumb":{"@id":"https:\/\/tecplan.com.es\/product\/windows-server-2022\/#breadcrumb"},"inLanguage":"en-US","potentialAction":[{"@type":"ReadAction","target":["https:\/\/tecplan.com.es\/product\/windows-server-2022\/"]}]},{"@type":"ImageObject","inLanguage":"en-US","@id":"https:\/\/tecplan.com.es\/product\/windows-server-2022\/#primaryimage","url":"https:\/\/tecplan.com.es\/wp-content\/uploads\/2026\/01\/microsoft-windows-server-2022-standard-1-1.png","contentUrl":"https:\/\/tecplan.com.es\/wp-content\/uploads\/2026\/01\/microsoft-windows-server-2022-standard-1-1.png","width":1000,"height":1000},{"@type":"BreadcrumbList","@id":"https:\/\/tecplan.com.es\/product\/windows-server-2022\/#breadcrumb","itemListElement":[{"@type":"ListItem","position":1,"name":"Home","item":"https:\/\/tecplan.com.es\/"},{"@type":"ListItem","position":2,"name":"Shop","item":"https:\/\/tecplan.com.es\/shop\/"},{"@type":"ListItem","position":3,"name":"WINDOWS SERVER 2022"}]},{"@type":"WebSite","@id":"https:\/\/tecplan.com.es\/#website","url":"https:\/\/tecplan.com.es\/","name":"Tecplan","description":"","potentialAction":[{"@type":"SearchAction","target":{"@type":"EntryPoint","urlTemplate":"https:\/\/tecplan.com.es\/?s={search_term_string}"},"query-input":{"@type":"PropertyValueSpecification","valueRequired":true,"valueName":"search_term_string"}}],"inLanguage":"en-US"}]}},"_links":{"self":[{"href":"https:\/\/tecplan.com.es\/en\/wp-json\/wp\/v2\/product\/5024","targetHints":{"allow":["GET"]}}],"collection":[{"href":"https:\/\/tecplan.com.es\/en\/wp-json\/wp\/v2\/product"}],"about":[{"href":"https:\/\/tecplan.com.es\/en\/wp-json\/wp\/v2\/types\/product"}],"replies":[{"embeddable":true,"href":"https:\/\/tecplan.com.es\/en\/wp-json\/wp\/v2\/comments?post=5024"}],"version-history":[{"count":1,"href":"https:\/\/tecplan.com.es\/en\/wp-json\/wp\/v2\/product\/5024\/revisions"}],"predecessor-version":[{"id":5068,"href":"https:\/\/tecplan.com.es\/en\/wp-json\/wp\/v2\/product\/5024\/revisions\/5068"}],"wp:featuredmedia":[{"embeddable":true,"href":"https:\/\/tecplan.com.es\/en\/wp-json\/wp\/v2\/media\/4991"}],"wp:attachment":[{"href":"https:\/\/tecplan.com.es\/en\/wp-json\/wp\/v2\/media?parent=5024"}],"wp:term":[{"taxonomy":"product_brand","embeddable":true,"href":"https:\/\/tecplan.com.es\/en\/wp-json\/wp\/v2\/product_brand?post=5024"},{"taxonomy":"product_cat","embeddable":true,"href":"https:\/\/tecplan.com.es\/en\/wp-json\/wp\/v2\/product_cat?post=5024"},{"taxonomy":"product_tag","embeddable":true,"href":"https:\/\/tecplan.com.es\/en\/wp-json\/wp\/v2\/product_tag?post=5024"}],"curies":[{"name":"wp","href":"https:\/\/api.w.org\/{rel}","templated":true}]}}