{"id":5021,"date":"2026-01-12T22:45:16","date_gmt":"2026-01-12T22:45:16","guid":{"rendered":"https:\/\/tecplan.com.es\/product\/thinksystem-sr250\/"},"modified":"2026-01-14T22:45:17","modified_gmt":"2026-01-14T22:45:17","slug":"thinksystem-sr250","status":"publish","type":"product","link":"https:\/\/tecplan.com.es\/en\/product\/thinksystem-sr250\/","title":{"rendered":"THINKSYSTEM SR250"},"content":{"rendered":"<p style=\"text-align: justify;\"><strong>El Lenovo ThinkSystem SR250 V2 es un servidor rack 1U<\/strong><\/p>\n<p style=\"text-align: justify;\">El Lenovo ThinkSystem SR250 V2 es un servidor rack 1U de un solo socket de alto valor para empresas en crecimiento que necesitan rendimiento y flexibilidad optimizados para el crecimiento futuro, junto con confiabilidad, gesti\u00f3n y seguridad de clase empresarial. El servidor admite un procesador Intel Xeon Serie E-2300 (anteriormente con nombre en c\u00f3digo \u00abRocket Lake\u00bb) o Intel Pentium (\u00abComet Lake Refresh\u00bb) y hasta 128 GB de memoria TruDDR4 ECC de 3200 MHz.<\/p>\n<p style=\"text-align: justify;\">Las configuraciones de almacenamiento interno flexibles y escalables incluyen hasta diez unidades de 2,5 o cuatro de 3,5 pulgadas con RAID de software asequible o protecci\u00f3n RAID de hardware avanzada y una amplia selecci\u00f3n de tama\u00f1os y tipos de unidades, incluidos SSD NVMe PCIe, SSD SAS\/SATA y HDD SAS\/SATA. Adem\u00e1s, cuenta con una NIC Ethernet de 1 Gb de doble puerto integrada y ranuras de expansi\u00f3n PCIe adicionales para protecci\u00f3n RAID de hardware, escalabilidad de red y conectividad de almacenamiento externo.<\/p>\n<p style=\"text-align: justify;\">El controlador Lenovo XClarity de pr\u00f3xima generaci\u00f3n, integrado en el servidor SR250 V2, proporciona funciones avanzadas de control, monitoreo y alerta del procesador de servicios.<\/p>\n<p style=\"text-align: justify;\">La siguiente figura muestra el Lenovo ThinkSystem SR250 V2 con diez unidades de intercambio en caliente de 2,5 pulgadas.<\/p>\n<p style=\"text-align: justify;\"><strong>Key Features<\/strong><br \/>\nEl servidor SR250 V2 es compacto, rentable y de un solo procesador Servidor de rack de 1U que ha sido optimizado para proporcionar funciones de clase empresarial a peque\u00f1as y medianas empresas, tiendas minoristas o empresas distribuidas.<\/p>\n<p style=\"text-align: justify;\"><strong>Escalabilidad y rendimiento<\/strong><\/p>\n<p style=\"text-align: justify;\">El SR250 V2 ofrece las siguientes caracter\u00edsticas para aumentar el rendimiento, mejorar la escalabilidad y reducir costos:<\/p>\n<ul>\n<li>Rendimiento mejorado del procesador de un solo socket:<\/li>\n<li>Procesadores Intel Xeon Serie E-2300 (\u00abRocket Lake-E\u00bb) de hasta 8 n\u00facleos y velocidades de n\u00facleo de hasta 3,7 GHz.<\/li>\n<li>Procesadores Intel Pentium G6405, G6505 y G6605 (\u00abComet Lake Refresh\u00bb) con 2 n\u00facleos y velocidades de n\u00facleo de hasta 4,3 GHz.<\/li>\n<li>Hasta cuatro UDIMM DDR4 ECC de 3200 MHz proporcionan velocidad y capacidad de hasta 128 GB.<\/li>\n<li>Ofrece almacenamiento interno flexible y escalable en un formato de rack de 1U con unidades de hasta 10 x 2,5 pulgadas para configuraciones de rendimiento optimizado o hasta 4 x 3,5 pulgadas para configuraciones de capacidad optimizada.<\/li>\n<li>Hasta tres ranuras PCIe para expansi\u00f3n de E\/S, una de las cuales tiene la nueva interfaz PCIe Gen4 para maximizar el rendimiento de E\/S.<\/li>\n<li>El uso de unidades de estado s\u00f3lido (SSD) en lugar de, o junto con, unidades de disco duro (HDD) tradicionales puede mejorar significativamente el rendimiento de E\/S. Un SSD puede admitir hasta 100 veces m\u00e1s operaciones de E\/S por segundo (IOPS) que un disco duro t\u00edpico.<\/li>\n<li>Los nuevos controladores RAID de alta velocidad de Lenovo y Broadcom proporcionan conectividad SAS de 12 Gb a las placas base de accionamiento.<\/li>\n<li>Admite dos unidades M.2 para soporte de arranque del sistema operativo con redundancia VROC RAID.<\/li>\n<li>El servidor tiene dos puertos Gigabit Ethernet integrados.<\/li>\n<li>Compatibilidad con una GPU NVIDIA para mejorar el rendimiento de la carga de trabajo.<\/li>\n<\/ul>","protected":false},"excerpt":{"rendered":"<p><strong>THINKSYSTEM SR250 V2 SERVER<\/strong><\/p>\n<p style=\"text-align: justify;\">ThinkSystem SR250 V2 es un servidor en rack de 1U de un solo socket de alto valor para empresas en crecimiento que necesitan un rendimiento y una flexibilidad optimizados para el crecimiento futuro, junto con una confiabilidad, una gesti\u00f3n y una seguridad de clase empresarial. El servidor es compatible con Intel Xeon<br \/>\nSerie E-2300, anteriormente denominados \u00abRocket Lake\u00bb.<\/p>\n<p><img decoding=\"async\" class=\"wp-image-5034 aligncenter\" src=\"https:\/\/tecplan.com.es\/wp-content\/uploads\/2026\/01\/Lenovo-300x100.png\" alt=\"\" width=\"165\" height=\"55\" srcset=\"https:\/\/tecplan.com.es\/wp-content\/uploads\/2026\/01\/Lenovo-300x100.png 300w, https:\/\/tecplan.com.es\/wp-content\/uploads\/2026\/01\/Lenovo-1024x341.png 1024w, https:\/\/tecplan.com.es\/wp-content\/uploads\/2026\/01\/Lenovo-768x256.png 768w, https:\/\/tecplan.com.es\/wp-content\/uploads\/2026\/01\/Lenovo-1536x512.png 1536w, https:\/\/tecplan.com.es\/wp-content\/uploads\/2026\/01\/Lenovo-2048x682.png 2048w, https:\/\/tecplan.com.es\/wp-content\/uploads\/2026\/01\/Lenovo-18x6.png 18w, https:\/\/tecplan.com.es\/wp-content\/uploads\/2026\/01\/Lenovo-600x200.png 600w\" sizes=\"(max-width: 165px) 100vw, 165px\" \/><\/p>","protected":false},"featured_media":4960,"comment_status":"open","ping_status":"closed","template":"","meta":{"site-sidebar-layout":"default","site-content-layout":"","ast-site-content-layout":"default","site-content-style":"default","site-sidebar-style":"default","ast-global-header-display":"","ast-banner-title-visibility":"","ast-main-header-display":"","ast-hfb-above-header-display":"","ast-hfb-below-header-display":"","ast-hfb-mobile-header-display":"","site-post-title":"","ast-breadcrumbs-content":"","ast-featured-img":"","footer-sml-layout":"","ast-disable-related-posts":"","theme-transparent-header-meta":"default","adv-header-id-meta":"","stick-header-meta":"","header-above-stick-meta":"","header-main-stick-meta":"","header-below-stick-meta":"","astra-migrate-meta-layouts":"set","ast-page-background-enabled":"default","ast-page-background-meta":{"desktop":{"background-color":"var(--ast-global-color-5)","background-image":"","background-repeat":"repeat","background-position":"center center","background-size":"auto","background-attachment":"scroll","background-type":"","background-media":"","overlay-type":"","overlay-color":"","overlay-opacity":"","overlay-gradient":""},"tablet":{"background-color":"","background-image":"","background-repeat":"repeat","background-position":"center center","background-size":"auto","background-attachment":"scroll","background-type":"","background-media":"","overlay-type":"","overlay-color":"","overlay-opacity":"","overlay-gradient":""},"mobile":{"background-color":"","background-image":"","background-repeat":"repeat","background-position":"center center","background-size":"auto","background-attachment":"scroll","background-type":"","background-media":"","overlay-type":"","overlay-color":"","overlay-opacity":"","overlay-gradient":""}},"ast-content-background-meta":{"desktop":{"background-color":"var(--ast-global-color-4)","background-image":"","background-repeat":"repeat","background-position":"center center","background-size":"auto","background-attachment":"scroll","background-type":"","background-media":"","overlay-type":"","overlay-color":"","overlay-opacity":"","overlay-gradient":""},"tablet":{"background-color":"var(--ast-global-color-4)","background-image":"","background-repeat":"repeat","background-position":"center center","background-size":"auto","background-attachment":"scroll","background-type":"","background-media":"","overlay-type":"","overlay-color":"","overlay-opacity":"","overlay-gradient":""},"mobile":{"background-color":"var(--ast-global-color-4)","background-image":"","background-repeat":"repeat","background-position":"center center","background-size":"auto","background-attachment":"scroll","background-type":"","background-media":"","overlay-type":"","overlay-color":"","overlay-opacity":"","overlay-gradient":""}}},"product_brand":[333],"product_cat":[194,168,170],"product_tag":[226],"class_list":{"0":"post-5021","1":"product","2":"type-product","3":"status-publish","4":"has-post-thumbnail","6":"product_brand-lenovo","7":"product_cat-hardware","8":"product_cat-lenovo","9":"product_cat-otros-lenovo","10":"product_tag-lenovo","11":"desktop-align-left","12":"tablet-align-left","13":"mobile-align-left","15":"first","16":"instock","17":"shipping-taxable","18":"product-type-simple"},"yoast_head":"<!-- This site is optimized with the Yoast SEO plugin v25.3 - https:\/\/yoast.com\/wordpress\/plugins\/seo\/ -->\n<title>THINKSYSTEM SR250 - Tecplan<\/title>\n<meta name=\"robots\" content=\"index, follow, max-snippet:-1, max-image-preview:large, max-video-preview:-1\" \/>\n<link rel=\"canonical\" href=\"https:\/\/tecplan.com.es\/en\/product\/thinksystem-sr250\/\" \/>\n<meta property=\"og:locale\" content=\"en_US\" \/>\n<meta property=\"og:type\" content=\"article\" \/>\n<meta property=\"og:title\" content=\"THINKSYSTEM SR250 - Tecplan\" \/>\n<meta property=\"og:description\" content=\"THINKSYSTEM SR250 V2 SERVER ThinkSystem SR250 V2 es un servidor en rack de 1U de un solo socket de alto valor para empresas en crecimiento que necesitan un rendimiento y una flexibilidad optimizados para el crecimiento futuro, junto con una confiabilidad, una gesti\u00f3n y una seguridad de clase empresarial. El servidor es compatible con Intel Xeon Serie E-2300, anteriormente denominados &quot;Rocket Lake&quot;.\" \/>\n<meta property=\"og:url\" content=\"https:\/\/tecplan.com.es\/en\/product\/thinksystem-sr250\/\" \/>\n<meta property=\"og:site_name\" content=\"Tecplan\" \/>\n<meta property=\"article:modified_time\" content=\"2026-01-14T22:45:17+00:00\" \/>\n<meta name=\"twitter:card\" content=\"summary_large_image\" \/>\n<meta name=\"twitter:label1\" content=\"Est. reading time\" \/>\n\t<meta name=\"twitter:data1\" content=\"3 minutes\" \/>\n<script type=\"application\/ld+json\" class=\"yoast-schema-graph\">{\"@context\":\"https:\/\/schema.org\",\"@graph\":[{\"@type\":\"WebPage\",\"@id\":\"https:\/\/tecplan.com.es\/product\/thinksystem-sr250\/\",\"url\":\"https:\/\/tecplan.com.es\/product\/thinksystem-sr250\/\",\"name\":\"THINKSYSTEM SR250 - Tecplan\",\"isPartOf\":{\"@id\":\"https:\/\/tecplan.com.es\/#website\"},\"primaryImageOfPage\":{\"@id\":\"https:\/\/tecplan.com.es\/product\/thinksystem-sr250\/#primaryimage\"},\"image\":{\"@id\":\"https:\/\/tecplan.com.es\/product\/thinksystem-sr250\/#primaryimage\"},\"thumbnailUrl\":\"https:\/\/tecplan.com.es\/wp-content\/uploads\/2026\/01\/ThinkBook_16_G6_-1.avif\",\"datePublished\":\"2026-01-12T22:45:16+00:00\",\"dateModified\":\"2026-01-14T22:45:17+00:00\",\"breadcrumb\":{\"@id\":\"https:\/\/tecplan.com.es\/product\/thinksystem-sr250\/#breadcrumb\"},\"inLanguage\":\"en-US\",\"potentialAction\":[{\"@type\":\"ReadAction\",\"target\":[\"https:\/\/tecplan.com.es\/product\/thinksystem-sr250\/\"]}]},{\"@type\":\"ImageObject\",\"inLanguage\":\"en-US\",\"@id\":\"https:\/\/tecplan.com.es\/product\/thinksystem-sr250\/#primaryimage\",\"url\":\"https:\/\/tecplan.com.es\/wp-content\/uploads\/2026\/01\/ThinkBook_16_G6_-1.avif\",\"contentUrl\":\"https:\/\/tecplan.com.es\/wp-content\/uploads\/2026\/01\/ThinkBook_16_G6_-1.avif\",\"width\":2000,\"height\":2000},{\"@type\":\"BreadcrumbList\",\"@id\":\"https:\/\/tecplan.com.es\/product\/thinksystem-sr250\/#breadcrumb\",\"itemListElement\":[{\"@type\":\"ListItem\",\"position\":1,\"name\":\"Home\",\"item\":\"https:\/\/tecplan.com.es\/\"},{\"@type\":\"ListItem\",\"position\":2,\"name\":\"Shop\",\"item\":\"https:\/\/tecplan.com.es\/shop\/\"},{\"@type\":\"ListItem\",\"position\":3,\"name\":\"THINKSYSTEM SR250\"}]},{\"@type\":\"WebSite\",\"@id\":\"https:\/\/tecplan.com.es\/#website\",\"url\":\"https:\/\/tecplan.com.es\/\",\"name\":\"Tecplan\",\"description\":\"\",\"potentialAction\":[{\"@type\":\"SearchAction\",\"target\":{\"@type\":\"EntryPoint\",\"urlTemplate\":\"https:\/\/tecplan.com.es\/?s={search_term_string}\"},\"query-input\":{\"@type\":\"PropertyValueSpecification\",\"valueRequired\":true,\"valueName\":\"search_term_string\"}}],\"inLanguage\":\"en-US\"}]}<\/script>\n<!-- \/ Yoast SEO plugin. -->","yoast_head_json":{"title":"THINKSYSTEM SR250 - Tecplan","robots":{"index":"index","follow":"follow","max-snippet":"max-snippet:-1","max-image-preview":"max-image-preview:large","max-video-preview":"max-video-preview:-1"},"canonical":"https:\/\/tecplan.com.es\/en\/product\/thinksystem-sr250\/","og_locale":"en_US","og_type":"article","og_title":"THINKSYSTEM SR250 - Tecplan","og_description":"THINKSYSTEM SR250 V2 SERVER ThinkSystem SR250 V2 es un servidor en rack de 1U de un solo socket de alto valor para empresas en crecimiento que necesitan un rendimiento y una flexibilidad optimizados para el crecimiento futuro, junto con una confiabilidad, una gesti\u00f3n y una seguridad de clase empresarial. El servidor es compatible con Intel Xeon Serie E-2300, anteriormente denominados \"Rocket Lake\".","og_url":"https:\/\/tecplan.com.es\/en\/product\/thinksystem-sr250\/","og_site_name":"Tecplan","article_modified_time":"2026-01-14T22:45:17+00:00","twitter_card":"summary_large_image","twitter_misc":{"Est. reading time":"3 minutes"},"schema":{"@context":"https:\/\/schema.org","@graph":[{"@type":"WebPage","@id":"https:\/\/tecplan.com.es\/product\/thinksystem-sr250\/","url":"https:\/\/tecplan.com.es\/product\/thinksystem-sr250\/","name":"THINKSYSTEM SR250 - Tecplan","isPartOf":{"@id":"https:\/\/tecplan.com.es\/#website"},"primaryImageOfPage":{"@id":"https:\/\/tecplan.com.es\/product\/thinksystem-sr250\/#primaryimage"},"image":{"@id":"https:\/\/tecplan.com.es\/product\/thinksystem-sr250\/#primaryimage"},"thumbnailUrl":"https:\/\/tecplan.com.es\/wp-content\/uploads\/2026\/01\/ThinkBook_16_G6_-1.avif","datePublished":"2026-01-12T22:45:16+00:00","dateModified":"2026-01-14T22:45:17+00:00","breadcrumb":{"@id":"https:\/\/tecplan.com.es\/product\/thinksystem-sr250\/#breadcrumb"},"inLanguage":"en-US","potentialAction":[{"@type":"ReadAction","target":["https:\/\/tecplan.com.es\/product\/thinksystem-sr250\/"]}]},{"@type":"ImageObject","inLanguage":"en-US","@id":"https:\/\/tecplan.com.es\/product\/thinksystem-sr250\/#primaryimage","url":"https:\/\/tecplan.com.es\/wp-content\/uploads\/2026\/01\/ThinkBook_16_G6_-1.avif","contentUrl":"https:\/\/tecplan.com.es\/wp-content\/uploads\/2026\/01\/ThinkBook_16_G6_-1.avif","width":2000,"height":2000},{"@type":"BreadcrumbList","@id":"https:\/\/tecplan.com.es\/product\/thinksystem-sr250\/#breadcrumb","itemListElement":[{"@type":"ListItem","position":1,"name":"Home","item":"https:\/\/tecplan.com.es\/"},{"@type":"ListItem","position":2,"name":"Shop","item":"https:\/\/tecplan.com.es\/shop\/"},{"@type":"ListItem","position":3,"name":"THINKSYSTEM SR250"}]},{"@type":"WebSite","@id":"https:\/\/tecplan.com.es\/#website","url":"https:\/\/tecplan.com.es\/","name":"Tecplan","description":"","potentialAction":[{"@type":"SearchAction","target":{"@type":"EntryPoint","urlTemplate":"https:\/\/tecplan.com.es\/?s={search_term_string}"},"query-input":{"@type":"PropertyValueSpecification","valueRequired":true,"valueName":"search_term_string"}}],"inLanguage":"en-US"}]}},"_links":{"self":[{"href":"https:\/\/tecplan.com.es\/en\/wp-json\/wp\/v2\/product\/5021","targetHints":{"allow":["GET"]}}],"collection":[{"href":"https:\/\/tecplan.com.es\/en\/wp-json\/wp\/v2\/product"}],"about":[{"href":"https:\/\/tecplan.com.es\/en\/wp-json\/wp\/v2\/types\/product"}],"replies":[{"embeddable":true,"href":"https:\/\/tecplan.com.es\/en\/wp-json\/wp\/v2\/comments?post=5021"}],"version-history":[{"count":2,"href":"https:\/\/tecplan.com.es\/en\/wp-json\/wp\/v2\/product\/5021\/revisions"}],"predecessor-version":[{"id":5074,"href":"https:\/\/tecplan.com.es\/en\/wp-json\/wp\/v2\/product\/5021\/revisions\/5074"}],"wp:featuredmedia":[{"embeddable":true,"href":"https:\/\/tecplan.com.es\/en\/wp-json\/wp\/v2\/media\/4960"}],"wp:attachment":[{"href":"https:\/\/tecplan.com.es\/en\/wp-json\/wp\/v2\/media?parent=5021"}],"wp:term":[{"taxonomy":"product_brand","embeddable":true,"href":"https:\/\/tecplan.com.es\/en\/wp-json\/wp\/v2\/product_brand?post=5021"},{"taxonomy":"product_cat","embeddable":true,"href":"https:\/\/tecplan.com.es\/en\/wp-json\/wp\/v2\/product_cat?post=5021"},{"taxonomy":"product_tag","embeddable":true,"href":"https:\/\/tecplan.com.es\/en\/wp-json\/wp\/v2\/product_tag?post=5021"}],"curies":[{"name":"wp","href":"https:\/\/api.w.org\/{rel}","templated":true}]}}