{"id":5015,"date":"2026-01-12T22:45:14","date_gmt":"2026-01-12T22:45:14","guid":{"rendered":"https:\/\/tecplan.com.es\/product\/thinkbook-16-g6-irl-model-21kh00argj\/"},"modified":"2026-01-14T20:47:52","modified_gmt":"2026-01-14T20:47:52","slug":"thinkbook-16-g6-irl-model-21kh00argj","status":"publish","type":"product","link":"https:\/\/tecplan.com.es\/en\/product\/thinkbook-16-g6-irl-model-21kh00argj\/","title":{"rendered":"THINKBOOK 16 G6 IRL (MODEL 21KH00ARGJ)"},"content":{"rendered":"<p style=\"text-align: justify;\"><strong>Lenovo ThinkBook 16 G6, Laptop 16\u2033 WUXGA IPS, Intel Core i7-13700H, 16GB Ram, 512GB SSD, W11 Pro, Teclado espa\u00f1ol retroiluminado, Arctic Grey \u00b7 21KH00ARGJ<\/strong><\/p>\n<p style=\"text-align: justify;\">Lenovo ThinkBook 16 G6 21KH00ARGJ este port\u00e1til de 6.\u00aa generaci\u00f3n no solo se caracteriza por ese aspecto elegante que le confiere el chasis de aluminio en color Arctic Grey, sino que adem\u00e1s cuenta con un teclado mejorado y redise\u00f1ado ergon\u00f3micamente. Las teclas son m\u00e1s grandes que las de generaciones anteriores e incluyen una tapa c\u00f3ncava que se curva para acomodar las puntas de los dedos; adem\u00e1s, las teclas est\u00e1n hechas con un 50 % de pl\u00e1stico reciclado posconsumo.<\/p>\n<ul>\n<li style=\"text-align: justify;\">Color, Arctic Grey<\/li>\n<li style=\"text-align: justify;\">Pantalla 16\u2033 WUXGA (1920\u00d71200) IPS 300nits Anti-glare<\/li>\n<li style=\"text-align: justify;\">Procesador, Intel Core\u2122 i7-13700H Reloj turbo m\u00e1ximo hasta 5.0GHz (14 N\u00facleos, 20 Hilos)<\/li>\n<li style=\"text-align: justify;\">Gr\u00e1ficos Intel Iris Xe<\/li>\n<li style=\"text-align: justify;\">Memoria 16GB SO-DIMM DDR5-5200 (Actualizable hasta 64GB)<\/li>\n<li style=\"text-align: justify;\">Almacenamiento 512GB SSD M.2 2242<\/li>\n<li style=\"text-align: justify;\">Lector de huella en el bot\u00f3n de encendido<\/li>\n<li style=\"text-align: justify;\">Conexi\u00f3n Wi-Fi 6 (2\u00d72 802.11ax), Bluetooth 5.2<\/li>\n<li style=\"text-align: justify;\">C\u00e1mara FHD 1080p con obturador de privacidad<\/li>\n<li style=\"text-align: justify;\">Audio est\u00e9reo 2W x2, Dolby Audio<\/li>\n<li style=\"text-align: justify;\">Windows 11 Pro, Spanish<\/li>\n<li style=\"text-align: justify;\">Teclado espa\u00f1ol retroiluminado<\/li>\n<li style=\"text-align: justify;\">Compatible con Thunderbolt\u2122 4<\/li>\n<li style=\"text-align: justify;\">Bater\u00eda de 71Wh<\/li>\n<li style=\"text-align: justify;\">Adaptador de corriente USB-C 100W<\/li>\n<li style=\"text-align: justify;\">Peso 1.7 Kg<\/li>\n<li style=\"text-align: justify;\">Puertos 2x USB 3.2 Gen 1<\/li>\n<li style=\"text-align: justify;\">1x USB-C\u00ae 3.2 Gen 2 (compatible con transferencia de datos, suministro de energ\u00eda y DisplayPort\u2122 1.4)<\/li>\n<li style=\"text-align: justify;\">1x HDMI\u00ae 2.11x conector combinado para auriculares y micr\u00f3fono (3.5 mm)<\/li>\n<li style=\"text-align: justify;\">1x Lector de tarjeta<\/li>\n<li style=\"text-align: justify;\">1x Ethernet (RJ-45)<\/li>\n<li style=\"text-align: justify;\">1x Conector de alimentaci\u00f3n USB-C<\/li>\n<\/ul>\n<h5 style=\"text-align: justify;\"><span style=\"text-decoration: underline;\"><strong>DOWNLOADS<\/strong><\/span><\/h5>\n<ul style=\"text-align: justify;\">\n<li>\u2192\u00a0 <a href=\"https:\/\/drive.google.com\/file\/d\/14XvanGAWScv0c3FziTRXdgjMY6iSvCG8\/view?usp=sharing\">Technical sheet<\/a><\/li>\n<\/ul>\n<p>&nbsp;<\/p>","protected":false},"excerpt":{"rendered":"<ul>\n<li>Procesador Intel\u00ae Core\u2122 i7-13700H<\/li>\n<li>Memory 1x 16GB SO-DIMM DDR5-5200<\/li>\n<li>Storage 512GB SSD M.2 2242 PCIe\u00ae 4.0&#215;4<\/li>\n<li>System Windows\u00ae 11 Pro, Spanish<\/li>\n<li>Ethernet 100\/1000M (RJ-45)<\/li>\n<li>WLAN + Bluetooth Wi-Fi\u00ae 6, 802.11ax 2&#215;2 + BT5.2<\/li>\n<\/ul>\n<p><img decoding=\"async\" class=\"wp-image-5034 aligncenter\" src=\"https:\/\/tecplan.com.es\/wp-content\/uploads\/2026\/01\/Lenovo-300x100.png\" alt=\"\" width=\"168\" height=\"54\" \/><\/p>","protected":false},"featured_media":4724,"comment_status":"open","ping_status":"closed","template":"","meta":{"site-sidebar-layout":"default","site-content-layout":"","ast-site-content-layout":"default","site-content-style":"default","site-sidebar-style":"default","ast-global-header-display":"","ast-banner-title-visibility":"","ast-main-header-display":"","ast-hfb-above-header-display":"","ast-hfb-below-header-display":"","ast-hfb-mobile-header-display":"","site-post-title":"","ast-breadcrumbs-content":"","ast-featured-img":"","footer-sml-layout":"","ast-disable-related-posts":"","theme-transparent-header-meta":"default","adv-header-id-meta":"","stick-header-meta":"","header-above-stick-meta":"","header-main-stick-meta":"","header-below-stick-meta":"","astra-migrate-meta-layouts":"set","ast-page-background-enabled":"default","ast-page-background-meta":{"desktop":{"background-color":"var(--ast-global-color-5)","background-image":"","background-repeat":"repeat","background-position":"center center","background-size":"auto","background-attachment":"scroll","background-type":"","background-media":"","overlay-type":"","overlay-color":"","overlay-opacity":"","overlay-gradient":""},"tablet":{"background-color":"","background-image":"","background-repeat":"repeat","background-position":"center center","background-size":"auto","background-attachment":"scroll","background-type":"","background-media":"","overlay-type":"","overlay-color":"","overlay-opacity":"","overlay-gradient":""},"mobile":{"background-color":"","background-image":"","background-repeat":"repeat","background-position":"center center","background-size":"auto","background-attachment":"scroll","background-type":"","background-media":"","overlay-type":"","overlay-color":"","overlay-opacity":"","overlay-gradient":""}},"ast-content-background-meta":{"desktop":{"background-color":"var(--ast-global-color-4)","background-image":"","background-repeat":"repeat","background-position":"center center","background-size":"auto","background-attachment":"scroll","background-type":"","background-media":"","overlay-type":"","overlay-color":"","overlay-opacity":"","overlay-gradient":""},"tablet":{"background-color":"var(--ast-global-color-4)","background-image":"","background-repeat":"repeat","background-position":"center center","background-size":"auto","background-attachment":"scroll","background-type":"","background-media":"","overlay-type":"","overlay-color":"","overlay-opacity":"","overlay-gradient":""},"mobile":{"background-color":"var(--ast-global-color-4)","background-image":"","background-repeat":"repeat","background-position":"center center","background-size":"auto","background-attachment":"scroll","background-type":"","background-media":"","overlay-type":"","overlay-color":"","overlay-opacity":"","overlay-gradient":""}}},"product_brand":[333],"product_cat":[36,168,170],"product_tag":[226],"class_list":{"0":"post-5015","1":"product","2":"type-product","3":"status-publish","4":"has-post-thumbnail","6":"product_brand-lenovo","7":"product_cat-comunicacion-satelital","8":"product_cat-lenovo","9":"product_cat-otros-lenovo","10":"product_tag-lenovo","11":"desktop-align-left","12":"tablet-align-left","13":"mobile-align-left","15":"first","16":"instock","17":"shipping-taxable","18":"product-type-simple"},"yoast_head":"<!-- This site is optimized with the Yoast SEO plugin v25.3 - https:\/\/yoast.com\/wordpress\/plugins\/seo\/ -->\n<title>THINKBOOK 16 G6 IRL (MODEL 21KH00ARGJ) - Tecplan<\/title>\n<meta name=\"robots\" content=\"index, follow, max-snippet:-1, max-image-preview:large, max-video-preview:-1\" \/>\n<link rel=\"canonical\" href=\"https:\/\/tecplan.com.es\/en\/product\/thinkbook-16-g6-irl-model-21kh00argj\/\" \/>\n<meta property=\"og:locale\" content=\"en_US\" \/>\n<meta property=\"og:type\" content=\"article\" \/>\n<meta property=\"og:title\" content=\"THINKBOOK 16 G6 IRL (MODEL 21KH00ARGJ) - Tecplan\" \/>\n<meta property=\"og:description\" content=\"Procesador Intel\u00ae Core\u2122 i7-13700H  Memory 1x 16GB SO-DIMM DDR5-5200  Storage 512GB SSD M.2 2242 PCIe\u00ae 4.0x4  System Windows\u00ae 11 Pro, Spanish  Ethernet 100\/1000M (RJ-45)  WLAN + Bluetooth Wi-Fi\u00ae 6, 802.11ax 2x2 + BT5.2\" \/>\n<meta property=\"og:url\" content=\"https:\/\/tecplan.com.es\/en\/product\/thinkbook-16-g6-irl-model-21kh00argj\/\" \/>\n<meta property=\"og:site_name\" content=\"Tecplan\" \/>\n<meta property=\"article:modified_time\" content=\"2026-01-14T20:47:52+00:00\" \/>\n<meta property=\"og:image\" content=\"https:\/\/tecplan.com.es\/wp-content\/uploads\/2025\/12\/CRS354-48p_Mesa-de-trabajo-1.jpg\" \/>\n\t<meta property=\"og:image:width\" content=\"1250\" \/>\n\t<meta property=\"og:image:height\" content=\"1250\" \/>\n\t<meta property=\"og:image:type\" content=\"image\/jpeg\" \/>\n<meta name=\"twitter:card\" content=\"summary_large_image\" \/>\n<meta name=\"twitter:label1\" content=\"Est. reading time\" \/>\n\t<meta name=\"twitter:data1\" content=\"2 minutes\" \/>\n<script type=\"application\/ld+json\" class=\"yoast-schema-graph\">{\"@context\":\"https:\/\/schema.org\",\"@graph\":[{\"@type\":\"WebPage\",\"@id\":\"https:\/\/tecplan.com.es\/product\/thinkbook-16-g6-irl-model-21kh00argj\/\",\"url\":\"https:\/\/tecplan.com.es\/product\/thinkbook-16-g6-irl-model-21kh00argj\/\",\"name\":\"THINKBOOK 16 G6 IRL (MODEL 21KH00ARGJ) - Tecplan\",\"isPartOf\":{\"@id\":\"https:\/\/tecplan.com.es\/#website\"},\"primaryImageOfPage\":{\"@id\":\"https:\/\/tecplan.com.es\/product\/thinkbook-16-g6-irl-model-21kh00argj\/#primaryimage\"},\"image\":{\"@id\":\"https:\/\/tecplan.com.es\/product\/thinkbook-16-g6-irl-model-21kh00argj\/#primaryimage\"},\"thumbnailUrl\":\"https:\/\/tecplan.com.es\/wp-content\/uploads\/2025\/12\/CRS354-48p_Mesa-de-trabajo-1.jpg\",\"datePublished\":\"2026-01-12T22:45:14+00:00\",\"dateModified\":\"2026-01-14T20:47:52+00:00\",\"breadcrumb\":{\"@id\":\"https:\/\/tecplan.com.es\/product\/thinkbook-16-g6-irl-model-21kh00argj\/#breadcrumb\"},\"inLanguage\":\"en-US\",\"potentialAction\":[{\"@type\":\"ReadAction\",\"target\":[\"https:\/\/tecplan.com.es\/product\/thinkbook-16-g6-irl-model-21kh00argj\/\"]}]},{\"@type\":\"ImageObject\",\"inLanguage\":\"en-US\",\"@id\":\"https:\/\/tecplan.com.es\/product\/thinkbook-16-g6-irl-model-21kh00argj\/#primaryimage\",\"url\":\"https:\/\/tecplan.com.es\/wp-content\/uploads\/2025\/12\/CRS354-48p_Mesa-de-trabajo-1.jpg\",\"contentUrl\":\"https:\/\/tecplan.com.es\/wp-content\/uploads\/2025\/12\/CRS354-48p_Mesa-de-trabajo-1.jpg\",\"width\":1250,\"height\":1250},{\"@type\":\"BreadcrumbList\",\"@id\":\"https:\/\/tecplan.com.es\/product\/thinkbook-16-g6-irl-model-21kh00argj\/#breadcrumb\",\"itemListElement\":[{\"@type\":\"ListItem\",\"position\":1,\"name\":\"Home\",\"item\":\"https:\/\/tecplan.com.es\/\"},{\"@type\":\"ListItem\",\"position\":2,\"name\":\"Shop\",\"item\":\"https:\/\/tecplan.com.es\/shop\/\"},{\"@type\":\"ListItem\",\"position\":3,\"name\":\"THINKBOOK 16 G6 IRL (MODEL 21KH00ARGJ)\"}]},{\"@type\":\"WebSite\",\"@id\":\"https:\/\/tecplan.com.es\/#website\",\"url\":\"https:\/\/tecplan.com.es\/\",\"name\":\"Tecplan\",\"description\":\"\",\"potentialAction\":[{\"@type\":\"SearchAction\",\"target\":{\"@type\":\"EntryPoint\",\"urlTemplate\":\"https:\/\/tecplan.com.es\/?s={search_term_string}\"},\"query-input\":{\"@type\":\"PropertyValueSpecification\",\"valueRequired\":true,\"valueName\":\"search_term_string\"}}],\"inLanguage\":\"en-US\"}]}<\/script>\n<!-- \/ Yoast SEO plugin. -->","yoast_head_json":{"title":"THINKBOOK 16 G6 IRL (MODEL 21KH00ARGJ) - Tecplan","robots":{"index":"index","follow":"follow","max-snippet":"max-snippet:-1","max-image-preview":"max-image-preview:large","max-video-preview":"max-video-preview:-1"},"canonical":"https:\/\/tecplan.com.es\/en\/product\/thinkbook-16-g6-irl-model-21kh00argj\/","og_locale":"en_US","og_type":"article","og_title":"THINKBOOK 16 G6 IRL (MODEL 21KH00ARGJ) - Tecplan","og_description":"Procesador Intel\u00ae Core\u2122 i7-13700H  Memory 1x 16GB SO-DIMM DDR5-5200  Storage 512GB SSD M.2 2242 PCIe\u00ae 4.0x4  System Windows\u00ae 11 Pro, Spanish  Ethernet 100\/1000M (RJ-45)  WLAN + Bluetooth Wi-Fi\u00ae 6, 802.11ax 2x2 + BT5.2","og_url":"https:\/\/tecplan.com.es\/en\/product\/thinkbook-16-g6-irl-model-21kh00argj\/","og_site_name":"Tecplan","article_modified_time":"2026-01-14T20:47:52+00:00","og_image":[{"width":1250,"height":1250,"url":"https:\/\/tecplan.com.es\/wp-content\/uploads\/2025\/12\/CRS354-48p_Mesa-de-trabajo-1.jpg","type":"image\/jpeg"}],"twitter_card":"summary_large_image","twitter_misc":{"Est. reading time":"2 minutes"},"schema":{"@context":"https:\/\/schema.org","@graph":[{"@type":"WebPage","@id":"https:\/\/tecplan.com.es\/product\/thinkbook-16-g6-irl-model-21kh00argj\/","url":"https:\/\/tecplan.com.es\/product\/thinkbook-16-g6-irl-model-21kh00argj\/","name":"THINKBOOK 16 G6 IRL (MODEL 21KH00ARGJ) - Tecplan","isPartOf":{"@id":"https:\/\/tecplan.com.es\/#website"},"primaryImageOfPage":{"@id":"https:\/\/tecplan.com.es\/product\/thinkbook-16-g6-irl-model-21kh00argj\/#primaryimage"},"image":{"@id":"https:\/\/tecplan.com.es\/product\/thinkbook-16-g6-irl-model-21kh00argj\/#primaryimage"},"thumbnailUrl":"https:\/\/tecplan.com.es\/wp-content\/uploads\/2025\/12\/CRS354-48p_Mesa-de-trabajo-1.jpg","datePublished":"2026-01-12T22:45:14+00:00","dateModified":"2026-01-14T20:47:52+00:00","breadcrumb":{"@id":"https:\/\/tecplan.com.es\/product\/thinkbook-16-g6-irl-model-21kh00argj\/#breadcrumb"},"inLanguage":"en-US","potentialAction":[{"@type":"ReadAction","target":["https:\/\/tecplan.com.es\/product\/thinkbook-16-g6-irl-model-21kh00argj\/"]}]},{"@type":"ImageObject","inLanguage":"en-US","@id":"https:\/\/tecplan.com.es\/product\/thinkbook-16-g6-irl-model-21kh00argj\/#primaryimage","url":"https:\/\/tecplan.com.es\/wp-content\/uploads\/2025\/12\/CRS354-48p_Mesa-de-trabajo-1.jpg","contentUrl":"https:\/\/tecplan.com.es\/wp-content\/uploads\/2025\/12\/CRS354-48p_Mesa-de-trabajo-1.jpg","width":1250,"height":1250},{"@type":"BreadcrumbList","@id":"https:\/\/tecplan.com.es\/product\/thinkbook-16-g6-irl-model-21kh00argj\/#breadcrumb","itemListElement":[{"@type":"ListItem","position":1,"name":"Home","item":"https:\/\/tecplan.com.es\/"},{"@type":"ListItem","position":2,"name":"Shop","item":"https:\/\/tecplan.com.es\/shop\/"},{"@type":"ListItem","position":3,"name":"THINKBOOK 16 G6 IRL (MODEL 21KH00ARGJ)"}]},{"@type":"WebSite","@id":"https:\/\/tecplan.com.es\/#website","url":"https:\/\/tecplan.com.es\/","name":"Tecplan","description":"","potentialAction":[{"@type":"SearchAction","target":{"@type":"EntryPoint","urlTemplate":"https:\/\/tecplan.com.es\/?s={search_term_string}"},"query-input":{"@type":"PropertyValueSpecification","valueRequired":true,"valueName":"search_term_string"}}],"inLanguage":"en-US"}]}},"_links":{"self":[{"href":"https:\/\/tecplan.com.es\/en\/wp-json\/wp\/v2\/product\/5015","targetHints":{"allow":["GET"]}}],"collection":[{"href":"https:\/\/tecplan.com.es\/en\/wp-json\/wp\/v2\/product"}],"about":[{"href":"https:\/\/tecplan.com.es\/en\/wp-json\/wp\/v2\/types\/product"}],"replies":[{"embeddable":true,"href":"https:\/\/tecplan.com.es\/en\/wp-json\/wp\/v2\/comments?post=5015"}],"version-history":[{"count":2,"href":"https:\/\/tecplan.com.es\/en\/wp-json\/wp\/v2\/product\/5015\/revisions"}],"predecessor-version":[{"id":5035,"href":"https:\/\/tecplan.com.es\/en\/wp-json\/wp\/v2\/product\/5015\/revisions\/5035"}],"wp:featuredmedia":[{"embeddable":true,"href":"https:\/\/tecplan.com.es\/en\/wp-json\/wp\/v2\/media\/4724"}],"wp:attachment":[{"href":"https:\/\/tecplan.com.es\/en\/wp-json\/wp\/v2\/media?parent=5015"}],"wp:term":[{"taxonomy":"product_brand","embeddable":true,"href":"https:\/\/tecplan.com.es\/en\/wp-json\/wp\/v2\/product_brand?post=5015"},{"taxonomy":"product_cat","embeddable":true,"href":"https:\/\/tecplan.com.es\/en\/wp-json\/wp\/v2\/product_cat?post=5015"},{"taxonomy":"product_tag","embeddable":true,"href":"https:\/\/tecplan.com.es\/en\/wp-json\/wp\/v2\/product_tag?post=5015"}],"curies":[{"name":"wp","href":"https:\/\/api.w.org\/{rel}","templated":true}]}}