{"id":5014,"date":"2026-01-12T22:45:14","date_gmt":"2026-01-12T22:45:14","guid":{"rendered":"https:\/\/tecplan.com.es\/product\/impresora-de-tarjetas-zc300\/"},"modified":"2026-01-14T20:57:31","modified_gmt":"2026-01-14T20:57:31","slug":"impresora-de-tarjetas-zc300","status":"publish","type":"product","link":"https:\/\/tecplan.com.es\/en\/product\/impresora-de-tarjetas-zc300\/","title":{"rendered":"Impresora de tarjetas ZC300"},"content":{"rendered":"<p style=\"text-align: justify;\"><strong>Impresora directa y profesional de tarjetas de identificaci\u00f3n ZC300<\/strong><\/p>\n<p style=\"text-align: justify;\">Dise\u00f1e e imprima pr\u00e1cticamente cualquier tarjeta con la simplicidad de solo pulsar un bot\u00f3n. Imprima lo que desee, cuando lo desee, a toda velocidad: tarjetas de borde a borde en blanco y negro o a color, simple faz o doble faz, con cintas que ofrecen colores novedosos, mayor durabilidad y efectos especiales. El dise\u00f1o delgado que se adapta a cualquier entorno facilita la impresi\u00f3n de tarjetas a cualquier lugar que lo necesite. Con pr\u00e1cticamente todas las opciones de codificaci\u00f3n integradas, puede imprimir tarjetas con contacto, sin contacto, de proximidad o con banda magn\u00e9tica sin configuraci\u00f3n previa.<\/p>\n<p><strong>Funciones principales<\/strong><\/p>\n<ul>\n<li>Tecnolog\u00eda de impresi\u00f3n: Directamente en la tarjeta<\/li>\n<li style=\"text-align: justify;\">Velocidad de impresi\u00f3n: Monocrom\u00e1tico: 900 cph (una cara), Color: 200 cph (una cara), Monocrom\u00e1tico: 450 cph (doble cara), Color: 140 cph (doble cara)<\/li>\n<li style=\"text-align: justify;\">Resoluci\u00f3n de impresi\u00f3n: 300 dpi (12 puntos\/mm)<\/li>\n<li style=\"text-align: justify;\">Conectividad: Wi-Fi 5 (802.11ac) (opcional)<\/li>\n<\/ul>","protected":false},"excerpt":{"rendered":"<p style=\"text-align: justify;\">Con independencia del tipo de tarjeta que necesite imprimir \u2014de identificaci\u00f3n, de acceso, de socio, de evento, de cr\u00e9dito\/d\u00e9bito\u2014, la ZC300 le ayudar\u00e1 a hacerlo mejor, m\u00e1s r\u00e1pido y de forma m\u00e1s sencilla. Su elegante dise\u00f1o elimina pr\u00e1cticamente todos los inconvenientes asociados a la impresi\u00f3n de tarjetas.<\/p>\n<p><img decoding=\"async\" class=\"wp-image-3268 aligncenter\" src=\"https:\/\/tecplan.com.es\/wp-content\/uploads\/2025\/09\/Zebra-logo--300x225.png\" alt=\"\" width=\"142\" height=\"146\" \/><\/p>","protected":false},"featured_media":4950,"comment_status":"open","ping_status":"closed","template":"","meta":{"site-sidebar-layout":"default","site-content-layout":"","ast-site-content-layout":"default","site-content-style":"default","site-sidebar-style":"default","ast-global-header-display":"","ast-banner-title-visibility":"","ast-main-header-display":"","ast-hfb-above-header-display":"","ast-hfb-below-header-display":"","ast-hfb-mobile-header-display":"","site-post-title":"","ast-breadcrumbs-content":"","ast-featured-img":"","footer-sml-layout":"","ast-disable-related-posts":"","theme-transparent-header-meta":"default","adv-header-id-meta":"","stick-header-meta":"","header-above-stick-meta":"","header-main-stick-meta":"","header-below-stick-meta":"","astra-migrate-meta-layouts":"set","ast-page-background-enabled":"default","ast-page-background-meta":{"desktop":{"background-color":"var(--ast-global-color-5)","background-image":"","background-repeat":"repeat","background-position":"center center","background-size":"auto","background-attachment":"scroll","background-type":"","background-media":"","overlay-type":"","overlay-color":"","overlay-opacity":"","overlay-gradient":""},"tablet":{"background-color":"","background-image":"","background-repeat":"repeat","background-position":"center center","background-size":"auto","background-attachment":"scroll","background-type":"","background-media":"","overlay-type":"","overlay-color":"","overlay-opacity":"","overlay-gradient":""},"mobile":{"background-color":"","background-image":"","background-repeat":"repeat","background-position":"center center","background-size":"auto","background-attachment":"scroll","background-type":"","background-media":"","overlay-type":"","overlay-color":"","overlay-opacity":"","overlay-gradient":""}},"ast-content-background-meta":{"desktop":{"background-color":"var(--ast-global-color-4)","background-image":"","background-repeat":"repeat","background-position":"center center","background-size":"auto","background-attachment":"scroll","background-type":"","background-media":"","overlay-type":"","overlay-color":"","overlay-opacity":"","overlay-gradient":""},"tablet":{"background-color":"var(--ast-global-color-4)","background-image":"","background-repeat":"repeat","background-position":"center center","background-size":"auto","background-attachment":"scroll","background-type":"","background-media":"","overlay-type":"","overlay-color":"","overlay-opacity":"","overlay-gradient":""},"mobile":{"background-color":"var(--ast-global-color-4)","background-image":"","background-repeat":"repeat","background-position":"center center","background-size":"auto","background-attachment":"scroll","background-type":"","background-media":"","overlay-type":"","overlay-color":"","overlay-opacity":"","overlay-gradient":""}}},"product_brand":[265],"product_cat":[134,332,97],"product_tag":[219],"class_list":{"0":"post-5014","1":"product","2":"type-product","3":"status-publish","4":"has-post-thumbnail","6":"product_brand-zebra","7":"product_cat-cambium-networks","8":"product_cat-otros-zebra","9":"product_cat-zebra","10":"product_tag-zebra","11":"desktop-align-left","12":"tablet-align-left","13":"mobile-align-left","15":"first","16":"instock","17":"shipping-taxable","18":"product-type-simple"},"yoast_head":"<!-- This site is optimized with the Yoast SEO plugin v25.3 - https:\/\/yoast.com\/wordpress\/plugins\/seo\/ -->\n<title>Impresora de tarjetas ZC300 - Tecplan<\/title>\n<meta name=\"robots\" content=\"index, follow, max-snippet:-1, max-image-preview:large, max-video-preview:-1\" \/>\n<link rel=\"canonical\" href=\"https:\/\/tecplan.com.es\/en\/product\/impresora-de-tarjetas-zc300\/\" \/>\n<meta property=\"og:locale\" content=\"en_US\" \/>\n<meta property=\"og:type\" content=\"article\" \/>\n<meta property=\"og:title\" content=\"Impresora de tarjetas ZC300 - Tecplan\" \/>\n<meta property=\"og:description\" content=\"Con independencia del tipo de tarjeta que necesite imprimir \u2014de identificaci\u00f3n, de acceso, de socio, de evento, de cr\u00e9dito\/d\u00e9bito\u2014, la ZC300 le ayudar\u00e1 a hacerlo mejor, m\u00e1s r\u00e1pido y de forma m\u00e1s sencilla. Su elegante dise\u00f1o elimina pr\u00e1cticamente todos los inconvenientes asociados a la impresi\u00f3n de tarjetas.\" \/>\n<meta property=\"og:url\" content=\"https:\/\/tecplan.com.es\/en\/product\/impresora-de-tarjetas-zc300\/\" \/>\n<meta property=\"og:site_name\" content=\"Tecplan\" \/>\n<meta property=\"article:modified_time\" content=\"2026-01-14T20:57:31+00:00\" \/>\n<meta property=\"og:image\" content=\"https:\/\/tecplan.com.es\/wp-content\/uploads\/2026\/01\/Impresora-ZC300_0-1.jpg\" \/>\n\t<meta property=\"og:image:width\" content=\"1250\" \/>\n\t<meta property=\"og:image:height\" content=\"1250\" \/>\n\t<meta property=\"og:image:type\" content=\"image\/jpeg\" \/>\n<meta name=\"twitter:card\" content=\"summary_large_image\" \/>\n<meta name=\"twitter:label1\" content=\"Est. reading time\" \/>\n\t<meta name=\"twitter:data1\" content=\"1 minute\" \/>\n<script type=\"application\/ld+json\" class=\"yoast-schema-graph\">{\"@context\":\"https:\/\/schema.org\",\"@graph\":[{\"@type\":\"WebPage\",\"@id\":\"https:\/\/tecplan.com.es\/product\/impresora-de-tarjetas-zc300\/\",\"url\":\"https:\/\/tecplan.com.es\/product\/impresora-de-tarjetas-zc300\/\",\"name\":\"Impresora de tarjetas ZC300 - Tecplan\",\"isPartOf\":{\"@id\":\"https:\/\/tecplan.com.es\/#website\"},\"primaryImageOfPage\":{\"@id\":\"https:\/\/tecplan.com.es\/product\/impresora-de-tarjetas-zc300\/#primaryimage\"},\"image\":{\"@id\":\"https:\/\/tecplan.com.es\/product\/impresora-de-tarjetas-zc300\/#primaryimage\"},\"thumbnailUrl\":\"https:\/\/tecplan.com.es\/wp-content\/uploads\/2026\/01\/Impresora-ZC300_0-1.jpg\",\"datePublished\":\"2026-01-12T22:45:14+00:00\",\"dateModified\":\"2026-01-14T20:57:31+00:00\",\"breadcrumb\":{\"@id\":\"https:\/\/tecplan.com.es\/product\/impresora-de-tarjetas-zc300\/#breadcrumb\"},\"inLanguage\":\"en-US\",\"potentialAction\":[{\"@type\":\"ReadAction\",\"target\":[\"https:\/\/tecplan.com.es\/product\/impresora-de-tarjetas-zc300\/\"]}]},{\"@type\":\"ImageObject\",\"inLanguage\":\"en-US\",\"@id\":\"https:\/\/tecplan.com.es\/product\/impresora-de-tarjetas-zc300\/#primaryimage\",\"url\":\"https:\/\/tecplan.com.es\/wp-content\/uploads\/2026\/01\/Impresora-ZC300_0-1.jpg\",\"contentUrl\":\"https:\/\/tecplan.com.es\/wp-content\/uploads\/2026\/01\/Impresora-ZC300_0-1.jpg\",\"width\":1250,\"height\":1250},{\"@type\":\"BreadcrumbList\",\"@id\":\"https:\/\/tecplan.com.es\/product\/impresora-de-tarjetas-zc300\/#breadcrumb\",\"itemListElement\":[{\"@type\":\"ListItem\",\"position\":1,\"name\":\"Home\",\"item\":\"https:\/\/tecplan.com.es\/\"},{\"@type\":\"ListItem\",\"position\":2,\"name\":\"Shop\",\"item\":\"https:\/\/tecplan.com.es\/shop\/\"},{\"@type\":\"ListItem\",\"position\":3,\"name\":\"Impresora de tarjetas ZC300\"}]},{\"@type\":\"WebSite\",\"@id\":\"https:\/\/tecplan.com.es\/#website\",\"url\":\"https:\/\/tecplan.com.es\/\",\"name\":\"Tecplan\",\"description\":\"\",\"potentialAction\":[{\"@type\":\"SearchAction\",\"target\":{\"@type\":\"EntryPoint\",\"urlTemplate\":\"https:\/\/tecplan.com.es\/?s={search_term_string}\"},\"query-input\":{\"@type\":\"PropertyValueSpecification\",\"valueRequired\":true,\"valueName\":\"search_term_string\"}}],\"inLanguage\":\"en-US\"}]}<\/script>\n<!-- \/ Yoast SEO plugin. -->","yoast_head_json":{"title":"Impresora de tarjetas ZC300 - Tecplan","robots":{"index":"index","follow":"follow","max-snippet":"max-snippet:-1","max-image-preview":"max-image-preview:large","max-video-preview":"max-video-preview:-1"},"canonical":"https:\/\/tecplan.com.es\/en\/product\/impresora-de-tarjetas-zc300\/","og_locale":"en_US","og_type":"article","og_title":"Impresora de tarjetas ZC300 - Tecplan","og_description":"Con independencia del tipo de tarjeta que necesite imprimir \u2014de identificaci\u00f3n, de acceso, de socio, de evento, de cr\u00e9dito\/d\u00e9bito\u2014, la ZC300 le ayudar\u00e1 a hacerlo mejor, m\u00e1s r\u00e1pido y de forma m\u00e1s sencilla. Su elegante dise\u00f1o elimina pr\u00e1cticamente todos los inconvenientes asociados a la impresi\u00f3n de tarjetas.","og_url":"https:\/\/tecplan.com.es\/en\/product\/impresora-de-tarjetas-zc300\/","og_site_name":"Tecplan","article_modified_time":"2026-01-14T20:57:31+00:00","og_image":[{"width":1250,"height":1250,"url":"https:\/\/tecplan.com.es\/wp-content\/uploads\/2026\/01\/Impresora-ZC300_0-1.jpg","type":"image\/jpeg"}],"twitter_card":"summary_large_image","twitter_misc":{"Est. reading time":"1 minute"},"schema":{"@context":"https:\/\/schema.org","@graph":[{"@type":"WebPage","@id":"https:\/\/tecplan.com.es\/product\/impresora-de-tarjetas-zc300\/","url":"https:\/\/tecplan.com.es\/product\/impresora-de-tarjetas-zc300\/","name":"Impresora de tarjetas ZC300 - Tecplan","isPartOf":{"@id":"https:\/\/tecplan.com.es\/#website"},"primaryImageOfPage":{"@id":"https:\/\/tecplan.com.es\/product\/impresora-de-tarjetas-zc300\/#primaryimage"},"image":{"@id":"https:\/\/tecplan.com.es\/product\/impresora-de-tarjetas-zc300\/#primaryimage"},"thumbnailUrl":"https:\/\/tecplan.com.es\/wp-content\/uploads\/2026\/01\/Impresora-ZC300_0-1.jpg","datePublished":"2026-01-12T22:45:14+00:00","dateModified":"2026-01-14T20:57:31+00:00","breadcrumb":{"@id":"https:\/\/tecplan.com.es\/product\/impresora-de-tarjetas-zc300\/#breadcrumb"},"inLanguage":"en-US","potentialAction":[{"@type":"ReadAction","target":["https:\/\/tecplan.com.es\/product\/impresora-de-tarjetas-zc300\/"]}]},{"@type":"ImageObject","inLanguage":"en-US","@id":"https:\/\/tecplan.com.es\/product\/impresora-de-tarjetas-zc300\/#primaryimage","url":"https:\/\/tecplan.com.es\/wp-content\/uploads\/2026\/01\/Impresora-ZC300_0-1.jpg","contentUrl":"https:\/\/tecplan.com.es\/wp-content\/uploads\/2026\/01\/Impresora-ZC300_0-1.jpg","width":1250,"height":1250},{"@type":"BreadcrumbList","@id":"https:\/\/tecplan.com.es\/product\/impresora-de-tarjetas-zc300\/#breadcrumb","itemListElement":[{"@type":"ListItem","position":1,"name":"Home","item":"https:\/\/tecplan.com.es\/"},{"@type":"ListItem","position":2,"name":"Shop","item":"https:\/\/tecplan.com.es\/shop\/"},{"@type":"ListItem","position":3,"name":"Impresora de tarjetas ZC300"}]},{"@type":"WebSite","@id":"https:\/\/tecplan.com.es\/#website","url":"https:\/\/tecplan.com.es\/","name":"Tecplan","description":"","potentialAction":[{"@type":"SearchAction","target":{"@type":"EntryPoint","urlTemplate":"https:\/\/tecplan.com.es\/?s={search_term_string}"},"query-input":{"@type":"PropertyValueSpecification","valueRequired":true,"valueName":"search_term_string"}}],"inLanguage":"en-US"}]}},"_links":{"self":[{"href":"https:\/\/tecplan.com.es\/en\/wp-json\/wp\/v2\/product\/5014","targetHints":{"allow":["GET"]}}],"collection":[{"href":"https:\/\/tecplan.com.es\/en\/wp-json\/wp\/v2\/product"}],"about":[{"href":"https:\/\/tecplan.com.es\/en\/wp-json\/wp\/v2\/types\/product"}],"replies":[{"embeddable":true,"href":"https:\/\/tecplan.com.es\/en\/wp-json\/wp\/v2\/comments?post=5014"}],"version-history":[{"count":3,"href":"https:\/\/tecplan.com.es\/en\/wp-json\/wp\/v2\/product\/5014\/revisions"}],"predecessor-version":[{"id":5036,"href":"https:\/\/tecplan.com.es\/en\/wp-json\/wp\/v2\/product\/5014\/revisions\/5036"}],"wp:featuredmedia":[{"embeddable":true,"href":"https:\/\/tecplan.com.es\/en\/wp-json\/wp\/v2\/media\/4950"}],"wp:attachment":[{"href":"https:\/\/tecplan.com.es\/en\/wp-json\/wp\/v2\/media?parent=5014"}],"wp:term":[{"taxonomy":"product_brand","embeddable":true,"href":"https:\/\/tecplan.com.es\/en\/wp-json\/wp\/v2\/product_brand?post=5014"},{"taxonomy":"product_cat","embeddable":true,"href":"https:\/\/tecplan.com.es\/en\/wp-json\/wp\/v2\/product_cat?post=5014"},{"taxonomy":"product_tag","embeddable":true,"href":"https:\/\/tecplan.com.es\/en\/wp-json\/wp\/v2\/product_tag?post=5014"}],"curies":[{"name":"wp","href":"https:\/\/api.w.org\/{rel}","templated":true}]}}