{"id":5013,"date":"2026-01-12T22:45:14","date_gmt":"2026-01-12T22:45:14","guid":{"rendered":"https:\/\/tecplan.com.es\/product\/impresoras-industriales-serie-zt200\/"},"modified":"2026-01-14T21:07:49","modified_gmt":"2026-01-14T21:07:49","slug":"impresoras-industriales-serie-zt200","status":"publish","type":"product","link":"https:\/\/tecplan.com.es\/en\/product\/impresoras-industriales-serie-zt200\/","title":{"rendered":"Impresoras industriales Serie ZT200"},"content":{"rendered":"<p style=\"text-align: justify;\"><strong>IMPRESORAS INDUSTRIALES DE ETIQUETAS ZEBRA SERIE ZT200<\/strong><\/p>\n<p style=\"text-align: justify;\">Zebra ha incorporado la extensa informaci\u00f3n recibida de los clientes, as\u00ed como la herencia de sus impresoras Stripe\u00ae y S4M\u2122, para crear las nuevas impresoras ZT200 series que re\u00fanen dise\u00f1o elegante ahorrando espacio, confi guraci\u00f3n f\u00e1cil, operaci\u00f3n intuitiva para el usuario, y facilidad de servicio y mantenimiento.<\/p>\n<p style=\"text-align: justify;\">Tanto si van a usar por primera vez la tecnolog\u00eda de c\u00f3digos de barras, o actualizan sus modelos de impresora existentes, la ZT200 series es la elecci\u00f3n adecuada para una gran variedad de aplicaciones de etiquetado. Estas innovadoras nuevas impresoras proporcionan muchas ventajas al usuario.<\/p>\n<p style=\"text-align: justify;\">La ZT200 series ofrece un dise\u00f1o elegante y peque\u00f1as dimensiones, ocupando menos espacio f\u00edsico que los modelos Stripe y S4M. Las impresoras ZT200 series requieren una m\u00ednima formaci\u00f3n al operador y aportan las ventajas del mantenimiento con componentes est\u00e1ndar sin herramientas, y un dise\u00f1o duradero para minimizar el servicio. Su personal de IT apreciar\u00e1 la retro-compatibilidad, que permite instalar y poner en producci\u00f3n las nuevas impresoras con el m\u00ednimo tiempo de interrupci\u00f3n.<\/p>\n<p style=\"text-align: justify;\">Las ZT200 series usan el entorno Link-OS\u2122 de Zebra: una plataforma abierta que empareja un sistema operativo para dispositivos inteligentes Zebra, con potentes apps de software. AirWatch\u00ae Connector permite la administraci\u00f3n sencilla de dispositivos. La app Print Station permite activar r\u00e1pidamente la impresi\u00f3n basada en tablets y smartphones. Y con Cloud Connect, la impresora ZT200 se puede conectar a la nube, directamente y con seguridad.<\/p>\n<p style=\"text-align: justify;\">La ZT200 series ha sido dise\u00f1ada para facilidad de uso, versatilidad y valor sobresaliente.<\/p>\n<p><strong>Caracter\u00edsticas<\/strong><\/p>\n<ul>\n<li>Ideal para aplicaciones de etiquetado con c\u00f3digos de barras y cambios de etiqueta poco frecuentes.<\/li>\n<li style=\"text-align: justify;\">Resistente caja de pol\u00edmero con alta resistencia a impactos, de larga duraci\u00f3n.<\/li>\n<li style=\"text-align: justify;\">300 m de capacidad de Cinta Ribbon.<\/li>\n<li style=\"text-align: justify;\">Interfaz de usuario sencilla con tres botones de uso \u00fanico.<\/li>\n<\/ul>\n<p><strong>Specs<\/strong><\/p>\n<ul>\n<li style=\"text-align: justify;\">Ancho de impresi\u00f3n<\/li>\n<li style=\"text-align: justify;\">104 mm (4,09 in)<\/li>\n<li style=\"text-align: justify;\">Resoluci\u00f3n de impresi\u00f3n<\/li>\n<li style=\"text-align: justify;\">203 ppp (8 puntos por mm) \u00f3 300 ppp (12 puntos por mm) opcional<\/li>\n<li style=\"text-align: justify;\">Velocidad de impresi\u00f3n<\/li>\n<li style=\"text-align: justify;\">152 mm\/6 pulg. por segundo<\/li>\n<li style=\"text-align: justify;\">Construction<\/li>\n<li style=\"text-align: justify;\">Estructura met\u00e1lica con cubierta de pl\u00e1stico<\/li>\n<li style=\"text-align: justify;\">Conexi\u00f3n<\/li>\n<li style=\"text-align: justify;\">Puerto paralelo, Ethernet 10\/100, 802.11a\/b\/g\/n inal\u00e1mbrica<\/li>\n<\/ul>\n<h5 style=\"text-align: justify;\"><span style=\"text-decoration: underline;\"><strong>DOWNLOADS<\/strong><\/span><\/h5>\n<ul style=\"text-align: justify;\">\n<li>\u2192\u00a0 <a href=\"https:\/\/drive.google.com\/file\/d\/11Gah-IIYHtYcZc9hJZOG3ry9kxGq-7Pr\/view?usp=sharing\">Technical sheet<\/a><\/li>\n<\/ul>\n<p>&nbsp;<\/p>","protected":false},"excerpt":{"rendered":"<p style=\"text-align: justify;\">Las impresoras industriales m\u00e1s asequibles de Zebra, la Serie ZT200\u2122, impresora innovadora con un dise\u00f1o que permite ahorrar espacio y ofrece a los usuarios una configuraci\u00f3n simple,<br \/>\nuna operaci\u00f3n intuitiva, y servicio y mantenimiento sencillos. Dise\u00f1ada para brindarle versatilidad y un valor extraordinaria.<\/p>\n<p><img decoding=\"async\" class=\"wp-image-3268 aligncenter\" src=\"https:\/\/tecplan.com.es\/wp-content\/uploads\/2025\/09\/Zebra-logo--300x225.png\" alt=\"\" width=\"141\" height=\"106\" srcset=\"https:\/\/tecplan.com.es\/wp-content\/uploads\/2025\/09\/Zebra-logo--300x225.png 300w, https:\/\/tecplan.com.es\/wp-content\/uploads\/2025\/09\/Zebra-logo--768x576.png 768w, https:\/\/tecplan.com.es\/wp-content\/uploads\/2025\/09\/Zebra-logo--16x12.png 16w, https:\/\/tecplan.com.es\/wp-content\/uploads\/2025\/09\/Zebra-logo--600x450.png 600w, https:\/\/tecplan.com.es\/wp-content\/uploads\/2025\/09\/Zebra-logo-.png 1024w\" sizes=\"(max-width: 141px) 100vw, 141px\" \/><\/p>","protected":false},"featured_media":4948,"comment_status":"open","ping_status":"closed","template":"","meta":{"site-sidebar-layout":"default","site-content-layout":"","ast-site-content-layout":"default","site-content-style":"default","site-sidebar-style":"default","ast-global-header-display":"","ast-banner-title-visibility":"","ast-main-header-display":"","ast-hfb-above-header-display":"","ast-hfb-below-header-display":"","ast-hfb-mobile-header-display":"","site-post-title":"","ast-breadcrumbs-content":"","ast-featured-img":"","footer-sml-layout":"","ast-disable-related-posts":"","theme-transparent-header-meta":"default","adv-header-id-meta":"","stick-header-meta":"","header-above-stick-meta":"","header-main-stick-meta":"","header-below-stick-meta":"","astra-migrate-meta-layouts":"set","ast-page-background-enabled":"default","ast-page-background-meta":{"desktop":{"background-color":"var(--ast-global-color-5)","background-image":"","background-repeat":"repeat","background-position":"center center","background-size":"auto","background-attachment":"scroll","background-type":"","background-media":"","overlay-type":"","overlay-color":"","overlay-opacity":"","overlay-gradient":""},"tablet":{"background-color":"","background-image":"","background-repeat":"repeat","background-position":"center center","background-size":"auto","background-attachment":"scroll","background-type":"","background-media":"","overlay-type":"","overlay-color":"","overlay-opacity":"","overlay-gradient":""},"mobile":{"background-color":"","background-image":"","background-repeat":"repeat","background-position":"center center","background-size":"auto","background-attachment":"scroll","background-type":"","background-media":"","overlay-type":"","overlay-color":"","overlay-opacity":"","overlay-gradient":""}},"ast-content-background-meta":{"desktop":{"background-color":"var(--ast-global-color-4)","background-image":"","background-repeat":"repeat","background-position":"center center","background-size":"auto","background-attachment":"scroll","background-type":"","background-media":"","overlay-type":"","overlay-color":"","overlay-opacity":"","overlay-gradient":""},"tablet":{"background-color":"var(--ast-global-color-4)","background-image":"","background-repeat":"repeat","background-position":"center center","background-size":"auto","background-attachment":"scroll","background-type":"","background-media":"","overlay-type":"","overlay-color":"","overlay-opacity":"","overlay-gradient":""},"mobile":{"background-color":"var(--ast-global-color-4)","background-image":"","background-repeat":"repeat","background-position":"center center","background-size":"auto","background-attachment":"scroll","background-type":"","background-media":"","overlay-type":"","overlay-color":"","overlay-opacity":"","overlay-gradient":""}}},"product_brand":[265],"product_cat":[96,332,97],"product_tag":[219],"class_list":{"0":"post-5013","1":"product","2":"type-product","3":"status-publish","4":"has-post-thumbnail","6":"product_brand-zebra","7":"product_cat-networking","8":"product_cat-otros-zebra","9":"product_cat-zebra","10":"product_tag-zebra","11":"desktop-align-left","12":"tablet-align-left","13":"mobile-align-left","15":"first","16":"instock","17":"shipping-taxable","18":"product-type-simple"},"yoast_head":"<!-- This site is optimized with the Yoast SEO plugin v25.3 - https:\/\/yoast.com\/wordpress\/plugins\/seo\/ -->\n<title>Impresoras industriales Serie ZT200 - Tecplan<\/title>\n<meta name=\"robots\" content=\"index, follow, max-snippet:-1, max-image-preview:large, max-video-preview:-1\" \/>\n<link rel=\"canonical\" href=\"https:\/\/tecplan.com.es\/en\/product\/impresoras-industriales-serie-zt200\/\" \/>\n<meta property=\"og:locale\" content=\"en_US\" \/>\n<meta property=\"og:type\" content=\"article\" \/>\n<meta property=\"og:title\" content=\"Impresoras industriales Serie ZT200 - Tecplan\" \/>\n<meta property=\"og:description\" content=\"Las impresoras industriales m\u00e1s asequibles de Zebra, la Serie ZT200\u2122, impresora innovadora con un dise\u00f1o que permite ahorrar espacio y ofrece a los usuarios una configuraci\u00f3n simple, una operaci\u00f3n intuitiva, y servicio y mantenimiento sencillos. Dise\u00f1ada para brindarle versatilidad y un valor extraordinaria.\" \/>\n<meta property=\"og:url\" content=\"https:\/\/tecplan.com.es\/en\/product\/impresoras-industriales-serie-zt200\/\" \/>\n<meta property=\"og:site_name\" content=\"Tecplan\" \/>\n<meta property=\"article:modified_time\" content=\"2026-01-14T21:07:49+00:00\" \/>\n<meta property=\"og:image\" content=\"https:\/\/tecplan.com.es\/wp-content\/uploads\/2026\/01\/Zebra-ZT200-1.webp\" \/>\n\t<meta property=\"og:image:width\" content=\"500\" \/>\n\t<meta property=\"og:image:height\" content=\"500\" \/>\n\t<meta property=\"og:image:type\" content=\"image\/webp\" \/>\n<meta name=\"twitter:card\" content=\"summary_large_image\" \/>\n<meta name=\"twitter:label1\" content=\"Est. reading time\" \/>\n\t<meta name=\"twitter:data1\" content=\"2 minutes\" \/>\n<script type=\"application\/ld+json\" class=\"yoast-schema-graph\">{\"@context\":\"https:\/\/schema.org\",\"@graph\":[{\"@type\":\"WebPage\",\"@id\":\"https:\/\/tecplan.com.es\/product\/impresoras-industriales-serie-zt200\/\",\"url\":\"https:\/\/tecplan.com.es\/product\/impresoras-industriales-serie-zt200\/\",\"name\":\"Impresoras industriales Serie ZT200 - Tecplan\",\"isPartOf\":{\"@id\":\"https:\/\/tecplan.com.es\/#website\"},\"primaryImageOfPage\":{\"@id\":\"https:\/\/tecplan.com.es\/product\/impresoras-industriales-serie-zt200\/#primaryimage\"},\"image\":{\"@id\":\"https:\/\/tecplan.com.es\/product\/impresoras-industriales-serie-zt200\/#primaryimage\"},\"thumbnailUrl\":\"https:\/\/tecplan.com.es\/wp-content\/uploads\/2026\/01\/Zebra-ZT200-1.webp\",\"datePublished\":\"2026-01-12T22:45:14+00:00\",\"dateModified\":\"2026-01-14T21:07:49+00:00\",\"breadcrumb\":{\"@id\":\"https:\/\/tecplan.com.es\/product\/impresoras-industriales-serie-zt200\/#breadcrumb\"},\"inLanguage\":\"en-US\",\"potentialAction\":[{\"@type\":\"ReadAction\",\"target\":[\"https:\/\/tecplan.com.es\/product\/impresoras-industriales-serie-zt200\/\"]}]},{\"@type\":\"ImageObject\",\"inLanguage\":\"en-US\",\"@id\":\"https:\/\/tecplan.com.es\/product\/impresoras-industriales-serie-zt200\/#primaryimage\",\"url\":\"https:\/\/tecplan.com.es\/wp-content\/uploads\/2026\/01\/Zebra-ZT200-1.webp\",\"contentUrl\":\"https:\/\/tecplan.com.es\/wp-content\/uploads\/2026\/01\/Zebra-ZT200-1.webp\",\"width\":500,\"height\":500},{\"@type\":\"BreadcrumbList\",\"@id\":\"https:\/\/tecplan.com.es\/product\/impresoras-industriales-serie-zt200\/#breadcrumb\",\"itemListElement\":[{\"@type\":\"ListItem\",\"position\":1,\"name\":\"Home\",\"item\":\"https:\/\/tecplan.com.es\/\"},{\"@type\":\"ListItem\",\"position\":2,\"name\":\"Shop\",\"item\":\"https:\/\/tecplan.com.es\/shop\/\"},{\"@type\":\"ListItem\",\"position\":3,\"name\":\"Impresoras industriales Serie ZT200\"}]},{\"@type\":\"WebSite\",\"@id\":\"https:\/\/tecplan.com.es\/#website\",\"url\":\"https:\/\/tecplan.com.es\/\",\"name\":\"Tecplan\",\"description\":\"\",\"potentialAction\":[{\"@type\":\"SearchAction\",\"target\":{\"@type\":\"EntryPoint\",\"urlTemplate\":\"https:\/\/tecplan.com.es\/?s={search_term_string}\"},\"query-input\":{\"@type\":\"PropertyValueSpecification\",\"valueRequired\":true,\"valueName\":\"search_term_string\"}}],\"inLanguage\":\"en-US\"}]}<\/script>\n<!-- \/ Yoast SEO plugin. -->","yoast_head_json":{"title":"Impresoras industriales Serie ZT200 - Tecplan","robots":{"index":"index","follow":"follow","max-snippet":"max-snippet:-1","max-image-preview":"max-image-preview:large","max-video-preview":"max-video-preview:-1"},"canonical":"https:\/\/tecplan.com.es\/en\/product\/impresoras-industriales-serie-zt200\/","og_locale":"en_US","og_type":"article","og_title":"Impresoras industriales Serie ZT200 - Tecplan","og_description":"Las impresoras industriales m\u00e1s asequibles de Zebra, la Serie ZT200\u2122, impresora innovadora con un dise\u00f1o que permite ahorrar espacio y ofrece a los usuarios una configuraci\u00f3n simple, una operaci\u00f3n intuitiva, y servicio y mantenimiento sencillos. Dise\u00f1ada para brindarle versatilidad y un valor extraordinaria.","og_url":"https:\/\/tecplan.com.es\/en\/product\/impresoras-industriales-serie-zt200\/","og_site_name":"Tecplan","article_modified_time":"2026-01-14T21:07:49+00:00","og_image":[{"width":500,"height":500,"url":"https:\/\/tecplan.com.es\/wp-content\/uploads\/2026\/01\/Zebra-ZT200-1.webp","type":"image\/webp"}],"twitter_card":"summary_large_image","twitter_misc":{"Est. reading time":"2 minutes"},"schema":{"@context":"https:\/\/schema.org","@graph":[{"@type":"WebPage","@id":"https:\/\/tecplan.com.es\/product\/impresoras-industriales-serie-zt200\/","url":"https:\/\/tecplan.com.es\/product\/impresoras-industriales-serie-zt200\/","name":"Impresoras industriales Serie ZT200 - Tecplan","isPartOf":{"@id":"https:\/\/tecplan.com.es\/#website"},"primaryImageOfPage":{"@id":"https:\/\/tecplan.com.es\/product\/impresoras-industriales-serie-zt200\/#primaryimage"},"image":{"@id":"https:\/\/tecplan.com.es\/product\/impresoras-industriales-serie-zt200\/#primaryimage"},"thumbnailUrl":"https:\/\/tecplan.com.es\/wp-content\/uploads\/2026\/01\/Zebra-ZT200-1.webp","datePublished":"2026-01-12T22:45:14+00:00","dateModified":"2026-01-14T21:07:49+00:00","breadcrumb":{"@id":"https:\/\/tecplan.com.es\/product\/impresoras-industriales-serie-zt200\/#breadcrumb"},"inLanguage":"en-US","potentialAction":[{"@type":"ReadAction","target":["https:\/\/tecplan.com.es\/product\/impresoras-industriales-serie-zt200\/"]}]},{"@type":"ImageObject","inLanguage":"en-US","@id":"https:\/\/tecplan.com.es\/product\/impresoras-industriales-serie-zt200\/#primaryimage","url":"https:\/\/tecplan.com.es\/wp-content\/uploads\/2026\/01\/Zebra-ZT200-1.webp","contentUrl":"https:\/\/tecplan.com.es\/wp-content\/uploads\/2026\/01\/Zebra-ZT200-1.webp","width":500,"height":500},{"@type":"BreadcrumbList","@id":"https:\/\/tecplan.com.es\/product\/impresoras-industriales-serie-zt200\/#breadcrumb","itemListElement":[{"@type":"ListItem","position":1,"name":"Home","item":"https:\/\/tecplan.com.es\/"},{"@type":"ListItem","position":2,"name":"Shop","item":"https:\/\/tecplan.com.es\/shop\/"},{"@type":"ListItem","position":3,"name":"Impresoras industriales Serie ZT200"}]},{"@type":"WebSite","@id":"https:\/\/tecplan.com.es\/#website","url":"https:\/\/tecplan.com.es\/","name":"Tecplan","description":"","potentialAction":[{"@type":"SearchAction","target":{"@type":"EntryPoint","urlTemplate":"https:\/\/tecplan.com.es\/?s={search_term_string}"},"query-input":{"@type":"PropertyValueSpecification","valueRequired":true,"valueName":"search_term_string"}}],"inLanguage":"en-US"}]}},"_links":{"self":[{"href":"https:\/\/tecplan.com.es\/en\/wp-json\/wp\/v2\/product\/5013","targetHints":{"allow":["GET"]}}],"collection":[{"href":"https:\/\/tecplan.com.es\/en\/wp-json\/wp\/v2\/product"}],"about":[{"href":"https:\/\/tecplan.com.es\/en\/wp-json\/wp\/v2\/types\/product"}],"replies":[{"embeddable":true,"href":"https:\/\/tecplan.com.es\/en\/wp-json\/wp\/v2\/comments?post=5013"}],"version-history":[{"count":2,"href":"https:\/\/tecplan.com.es\/en\/wp-json\/wp\/v2\/product\/5013\/revisions"}],"predecessor-version":[{"id":5040,"href":"https:\/\/tecplan.com.es\/en\/wp-json\/wp\/v2\/product\/5013\/revisions\/5040"}],"wp:featuredmedia":[{"embeddable":true,"href":"https:\/\/tecplan.com.es\/en\/wp-json\/wp\/v2\/media\/4948"}],"wp:attachment":[{"href":"https:\/\/tecplan.com.es\/en\/wp-json\/wp\/v2\/media?parent=5013"}],"wp:term":[{"taxonomy":"product_brand","embeddable":true,"href":"https:\/\/tecplan.com.es\/en\/wp-json\/wp\/v2\/product_brand?post=5013"},{"taxonomy":"product_cat","embeddable":true,"href":"https:\/\/tecplan.com.es\/en\/wp-json\/wp\/v2\/product_cat?post=5013"},{"taxonomy":"product_tag","embeddable":true,"href":"https:\/\/tecplan.com.es\/en\/wp-json\/wp\/v2\/product_tag?post=5013"}],"curies":[{"name":"wp","href":"https:\/\/api.w.org\/{rel}","templated":true}]}}