{"id":4937,"date":"2026-01-09T22:28:11","date_gmt":"2026-01-09T22:28:11","guid":{"rendered":"https:\/\/tecplan.com.es\/?post_type=product&#038;p=4937"},"modified":"2026-01-14T14:16:09","modified_gmt":"2026-01-14T14:16:09","slug":"computadora-tactil-tc21-tc26","status":"publish","type":"product","link":"https:\/\/tecplan.com.es\/en\/product\/computadora-tactil-tc21-tc26\/","title":{"rendered":"Computadora t\u00e1ctil TC21\/TC26"},"content":{"rendered":"<h3 style=\"text-align: justify;\">Otro nivel de caracter\u00edsticas para un dispositivo a un precio accesible<\/h3>\n<p style=\"text-align: justify;\">Si est\u00e1 considerando comprar tel\u00e9fonos m\u00f3viles de bajo costo para sus trabajadores, opte por las computadoras t\u00e1ctiles TC21\/TC26, una opci\u00f3n superior al mismo precio. Ayude a sus trabajadores a tener acceso a los datos que necesitan para actuar de manera m\u00e1s eficiente. Con m\u00faltiples configuraciones a distintos precios, solo paga por las caracter\u00edsticas que sus trabajadores necesitan, lo que incluye conectividad: la TC21 opera solo con wifi para los trabajadores que est\u00e1n en interiores, mientras que la TC26 admite wifi y conectividad celular para los<br \/>\ntrabajadores que est\u00e1n en el campo. Las nuevas opciones incluyen la mejor potencia de procesamiento de 2,2 GHz de su clase para maximizar el rendimiento de la aplicaci\u00f3n, una funda protectora para los entornos m\u00e1s exigentes y la capacidad de convertir estos dispositivos en una estaci\u00f3n de trabajo completa.<\/p>\n<h4 style=\"text-align: justify;\"><b>Dise\u00f1o peque\u00f1o y ligero del tama\u00f1o perfecto<\/b><\/h4>\n<p style=\"text-align: justify;\">Estos dispositivos son compactos, livianos, f\u00e1ciles de transportar y f\u00e1ciles de operar con una sola mano.<\/p>\n<h4 style=\"text-align: justify;\"><b>Familiaridad de Android<\/b><\/h4>\n<p style=\"text-align: justify;\">La familiaridad con Android pr\u00e1cticamente elimina la necesidad de capacitaci\u00f3n. Por su parte, la compatibilidad integrada para futuras versiones de Android ofrece una preparaci\u00f3n superior para el futuro.<\/p>\n<h4 style=\"text-align: justify;\"><b>Pantalla t\u00e1ctil grande de avanzada de alta definici\u00f3n de 5\u00a0pulgadas<\/b><\/h4>\n<p style=\"text-align: justify;\">Obtenga mucho espacio para interactuar con sus aplicaciones. Adem\u00e1s, la pantalla t\u00e1ctil es f\u00e1cil de ver en interiores y exteriores con luz solar directa.<\/p>\n<h4 style=\"text-align: justify;\"><b>Dise\u00f1ada para empresas<\/b><\/h4>\n<p style=\"text-align: justify;\">La TC21\/TC26 puede soportarlo todo: el agua, el polvo, las ca\u00eddas sobre concreto, la nieve, la lluvia, el fr\u00edo y el calor extremos. La pantalla y la ventana de salida del esc\u00e1ner est\u00e1n reforzados con Gorilla Glass. Y si trabaja en entornos m\u00e1s exigentes, no se preocupe: la funda de protecci\u00f3n opcional asegura el funcionamiento confiable incluso despu\u00e9s de una ca\u00edda de 5\u00a0ft\/1,5\u00a0m.<\/p>\n<h4 style=\"text-align: justify;\"><b>La potencia para ejecutar todas sus aplicaciones<\/b><\/h4>\n<p style=\"text-align: justify;\">Con la opci\u00f3n de un procesador Qualcomm avanzado de ocho n\u00facleos de 1,8\u00a0GHz o 2,2\u00a0GHz, las TC21\/TC26 proporcionan la respuesta r\u00e1pida que los usuarios necesitan, incluso para las aplicaciones m\u00e1s exigentes.<\/p>\n<h4 style=\"text-align: justify;\"><b>Todas las conexiones inal\u00e1mbricas que podr\u00eda necesitar<\/b><\/h4>\n<p style=\"text-align: justify;\">En lo que respecta a conectividad inal\u00e1mbrica, las computadoras TC21\/TC26 son l\u00edderes en su clase, con conexi\u00f3n wifi, celular, Bluetooth, GPS y NFC.<\/p>\n<h4 style=\"text-align: justify;\"><b>Compatibilidad con billetera digital para transacciones sin contacto<\/b><\/h4>\n<p style=\"text-align: justify;\">Con compatibilidad con Apple VAS y Google Smart Tap, las computadoras TC21\/TC26 pueden leer boletos, tarjetas de lealtad, tarjetas de regalo, pases de abordar y m\u00e1s almacenados en las billeteras Apple o Google en los tel\u00e9fonos inteligentes del consumidor.<sup>1<\/sup><\/p>\n<h4 style=\"text-align: justify;\"><b>Calidad y funcionalidad de voz superiores<\/b><\/h4>\n<p style=\"text-align: justify;\">VoLTE brinda una calidad de voz superior a trav\u00e9s de redes celulares, mientras que la tecnolog\u00eda VoWiFi de avanzada de Zebra, incluida con la licencia de Mobility DNA Enterprise, ofrece una calidad de voz superior.<\/p>\n<div class=\"text-jumbo text zbr-bg-cmp--pt-24 zbr-bg-cmp--pb-0 aem-GridColumn aem-GridColumn--default--6\" style=\"text-align: justify;\">\n<section id=\"i4465d0a9b824adf0e743e9d0524821c071a1f5e55e6b8331759e3146b5a1a5f8\" class=\"cmp-text-jumbo\">\n<div class=\"text-jumbo text-left text-dark\">\n<div class=\"cmp-text\">\n<h3><b><span class=\"spec-sheet-caption\">Caracter\u00edsticas f\u00edsicas<\/span><\/b><\/h3>\n<\/div>\n<\/div>\n<\/section>\n<\/div>\n<div class=\"text-jumbo text zbr-bg-cmp--pt-24 zbr-bg-cmp--pb-0 aem-GridColumn aem-GridColumn--default--6\" style=\"text-align: justify;\">\n<section id=\"ia60678c6898ac081eb4cba14f5a203578e359f1f61af60e54de803c9a1f1d67c\" class=\"cmp-text-jumbo\">\n<div class=\"text-jumbo text-left text-dark\">\n<div class=\"cmp-text\">\n<table border=\"1\" width=\"100%\" cellspacing=\"0\" cellpadding=\"1\">\n<tbody>\n<tr>\n<td><b>Dimensions<\/b><\/td>\n<td>Con bater\u00eda est\u00e1ndar:<br \/>\n6,22\u00a0in L x 3,11\u00a0in An x 0,54\u00a0in P<br \/>\n158\u00a0mm L x 79\u00a0mm An x 13,7\u00a0mm P<br \/>\nCon bater\u00eda de mayor duraci\u00f3n:<br \/>\n6,22\u00a0in L x 3,11\u00a0in An x 0,68\u00a0in P<br \/>\n158\u00a0mm L x 79\u00a0mm An x 17,3\u00a0mm P<\/td>\n<\/tr>\n<tr>\n<td><b>Peso<\/b><\/td>\n<td>8,32\u00a0oz\/236\u00a0g con bater\u00eda est\u00e1ndar; 269\u00a0g con bater\u00eda de larga duraci\u00f3n<\/td>\n<\/tr>\n<tr>\n<td><b>Pantalla<\/b><\/td>\n<td>HD (1280 x 720) a color de 5\u00a0in; retroiluminaci\u00f3n LED; Corning\u2122 Gorilla\u2122 Glass<\/td>\n<\/tr>\n<tr>\n<td><b>Ventana del lector de im\u00e1genes<\/b><\/td>\n<td>Corning\u2122 Gorilla\u2122 Glass<\/td>\n<\/tr>\n<tr>\n<td><b>Panel t\u00e1ctil<\/b><\/td>\n<td>Panel t\u00e1ctil capacitivo; multit\u00e1ctil<\/td>\n<\/tr>\n<tr>\n<td><b>Alimentaci\u00f3n<\/b><\/td>\n<td>Ion de litio recargable extra\u00edble\/reparable<br \/>\nBater\u00eda est\u00e1ndar: \u2265 3300\u00a0mAh\/12,54\u00a0Wh<br \/>\nBater\u00eda de larga duraci\u00f3n: 5260\u00a0mAh\/20,25\u00a0Wh<\/td>\n<\/tr>\n<tr>\n<td><b>Ranura de expansi\u00f3n<\/b><\/td>\n<td>Una ranura para tarjeta microSD, 128\u00a0GB<\/td>\n<\/tr>\n<tr>\n<td><b>SIM<\/b><\/td>\n<td>1 ranura nano SIM; eSIM opcional (TC26 \u00fanicamente)<\/td>\n<\/tr>\n<tr>\n<td><b>Conexiones de red<\/b><\/td>\n<td>TC21: WLAN, WPAN, USB\u00a02.0 de alta velocidad (host y cliente)<br \/>\nTC26: WWAN, WLAN, WPAN, USB\u00a02.0 de alta velocidad (host y cliente)<\/td>\n<\/tr>\n<tr>\n<td><b>Notificaciones<\/b><\/td>\n<td>Tono audible; LED de varios colores; vibraci\u00f3n<\/td>\n<\/tr>\n<tr>\n<td><b>Teclado<\/b><\/td>\n<td>Teclado en pantalla<\/td>\n<\/tr>\n<tr>\n<td><b>Audio<\/b><\/td>\n<td>Altavoz de 1\u00a0Watt<br \/>\nSoporte para voz (altavoz\/receptor y micr\u00f3fonos internos)<\/td>\n<\/tr>\n<tr>\n<td><b>Botones<\/b><\/td>\n<td>Teclas de escaneo a ambos lados; subir\/bajar volumen; encendido;<br \/>\npulsar para hablar (PTT, por sus siglas en ingl\u00e9s)<\/td>\n<\/tr>\n<\/tbody>\n<\/table>\n<\/div>\n<\/div>\n<\/section>\n<\/div>\n<div class=\"text-jumbo text zbr-bg-cmp--pt-24 zbr-bg-cmp--pb-0 aem-GridColumn aem-GridColumn--default--6\" style=\"text-align: justify;\">\n<section id=\"ice8fc858bc1769eebf64a1c162486da14a27a1e62b216f590296aabbbe36d994\" class=\"cmp-text-jumbo\">\n<div class=\"text-jumbo text-left text-dark\">\n<div class=\"cmp-text\">\n<p><b><span class=\"spec-sheet-caption\">Caracter\u00edsticas de rendimiento<\/span><\/b><\/p>\n<\/div>\n<\/div>\n<\/section>\n<\/div>\n<div class=\"text-jumbo text zbr-bg-cmp--pt-24 zbr-bg-cmp--pb-0 aem-GridColumn aem-GridColumn--default--6\">\n<section id=\"i9f2ce8a7e317ee6a6cfb0459b9e0e637e6e373af14500df62435fb26ad36c06\" class=\"cmp-text-jumbo\">\n<div class=\"text-jumbo text-left text-dark\">\n<div class=\"cmp-text\">\n<table border=\"1\" width=\"100%\" cellspacing=\"0\" cellpadding=\"1\">\n<tbody>\n<tr style=\"text-align: justify;\">\n<td><b>CPU<\/b><\/td>\n<td>\u00a0 \u00a0 \u00a0 \u00a0 \u00a0 \u00a0 \u00a0 \u00a0 \u00a0 \u00a0 \u00a0 \u00a0 \u00a0 \u00a0 \u00a0 \u00a0 \u00a0 \u00a0 \u00a0 \u00a0 \u00a0 \u00a0 \u00a0 \u00a0 \u00a0 \u00a0 \u00a0 \u00a0 \u00a0Procesador Qualcomm Snapdragon<sup>TM<\/sup>\u00a0660 de 8\u00a0n\u00facleos y 1,8\u00a0GHz\u00a0o 2,2,\u00a0GHz (configuraciones selectas)<\/td>\n<\/tr>\n<tr style=\"text-align: justify;\">\n<td><b>Operating system<\/b><\/td>\n<td><b>\u00a0 \u00a0 \u00a0 \u00a0 \u00a0 \u00a0 \u00a0 \u00a0 \u00a0 \u00a0 \u00a0 \u00a0 \u00a0 \u00a0 \u00a0 \u00a0 \u00a0 \u00a0 \u00a0 \u00a0 \u00a0 \u00a0 \u00a0 \u00a0 \u00a0 \u00a0 \u00a0 TC21:<\/b>\u00a0Puede actualizarse a Android 14<br \/>\n<b>\u00a0 \u00a0 \u00a0 \u00a0 \u00a0 \u00a0 \u00a0 \u00a0 \u00a0 \u00a0 \u00a0 \u00a0 \u00a0 \u00a0 \u00a0 \u00a0 \u00a0 \u00a0 \u00a0 \u00a0 \u00a0 \u00a0 \u00a0 \u00a0 \u00a0 \u00a0 \u00a0 TC26: <\/b>Puede actualizarse a Android 14<\/td>\n<\/tr>\n<tr>\n<td style=\"text-align: justify;\"><b>Memoria<\/b><\/td>\n<td style=\"text-align: justify;\">\u00a0 \u00a0 \u00a0 \u00a0 \u00a0 \u00a0 \u00a0 \u00a0 \u00a0 \u00a0 \u00a0 \u00a0 \u00a0 \u00a0 \u00a0 \u00a0 \u00a0 \u00a0 \u00a0 \u00a0 \u00a0 \u00a0 \u00a0 \u00a0 \u00a0 \u00a0 \u00a0 \u00a0 \u00a0Memoria RAM de 4 GB\/Flash de 64 GB; memoria RAM de 3 GB\/Flash de 32 GB<\/td>\n<\/tr>\n<\/tbody>\n<\/table>\n<\/div>\n<\/div>\n<\/section>\n<\/div>\n<div class=\"text-jumbo text zbr-bg-cmp--pt-24 zbr-bg-cmp--pb-0 aem-GridColumn aem-GridColumn--default--6\">\n<section id=\"ia4859c0ed6c941a6034624d60610a52674896b5640715ed209d7ded4323100d6\" class=\"cmp-text-jumbo\">\n<div class=\"text-jumbo text-left text-dark\">\n<div class=\"cmp-text\">\n<p>&nbsp;<\/p>\n<\/div>\n<\/div>\n<\/section>\n<\/div>","protected":false},"excerpt":{"rendered":"<h3 style=\"text-align: justify;\">Aproveche el potencial de sus dispositivos y fuerza laboral con Mobility DNA de Zebra<\/h3>\n<p>&nbsp;<\/p>\n<p><img decoding=\"async\" class=\"wp-image-3268 aligncenter\" src=\"https:\/\/tecplan.com.es\/wp-content\/uploads\/2025\/09\/Zebra-logo--300x225.png\" alt=\"\" width=\"165\" height=\"129\" \/><\/p>","protected":false},"featured_media":4938,"comment_status":"open","ping_status":"closed","template":"","meta":{"site-sidebar-layout":"default","site-content-layout":"","ast-site-content-layout":"default","site-content-style":"default","site-sidebar-style":"default","ast-global-header-display":"","ast-banner-title-visibility":"","ast-main-header-display":"","ast-hfb-above-header-display":"","ast-hfb-below-header-display":"","ast-hfb-mobile-header-display":"","site-post-title":"","ast-breadcrumbs-content":"","ast-featured-img":"","footer-sml-layout":"","ast-disable-related-posts":"","theme-transparent-header-meta":"default","adv-header-id-meta":"","stick-header-meta":"","header-above-stick-meta":"","header-main-stick-meta":"","header-below-stick-meta":"","astra-migrate-meta-layouts":"set","ast-page-background-enabled":"default","ast-page-background-meta":{"desktop":{"background-color":"var(--ast-global-color-5)","background-image":"","background-repeat":"repeat","background-position":"center center","background-size":"auto","background-attachment":"scroll","background-type":"","background-media":"","overlay-type":"","overlay-color":"","overlay-opacity":"","overlay-gradient":""},"tablet":{"background-color":"","background-image":"","background-repeat":"repeat","background-position":"center center","background-size":"auto","background-attachment":"scroll","background-type":"","background-media":"","overlay-type":"","overlay-color":"","overlay-opacity":"","overlay-gradient":""},"mobile":{"background-color":"","background-image":"","background-repeat":"repeat","background-position":"center center","background-size":"auto","background-attachment":"scroll","background-type":"","background-media":"","overlay-type":"","overlay-color":"","overlay-opacity":"","overlay-gradient":""}},"ast-content-background-meta":{"desktop":{"background-color":"var(--ast-global-color-4)","background-image":"","background-repeat":"repeat","background-position":"center center","background-size":"auto","background-attachment":"scroll","background-type":"","background-media":"","overlay-type":"","overlay-color":"","overlay-opacity":"","overlay-gradient":""},"tablet":{"background-color":"var(--ast-global-color-4)","background-image":"","background-repeat":"repeat","background-position":"center center","background-size":"auto","background-attachment":"scroll","background-type":"","background-media":"","overlay-type":"","overlay-color":"","overlay-opacity":"","overlay-gradient":""},"mobile":{"background-color":"var(--ast-global-color-4)","background-image":"","background-repeat":"repeat","background-position":"center center","background-size":"auto","background-attachment":"scroll","background-type":"","background-media":"","overlay-type":"","overlay-color":"","overlay-opacity":"","overlay-gradient":""}}},"product_brand":[265],"product_cat":[96,332,97],"product_tag":[219],"class_list":{"0":"post-4937","1":"product","2":"type-product","3":"status-publish","4":"has-post-thumbnail","6":"product_brand-zebra","7":"product_cat-networking","8":"product_cat-otros-zebra","9":"product_cat-zebra","10":"product_tag-zebra","11":"desktop-align-left","12":"tablet-align-left","13":"mobile-align-left","15":"first","16":"instock","17":"shipping-taxable","18":"product-type-simple"},"yoast_head":"<!-- This site is optimized with the Yoast SEO plugin v25.3 - https:\/\/yoast.com\/wordpress\/plugins\/seo\/ -->\n<title>Computadora t\u00e1ctil TC21\/TC26 - Tecplan<\/title>\n<meta name=\"robots\" content=\"index, follow, max-snippet:-1, max-image-preview:large, max-video-preview:-1\" \/>\n<link rel=\"canonical\" href=\"https:\/\/tecplan.com.es\/en\/product\/computadora-tactil-tc21-tc26\/\" \/>\n<meta property=\"og:locale\" content=\"en_US\" \/>\n<meta property=\"og:type\" content=\"article\" \/>\n<meta property=\"og:title\" content=\"Computadora t\u00e1ctil TC21\/TC26 - Tecplan\" \/>\n<meta property=\"og:description\" content=\"Aproveche el potencial de sus dispositivos y fuerza laboral con Mobility DNA de Zebra &nbsp;\" \/>\n<meta property=\"og:url\" content=\"https:\/\/tecplan.com.es\/en\/product\/computadora-tactil-tc21-tc26\/\" \/>\n<meta property=\"og:site_name\" content=\"Tecplan\" \/>\n<meta property=\"article:modified_time\" content=\"2026-01-14T14:16:09+00:00\" \/>\n<meta property=\"og:image\" content=\"https:\/\/tecplan.com.es\/wp-content\/uploads\/2026\/01\/tc21-tc26-spec-sheet-asset-photography.jpg.imgw_.3600.3600.jpg\" \/>\n\t<meta property=\"og:image:width\" content=\"600\" \/>\n\t<meta property=\"og:image:height\" content=\"400\" \/>\n\t<meta property=\"og:image:type\" content=\"image\/jpeg\" \/>\n<meta name=\"twitter:card\" content=\"summary_large_image\" \/>\n<meta name=\"twitter:label1\" content=\"Est. reading time\" \/>\n\t<meta name=\"twitter:data1\" content=\"4 minutes\" \/>\n<script type=\"application\/ld+json\" class=\"yoast-schema-graph\">{\"@context\":\"https:\/\/schema.org\",\"@graph\":[{\"@type\":\"WebPage\",\"@id\":\"https:\/\/tecplan.com.es\/product\/computadora-tactil-tc21-tc26\/\",\"url\":\"https:\/\/tecplan.com.es\/product\/computadora-tactil-tc21-tc26\/\",\"name\":\"Computadora t\u00e1ctil TC21\/TC26 - Tecplan\",\"isPartOf\":{\"@id\":\"https:\/\/tecplan.com.es\/#website\"},\"primaryImageOfPage\":{\"@id\":\"https:\/\/tecplan.com.es\/product\/computadora-tactil-tc21-tc26\/#primaryimage\"},\"image\":{\"@id\":\"https:\/\/tecplan.com.es\/product\/computadora-tactil-tc21-tc26\/#primaryimage\"},\"thumbnailUrl\":\"https:\/\/tecplan.com.es\/wp-content\/uploads\/2026\/01\/tc21-tc26-spec-sheet-asset-photography.jpg.imgw_.3600.3600.jpg\",\"datePublished\":\"2026-01-09T22:28:11+00:00\",\"dateModified\":\"2026-01-14T14:16:09+00:00\",\"breadcrumb\":{\"@id\":\"https:\/\/tecplan.com.es\/product\/computadora-tactil-tc21-tc26\/#breadcrumb\"},\"inLanguage\":\"en-US\",\"potentialAction\":[{\"@type\":\"ReadAction\",\"target\":[\"https:\/\/tecplan.com.es\/product\/computadora-tactil-tc21-tc26\/\"]}]},{\"@type\":\"ImageObject\",\"inLanguage\":\"en-US\",\"@id\":\"https:\/\/tecplan.com.es\/product\/computadora-tactil-tc21-tc26\/#primaryimage\",\"url\":\"https:\/\/tecplan.com.es\/wp-content\/uploads\/2026\/01\/tc21-tc26-spec-sheet-asset-photography.jpg.imgw_.3600.3600.jpg\",\"contentUrl\":\"https:\/\/tecplan.com.es\/wp-content\/uploads\/2026\/01\/tc21-tc26-spec-sheet-asset-photography.jpg.imgw_.3600.3600.jpg\",\"width\":600,\"height\":400},{\"@type\":\"BreadcrumbList\",\"@id\":\"https:\/\/tecplan.com.es\/product\/computadora-tactil-tc21-tc26\/#breadcrumb\",\"itemListElement\":[{\"@type\":\"ListItem\",\"position\":1,\"name\":\"Home\",\"item\":\"https:\/\/tecplan.com.es\/\"},{\"@type\":\"ListItem\",\"position\":2,\"name\":\"Shop\",\"item\":\"https:\/\/tecplan.com.es\/shop\/\"},{\"@type\":\"ListItem\",\"position\":3,\"name\":\"Computadora t\u00e1ctil TC21\/TC26\"}]},{\"@type\":\"WebSite\",\"@id\":\"https:\/\/tecplan.com.es\/#website\",\"url\":\"https:\/\/tecplan.com.es\/\",\"name\":\"Tecplan\",\"description\":\"\",\"potentialAction\":[{\"@type\":\"SearchAction\",\"target\":{\"@type\":\"EntryPoint\",\"urlTemplate\":\"https:\/\/tecplan.com.es\/?s={search_term_string}\"},\"query-input\":{\"@type\":\"PropertyValueSpecification\",\"valueRequired\":true,\"valueName\":\"search_term_string\"}}],\"inLanguage\":\"en-US\"}]}<\/script>\n<!-- \/ Yoast SEO plugin. -->","yoast_head_json":{"title":"Computadora t\u00e1ctil TC21\/TC26 - Tecplan","robots":{"index":"index","follow":"follow","max-snippet":"max-snippet:-1","max-image-preview":"max-image-preview:large","max-video-preview":"max-video-preview:-1"},"canonical":"https:\/\/tecplan.com.es\/en\/product\/computadora-tactil-tc21-tc26\/","og_locale":"en_US","og_type":"article","og_title":"Computadora t\u00e1ctil TC21\/TC26 - Tecplan","og_description":"Aproveche el potencial de sus dispositivos y fuerza laboral con Mobility DNA de Zebra &nbsp;","og_url":"https:\/\/tecplan.com.es\/en\/product\/computadora-tactil-tc21-tc26\/","og_site_name":"Tecplan","article_modified_time":"2026-01-14T14:16:09+00:00","og_image":[{"width":600,"height":400,"url":"https:\/\/tecplan.com.es\/wp-content\/uploads\/2026\/01\/tc21-tc26-spec-sheet-asset-photography.jpg.imgw_.3600.3600.jpg","type":"image\/jpeg"}],"twitter_card":"summary_large_image","twitter_misc":{"Est. reading time":"4 minutes"},"schema":{"@context":"https:\/\/schema.org","@graph":[{"@type":"WebPage","@id":"https:\/\/tecplan.com.es\/product\/computadora-tactil-tc21-tc26\/","url":"https:\/\/tecplan.com.es\/product\/computadora-tactil-tc21-tc26\/","name":"Computadora t\u00e1ctil TC21\/TC26 - Tecplan","isPartOf":{"@id":"https:\/\/tecplan.com.es\/#website"},"primaryImageOfPage":{"@id":"https:\/\/tecplan.com.es\/product\/computadora-tactil-tc21-tc26\/#primaryimage"},"image":{"@id":"https:\/\/tecplan.com.es\/product\/computadora-tactil-tc21-tc26\/#primaryimage"},"thumbnailUrl":"https:\/\/tecplan.com.es\/wp-content\/uploads\/2026\/01\/tc21-tc26-spec-sheet-asset-photography.jpg.imgw_.3600.3600.jpg","datePublished":"2026-01-09T22:28:11+00:00","dateModified":"2026-01-14T14:16:09+00:00","breadcrumb":{"@id":"https:\/\/tecplan.com.es\/product\/computadora-tactil-tc21-tc26\/#breadcrumb"},"inLanguage":"en-US","potentialAction":[{"@type":"ReadAction","target":["https:\/\/tecplan.com.es\/product\/computadora-tactil-tc21-tc26\/"]}]},{"@type":"ImageObject","inLanguage":"en-US","@id":"https:\/\/tecplan.com.es\/product\/computadora-tactil-tc21-tc26\/#primaryimage","url":"https:\/\/tecplan.com.es\/wp-content\/uploads\/2026\/01\/tc21-tc26-spec-sheet-asset-photography.jpg.imgw_.3600.3600.jpg","contentUrl":"https:\/\/tecplan.com.es\/wp-content\/uploads\/2026\/01\/tc21-tc26-spec-sheet-asset-photography.jpg.imgw_.3600.3600.jpg","width":600,"height":400},{"@type":"BreadcrumbList","@id":"https:\/\/tecplan.com.es\/product\/computadora-tactil-tc21-tc26\/#breadcrumb","itemListElement":[{"@type":"ListItem","position":1,"name":"Home","item":"https:\/\/tecplan.com.es\/"},{"@type":"ListItem","position":2,"name":"Shop","item":"https:\/\/tecplan.com.es\/shop\/"},{"@type":"ListItem","position":3,"name":"Computadora t\u00e1ctil TC21\/TC26"}]},{"@type":"WebSite","@id":"https:\/\/tecplan.com.es\/#website","url":"https:\/\/tecplan.com.es\/","name":"Tecplan","description":"","potentialAction":[{"@type":"SearchAction","target":{"@type":"EntryPoint","urlTemplate":"https:\/\/tecplan.com.es\/?s={search_term_string}"},"query-input":{"@type":"PropertyValueSpecification","valueRequired":true,"valueName":"search_term_string"}}],"inLanguage":"en-US"}]}},"_links":{"self":[{"href":"https:\/\/tecplan.com.es\/en\/wp-json\/wp\/v2\/product\/4937","targetHints":{"allow":["GET"]}}],"collection":[{"href":"https:\/\/tecplan.com.es\/en\/wp-json\/wp\/v2\/product"}],"about":[{"href":"https:\/\/tecplan.com.es\/en\/wp-json\/wp\/v2\/types\/product"}],"replies":[{"embeddable":true,"href":"https:\/\/tecplan.com.es\/en\/wp-json\/wp\/v2\/comments?post=4937"}],"version-history":[{"count":6,"href":"https:\/\/tecplan.com.es\/en\/wp-json\/wp\/v2\/product\/4937\/revisions"}],"predecessor-version":[{"id":5033,"href":"https:\/\/tecplan.com.es\/en\/wp-json\/wp\/v2\/product\/4937\/revisions\/5033"}],"wp:featuredmedia":[{"embeddable":true,"href":"https:\/\/tecplan.com.es\/en\/wp-json\/wp\/v2\/media\/4938"}],"wp:attachment":[{"href":"https:\/\/tecplan.com.es\/en\/wp-json\/wp\/v2\/media?parent=4937"}],"wp:term":[{"taxonomy":"product_brand","embeddable":true,"href":"https:\/\/tecplan.com.es\/en\/wp-json\/wp\/v2\/product_brand?post=4937"},{"taxonomy":"product_cat","embeddable":true,"href":"https:\/\/tecplan.com.es\/en\/wp-json\/wp\/v2\/product_cat?post=4937"},{"taxonomy":"product_tag","embeddable":true,"href":"https:\/\/tecplan.com.es\/en\/wp-json\/wp\/v2\/product_tag?post=4937"}],"curies":[{"name":"wp","href":"https:\/\/api.w.org\/{rel}","templated":true}]}}