{"id":4927,"date":"2026-01-09T21:55:10","date_gmt":"2026-01-09T21:55:10","guid":{"rendered":"https:\/\/tecplan.com.es\/?post_type=product&#038;p=4927"},"modified":"2026-01-09T21:55:10","modified_gmt":"2026-01-09T21:55:10","slug":"tester-fs6000-otdr","status":"publish","type":"product","link":"https:\/\/tecplan.com.es\/en\/product\/tester-fs6000-otdr\/","title":{"rendered":"Tester FS6000 OTDR"},"content":{"rendered":"<p style=\"text-align: justify;\">El OTDR de la serie FS6000 est\u00e1 especialmente dise\u00f1ado para trabajos exigentes en exteriores. Su nivel de protecci\u00f3n IP65, su peso ligero, su f\u00e1cil manejo, su pantalla LCD de baja reflexi\u00f3n y su periodo de funcionamiento de m\u00e1s de 12 horas lo hacen perfecto para pruebas de campo. Adem\u00e1s, la placa PCB opcional con revestimiento impermeable ayuda al OTDR de la serie FS6000 a obtener un mejor rendimiento de protecci\u00f3n.<\/p>\n<p style=\"text-align: justify;\"><strong>FLM (medici\u00f3n de enlace de fibra)<\/strong><br \/>\nLa prueba FLM (medici\u00f3n de enlace de fibra), tambi\u00e9n conocida como \u00abojo \u00f3ptico\u00bb, utiliza m\u00faltiples adquisiciones de ancho de pulso y algoritmos avanzados para caracterizar r\u00e1pidamente la fibra bajo prueba y mostrar los eventos \u00f3pticos aplicando s\u00edmbolos intuitivos.<\/p>\n<p style=\"text-align: justify;\"><strong>OTDR multimodo<\/strong><br \/>\nAdem\u00e1s del modo \u00fanico est\u00e1ndar (1310\/1550 nm), el OTDR de la serie FS6000 admite el modo de prueba multimodo (850\/1300 m) para tener la opci\u00f3n de analizar la red de fibra multimodo.<\/p>\n<p style=\"text-align: justify;\"><strong>VFL (localizador visual de fallas)<\/strong><br \/>\nEl VFL, disponible como m\u00f3dulo est\u00e1ndar en los OTDR de la serie FS6000, ofrece localizaci\u00f3n visual de fallas de 650 nm incorporada en un conector FC\/UPC.<\/p>\n<p style=\"text-align: justify;\"><strong>Microscopio de fibra (FM)<\/strong><br \/>\nLa sonda de inspecci\u00f3n de fibra opcional facilita la inspecci\u00f3n antes de la conexi\u00f3n. El FS6000 ofrece esta capacidad a trav\u00e9s de una conexi\u00f3n USB, permite una inspecci\u00f3n r\u00e1pida y sencilla del conector para detectar contaminaci\u00f3n y tambi\u00e9n permite capturar y almacenar la imagen.<\/p>\n<p style=\"text-align: justify;\"><strong>Caracter\u00edsticas<\/strong><\/p>\n<ul>\n<li style=\"text-align: justify;\">Dise\u00f1o integrado, inteligente y resistente.<\/li>\n<li style=\"text-align: justify;\">Nivel de protecci\u00f3n IP65, mejorado para exteriores.<\/li>\n<li style=\"text-align: justify;\">Pantalla LCD antirreflejo de 7\u201d.<\/li>\n<li style=\"text-align: justify;\">M\u00f3dulo de prueba en l\u00ednea (1625\/1650 nm).<\/li>\n<li style=\"text-align: justify;\">M\u00f3dulo de prueba MMF (850\/1300nm).<\/li>\n<li style=\"text-align: justify;\">Admite visualizaci\u00f3n en varios idiomas.<\/li>\n<li style=\"text-align: justify;\">Control remoto a trav\u00e9s de LAN.<\/li>\n<li style=\"text-align: justify;\">FLM Algoritmo m\u00e1s inteligentes para caracterizar la l\u00ednea de fibra \u00f3ptica.<\/li>\n<\/ul>\n<h5 style=\"text-align: justify;\"><span style=\"text-decoration: underline;\"><strong>DOWNLOADS<\/strong><\/span><\/h5>\n<ul style=\"text-align: justify;\">\n<li>\u2192\u00a0 <a href=\"https:\/\/drive.google.com\/file\/d\/1EtH4iNXim2GRKT8rzEUP92TiHl00Tx_7\/view?usp=sharing\">Ficha t\u00e9cnica Espa\u00f1ol<\/a><\/li>\n<li><a href=\"https:\/\/drive.google.com\/file\/d\/1ZIo4ueT3I-2jBXf2LhtqCav21BrMdn3w\/view?usp=sharing\">\u2192\u00a0 Ficha t\u00e9cnica Ingles<\/a><\/li>\n<\/ul>\n<p>&nbsp;<\/p>","protected":false},"excerpt":{"rendered":"<p style=\"text-align: justify;\">El OTDR de la serie FS6000 viene con una fuente l\u00e1ser incorporada opcional a trav\u00e9s del puerto OTDR1 que permite a los t\u00e9cnicos verificar f\u00e1cilmente la p\u00e9rdida total de la red local con un medidor de potencia. El OTDR de la serie FS6000 utiliza una longitud de onda de 1625\/1650nm para escanear y analizar el punto de acceso, y realiza pruebas en l\u00ednea con un filtro \u00f3ptico y no perturba el servicio.<\/p>\n<p><img decoding=\"async\" class=\"wp-image-4735 aligncenter\" src=\"https:\/\/tecplan.com.es\/wp-content\/uploads\/2025\/12\/WhatsApp-Image-2024-06-21-at-7.59.05-AM.jpeg\" alt=\"\" width=\"178\" height=\"100\" \/><\/p>","protected":false},"featured_media":4928,"comment_status":"open","ping_status":"closed","template":"","meta":{"site-sidebar-layout":"default","site-content-layout":"","ast-site-content-layout":"default","site-content-style":"default","site-sidebar-style":"default","ast-global-header-display":"","ast-banner-title-visibility":"","ast-main-header-display":"","ast-hfb-above-header-display":"","ast-hfb-below-header-display":"","ast-hfb-mobile-header-display":"","site-post-title":"","ast-breadcrumbs-content":"","ast-featured-img":"","footer-sml-layout":"","ast-disable-related-posts":"","theme-transparent-header-meta":"default","adv-header-id-meta":"","stick-header-meta":"","header-above-stick-meta":"","header-main-stick-meta":"","header-below-stick-meta":"","astra-migrate-meta-layouts":"set","ast-page-background-enabled":"default","ast-page-background-meta":{"desktop":{"background-color":"var(--ast-global-color-5)","background-image":"","background-repeat":"repeat","background-position":"center center","background-size":"auto","background-attachment":"scroll","background-type":"","background-media":"","overlay-type":"","overlay-color":"","overlay-opacity":"","overlay-gradient":""},"tablet":{"background-color":"","background-image":"","background-repeat":"repeat","background-position":"center center","background-size":"auto","background-attachment":"scroll","background-type":"","background-media":"","overlay-type":"","overlay-color":"","overlay-opacity":"","overlay-gradient":""},"mobile":{"background-color":"","background-image":"","background-repeat":"repeat","background-position":"center center","background-size":"auto","background-attachment":"scroll","background-type":"","background-media":"","overlay-type":"","overlay-color":"","overlay-opacity":"","overlay-gradient":""}},"ast-content-background-meta":{"desktop":{"background-color":"var(--ast-global-color-4)","background-image":"","background-repeat":"repeat","background-position":"center center","background-size":"auto","background-attachment":"scroll","background-type":"","background-media":"","overlay-type":"","overlay-color":"","overlay-opacity":"","overlay-gradient":""},"tablet":{"background-color":"var(--ast-global-color-4)","background-image":"","background-repeat":"repeat","background-position":"center center","background-size":"auto","background-attachment":"scroll","background-type":"","background-media":"","overlay-type":"","overlay-color":"","overlay-opacity":"","overlay-gradient":""},"mobile":{"background-color":"var(--ast-global-color-4)","background-image":"","background-repeat":"repeat","background-position":"center center","background-size":"auto","background-attachment":"scroll","background-type":"","background-media":"","overlay-type":"","overlay-color":"","overlay-opacity":"","overlay-gradient":""}}},"product_brand":[329],"product_cat":[100,107],"product_tag":[218],"class_list":{"0":"post-4927","1":"product","2":"type-product","3":"status-publish","4":"has-post-thumbnail","6":"product_brand-fibersite","7":"product_cat-fibersite","8":"product_cat-otdr","9":"product_tag-fibersite","10":"desktop-align-left","11":"tablet-align-left","12":"mobile-align-left","14":"first","15":"instock","16":"shipping-taxable","17":"product-type-simple"},"yoast_head":"<!-- This site is optimized with the Yoast SEO plugin v25.3 - https:\/\/yoast.com\/wordpress\/plugins\/seo\/ -->\n<title>Tester FS6000 OTDR - Tecplan<\/title>\n<meta name=\"robots\" content=\"index, follow, max-snippet:-1, max-image-preview:large, max-video-preview:-1\" \/>\n<link rel=\"canonical\" href=\"https:\/\/tecplan.com.es\/en\/product\/tester-fs6000-otdr\/\" \/>\n<meta property=\"og:locale\" content=\"en_US\" \/>\n<meta property=\"og:type\" content=\"article\" \/>\n<meta property=\"og:title\" content=\"Tester FS6000 OTDR - Tecplan\" \/>\n<meta property=\"og:description\" content=\"El OTDR de la serie FS6000 viene con una fuente l\u00e1ser incorporada opcional a trav\u00e9s del puerto OTDR1 que permite a los t\u00e9cnicos verificar f\u00e1cilmente la p\u00e9rdida total de la red local con un medidor de potencia. El OTDR de la serie FS6000 utiliza una longitud de onda de 1625\/1650nm para escanear y analizar el punto de acceso, y realiza pruebas en l\u00ednea con un filtro \u00f3ptico y no perturba el servicio.\" \/>\n<meta property=\"og:url\" content=\"https:\/\/tecplan.com.es\/en\/product\/tester-fs6000-otdr\/\" \/>\n<meta property=\"og:site_name\" content=\"Tecplan\" \/>\n<meta property=\"og:image\" content=\"https:\/\/tecplan.com.es\/wp-content\/uploads\/2026\/01\/OTDR-FS6000_Mesa-de-trabajo-1.jpg\" \/>\n\t<meta property=\"og:image:width\" content=\"1250\" \/>\n\t<meta property=\"og:image:height\" content=\"1250\" \/>\n\t<meta property=\"og:image:type\" content=\"image\/jpeg\" \/>\n<meta name=\"twitter:card\" content=\"summary_large_image\" \/>\n<meta name=\"twitter:label1\" content=\"Est. reading time\" \/>\n\t<meta name=\"twitter:data1\" content=\"2 minutes\" \/>\n<script type=\"application\/ld+json\" class=\"yoast-schema-graph\">{\"@context\":\"https:\/\/schema.org\",\"@graph\":[{\"@type\":\"WebPage\",\"@id\":\"https:\/\/tecplan.com.es\/product\/tester-fs6000-otdr\/\",\"url\":\"https:\/\/tecplan.com.es\/product\/tester-fs6000-otdr\/\",\"name\":\"Tester FS6000 OTDR - Tecplan\",\"isPartOf\":{\"@id\":\"https:\/\/tecplan.com.es\/#website\"},\"primaryImageOfPage\":{\"@id\":\"https:\/\/tecplan.com.es\/product\/tester-fs6000-otdr\/#primaryimage\"},\"image\":{\"@id\":\"https:\/\/tecplan.com.es\/product\/tester-fs6000-otdr\/#primaryimage\"},\"thumbnailUrl\":\"https:\/\/tecplan.com.es\/wp-content\/uploads\/2026\/01\/OTDR-FS6000_Mesa-de-trabajo-1.jpg\",\"datePublished\":\"2026-01-09T21:55:10+00:00\",\"breadcrumb\":{\"@id\":\"https:\/\/tecplan.com.es\/product\/tester-fs6000-otdr\/#breadcrumb\"},\"inLanguage\":\"en-US\",\"potentialAction\":[{\"@type\":\"ReadAction\",\"target\":[\"https:\/\/tecplan.com.es\/product\/tester-fs6000-otdr\/\"]}]},{\"@type\":\"ImageObject\",\"inLanguage\":\"en-US\",\"@id\":\"https:\/\/tecplan.com.es\/product\/tester-fs6000-otdr\/#primaryimage\",\"url\":\"https:\/\/tecplan.com.es\/wp-content\/uploads\/2026\/01\/OTDR-FS6000_Mesa-de-trabajo-1.jpg\",\"contentUrl\":\"https:\/\/tecplan.com.es\/wp-content\/uploads\/2026\/01\/OTDR-FS6000_Mesa-de-trabajo-1.jpg\",\"width\":1250,\"height\":1250},{\"@type\":\"BreadcrumbList\",\"@id\":\"https:\/\/tecplan.com.es\/product\/tester-fs6000-otdr\/#breadcrumb\",\"itemListElement\":[{\"@type\":\"ListItem\",\"position\":1,\"name\":\"Home\",\"item\":\"https:\/\/tecplan.com.es\/\"},{\"@type\":\"ListItem\",\"position\":2,\"name\":\"Shop\",\"item\":\"https:\/\/tecplan.com.es\/shop\/\"},{\"@type\":\"ListItem\",\"position\":3,\"name\":\"Tester FS6000 OTDR\"}]},{\"@type\":\"WebSite\",\"@id\":\"https:\/\/tecplan.com.es\/#website\",\"url\":\"https:\/\/tecplan.com.es\/\",\"name\":\"Tecplan\",\"description\":\"\",\"potentialAction\":[{\"@type\":\"SearchAction\",\"target\":{\"@type\":\"EntryPoint\",\"urlTemplate\":\"https:\/\/tecplan.com.es\/?s={search_term_string}\"},\"query-input\":{\"@type\":\"PropertyValueSpecification\",\"valueRequired\":true,\"valueName\":\"search_term_string\"}}],\"inLanguage\":\"en-US\"}]}<\/script>\n<!-- \/ Yoast SEO plugin. -->","yoast_head_json":{"title":"Tester FS6000 OTDR - Tecplan","robots":{"index":"index","follow":"follow","max-snippet":"max-snippet:-1","max-image-preview":"max-image-preview:large","max-video-preview":"max-video-preview:-1"},"canonical":"https:\/\/tecplan.com.es\/en\/product\/tester-fs6000-otdr\/","og_locale":"en_US","og_type":"article","og_title":"Tester FS6000 OTDR - Tecplan","og_description":"El OTDR de la serie FS6000 viene con una fuente l\u00e1ser incorporada opcional a trav\u00e9s del puerto OTDR1 que permite a los t\u00e9cnicos verificar f\u00e1cilmente la p\u00e9rdida total de la red local con un medidor de potencia. El OTDR de la serie FS6000 utiliza una longitud de onda de 1625\/1650nm para escanear y analizar el punto de acceso, y realiza pruebas en l\u00ednea con un filtro \u00f3ptico y no perturba el servicio.","og_url":"https:\/\/tecplan.com.es\/en\/product\/tester-fs6000-otdr\/","og_site_name":"Tecplan","og_image":[{"width":1250,"height":1250,"url":"https:\/\/tecplan.com.es\/wp-content\/uploads\/2026\/01\/OTDR-FS6000_Mesa-de-trabajo-1.jpg","type":"image\/jpeg"}],"twitter_card":"summary_large_image","twitter_misc":{"Est. reading time":"2 minutes"},"schema":{"@context":"https:\/\/schema.org","@graph":[{"@type":"WebPage","@id":"https:\/\/tecplan.com.es\/product\/tester-fs6000-otdr\/","url":"https:\/\/tecplan.com.es\/product\/tester-fs6000-otdr\/","name":"Tester FS6000 OTDR - Tecplan","isPartOf":{"@id":"https:\/\/tecplan.com.es\/#website"},"primaryImageOfPage":{"@id":"https:\/\/tecplan.com.es\/product\/tester-fs6000-otdr\/#primaryimage"},"image":{"@id":"https:\/\/tecplan.com.es\/product\/tester-fs6000-otdr\/#primaryimage"},"thumbnailUrl":"https:\/\/tecplan.com.es\/wp-content\/uploads\/2026\/01\/OTDR-FS6000_Mesa-de-trabajo-1.jpg","datePublished":"2026-01-09T21:55:10+00:00","breadcrumb":{"@id":"https:\/\/tecplan.com.es\/product\/tester-fs6000-otdr\/#breadcrumb"},"inLanguage":"en-US","potentialAction":[{"@type":"ReadAction","target":["https:\/\/tecplan.com.es\/product\/tester-fs6000-otdr\/"]}]},{"@type":"ImageObject","inLanguage":"en-US","@id":"https:\/\/tecplan.com.es\/product\/tester-fs6000-otdr\/#primaryimage","url":"https:\/\/tecplan.com.es\/wp-content\/uploads\/2026\/01\/OTDR-FS6000_Mesa-de-trabajo-1.jpg","contentUrl":"https:\/\/tecplan.com.es\/wp-content\/uploads\/2026\/01\/OTDR-FS6000_Mesa-de-trabajo-1.jpg","width":1250,"height":1250},{"@type":"BreadcrumbList","@id":"https:\/\/tecplan.com.es\/product\/tester-fs6000-otdr\/#breadcrumb","itemListElement":[{"@type":"ListItem","position":1,"name":"Home","item":"https:\/\/tecplan.com.es\/"},{"@type":"ListItem","position":2,"name":"Shop","item":"https:\/\/tecplan.com.es\/shop\/"},{"@type":"ListItem","position":3,"name":"Tester FS6000 OTDR"}]},{"@type":"WebSite","@id":"https:\/\/tecplan.com.es\/#website","url":"https:\/\/tecplan.com.es\/","name":"Tecplan","description":"","potentialAction":[{"@type":"SearchAction","target":{"@type":"EntryPoint","urlTemplate":"https:\/\/tecplan.com.es\/?s={search_term_string}"},"query-input":{"@type":"PropertyValueSpecification","valueRequired":true,"valueName":"search_term_string"}}],"inLanguage":"en-US"}]}},"_links":{"self":[{"href":"https:\/\/tecplan.com.es\/en\/wp-json\/wp\/v2\/product\/4927","targetHints":{"allow":["GET"]}}],"collection":[{"href":"https:\/\/tecplan.com.es\/en\/wp-json\/wp\/v2\/product"}],"about":[{"href":"https:\/\/tecplan.com.es\/en\/wp-json\/wp\/v2\/types\/product"}],"replies":[{"embeddable":true,"href":"https:\/\/tecplan.com.es\/en\/wp-json\/wp\/v2\/comments?post=4927"}],"version-history":[{"count":2,"href":"https:\/\/tecplan.com.es\/en\/wp-json\/wp\/v2\/product\/4927\/revisions"}],"predecessor-version":[{"id":4932,"href":"https:\/\/tecplan.com.es\/en\/wp-json\/wp\/v2\/product\/4927\/revisions\/4932"}],"wp:featuredmedia":[{"embeddable":true,"href":"https:\/\/tecplan.com.es\/en\/wp-json\/wp\/v2\/media\/4928"}],"wp:attachment":[{"href":"https:\/\/tecplan.com.es\/en\/wp-json\/wp\/v2\/media?parent=4927"}],"wp:term":[{"taxonomy":"product_brand","embeddable":true,"href":"https:\/\/tecplan.com.es\/en\/wp-json\/wp\/v2\/product_brand?post=4927"},{"taxonomy":"product_cat","embeddable":true,"href":"https:\/\/tecplan.com.es\/en\/wp-json\/wp\/v2\/product_cat?post=4927"},{"taxonomy":"product_tag","embeddable":true,"href":"https:\/\/tecplan.com.es\/en\/wp-json\/wp\/v2\/product_tag?post=4927"}],"curies":[{"name":"wp","href":"https:\/\/api.w.org\/{rel}","templated":true}]}}