{"id":4921,"date":"2026-01-09T21:09:26","date_gmt":"2026-01-09T21:09:26","guid":{"rendered":"https:\/\/tecplan.com.es\/?post_type=product&#038;p=4921"},"modified":"2026-01-09T21:09:26","modified_gmt":"2026-01-09T21:09:26","slug":"wf3306a-identificador-de-fibra","status":"publish","type":"product","link":"https:\/\/tecplan.com.es\/en\/product\/wf3306a-identificador-de-fibra\/","title":{"rendered":"WF3306A IDENTIFICADOR DE FIBRA"},"content":{"rendered":"<p style=\"text-align: justify;\">El identificador de fibra \u00f3ptica WF3306 puede identificar r\u00e1pidamente la direcci\u00f3n de la fibra transmitida y mostrar la potencia relativa del n\u00facleo sin da\u00f1ar la fibra doblada. Cuando hay tr\u00e1fico, se activa el tono audible intermitente.<\/p>\n<p style=\"text-align: justify;\">El identificador de fibra \u00f3ptica WF3306 tambi\u00e9n reconoce la modulaci\u00f3n, como 270 Hz, 1 kHz y 2 kHz. Cuando se utilizan para detectar la frecuencia, se activa el tono audible continuo.<\/p>\n<p style=\"text-align: justify;\">Hay cuatro cabezales adaptadores disponibles: \u00d80,25, \u00d80,9, \u00d82,0 y \u00d83,0. El identificador de fibra \u00f3ptica WF3306 funciona con una bater\u00eda alcalina de 9 V.<\/p>\n<h5 style=\"text-align: justify;\"><span style=\"text-decoration: underline;\"><strong>DOWNLOADS<\/strong><\/span><\/h5>\n<ul style=\"text-align: justify;\">\n<li>\u2192\u00a0 <a href=\"https:\/\/drive.google.com\/file\/d\/1-36AKDvWy86pWe3Qu-5GsC6ZaLBiU4ll\/view?usp=sharing\">Ficha t\u00e9cnica Espa\u00f1ol<\/a><\/li>\n<li><a href=\"https:\/\/drive.google.com\/file\/d\/189PQvhfD2J0OF5jhnQZY78w2cU3fKamJ\/view?usp=sharing\">\u2192\u00a0 Ficha t\u00e9cnica Ingles<\/a><\/li>\n<\/ul>","protected":false},"excerpt":{"rendered":"<p style=\"text-align: justify;\"><strong>Caracter\u00edsticas<\/strong><br \/>\nMuestra la potencia relativa del n\u00facleo. Adaptadores f\u00e1ciles de reemplazar. Carcasa de metal duradera y construcci\u00f3n de calidad Indicaci\u00f3n de menor potencia. Es f\u00e1cil de transportar y se puede evitar la p\u00e9rdida de adaptadores con una nueva caja de adaptadores. Identifica de manera eficiente la direcci\u00f3n de transmisi\u00f3n de fibra y el tono de frecuencia (270 Hz, 1 KHz, 2 KHz) con advertencia audible.<\/p>\n<p><img decoding=\"async\" class=\"wp-image-4735 aligncenter\" src=\"https:\/\/tecplan.com.es\/wp-content\/uploads\/2025\/12\/WhatsApp-Image-2024-06-21-at-7.59.05-AM.jpeg\" alt=\"\" width=\"190\" height=\"103\" \/><\/p>","protected":false},"featured_media":4922,"comment_status":"open","ping_status":"closed","template":"","meta":{"site-sidebar-layout":"default","site-content-layout":"","ast-site-content-layout":"default","site-content-style":"default","site-sidebar-style":"default","ast-global-header-display":"","ast-banner-title-visibility":"","ast-main-header-display":"","ast-hfb-above-header-display":"","ast-hfb-below-header-display":"","ast-hfb-mobile-header-display":"","site-post-title":"","ast-breadcrumbs-content":"","ast-featured-img":"","footer-sml-layout":"","ast-disable-related-posts":"","theme-transparent-header-meta":"default","adv-header-id-meta":"","stick-header-meta":"","header-above-stick-meta":"","header-main-stick-meta":"","header-below-stick-meta":"","astra-migrate-meta-layouts":"set","ast-page-background-enabled":"default","ast-page-background-meta":{"desktop":{"background-color":"var(--ast-global-color-5)","background-image":"","background-repeat":"repeat","background-position":"center center","background-size":"auto","background-attachment":"scroll","background-type":"","background-media":"","overlay-type":"","overlay-color":"","overlay-opacity":"","overlay-gradient":""},"tablet":{"background-color":"","background-image":"","background-repeat":"repeat","background-position":"center center","background-size":"auto","background-attachment":"scroll","background-type":"","background-media":"","overlay-type":"","overlay-color":"","overlay-opacity":"","overlay-gradient":""},"mobile":{"background-color":"","background-image":"","background-repeat":"repeat","background-position":"center center","background-size":"auto","background-attachment":"scroll","background-type":"","background-media":"","overlay-type":"","overlay-color":"","overlay-opacity":"","overlay-gradient":""}},"ast-content-background-meta":{"desktop":{"background-color":"var(--ast-global-color-4)","background-image":"","background-repeat":"repeat","background-position":"center center","background-size":"auto","background-attachment":"scroll","background-type":"","background-media":"","overlay-type":"","overlay-color":"","overlay-opacity":"","overlay-gradient":""},"tablet":{"background-color":"var(--ast-global-color-4)","background-image":"","background-repeat":"repeat","background-position":"center center","background-size":"auto","background-attachment":"scroll","background-type":"","background-media":"","overlay-type":"","overlay-color":"","overlay-opacity":"","overlay-gradient":""},"mobile":{"background-color":"var(--ast-global-color-4)","background-image":"","background-repeat":"repeat","background-position":"center center","background-size":"auto","background-attachment":"scroll","background-type":"","background-media":"","overlay-type":"","overlay-color":"","overlay-opacity":"","overlay-gradient":""}}},"product_brand":[329],"product_cat":[100,330],"product_tag":[218],"class_list":{"0":"post-4921","1":"product","2":"type-product","3":"status-publish","4":"has-post-thumbnail","6":"product_brand-fibersite","7":"product_cat-fibersite","8":"product_cat-otros-fibersite","9":"product_tag-fibersite","10":"desktop-align-left","11":"tablet-align-left","12":"mobile-align-left","14":"first","15":"instock","16":"shipping-taxable","17":"product-type-simple"},"yoast_head":"<!-- This site is optimized with the Yoast SEO plugin v25.3 - https:\/\/yoast.com\/wordpress\/plugins\/seo\/ -->\n<title>WF3306A IDENTIFICADOR DE FIBRA - Tecplan<\/title>\n<meta name=\"robots\" content=\"index, follow, max-snippet:-1, max-image-preview:large, max-video-preview:-1\" \/>\n<link rel=\"canonical\" href=\"https:\/\/tecplan.com.es\/en\/product\/wf3306a-identificador-de-fibra\/\" \/>\n<meta property=\"og:locale\" content=\"en_US\" \/>\n<meta property=\"og:type\" content=\"article\" \/>\n<meta property=\"og:title\" content=\"WF3306A IDENTIFICADOR DE FIBRA - Tecplan\" \/>\n<meta property=\"og:description\" content=\"Caracter\u00edsticas Muestra la potencia relativa del n\u00facleo. Adaptadores f\u00e1ciles de reemplazar. Carcasa de metal duradera y construcci\u00f3n de calidad Indicaci\u00f3n de menor potencia. Es f\u00e1cil de transportar y se puede evitar la p\u00e9rdida de adaptadores con una nueva caja de adaptadores. Identifica de manera eficiente la direcci\u00f3n de transmisi\u00f3n de fibra y el tono de frecuencia (270 Hz, 1 KHz, 2 KHz) con advertencia audible.\" \/>\n<meta property=\"og:url\" content=\"https:\/\/tecplan.com.es\/en\/product\/wf3306a-identificador-de-fibra\/\" \/>\n<meta property=\"og:site_name\" content=\"Tecplan\" \/>\n<meta property=\"og:image\" content=\"https:\/\/tecplan.com.es\/wp-content\/uploads\/2026\/01\/WF3306A-Identificador_1.jpg\" \/>\n\t<meta property=\"og:image:width\" content=\"1250\" \/>\n\t<meta property=\"og:image:height\" content=\"1250\" \/>\n\t<meta property=\"og:image:type\" content=\"image\/jpeg\" \/>\n<meta name=\"twitter:card\" content=\"summary_large_image\" \/>\n<meta name=\"twitter:label1\" content=\"Est. reading time\" \/>\n\t<meta name=\"twitter:data1\" content=\"1 minute\" \/>\n<script type=\"application\/ld+json\" class=\"yoast-schema-graph\">{\"@context\":\"https:\/\/schema.org\",\"@graph\":[{\"@type\":\"WebPage\",\"@id\":\"https:\/\/tecplan.com.es\/product\/wf3306a-identificador-de-fibra\/\",\"url\":\"https:\/\/tecplan.com.es\/product\/wf3306a-identificador-de-fibra\/\",\"name\":\"WF3306A IDENTIFICADOR DE FIBRA - Tecplan\",\"isPartOf\":{\"@id\":\"https:\/\/tecplan.com.es\/#website\"},\"primaryImageOfPage\":{\"@id\":\"https:\/\/tecplan.com.es\/product\/wf3306a-identificador-de-fibra\/#primaryimage\"},\"image\":{\"@id\":\"https:\/\/tecplan.com.es\/product\/wf3306a-identificador-de-fibra\/#primaryimage\"},\"thumbnailUrl\":\"https:\/\/tecplan.com.es\/wp-content\/uploads\/2026\/01\/WF3306A-Identificador_1.jpg\",\"datePublished\":\"2026-01-09T21:09:26+00:00\",\"breadcrumb\":{\"@id\":\"https:\/\/tecplan.com.es\/product\/wf3306a-identificador-de-fibra\/#breadcrumb\"},\"inLanguage\":\"en-US\",\"potentialAction\":[{\"@type\":\"ReadAction\",\"target\":[\"https:\/\/tecplan.com.es\/product\/wf3306a-identificador-de-fibra\/\"]}]},{\"@type\":\"ImageObject\",\"inLanguage\":\"en-US\",\"@id\":\"https:\/\/tecplan.com.es\/product\/wf3306a-identificador-de-fibra\/#primaryimage\",\"url\":\"https:\/\/tecplan.com.es\/wp-content\/uploads\/2026\/01\/WF3306A-Identificador_1.jpg\",\"contentUrl\":\"https:\/\/tecplan.com.es\/wp-content\/uploads\/2026\/01\/WF3306A-Identificador_1.jpg\",\"width\":1250,\"height\":1250},{\"@type\":\"BreadcrumbList\",\"@id\":\"https:\/\/tecplan.com.es\/product\/wf3306a-identificador-de-fibra\/#breadcrumb\",\"itemListElement\":[{\"@type\":\"ListItem\",\"position\":1,\"name\":\"Home\",\"item\":\"https:\/\/tecplan.com.es\/\"},{\"@type\":\"ListItem\",\"position\":2,\"name\":\"Shop\",\"item\":\"https:\/\/tecplan.com.es\/shop\/\"},{\"@type\":\"ListItem\",\"position\":3,\"name\":\"WF3306A IDENTIFICADOR DE FIBRA\"}]},{\"@type\":\"WebSite\",\"@id\":\"https:\/\/tecplan.com.es\/#website\",\"url\":\"https:\/\/tecplan.com.es\/\",\"name\":\"Tecplan\",\"description\":\"\",\"potentialAction\":[{\"@type\":\"SearchAction\",\"target\":{\"@type\":\"EntryPoint\",\"urlTemplate\":\"https:\/\/tecplan.com.es\/?s={search_term_string}\"},\"query-input\":{\"@type\":\"PropertyValueSpecification\",\"valueRequired\":true,\"valueName\":\"search_term_string\"}}],\"inLanguage\":\"en-US\"}]}<\/script>\n<!-- \/ Yoast SEO plugin. -->","yoast_head_json":{"title":"WF3306A IDENTIFICADOR DE FIBRA - Tecplan","robots":{"index":"index","follow":"follow","max-snippet":"max-snippet:-1","max-image-preview":"max-image-preview:large","max-video-preview":"max-video-preview:-1"},"canonical":"https:\/\/tecplan.com.es\/en\/product\/wf3306a-identificador-de-fibra\/","og_locale":"en_US","og_type":"article","og_title":"WF3306A IDENTIFICADOR DE FIBRA - Tecplan","og_description":"Caracter\u00edsticas Muestra la potencia relativa del n\u00facleo. Adaptadores f\u00e1ciles de reemplazar. Carcasa de metal duradera y construcci\u00f3n de calidad Indicaci\u00f3n de menor potencia. Es f\u00e1cil de transportar y se puede evitar la p\u00e9rdida de adaptadores con una nueva caja de adaptadores. Identifica de manera eficiente la direcci\u00f3n de transmisi\u00f3n de fibra y el tono de frecuencia (270 Hz, 1 KHz, 2 KHz) con advertencia audible.","og_url":"https:\/\/tecplan.com.es\/en\/product\/wf3306a-identificador-de-fibra\/","og_site_name":"Tecplan","og_image":[{"width":1250,"height":1250,"url":"https:\/\/tecplan.com.es\/wp-content\/uploads\/2026\/01\/WF3306A-Identificador_1.jpg","type":"image\/jpeg"}],"twitter_card":"summary_large_image","twitter_misc":{"Est. reading time":"1 minute"},"schema":{"@context":"https:\/\/schema.org","@graph":[{"@type":"WebPage","@id":"https:\/\/tecplan.com.es\/product\/wf3306a-identificador-de-fibra\/","url":"https:\/\/tecplan.com.es\/product\/wf3306a-identificador-de-fibra\/","name":"WF3306A IDENTIFICADOR DE FIBRA - Tecplan","isPartOf":{"@id":"https:\/\/tecplan.com.es\/#website"},"primaryImageOfPage":{"@id":"https:\/\/tecplan.com.es\/product\/wf3306a-identificador-de-fibra\/#primaryimage"},"image":{"@id":"https:\/\/tecplan.com.es\/product\/wf3306a-identificador-de-fibra\/#primaryimage"},"thumbnailUrl":"https:\/\/tecplan.com.es\/wp-content\/uploads\/2026\/01\/WF3306A-Identificador_1.jpg","datePublished":"2026-01-09T21:09:26+00:00","breadcrumb":{"@id":"https:\/\/tecplan.com.es\/product\/wf3306a-identificador-de-fibra\/#breadcrumb"},"inLanguage":"en-US","potentialAction":[{"@type":"ReadAction","target":["https:\/\/tecplan.com.es\/product\/wf3306a-identificador-de-fibra\/"]}]},{"@type":"ImageObject","inLanguage":"en-US","@id":"https:\/\/tecplan.com.es\/product\/wf3306a-identificador-de-fibra\/#primaryimage","url":"https:\/\/tecplan.com.es\/wp-content\/uploads\/2026\/01\/WF3306A-Identificador_1.jpg","contentUrl":"https:\/\/tecplan.com.es\/wp-content\/uploads\/2026\/01\/WF3306A-Identificador_1.jpg","width":1250,"height":1250},{"@type":"BreadcrumbList","@id":"https:\/\/tecplan.com.es\/product\/wf3306a-identificador-de-fibra\/#breadcrumb","itemListElement":[{"@type":"ListItem","position":1,"name":"Home","item":"https:\/\/tecplan.com.es\/"},{"@type":"ListItem","position":2,"name":"Shop","item":"https:\/\/tecplan.com.es\/shop\/"},{"@type":"ListItem","position":3,"name":"WF3306A IDENTIFICADOR DE FIBRA"}]},{"@type":"WebSite","@id":"https:\/\/tecplan.com.es\/#website","url":"https:\/\/tecplan.com.es\/","name":"Tecplan","description":"","potentialAction":[{"@type":"SearchAction","target":{"@type":"EntryPoint","urlTemplate":"https:\/\/tecplan.com.es\/?s={search_term_string}"},"query-input":{"@type":"PropertyValueSpecification","valueRequired":true,"valueName":"search_term_string"}}],"inLanguage":"en-US"}]}},"_links":{"self":[{"href":"https:\/\/tecplan.com.es\/en\/wp-json\/wp\/v2\/product\/4921","targetHints":{"allow":["GET"]}}],"collection":[{"href":"https:\/\/tecplan.com.es\/en\/wp-json\/wp\/v2\/product"}],"about":[{"href":"https:\/\/tecplan.com.es\/en\/wp-json\/wp\/v2\/types\/product"}],"replies":[{"embeddable":true,"href":"https:\/\/tecplan.com.es\/en\/wp-json\/wp\/v2\/comments?post=4921"}],"version-history":[{"count":1,"href":"https:\/\/tecplan.com.es\/en\/wp-json\/wp\/v2\/product\/4921\/revisions"}],"predecessor-version":[{"id":4925,"href":"https:\/\/tecplan.com.es\/en\/wp-json\/wp\/v2\/product\/4921\/revisions\/4925"}],"wp:featuredmedia":[{"embeddable":true,"href":"https:\/\/tecplan.com.es\/en\/wp-json\/wp\/v2\/media\/4922"}],"wp:attachment":[{"href":"https:\/\/tecplan.com.es\/en\/wp-json\/wp\/v2\/media?parent=4921"}],"wp:term":[{"taxonomy":"product_brand","embeddable":true,"href":"https:\/\/tecplan.com.es\/en\/wp-json\/wp\/v2\/product_brand?post=4921"},{"taxonomy":"product_cat","embeddable":true,"href":"https:\/\/tecplan.com.es\/en\/wp-json\/wp\/v2\/product_cat?post=4921"},{"taxonomy":"product_tag","embeddable":true,"href":"https:\/\/tecplan.com.es\/en\/wp-json\/wp\/v2\/product_tag?post=4921"}],"curies":[{"name":"wp","href":"https:\/\/api.w.org\/{rel}","templated":true}]}}